{"id":4622,"date":"2024-05-03T06:32:21","date_gmt":"2024-05-03T06:32:21","guid":{"rendered":"https:\/\/elfsight.com\/pl\/?page_id=4622"},"modified":"2025-06-25T15:49:28","modified_gmt":"2025-06-25T15:49:28","slug":"wordpress","status":"publish","type":"page","link":"https:\/\/elfsight.com\/pl\/click-to-call-widget\/wordpress\/","title":{"rendered":"Click to Call &#8211; WordPress"},"content":{"rendered":"<div class=\"application-platform-content-item-description application-platform-content-item\" id=\"description\" data-nav-section=\"description\"> <h2>Osad\u017a opcj\u0119 Kliknij, aby po\u0142\u0105czy\u0107 w WordPress za pomoc\u0105 wid\u017cetu Elfsight<\/h2> <p>Wtyczka Kliknij, aby po\u0142\u0105czy\u0107 dla WordPress to skuteczne narz\u0119dzie umo\u017cliwiaj\u0105ce odbiorc\u00f3w Twojej witryny, aby mogli szybciej do Ciebie dzwoni\u0107. U\u017cytkownicy mog\u0105 zadzwoni\u0107 do Ciebie, klikaj\u0105c ikon\u0119 telefonu na telefonie kom\u00f3rkowym, a na komputerze stacjonarnym Tw\u00f3j numer jest pogrubiony, co u\u0142atwia wybieranie. Sama ba\u0144ka i okno po\u0142\u0105czenia s\u0105 wysoce konfigurowalne i pozwalaj\u0105 stworzy\u0107 naprawd\u0119 ekskluzywny styl wid\u017cetu. Mo\u017cesz dowolnie dostosowywa\u0107 wszystkie komponenty narz\u0119dzia, aby idealnie pasowa\u0142o do og\u00f3lnego projektu witryny.<\/p> <div class=\"faq\" data-component=\"FAQ\"><div class=\"faq-item\">\r\n\t\t\t\t\t<div class=\"faq-item-question\">\r\n\t\t\t\t\t\t<h3 class=\"faq-item-question-text\">W jaki spos\u00f3b mog\u0119 osadzi\u0107 plik Kliknij, aby po\u0142\u0105czy\u0107 si\u0119 z moj\u0105 witryn\u0105 WordPress?<\/h3>\r\n\r\n\t\t\t\t\t\t<div class=\"faq-item-question-icon\"><\/div>\r\n\t\t\t\t\t<\/div>\r\n\r\n\t\t\t\t\t<div class=\"faq-item-answer\">\r\n\t\t\t\t\t\t<div class=\"faq-item-answer-text\"><p>Tworzenie narz\u0119dzia odbywa si\u0119 na stronach Elfsight i nie ma potrzeby nauki kodowania. Skorzystaj z naszej wersji demonstracyjnej online, aby dostosowa\u0107 swoj\u0105 aplikacj\u0119, uzyskaj kod i dodaj go do swojej witryny. <\/p><\/div>\r\n\t\t\t\t\t<\/div>\r\n\t\t\t\t<\/div><div class=\"faq-item\">\r\n\t\t\t\t\t<div class=\"faq-item-question\">\r\n\t\t\t\t\t\t<h3 class=\"faq-item-question-text\">Najlepsze sposoby wykorzystania integracji przycisku Zadzwo\u0144 teraz<\/h3>\r\n\r\n\t\t\t\t\t\t<div class=\"faq-item-question-icon\"><\/div>\r\n\t\t\t\t\t<\/div>\r\n\r\n\t\t\t\t\t<div class=\"faq-item-answer\">\r\n\t\t\t\t\t\t<div class=\"faq-item-answer-text\"><p>Zapewnimy Ci szeroki zakres mo\u017cliwo\u015bci dostosowywania: pe\u0142nowymiarowe wid\u017cety dla implementacja w obszarze tre\u015bci, p\u0142ywaj\u0105ce wtyczki z funkcj\u0105 przewijania, uk\u0142ady stopki, nag\u0142\u00f3wka i wszelkiego rodzaju pionowe mo\u017cliwo\u015bci pask\u00f3w bocznych i menu. <\/p><\/div>\r\n\t\t\t\t\t<\/div>\r\n\t\t\t\t<\/div><div class=\"faq-item\">\r\n\t\t\t\t\t<div class=\"faq-item-question\">\r\n\t\t\t\t\t\t<h3 class=\"faq-item-question-text\">Czy mog\u0119 utworzy\u0107 przycisk Zadzwo\u0144 do nas lub Konsultacja za po\u015brednictwem Twojego redaktora?<\/h3>\r\n\r\n\t\t\t\t\t\t<div class=\"faq-item-question-icon\"><\/div>\r\n\t\t\t\t\t<\/div>\r\n\r\n\t\t\t\t\t<div class=\"faq-item-answer\">\r\n\t\t\t\t\t\t<div class=\"faq-item-answer-text\"><p>Mo\u017cesz tworzy\u0107 dowolne odmiany wid\u017cetu. W edytorze dost\u0119pnych jest wiele uk\u0142ad\u00f3w, a ka\u017cdy z nich mo\u017cna \u0142atwo dostosowa\u0107 do w\u0142asnych potrzeb. <\/p><\/div>\r\n\t\t\t\t\t<\/div>\r\n\t\t\t\t<\/div><\/div><\/div> <div class=\"application-platform-content-item-features application-platform-content-item\" id=\"features\" data-nav-section=\"features\"> <h2>G\u0142\u00f3wne funkcje wid\u017cetu \u201eKliknij, aby po\u0142\u0105czy\u0107\u201d<\/h2> <p>Aby lepiej zrozumie\u0107 przycisk po\u0142\u0105czenia wtyczki, odkryj list\u0119 jej g\u0142\u00f3wnych cech. Dzi\u0119ki nim nasz widget jest maksymalnie efektywny dla Twojej witryny: <\/p> <ul><li>Natychmiastowe rozmowy telefoniczne z telefon\u00f3w kom\u00f3rkowych; <\/li> <li>Wybierz jeden z 3 wariant\u00f3w umieszczenia wid\u017cetu: p\u0142ywaj\u0105cy w lewo, p\u0142ywaj\u0105cy w prawo lub niestandardowy; <\/li> <li>Mo\u017cliwo\u015b\u0107 wy\u015bwietlania wid\u017cetu na poszczeg\u00f3lnych stronach lub wykluczania stron internetowych; <\/li> <li>3 warianty u\u017cytkownik\u00f3w, dla kt\u00f3rych widget b\u0119dzie si\u0119 pojawia\u0142: wszyscy, nowi i tylko powracaj\u0105cy; <\/li> <li> Cztery wbudowane wyzwalacze aktywuj\u0105ce widget: czas sp\u0119dzony na stronie, czas sp\u0119dzony na stronie, procent przewijania i zamiar wyj\u015bcia. <\/li> <\/ul><p><a href=\"#demo\">Odkryj wi\u0119cej funkcji w wersji demonstracyjnej<\/a><\/p> <\/div><div class=\"application-platform-content-item-installation application-platform-content-item\" id=\"installation\" data-nav-section=\"installation\"> <h2>Jak to zrobi\u0107 dodaj wtyczk\u0119 Click To Call Now do swojej witryny WordPress<\/h2> <p>Wystarczy wykona\u0107 poni\u017csze kroki opisane poni\u017cej, aby zintegrowa\u0107 narz\u0119dzie z WordPress.<\/p> <ol><li><b>Otw\u00f3rz nasz bezp\u0142atny konfigurator i zacznij tworzy\u0107 w\u0142asn\u0105 wtyczk\u0119. <\/b><br> Okre\u015bl wybrany uk\u0142ad i aspekty narz\u0119dzia oraz zapisz poprawki. <\/li> <li><b>Wy\u015bwietl sw\u00f3j indywidualny kod w specjalnym formularzu w aplikacjach Elfsight. <\/b><br> Po zako\u0144czeniu dostosowywania osobistego wid\u017cetu \u201eKliknij, aby po\u0142\u0105czy\u0107\u201d skopiuj kod osobisty z wy\u015bwietlonego wyskakuj\u0105cego okienka i zapisz go do p\u00f3\u017aniejszego wykorzystania. <\/li> <li><b>Rozpocznij korzystanie z wid\u017cetu w witrynie WordPress. <\/b><br> Umie\u015b\u0107 zapisany wcze\u015bniej kod na swojej stronie internetowej i zapisz zmiany. <\/li> <li><b>Gotowe! Osadzanie zosta\u0142o pomy\u015blnie zako\u0144czone. <\/b><br> Przejd\u017a do swojej witryny i sprawd\u017a dzia\u0142anie widgetu. <\/li><\/ol> <p>Nadal masz w\u0105tpliwo\u015bci? Lub masz problemy? Po prostu napisz pro\u015bb\u0119 do naszego dzia\u0142u obs\u0142ugi klienta. Pomog\u0105 w ka\u017cdym problemie. <\/p> <\/div>","protected":false},"excerpt":{"rendered":"","protected":false},"author":9,"featured_media":0,"parent":2764,"menu_order":0,"comment_status":"closed","ping_status":"closed","template":"templates\/template-application-platform.php","meta":{"publish_to_discourse":"","publish_post_category":"","wpdc_auto_publish_overridden":"","wpdc_topic_tags":"","wpdc_pin_topic":"","wpdc_pin_until":"","discourse_post_id":"","discourse_permalink":"","wpdc_publishing_response":"","wpdc_publishing_error":"","footnotes":""},"class_list":["post-4622","page","type-page","status-publish","hentry"],"yoast_head":"<!-- This site is optimized with the Yoast SEO plugin v25.3.1 - https:\/\/yoast.com\/wordpress\/plugins\/seo\/ -->\n<title>Dodaj wtyczk\u0119 przycisku \u201eKliknij, aby po\u0142\u0105czy\u0107\u201d do witryny WordPress (bezp\u0142atnie i szybko)<\/title>\n<meta name=\"description\" content=\"Dodaj aktywn\u0105 wtyczk\u0119 \u201eKliknij, aby po\u0142\u0105czy\u0107\u201d na swojej stronie WordPress. Zastosuj \u0142atwe w u\u017cyciu demo Elfsight i utw\u00f3rz ekskluzywn\u0105 wtyczk\u0119 w zaledwie 2 minuty.\" \/>\n<meta name=\"robots\" content=\"index, follow, max-snippet:-1, max-image-preview:large, max-video-preview:-1\" \/>\n<link rel=\"canonical\" href=\"https:\/\/elfsight.com\/pl\/click-to-call-widget\/wordpress\/\" \/>\n<meta property=\"og:locale\" content=\"pl_PL\" \/>\n<meta property=\"og:type\" content=\"article\" \/>\n<meta property=\"og:title\" content=\"Dodaj wtyczk\u0119 przycisku \u201eKliknij, aby po\u0142\u0105czy\u0107\u201d do witryny WordPress (bezp\u0142atnie i szybko)\" \/>\n<meta property=\"og:description\" content=\"Dodaj aktywn\u0105 wtyczk\u0119 \u201eKliknij, aby po\u0142\u0105czy\u0107\u201d na swojej stronie WordPress. Zastosuj \u0142atwe w u\u017cyciu demo Elfsight i utw\u00f3rz ekskluzywn\u0105 wtyczk\u0119 w zaledwie 2 minuty.\" \/>\n<meta property=\"og:url\" content=\"https:\/\/elfsight.com\/pl\/click-to-call-widget\/wordpress\/\" \/>\n<meta property=\"og:site_name\" content=\"Elfsight PL\" \/>\n<meta property=\"article:modified_time\" content=\"2025-06-25T15:49:28+00:00\" \/>\n<meta name=\"twitter:card\" content=\"summary_large_image\" \/>\n<meta name=\"twitter:label1\" content=\"Szacowany czas czytania\" \/>\n\t<meta name=\"twitter:data1\" content=\"3 minuty\" \/>\n<!-- \/ Yoast SEO plugin. -->","yoast_head_json":{"title":"Dodaj wtyczk\u0119 przycisku \u201eKliknij, aby po\u0142\u0105czy\u0107\u201d do witryny WordPress (bezp\u0142atnie i szybko)","description":"Dodaj aktywn\u0105 wtyczk\u0119 \u201eKliknij, aby po\u0142\u0105czy\u0107\u201d na swojej stronie WordPress. Zastosuj \u0142atwe w u\u017cyciu demo Elfsight i utw\u00f3rz ekskluzywn\u0105 wtyczk\u0119 w zaledwie 2 minuty.","robots":{"index":"index","follow":"follow","max-snippet":"max-snippet:-1","max-image-preview":"max-image-preview:large","max-video-preview":"max-video-preview:-1"},"canonical":"https:\/\/elfsight.com\/pl\/click-to-call-widget\/wordpress\/","og_locale":"pl_PL","og_type":"article","og_title":"Dodaj wtyczk\u0119 przycisku \u201eKliknij, aby po\u0142\u0105czy\u0107\u201d do witryny WordPress (bezp\u0142atnie i szybko)","og_description":"Dodaj aktywn\u0105 wtyczk\u0119 \u201eKliknij, aby po\u0142\u0105czy\u0107\u201d na swojej stronie WordPress. Zastosuj \u0142atwe w u\u017cyciu demo Elfsight i utw\u00f3rz ekskluzywn\u0105 wtyczk\u0119 w zaledwie 2 minuty.","og_url":"https:\/\/elfsight.com\/pl\/click-to-call-widget\/wordpress\/","og_site_name":"Elfsight PL","article_modified_time":"2025-06-25T15:49:28+00:00","twitter_card":"summary_large_image","twitter_misc":{"Szacowany czas czytania":"3 minuty"},"schema":{"@context":"https:\/\/schema.org","@graph":[{"@type":"WebPage","@id":"https:\/\/elfsight.com\/pl\/click-to-call-widget\/wordpress\/","url":"https:\/\/elfsight.com\/pl\/click-to-call-widget\/wordpress\/","name":"Dodaj wtyczk\u0119 przycisku \u201eKliknij, aby po\u0142\u0105czy\u0107\u201d do witryny WordPress (bezp\u0142atnie i szybko)","isPartOf":{"@id":"https:\/\/elfsight.com\/pl\/#website"},"datePublished":"2024-05-03T06:32:21+00:00","dateModified":"2025-06-25T15:49:28+00:00","description":"Dodaj aktywn\u0105 wtyczk\u0119 \u201eKliknij, aby po\u0142\u0105czy\u0107\u201d na swojej stronie WordPress. Zastosuj \u0142atwe w u\u017cyciu demo Elfsight i utw\u00f3rz ekskluzywn\u0105 wtyczk\u0119 w zaledwie 2 minuty.","breadcrumb":{"@id":"https:\/\/elfsight.com\/pl\/click-to-call-widget\/wordpress\/#breadcrumb"},"inLanguage":"pl-PL","potentialAction":[{"@type":"ReadAction","target":["https:\/\/elfsight.com\/pl\/click-to-call-widget\/wordpress\/"]}]},{"@type":"BreadcrumbList","@id":"https:\/\/elfsight.com\/pl\/click-to-call-widget\/wordpress\/#breadcrumb","itemListElement":[{"@type":"ListItem","position":1,"name":"Home","item":"https:\/\/elfsight.com\/pl\/"},{"@type":"ListItem","position":2,"name":"Click to Call","item":"https:\/\/elfsight.com\/pl\/click-to-call-widget\/"},{"@type":"ListItem","position":3,"name":"Click to Call &#8211; WordPress"}]},{"@type":"WebSite","@id":"https:\/\/elfsight.com\/pl\/#website","url":"https:\/\/elfsight.com\/pl\/","name":"Elfsight PL","description":"Just another Elfsight Sites site","potentialAction":[{"@type":"SearchAction","target":{"@type":"EntryPoint","urlTemplate":"https:\/\/elfsight.com\/pl\/?s={search_term_string}"},"query-input":{"@type":"PropertyValueSpecification","valueRequired":true,"valueName":"search_term_string"}}],"inLanguage":"pl-PL"}]}},"meta_box":{"industry":"","seo_heading":"","heading":"","description":"","cta_heading":"","cta_description":"","application":"2763","h1":"Wtyczka WordPress \u201eKliknij, aby po\u0142\u0105czy\u0107\u201d.","h1_caption":"Pozw\u00f3l u\u017cytkownikom na natychmiastowy kontakt z Tob\u0105 za pomoc\u0105 prostego przycisku \u201ekliknij, aby po\u0142\u0105czy\u0107\u201d, dzi\u0119ki czemu \u0142atwiej b\u0119dzie Ci skontaktowa\u0107 si\u0119 bezpo\u015brednio z Twoj\u0105 witryn\u0105 WordPress.","application_category":[],"applications_title":"","applications_request_title":"","applications_request_button_text":"","hero_text":"","hero_video":"","hero_video_schema_markup":"","selling_points_title":"","selling_points_caption":"","selling_points":[],"selling_points_cta_text":"","features_title":"","features":"","ed_cta_examples_text":"","ed_cta_examples_hidden":"","ed_cta_demo_text":"","ed_cta_demo_hidden":"","why_caption":"","why_editor_title":"","why_editor_text":"","why_team_title":"","why_team_text":"","why_service_title":"","why_service_text":"","template_catalog_visible":"0","template_catalog_title":"","template_catalog_text":"","template_catalog_categories_visible":"","demo_title":"Utw\u00f3rz wtyczk\u0119 \u201eKliknij, aby po\u0142\u0105czy\u0107\u201d.","demo_caption":"Skonfiguruj us\u0142ug\u0119 Click to Call i dodaj j\u0105 do swojej witryny WordPress za darmo!","default_faq_hidden":"","app_template_category":[],"platform":"31","template_public_id":"","codecanyon_url":"","codecanyon_item_id":"","codecanyon_price":"","pricing_caption":"","pricing_elfsight_apps_hide_column":"","pricing_elfsight_apps_url":"","pricing_codecanyon_price_caption":"","integration_category":[],"integration_request_title":"","integration_request_cta":"","integration_platform":"","integrations":[],"platform_category":[],"video_schema_markup":"","price":"od 0 USD \/ miesi\u0105c","trial":"","benefits":[{"text":"Bezp\u0142atna pomoc w monta\u017cu"},{"text":"Wsparcie premium"},{"text":"14-dniowa gwarancja zwrotu pieni\u0119dzy"}],"button_url":"#demo","button_target_blank":"0","button_nofollow":"0","attributes":[{"name":"Instaluje"},{"name":"Czu\u0142y"},{"name":"Kompatybilne przegl\u0105darki"}],"tags":[],"tags_disable_links":"0","hide_more_platforms":"0","video_object":"","demo_hide_cta":"0","demo_hide_cloud_options":"0","pricing_title":"","pricing":[{"pricing_icon":"platform","pricing_title":"Elfsight Apps","pricing_title_caption":"Wersja niezale\u017cna od platformy, kt\u00f3ra dzia\u0142a na ka\u017cdej stronie","pricing_price":"od 0 USD \/ miesi\u0105c","pricing_price_caption":"zacznij od bezp\u0142atnego planu","pricing_benefits":[{"text":"Nielimitowane strony internetowe"},{"text":"Bezp\u0142atne i terminowe wsparcie"},{"text":"Bezp\u0142atna us\u0142uga monta\u017cu"},{"text":"Oferta ograniczona czasowo dla wielu aplikacji"}],"pricing_button_text":"Dodaj do witryny","pricing_button_url":"#demo"}],"related_apps_title":"","related_apps_hidden":"0","author":"","image":[],"title":"","job":"","social_networks":[]},"_links":{"self":[{"href":"https:\/\/elfsight.com\/pl\/wp-json\/wp\/v2\/pages\/4622","targetHints":{"allow":["GET"]}}],"collection":[{"href":"https:\/\/elfsight.com\/pl\/wp-json\/wp\/v2\/pages"}],"about":[{"href":"https:\/\/elfsight.com\/pl\/wp-json\/wp\/v2\/types\/page"}],"author":[{"embeddable":true,"href":"https:\/\/elfsight.com\/pl\/wp-json\/wp\/v2\/users\/9"}],"replies":[{"embeddable":true,"href":"https:\/\/elfsight.com\/pl\/wp-json\/wp\/v2\/comments?post=4622"}],"version-history":[{"count":2,"href":"https:\/\/elfsight.com\/pl\/wp-json\/wp\/v2\/pages\/4622\/revisions"}],"predecessor-version":[{"id":10507,"href":"https:\/\/elfsight.com\/pl\/wp-json\/wp\/v2\/pages\/4622\/revisions\/10507"}],"up":[{"embeddable":true,"href":"https:\/\/elfsight.com\/pl\/wp-json\/wp\/v2\/pages\/2764"}],"wp:attachment":[{"href":"https:\/\/elfsight.com\/pl\/wp-json\/wp\/v2\/media?parent=4622"}],"curies":[{"name":"wp","href":"https:\/\/api.w.org\/{rel}","templated":true}]}}