{"id":4621,"date":"2024-05-03T06:32:20","date_gmt":"2024-05-03T06:32:20","guid":{"rendered":"https:\/\/elfsight.com\/pl\/?page_id=4621"},"modified":"2024-11-14T09:31:31","modified_gmt":"2024-11-14T09:31:31","slug":"iframe","status":"publish","type":"page","link":"https:\/\/elfsight.com\/pl\/click-to-call-widget\/iframe\/","title":{"rendered":"Click to Call &#8211; iFrame"},"content":{"rendered":"<div class=\"application-platform-content-item-description application-platform-content-item\" id=\"description\" data-nav-section=\"description\"> <h2>Osad\u017a opcj\u0119 Kliknij, aby po\u0142\u0105czy\u0107 w ramce iFrame za pomoc\u0105 wid\u017cetu Elfsight<\/h2> <p>Przycisk Zadzwo\u0144 teraz Elfsight to najwygodniejszy wid\u017cet dla dowolnej witryny, co u\u0142atwi u\u017cytkownikom wykonywanie po\u0142\u0105cze\u0144 telefonicznych. Na urz\u0105dzeniu mobilnym wid\u017cet wybiera osadzony numer, gdy u\u017cytkownik kliknie dymek z numerem telefonu. Na komputerach stacjonarnych i tabletach klikni\u0119cie wy\u015bwietla Tw\u00f3j numer telefonu w witrynie i u\u0142atwia u\u017cytkownikom natychmiastowe nawi\u0105zanie po\u0142\u0105czenia. Istnieje mo\u017cliwo\u015b\u0107 nie tylko wy\u015bwietlenia numeru telefonu, ale tak\u017ce wy\u015bwietlenia okna po\u0142\u0105czenia z imieniem i zdj\u0119ciem osoby kontaktowej oraz niestandardowym tekstem. Wszystkie te cz\u0119\u015bci s\u0105 prze\u0142\u0105czalne, co pozwala na skonfigurowanie dowolnego wariantu interfejsu. Istnieje r\u00f3wnie\u017c mo\u017cliwo\u015b\u0107 wybrania wyzwalacza wy\u015bwietlaj\u0105cego dymek telefonu i kategorii odbiorc\u00f3w witryny, kt\u00f3rzy go zobacz\u0105. <\/p> <div class=\"faq\" data-component=\"FAQ\"><div class=\"faq-item\">\r\n\t\t\t\t\t<div class=\"faq-item-question\">\r\n\t\t\t\t\t\t<h3 class=\"faq-item-question-text\">Gdzie mog\u0119 opublikowa\u0107 wid\u017cet<\/h3>\r\n\r\n\t\t\t\t\t\t<div class=\"faq-item-question-icon\"><\/div>\r\n\t\t\t\t\t<\/div>\r\n\r\n\t\t\t\t\t<div class=\"faq-item-answer\">\r\n\t\t\t\t\t\t<div class=\"faq-item-answer-text\"> <p>Mo\u017cesz doda\u0107 Elfsight Click To Call na dowolnej stronie witryny, kt\u00f3rej potrzebujesz, a tak\u017ce na wszystkich stronach. W ustawieniach widgetu mo\u017cesz wstawi\u0107 adresy URL wybranych stron, na kt\u00f3rych chcesz w\u0142\u0105czy\u0107 widget. Mo\u017cesz te\u017c u\u017cy\u0107 funkcji Wyklucz i wstaw adresy URL dok\u0142adnych stron, na kt\u00f3rych chcesz ograniczy\u0107 prezentacj\u0119 wid\u017cetu. <\/p> <\/div>\r\n\t\t\t\t\t<\/div>\r\n\t\t\t\t<\/div><div class=\"faq-item\">\r\n\t\t\t\t\t<div class=\"faq-item-question\">\r\n\t\t\t\t\t\t<h3 class=\"faq-item-question-text\">Jakie korzy\u015bci mi to da?<\/h3>\r\n\r\n\t\t\t\t\t\t<div class=\"faq-item-question-icon\"><\/div>\r\n\t\t\t\t\t<\/div>\r\n\r\n\t\t\t\t\t<div class=\"faq-item-answer\">\r\n\t\t\t\t\t\t<div class=\"faq-item-answer-text\"> <p>Mo\u017cesz uzyska\u0107 wi\u0119cej po\u0142\u0105cze\u0144 telefonicznych od os\u00f3b odwiedzaj\u0105cych witryn\u0119, korzystaj\u0105c z szybkiego i \u0142atwego sposobu dzwonienia do Ciebie przez telefon, bez konieczno\u015bci opuszczania witryny . Mo\u017ce to pom\u00f3c Ci w prowadzeniu wi\u0119kszej liczby osobistych rozm\u00f3w i zmianie u\u017cytkownik\u00f3w w klient\u00f3w. Mo\u017cesz tak\u017ce stworzy\u0107 swoj\u0105 baz\u0119 klient\u00f3w. <\/p> <\/div>\r\n\t\t\t\t\t<\/div>\r\n\t\t\t\t<\/div> <div class=\"faq-item\">\r\n\t\t\t\t\t<div class=\"faq-item-question\">\r\n\t\t\t\t\t\t<h3 class=\"faq-item-question-text\">Jak mog\u0119 w\u0142\u0105czy\u0107 opcj\u0119 Kliknij, aby po\u0142\u0105czy\u0107 w mojej witrynie iFrame?<\/h3>\r\n\r\n\t\t\t\t\t\t<div class=\"faq-item-question-icon\"><\/div>\r\n\t\t\t\t\t<\/div>\r\n\r\n\t\t\t\t\t<div class=\"faq-item-answer\">\r\n\t\t\t\t\t\t<div class=\"faq-item-answer-text\"> <p>Aktywacja wid\u017cetu zajmuje jedn\u0105 minut\u0119. Proces integracji jest niezwykle szybki, bezp\u0142atny i nie wymaga kodowania. <\/p> <p>Za po\u015brednictwem naszej us\u0142ugi mo\u017cesz osadzi\u0107 przycisk klikni\u0119cia na swojej stronie internetowej. Aby to zrobi\u0107, post\u0119puj zgodnie z instrukcjami na tej stronie. <\/p> <\/div>\r\n\t\t\t\t\t<\/div>\r\n\t\t\t\t<\/div> <\/div> <\/div> <div class=\"application-platform-content-item-features application-platform-content-item\" id=\"features\" data-nav-section=\"features\"> <h2>G\u0142\u00f3wne funkcje wid\u017cetu \u201eKliknij, aby po\u0142\u0105czy\u0107\u201d<\/h2> <p>Aby lepiej pozna\u0107 wid\u017cet , sp\u00f3jrz na list\u0119 jego g\u0142\u00f3wnych cech. Dzi\u0119ki nim widget jest niezwykle wydajny dla Twojej witryny: <\/p> <ul><li>B\u0142yskawiczne wybieranie numer\u00f3w na urz\u0105dzeniach mobilnych; <\/li> <li>Wybierz jedn\u0105 z trzech opcji umieszczenia wid\u017cetu: p\u0142ywaj\u0105cy w lewo, p\u0142ywaj\u0105cy w prawo lub niestandardowy; <\/li> <li>Mo\u017cliwo\u015b\u0107 zaprezentowania wid\u017cetu na wybranych stronach lub wykluczenia stron internetowych; <\/li> <li>Trzy grupy odwiedzaj\u0105cych, kt\u00f3rym mo\u017cna pokaza\u0107 wid\u017cet: wszystkim, nowym i tylko powracaj\u0105cym; <\/li> <li> Wbudowany widget wyzwala: czas sp\u0119dzony na stronie, czas sp\u0119dzony na stronie, ilo\u015b\u0107 przewini\u0119\u0107 i pr\u00f3b\u0119 wyj\u015bcia. <\/li> <\/ul><p><a href=\"#demo\">Aby sprawdzi\u0107 pe\u0142n\u0105 list\u0119 funkcji, zobacz demo<\/a><\/p> <\/div> <div class=\"application-platform-content-item-installation application-platform-content-item\" id=\"installation\" data-nav-section=\"installation\"> <h2>Jak doda\u0107 wid\u017cet przycisku \u201eKliknij, aby po\u0142\u0105czy\u0107\u201d do witryny iFrame<\/h2> <p>Wystarcz\u0105 poni\u017csze czynno\u015bci, aby opublikowa\u0107 wid\u017cet. <\/p> <ol><li><b>Zaprojektuj swoj\u0105 unikaln\u0105 wtyczk\u0119 Call Now<\/b><br> W naszym bezp\u0142atnym edytorze wygeneruj wtyczk\u0119 z niestandardowym uk\u0142adem i funkcjonalno\u015bci\u0105. <\/li><li><b>Zdob\u0105d\u017a indywidualny kod, aby osadzi\u0107 wtyczk\u0119<\/b><br> Po skonfigurowaniu wid\u017cetu otrzymasz unikalny kod z wyskakuj\u0105cego powiadomienia w aplikacjach Elfsight. Skopiuj go do dalszego wykorzystania. <\/li> <li><b> Wtyczka na Twojej witrynie iFrame<\/b><br> Okre\u015bl obszar, w kt\u00f3rym chcesz wy\u015bwietla\u0107 wtyczk\u0119 i dodaj tam zapisany kod. Zapisz zmiany. <\/li> <li><b>Konfiguracja zosta\u0142a zako\u0144czona<\/b><br> Odwied\u017a stron\u0119, aby obejrze\u0107 wtyczk\u0119 po\u0142\u0105cze\u0144.<\/li> <\/ol><p>Nadal nie masz pewno\u015bci? Lub masz pytania? Wystarczy jedno zg\u0142oszenie do naszego dzia\u0142u obs\u0142ugi klienta, aby rozwi\u0105za\u0107 ka\u017cdy problem. <\/p> <div class=\"faq\" data-component=\"FAQ\"><div class=\"faq-item\">\r\n\t\t\t\t\t<div class=\"faq-item-question\">\r\n\t\t\t\t\t\t<h3 class=\"faq-item-question-text\">Jak osadzi\u0107 galeri\u0119 wideo YouTube na mojej stronie Squarespace bez umiej\u0119tno\u015bci kodowania?<\/h3>\r\n\r\n\t\t\t\t\t\t<div class=\"faq-item-question-icon\"><\/div>\r\n\t\t\t\t\t<\/div>\r\n\r\n\t\t\t\t\t<div class=\"faq-item-answer\">\r\n\t\t\t\t\t\t<div class=\"faq-item-answer-text\"><p>Elfsight zapewnia rozwi\u0105zanie oparte na chmurze umo\u017cliwiaj\u0105ce bezproblemowe osadzanie galerii wideo YouTube w Squarespace strona internetowa. Oto jak to zrobi\u0107:<\/p><ul><li>Uzyskaj dost\u0119p do edytora online, aby wygenerowa\u0107 sekcj\u0119 Galerii wideo YouTube, kt\u00f3r\u0105 chcesz doda\u0107 do swojej witryny Squarespace.<\/li><li>Wybierz jedn\u0105 z naszych wst\u0119pnie zaprojektowane szablony i skonfiguruj ustawienia Galerii wideo YouTube, dostosuj uk\u0142ad i schemat kolor\u00f3w oraz wprowad\u017a tre\u015b\u0107 bez konieczno\u015bci posiadania umiej\u0119tno\u015bci kodowania.<\/li><li>Zapisz ustawienia dostosowane dla Galerii wideo YouTube i uzyskaj kod fragment kodu do umieszczenia, kt\u00f3ry mo\u017cna \u0142atwo i bezp\u0142atnie zintegrowa\u0107 z witryn\u0105 Squarespace.<\/li><\/ul><p>Dzi\u0119ki przyjaznemu dla u\u017cytkownika edytorowi ka\u017cdy, niezale\u017cnie od swojej wiedzy technicznej, mo\u017ce bez wysi\u0142ku osadzi\u0107 film z YouTube Sekcja galerii na ich stronie internetowej Squarespace. Aby uzyska\u0107 dost\u0119p do Edytora Elfsight, nie ma potrzeby dokonywania p\u0142atno\u015bci ani podawania danych karty kredytowej. Je\u015bli podczas tego procesu napotkasz jakiekolwiek problemy, nie wahaj si\u0119 skontaktowa\u0107 z naszym dzia\u0142em obs\u0142ugi klienta w celu uzyskania pomocy.<\/p><\/div>\r\n\t\t\t\t\t<\/div>\r\n\t\t\t\t<\/div><\/div><\/div>","protected":false},"excerpt":{"rendered":"","protected":false},"author":9,"featured_media":0,"parent":2764,"menu_order":0,"comment_status":"closed","ping_status":"closed","template":"templates\/template-application-platform.php","meta":{"publish_to_discourse":"","publish_post_category":"","wpdc_auto_publish_overridden":"","wpdc_topic_tags":"","wpdc_pin_topic":"","wpdc_pin_until":"","discourse_post_id":"","discourse_permalink":"","wpdc_publishing_response":"","wpdc_publishing_error":"","footnotes":""},"class_list":["post-4621","page","type-page","status-publish","hentry"],"yoast_head":"<!-- This site is optimized with the Yoast SEO plugin v25.3.1 - https:\/\/yoast.com\/wordpress\/plugins\/seo\/ -->\n<title>Dodaj wid\u017cet przycisku Zadzwo\u0144 teraz do swojej witryny iFrame (bezp\u0142atnie i szybko)<\/title>\n<meta name=\"description\" content=\"Oto mo\u017cliwo\u015b\u0107 ukszta\u0142towania przycisku \u201eKliknij, aby po\u0142\u0105czy\u0107 teraz\u201d i dodania wid\u017cetu do swojej witryny iFrame. Ciesz si\u0119 bezp\u0142atn\u0105 obs\u0142ug\u0105 klienta i innymi korzy\u015bciami od Elfsight.\" \/>\n<meta name=\"robots\" content=\"index, follow, max-snippet:-1, max-image-preview:large, max-video-preview:-1\" \/>\n<link rel=\"canonical\" href=\"https:\/\/elfsight.com\/pl\/click-to-call-widget\/iframe\/\" \/>\n<meta property=\"og:locale\" content=\"pl_PL\" \/>\n<meta property=\"og:type\" content=\"article\" \/>\n<meta property=\"og:title\" content=\"Dodaj wid\u017cet przycisku Zadzwo\u0144 teraz do swojej witryny iFrame (bezp\u0142atnie i szybko)\" \/>\n<meta property=\"og:description\" content=\"Oto mo\u017cliwo\u015b\u0107 ukszta\u0142towania przycisku \u201eKliknij, aby po\u0142\u0105czy\u0107 teraz\u201d i dodania wid\u017cetu do swojej witryny iFrame. Ciesz si\u0119 bezp\u0142atn\u0105 obs\u0142ug\u0105 klienta i innymi korzy\u015bciami od Elfsight.\" \/>\n<meta property=\"og:url\" content=\"https:\/\/elfsight.com\/pl\/click-to-call-widget\/iframe\/\" \/>\n<meta property=\"og:site_name\" content=\"Elfsight PL\" \/>\n<meta property=\"article:modified_time\" content=\"2024-11-14T09:31:31+00:00\" \/>\n<meta name=\"twitter:card\" content=\"summary_large_image\" \/>\n<meta name=\"twitter:label1\" content=\"Szacowany czas czytania\" \/>\n\t<meta name=\"twitter:data1\" content=\"4 minuty\" \/>\n<!-- \/ Yoast SEO plugin. -->","yoast_head_json":{"title":"Dodaj wid\u017cet przycisku Zadzwo\u0144 teraz do swojej witryny iFrame (bezp\u0142atnie i szybko)","description":"Oto mo\u017cliwo\u015b\u0107 ukszta\u0142towania przycisku \u201eKliknij, aby po\u0142\u0105czy\u0107 teraz\u201d i dodania wid\u017cetu do swojej witryny iFrame. Ciesz si\u0119 bezp\u0142atn\u0105 obs\u0142ug\u0105 klienta i innymi korzy\u015bciami od Elfsight.","robots":{"index":"index","follow":"follow","max-snippet":"max-snippet:-1","max-image-preview":"max-image-preview:large","max-video-preview":"max-video-preview:-1"},"canonical":"https:\/\/elfsight.com\/pl\/click-to-call-widget\/iframe\/","og_locale":"pl_PL","og_type":"article","og_title":"Dodaj wid\u017cet przycisku Zadzwo\u0144 teraz do swojej witryny iFrame (bezp\u0142atnie i szybko)","og_description":"Oto mo\u017cliwo\u015b\u0107 ukszta\u0142towania przycisku \u201eKliknij, aby po\u0142\u0105czy\u0107 teraz\u201d i dodania wid\u017cetu do swojej witryny iFrame. Ciesz si\u0119 bezp\u0142atn\u0105 obs\u0142ug\u0105 klienta i innymi korzy\u015bciami od Elfsight.","og_url":"https:\/\/elfsight.com\/pl\/click-to-call-widget\/iframe\/","og_site_name":"Elfsight PL","article_modified_time":"2024-11-14T09:31:31+00:00","twitter_card":"summary_large_image","twitter_misc":{"Szacowany czas czytania":"4 minuty"},"schema":{"@context":"https:\/\/schema.org","@graph":[{"@type":"WebPage","@id":"https:\/\/elfsight.com\/pl\/click-to-call-widget\/iframe\/","url":"https:\/\/elfsight.com\/pl\/click-to-call-widget\/iframe\/","name":"Dodaj wid\u017cet przycisku Zadzwo\u0144 teraz do swojej witryny iFrame (bezp\u0142atnie i szybko)","isPartOf":{"@id":"https:\/\/elfsight.com\/pl\/#website"},"datePublished":"2024-05-03T06:32:20+00:00","dateModified":"2024-11-14T09:31:31+00:00","description":"Oto mo\u017cliwo\u015b\u0107 ukszta\u0142towania przycisku \u201eKliknij, aby po\u0142\u0105czy\u0107 teraz\u201d i dodania wid\u017cetu do swojej witryny iFrame. Ciesz si\u0119 bezp\u0142atn\u0105 obs\u0142ug\u0105 klienta i innymi korzy\u015bciami od Elfsight.","breadcrumb":{"@id":"https:\/\/elfsight.com\/pl\/click-to-call-widget\/iframe\/#breadcrumb"},"inLanguage":"pl-PL","potentialAction":[{"@type":"ReadAction","target":["https:\/\/elfsight.com\/pl\/click-to-call-widget\/iframe\/"]}]},{"@type":"BreadcrumbList","@id":"https:\/\/elfsight.com\/pl\/click-to-call-widget\/iframe\/#breadcrumb","itemListElement":[{"@type":"ListItem","position":1,"name":"Home","item":"https:\/\/elfsight.com\/pl\/"},{"@type":"ListItem","position":2,"name":"Click to Call","item":"https:\/\/elfsight.com\/pl\/click-to-call-widget\/"},{"@type":"ListItem","position":3,"name":"Click to Call &#8211; iFrame"}]},{"@type":"WebSite","@id":"https:\/\/elfsight.com\/pl\/#website","url":"https:\/\/elfsight.com\/pl\/","name":"Elfsight PL","description":"Just another Elfsight Sites site","potentialAction":[{"@type":"SearchAction","target":{"@type":"EntryPoint","urlTemplate":"https:\/\/elfsight.com\/pl\/?s={search_term_string}"},"query-input":{"@type":"PropertyValueSpecification","valueRequired":true,"valueName":"search_term_string"}}],"inLanguage":"pl-PL"}]}},"meta_box":{"industry":"","seo_heading":"","heading":"","description":"","cta_heading":"","cta_description":"","application":"2763","h1":"iFrame Kliknij, aby zadzwoni\u0107 teraz","h1_caption":"Pozw\u00f3l u\u017cytkownikom na natychmiastowy kontakt z Tob\u0105 za pomoc\u0105 prostego przycisku \u201ekliknij, aby po\u0142\u0105czy\u0107\u201d, dzi\u0119ki czemu \u0142atwiej b\u0119dzie Ci dotrze\u0107 bezpo\u015brednio do Twojej witryny iFrame.","application_category":[],"applications_title":"","applications_request_title":"","applications_request_button_text":"","hero_text":"","hero_video":"","hero_video_schema_markup":"","selling_points_title":"","selling_points_caption":"","selling_points":[],"selling_points_cta_text":"","features_title":"","features":"","ed_cta_examples_text":"","ed_cta_examples_hidden":"","ed_cta_demo_text":"","ed_cta_demo_hidden":"","why_caption":"","why_editor_title":"","why_editor_text":"","why_team_title":"","why_team_text":"","why_service_title":"","why_service_text":"","template_catalog_visible":"","template_catalog_title":"","template_catalog_text":"","template_catalog_categories_visible":"","demo_title":"Utw\u00f3rz wid\u017cet \u201eKliknij, aby po\u0142\u0105czy\u0107\u201d.","demo_caption":"Skonfiguruj opcj\u0119 Kliknij, aby po\u0142\u0105czy\u0107 i dodaj j\u0105 do swojej witryny iFrame za darmo!","default_faq_hidden":"","app_template_category":[],"platform":"187","template_public_id":"","codecanyon_url":"","codecanyon_item_id":"","codecanyon_price":"","pricing_caption":"","pricing_elfsight_apps_hide_column":"","pricing_elfsight_apps_url":"","pricing_codecanyon_price_caption":"","integration_category":[],"integration_request_title":"","integration_request_cta":"","integration_platform":"","integrations":[],"platform_category":[],"video_schema_markup":"","price":"od 0 USD \/ miesi\u0105c","trial":"","benefits":[{"text":"Bezp\u0142atna pomoc w instalacji"},{"text":"Wsparcie premium"},{"text":"14-dniowa gwarancja zwrotu pieni\u0119dzy"}],"button_url":"#demo","button_target_blank":"","button_nofollow":"","attributes":[{"name":"Instaluje"},{"name":"Czu\u0142y"},{"name":"Kompatybilne przegl\u0105darki"}],"tags":[],"tags_disable_links":"","hide_more_platforms":"","video_object":"","demo_hide_cta":"","demo_hide_cloud_options":"","pricing_title":"","pricing":[{"pricing_icon":"platform","pricing_title":"Elfsight Apps","pricing_title_caption":"Rozwi\u0105zanie wieloplatformowe, kt\u00f3re dzia\u0142a na ka\u017cdej stronie internetowej","pricing_price":"od 0 USD \/ miesi\u0105c","pricing_price_caption":"zacznij od bezp\u0142atnego planu","pricing_benefits":[{"text":"Nielimitowane strony internetowe"},{"text":"Szybkie wsparcie"},{"text":"Bezp\u0142atna pomoc w monta\u017cu"},{"text":"Specjalna cena za wiele aplikacji"}],"pricing_button_text":"Dodaj do witryny","pricing_button_url":"#demo"}],"related_apps_title":"","related_apps_hidden":"","author":"","image":[],"title":"","job":"","social_networks":[]},"_links":{"self":[{"href":"https:\/\/elfsight.com\/pl\/wp-json\/wp\/v2\/pages\/4621","targetHints":{"allow":["GET"]}}],"collection":[{"href":"https:\/\/elfsight.com\/pl\/wp-json\/wp\/v2\/pages"}],"about":[{"href":"https:\/\/elfsight.com\/pl\/wp-json\/wp\/v2\/types\/page"}],"author":[{"embeddable":true,"href":"https:\/\/elfsight.com\/pl\/wp-json\/wp\/v2\/users\/9"}],"replies":[{"embeddable":true,"href":"https:\/\/elfsight.com\/pl\/wp-json\/wp\/v2\/comments?post=4621"}],"version-history":[{"count":1,"href":"https:\/\/elfsight.com\/pl\/wp-json\/wp\/v2\/pages\/4621\/revisions"}],"predecessor-version":[{"id":4625,"href":"https:\/\/elfsight.com\/pl\/wp-json\/wp\/v2\/pages\/4621\/revisions\/4625"}],"up":[{"embeddable":true,"href":"https:\/\/elfsight.com\/pl\/wp-json\/wp\/v2\/pages\/2764"}],"wp:attachment":[{"href":"https:\/\/elfsight.com\/pl\/wp-json\/wp\/v2\/media?parent=4621"}],"curies":[{"name":"wp","href":"https:\/\/api.w.org\/{rel}","templated":true}]}}