{"id":4616,"date":"2024-05-03T06:32:19","date_gmt":"2024-05-03T06:32:19","guid":{"rendered":"https:\/\/elfsight.com\/pl\/?page_id=4616"},"modified":"2025-06-25T15:44:33","modified_gmt":"2025-06-25T15:44:33","slug":"facebook","status":"publish","type":"page","link":"https:\/\/elfsight.com\/pl\/click-to-call-widget\/facebook\/","title":{"rendered":"Click to Call &#8211; Facebook Page"},"content":{"rendered":"<div class=\"application-platform-content-item-description application-platform-content-item\" id=\"description\" data-nav-section=\"description\">\n<h2>Opis<\/h2>\n<p>Wid\u017cet \u201eKliknij, aby po\u0142\u0105czy\u0107\u201d dla strony na Facebooku to skuteczne narz\u0119dzie umo\u017cliwiaj\u0105ce szybszy kontakt odbiorc\u00f3w Twojej witryny. Twoi go\u015bcie mog\u0105 do Ciebie zadzwoni\u0107, naciskaj\u0105c obraz telefonu na telefonie kom\u00f3rkowym, a na komputerze Tw\u00f3j numer jest wy\u015bwietlany pogrubion\u0105 czcionk\u0105, aby u\u0142atwi\u0107 wybieranie. Sama ba\u0144ka i okno tarczy s\u0105 niezwykle konfigurowalne i pozwalaj\u0105 stworzy\u0107 naprawd\u0119 ekskluzywny styl wtyczki. Mo\u017cesz tak\u017ce dowolnie modyfikowa\u0107 wszystkie cz\u0119\u015bci wid\u017cetu, aby idealnie pasowa\u0142 do og\u00f3lnego projektu witryny.<\/p>\n<div class=\"faq\" data-component=\"FAQ\">\n    <div class=\"faq-item\">\r\n\t\t\t\t\t<div class=\"faq-item-question\">\r\n\t\t\t\t\t\t<h3 class=\"faq-item-question-text\">Gdzie mog\u0119 osadzi\u0107 przycisk Kliknij, aby po\u0142\u0105czy\u0107<\/h3>\r\n\r\n\t\t\t\t\t\t<div class=\"faq-item-question-icon\"><\/div>\r\n\t\t\t\t\t<\/div>\r\n\r\n\t\t\t\t\t<div class=\"faq-item-answer\">\r\n\t\t\t\t\t\t<div class=\"faq-item-answer-text\">\n    <p>Ty mo\u017cesz wybra\u0107 strony, na kt\u00f3rych chcesz zaprezentowa\u0107 ba\u0144k\u0119 telefoniczn\u0105 i wpisa\u0107 ich adresy URL w sekcji ustawie\u0144. Mo\u017cesz te\u017c wyeliminowa\u0107 precyzyjne strony, tak\u017ce wed\u0142ug adresu URL.<\/p>\n    <\/div>\r\n\t\t\t\t\t<\/div>\r\n\t\t\t\t<\/div>\n    <div class=\"faq-item\">\r\n\t\t\t\t\t<div class=\"faq-item-question\">\r\n\t\t\t\t\t\t<h3 class=\"faq-item-question-text\">Jak mog\u0119 skorzysta\u0107 z wid\u017cetu?<\/h3>\r\n\r\n\t\t\t\t\t\t<div class=\"faq-item-question-icon\"><\/div>\r\n\t\t\t\t\t<\/div>\r\n\r\n\t\t\t\t\t<div class=\"faq-item-answer\">\r\n\t\t\t\t\t\t<div class=\"faq-item-answer-text\">\n    <p>Prosty czat przez telefon pomaga w rzeczywisto\u015bci zmieni\u0107 wi\u0119cej potencjalnych nabywc\u00f3w klienci. Ponadto prostsze dzwonienie i prezentacja numeru telefonu sprawi\u0105, \u017ce dzwonienie do Ciebie b\u0119dzie maksymalnie \u0142atwe.<\/p>\n    <\/div>\r\n\t\t\t\t\t<\/div>\r\n\t\t\t\t<\/div>\n    <div class=\"faq-item\">\r\n\t\t\t\t\t<div class=\"faq-item-question\">\r\n\t\t\t\t\t\t<h3 class=\"faq-item-question-text\">Czego potrzebuj\u0119, aby umie\u015bci\u0107 przycisk Zadzwo\u0144 teraz na mojej stronie na Facebooku?<\/h3>\r\n\r\n\t\t\t\t\t\t<div class=\"faq-item-question-icon\"><\/div>\r\n\t\t\t\t\t<\/div>\r\n\r\n\t\t\t\t\t<div class=\"faq-item-answer\">\r\n\t\t\t\t\t\t<div class=\"faq-item-answer-text\">\n    <p>Wszystko, czego potrzebujesz co musisz zrobi\u0107, to zaprojektowa\u0107 wtyczk\u0119, wybra\u0107 kolory i parametry rozmiaru, nast\u0119pnie zapisa\u0107 j\u0105 i skopiowa\u0107 kod, kt\u00f3ry pojawi si\u0119 w wyskakuj\u0105cym oknie po zako\u0144czeniu procesu tworzenia. Osad\u017a ten kod w szablonie swojej witryny.<\/p>\n    <\/div>\r\n\t\t\t\t\t<\/div>\r\n\t\t\t\t<\/div>\n<\/div>\n<p><b>U\u0142atw dzwonienie z witryny jednym klikni\u0119ciem!<\/b><\/p>\n<\/div>\n\n<div class=\"application-platform-content-item-features application-platform-content-item\" id=\"features\" data-nav-section=\"features\">\n<h2>Funkcje<\/h2>\n<p>Aby w pe\u0142ni zrozumie\u0107 dzia\u0142anie przycisku po\u0142\u0105czenia, przejrzyj list\u0119 najwa\u017cniejszych funkcji. Dzi\u0119ki nim nasz widget jest niezwykle skuteczny w Twojej promocji:<\/p>\n<ul>\n    <li>Szybkie rozmowy telefoniczne na urz\u0105dzeniach mobilnych;<\/li>\n    <li>3 mo\u017cliwo\u015bci umieszczenia wid\u017cetu: p\u0142ywaj\u0105cy w lewo, p\u0142ywaj\u0105cy w prawo lub niestandardowe;<\/li>\n    <li>Mo\u017cliwo\u015b\u0107 umieszczenia wid\u017cetu na poszczeg\u00f3lnych stronach lub wykluczenia stron internetowych;<\/li>\n    <li>3 warianty u\u017cytkownik\u00f3w, kt\u00f3rym mo\u017cna wy\u015bwietli\u0107 wid\u017cet: wszystkim, nowym i tylko powracaj\u0105cym;<\/li>\n    <li>Wbudowane wyzwalacze widgetu: czas sp\u0119dzony na stronie, czas sp\u0119dzony na stronie, pozycja przewijania i zamiar wyj\u015bcia.<\/li>\n<\/ul>\n<p><a href=\"#demo\">Demonstracja na \u017cywo zademonstruje Ci wszystkie funkcje<\/a><\/p>\n<\/div>\n\n<div class=\"application-platform-content-item-installation application-platform-content-item\" id=\"installation\" data-nav-section=\"installation\">\n<h2>Jak doda\u0107 przycisk po\u0142\u0105czenia do swojej strony firmowej na Facebooku<\/h2>\n<p>Wystarczy kilka szybkich dzia\u0142a\u0144, aby doda\u0107 wid\u017cet do swojej strony.<\/p>\n<ol>\n    <li><b>Skorzystaj z naszego bezp\u0142atnego konfiguratora i zacznij tworzy\u0107 w\u0142asn\u0105 wtyczk\u0119. <\/b><br> Znajd\u017a niestandardow\u0105 form\u0119 i funkcjonalno\u015b\u0107 narz\u0119dzia i zastosuj zmiany. <\/li>\n    <li><b>Skopiuj indywidualny kod wy\u015bwietlony w oknie aplikacji Elfsight. <\/b><br> Po zako\u0144czeniu generowania Twojego osobistego narz\u0119dzia skopiuj indywidualny kod z wy\u015bwietlonego pola i zachowaj go na dalsze potrzeby. <\/li>\n    <li><b>Rozpocznij stosowanie narz\u0119dzia na swojej stronie na Facebooku. <\/b><br> Zintegruj ostatnio zapisany kod ze swoj\u0105 stron\u0105 g\u0142\u00f3wn\u0105 i zapisz poprawki. <\/li>\n    <li><b>Instalacja zosta\u0142a w pe\u0142ni przeprowadzona. <\/b><br> Przejd\u017a na swoj\u0105 witryn\u0119 i sprawd\u017a, jak dzia\u0142a wtyczka. <\/li>\n<\/ol>\n<p>Nadal nie podj\u0105\u0142e\u015b decyzji? Albo masz problemy? Wystarczy jedno zg\u0142oszenie do naszego dzia\u0142u obs\u0142ugi klienta, aby rozwi\u0105za\u0107 ka\u017cdy problem.<\/p>\n<\/div>","protected":false},"excerpt":{"rendered":"","protected":false},"author":9,"featured_media":0,"parent":2764,"menu_order":0,"comment_status":"closed","ping_status":"closed","template":"templates\/template-application-platform.php","meta":{"publish_to_discourse":"","publish_post_category":"","wpdc_auto_publish_overridden":"","wpdc_topic_tags":"","wpdc_pin_topic":"","wpdc_pin_until":"","discourse_post_id":"","discourse_permalink":"","wpdc_publishing_response":"","wpdc_publishing_error":"","footnotes":""},"class_list":["post-4616","page","type-page","status-publish","hentry"],"yoast_head":"<!-- This site is optimized with the Yoast SEO plugin v25.3.1 - https:\/\/yoast.com\/wordpress\/plugins\/seo\/ -->\n<title>Przycisk po\u0142\u0105czenia Facebook | Dodaj przycisk \u201eKliknij, aby po\u0142\u0105czy\u0107\u201d do strony na Facebooku (2025)<\/title>\n<meta name=\"description\" content=\"Zintegruj aktywny wid\u017cet \u201eKliknij, aby po\u0142\u0105czy\u0107\u201d ze swoj\u0105 stron\u0105 na Facebooku. Skorzystaj z bezp\u0142atnej wersji demonstracyjnej Elfsight i zbuduj swoj\u0105 spersonalizowan\u0105 wtyczk\u0119.\" \/>\n<meta name=\"robots\" content=\"index, follow, max-snippet:-1, max-image-preview:large, max-video-preview:-1\" \/>\n<link rel=\"canonical\" href=\"https:\/\/elfsight.com\/pl\/click-to-call-widget\/facebook\/\" \/>\n<meta property=\"og:locale\" content=\"pl_PL\" \/>\n<meta property=\"og:type\" content=\"article\" \/>\n<meta property=\"og:title\" content=\"Przycisk po\u0142\u0105czenia Facebook | Dodaj przycisk \u201eKliknij, aby po\u0142\u0105czy\u0107\u201d do strony na Facebooku (2025)\" \/>\n<meta property=\"og:description\" content=\"Zintegruj aktywny wid\u017cet \u201eKliknij, aby po\u0142\u0105czy\u0107\u201d ze swoj\u0105 stron\u0105 na Facebooku. Skorzystaj z bezp\u0142atnej wersji demonstracyjnej Elfsight i zbuduj swoj\u0105 spersonalizowan\u0105 wtyczk\u0119.\" \/>\n<meta property=\"og:url\" content=\"https:\/\/elfsight.com\/pl\/click-to-call-widget\/facebook\/\" \/>\n<meta property=\"og:site_name\" content=\"Elfsight PL\" \/>\n<meta property=\"article:modified_time\" content=\"2025-06-25T15:44:33+00:00\" \/>\n<meta name=\"twitter:card\" content=\"summary_large_image\" \/>\n<meta name=\"twitter:label1\" content=\"Szacowany czas czytania\" \/>\n\t<meta name=\"twitter:data1\" content=\"3 minuty\" \/>\n<!-- \/ Yoast SEO plugin. -->","yoast_head_json":{"title":"Przycisk po\u0142\u0105czenia Facebook | Dodaj przycisk \u201eKliknij, aby po\u0142\u0105czy\u0107\u201d do strony na Facebooku (2025)","description":"Zintegruj aktywny wid\u017cet \u201eKliknij, aby po\u0142\u0105czy\u0107\u201d ze swoj\u0105 stron\u0105 na Facebooku. Skorzystaj z bezp\u0142atnej wersji demonstracyjnej Elfsight i zbuduj swoj\u0105 spersonalizowan\u0105 wtyczk\u0119.","robots":{"index":"index","follow":"follow","max-snippet":"max-snippet:-1","max-image-preview":"max-image-preview:large","max-video-preview":"max-video-preview:-1"},"canonical":"https:\/\/elfsight.com\/pl\/click-to-call-widget\/facebook\/","og_locale":"pl_PL","og_type":"article","og_title":"Przycisk po\u0142\u0105czenia Facebook | Dodaj przycisk \u201eKliknij, aby po\u0142\u0105czy\u0107\u201d do strony na Facebooku (2025)","og_description":"Zintegruj aktywny wid\u017cet \u201eKliknij, aby po\u0142\u0105czy\u0107\u201d ze swoj\u0105 stron\u0105 na Facebooku. Skorzystaj z bezp\u0142atnej wersji demonstracyjnej Elfsight i zbuduj swoj\u0105 spersonalizowan\u0105 wtyczk\u0119.","og_url":"https:\/\/elfsight.com\/pl\/click-to-call-widget\/facebook\/","og_site_name":"Elfsight PL","article_modified_time":"2025-06-25T15:44:33+00:00","twitter_card":"summary_large_image","twitter_misc":{"Szacowany czas czytania":"3 minuty"},"schema":{"@context":"https:\/\/schema.org","@graph":[{"@type":"WebPage","@id":"https:\/\/elfsight.com\/pl\/click-to-call-widget\/facebook\/","url":"https:\/\/elfsight.com\/pl\/click-to-call-widget\/facebook\/","name":"Przycisk po\u0142\u0105czenia Facebook | Dodaj przycisk \u201eKliknij, aby po\u0142\u0105czy\u0107\u201d do strony na Facebooku (2025)","isPartOf":{"@id":"https:\/\/elfsight.com\/pl\/#website"},"datePublished":"2024-05-03T06:32:19+00:00","dateModified":"2025-06-25T15:44:33+00:00","description":"Zintegruj aktywny wid\u017cet \u201eKliknij, aby po\u0142\u0105czy\u0107\u201d ze swoj\u0105 stron\u0105 na Facebooku. Skorzystaj z bezp\u0142atnej wersji demonstracyjnej Elfsight i zbuduj swoj\u0105 spersonalizowan\u0105 wtyczk\u0119.","breadcrumb":{"@id":"https:\/\/elfsight.com\/pl\/click-to-call-widget\/facebook\/#breadcrumb"},"inLanguage":"pl-PL","potentialAction":[{"@type":"ReadAction","target":["https:\/\/elfsight.com\/pl\/click-to-call-widget\/facebook\/"]}]},{"@type":"BreadcrumbList","@id":"https:\/\/elfsight.com\/pl\/click-to-call-widget\/facebook\/#breadcrumb","itemListElement":[{"@type":"ListItem","position":1,"name":"Home","item":"https:\/\/elfsight.com\/pl\/"},{"@type":"ListItem","position":2,"name":"Click to Call","item":"https:\/\/elfsight.com\/pl\/click-to-call-widget\/"},{"@type":"ListItem","position":3,"name":"Click to Call &#8211; Facebook Page"}]},{"@type":"WebSite","@id":"https:\/\/elfsight.com\/pl\/#website","url":"https:\/\/elfsight.com\/pl\/","name":"Elfsight PL","description":"Just another Elfsight Sites site","potentialAction":[{"@type":"SearchAction","target":{"@type":"EntryPoint","urlTemplate":"https:\/\/elfsight.com\/pl\/?s={search_term_string}"},"query-input":{"@type":"PropertyValueSpecification","valueRequired":true,"valueName":"search_term_string"}}],"inLanguage":"pl-PL"}]}},"meta_box":{"industry":"","seo_heading":"","heading":"","description":"","cta_heading":"","cta_description":"","application":"2763","h1":"Kliknij przycisk po\u0142\u0105czenia, aby wy\u015bwietli\u0107 stron\u0119 na Facebooku","h1_caption":"Pozw\u00f3l u\u017cytkownikom na natychmiastowy kontakt z Tob\u0105 za pomoc\u0105 prostego przycisku \u201ekliknij, aby po\u0142\u0105czy\u0107\u201d, dzi\u0119ki czemu \u0142atwiej b\u0119dzie Ci dotrze\u0107 bezpo\u015brednio do witryny Twojej strony na Facebooku.","application_category":[],"applications_title":"","applications_request_title":"","applications_request_button_text":"","hero_text":"","hero_video":"","hero_video_schema_markup":"","selling_points_title":"","selling_points_caption":"","selling_points":[],"selling_points_cta_text":"","features_title":"","features":"","ed_cta_examples_text":"","ed_cta_examples_hidden":"","ed_cta_demo_text":"","ed_cta_demo_hidden":"","why_caption":"","why_editor_title":"","why_editor_text":"","why_team_title":"","why_team_text":"","why_service_title":"","why_service_text":"","template_catalog_visible":"0","template_catalog_title":"","template_catalog_text":"","template_catalog_categories_visible":"","demo_title":"Utw\u00f3rz wid\u017cet \u201eKliknij, aby po\u0142\u0105czy\u0107\u201d.","demo_caption":"Skonfiguruj us\u0142ug\u0119 \u201ekliknij, aby po\u0142\u0105czy\u0107\u201d i dodaj j\u0105 do swojej strony na Facebooku za darmo!","default_faq_hidden":"","app_template_category":[],"platform":"319","template_public_id":"","codecanyon_url":"","codecanyon_item_id":"","codecanyon_price":"","pricing_caption":"","pricing_elfsight_apps_hide_column":"","pricing_elfsight_apps_url":"","pricing_codecanyon_price_caption":"","integration_category":[],"integration_request_title":"","integration_request_cta":"","integration_platform":"","integrations":[],"platform_category":[],"video_schema_markup":"","price":"od 0 USD \/ miesi\u0105c","trial":"","benefits":[{"text":"Bezp\u0142atna pomoc w instalacji"},{"text":"Do\u015bwiadczona obs\u0142uga klienta"},{"text":"14-dniowa gwarancja zwrotu pieni\u0119dzy"}],"button_url":"#demo","button_target_blank":"0","button_nofollow":"0","attributes":[{"name":"Instaluje"},{"name":"Czu\u0142y"},{"name":"Kompatybilne przegl\u0105darki"}],"tags":[],"tags_disable_links":"0","hide_more_platforms":"0","video_object":"","demo_hide_cta":"0","demo_hide_cloud_options":"0","pricing_title":"","pricing":[{"pricing_icon":"platform","pricing_title":"Elfsight Apps","pricing_title_caption":"Oprogramowanie wieloplatformowe","pricing_price":"od 0 USD \/ miesi\u0105c","pricing_price_caption":"zacznij od bezp\u0142atnego planu","pricing_benefits":[{"text":"Nielimitowane strony internetowe"},{"text":"Wsparcie premium"},{"text":"Bezp\u0142atne wsparcie przy instalacji"},{"text":"100% konfigurowalny"}],"pricing_button_text":"Dodaj do witryny","pricing_button_url":"#demo"}],"related_apps_title":"","related_apps_hidden":"0","author":"","image":[],"title":"","job":"","social_networks":[]},"_links":{"self":[{"href":"https:\/\/elfsight.com\/pl\/wp-json\/wp\/v2\/pages\/4616","targetHints":{"allow":["GET"]}}],"collection":[{"href":"https:\/\/elfsight.com\/pl\/wp-json\/wp\/v2\/pages"}],"about":[{"href":"https:\/\/elfsight.com\/pl\/wp-json\/wp\/v2\/types\/page"}],"author":[{"embeddable":true,"href":"https:\/\/elfsight.com\/pl\/wp-json\/wp\/v2\/users\/9"}],"replies":[{"embeddable":true,"href":"https:\/\/elfsight.com\/pl\/wp-json\/wp\/v2\/comments?post=4616"}],"version-history":[{"count":2,"href":"https:\/\/elfsight.com\/pl\/wp-json\/wp\/v2\/pages\/4616\/revisions"}],"predecessor-version":[{"id":10503,"href":"https:\/\/elfsight.com\/pl\/wp-json\/wp\/v2\/pages\/4616\/revisions\/10503"}],"up":[{"embeddable":true,"href":"https:\/\/elfsight.com\/pl\/wp-json\/wp\/v2\/pages\/2764"}],"wp:attachment":[{"href":"https:\/\/elfsight.com\/pl\/wp-json\/wp\/v2\/media?parent=4616"}],"curies":[{"name":"wp","href":"https:\/\/api.w.org\/{rel}","templated":true}]}}