{"id":4615,"date":"2024-05-03T06:32:18","date_gmt":"2024-05-03T06:32:18","guid":{"rendered":"https:\/\/elfsight.com\/pl\/?page_id=4615"},"modified":"2024-11-14T09:19:58","modified_gmt":"2024-11-14T09:19:58","slug":"woocommerce","status":"publish","type":"page","link":"https:\/\/elfsight.com\/pl\/click-to-call-widget\/woocommerce\/","title":{"rendered":"Click to Call &#8211; WooCommerce"},"content":{"rendered":"<div class=\"application-platform-content-item-description application-platform-content-item\" id=\"description\" data-nav-section=\"description\"><h2>Opis<\/h2><p>Wid\u017cet Elfsight \u201eKliknij, aby po\u0142\u0105czy\u0107\u201d dla WooCommerce to \u0142atwe w u\u017cyciu narz\u0119dzie, kt\u00f3re pozwala szybciej dotrze\u0107 do odbiorc\u00f3w. Twoi go\u015bcie mog\u0105 do Ciebie zadzwoni\u0107, naciskaj\u0105c obraz kontaktu na smartfonach, a na komputerze stacjonarnym Tw\u00f3j numer b\u0119dzie widoczny, co usprawni nawi\u0105zywanie po\u0142\u0105czenia. Sam dymek i okno wywo\u0142ania s\u0105 w pe\u0142ni konfigurowalne i pozwalaj\u0105 na stworzenie absolutnie unikalnego projektu wtyczki. Mo\u017cesz tak\u017ce dowolnie modyfikowa\u0107 wszystkie elementy swojego wid\u017cetu, tak aby by\u0142 on ca\u0142kowicie zgodny z gam\u0105 kolor\u00f3w witryny.<\/p><p><b>Dzi\u0119ki przyciskowi po\u0142\u0105czenia rozpocznij rozw\u00f3j firmy i zwi\u0119ksz sprzeda\u017c<\/b><\/p><div class=\"faq\" data-component=\"FAQ\"><div class=\"faq-item\">\r\n\t\t\t\t\t<div class=\"faq-item-question\">\r\n\t\t\t\t\t\t<h3 class=\"faq-item-question-text\">W jaki spos\u00f3b mog\u0119 osadzi\u0107 przycisk Kliknij, aby po\u0142\u0105czy\u0107 w witrynie WooCommerce?<\/h3>\r\n\r\n\t\t\t\t\t\t<div class=\"faq-item-question-icon\"><\/div>\r\n\t\t\t\t\t<\/div>\r\n\r\n\t\t\t\t\t<div class=\"faq-item-answer\">\r\n\t\t\t\t\t\t<div class=\"faq-item-answer-text\"><p>Podstawa wid\u017cetu odbywa si\u0119 na stronach Elfsight i nie musisz kodowa\u0107. Otw\u00f3rz nasze aktywne demo, aby dostosowa\u0107 swoj\u0105 aplikacj\u0119, uzyska\u0107 kod i zaimplementowa\u0107 go na swojej stronie internetowej. <\/p><\/div>\r\n\t\t\t\t\t<\/div>\r\n\t\t\t\t<\/div><div class=\"faq-item\">\r\n\t\t\t\t\t<div class=\"faq-item-question\">\r\n\t\t\t\t\t\t<h3 class=\"faq-item-question-text\">Najlepsze sposoby wykorzystania integracji przycisku Zadzwo\u0144 do nas<\/h3>\r\n\r\n\t\t\t\t\t\t<div class=\"faq-item-question-icon\"><\/div>\r\n\t\t\t\t\t<\/div>\r\n\r\n\t\t\t\t\t<div class=\"faq-item-answer\">\r\n\t\t\t\t\t\t<div class=\"faq-item-answer-text\"><p>Mamy wiele mo\u017cliwo\u015bci dostosowania: pe\u0142nowymiarowe wid\u017cety do dodawania w obszarze tre\u015bci, p\u0142ywaj\u0105ce wtyczki z opcjami przewijania, uk\u0142adami stopki, nag\u0142\u00f3wka i wszelkiego rodzaju opcjami pionowymi dla pask\u00f3w bocznych i menu. <\/p><\/div>\r\n\t\t\t\t\t<\/div>\r\n\t\t\t\t<\/div><div class=\"faq-item\">\r\n\t\t\t\t\t<div class=\"faq-item-question\">\r\n\t\t\t\t\t\t<h3 class=\"faq-item-question-text\">Czy istnieje mo\u017cliwo\u015b\u0107 utworzenia przycisku pomocy lub po\u0142\u0105czenia ruchomego za po\u015brednictwem redaktora?<\/h3>\r\n\r\n\t\t\t\t\t\t<div class=\"faq-item-question-icon\"><\/div>\r\n\t\t\t\t\t<\/div>\r\n\r\n\t\t\t\t\t<div class=\"faq-item-answer\">\r\n\t\t\t\t\t\t<div class=\"faq-item-answer-text\"><p>Mo\u017cesz stworzy\u0107 dowolne odmiany wid\u017cetu. W edytorze dost\u0119pnych jest mn\u00f3stwo uk\u0142ad\u00f3w, a ka\u017cdy z nich mo\u017cna szybko spersonalizowa\u0107 wed\u0142ug w\u0142asnych potrzeb. <\/p><\/div>\r\n\t\t\t\t\t<\/div>\r\n\t\t\t\t<\/div><\/div><\/div> <div class=\"application-platform-content-item-features application-platform-content-item\" id=\"features\" data-nav-section=\"features\"><h2>Przejrzyj list\u0119 najwa\u017cniejszych funkcji:<\/h2><ul><li>Natychmiastowe wybieranie numeru na telefonie kom\u00f3rkowym urz\u0105dzenia; <\/li><li>Wybierz jeden z wariant\u00f3w pozycji wid\u017cetu: p\u0142ywaj\u0105cy w lewo, p\u0142ywaj\u0105cy w prawo lub niestandardowy; <\/li><li>Mo\u017cliwo\u015b\u0107 wy\u015bwietlania wid\u017cetu na poszczeg\u00f3lnych stronach lub wykluczania stron; <\/li><li>Trzy warianty u\u017cytkownik\u00f3w, dla kt\u00f3rych widget b\u0119dzie si\u0119 pojawia\u0142: wszyscy, nowi lub tylko powracaj\u0105cy; <\/li><li> 4 wyzwalacze wid\u017cet\u00f3w: czas sp\u0119dzony na stronie, czas sp\u0119dzony na stronie, pozycja przewijania i zamiar wyj\u015bcia. <\/li><\/ul><p><a href=\"#demo\">Po prostu sprawd\u017a t\u0119 wersj\u0119 demonstracyjn\u0105, aby zobaczy\u0107, jak to dzia\u0142a<\/a><\/p><\/div><div class=\"application-platform-content-item-installation application-platform-content-item\" id=\"installation\" data-nav-section=\"installation\"><h2>Jak doda\u0107 opcj\u0119 Kliknij, aby po\u0142\u0105czy\u0107 na mojej stronie internetowej WooCommerce?<\/h2><p>Wystarczy wykona\u0107 poni\u017csze kroki, aby zintegrowa\u0107 wid\u017cet.<\/p><ol><li><b>Uruchom nasz darmowy edytor i zacznij budowa\u0107 swoj\u0105 spersonalizowan\u0105 wtyczk\u0119. <\/b><br> Wybierz preferowany uk\u0142ad i funkcje wtyczki i zastosuj poprawki. <\/li> <li><b>Zdob\u0105d\u017a sw\u00f3j indywidualny kod pokazany w specjalnym formularzu w aplikacjach Elfsight. <\/b><br> Po zako\u0144czeniu tworzenia osobistego wid\u017cetu skopiuj osobisty kod z wy\u015bwietlonego okna i zapisz go na p\u00f3\u017aniej. <\/li> <li><b>Rozpocznij korzystanie z narz\u0119dzia na stronie WooCommerce. <\/b><br> Zaimplementuj skopiowany ostatnio kod na swojej stronie internetowej i zastosuj zmiany. <\/li> <li><b>Gotowe! Integracja zosta\u0142a ca\u0142kowicie zako\u0144czona. <\/b><br> Przejd\u017a do swojej witryny i sprawd\u017a, jak dzia\u0142a wtyczka. <\/li><\/ol> <p>Je\u015bli masz pytania lub napotkasz trudno\u015bci, nie wahaj si\u0119 napisa\u0107 do naszego zespo\u0142u wsparcia. Nasi ludzie pragn\u0105 rozwi\u0105za\u0107 wszystkie problemy, jakie mo\u017cesz mie\u0107 z wid\u017cetem.<\/p><\/div>","protected":false},"excerpt":{"rendered":"","protected":false},"author":9,"featured_media":0,"parent":2764,"menu_order":0,"comment_status":"closed","ping_status":"closed","template":"templates\/template-application-platform.php","meta":{"publish_to_discourse":"","publish_post_category":"","wpdc_auto_publish_overridden":"","wpdc_topic_tags":"","wpdc_pin_topic":"","wpdc_pin_until":"","discourse_post_id":"","discourse_permalink":"","wpdc_publishing_response":"","wpdc_publishing_error":"","footnotes":""},"class_list":["post-4615","page","type-page","status-publish","hentry"],"yoast_head":"<!-- This site is optimized with the Yoast SEO plugin v25.3.1 - https:\/\/yoast.com\/wordpress\/plugins\/seo\/ -->\n<title>Wtyczka WooCommerce Click to Call Button dla Twojej witryny (2025)<\/title>\n<meta name=\"description\" content=\"WstawZaimplementuj responsywn\u0105 aplikacj\u0119 \u201eKliknij, aby po\u0142\u0105czy\u0107\u201d w swojej witrynie WooCommerce. Skorzystaj z przydatnej wersji demonstracyjnej Elfsight i stw\u00f3rz swoj\u0105 unikaln\u0105 wtyczk\u0119 w zaledwie 2 minuty.\" \/>\n<meta name=\"robots\" content=\"index, follow, max-snippet:-1, max-image-preview:large, max-video-preview:-1\" \/>\n<link rel=\"canonical\" href=\"https:\/\/elfsight.com\/pl\/click-to-call-widget\/woocommerce\/\" \/>\n<meta property=\"og:locale\" content=\"pl_PL\" \/>\n<meta property=\"og:type\" content=\"article\" \/>\n<meta property=\"og:title\" content=\"Wtyczka WooCommerce Click to Call Button dla Twojej witryny (2025)\" \/>\n<meta property=\"og:description\" content=\"WstawZaimplementuj responsywn\u0105 aplikacj\u0119 \u201eKliknij, aby po\u0142\u0105czy\u0107\u201d w swojej witrynie WooCommerce. Skorzystaj z przydatnej wersji demonstracyjnej Elfsight i stw\u00f3rz swoj\u0105 unikaln\u0105 wtyczk\u0119 w zaledwie 2 minuty.\" \/>\n<meta property=\"og:url\" content=\"https:\/\/elfsight.com\/pl\/click-to-call-widget\/woocommerce\/\" \/>\n<meta property=\"og:site_name\" content=\"Elfsight PL\" \/>\n<meta property=\"article:modified_time\" content=\"2024-11-14T09:19:58+00:00\" \/>\n<meta name=\"twitter:card\" content=\"summary_large_image\" \/>\n<meta name=\"twitter:label1\" content=\"Szacowany czas czytania\" \/>\n\t<meta name=\"twitter:data1\" content=\"3 minuty\" \/>\n<!-- \/ Yoast SEO plugin. -->","yoast_head_json":{"title":"Wtyczka WooCommerce Click to Call Button dla Twojej witryny (2025)","description":"WstawZaimplementuj responsywn\u0105 aplikacj\u0119 \u201eKliknij, aby po\u0142\u0105czy\u0107\u201d w swojej witrynie WooCommerce. Skorzystaj z przydatnej wersji demonstracyjnej Elfsight i stw\u00f3rz swoj\u0105 unikaln\u0105 wtyczk\u0119 w zaledwie 2 minuty.","robots":{"index":"index","follow":"follow","max-snippet":"max-snippet:-1","max-image-preview":"max-image-preview:large","max-video-preview":"max-video-preview:-1"},"canonical":"https:\/\/elfsight.com\/pl\/click-to-call-widget\/woocommerce\/","og_locale":"pl_PL","og_type":"article","og_title":"Wtyczka WooCommerce Click to Call Button dla Twojej witryny (2025)","og_description":"WstawZaimplementuj responsywn\u0105 aplikacj\u0119 \u201eKliknij, aby po\u0142\u0105czy\u0107\u201d w swojej witrynie WooCommerce. Skorzystaj z przydatnej wersji demonstracyjnej Elfsight i stw\u00f3rz swoj\u0105 unikaln\u0105 wtyczk\u0119 w zaledwie 2 minuty.","og_url":"https:\/\/elfsight.com\/pl\/click-to-call-widget\/woocommerce\/","og_site_name":"Elfsight PL","article_modified_time":"2024-11-14T09:19:58+00:00","twitter_card":"summary_large_image","twitter_misc":{"Szacowany czas czytania":"3 minuty"},"schema":{"@context":"https:\/\/schema.org","@graph":[{"@type":"WebPage","@id":"https:\/\/elfsight.com\/pl\/click-to-call-widget\/woocommerce\/","url":"https:\/\/elfsight.com\/pl\/click-to-call-widget\/woocommerce\/","name":"Wtyczka WooCommerce Click to Call Button dla Twojej witryny (2025)","isPartOf":{"@id":"https:\/\/elfsight.com\/pl\/#website"},"datePublished":"2024-05-03T06:32:18+00:00","dateModified":"2024-11-14T09:19:58+00:00","description":"WstawZaimplementuj responsywn\u0105 aplikacj\u0119 \u201eKliknij, aby po\u0142\u0105czy\u0107\u201d w swojej witrynie WooCommerce. Skorzystaj z przydatnej wersji demonstracyjnej Elfsight i stw\u00f3rz swoj\u0105 unikaln\u0105 wtyczk\u0119 w zaledwie 2 minuty.","breadcrumb":{"@id":"https:\/\/elfsight.com\/pl\/click-to-call-widget\/woocommerce\/#breadcrumb"},"inLanguage":"pl-PL","potentialAction":[{"@type":"ReadAction","target":["https:\/\/elfsight.com\/pl\/click-to-call-widget\/woocommerce\/"]}]},{"@type":"BreadcrumbList","@id":"https:\/\/elfsight.com\/pl\/click-to-call-widget\/woocommerce\/#breadcrumb","itemListElement":[{"@type":"ListItem","position":1,"name":"Home","item":"https:\/\/elfsight.com\/pl\/"},{"@type":"ListItem","position":2,"name":"Click to Call","item":"https:\/\/elfsight.com\/pl\/click-to-call-widget\/"},{"@type":"ListItem","position":3,"name":"Click to Call &#8211; WooCommerce"}]},{"@type":"WebSite","@id":"https:\/\/elfsight.com\/pl\/#website","url":"https:\/\/elfsight.com\/pl\/","name":"Elfsight PL","description":"Just another Elfsight Sites site","potentialAction":[{"@type":"SearchAction","target":{"@type":"EntryPoint","urlTemplate":"https:\/\/elfsight.com\/pl\/?s={search_term_string}"},"query-input":{"@type":"PropertyValueSpecification","valueRequired":true,"valueName":"search_term_string"}}],"inLanguage":"pl-PL"}]}},"meta_box":{"industry":"","seo_heading":"","heading":"","description":"","cta_heading":"","cta_description":"","application":"2763","h1":"WooCommerce Wtyczka przycisku \u201eKliknij, aby po\u0142\u0105czy\u0107\u201d.","h1_caption":"Pozw\u00f3l u\u017cytkownikom na natychmiastowy kontakt z Tob\u0105 za pomoc\u0105 prostego przycisku \u201ekliknij, aby po\u0142\u0105czy\u0107\u201d, dzi\u0119ki czemu \u0142atwiej b\u0119dzie Ci dotrze\u0107 bezpo\u015brednio do Twojej witryny WooCommerce.","application_category":[],"applications_title":"","applications_request_title":"","applications_request_button_text":"","hero_text":"","hero_video":"","hero_video_schema_markup":"","selling_points_title":"","selling_points_caption":"","selling_points":[],"selling_points_cta_text":"","features_title":"","features":"","ed_cta_examples_text":"","ed_cta_examples_hidden":"","ed_cta_demo_text":"","ed_cta_demo_hidden":"","why_caption":"","why_editor_title":"","why_editor_text":"","why_team_title":"","why_team_text":"","why_service_title":"","why_service_text":"","template_catalog_visible":"","template_catalog_title":"","template_catalog_text":"","template_catalog_categories_visible":"","demo_title":"Utw\u00f3rz aplikacj\u0119 \u201ekliknij, aby po\u0142\u0105czy\u0107\u201d.","demo_caption":"Skonfiguruj us\u0142ug\u0119 Click to Call i dodaj j\u0105 do swojej witryny WooCommerce za darmo!","default_faq_hidden":"","app_template_category":[],"platform":"335","template_public_id":"","codecanyon_url":"","codecanyon_item_id":"","codecanyon_price":"","pricing_caption":"","pricing_elfsight_apps_hide_column":"","pricing_elfsight_apps_url":"","pricing_codecanyon_price_caption":"","integration_category":[],"integration_request_title":"","integration_request_cta":"","integration_platform":"","integrations":[],"platform_category":[],"video_schema_markup":"","price":"od 0 USD \/ miesi\u0105c","trial":"","benefits":[{"text":"Bezp\u0142atna pomoc w monta\u017cu"},{"text":"Profesjonalna obs\u0142uga klienta"},{"text":"14-dniowa gwarancja zwrotu pieni\u0119dzy"}],"button_url":"#demo","button_target_blank":"","button_nofollow":"","attributes":[{"name":"Instaluje"},{"name":"Czu\u0142y"},{"name":"Kompatybilne przegl\u0105darki"}],"tags":[],"tags_disable_links":"","hide_more_platforms":"","video_object":"","demo_hide_cta":"","demo_hide_cloud_options":"","pricing_title":"","pricing":[{"pricing_icon":"platform","pricing_title":"Elfsight Apps","pricing_title_caption":"Wieloplatformowe rozwi\u0105zanie cyfrowe, kt\u00f3re dzia\u0142a na ka\u017cdej stronie","pricing_price":"od 0 USD \/ miesi\u0105c","pricing_price_caption":"zacznij od bezp\u0142atnego planu","pricing_benefits":[{"text":"Nielimitowane strony internetowe"},{"text":"Bezp\u0142atne i terminowe wsparcie oraz dobrze udokumentowane"},{"text":"Bezp\u0142atna pomoc w monta\u017cu"},{"text":"100% konfigurowalny"}],"pricing_button_text":"Dodaj do witryny","pricing_button_url":"#demo"}],"related_apps_title":"","related_apps_hidden":"","author":"","image":[],"title":"","job":"","social_networks":[]},"_links":{"self":[{"href":"https:\/\/elfsight.com\/pl\/wp-json\/wp\/v2\/pages\/4615","targetHints":{"allow":["GET"]}}],"collection":[{"href":"https:\/\/elfsight.com\/pl\/wp-json\/wp\/v2\/pages"}],"about":[{"href":"https:\/\/elfsight.com\/pl\/wp-json\/wp\/v2\/types\/page"}],"author":[{"embeddable":true,"href":"https:\/\/elfsight.com\/pl\/wp-json\/wp\/v2\/users\/9"}],"replies":[{"embeddable":true,"href":"https:\/\/elfsight.com\/pl\/wp-json\/wp\/v2\/comments?post=4615"}],"version-history":[{"count":1,"href":"https:\/\/elfsight.com\/pl\/wp-json\/wp\/v2\/pages\/4615\/revisions"}],"predecessor-version":[{"id":4619,"href":"https:\/\/elfsight.com\/pl\/wp-json\/wp\/v2\/pages\/4615\/revisions\/4619"}],"up":[{"embeddable":true,"href":"https:\/\/elfsight.com\/pl\/wp-json\/wp\/v2\/pages\/2764"}],"wp:attachment":[{"href":"https:\/\/elfsight.com\/pl\/wp-json\/wp\/v2\/media?parent=4615"}],"curies":[{"name":"wp","href":"https:\/\/api.w.org\/{rel}","templated":true}]}}