{"id":4613,"date":"2024-05-03T06:32:16","date_gmt":"2024-05-03T06:32:16","guid":{"rendered":"https:\/\/elfsight.com\/pl\/?page_id=4613"},"modified":"2025-06-25T15:51:39","modified_gmt":"2025-06-25T15:51:39","slug":"google-sites","status":"publish","type":"page","link":"https:\/\/elfsight.com\/pl\/click-to-call-widget\/google-sites\/","title":{"rendered":"Click To Call &#8211; Google Sites"},"content":{"rendered":"<div class=\"application-platform-content-item-description application-platform-content-item\" id=\"description\" data-nav-section=\"description\">\n<h2>Umie\u015b\u0107 opcj\u0119 Kliknij, aby po\u0142\u0105czy\u0107 w Witrynach Google za pomoc\u0105 wid\u017cetu Elfsight<\/h2>\n<p>Widget po\u0142\u0105czenia Elfsight dla Witryn Google to skuteczne narz\u0119dzie umo\u017cliwiaj\u0105ce aby Twoi odbiorcy mogli do Ciebie szybciej dzwoni\u0107. U\u017cytkownicy mog\u0105 do Ciebie zadzwoni\u0107, naciskaj\u0105c ikon\u0119 kontaktu na smartfonach, a na komputerze Tw\u00f3j numer b\u0119dzie miga\u0142, co usprawni nawi\u0105zywanie po\u0142\u0105czenia. Ba\u0144ka i okno wywo\u0142ania s\u0105 w pe\u0142ni regulowane i pozwalaj\u0105 stworzy\u0107 ca\u0142kowicie ekskluzywny styl Twojego narz\u0119dzia. Mo\u017cesz dowolnie przemalowa\u0107 wszystkie elementy wtyczki, aby idealnie pasowa\u0142y do \u200b\u200bog\u00f3lnego projektu witryny.<\/p>\n<p><b>Wypr\u00f3buj przycisk Zadzwo\u0144 do mnie, aby szybciej osi\u0105gn\u0105\u0107 szczyty e-commerce!<\/b><\/p>\n<div class=\"faq\" data-component=\"FAQ\">\n    <div class=\"faq-item\">\r\n\t\t\t\t\t<div class=\"faq-item-question\">\r\n\t\t\t\t\t\t<h3 class=\"faq-item-question-text\">Gdzie mog\u0119 osadzi\u0107 przycisk po\u0142\u0105czenia<\/h3>\r\n\r\n\t\t\t\t\t\t<div class=\"faq-item-question-icon\"><\/div>\r\n\t\t\t\t\t<\/div>\r\n\r\n\t\t\t\t\t<div class=\"faq-item-answer\">\r\n\t\t\t\t\t\t<div class=\"faq-item-answer-text\">\n    <p>Mo\u017cesz wybra\u0107 strony, na kt\u00f3rych chcesz wy\u015bwietli\u0107 dymek po\u0142\u0105cze\u0144 i wprowadzi\u0107 ich adresy URL w sekcji ustawie\u0144. Mo\u017cesz te\u017c usun\u0105\u0107 dok\u0142adne strony, a tak\u017ce adresy URL.<\/p>\n    <\/div>\r\n\t\t\t\t\t<\/div>\r\n\t\t\t\t<\/div>\n    <div class=\"faq-item\">\r\n\t\t\t\t\t<div class=\"faq-item-question\">\r\n\t\t\t\t\t\t<h3 class=\"faq-item-question-text\">Jak mog\u0119 skorzysta\u0107 z wid\u017cetu?<\/h3>\r\n\r\n\t\t\t\t\t\t<div class=\"faq-item-question-icon\"><\/div>\r\n\t\t\t\t\t<\/div>\r\n\r\n\t\t\t\t\t<div class=\"faq-item-answer\">\r\n\t\t\t\t\t\t<div class=\"faq-item-answer-text\">\n    <p>Prosta rozmowa przez telefon pomaga zmieni\u0107 bardziej prawdopodobnych nabywc\u00f3w u dotychczasowych klient\u00f3w. Ponadto mo\u017cliwo\u015b\u0107 dzwonienia i demonstracja numeru telefonu jednym klikni\u0119ciem sprawi, \u017ce dzwonienie do Ciebie b\u0119dzie niezwykle proste.<\/p>\n    <\/div>\r\n\t\t\t\t\t<\/div>\r\n\t\t\t\t<\/div>\n    <div class=\"faq-item\">\r\n\t\t\t\t\t<div class=\"faq-item-question\">\r\n\t\t\t\t\t\t<h3 class=\"faq-item-question-text\">Czego potrzebuj\u0119, aby przycisk Zadzwo\u0144 teraz w mojej witrynie Google Sites?<\/h3>\r\n\r\n\t\t\t\t\t\t<div class=\"faq-item-question-icon\"><\/div>\r\n\t\t\t\t\t<\/div>\r\n\r\n\t\t\t\t\t<div class=\"faq-item-answer\">\r\n\t\t\t\t\t\t<div class=\"faq-item-answer-text\">\n    <p>Jedyne, co musisz zrobi\u0107, to zbudowa\u0107 wid\u017cet, zdefiniowa\u0107 kolory i size, nast\u0119pnie zapisz swoj\u0105 prac\u0119 i kliknij, aby skopiowa\u0107 kod, kt\u00f3ry pojawi si\u0119 w wyskakuj\u0105cym okienku na ko\u0144cu procesu produkcyjnego. Umie\u015b\u0107 ten kod na swojej stronie internetowej.<\/p>\n    <\/div>\r\n\t\t\t\t\t<\/div>\r\n\t\t\t\t<\/div>\n<\/div>\n<\/div>\n\n<div class=\"application-platform-content-item-features application-platform-content-item\" id=\"features\" data-nav-section=\"features\">\n<h2>Znajd\u017a poni\u017cej kluczowe funkcje wid\u017cetu:<\/h2>\n<ul>\n    <li>B\u0142yskawiczne wybieranie na urz\u0105dzeniach mobilnych;<\/li>\n    <li>Wybierz jedn\u0105 z trzech opcji umieszczenia wid\u017cetu: p\u0142ywaj\u0105cy w lewo, p\u0142ywaj\u0105cy w prawo lub niestandardowy;<\/li>\n    <li>Mo\u017cliwo\u015b\u0107 zaprezentowania wid\u017cetu na wybranych stronach lub wykluczenia stron internetowych;<\/li>\n    <li>Trzy grupy odwiedzaj\u0105cych, kt\u00f3rym mo\u017cna pokaza\u0107 wid\u017cet: wszystkim, nowym i tylko powracaj\u0105cym;<\/li>\n    <li>Wbudowany widget wyzwala: czas sp\u0119dzony na stronie, czas sp\u0119dzony na stronie, ilo\u015b\u0107 przewini\u0119\u0107 i pr\u00f3b\u0119 wyj\u015bcia.<\/li>\n<\/ul>\n<p><a href=\"#demo\">Mo\u017cesz przetestuj pe\u0142n\u0105 funkcjonalno\u015b\u0107 wid\u017cetu w wersji demonstracyjnej tutaj<\/a><\/p>\n<\/div>\n\n<div class=\"application-platform-content-item-installation application-platform-content-item\" id=\"installation\" data-nav-section=\"installation\">\n<h2>Jak mog\u0119 osadzi\u0107 przycisk \u201eKliknij, aby po\u0142\u0105czy\u0107\u201d w mojej witrynie Google?<\/h2>\n<p>Wystarczy wykona\u0107 czynno\u015bci opisane poni\u017cej, aby wstawi\u0107 wid\u017cet.<\/p>\n<ol>\n    <li><b>Skorzystaj z naszego bezp\u0142atnego konfiguratora i zacznij tworzy\u0107 swoj\u0105 unikaln\u0105 wtyczk\u0119.<\/b><br> Okre\u015bl. po\u017c\u0105dany wygl\u0105d i funkcjonalno\u015b\u0107 narz\u0119dzia oraz zastosuj modyfikacje.<\/li>\n    <li><b>Poka\u017c sw\u00f3j unikalny kod w oknie aplikacji Elfsight.<\/b><br> Po zako\u0144czeniu dostosowywania wid\u017cetu , skopiuj ekskluzywny kod z wyskakuj\u0105cego okienka i zachowaj go do wykorzystania w przysz\u0142o\u015bci.<\/li>\n    <li><b>Rozpocznij korzystanie z wid\u017cetu Zadzwo\u0144 do mnie w Witrynach Google.<\/b><br> Zintegruj zapisany wcze\u015bniej kod z swoj\u0105 stron\u0119 g\u0142\u00f3wn\u0105 i zapisz zmiany.<\/li>\n    <li><b>Instalacja zosta\u0142a pomy\u015blnie przeprowadzona.<\/b><br> Odwied\u017a swoj\u0105 stron\u0119, aby sprawdzi\u0107 dzia\u0142anie narz\u0119dzia.<\/li>\n<\/ol>\n<div class=\"tip-yellow tip\"><b>Ze wzgl\u0119du na specyfik\u0119 dzia\u0142ania Witryn Google wid\u017cet mo\u017ce wygl\u0105da\u0107 inaczej ni\u017c wersja demonstracyjna online. Przepraszamy za wszelkie niedogodno\u015bci.<\/b><\/div>\n<p>Je\u015bli napotkasz jakiekolwiek trudno\u015bci, bez wahania skontaktuj si\u0119 z naszym zespo\u0142em obs\u0142ugi klienta. Nasi konsultanci z przyjemno\u015bci\u0105 pomog\u0105 Ci we wszystkich trudno\u015bciach, jakie mo\u017cesz napotka\u0107 w zwi\u0105zku z tym narz\u0119dziem.<\/p>\n<\/div>","protected":false},"excerpt":{"rendered":"","protected":false},"author":9,"featured_media":0,"parent":2764,"menu_order":0,"comment_status":"closed","ping_status":"closed","template":"templates\/template-application-platform.php","meta":{"publish_to_discourse":"","publish_post_category":"","wpdc_auto_publish_overridden":"","wpdc_topic_tags":"","wpdc_pin_topic":"","wpdc_pin_until":"","discourse_post_id":"","discourse_permalink":"","wpdc_publishing_response":"","wpdc_publishing_error":"","footnotes":""},"class_list":["post-4613","page","type-page","status-publish","hentry"],"yoast_head":"<!-- This site is optimized with the Yoast SEO plugin v25.3.1 - https:\/\/yoast.com\/wordpress\/plugins\/seo\/ -->\n<title>Kliknij przycisk po\u0142\u0105czenia | Dodaj przycisk Zadzwo\u0144 do mnie do Witryn Google [2025]<\/title>\n<meta name=\"description\" content=\"WstawZaimplementuj przydatny przycisk Zadzwo\u0144 do mnie w swoich Witrynach Google. Skorzystaj z przydatnej wersji demonstracyjnej Elfsight i ukszta\u0142tuj swoj\u0105 ekskluzywn\u0105 wtyczk\u0119 Call w 1-2-3.\" \/>\n<meta name=\"robots\" content=\"index, follow, max-snippet:-1, max-image-preview:large, max-video-preview:-1\" \/>\n<link rel=\"canonical\" href=\"https:\/\/elfsight.com\/pl\/click-to-call-widget\/google-sites\/\" \/>\n<meta property=\"og:locale\" content=\"pl_PL\" \/>\n<meta property=\"og:type\" content=\"article\" \/>\n<meta property=\"og:title\" content=\"Kliknij przycisk po\u0142\u0105czenia | Dodaj przycisk Zadzwo\u0144 do mnie do Witryn Google [2025]\" \/>\n<meta property=\"og:description\" content=\"WstawZaimplementuj przydatny przycisk Zadzwo\u0144 do mnie w swoich Witrynach Google. Skorzystaj z przydatnej wersji demonstracyjnej Elfsight i ukszta\u0142tuj swoj\u0105 ekskluzywn\u0105 wtyczk\u0119 Call w 1-2-3.\" \/>\n<meta property=\"og:url\" content=\"https:\/\/elfsight.com\/pl\/click-to-call-widget\/google-sites\/\" \/>\n<meta property=\"og:site_name\" content=\"Elfsight PL\" \/>\n<meta property=\"article:modified_time\" content=\"2025-06-25T15:51:39+00:00\" \/>\n<meta name=\"twitter:card\" content=\"summary_large_image\" \/>\n<meta name=\"twitter:label1\" content=\"Szacowany czas czytania\" \/>\n\t<meta name=\"twitter:data1\" content=\"3 minuty\" \/>\n<!-- \/ Yoast SEO plugin. -->","yoast_head_json":{"title":"Kliknij przycisk po\u0142\u0105czenia | Dodaj przycisk Zadzwo\u0144 do mnie do Witryn Google [2025]","description":"WstawZaimplementuj przydatny przycisk Zadzwo\u0144 do mnie w swoich Witrynach Google. Skorzystaj z przydatnej wersji demonstracyjnej Elfsight i ukszta\u0142tuj swoj\u0105 ekskluzywn\u0105 wtyczk\u0119 Call w 1-2-3.","robots":{"index":"index","follow":"follow","max-snippet":"max-snippet:-1","max-image-preview":"max-image-preview:large","max-video-preview":"max-video-preview:-1"},"canonical":"https:\/\/elfsight.com\/pl\/click-to-call-widget\/google-sites\/","og_locale":"pl_PL","og_type":"article","og_title":"Kliknij przycisk po\u0142\u0105czenia | Dodaj przycisk Zadzwo\u0144 do mnie do Witryn Google [2025]","og_description":"WstawZaimplementuj przydatny przycisk Zadzwo\u0144 do mnie w swoich Witrynach Google. Skorzystaj z przydatnej wersji demonstracyjnej Elfsight i ukszta\u0142tuj swoj\u0105 ekskluzywn\u0105 wtyczk\u0119 Call w 1-2-3.","og_url":"https:\/\/elfsight.com\/pl\/click-to-call-widget\/google-sites\/","og_site_name":"Elfsight PL","article_modified_time":"2025-06-25T15:51:39+00:00","twitter_card":"summary_large_image","twitter_misc":{"Szacowany czas czytania":"3 minuty"},"schema":{"@context":"https:\/\/schema.org","@graph":[{"@type":"WebPage","@id":"https:\/\/elfsight.com\/pl\/click-to-call-widget\/google-sites\/","url":"https:\/\/elfsight.com\/pl\/click-to-call-widget\/google-sites\/","name":"Kliknij przycisk po\u0142\u0105czenia | Dodaj przycisk Zadzwo\u0144 do mnie do Witryn Google [2025]","isPartOf":{"@id":"https:\/\/elfsight.com\/pl\/#website"},"datePublished":"2024-05-03T06:32:16+00:00","dateModified":"2025-06-25T15:51:39+00:00","description":"WstawZaimplementuj przydatny przycisk Zadzwo\u0144 do mnie w swoich Witrynach Google. Skorzystaj z przydatnej wersji demonstracyjnej Elfsight i ukszta\u0142tuj swoj\u0105 ekskluzywn\u0105 wtyczk\u0119 Call w 1-2-3.","breadcrumb":{"@id":"https:\/\/elfsight.com\/pl\/click-to-call-widget\/google-sites\/#breadcrumb"},"inLanguage":"pl-PL","potentialAction":[{"@type":"ReadAction","target":["https:\/\/elfsight.com\/pl\/click-to-call-widget\/google-sites\/"]}]},{"@type":"BreadcrumbList","@id":"https:\/\/elfsight.com\/pl\/click-to-call-widget\/google-sites\/#breadcrumb","itemListElement":[{"@type":"ListItem","position":1,"name":"Home","item":"https:\/\/elfsight.com\/pl\/"},{"@type":"ListItem","position":2,"name":"Click to Call","item":"https:\/\/elfsight.com\/pl\/click-to-call-widget\/"},{"@type":"ListItem","position":3,"name":"Click To Call &#8211; Google Sites"}]},{"@type":"WebSite","@id":"https:\/\/elfsight.com\/pl\/#website","url":"https:\/\/elfsight.com\/pl\/","name":"Elfsight PL","description":"Just another Elfsight Sites site","potentialAction":[{"@type":"SearchAction","target":{"@type":"EntryPoint","urlTemplate":"https:\/\/elfsight.com\/pl\/?s={search_term_string}"},"query-input":{"@type":"PropertyValueSpecification","valueRequired":true,"valueName":"search_term_string"}}],"inLanguage":"pl-PL"}]}},"meta_box":{"industry":"","seo_heading":"","heading":"","description":"","cta_heading":"","cta_description":"","application":"2763","h1":"Przycisk \u201eKliknij, aby po\u0142\u0105czy\u0107\u201d w Witrynach Google","h1_caption":"Umo\u017cliwiaj u\u017cytkownikom natychmiastowy kontakt z Tob\u0105 za pomoc\u0105 prostego przycisku \u201ekliknij, aby po\u0142\u0105czy\u0107\u201d, dzi\u0119ki czemu \u0142atwiej b\u0119dzie Ci skontaktowa\u0107 si\u0119 bezpo\u015brednio z Twoimi Witrynami Google.","application_category":[],"applications_title":"","applications_request_title":"","applications_request_button_text":"","hero_text":"","hero_video":"","hero_video_schema_markup":"","selling_points_title":"","selling_points_caption":"","selling_points":[],"selling_points_cta_text":"","features_title":"","features":"","ed_cta_examples_text":"","ed_cta_examples_hidden":"","ed_cta_demo_text":"","ed_cta_demo_hidden":"","why_caption":"","why_editor_title":"","why_editor_text":"","why_team_title":"","why_team_text":"","why_service_title":"","why_service_text":"","template_catalog_visible":"0","template_catalog_title":"","template_catalog_text":"","template_catalog_categories_visible":"","demo_title":"Utw\u00f3rz wid\u017cet \u201eKliknij, aby po\u0142\u0105czy\u0107\u201d.","demo_caption":"Skonfiguruj us\u0142ug\u0119 \u201ekliknij, aby po\u0142\u0105czy\u0107\u201d i dodaj j\u0105 do swojej witryny Google Sites za darmo!","default_faq_hidden":"","app_template_category":[],"platform":"484","template_public_id":"","codecanyon_url":"","codecanyon_item_id":"","codecanyon_price":"","pricing_caption":"","pricing_elfsight_apps_hide_column":"","pricing_elfsight_apps_url":"","pricing_codecanyon_price_caption":"","integration_category":[],"integration_request_title":"","integration_request_cta":"","integration_platform":"","integrations":[],"platform_category":[],"video_schema_markup":"","price":"od 0 USD \/ miesi\u0105c","trial":"","benefits":[{"text":"Bezp\u0142atna pomoc w instalacji"},{"text":"Wyj\u0105tkowe wsparcie"},{"text":"14-dniowa gwarancja zwrotu pieni\u0119dzy"}],"button_url":"#demo","button_target_blank":"0","button_nofollow":"0","attributes":[{"name":"Instaluje"},{"name":"Czu\u0142y"},{"name":"Kompatybilne przegl\u0105darki"}],"tags":[],"tags_disable_links":"0","hide_more_platforms":"0","video_object":"","demo_hide_cta":"0","demo_hide_cloud_options":"0","pricing_title":"","pricing":[{"pricing_icon":"platform","pricing_title":"Elfsight Apps","pricing_title_caption":"Wieloplatformowe rozwi\u0105zanie cyfrowe, kt\u00f3re pasuje do ka\u017cdej witryny internetowej","pricing_price":"od 0 USD \/ miesi\u0105c","pricing_price_caption":"zacznij od bezp\u0142atnego planu","pricing_benefits":[{"text":"Nieograniczona liczba stron internetowych"},{"text":"Bezp\u0142atna obs\u0142uga klienta"},{"text":"Bezp\u0142atna pomoc w instalacji"},{"text":"Elastyczny projekt"}],"pricing_button_text":"Dodaj do witryny","pricing_button_url":"#demo"}],"related_apps_title":"","related_apps_hidden":"0","author":"","image":[],"title":"","job":"","social_networks":[]},"_links":{"self":[{"href":"https:\/\/elfsight.com\/pl\/wp-json\/wp\/v2\/pages\/4613","targetHints":{"allow":["GET"]}}],"collection":[{"href":"https:\/\/elfsight.com\/pl\/wp-json\/wp\/v2\/pages"}],"about":[{"href":"https:\/\/elfsight.com\/pl\/wp-json\/wp\/v2\/types\/page"}],"author":[{"embeddable":true,"href":"https:\/\/elfsight.com\/pl\/wp-json\/wp\/v2\/users\/9"}],"replies":[{"embeddable":true,"href":"https:\/\/elfsight.com\/pl\/wp-json\/wp\/v2\/comments?post=4613"}],"version-history":[{"count":2,"href":"https:\/\/elfsight.com\/pl\/wp-json\/wp\/v2\/pages\/4613\/revisions"}],"predecessor-version":[{"id":10508,"href":"https:\/\/elfsight.com\/pl\/wp-json\/wp\/v2\/pages\/4613\/revisions\/10508"}],"up":[{"embeddable":true,"href":"https:\/\/elfsight.com\/pl\/wp-json\/wp\/v2\/pages\/2764"}],"wp:attachment":[{"href":"https:\/\/elfsight.com\/pl\/wp-json\/wp\/v2\/media?parent=4613"}],"curies":[{"name":"wp","href":"https:\/\/api.w.org\/{rel}","templated":true}]}}