{"id":461,"date":"2020-11-20T06:41:29","date_gmt":"2020-11-20T06:41:29","guid":{"rendered":"https:\/\/elfsight.com\/pl\/?page_id=461"},"modified":"2021-04-21T13:45:36","modified_gmt":"2021-04-21T13:45:36","slug":"wordpress-page-builder-plugins","status":"publish","type":"page","link":"https:\/\/elfsight.com\/pl\/wordpress-page-builder-plugins\/","title":{"rendered":"WordPress Page Builder plugins"},"content":{"rendered":"\n<h2>Najbardziej optymalne rozwi\u0105zania Elfsight dla aktualizacji twojej witryny internetowej WordPress Page Builder<\/h2>\n\n<p>Przez kilka lat nasza dru\u017cyna profesjonalist\u00f3w Elfsight konstruuje Plug&amp;Play i wszechstronne widgety chmurowe dla Twojej witryny internetowej. Mo\u017cemy zagwarantowa\u0107 profesjonalne wsparcie oraz szybkie \u0142adowanie. Pluginy Elfsight s\u0142u\u017c\u0105 w\u0142a\u015bcicielom sklep\u00f3w e-commerce, non-profit oraz innym z r\u00f3\u017cnych kraj\u00f3w \u015bwiata poradzi\u0107 sobie z powa\u017cnymi celami bardziej skutecznie. \n<\/p>\n\n<p>A\u017ceby powi\u0119kszy\u0107 sprzeda\u017c, pokaza\u0107 5-gwiazdkow\u0105 ocen\u0119 na Twoje us\u0142ugi, zwi\u0119kszy\u0107 zaufanie do swojej marki, przez proste dodawanie element\u00f3w interfejsu do Twojej serwisu www. Nasze plany taryfowe wahaj\u0105 si\u0119 od bezp\u0142atnych do premium. \u0141atwo wbudowa\u0107 dowolnie odpowiednie elementy interfejsu przy u\u017cyciu naszej wersji demonstracyjnej i sprawd\u017a jak bardzo to b\u0119dzie istotne w kwestii rozwoju serwisu www przedsi\u0119biorstwa. <\/p>\n\n<h2>Co sprawia, \u017ce aplikacji Elfsight s\u0105 tak wyj\u0105tkowymi instrumentami dla Ciebie? <\/h2>\n\n<p> Oto lista silnych jako\u015bci naszych widget\u00f3w, kt\u00f3re umo\u017cliwiaj\u0105 nam wyprzedzi\u0107 konkurencj\u0119: <\/p>\n\n\n<ul>\n<li> Darmowa i sprawna pomoc przy instalacje lub customizacji wtyczek; <\/li>\n<li> W pe\u0142ni responsywne do wszystkich rozdzielczo\u015bci stron internetowych i przyjazne dla urz\u0105dze\u0144 mobilnych; <\/li>\n<li> Nie trzeba programowa\u0107; <\/li>\n<li> Bogaty wyb\u00f3r mo\u017cliwo\u015bci personalizacji; <\/li>\n<li> Rozwi\u0105zania w chmurze pomagaj\u0105 zwi\u0119kszy\u0107 szybko\u015b\u0107 witryny; <\/li>\n<li> Wszystkie aktualizacje s\u0105 gratisowe i regularnie publikowane; <\/li>\n<li> Rozs\u0105dny zakres cen; <\/li>\n<li> Profesjonalna pomoc z problemami klient\u00f3w. <\/li>\n<\/ul>\n\n<p> Poznaj wolne wersje Lite naszych aplikacji i wykorzystaj jej potencja\u0142 lub zainstaluj dowolne wymagane wtyczk\u0119 z 20% zni\u017ck\u0105. <\/p>\n\n\n<h2> Jak wbudowa\u0107 Pa\u0144stwa wid\u017cety na witrynie WordPress Page Builder <\/h2>\n\n<p> A\u017ceby osadzi\u0107 widgety, wykonaj wszystkie etapy z oczywistej instrukcji: <\/p>\n\n\n<ol>\n<li> Kliknij odpowiedni widget; <\/li>\n<li> Dostosuj wymagane ustawienia; <\/li>\n<li> Zapisz zmiany; <\/li>\n<li> Otrzymaj generowany kod; <\/li>\n<li> Dodaj kod instalacyjny w wymaganym miejscu Twojej witryny lub szablonu; <\/li>\n<li> Zrobione! Pomy\u015blnie zako\u0144czy\u0142e\u015b dodawanie plugina. <\/li>\n<\/ol>\n\n<p> W razie pyta\u0144, zapraszamy poinformowa\u0107 o tym zespo\u0142 pomocy technicznej Elfsight. <\/p>\n","protected":false},"excerpt":{"rendered":"Najbardziej optymalne rozwi\u0105zania Elfsight dla aktualizacji twojej witryny internetowej WordPress Page Builder Przez kilka lat nasza dru\u017cyna profesjonalist\u00f3w Elfsight konstruuje Plug&amp;Play i wszechstronne widgety chmurowe dla Twojej witryny internetowej. Mo\u017cemy zagwarantowa\u0107 profesjonalne wsparcie oraz szybkie \u0142adowanie. Pluginy Elfsight s\u0142u\u017c\u0105 w\u0142a\u015bcicielom sklep\u00f3w e-commerce, non-profit oraz innym z r\u00f3\u017cnych kraj\u00f3w \u015bwiata poradzi\u0107&#8230;","protected":false},"author":13,"featured_media":0,"parent":0,"menu_order":0,"comment_status":"closed","ping_status":"closed","template":"templates\/template-platform.php","meta":{"publish_to_discourse":"","publish_post_category":"","wpdc_auto_publish_overridden":"","wpdc_topic_tags":"","wpdc_pin_topic":"","wpdc_pin_until":"","discourse_post_id":"","discourse_permalink":"","wpdc_publishing_response":"","wpdc_publishing_error":"","footnotes":""},"class_list":["post-461","page","type-page","status-publish","hentry"],"yoast_head":"<!-- This site is optimized with the Yoast SEO plugin v25.3.1 - https:\/\/yoast.com\/wordpress\/plugins\/seo\/ -->\n<title>Ponad 80 WordPress Page Builder plugin\u00f3w dla strony internetowej<\/title>\n<meta name=\"description\" content=\"Katalog doskona\u0142ych plugin\u00f3w interfejsu dla strony internetowej WordPress Page Builder. Pom\u00f3c z personalizacj\u0105 oraz szeroka funkcjonalno\u015b\u0107.\" \/>\n<meta name=\"robots\" content=\"index, follow, max-snippet:-1, max-image-preview:large, max-video-preview:-1\" \/>\n<link rel=\"canonical\" href=\"https:\/\/elfsight.com\/pl\/wordpress-page-builder-plugins\/\" \/>\n<meta property=\"og:locale\" content=\"pl_PL\" \/>\n<meta property=\"og:type\" content=\"article\" \/>\n<meta property=\"og:title\" content=\"Ponad 80 WordPress Page Builder plugin\u00f3w dla strony internetowej\" \/>\n<meta property=\"og:description\" content=\"Katalog doskona\u0142ych plugin\u00f3w interfejsu dla strony internetowej WordPress Page Builder. Pom\u00f3c z personalizacj\u0105 oraz szeroka funkcjonalno\u015b\u0107.\" \/>\n<meta property=\"og:url\" content=\"https:\/\/elfsight.com\/pl\/wordpress-page-builder-plugins\/\" \/>\n<meta property=\"og:site_name\" content=\"Elfsight PL\" \/>\n<meta property=\"article:modified_time\" content=\"2021-04-21T13:45:36+00:00\" \/>\n<meta name=\"twitter:card\" content=\"summary_large_image\" \/>\n<meta name=\"twitter:label1\" content=\"Szacowany czas czytania\" \/>\n\t<meta name=\"twitter:data1\" content=\"2 minuty\" \/>\n<!-- \/ Yoast SEO plugin. -->","yoast_head_json":{"title":"Ponad 80 WordPress Page Builder plugin\u00f3w dla strony internetowej","description":"Katalog doskona\u0142ych plugin\u00f3w interfejsu dla strony internetowej WordPress Page Builder. Pom\u00f3c z personalizacj\u0105 oraz szeroka funkcjonalno\u015b\u0107.","robots":{"index":"index","follow":"follow","max-snippet":"max-snippet:-1","max-image-preview":"max-image-preview:large","max-video-preview":"max-video-preview:-1"},"canonical":"https:\/\/elfsight.com\/pl\/wordpress-page-builder-plugins\/","og_locale":"pl_PL","og_type":"article","og_title":"Ponad 80 WordPress Page Builder plugin\u00f3w dla strony internetowej","og_description":"Katalog doskona\u0142ych plugin\u00f3w interfejsu dla strony internetowej WordPress Page Builder. Pom\u00f3c z personalizacj\u0105 oraz szeroka funkcjonalno\u015b\u0107.","og_url":"https:\/\/elfsight.com\/pl\/wordpress-page-builder-plugins\/","og_site_name":"Elfsight PL","article_modified_time":"2021-04-21T13:45:36+00:00","twitter_card":"summary_large_image","twitter_misc":{"Szacowany czas czytania":"2 minuty"},"schema":{"@context":"https:\/\/schema.org","@graph":[{"@type":"WebPage","@id":"https:\/\/elfsight.com\/pl\/wordpress-page-builder-plugins\/","url":"https:\/\/elfsight.com\/pl\/wordpress-page-builder-plugins\/","name":"Ponad 80 WordPress Page Builder plugin\u00f3w dla strony internetowej","isPartOf":{"@id":"https:\/\/elfsight.com\/pl\/#website"},"datePublished":"2020-11-20T06:41:29+00:00","dateModified":"2021-04-21T13:45:36+00:00","description":"Katalog doskona\u0142ych plugin\u00f3w interfejsu dla strony internetowej WordPress Page Builder. Pom\u00f3c z personalizacj\u0105 oraz szeroka funkcjonalno\u015b\u0107.","breadcrumb":{"@id":"https:\/\/elfsight.com\/pl\/wordpress-page-builder-plugins\/#breadcrumb"},"inLanguage":"pl-PL","potentialAction":[{"@type":"ReadAction","target":["https:\/\/elfsight.com\/pl\/wordpress-page-builder-plugins\/"]}]},{"@type":"BreadcrumbList","@id":"https:\/\/elfsight.com\/pl\/wordpress-page-builder-plugins\/#breadcrumb","itemListElement":[{"@type":"ListItem","position":1,"name":"Home","item":"https:\/\/elfsight.com\/pl\/"},{"@type":"ListItem","position":2,"name":"WordPress Page Builder plugins"}]},{"@type":"WebSite","@id":"https:\/\/elfsight.com\/pl\/#website","url":"https:\/\/elfsight.com\/pl\/","name":"Elfsight PL","description":"Just another Elfsight Sites site","potentialAction":[{"@type":"SearchAction","target":{"@type":"EntryPoint","urlTemplate":"https:\/\/elfsight.com\/pl\/?s={search_term_string}"},"query-input":{"@type":"PropertyValueSpecification","valueRequired":true,"valueName":"search_term_string"}}],"inLanguage":"pl-PL"}]}},"meta_box":{"industry":"","seo_heading":"","heading":"","description":"","cta_heading":"","cta_description":"","application":"","h1":"Najlepsze pluginy WordPress Page Builder","h1_caption":"Darmowy zestaw doskona\u0142ych dodatk\u00f3w najwy\u017cszej klasy z szerokim wachlarzem funkcji dla zwi\u0119kszenia sprzeda\u017cy i realizacji wszystkich pozosta\u0142ych cel\u00f3w handlowych. Nieskomplikowane integrowanie, szeroka oferta opcji personalizacji i kompetentna obs\u0142uga klienta.","application_category":[],"applications_title":"Zobacz najodpowiedniejsze pluginy dla twojej strony internetowej w\u015br\u00f3d wszystkich wid\u017cet\u00f3w nieodp\u0142atnych w edytorze internetowym","applications_request_title":"Nie mo\u017cesz znale\u017a\u0107 odpowiedniego plugina?","applications_request_button_text":"Zam\u00f3w plugin","hero_text":"","hero_video":"","hero_video_schema_markup":"","selling_points_title":"","selling_points_caption":"","selling_points":[],"selling_points_cta_text":"","features_title":"","features":"","ed_cta_examples_text":"","ed_cta_examples_hidden":"","ed_cta_demo_text":"","ed_cta_demo_hidden":"","why_caption":"","why_editor_title":"","why_editor_text":"","why_team_title":"","why_team_text":"","why_service_title":"","why_service_text":"","template_catalog_visible":"","template_catalog_title":"","template_catalog_text":"","template_catalog_categories_visible":"","demo_title":"","demo_caption":"","default_faq_hidden":"","app_template_category":[],"platform":"458","template_public_id":"","codecanyon_url":"","codecanyon_item_id":"","codecanyon_price":"","pricing_caption":"","pricing_elfsight_apps_hide_column":"","pricing_elfsight_apps_url":"","pricing_codecanyon_price_caption":"","integration_category":[],"integration_request_title":"","integration_request_cta":"","integration_platform":"","integrations":[],"platform_category":[],"video_schema_markup":"","price":"","trial":"","benefits":[],"button_url":"","button_target_blank":"","button_nofollow":"","attributes":[],"tags":[],"tags_disable_links":"","hide_more_platforms":"","video_object":"","demo_hide_cta":"","demo_hide_cloud_options":"","pricing_title":"","pricing":[],"related_apps_title":"","related_apps_hidden":"","author":"","image":[],"title":"","job":"","social_networks":[]},"_links":{"self":[{"href":"https:\/\/elfsight.com\/pl\/wp-json\/wp\/v2\/pages\/461","targetHints":{"allow":["GET"]}}],"collection":[{"href":"https:\/\/elfsight.com\/pl\/wp-json\/wp\/v2\/pages"}],"about":[{"href":"https:\/\/elfsight.com\/pl\/wp-json\/wp\/v2\/types\/page"}],"author":[{"embeddable":true,"href":"https:\/\/elfsight.com\/pl\/wp-json\/wp\/v2\/users\/13"}],"replies":[{"embeddable":true,"href":"https:\/\/elfsight.com\/pl\/wp-json\/wp\/v2\/comments?post=461"}],"version-history":[{"count":4,"href":"https:\/\/elfsight.com\/pl\/wp-json\/wp\/v2\/pages\/461\/revisions"}],"predecessor-version":[{"id":465,"href":"https:\/\/elfsight.com\/pl\/wp-json\/wp\/v2\/pages\/461\/revisions\/465"}],"wp:attachment":[{"href":"https:\/\/elfsight.com\/pl\/wp-json\/wp\/v2\/media?parent=461"}],"curies":[{"name":"wp","href":"https:\/\/api.w.org\/{rel}","templated":true}]}}