{"id":4607,"date":"2024-05-03T06:32:14","date_gmt":"2024-05-03T06:32:14","guid":{"rendered":"https:\/\/elfsight.com\/pl\/?page_id=4607"},"modified":"2024-10-24T11:54:19","modified_gmt":"2024-10-24T11:54:19","slug":"prestashop","status":"publish","type":"page","link":"https:\/\/elfsight.com\/pl\/click-to-call-widget\/prestashop\/","title":{"rendered":"Click to Call &#8211; PrestaShop"},"content":{"rendered":"<div class=\"application-platform-content-item-description application-platform-content-item\" id=\"description\" data-nav-section=\"description\"> <h2>Opis<\/h2> <p>Kliknij, aby po\u0142\u0105czy\u0107 firmy Elfsight to narz\u0119dzie, kt\u00f3re maksymalnie u\u0142atwia u\u017cytkownikom Twojej witryny kontakt telefonicznie bezpo\u015brednio ze strony internetowej. Jedno klikni\u0119cie na znak telefonu uruchomi po\u0142\u0105czenie|automatycznie wybiera numer na urz\u0105dzeniach mobilnych, natomiast na komputerze stacjonarnym pokazuje wybrany numer w oknie po\u0142\u0105czenia, gdzie mo\u017cna r\u00f3wnie\u017c wy\u015bwietli\u0107 zdj\u0119cie osoby kontaktowej oraz tekst i podpis. Aby uzyska\u0107 najbardziej efektywn\u0105 prac\u0119 widgetu, mo\u017cesz wybra\u0107 strony, na kt\u00f3rych b\u0119dzie si\u0119 on pojawia\u0142, typ u\u017cytkownik\u00f3w, kt\u00f3rzy b\u0119d\u0105 mogli go tylko zobaczy\u0107 oraz warunek aktywacji, kt\u00f3ry b\u0119dzie sterowa\u0142 jego wy\u015bwietlaniem. <\/p><\/div> <div class=\"application-platform-content-item-features application-platform-content-item\" id=\"features\" data-nav-section=\"features\"> <h2>Oto podstawowe funkcje dodatku: <\/h2> <ul><li>Poka\u017c sw\u00f3j numer telefonu na stronie, aby u\u0142atwi\u0107 wybieranie numeru<\/li><li>Wybieranie numeru jednym klikni\u0119ciem na urz\u0105dzeniach mobilnych<\/li><li>Opcja pokazania zdj\u0119cia i nazwiska osoby kontaktowej<\/li><li>Dodaj podpis i tekst okna po\u0142\u0105czenia<\/li><li>Poka\u017c dymek telefonu z ikon\u0105 i tekstem<\/li><li>Wybierz rozmiar dymku telefonu<\/li><li>Opcja edycji tekstu dymku<\/li><li>W\u0142\u0105cz animacj\u0119 dymka ikona b\u0105belka<\/li><li>Trzy opcje po\u0142o\u017cenia wid\u017cetu: p\u0142ywaj\u0105ca w prawo, w lewo lub niestandardowa<\/li><li>Opcja wy\u015bwietlania wid\u017cetu na wybranych stronach lub wykluczania stron<\/li><li>Wybierz, czy chcesz w\u0142\u0105czy\u0107 wid\u017cet na komputerze lub urz\u0105dzeniu mobilnym<\/li><\/ul><p><a href=\"#demo\">Przetestuj wszystkie opcje dostosowywania w pe\u0142nej wersji demonstracyjnej<\/a><\/p> <\/div> <div class=\"application-platform-content-item-installation application-platform-content-item\" id=\"installation\" data-nav-section=\"installation\"> <h2>Jak mog\u0119 osadzi\u0107 opcj\u0119 Kliknij, aby po\u0142\u0105czy\u0107 na mojej stronie internetowej PrestaShop? <\/h2> <p>Wystarczy post\u0119powa\u0107 zgodnie z poni\u017cszymi wskaz\u00f3wkami, aby doda\u0107 wid\u017cet. <\/p> <ol><li><b>Skorzystaj z naszej bezp\u0142atnej wersji demonstracyjnej i zacznij tworzy\u0107 sw\u00f3j w\u0142asny dodatek. <\/b><br> Okre\u015bl po\u017c\u0105dany interfejs i parametry narz\u0119dzia i zapisz zmiany. <\/li> <li><b>Zdob\u0105d\u017a sw\u00f3j osobisty kod pojawiaj\u0105cy si\u0119 w oknie aplikacji Elfsight. <\/b><br> Zaraz po zako\u0144czeniu konfiguracji Twojego osobistego dodatku skopiuj osobisty kod z wy\u015bwietlonego pola i zapisz go do p\u00f3\u017aniejszego wykorzystania. <\/li> <li><b>Rozpocznij korzystanie z dodatku na swojej stronie g\u0142\u00f3wnej PrestaShop. <\/b><br> Zaimplementuj zapisany wcze\u015bniej kod na swojej stronie internetowej i zapisz zmiany. <\/li> <li><b>Instalacja zosta\u0142a ca\u0142kowicie zako\u0144czona. <\/b><br> Odwied\u017a swoj\u0105 witryn\u0119, aby sprawdzi\u0107 dzia\u0142anie dodatku. <\/li><\/ol> <p>W przypadku pyta\u0144 lub napotkania jakichkolwiek trudno\u015bci nie wahaj si\u0119 zwr\u00f3ci\u0107 do naszego zespo\u0142u obs\u0142ugi klienta. Nasi ludzie z przyjemno\u015bci\u0105 rozwi\u0105\u017c\u0105 wszystkie problemy, jakie mo\u017cesz mie\u0107 z tym narz\u0119dziem. <\/p> <div class=\"faq\" data-component=\"FAQ\"> <div class=\"faq-item\">\r\n\t\t\t\t\t<div class=\"faq-item-question\">\r\n\t\t\t\t\t\t<h3 class=\"faq-item-question-text\">Jak mog\u0119 doda\u0107 opcj\u0119 Kliknij, aby po\u0142\u0105czy\u0107 do mojej witryny PrestaShop bez umiej\u0119tno\u015bci kodowania?<\/h3>\r\n\r\n\t\t\t\t\t\t<div class=\"faq-item-question-icon\"><\/div>\r\n\t\t\t\t\t<\/div>\r\n\r\n\t\t\t\t\t<div class=\"faq-item-answer\">\r\n\t\t\t\t\t\t<div class=\"faq-item-answer-text\"> <p>Elfsight zapewnia rozwi\u0105zanie SaaS, kt\u00f3re umo\u017cliwia samodzielne utworzenie wid\u017cetu Kliknij, aby po\u0142\u0105czy\u0107, zobacz jak prosty proces jest nast\u0119puj\u0105cy: Pracuj bezpo\u015brednio w edytorze online, aby utworzy\u0107 wid\u017cet \u201eKliknij, aby po\u0142\u0105czy\u0107\u201d, kt\u00f3ry chcia\u0142by\u015b zobaczy\u0107 na swojej stronie PrestaShop. Wybierz jeden z gotowych szablon\u00f3w i dostosuj ustawienia Kliknij, aby po\u0142\u0105czy\u0107, dodaj tre\u015b\u0107, zmie\u0144 uk\u0142ad i kolorystyk\u0119 bez umiej\u0119tno\u015bci kodowania. Zapisz opcj\u0119 Kliknij, aby zadzwoni\u0107 i skopiuj jej kod instalacyjny, kt\u00f3ry mo\u017cesz \u0142atwo doda\u0107 na swojej stronie PrestaShop bez konieczno\u015bci zakupu p\u0142atnej subskrypcji. Dzi\u0119ki naszemu intuicyjnemu edytorowi ka\u017cdy u\u017cytkownik Internetu mo\u017ce stworzy\u0107 wid\u017cet \u201eKliknij, aby po\u0142\u0105czy\u0107\u201d online i \u0142atwo osadzi\u0107 go na swojej stronie PrestaShop. Aby uzyska\u0107 dost\u0119p do us\u0142ugi, nie trzeba p\u0142aci\u0107 ani wprowadza\u0107 danych uwierzytelniaj\u0105cych karty. Je\u015bli na kt\u00f3rymkolwiek etapie napotkasz jakiekolwiek problemy, skontaktuj si\u0119 z naszym zespo\u0142em pomocy technicznej.<\/p> <\/div>\r\n\t\t\t\t\t<\/div>\r\n\t\t\t\t<\/div> <\/div> <\/div>","protected":false},"excerpt":{"rendered":"","protected":false},"author":9,"featured_media":0,"parent":2764,"menu_order":0,"comment_status":"closed","ping_status":"closed","template":"templates\/template-application-platform.php","meta":{"publish_to_discourse":"","publish_post_category":"","wpdc_auto_publish_overridden":"","wpdc_topic_tags":"","wpdc_pin_topic":"","wpdc_pin_until":"","discourse_post_id":"","discourse_permalink":"","wpdc_publishing_response":"","wpdc_publishing_error":"","footnotes":""},"class_list":["post-4607","page","type-page","status-publish","hentry"],"yoast_head":"<!-- This site is optimized with the Yoast SEO plugin v25.3.1 - https:\/\/yoast.com\/wordpress\/plugins\/seo\/ -->\n<title>Przycisk po\u0142\u0105czenia PrestaShop | Dodaj dodatek \u201eKliknij, aby po\u0142\u0105czy\u0107\u201d do witryny internetowej [2025]<\/title>\n<meta name=\"description\" content=\"Utw\u00f3rz dodatek do przycisku \u201eKliknij, aby po\u0142\u0105czy\u0107\u201d i dodaj go do swojej witryny PrestaShop. Mamy bezp\u0142atn\u0105 obs\u0142ug\u0119 klienta i inne bonusy.\" \/>\n<meta name=\"robots\" content=\"index, follow, max-snippet:-1, max-image-preview:large, max-video-preview:-1\" \/>\n<link rel=\"canonical\" href=\"https:\/\/elfsight.com\/pl\/click-to-call-widget\/prestashop\/\" \/>\n<meta property=\"og:locale\" content=\"pl_PL\" \/>\n<meta property=\"og:type\" content=\"article\" \/>\n<meta property=\"og:title\" content=\"Przycisk po\u0142\u0105czenia PrestaShop | Dodaj dodatek \u201eKliknij, aby po\u0142\u0105czy\u0107\u201d do witryny internetowej [2025]\" \/>\n<meta property=\"og:description\" content=\"Utw\u00f3rz dodatek do przycisku \u201eKliknij, aby po\u0142\u0105czy\u0107\u201d i dodaj go do swojej witryny PrestaShop. Mamy bezp\u0142atn\u0105 obs\u0142ug\u0119 klienta i inne bonusy.\" \/>\n<meta property=\"og:url\" content=\"https:\/\/elfsight.com\/pl\/click-to-call-widget\/prestashop\/\" \/>\n<meta property=\"og:site_name\" content=\"Elfsight PL\" \/>\n<meta property=\"article:modified_time\" content=\"2024-10-24T11:54:19+00:00\" \/>\n<meta name=\"twitter:card\" content=\"summary_large_image\" \/>\n<meta name=\"twitter:label1\" content=\"Szacowany czas czytania\" \/>\n\t<meta name=\"twitter:data1\" content=\"3 minuty\" \/>\n<!-- \/ Yoast SEO plugin. -->","yoast_head_json":{"title":"Przycisk po\u0142\u0105czenia PrestaShop | Dodaj dodatek \u201eKliknij, aby po\u0142\u0105czy\u0107\u201d do witryny internetowej [2025]","description":"Utw\u00f3rz dodatek do przycisku \u201eKliknij, aby po\u0142\u0105czy\u0107\u201d i dodaj go do swojej witryny PrestaShop. Mamy bezp\u0142atn\u0105 obs\u0142ug\u0119 klienta i inne bonusy.","robots":{"index":"index","follow":"follow","max-snippet":"max-snippet:-1","max-image-preview":"max-image-preview:large","max-video-preview":"max-video-preview:-1"},"canonical":"https:\/\/elfsight.com\/pl\/click-to-call-widget\/prestashop\/","og_locale":"pl_PL","og_type":"article","og_title":"Przycisk po\u0142\u0105czenia PrestaShop | Dodaj dodatek \u201eKliknij, aby po\u0142\u0105czy\u0107\u201d do witryny internetowej [2025]","og_description":"Utw\u00f3rz dodatek do przycisku \u201eKliknij, aby po\u0142\u0105czy\u0107\u201d i dodaj go do swojej witryny PrestaShop. Mamy bezp\u0142atn\u0105 obs\u0142ug\u0119 klienta i inne bonusy.","og_url":"https:\/\/elfsight.com\/pl\/click-to-call-widget\/prestashop\/","og_site_name":"Elfsight PL","article_modified_time":"2024-10-24T11:54:19+00:00","twitter_card":"summary_large_image","twitter_misc":{"Szacowany czas czytania":"3 minuty"},"schema":{"@context":"https:\/\/schema.org","@graph":[{"@type":"WebPage","@id":"https:\/\/elfsight.com\/pl\/click-to-call-widget\/prestashop\/","url":"https:\/\/elfsight.com\/pl\/click-to-call-widget\/prestashop\/","name":"Przycisk po\u0142\u0105czenia PrestaShop | Dodaj dodatek \u201eKliknij, aby po\u0142\u0105czy\u0107\u201d do witryny internetowej [2025]","isPartOf":{"@id":"https:\/\/elfsight.com\/pl\/#website"},"datePublished":"2024-05-03T06:32:14+00:00","dateModified":"2024-10-24T11:54:19+00:00","description":"Utw\u00f3rz dodatek do przycisku \u201eKliknij, aby po\u0142\u0105czy\u0107\u201d i dodaj go do swojej witryny PrestaShop. Mamy bezp\u0142atn\u0105 obs\u0142ug\u0119 klienta i inne bonusy.","breadcrumb":{"@id":"https:\/\/elfsight.com\/pl\/click-to-call-widget\/prestashop\/#breadcrumb"},"inLanguage":"pl-PL","potentialAction":[{"@type":"ReadAction","target":["https:\/\/elfsight.com\/pl\/click-to-call-widget\/prestashop\/"]}]},{"@type":"BreadcrumbList","@id":"https:\/\/elfsight.com\/pl\/click-to-call-widget\/prestashop\/#breadcrumb","itemListElement":[{"@type":"ListItem","position":1,"name":"Home","item":"https:\/\/elfsight.com\/pl\/"},{"@type":"ListItem","position":2,"name":"Click to Call","item":"https:\/\/elfsight.com\/pl\/click-to-call-widget\/"},{"@type":"ListItem","position":3,"name":"Click to Call &#8211; PrestaShop"}]},{"@type":"WebSite","@id":"https:\/\/elfsight.com\/pl\/#website","url":"https:\/\/elfsight.com\/pl\/","name":"Elfsight PL","description":"Just another Elfsight Sites site","potentialAction":[{"@type":"SearchAction","target":{"@type":"EntryPoint","urlTemplate":"https:\/\/elfsight.com\/pl\/?s={search_term_string}"},"query-input":{"@type":"PropertyValueSpecification","valueRequired":true,"valueName":"search_term_string"}}],"inLanguage":"pl-PL"}]}},"meta_box":{"industry":"","seo_heading":"","heading":"","description":"","cta_heading":"","cta_description":"","application":"2763","h1":"Przycisk \u201eKliknij, aby po\u0142\u0105czy\u0107\u201d w PrestaShop","h1_caption":"Pozw\u00f3l u\u017cytkownikom na natychmiastowy kontakt z Tob\u0105 za pomoc\u0105 prostego przycisku \u201ekliknij, aby po\u0142\u0105czy\u0107\u201d, dzi\u0119ki czemu \u0142atwiej b\u0119dzie Ci skontaktowa\u0107 si\u0119 bezpo\u015brednio z Twoj\u0105 witryn\u0105 Prestashop.","application_category":[],"applications_title":"","applications_request_title":"","applications_request_button_text":"","hero_text":"","hero_video":"","hero_video_schema_markup":"","selling_points_title":"","selling_points_caption":"","selling_points":[],"selling_points_cta_text":"","features_title":"","features":"","ed_cta_examples_text":"","ed_cta_examples_hidden":"","ed_cta_demo_text":"","ed_cta_demo_hidden":"","why_caption":"","why_editor_title":"","why_editor_text":"","why_team_title":"","why_team_text":"","why_service_title":"","why_service_text":"","template_catalog_visible":"","template_catalog_title":"","template_catalog_text":"","template_catalog_categories_visible":"","demo_title":"Mo\u017cesz stworzy\u0107 w\u0142asny przycisk wywo\u0142ania PrestaShop w trzech krokach!","demo_caption":"Spersonalizuj go i zintegruj widget ze swoj\u0105 stron\u0105 poprzez demo","default_faq_hidden":"","app_template_category":[],"platform":"586","template_public_id":"","codecanyon_url":"","codecanyon_item_id":"","codecanyon_price":"","pricing_caption":"","pricing_elfsight_apps_hide_column":"","pricing_elfsight_apps_url":"","pricing_codecanyon_price_caption":"","integration_category":[],"integration_request_title":"","integration_request_cta":"","integration_platform":"","integrations":[],"platform_category":[],"video_schema_markup":"","price":"od 0 USD \/ miesi\u0105c","trial":"","benefits":[{"text":"Profesjonalna obs\u0142uga klienta"},{"text":"Bezp\u0142atna us\u0142uga monta\u017cu"},{"text":"14-dniowa gwarancja zwrotu pieni\u0119dzy"}],"button_url":"#demo","button_target_blank":"","button_nofollow":"","attributes":[{"name":"Instaluje"},{"name":"Czu\u0142y"},{"name":"Kompatybilne przegl\u0105darki"}],"tags":[],"tags_disable_links":"","hide_more_platforms":"","video_object":"","demo_hide_cta":"","demo_hide_cloud_options":"","pricing_title":"","pricing":[{"pricing_icon":"platform","pricing_title":"Elfsight Apps","pricing_title_caption":"Oprogramowanie niezale\u017cne od platformy, kt\u00f3re pasuje do ka\u017cdej witryny internetowej","pricing_price":"od 0 USD \/ miesi\u0105c","pricing_price_caption":"zacznij od bezp\u0142atnego planu","pricing_benefits":[{"text":"Nielimitowane domeny"},{"text":"Szybka obs\u0142uga klienta i dobrze udokumentowana"},{"text":"Bezp\u0142atna us\u0142uga monta\u017cu"},{"text":"Elastyczny projekt"}],"pricing_button_text":"Dodaj do witryny","pricing_button_url":"#demo"}],"related_apps_title":"","related_apps_hidden":"","author":"","image":[],"title":"","job":"","social_networks":[]},"_links":{"self":[{"href":"https:\/\/elfsight.com\/pl\/wp-json\/wp\/v2\/pages\/4607","targetHints":{"allow":["GET"]}}],"collection":[{"href":"https:\/\/elfsight.com\/pl\/wp-json\/wp\/v2\/pages"}],"about":[{"href":"https:\/\/elfsight.com\/pl\/wp-json\/wp\/v2\/types\/page"}],"author":[{"embeddable":true,"href":"https:\/\/elfsight.com\/pl\/wp-json\/wp\/v2\/users\/9"}],"replies":[{"embeddable":true,"href":"https:\/\/elfsight.com\/pl\/wp-json\/wp\/v2\/comments?post=4607"}],"version-history":[{"count":1,"href":"https:\/\/elfsight.com\/pl\/wp-json\/wp\/v2\/pages\/4607\/revisions"}],"predecessor-version":[{"id":4611,"href":"https:\/\/elfsight.com\/pl\/wp-json\/wp\/v2\/pages\/4607\/revisions\/4611"}],"up":[{"embeddable":true,"href":"https:\/\/elfsight.com\/pl\/wp-json\/wp\/v2\/pages\/2764"}],"wp:attachment":[{"href":"https:\/\/elfsight.com\/pl\/wp-json\/wp\/v2\/media?parent=4607"}],"curies":[{"name":"wp","href":"https:\/\/api.w.org\/{rel}","templated":true}]}}