{"id":4606,"date":"2024-05-03T06:32:13","date_gmt":"2024-05-03T06:32:13","guid":{"rendered":"https:\/\/elfsight.com\/pl\/?page_id=4606"},"modified":"2024-10-24T11:54:36","modified_gmt":"2024-10-24T11:54:36","slug":"jimdo","status":"publish","type":"page","link":"https:\/\/elfsight.com\/pl\/click-to-call-widget\/jimdo\/","title":{"rendered":"Click to Call &#8211; Jimdo"},"content":{"rendered":"<div class=\"application-platform-content-item-description application-platform-content-item\" id=\"description\" data-nav-section=\"description\"> <h2>Opis<\/h2> <p>Kliknij, aby po\u0142\u0105czy\u0107 zaprojektowane przez Elfsight to narz\u0119dzie, kt\u00f3re u\u0142atwi u\u017cytkownikom Twojej witryny dzwonienie do Ciebie na telefon bezpo\u015brednio ze strony internetowej. Wystarczy klikn\u0105\u0107 dymek z telefonem, aby automatycznie rozpocz\u0105\u0107 po\u0142\u0105czenie z Twoim numerem na urz\u0105dzeniach mobilnych, a na komputerze stacjonarnym wy\u015bwietli Tw\u00f3j numer telefonu w oknie po\u0142\u0105czenia, gdzie mo\u017cesz r\u00f3wnie\u017c wy\u015bwietli\u0107 obraz osoby odpowiedzialnej za komunikacj\u0119 i tekst. Aby widget dzia\u0142a\u0142 najefektywniej, mo\u017cesz wybra\u0107 konkretne strony, na kt\u00f3rych b\u0119dzie si\u0119 on pojawia\u0142, grup\u0119 odwiedzaj\u0105cych, kt\u00f3rzy b\u0119d\u0105 mogli go zobaczy\u0107 oraz wyzwalacz, kt\u00f3ry spowoduje jego wy\u015bwietlenie. <\/p><p><b>Dzi\u0119ki \u201ekliknij, aby po\u0142\u0105czy\u0107\u201d mo\u017cesz osi\u0105gn\u0105\u0107 szybszy rozw\u00f3j firmy i wi\u0119ksz\u0105 sprzeda\u017c <\/b><\/p> <\/div> <div class=\"application-platform-content-item-features application-platform-content-item\" id=\"features\" data-nav-section=\"features\"> <h2>Oto lista najwi\u0119ksze funkcje: <\/h2> <ul><li>Poka\u017c sw\u00f3j numer telefonu w witrynie, aby u\u0142atwi\u0107 wybieranie numeru<\/li><li>Wybieranie numeru jednym klikni\u0119ciem na urz\u0105dzeniach mobilnych<\/li><li>Opcja pokazania kontaktu zdj\u0119cie i imi\u0119 osoby<\/li><li>Dodaj podpis i tekst okna po\u0142\u0105czenia<\/li><li>Poka\u017c dymek telefonu z tekstem i ikon\u0105<\/li><li>Wybierz rozmiar dymku telefonu<\/li><li>Opcja edycji tekstu dymka<\/li><li>W\u0142\u0105cz animacj\u0119 ikony dymka<\/li><li>3 opcje pozycji wid\u017cetu: p\u0142ywaj\u0105ca w lewo lub w prawo lub niestandardowa<\/li><li>Opcja wy\u015bwietlania wid\u017cetu na wybranych stronach lub wykluczania stron<\/li><li>Wybierz opcj\u0119 w\u0142\u0105czenia wid\u017cetu zar\u00f3wno na urz\u0105dzeniu mobilnym, jak i na komputerze<\/li><\/ul><p><a href=\" #demo\">Odkryj wszystkie funkcje personalizacji w pe\u0142nej wersji demonstracyjnej<\/a><\/p> <\/div> <div class=\"application-platform-content-item-installation application-platform-content-item\" id=\"installation\" data-nav-section=\"installation\"> <h2>Jak mog\u0119 doda\u0107 opcj\u0119 Kliknij, aby po\u0142\u0105czy\u0107 do mojej strony internetowej Jimdo? <\/h2> <p>Wystarczy spe\u0142ni\u0107 poni\u017csze wytyczne, aby zintegrowa\u0107 narz\u0119dzie. <\/p> <ol><li><b>Uruchom nasz darmowy edytor i zacznij kszta\u0142towa\u0107 sw\u00f3j spersonalizowany widget. <\/b><br> Okre\u015bl preferowany wygl\u0105d i aspekty wid\u017cetu i zapisz zmiany. <\/li> <li><b>Skopiuj unikalny kod wy\u015bwietlony w polu aplikacji Elfsight. <\/b><br> Po zako\u0144czeniu tworzenia widgetu skopiuj indywidualny kod z wy\u015bwietlonego okna i zachowaj go do p\u00f3\u017aniejszego wykorzystania. <\/li> <li><b>Rozpocznij korzystanie z narz\u0119dzia na swojej stronie internetowej Jimdo. <\/b><br> Zintegruj ostatnio zapisany kod ze swoj\u0105 stron\u0105 i zapisz ulepszenia. <\/li> <li><b>Konfiguracja zosta\u0142a w pe\u0142ni przeprowadzona. <\/b><br> Przejd\u017a na swoj\u0105 stron\u0119, aby sprawdzi\u0107 dzia\u0142anie wid\u017cetu. <\/li><\/ol> <p>W przypadku jakichkolwiek komplikacji prosimy o kontakt z naszym zespo\u0142em obs\u0142ugi klienta. Nasi konsultanci z przyjemno\u015bci\u0105 pomog\u0105 Ci we wszystkich problemach, jakie mo\u017cesz mie\u0107 z produktem. <\/p> <div class=\"faq\" data-component=\"FAQ\"> <div class=\"faq-item\">\r\n\t\t\t\t\t<div class=\"faq-item-question\">\r\n\t\t\t\t\t\t<h3 class=\"faq-item-question-text\">Jak mog\u0119 doda\u0107 opcj\u0119 Kliknij, aby po\u0142\u0105czy\u0107 do mojej witryny Jimdo bez umiej\u0119tno\u015bci kodowania?<\/h3>\r\n\r\n\t\t\t\t\t\t<div class=\"faq-item-question-icon\"><\/div>\r\n\t\t\t\t\t<\/div>\r\n\r\n\t\t\t\t\t<div class=\"faq-item-answer\">\r\n\t\t\t\t\t\t<div class=\"faq-item-answer-text\"> <p>Elfsight zapewnia rozwi\u0105zanie SaaS, kt\u00f3re umo\u017cliwia samodzielne utworzenie wid\u017cetu Kliknij, aby po\u0142\u0105czy\u0107, zobacz, jak prosty proces jest nast\u0119puj\u0105cy: Pracuj bezpo\u015brednio w edytorze online, aby utworzy\u0107 wid\u017cet \u201eKliknij, aby po\u0142\u0105czy\u0107\u201d, kt\u00f3ry chcia\u0142by\u015b zobaczy\u0107 na swojej stronie internetowej Jimdo. Wybierz jeden z gotowych szablon\u00f3w i dostosuj ustawienia Kliknij, aby po\u0142\u0105czy\u0107, dodaj tre\u015b\u0107, zmie\u0144 uk\u0142ad i kolory bez umiej\u0119tno\u015bci kodowania. Zapisz opcj\u0119 Kliknij, aby zadzwoni\u0107 i skopiuj jej kod instalacyjny, dzi\u0119ki czemu b\u0119dziesz m\u00f3g\u0142 \u0142atwo doda\u0107 go do swojej witryny Jimdo bez konieczno\u015bci zakupu p\u0142atnej subskrypcji. Dzi\u0119ki naszemu intuicyjnemu edytorowi ka\u017cdy u\u017cytkownik Internetu mo\u017ce stworzy\u0107 wid\u017cet \u201eKliknij, aby po\u0142\u0105czy\u0107\u201d online i \u0142atwo osadzi\u0107 go na swojej stronie internetowej Jimdo. Aby uzyska\u0107 dost\u0119p do us\u0142ugi, nie trzeba p\u0142aci\u0107 ani wprowadza\u0107 danych uwierzytelniaj\u0105cych karty. Je\u015bli na kt\u00f3rymkolwiek etapie napotkasz jakiekolwiek problemy, skontaktuj si\u0119 z naszym zespo\u0142em pomocy technicznej.<\/p> <\/div>\r\n\t\t\t\t\t<\/div>\r\n\t\t\t\t<\/div> <\/div> <\/div>","protected":false},"excerpt":{"rendered":"","protected":false},"author":9,"featured_media":0,"parent":2764,"menu_order":0,"comment_status":"closed","ping_status":"closed","template":"templates\/template-application-platform.php","meta":{"publish_to_discourse":"","publish_post_category":"","wpdc_auto_publish_overridden":"","wpdc_topic_tags":"","wpdc_pin_topic":"","wpdc_pin_until":"","discourse_post_id":"","discourse_permalink":"","wpdc_publishing_response":"","wpdc_publishing_error":"","footnotes":""},"class_list":["post-4606","page","type-page","status-publish","hentry"],"yoast_head":"<!-- This site is optimized with the Yoast SEO plugin v25.3.1 - https:\/\/yoast.com\/wordpress\/plugins\/seo\/ -->\n<title>Przycisk po\u0142\u0105czenia Jimdo | Dodaj wid\u017cet przycisku \u201eKliknij, aby po\u0142\u0105czy\u0107\u201d do witryny internetowej [2026]<\/title>\n<meta name=\"description\" content=\"Utw\u00f3rz wid\u017cet przycisku \u201eKliknij, aby po\u0142\u0105czy\u0107\u201d i dodaj go do swojej witryny Jimdo. Mamy bezp\u0142atn\u0105 obs\u0142ug\u0119 klienta i inne bonusy.\" \/>\n<meta name=\"robots\" content=\"index, follow, max-snippet:-1, max-image-preview:large, max-video-preview:-1\" \/>\n<link rel=\"canonical\" href=\"https:\/\/elfsight.com\/pl\/click-to-call-widget\/jimdo\/\" \/>\n<meta property=\"og:locale\" content=\"pl_PL\" \/>\n<meta property=\"og:type\" content=\"article\" \/>\n<meta property=\"og:title\" content=\"Przycisk po\u0142\u0105czenia Jimdo | Dodaj wid\u017cet przycisku \u201eKliknij, aby po\u0142\u0105czy\u0107\u201d do witryny internetowej [2026]\" \/>\n<meta property=\"og:description\" content=\"Utw\u00f3rz wid\u017cet przycisku \u201eKliknij, aby po\u0142\u0105czy\u0107\u201d i dodaj go do swojej witryny Jimdo. Mamy bezp\u0142atn\u0105 obs\u0142ug\u0119 klienta i inne bonusy.\" \/>\n<meta property=\"og:url\" content=\"https:\/\/elfsight.com\/pl\/click-to-call-widget\/jimdo\/\" \/>\n<meta property=\"og:site_name\" content=\"Elfsight PL\" \/>\n<meta property=\"article:modified_time\" content=\"2024-10-24T11:54:36+00:00\" \/>\n<meta name=\"twitter:card\" content=\"summary_large_image\" \/>\n<meta name=\"twitter:label1\" content=\"Szacowany czas czytania\" \/>\n\t<meta name=\"twitter:data1\" content=\"3 minuty\" \/>\n<!-- \/ Yoast SEO plugin. -->","yoast_head_json":{"title":"Przycisk po\u0142\u0105czenia Jimdo | Dodaj wid\u017cet przycisku \u201eKliknij, aby po\u0142\u0105czy\u0107\u201d do witryny internetowej [2026]","description":"Utw\u00f3rz wid\u017cet przycisku \u201eKliknij, aby po\u0142\u0105czy\u0107\u201d i dodaj go do swojej witryny Jimdo. Mamy bezp\u0142atn\u0105 obs\u0142ug\u0119 klienta i inne bonusy.","robots":{"index":"index","follow":"follow","max-snippet":"max-snippet:-1","max-image-preview":"max-image-preview:large","max-video-preview":"max-video-preview:-1"},"canonical":"https:\/\/elfsight.com\/pl\/click-to-call-widget\/jimdo\/","og_locale":"pl_PL","og_type":"article","og_title":"Przycisk po\u0142\u0105czenia Jimdo | Dodaj wid\u017cet przycisku \u201eKliknij, aby po\u0142\u0105czy\u0107\u201d do witryny internetowej [2026]","og_description":"Utw\u00f3rz wid\u017cet przycisku \u201eKliknij, aby po\u0142\u0105czy\u0107\u201d i dodaj go do swojej witryny Jimdo. Mamy bezp\u0142atn\u0105 obs\u0142ug\u0119 klienta i inne bonusy.","og_url":"https:\/\/elfsight.com\/pl\/click-to-call-widget\/jimdo\/","og_site_name":"Elfsight PL","article_modified_time":"2024-10-24T11:54:36+00:00","twitter_card":"summary_large_image","twitter_misc":{"Szacowany czas czytania":"3 minuty"},"schema":{"@context":"https:\/\/schema.org","@graph":[{"@type":"WebPage","@id":"https:\/\/elfsight.com\/pl\/click-to-call-widget\/jimdo\/","url":"https:\/\/elfsight.com\/pl\/click-to-call-widget\/jimdo\/","name":"Przycisk po\u0142\u0105czenia Jimdo | Dodaj wid\u017cet przycisku \u201eKliknij, aby po\u0142\u0105czy\u0107\u201d do witryny internetowej [2026]","isPartOf":{"@id":"https:\/\/elfsight.com\/pl\/#website"},"datePublished":"2024-05-03T06:32:13+00:00","dateModified":"2024-10-24T11:54:36+00:00","description":"Utw\u00f3rz wid\u017cet przycisku \u201eKliknij, aby po\u0142\u0105czy\u0107\u201d i dodaj go do swojej witryny Jimdo. Mamy bezp\u0142atn\u0105 obs\u0142ug\u0119 klienta i inne bonusy.","breadcrumb":{"@id":"https:\/\/elfsight.com\/pl\/click-to-call-widget\/jimdo\/#breadcrumb"},"inLanguage":"pl-PL","potentialAction":[{"@type":"ReadAction","target":["https:\/\/elfsight.com\/pl\/click-to-call-widget\/jimdo\/"]}]},{"@type":"BreadcrumbList","@id":"https:\/\/elfsight.com\/pl\/click-to-call-widget\/jimdo\/#breadcrumb","itemListElement":[{"@type":"ListItem","position":1,"name":"Home","item":"https:\/\/elfsight.com\/pl\/"},{"@type":"ListItem","position":2,"name":"Click to Call","item":"https:\/\/elfsight.com\/pl\/click-to-call-widget\/"},{"@type":"ListItem","position":3,"name":"Click to Call &#8211; Jimdo"}]},{"@type":"WebSite","@id":"https:\/\/elfsight.com\/pl\/#website","url":"https:\/\/elfsight.com\/pl\/","name":"Elfsight PL","description":"Just another Elfsight Sites site","potentialAction":[{"@type":"SearchAction","target":{"@type":"EntryPoint","urlTemplate":"https:\/\/elfsight.com\/pl\/?s={search_term_string}"},"query-input":{"@type":"PropertyValueSpecification","valueRequired":true,"valueName":"search_term_string"}}],"inLanguage":"pl-PL"}]}},"meta_box":{"industry":"","seo_heading":"","heading":"","description":"","cta_heading":"","cta_description":"","application":"2763","h1":"Wid\u017cet przycisku \u201eKliknij, aby po\u0142\u0105czy\u0107\u201d Jimdo","h1_caption":"Pozw\u00f3l u\u017cytkownikom na natychmiastowy kontakt z Tob\u0105 za pomoc\u0105 prostego przycisku \u201ekliknij, aby po\u0142\u0105czy\u0107\u201d, dzi\u0119ki czemu \u0142atwiej b\u0119dzie Ci dotrze\u0107 bezpo\u015brednio do Twojej witryny Jimdo.","application_category":[],"applications_title":"","applications_request_title":"","applications_request_button_text":"","hero_text":"","hero_video":"","hero_video_schema_markup":"","selling_points_title":"","selling_points_caption":"","selling_points":[],"selling_points_cta_text":"","features_title":"","features":"","ed_cta_examples_text":"","ed_cta_examples_hidden":"","ed_cta_demo_text":"","ed_cta_demo_hidden":"","why_caption":"","why_editor_title":"","why_editor_text":"","why_team_title":"","why_team_text":"","why_service_title":"","why_service_text":"","template_catalog_visible":"","template_catalog_title":"","template_catalog_text":"","template_catalog_categories_visible":"","demo_title":"Kszta\u0142tuj przycisk wywo\u0142ania Squarespace w zaledwie trzech krokach!","demo_caption":"Bezpo\u015brednio w demo na \u017cywo wygeneruj unikalny widget i dodaj go na swoj\u0105 stron\u0119.","default_faq_hidden":"","app_template_category":[],"platform":"193","template_public_id":"","codecanyon_url":"","codecanyon_item_id":"","codecanyon_price":"","pricing_caption":"","pricing_elfsight_apps_hide_column":"","pricing_elfsight_apps_url":"","pricing_codecanyon_price_caption":"","integration_category":[],"integration_request_title":"","integration_request_cta":"","integration_platform":"","integrations":[],"platform_category":[],"video_schema_markup":"","price":"od 0 USD \/ miesi\u0105c","trial":"","benefits":[{"text":"Wsparcie premium"},{"text":"Bezp\u0142atna us\u0142uga monta\u017cu"},{"text":"14-dniowa gwarancja zwrotu pieni\u0119dzy"}],"button_url":"#demo","button_target_blank":"","button_nofollow":"","attributes":[{"name":"Instaluje"},{"name":"Czu\u0142y"},{"name":"Kompatybilne przegl\u0105darki"}],"tags":[],"tags_disable_links":"","hide_more_platforms":"","video_object":"","demo_hide_cta":"","demo_hide_cloud_options":"","pricing_title":"","pricing":[{"pricing_icon":"platform","pricing_title":"Elfsight Apps","pricing_title_caption":"Oprogramowanie wieloplatformowe, kt\u00f3re pasuje do ka\u017cdej witryny internetowej","pricing_price":"od 0 USD \/ miesi\u0105c","pricing_price_caption":"zacznij od bezp\u0142atnego planu","pricing_benefits":[{"text":"Nielimitowane strony internetowe"},{"text":"Szybkie wsparcie firmy"},{"text":"Bezp\u0142atna pomoc w instalacji"},{"text":"Elastyczny projekt"}],"pricing_button_text":"Dodaj do witryny","pricing_button_url":"#demo"}],"related_apps_title":"","related_apps_hidden":"","author":"","image":[],"title":"","job":"","social_networks":[]},"_links":{"self":[{"href":"https:\/\/elfsight.com\/pl\/wp-json\/wp\/v2\/pages\/4606","targetHints":{"allow":["GET"]}}],"collection":[{"href":"https:\/\/elfsight.com\/pl\/wp-json\/wp\/v2\/pages"}],"about":[{"href":"https:\/\/elfsight.com\/pl\/wp-json\/wp\/v2\/types\/page"}],"author":[{"embeddable":true,"href":"https:\/\/elfsight.com\/pl\/wp-json\/wp\/v2\/users\/9"}],"replies":[{"embeddable":true,"href":"https:\/\/elfsight.com\/pl\/wp-json\/wp\/v2\/comments?post=4606"}],"version-history":[{"count":1,"href":"https:\/\/elfsight.com\/pl\/wp-json\/wp\/v2\/pages\/4606\/revisions"}],"predecessor-version":[{"id":4610,"href":"https:\/\/elfsight.com\/pl\/wp-json\/wp\/v2\/pages\/4606\/revisions\/4610"}],"up":[{"embeddable":true,"href":"https:\/\/elfsight.com\/pl\/wp-json\/wp\/v2\/pages\/2764"}],"wp:attachment":[{"href":"https:\/\/elfsight.com\/pl\/wp-json\/wp\/v2\/media?parent=4606"}],"curies":[{"name":"wp","href":"https:\/\/api.w.org\/{rel}","templated":true}]}}