{"id":4599,"date":"2024-05-03T06:31:45","date_gmt":"2024-05-03T06:31:45","guid":{"rendered":"https:\/\/elfsight.com\/pl\/?page_id=4599"},"modified":"2024-11-14T08:46:58","modified_gmt":"2024-11-14T08:46:58","slug":"drupal","status":"publish","type":"page","link":"https:\/\/elfsight.com\/pl\/button-widget\/drupal\/","title":{"rendered":"Button &#8211; Drupal"},"content":{"rendered":"<div class=\"application-platform-content-item-description application-platform-content-item\" id=\"description\" data-nav-section=\"description\"> <h2>Opis<\/h2> <p>Elfsight Button to modu\u0142 dla Drupala umo\u017cliwiaj\u0105cy tworzenie r\u00f3\u017cnych przycisk\u00f3w do r\u00f3\u017cnych cel\u00f3w w Twojej witrynie. Istnieje wiele dzia\u0142a\u0144, kt\u00f3re mo\u017cna podj\u0105\u0107, gdy tylko odwiedzaj\u0105cy witryn\u0119 kliknie przycisk. Mo\u017cna ich na przyk\u0142ad przekierowa\u0107 na jaki\u015b adres URL, wybra\u0107 numer, porozmawia\u0107 w znanym komunikatorze i nie tylko. Przycisk jest niezwykle spersonalizowany &#8211; mo\u017cesz doda\u0107 dowolny komunikat i tre\u015b\u0107 wok\u00f3\u0142 przycisku oraz zmieni\u0107 jego rozmiar i kolory. <\/p> <p><b>U\u017cyj kusz\u0105cego przycisku, aby zwi\u0119kszy\u0107 sprzeda\u017c w swojej witrynie, przyci\u0105gn\u0105\u0107 wi\u0119cej obserwuj\u0105cych w mediach spo\u0142eczno\u015bciowych i wiele wi\u0119cej! <\/b><\/p> <\/div> <div class=\"application-platform-content-item-features application-platform-content-item\" id=\"features\" data-nav-section=\"features\"> <h2>Oto podstawowe cechy modu\u0142u: <\/h2> <ul><li>Zmiana kolor\u00f3w i czcionek<\/li><li>Dwa warianty rozmieszczenia przycisk\u00f3w \u2013 osadzony i ruchomy<\/li><li>Mo\u017cliwo\u015b\u0107 dodania tre\u015bci nad i pod przyciskiem<\/li><li>Etykieta, kt\u00f3ra mo\u017ce zajmowa\u0107 2 linie<\/li><li>Powy\u017cej 8 wariant\u00f3w akcji po klikni\u0119ciu<\/li><\/ul><p><a href=\"#demo\">Sprawd\u017a wszystkie ustawienia w 100% funkcjonalnym demo<\/a><\/p> <\/div> <div class=\"application-platform-content-item-installation application-platform-content-item\" id=\"installation\" data-nav-section=\"installation\"> <h2>Jak doda\u0107 przycisk na mojej stronie Drupal? <\/h2> <p>Wystarczy spe\u0142ni\u0107 poni\u017csze wskaz\u00f3wki, aby wstawi\u0107 narz\u0119dzie. <\/p> <ol><li><b>Zarz\u0105dzaj naszym bezp\u0142atnym edytorem i zacznij tworzy\u0107 sw\u00f3j spersonalizowany modu\u0142. <\/b><br> Znajd\u017a niestandardowy wygl\u0105d i cechy wid\u017cetu i zapisz zmiany. <\/li> <li><b>Zdob\u0105d\u017a unikalny kod ujawniony w specjalnym formularzu w aplikacjach Elfsight. <\/b><br> Zaraz po zako\u0144czeniu konfiguracji narz\u0119dzia skopiuj kod osobisty w wy\u015bwietlonym oknie i zapisz go do p\u00f3\u017aniejszego wykorzystania. <\/li> <li><b>Wpisz informacje dotycz\u0105ce korzystania z narz\u0119dzia na stronie Drupal. <\/b><br> Dodaj ostatnio skopiowany kod do swojej strony internetowej i zapisz zmiany. <\/li> <li><b>Konfiguracja zosta\u0142a w pe\u0142ni przeprowadzona. <\/b><br> Przejd\u017a do swojej witryny, aby sprawdzi\u0107 dzia\u0142anie modu\u0142u. <\/li><\/ol> <p>Je\u015bli masz pytania lub masz jakie\u015b problemy, mo\u017cesz zwr\u00f3ci\u0107 si\u0119 do naszego personelu obs\u0142ugi klienta. Nasi ludzie pragn\u0105 rozwi\u0105za\u0107 wszystkie problemy, jakie mo\u017cesz mie\u0107 z tym narz\u0119dziem. <\/p> <div class=\"faq\" data-component=\"FAQ\"><div class=\"faq-item\">\r\n\t\t\t\t\t<div class=\"faq-item-question\">\r\n\t\t\t\t\t\t<h3 class=\"faq-item-question-text\">Jak mog\u0119 doda\u0107 Button do mojej witryny Drupal bez umiej\u0119tno\u015bci kodowania?<\/h3>\r\n\r\n\t\t\t\t\t\t<div class=\"faq-item-question-icon\"><\/div>\r\n\t\t\t\t\t<\/div>\r\n\r\n\t\t\t\t\t<div class=\"faq-item-answer\">\r\n\t\t\t\t\t\t<div class=\"faq-item-answer-text\"> <p>Elfsight zapewnia rozwi\u0105zanie SaaS, kt\u00f3re pozwala samodzielnie utworzy\u0107 wid\u017cet Button. Zobacz, jak \u0142atwy jest ten proces : Pracuj bezpo\u015brednio w edytorze online, aby utworzy\u0107 wid\u017cet przycisku, kt\u00f3ry chcesz zobaczy\u0107 na swojej stronie Drupal. Wybierz jeden z gotowych szablon\u00f3w i dostosuj ustawienia przycisku, dodaj tre\u015b\u0107, zmie\u0144 uk\u0142ad i kolory bez umiej\u0119tno\u015bci kodowania. Zapisz Button i skopiuj jego kod instalacyjny, kt\u00f3ry mo\u017cesz \u0142atwo wklei\u0107 na swojej stronie Drupal, bez konieczno\u015bci wykupywania p\u0142atnego planu. Dzi\u0119ki naszemu intuicyjnemu Edytorowi ka\u017cdy u\u017cytkownik Internetu mo\u017ce stworzy\u0107 widget Button online i \u0142atwo osadzi\u0107 go na swojej stronie Drupal. Aby uzyska\u0107 dost\u0119p do us\u0142ugi, nie trzeba p\u0142aci\u0107 ani wprowadza\u0107 danych uwierzytelniaj\u0105cych karty. Je\u015bli na kt\u00f3rymkolwiek etapie napotkasz jakiekolwiek problemy, skontaktuj si\u0119 z naszym zespo\u0142em pomocy technicznej.<\/p> <\/div>\r\n\t\t\t\t\t<\/div>\r\n\t\t\t\t<\/div> <\/div><\/div>","protected":false},"excerpt":{"rendered":"","protected":false},"author":9,"featured_media":0,"parent":3365,"menu_order":0,"comment_status":"closed","ping_status":"closed","template":"templates\/template-application-platform.php","meta":{"publish_to_discourse":"","publish_post_category":"","wpdc_auto_publish_overridden":"","wpdc_topic_tags":"","wpdc_pin_topic":"","wpdc_pin_until":"","discourse_post_id":"","discourse_permalink":"","wpdc_publishing_response":"","wpdc_publishing_error":"","footnotes":""},"class_list":["post-4599","page","type-page","status-publish","hentry"],"yoast_head":"<!-- This site is optimized with the Yoast SEO plugin v25.3.1 - https:\/\/yoast.com\/wordpress\/plugins\/seo\/ -->\n<title>Wtyczka do tworzenia przycisk\u00f3w - Dodaj modu\u0142 Button do Drupala (2025)<\/title>\n<meta name=\"description\" content=\"Skorzystaj z nowego modu\u0142u Button dla Drupala. Zdob\u0105d\u017a wi\u0119cej nowych subskrybent\u00f3w w swoich mediach spo\u0142eczno\u015bciowych i zwi\u0119ksz popularno\u015b\u0107 swojej firmy dzi\u0119ki narz\u0119dziom Elfsight!\" \/>\n<meta name=\"robots\" content=\"index, follow, max-snippet:-1, max-image-preview:large, max-video-preview:-1\" \/>\n<link rel=\"canonical\" href=\"https:\/\/elfsight.com\/pl\/button-widget\/drupal\/\" \/>\n<meta property=\"og:locale\" content=\"pl_PL\" \/>\n<meta property=\"og:type\" content=\"article\" \/>\n<meta property=\"og:title\" content=\"Wtyczka do tworzenia przycisk\u00f3w - Dodaj modu\u0142 Button do Drupala (2025)\" \/>\n<meta property=\"og:description\" content=\"Skorzystaj z nowego modu\u0142u Button dla Drupala. Zdob\u0105d\u017a wi\u0119cej nowych subskrybent\u00f3w w swoich mediach spo\u0142eczno\u015bciowych i zwi\u0119ksz popularno\u015b\u0107 swojej firmy dzi\u0119ki narz\u0119dziom Elfsight!\" \/>\n<meta property=\"og:url\" content=\"https:\/\/elfsight.com\/pl\/button-widget\/drupal\/\" \/>\n<meta property=\"og:site_name\" content=\"Elfsight PL\" \/>\n<meta property=\"article:modified_time\" content=\"2024-11-14T08:46:58+00:00\" \/>\n<meta name=\"twitter:card\" content=\"summary_large_image\" \/>\n<meta name=\"twitter:label1\" content=\"Szacowany czas czytania\" \/>\n\t<meta name=\"twitter:data1\" content=\"2 minuty\" \/>\n<!-- \/ Yoast SEO plugin. -->","yoast_head_json":{"title":"Wtyczka do tworzenia przycisk\u00f3w - Dodaj modu\u0142 Button do Drupala (2025)","description":"Skorzystaj z nowego modu\u0142u Button dla Drupala. Zdob\u0105d\u017a wi\u0119cej nowych subskrybent\u00f3w w swoich mediach spo\u0142eczno\u015bciowych i zwi\u0119ksz popularno\u015b\u0107 swojej firmy dzi\u0119ki narz\u0119dziom Elfsight!","robots":{"index":"index","follow":"follow","max-snippet":"max-snippet:-1","max-image-preview":"max-image-preview:large","max-video-preview":"max-video-preview:-1"},"canonical":"https:\/\/elfsight.com\/pl\/button-widget\/drupal\/","og_locale":"pl_PL","og_type":"article","og_title":"Wtyczka do tworzenia przycisk\u00f3w - Dodaj modu\u0142 Button do Drupala (2025)","og_description":"Skorzystaj z nowego modu\u0142u Button dla Drupala. Zdob\u0105d\u017a wi\u0119cej nowych subskrybent\u00f3w w swoich mediach spo\u0142eczno\u015bciowych i zwi\u0119ksz popularno\u015b\u0107 swojej firmy dzi\u0119ki narz\u0119dziom Elfsight!","og_url":"https:\/\/elfsight.com\/pl\/button-widget\/drupal\/","og_site_name":"Elfsight PL","article_modified_time":"2024-11-14T08:46:58+00:00","twitter_card":"summary_large_image","twitter_misc":{"Szacowany czas czytania":"2 minuty"},"schema":{"@context":"https:\/\/schema.org","@graph":[{"@type":"WebPage","@id":"https:\/\/elfsight.com\/pl\/button-widget\/drupal\/","url":"https:\/\/elfsight.com\/pl\/button-widget\/drupal\/","name":"Wtyczka do tworzenia przycisk\u00f3w - Dodaj modu\u0142 Button do Drupala (2025)","isPartOf":{"@id":"https:\/\/elfsight.com\/pl\/#website"},"datePublished":"2024-05-03T06:31:45+00:00","dateModified":"2024-11-14T08:46:58+00:00","description":"Skorzystaj z nowego modu\u0142u Button dla Drupala. Zdob\u0105d\u017a wi\u0119cej nowych subskrybent\u00f3w w swoich mediach spo\u0142eczno\u015bciowych i zwi\u0119ksz popularno\u015b\u0107 swojej firmy dzi\u0119ki narz\u0119dziom Elfsight!","breadcrumb":{"@id":"https:\/\/elfsight.com\/pl\/button-widget\/drupal\/#breadcrumb"},"inLanguage":"pl-PL","potentialAction":[{"@type":"ReadAction","target":["https:\/\/elfsight.com\/pl\/button-widget\/drupal\/"]}]},{"@type":"BreadcrumbList","@id":"https:\/\/elfsight.com\/pl\/button-widget\/drupal\/#breadcrumb","itemListElement":[{"@type":"ListItem","position":1,"name":"Home","item":"https:\/\/elfsight.com\/pl\/"},{"@type":"ListItem","position":2,"name":"Button","item":"https:\/\/elfsight.com\/pl\/button-widget\/"},{"@type":"ListItem","position":3,"name":"Button &#8211; Drupal"}]},{"@type":"WebSite","@id":"https:\/\/elfsight.com\/pl\/#website","url":"https:\/\/elfsight.com\/pl\/","name":"Elfsight PL","description":"Just another Elfsight Sites site","potentialAction":[{"@type":"SearchAction","target":{"@type":"EntryPoint","urlTemplate":"https:\/\/elfsight.com\/pl\/?s={search_term_string}"},"query-input":{"@type":"PropertyValueSpecification","valueRequired":true,"valueName":"search_term_string"}}],"inLanguage":"pl-PL"}]}},"meta_box":{"industry":"","seo_heading":"","heading":"","description":"","cta_heading":"","cta_description":"","application":"3353","h1":"Modu\u0142 przycisku Drupala","h1_caption":"Dodaj konfigurowalny przycisk wezwania do dzia\u0142ania, aby zach\u0119ci\u0107 do klikni\u0119cia i bez wysi\u0142ku poprowadzi\u0107 u\u017cytkownik\u00f3w do konwersji na Twoj\u0105 stron\u0119 Drupal.","application_category":[],"applications_title":"","applications_request_title":"","applications_request_button_text":"","hero_text":"","hero_video":"","hero_video_schema_markup":"","selling_points_title":"","selling_points_caption":"","selling_points":[],"selling_points_cta_text":"","features_title":"","features":"","ed_cta_examples_text":"","ed_cta_examples_hidden":"","ed_cta_demo_text":"","ed_cta_demo_hidden":"","why_caption":"","why_editor_title":"","why_editor_text":"","why_team_title":"","why_team_text":"","why_service_title":"","why_service_text":"","template_catalog_visible":"","template_catalog_title":"","template_catalog_text":"","template_catalog_categories_visible":"","demo_title":"Utw\u00f3rz modu\u0142 przycisku","demo_caption":"Skonfiguruj sw\u00f3j Button i dodaj go do swojej witryny Drupal za darmo!","default_faq_hidden":"","app_template_category":[],"platform":"47","template_public_id":"","codecanyon_url":"","codecanyon_item_id":"","codecanyon_price":"","pricing_caption":"","pricing_elfsight_apps_hide_column":"","pricing_elfsight_apps_url":"","pricing_codecanyon_price_caption":"","integration_category":[],"integration_request_title":"","integration_request_cta":"","integration_platform":"","integrations":[],"platform_category":[],"video_schema_markup":"","price":"od 0 USD \/ miesi\u0105c","trial":"","benefits":[{"text":"Bezp\u0142atna pomoc w instalacji"},{"text":"Wsparcie premium"},{"text":"14-dniowa gwarancja zwrotu pieni\u0119dzy"}],"button_url":"#demo","button_target_blank":"","button_nofollow":"","attributes":[{"name":"Instaluje"},{"name":"Czu\u0142y"},{"name":"Kompatybilne przegl\u0105darki"}],"tags":[],"tags_disable_links":"","hide_more_platforms":"","video_object":"","demo_hide_cta":"","demo_hide_cloud_options":"","pricing_title":"","pricing":[{"pricing_icon":"platform","pricing_title":"Elfsight Apps","pricing_title_caption":"Oprogramowanie wieloplatformowe","pricing_price":"od 0 USD \/ miesi\u0105c","pricing_price_caption":"zacznij od bezp\u0142atnego planu","pricing_benefits":[{"text":"Nielimitowane domeny"},{"text":"Ca\u0142odobowe wsparcie firmy i dobrze udokumentowane"},{"text":"Bezp\u0142atna us\u0142uga monta\u017cu"},{"text":"100% konfigurowalny"}],"pricing_button_text":"Dodaj do witryny","pricing_button_url":"#demo"}],"related_apps_title":"","related_apps_hidden":"","author":"","image":[],"title":"","job":"","social_networks":[]},"_links":{"self":[{"href":"https:\/\/elfsight.com\/pl\/wp-json\/wp\/v2\/pages\/4599","targetHints":{"allow":["GET"]}}],"collection":[{"href":"https:\/\/elfsight.com\/pl\/wp-json\/wp\/v2\/pages"}],"about":[{"href":"https:\/\/elfsight.com\/pl\/wp-json\/wp\/v2\/types\/page"}],"author":[{"embeddable":true,"href":"https:\/\/elfsight.com\/pl\/wp-json\/wp\/v2\/users\/9"}],"replies":[{"embeddable":true,"href":"https:\/\/elfsight.com\/pl\/wp-json\/wp\/v2\/comments?post=4599"}],"version-history":[{"count":1,"href":"https:\/\/elfsight.com\/pl\/wp-json\/wp\/v2\/pages\/4599\/revisions"}],"predecessor-version":[{"id":4603,"href":"https:\/\/elfsight.com\/pl\/wp-json\/wp\/v2\/pages\/4599\/revisions\/4603"}],"up":[{"embeddable":true,"href":"https:\/\/elfsight.com\/pl\/wp-json\/wp\/v2\/pages\/3365"}],"wp:attachment":[{"href":"https:\/\/elfsight.com\/pl\/wp-json\/wp\/v2\/media?parent=4599"}],"curies":[{"name":"wp","href":"https:\/\/api.w.org\/{rel}","templated":true}]}}