{"id":4598,"date":"2024-05-03T06:31:44","date_gmt":"2024-05-03T06:31:44","guid":{"rendered":"https:\/\/elfsight.com\/pl\/?page_id=4598"},"modified":"2024-09-13T13:18:34","modified_gmt":"2024-09-13T13:18:34","slug":"facebook","status":"publish","type":"page","link":"https:\/\/elfsight.com\/pl\/button-widget\/facebook\/","title":{"rendered":"Button &#8211; Facebook"},"content":{"rendered":"<div class=\"application-platform-content-item-description application-platform-content-item\" id=\"description\" data-nav-section=\"description\"> <h2>Opis<\/h2> <p>Przycisk Elfsight to wid\u017cet dla Facebooka, kt\u00f3ry umo\u017cliwia tworzenie r\u00f3\u017cnych przycisk\u00f3w do r\u00f3\u017cnych cel\u00f3w w Twojej witrynie . Istnieje mn\u00f3stwo dzia\u0142a\u0144, kt\u00f3re mo\u017cna podj\u0105\u0107 po klikni\u0119ciu przycisku przez u\u017cytkownika. Mo\u017cna je na przyk\u0142ad wys\u0142a\u0107 na jaki\u015b adres URL, wybra\u0107 jaki\u015b numer, komunikowa\u0107 si\u0119 za po\u015brednictwem znanego komunikatora i nie tylko. Przycisk jest niezwykle konfigurowalny \u2014 mo\u017cesz doda\u0107 dowolny tekst i tre\u015b\u0107 nad i pod przyciskiem, a tak\u017ce zmieni\u0107 jego rozmiar i styl. <\/p> <p><b>Zastosuj kusz\u0105cy przycisk, aby zwi\u0119kszy\u0107 sprzeda\u017c w swojej witrynie, zdoby\u0107 wi\u0119cej nowych subskrybent\u00f3w w mediach spo\u0142eczno\u015bciowych i wiele wi\u0119cej! <\/b><\/p> <\/div> <div class=\"application-platform-content-item-features application-platform-content-item\" id=\"features\" data-nav-section=\"features\"> <h2>Najwa\u017cniejsze funkcje widgetu<\/h2> <ul><li>Zmie\u0144 kolory i czcionki<\/li><li> Dwa rodzaje uk\u0142adu przycisk\u00f3w \u2013 osadzony i p\u0142ywaj\u0105cy<\/li><li>Mo\u017cliwo\u015b\u0107 dodania tre\u015bci wok\u00f3\u0142 przycisku<\/li><li>Mo\u017cesz zaj\u0105\u0107 dwie linie<\/li><li>Powy\u017cej o\u015bmiu wariant\u00f3w akcji po kliknij<\/li><\/ul><p><a href=\"#demo\">Pe\u0142ne mo\u017cliwo\u015bci wid\u017cetu mo\u017cesz odkry\u0107 w wersji demonstracyjnej na tej stronie<\/a><\/p> <\/div> <div class=\"application-platform-content-item-installation application-platform-content-item\" id=\"installation\" data-nav-section=\"installation\"> <h2>Jak doda\u0107 przycisk do mojej witryny na Facebooku? <\/h2> <p>Wystarczy spe\u0142ni\u0107 poni\u017csze wytyczne, aby zintegrowa\u0107 narz\u0119dzie. <\/p> <ol><li><b>Uruchom nasz darmowy konfigurator i zacznij tworzy\u0107 w\u0142asne instrumenty. <\/b><br> Okre\u015bl odpowiedni wygl\u0105d i cechy wid\u017cetu i zastosuj zmiany. <\/li> <li><b>Odbierz osobisty kod pojawiaj\u0105cy si\u0119 w oknie aplikacji Elfsight. <\/b><br> Po zako\u0144czeniu dostosowywania wid\u017cetu skopiuj ekskluzywny kod z wy\u015bwietlonego pola i zapisz go do dalszego wykorzystania. <\/li> <li><b>Rozpocznij korzystanie z wid\u017cetu na swojej stronie na Facebooku. <\/b><br> Umie\u015b\u0107 ostatnio skopiowany kod na swojej stronie g\u0142\u00f3wnej i zastosuj poprawki. <\/li> <li><b>Instalacja zako\u0144czy\u0142a si\u0119 pomy\u015blnie. <\/b><br> Przejd\u017a do swojej witryny i zobacz, jak dzia\u0142a wtyczka. <\/li><\/ol> <p>Je\u015bli napotkasz jakiekolwiek komplikacje, nie wahaj si\u0119 zwr\u00f3ci\u0107 do naszego personelu pomocniczego. Nasi specjali\u015bci z przyjemno\u015bci\u0105 odpowiedz\u0105 na wszystkie pytania dotycz\u0105ce produktu. <\/p> <div class=\"faq\" data-component=\"FAQ\"><div class=\"faq-item\">\r\n\t\t\t\t\t<div class=\"faq-item-question\">\r\n\t\t\t\t\t\t<h3 class=\"faq-item-question-text\">Jak mog\u0119 doda\u0107 Button do mojej witryny na Facebooku bez umiej\u0119tno\u015bci kodowania?<\/h3>\r\n\r\n\t\t\t\t\t\t<div class=\"faq-item-question-icon\"><\/div>\r\n\t\t\t\t\t<\/div>\r\n\r\n\t\t\t\t\t<div class=\"faq-item-answer\">\r\n\t\t\t\t\t\t<div class=\"faq-item-answer-text\"> <p>Elfsight zapewnia rozwi\u0105zanie SaaS, kt\u00f3re pozwala samodzielnie utworzy\u0107 wid\u017cet Buttona. Zobacz, jak \u0142atwy jest ten proces : Pracuj bezpo\u015brednio w edytorze online, aby utworzy\u0107 wid\u017cet przycisku, kt\u00f3ry chcesz zobaczy\u0107 na swojej stronie na Facebooku. Wybierz jeden z gotowych szablon\u00f3w i dostosuj ustawienia przycisku, dodaj tre\u015b\u0107, zmie\u0144 uk\u0142ad i kolory bez umiej\u0119tno\u015bci kodowania. Zapisz przycisk i skopiuj jego kod instalacyjny, kt\u00f3ry mo\u017cesz po prostu wklei\u0107 na swojej stronie na Facebooku, bez konieczno\u015bci zakupu wersji p\u0142atnej. Dzi\u0119ki naszemu intuicyjnemu Edytorowi ka\u017cdy u\u017cytkownik Internetu mo\u017ce stworzy\u0107 widget Button online i \u0142atwo osadzi\u0107 go na swojej stronie na Facebooku. Aby uzyska\u0107 dost\u0119p do us\u0142ugi, nie trzeba p\u0142aci\u0107 ani wprowadza\u0107 danych uwierzytelniaj\u0105cych karty. Je\u015bli na kt\u00f3rymkolwiek etapie napotkasz jakiekolwiek problemy, skontaktuj si\u0119 z naszym zespo\u0142em pomocy technicznej.<\/p> <\/div>\r\n\t\t\t\t\t<\/div>\r\n\t\t\t\t<\/div> <\/div><\/div><p><\/p>","protected":false},"excerpt":{"rendered":"","protected":false},"author":9,"featured_media":0,"parent":3365,"menu_order":0,"comment_status":"closed","ping_status":"closed","template":"templates\/template-application-platform.php","meta":{"publish_to_discourse":"","publish_post_category":"","wpdc_auto_publish_overridden":"","wpdc_topic_tags":"","wpdc_pin_topic":"","wpdc_pin_until":"","discourse_post_id":"","discourse_permalink":"","wpdc_publishing_response":"","wpdc_publishing_error":"","footnotes":""},"class_list":["post-4598","page","type-page","status-publish","hentry"],"yoast_head":"<!-- This site is optimized with the Yoast SEO plugin v25.3.1 - https:\/\/yoast.com\/wordpress\/plugins\/seo\/ -->\n<title>Wid\u017cet generatora przycisk\u00f3w - Dodaj wid\u017cet przycisku do Facebooka (2026)<\/title>\n<meta name=\"description\" content=\"Wypr\u00f3buj wid\u017cet przycisku Elfsight na Facebooku. Przyci\u0105gnij wi\u0119cej nowych subskrybent\u00f3w, zwi\u0119ksz sprzeda\u017c na swojej stronie i rozwijaj sw\u00f3j biznes dzi\u0119ki narz\u0119dziom Elfsight!\" \/>\n<meta name=\"robots\" content=\"index, follow, max-snippet:-1, max-image-preview:large, max-video-preview:-1\" \/>\n<link rel=\"canonical\" href=\"https:\/\/elfsight.com\/pl\/button-widget\/facebook\/\" \/>\n<meta property=\"og:locale\" content=\"pl_PL\" \/>\n<meta property=\"og:type\" content=\"article\" \/>\n<meta property=\"og:title\" content=\"Wid\u017cet generatora przycisk\u00f3w - Dodaj wid\u017cet przycisku do Facebooka (2026)\" \/>\n<meta property=\"og:description\" content=\"Wypr\u00f3buj wid\u017cet przycisku Elfsight na Facebooku. Przyci\u0105gnij wi\u0119cej nowych subskrybent\u00f3w, zwi\u0119ksz sprzeda\u017c na swojej stronie i rozwijaj sw\u00f3j biznes dzi\u0119ki narz\u0119dziom Elfsight!\" \/>\n<meta property=\"og:url\" content=\"https:\/\/elfsight.com\/pl\/button-widget\/facebook\/\" \/>\n<meta property=\"og:site_name\" content=\"Elfsight PL\" \/>\n<meta property=\"article:modified_time\" content=\"2024-09-13T13:18:34+00:00\" \/>\n<meta name=\"twitter:card\" content=\"summary_large_image\" \/>\n<meta name=\"twitter:label1\" content=\"Szacowany czas czytania\" \/>\n\t<meta name=\"twitter:data1\" content=\"3 minuty\" \/>\n<!-- \/ Yoast SEO plugin. -->","yoast_head_json":{"title":"Wid\u017cet generatora przycisk\u00f3w - Dodaj wid\u017cet przycisku do Facebooka (2026)","description":"Wypr\u00f3buj wid\u017cet przycisku Elfsight na Facebooku. Przyci\u0105gnij wi\u0119cej nowych subskrybent\u00f3w, zwi\u0119ksz sprzeda\u017c na swojej stronie i rozwijaj sw\u00f3j biznes dzi\u0119ki narz\u0119dziom Elfsight!","robots":{"index":"index","follow":"follow","max-snippet":"max-snippet:-1","max-image-preview":"max-image-preview:large","max-video-preview":"max-video-preview:-1"},"canonical":"https:\/\/elfsight.com\/pl\/button-widget\/facebook\/","og_locale":"pl_PL","og_type":"article","og_title":"Wid\u017cet generatora przycisk\u00f3w - Dodaj wid\u017cet przycisku do Facebooka (2026)","og_description":"Wypr\u00f3buj wid\u017cet przycisku Elfsight na Facebooku. Przyci\u0105gnij wi\u0119cej nowych subskrybent\u00f3w, zwi\u0119ksz sprzeda\u017c na swojej stronie i rozwijaj sw\u00f3j biznes dzi\u0119ki narz\u0119dziom Elfsight!","og_url":"https:\/\/elfsight.com\/pl\/button-widget\/facebook\/","og_site_name":"Elfsight PL","article_modified_time":"2024-09-13T13:18:34+00:00","twitter_card":"summary_large_image","twitter_misc":{"Szacowany czas czytania":"3 minuty"},"schema":{"@context":"https:\/\/schema.org","@graph":[{"@type":"WebPage","@id":"https:\/\/elfsight.com\/pl\/button-widget\/facebook\/","url":"https:\/\/elfsight.com\/pl\/button-widget\/facebook\/","name":"Wid\u017cet generatora przycisk\u00f3w - Dodaj wid\u017cet przycisku do Facebooka (2026)","isPartOf":{"@id":"https:\/\/elfsight.com\/pl\/#website"},"datePublished":"2024-05-03T06:31:44+00:00","dateModified":"2024-09-13T13:18:34+00:00","description":"Wypr\u00f3buj wid\u017cet przycisku Elfsight na Facebooku. Przyci\u0105gnij wi\u0119cej nowych subskrybent\u00f3w, zwi\u0119ksz sprzeda\u017c na swojej stronie i rozwijaj sw\u00f3j biznes dzi\u0119ki narz\u0119dziom Elfsight!","breadcrumb":{"@id":"https:\/\/elfsight.com\/pl\/button-widget\/facebook\/#breadcrumb"},"inLanguage":"pl-PL","potentialAction":[{"@type":"ReadAction","target":["https:\/\/elfsight.com\/pl\/button-widget\/facebook\/"]}]},{"@type":"BreadcrumbList","@id":"https:\/\/elfsight.com\/pl\/button-widget\/facebook\/#breadcrumb","itemListElement":[{"@type":"ListItem","position":1,"name":"Home","item":"https:\/\/elfsight.com\/pl\/"},{"@type":"ListItem","position":2,"name":"Button","item":"https:\/\/elfsight.com\/pl\/button-widget\/"},{"@type":"ListItem","position":3,"name":"Button &#8211; Facebook"}]},{"@type":"WebSite","@id":"https:\/\/elfsight.com\/pl\/#website","url":"https:\/\/elfsight.com\/pl\/","name":"Elfsight PL","description":"Just another Elfsight Sites site","potentialAction":[{"@type":"SearchAction","target":{"@type":"EntryPoint","urlTemplate":"https:\/\/elfsight.com\/pl\/?s={search_term_string}"},"query-input":{"@type":"PropertyValueSpecification","valueRequired":true,"valueName":"search_term_string"}}],"inLanguage":"pl-PL"}]}},"meta_box":{"industry":"","seo_heading":"","heading":"","description":"","cta_heading":"","cta_description":"","application":"3353","h1":"Wid\u017cet przycisku Facebooka","h1_caption":"Popchnij odbiorc\u00f3w bezpo\u015brednio do docelowej akcji","application_category":[],"applications_title":"","applications_request_title":"","applications_request_button_text":"","hero_text":"","hero_video":"","hero_video_schema_markup":"","selling_points_title":"","selling_points_caption":"","selling_points":[],"selling_points_cta_text":"","features_title":"","features":"","ed_cta_examples_text":"","ed_cta_examples_hidden":"","ed_cta_demo_text":"","ed_cta_demo_hidden":"","why_caption":"","why_editor_title":"","why_editor_text":"","why_team_title":"","why_team_text":"","why_service_title":"","why_service_text":"","template_catalog_visible":"","template_catalog_title":"","template_catalog_text":"","template_catalog_categories_visible":"","demo_title":"Mo\u017cesz stworzy\u0107 niestandardowy przycisk Facebooka","demo_caption":"Dostosuj je i zintegruj narz\u0119dzie ze swoj\u0105 witryn\u0105 internetow\u0105, korzystaj\u0105c z wersji demonstracyjnej na \u017cywo.","default_faq_hidden":"","app_template_category":[],"platform":"319","template_public_id":"","codecanyon_url":"","codecanyon_item_id":"","codecanyon_price":"","pricing_caption":"","pricing_elfsight_apps_hide_column":"","pricing_elfsight_apps_url":"","pricing_codecanyon_price_caption":"","integration_category":[],"integration_request_title":"","integration_request_cta":"","integration_platform":"","integrations":[],"platform_category":[],"video_schema_markup":"","price":"od 0 USD \/ miesi\u0105c","trial":"","benefits":[{"text":"Bezp\u0142atna us\u0142uga monta\u017cu"},{"text":"Skuteczna obs\u0142uga klienta"},{"text":"14-dniowa gwarancja zwrotu pieni\u0119dzy"}],"button_url":"#demo","button_target_blank":"","button_nofollow":"","attributes":[{"name":"Instaluje"},{"name":"Czu\u0142y"},{"name":"Kompatybilne przegl\u0105darki"}],"tags":[],"tags_disable_links":"","hide_more_platforms":"","video_object":"","demo_hide_cta":"","demo_hide_cloud_options":"","pricing_title":"","pricing":[{"pricing_icon":"platform","pricing_title":"Elfsight Apps","pricing_title_caption":"Wieloplatformowe rozwi\u0105zanie cyfrowe, kt\u00f3re dzia\u0142a w dowolnej witrynie","pricing_price":"od 0 USD \/ miesi\u0105c","pricing_price_caption":"zacznij od bezp\u0142atnego planu","pricing_benefits":[{"text":"Nielimitowane strony internetowe"},{"text":"Wsparcie premium i na czas"},{"text":"Bezp\u0142atna pomoc w monta\u017cu"},{"text":"W pe\u0142ni konfigurowalny"}],"pricing_button_text":"Dodaj do witryny","pricing_button_url":"#demo"}],"related_apps_title":"","related_apps_hidden":"","author":"","image":[],"title":"","job":"","social_networks":[]},"_links":{"self":[{"href":"https:\/\/elfsight.com\/pl\/wp-json\/wp\/v2\/pages\/4598","targetHints":{"allow":["GET"]}}],"collection":[{"href":"https:\/\/elfsight.com\/pl\/wp-json\/wp\/v2\/pages"}],"about":[{"href":"https:\/\/elfsight.com\/pl\/wp-json\/wp\/v2\/types\/page"}],"author":[{"embeddable":true,"href":"https:\/\/elfsight.com\/pl\/wp-json\/wp\/v2\/users\/9"}],"replies":[{"embeddable":true,"href":"https:\/\/elfsight.com\/pl\/wp-json\/wp\/v2\/comments?post=4598"}],"version-history":[{"count":1,"href":"https:\/\/elfsight.com\/pl\/wp-json\/wp\/v2\/pages\/4598\/revisions"}],"predecessor-version":[{"id":4602,"href":"https:\/\/elfsight.com\/pl\/wp-json\/wp\/v2\/pages\/4598\/revisions\/4602"}],"up":[{"embeddable":true,"href":"https:\/\/elfsight.com\/pl\/wp-json\/wp\/v2\/pages\/3365"}],"wp:attachment":[{"href":"https:\/\/elfsight.com\/pl\/wp-json\/wp\/v2\/media?parent=4598"}],"curies":[{"name":"wp","href":"https:\/\/api.w.org\/{rel}","templated":true}]}}