{"id":4597,"date":"2024-05-03T06:31:43","date_gmt":"2024-05-03T06:31:43","guid":{"rendered":"https:\/\/elfsight.com\/pl\/?page_id=4597"},"modified":"2025-06-26T14:15:35","modified_gmt":"2025-06-26T14:15:35","slug":"elementor","status":"publish","type":"page","link":"https:\/\/elfsight.com\/pl\/button-widget\/elementor\/","title":{"rendered":"Button &#8211; Elementor"},"content":{"rendered":"<div class=\"application-platform-content-item-description application-platform-content-item\" id=\"description\" data-nav-section=\"description\"> <h2>Osad\u017a przycisk w Elementorze za pomoc\u0105 wid\u017cetu Elfsight<\/h2> <p>Przycisk to wid\u017cet dla Elementora, umo\u017cliwiaj\u0105cy tworzenie r\u00f3\u017cnych przycisk\u00f3w dla wiele cel\u00f3w w Twojej witrynie. Istnieje wiele dzia\u0142a\u0144, kt\u00f3re mo\u017cna podj\u0105\u0107 po klikni\u0119ciu przycisku przez osob\u0119 odwiedzaj\u0105c\u0105 witryn\u0119. Mo\u017cna je na przyk\u0142ad wys\u0142a\u0107 na inn\u0105 stron\u0119 internetow\u0105, wybra\u0107 numer telefonu, porozmawia\u0107 za po\u015brednictwem popularnego komunikatora i nie tylko. Nasz przycisk mo\u017cna wyj\u0105tkowo personalizowa\u0107 &#8211; mo\u017cesz dowolnie u\u017cywa\u0107 dowolnej wiadomo\u015bci, tre\u015bci nad i pod przyciskiem, a tak\u017ce zmienia\u0107 jego rozmiar i kolory. <\/p> <p><b>Zastosuj kusz\u0105cy przycisk, aby zwi\u0119kszy\u0107 sprzeda\u017c w swojej witrynie, przyci\u0105gn\u0105\u0107 wi\u0119cej nowych obserwuj\u0105cych w mediach spo\u0142eczno\u015bciowych i wiele wi\u0119cej! <\/b><\/p> <\/div> <div class=\"application-platform-content-item-features application-platform-content-item\" id=\"features\" data-nav-section=\"features\"> <h2>To tylko kilka z wielu funkcji wid\u017cetu: <\/h2> <ul><li>Zmiana kolor\u00f3w i czcionek<\/b><\/p> li&gt;<li>Dwa rodzaje pozycjonowania przycisk\u00f3w \u2013 osadzony i p\u0142ywaj\u0105cy<\/li><li>Mo\u017cliwo\u015b\u0107 dodania tre\u015bci wok\u00f3\u0142 przycisku<\/li><li>Mo\u017cesz zajmowa\u0107 dwie linie<\/li><li>Wi\u0119cej ni\u017c osiem wariacje scenariuszy po klikni\u0119ciu<\/li><\/ul><p><a href=\"#demo\">Warto\u015b\u0107 widgetu mo\u017cesz sprawdzi\u0107 za pomoc\u0105 demo<\/a><\/p> <\/div> <div class=\"application-platform-content-item-installation application-platform-content-item\" id=\"installation\" data-nav-section=\"installation\"> <h2>Jak mog\u0119 doda\u0107 przycisk na mojej stronie internetowej Elementor? <\/h2> <p>Wystarczy wykona\u0107 poni\u017csze kroki, aby zintegrowa\u0107 narz\u0119dzie. <\/p> <ol><li><b>Skorzystaj z naszej bezp\u0142atnej wersji demonstracyjnej i zacznij tworzy\u0107 sw\u00f3j w\u0142asny widget. <\/b><br> Wybierz preferowany wygl\u0105d i opcje wid\u017cetu i zastosuj poprawki. <\/li> <li><b>Zdob\u0105d\u017a indywidualny kod wy\u015bwietlany w oknie aplikacji Elfsight. <\/b><br> Po zako\u0144czeniu tworzenia osobistej wtyczki skopiuj ekskluzywny kod z wy\u015bwietlonego pola i zachowaj go do wykorzystania w przysz\u0142o\u015bci. <\/li> <li><b>Rozpocznij korzystanie z wid\u017cetu na swojej stronie internetowej Elementor. <\/b><br> Dodaj wcze\u015bniej zapisany kod do swojej strony g\u0142\u00f3wnej i zapisz zmiany. <\/li> <li><b>Gotowe! Osadzanie zosta\u0142o pomy\u015blnie wykonane. <\/b><br> Odwied\u017a swoj\u0105 witryn\u0119, aby zobaczy\u0107, jak dzia\u0142a widget. <\/li><\/ol> <p>Pod warunkiem skonfrontowania si\u0119 z zapytaniami lub napotkania jakichkolwiek trudno\u015bci, nie wahaj si\u0119 zwr\u00f3ci\u0107 do naszego zespo\u0142u wsparcia. Nasi specjali\u015bci ch\u0119tnie pomog\u0105 Ci we wszystkich problemach, jakie mo\u017cesz mie\u0107 z produktem. <\/p> <div class=\"faq\" data-component=\"FAQ\"><div class=\"faq-item\">\r\n\t\t\t\t\t<div class=\"faq-item-question\">\r\n\t\t\t\t\t\t<h3 class=\"faq-item-question-text\">Jak mog\u0119 doda\u0107 Button do mojej witryny Elementor bez umiej\u0119tno\u015bci kodowania?<\/h3>\r\n\r\n\t\t\t\t\t\t<div class=\"faq-item-question-icon\"><\/div>\r\n\t\t\t\t\t<\/div>\r\n\r\n\t\t\t\t\t<div class=\"faq-item-answer\">\r\n\t\t\t\t\t\t<div class=\"faq-item-answer-text\"> <p>Elfsight zapewnia rozwi\u0105zanie SaaS, kt\u00f3re pozwala samodzielnie utworzy\u0107 wid\u017cet Button. Zobacz, jak \u0142atwy jest ten proces : Pracuj bezpo\u015brednio w edytorze online, aby utworzy\u0107 wid\u017cet przycisku, kt\u00f3ry chcesz zobaczy\u0107 na swojej stronie internetowej Elementor. Wybierz jeden z gotowych szablon\u00f3w i dostosuj ustawienia przycisku, dodaj tre\u015b\u0107, zmie\u0144 uk\u0142ad i kolory bez umiej\u0119tno\u015bci kodowania. Zapisz Przycisk i skopiuj jego kod instalacyjny, kt\u00f3ry mo\u017cesz \u0142atwo osadzi\u0107 na swojej stronie Elementora, bez konieczno\u015bci kupowania p\u0142atnego planu. Dzi\u0119ki naszemu intuicyjnemu Edytorowi ka\u017cdy u\u017cytkownik Internetu mo\u017ce stworzy\u0107 wid\u017cet Przycisku online i \u0142atwo osadzi\u0107 go na swojej stronie internetowej Elementor. Aby uzyska\u0107 dost\u0119p do us\u0142ugi, nie trzeba p\u0142aci\u0107 ani wprowadza\u0107 danych uwierzytelniaj\u0105cych karty. Je\u015bli na kt\u00f3rymkolwiek etapie napotkasz jakiekolwiek problemy, skontaktuj si\u0119 z naszym zespo\u0142em pomocy technicznej.<\/p> <\/div>\r\n\t\t\t\t\t<\/div>\r\n\t\t\t\t<\/div> <\/div><\/div>","protected":false},"excerpt":{"rendered":"","protected":false},"author":9,"featured_media":0,"parent":3365,"menu_order":0,"comment_status":"closed","ping_status":"closed","template":"templates\/template-application-platform.php","meta":{"publish_to_discourse":"","publish_post_category":"","wpdc_auto_publish_overridden":"","wpdc_topic_tags":"","wpdc_pin_topic":"","wpdc_pin_until":"","discourse_post_id":"","discourse_permalink":"","wpdc_publishing_response":"","wpdc_publishing_error":"","footnotes":""},"class_list":["post-4597","page","type-page","status-publish","hentry"],"yoast_head":"<!-- This site is optimized with the Yoast SEO plugin v25.3.1 - https:\/\/yoast.com\/wordpress\/plugins\/seo\/ -->\n<title>Wid\u017cet konstruktora przycisk\u00f3w - Dodaj wid\u017cet Przycisk do Elementora (2025)<\/title>\n<meta name=\"description\" content=\"Przetestuj wid\u017cet przycisku Elfsight dla Elementora. Zdob\u0105d\u017a wi\u0119cej obserwuj\u0105cych, zwi\u0119ksz sprzeda\u017c i zwi\u0119ksz popularno\u015b\u0107 swojej firmy dzi\u0119ki narz\u0119dziom Elfsight!\" \/>\n<meta name=\"robots\" content=\"index, follow, max-snippet:-1, max-image-preview:large, max-video-preview:-1\" \/>\n<link rel=\"canonical\" href=\"https:\/\/elfsight.com\/pl\/button-widget\/elementor\/\" \/>\n<meta property=\"og:locale\" content=\"pl_PL\" \/>\n<meta property=\"og:type\" content=\"article\" \/>\n<meta property=\"og:title\" content=\"Wid\u017cet konstruktora przycisk\u00f3w - Dodaj wid\u017cet Przycisk do Elementora (2025)\" \/>\n<meta property=\"og:description\" content=\"Przetestuj wid\u017cet przycisku Elfsight dla Elementora. Zdob\u0105d\u017a wi\u0119cej obserwuj\u0105cych, zwi\u0119ksz sprzeda\u017c i zwi\u0119ksz popularno\u015b\u0107 swojej firmy dzi\u0119ki narz\u0119dziom Elfsight!\" \/>\n<meta property=\"og:url\" content=\"https:\/\/elfsight.com\/pl\/button-widget\/elementor\/\" \/>\n<meta property=\"og:site_name\" content=\"Elfsight PL\" \/>\n<meta property=\"article:modified_time\" content=\"2025-06-26T14:15:35+00:00\" \/>\n<meta name=\"twitter:card\" content=\"summary_large_image\" \/>\n<meta name=\"twitter:label1\" content=\"Szacowany czas czytania\" \/>\n\t<meta name=\"twitter:data1\" content=\"3 minuty\" \/>\n<!-- \/ Yoast SEO plugin. -->","yoast_head_json":{"title":"Wid\u017cet konstruktora przycisk\u00f3w - Dodaj wid\u017cet Przycisk do Elementora (2025)","description":"Przetestuj wid\u017cet przycisku Elfsight dla Elementora. Zdob\u0105d\u017a wi\u0119cej obserwuj\u0105cych, zwi\u0119ksz sprzeda\u017c i zwi\u0119ksz popularno\u015b\u0107 swojej firmy dzi\u0119ki narz\u0119dziom Elfsight!","robots":{"index":"index","follow":"follow","max-snippet":"max-snippet:-1","max-image-preview":"max-image-preview:large","max-video-preview":"max-video-preview:-1"},"canonical":"https:\/\/elfsight.com\/pl\/button-widget\/elementor\/","og_locale":"pl_PL","og_type":"article","og_title":"Wid\u017cet konstruktora przycisk\u00f3w - Dodaj wid\u017cet Przycisk do Elementora (2025)","og_description":"Przetestuj wid\u017cet przycisku Elfsight dla Elementora. Zdob\u0105d\u017a wi\u0119cej obserwuj\u0105cych, zwi\u0119ksz sprzeda\u017c i zwi\u0119ksz popularno\u015b\u0107 swojej firmy dzi\u0119ki narz\u0119dziom Elfsight!","og_url":"https:\/\/elfsight.com\/pl\/button-widget\/elementor\/","og_site_name":"Elfsight PL","article_modified_time":"2025-06-26T14:15:35+00:00","twitter_card":"summary_large_image","twitter_misc":{"Szacowany czas czytania":"3 minuty"},"schema":{"@context":"https:\/\/schema.org","@graph":[{"@type":"WebPage","@id":"https:\/\/elfsight.com\/pl\/button-widget\/elementor\/","url":"https:\/\/elfsight.com\/pl\/button-widget\/elementor\/","name":"Wid\u017cet konstruktora przycisk\u00f3w - Dodaj wid\u017cet Przycisk do Elementora (2025)","isPartOf":{"@id":"https:\/\/elfsight.com\/pl\/#website"},"datePublished":"2024-05-03T06:31:43+00:00","dateModified":"2025-06-26T14:15:35+00:00","description":"Przetestuj wid\u017cet przycisku Elfsight dla Elementora. Zdob\u0105d\u017a wi\u0119cej obserwuj\u0105cych, zwi\u0119ksz sprzeda\u017c i zwi\u0119ksz popularno\u015b\u0107 swojej firmy dzi\u0119ki narz\u0119dziom Elfsight!","breadcrumb":{"@id":"https:\/\/elfsight.com\/pl\/button-widget\/elementor\/#breadcrumb"},"inLanguage":"pl-PL","potentialAction":[{"@type":"ReadAction","target":["https:\/\/elfsight.com\/pl\/button-widget\/elementor\/"]}]},{"@type":"BreadcrumbList","@id":"https:\/\/elfsight.com\/pl\/button-widget\/elementor\/#breadcrumb","itemListElement":[{"@type":"ListItem","position":1,"name":"Home","item":"https:\/\/elfsight.com\/pl\/"},{"@type":"ListItem","position":2,"name":"Button","item":"https:\/\/elfsight.com\/pl\/button-widget\/"},{"@type":"ListItem","position":3,"name":"Button &#8211; Elementor"}]},{"@type":"WebSite","@id":"https:\/\/elfsight.com\/pl\/#website","url":"https:\/\/elfsight.com\/pl\/","name":"Elfsight PL","description":"Just another Elfsight Sites site","potentialAction":[{"@type":"SearchAction","target":{"@type":"EntryPoint","urlTemplate":"https:\/\/elfsight.com\/pl\/?s={search_term_string}"},"query-input":{"@type":"PropertyValueSpecification","valueRequired":true,"valueName":"search_term_string"}}],"inLanguage":"pl-PL"}]}},"meta_box":{"industry":"","seo_heading":"","heading":"","description":"","cta_heading":"","cta_description":"","application":"3353","h1":"Wid\u017cet Przycisku Elementora","h1_caption":"Dodaj konfigurowalny przycisk wezwania do dzia\u0142ania, aby zach\u0119ci\u0107 do klikni\u0119cia i bez wysi\u0142ku poprowadzi\u0107 u\u017cytkownik\u00f3w do konwersji w witrynie Elementor.","application_category":[],"applications_title":"","applications_request_title":"","applications_request_button_text":"","hero_text":"","hero_video":"","hero_video_schema_markup":"","selling_points_title":"","selling_points_caption":"","selling_points":[],"selling_points_cta_text":"","features_title":"","features":"","ed_cta_examples_text":"","ed_cta_examples_hidden":"","ed_cta_demo_text":"","ed_cta_demo_hidden":"","why_caption":"","why_editor_title":"","why_editor_text":"","why_team_title":"","why_team_text":"","why_service_title":"","why_service_text":"","template_catalog_visible":"0","template_catalog_title":"","template_catalog_text":"","template_catalog_categories_visible":"","demo_title":"Utw\u00f3rz wid\u017cet przycisku","demo_caption":"Skonfiguruj sw\u00f3j Button i dodaj go za darmo do swojej witryny Elementor!","default_faq_hidden":"","app_template_category":[],"platform":"268","template_public_id":"","codecanyon_url":"","codecanyon_item_id":"","codecanyon_price":"","pricing_caption":"","pricing_elfsight_apps_hide_column":"","pricing_elfsight_apps_url":"","pricing_codecanyon_price_caption":"","integration_category":[],"integration_request_title":"","integration_request_cta":"","integration_platform":"","integrations":[],"platform_category":[],"video_schema_markup":"","price":"od 0 USD \/ miesi\u0105c","trial":"","benefits":[{"text":"Bezp\u0142atna pomoc w monta\u017cu"},{"text":"Skuteczna obs\u0142uga klienta"},{"text":"14-dniowa gwarancja zwrotu pieni\u0119dzy"}],"button_url":"#demo","button_target_blank":"0","button_nofollow":"0","attributes":[{"name":"Instaluje"},{"name":"Czu\u0142y"},{"name":"Kompatybilne przegl\u0105darki"}],"tags":[],"tags_disable_links":"0","hide_more_platforms":"0","video_object":"","demo_hide_cta":"0","demo_hide_cloud_options":"0","pricing_title":"","pricing":[{"pricing_icon":"platform","pricing_title":"Elfsight Apps","pricing_title_caption":"Niezale\u017cne od platformy rozwi\u0105zanie cyfrowe, kt\u00f3re dzia\u0142a na ka\u017cdej stronie","pricing_price":"od 0 USD \/ miesi\u0105c","pricing_price_caption":"zacznij od bezp\u0142atnego planu","pricing_benefits":[{"text":"Nielimitowane domeny"},{"text":"Dedykowana obs\u0142uga klienta"},{"text":"Bezp\u0142atna us\u0142uga monta\u017cu"},{"text":"100% konfigurowalny"}],"pricing_button_text":"Dodaj do witryny","pricing_button_url":"#demo"}],"related_apps_title":"","related_apps_hidden":"0","author":"","image":[],"title":"","job":"","social_networks":[]},"_links":{"self":[{"href":"https:\/\/elfsight.com\/pl\/wp-json\/wp\/v2\/pages\/4597","targetHints":{"allow":["GET"]}}],"collection":[{"href":"https:\/\/elfsight.com\/pl\/wp-json\/wp\/v2\/pages"}],"about":[{"href":"https:\/\/elfsight.com\/pl\/wp-json\/wp\/v2\/types\/page"}],"author":[{"embeddable":true,"href":"https:\/\/elfsight.com\/pl\/wp-json\/wp\/v2\/users\/9"}],"replies":[{"embeddable":true,"href":"https:\/\/elfsight.com\/pl\/wp-json\/wp\/v2\/comments?post=4597"}],"version-history":[{"count":2,"href":"https:\/\/elfsight.com\/pl\/wp-json\/wp\/v2\/pages\/4597\/revisions"}],"predecessor-version":[{"id":10548,"href":"https:\/\/elfsight.com\/pl\/wp-json\/wp\/v2\/pages\/4597\/revisions\/10548"}],"up":[{"embeddable":true,"href":"https:\/\/elfsight.com\/pl\/wp-json\/wp\/v2\/pages\/3365"}],"wp:attachment":[{"href":"https:\/\/elfsight.com\/pl\/wp-json\/wp\/v2\/media?parent=4597"}],"curies":[{"name":"wp","href":"https:\/\/api.w.org\/{rel}","templated":true}]}}