{"id":4591,"date":"2024-05-03T06:31:41","date_gmt":"2024-05-03T06:31:41","guid":{"rendered":"https:\/\/elfsight.com\/pl\/?page_id=4591"},"modified":"2024-11-14T08:46:50","modified_gmt":"2024-11-14T08:46:50","slug":"jquery","status":"publish","type":"page","link":"https:\/\/elfsight.com\/pl\/button-widget\/jquery\/","title":{"rendered":"Button &#8211; jQuery"},"content":{"rendered":"<div class=\"application-platform-content-item-description application-platform-content-item\" id=\"description\" data-nav-section=\"description\"> <h2>Opis<\/h2> <p>Elfsight Button to wtyczka do jQuery daj\u0105ca mo\u017cliwo\u015b\u0107 tworzenia r\u00f3\u017cnych przycisk\u00f3w dla wielu cel\u00f3w na Twojej stronie internetowej . Istnieje mn\u00f3stwo dzia\u0142a\u0144, kt\u00f3re mo\u017cna podj\u0105\u0107 po klikni\u0119ciu przycisku przez osob\u0119 odwiedzaj\u0105c\u0105 witryn\u0119. Mog\u0105 na przyk\u0142ad zosta\u0107 przekierowani na stron\u0119 internetow\u0105 innej firmy, wybra\u0107 jaki\u015b numer, komunikowa\u0107 si\u0119 za pomoc\u0105 popularnego komunikatora i nie tylko. Przycisk ma du\u017ce mo\u017cliwo\u015bci personalizacji \u2014 mo\u017cesz doda\u0107 dowolny komunikat i tre\u015b\u0107 wok\u00f3\u0142 przycisku oraz dostosowa\u0107 jego rozmiar i styl. <\/p> <p><b>Zastosuj atrakcyjny przycisk, aby zwi\u0119kszy\u0107 sprzeda\u017c w swojej witrynie, przyci\u0105gn\u0105\u0107 wi\u0119cej nowych obserwuj\u0105cych na swoich kontach w mediach spo\u0142eczno\u015bciowych i wiele wi\u0119cej! <\/b><\/p> <\/div> <div class=\"application-platform-content-item-features application-platform-content-item\" id=\"features\" data-nav-section=\"features\"> <h2>To tylko kilka cennych funkcji wid\u017cetu: <\/h2> <ul><li>Zmiana kolor\u00f3w i czcionek<\/li><li>2 rodzaje uk\u0142adu przycisk\u00f3w \u2013 osadzony i p\u0142ywaj\u0105cy<\/li><li>Opcja dodania tre\u015bci wok\u00f3\u0142 przycisku<\/li><li>Mo\u017cesz zajmowa\u0107 dwie linie<\/li><li>Wi\u0119cej ni\u017c osiem warianty scenariuszy po klikni\u0119ciu<\/li><\/ul><p><a href=\"#demo\">Odkryj wszystkie opcje dostosowywania w w pe\u0142ni funkcjonalnej wersji demonstracyjnej<\/a><\/p> <\/div> <div class=\"application-platform-content-item-installation application-platform-content-item\" id=\"installation\" data-nav-section=\"installation\"> <h2>Jak doda\u0107 Button do mojej witryny jQuery? <\/h2> <p>Wystarczy wykona\u0107 poni\u017csze kroki, aby osadzi\u0107 wtyczk\u0119. <\/p> <ol><li><b>Wykonaj nasz darmowy konfigurator i zacznij tworzy\u0107 niestandardow\u0105 wtyczk\u0119. <\/b><br> Okre\u015bl odpowiedni wygl\u0105d i funkcje narz\u0119dzia oraz zapisz zmiany. <\/li> <li><b>Zdob\u0105d\u017a osobisty kod widoczny w pude\u0142ku w aplikacjach Elfsight. <\/b><br> Po dostosowaniu narz\u0119dzia skopiuj kod osobisty z wy\u015bwietlonego okna i zapisz go na przysz\u0142e okazje. <\/li> <li><b>Zainicjuj instalacj\u0119 wtyczki na swojej witrynie jQuery. <\/b><br> Wstaw skopiowany wcze\u015bniej kod na swoj\u0105 stron\u0119 g\u0142\u00f3wn\u0105 i zastosuj modyfikacje. <\/li> <li><b>Gotowe! Integracja zosta\u0142a pomy\u015blnie przeprowadzona. <\/b><br> Odwied\u017a swoj\u0105 witryn\u0119, aby zobaczy\u0107, jak dzia\u0142a narz\u0119dzie. <\/li><\/ol> <p>W przypadku pyta\u0144 lub napotkania jakichkolwiek trudno\u015bci nie wahaj si\u0119 zwr\u00f3ci\u0107 o pomoc do naszego zespo\u0142u obs\u0142ugi klienta. Nasi specjali\u015bci ch\u0119tnie pomog\u0105 Ci we wszystkich problemach, jakie mo\u017cesz mie\u0107 z widgetem. <\/p> <div class=\"faq\" data-component=\"FAQ\"><div class=\"faq-item\">\r\n\t\t\t\t\t<div class=\"faq-item-question\">\r\n\t\t\t\t\t\t<h3 class=\"faq-item-question-text\">Jak doda\u0107 Button do mojej witryny jQuery bez umiej\u0119tno\u015bci kodowania?<\/h3>\r\n\r\n\t\t\t\t\t\t<div class=\"faq-item-question-icon\"><\/div>\r\n\t\t\t\t\t<\/div>\r\n\r\n\t\t\t\t\t<div class=\"faq-item-answer\">\r\n\t\t\t\t\t\t<div class=\"faq-item-answer-text\"> <p>Elfsight zapewnia rozwi\u0105zanie SaaS, kt\u00f3re pozwala samodzielnie utworzy\u0107 wid\u017cet Button. Zobacz, jak \u0142atwy jest ten proces: Pracuj bezpo\u015brednio w edytorze online, aby utworzy\u0107 wid\u017cet przycisku, kt\u00f3ry chcesz zobaczy\u0107 na swojej stronie internetowej jQuery. Wybierz jeden z gotowych szablon\u00f3w i dostosuj ustawienia przycisku, dodaj tre\u015b\u0107, zmie\u0144 uk\u0142ad i kolory bez umiej\u0119tno\u015bci kodowania. Zapisz przycisk i skopiuj jego kod instalacyjny, kt\u00f3ry mo\u017cesz bez problemu wklei\u0107 na swojej stronie jQuery, bez konieczno\u015bci kupowania p\u0142atnego planu. Dzi\u0119ki naszemu intuicyjnemu Edytorowi ka\u017cdy u\u017cytkownik Internetu mo\u017ce stworzy\u0107 wid\u017cet Przycisku online i \u0142atwo osadzi\u0107 go na swojej stronie internetowej jQuery. Aby uzyska\u0107 dost\u0119p do us\u0142ugi, nie trzeba p\u0142aci\u0107 ani wprowadza\u0107 danych uwierzytelniaj\u0105cych karty. Je\u015bli na kt\u00f3rymkolwiek etapie napotkasz jakiekolwiek problemy, skontaktuj si\u0119 z naszym zespo\u0142em pomocy technicznej.<\/p> <\/div>\r\n\t\t\t\t\t<\/div>\r\n\t\t\t\t<\/div> <\/div><\/div>","protected":false},"excerpt":{"rendered":"","protected":false},"author":9,"featured_media":0,"parent":3365,"menu_order":0,"comment_status":"closed","ping_status":"closed","template":"templates\/template-application-platform.php","meta":{"publish_to_discourse":"","publish_post_category":"","wpdc_auto_publish_overridden":"","wpdc_topic_tags":"","wpdc_pin_topic":"","wpdc_pin_until":"","discourse_post_id":"","discourse_permalink":"","wpdc_publishing_response":"","wpdc_publishing_error":"","footnotes":""},"class_list":["post-4591","page","type-page","status-publish","hentry"],"yoast_head":"<!-- This site is optimized with the Yoast SEO plugin v25.3.1 - https:\/\/yoast.com\/wordpress\/plugins\/seo\/ -->\n<title>Wtyczka do tworzenia przycisk\u00f3w - Dodaj wtyczk\u0119 Button do jQuery (2025)<\/title>\n<meta name=\"description\" content=\"Zastosuj now\u0105 wtyczk\u0119 Button dla jQuery. Zdob\u0105d\u017a nowych obserwuj\u0105cych, zwi\u0119ksz sprzeda\u017c i zwi\u0119ksz popularno\u015b\u0107 swojej firmy dzi\u0119ki narz\u0119dziom Elfsight!\" \/>\n<meta name=\"robots\" content=\"index, follow, max-snippet:-1, max-image-preview:large, max-video-preview:-1\" \/>\n<link rel=\"canonical\" href=\"https:\/\/elfsight.com\/pl\/button-widget\/jquery\/\" \/>\n<meta property=\"og:locale\" content=\"pl_PL\" \/>\n<meta property=\"og:type\" content=\"article\" \/>\n<meta property=\"og:title\" content=\"Wtyczka do tworzenia przycisk\u00f3w - Dodaj wtyczk\u0119 Button do jQuery (2025)\" \/>\n<meta property=\"og:description\" content=\"Zastosuj now\u0105 wtyczk\u0119 Button dla jQuery. Zdob\u0105d\u017a nowych obserwuj\u0105cych, zwi\u0119ksz sprzeda\u017c i zwi\u0119ksz popularno\u015b\u0107 swojej firmy dzi\u0119ki narz\u0119dziom Elfsight!\" \/>\n<meta property=\"og:url\" content=\"https:\/\/elfsight.com\/pl\/button-widget\/jquery\/\" \/>\n<meta property=\"og:site_name\" content=\"Elfsight PL\" \/>\n<meta property=\"article:modified_time\" content=\"2024-11-14T08:46:50+00:00\" \/>\n<meta name=\"twitter:card\" content=\"summary_large_image\" \/>\n<meta name=\"twitter:label1\" content=\"Szacowany czas czytania\" \/>\n\t<meta name=\"twitter:data1\" content=\"3 minuty\" \/>\n<!-- \/ Yoast SEO plugin. -->","yoast_head_json":{"title":"Wtyczka do tworzenia przycisk\u00f3w - Dodaj wtyczk\u0119 Button do jQuery (2025)","description":"Zastosuj now\u0105 wtyczk\u0119 Button dla jQuery. Zdob\u0105d\u017a nowych obserwuj\u0105cych, zwi\u0119ksz sprzeda\u017c i zwi\u0119ksz popularno\u015b\u0107 swojej firmy dzi\u0119ki narz\u0119dziom Elfsight!","robots":{"index":"index","follow":"follow","max-snippet":"max-snippet:-1","max-image-preview":"max-image-preview:large","max-video-preview":"max-video-preview:-1"},"canonical":"https:\/\/elfsight.com\/pl\/button-widget\/jquery\/","og_locale":"pl_PL","og_type":"article","og_title":"Wtyczka do tworzenia przycisk\u00f3w - Dodaj wtyczk\u0119 Button do jQuery (2025)","og_description":"Zastosuj now\u0105 wtyczk\u0119 Button dla jQuery. Zdob\u0105d\u017a nowych obserwuj\u0105cych, zwi\u0119ksz sprzeda\u017c i zwi\u0119ksz popularno\u015b\u0107 swojej firmy dzi\u0119ki narz\u0119dziom Elfsight!","og_url":"https:\/\/elfsight.com\/pl\/button-widget\/jquery\/","og_site_name":"Elfsight PL","article_modified_time":"2024-11-14T08:46:50+00:00","twitter_card":"summary_large_image","twitter_misc":{"Szacowany czas czytania":"3 minuty"},"schema":{"@context":"https:\/\/schema.org","@graph":[{"@type":"WebPage","@id":"https:\/\/elfsight.com\/pl\/button-widget\/jquery\/","url":"https:\/\/elfsight.com\/pl\/button-widget\/jquery\/","name":"Wtyczka do tworzenia przycisk\u00f3w - Dodaj wtyczk\u0119 Button do jQuery (2025)","isPartOf":{"@id":"https:\/\/elfsight.com\/pl\/#website"},"datePublished":"2024-05-03T06:31:41+00:00","dateModified":"2024-11-14T08:46:50+00:00","description":"Zastosuj now\u0105 wtyczk\u0119 Button dla jQuery. Zdob\u0105d\u017a nowych obserwuj\u0105cych, zwi\u0119ksz sprzeda\u017c i zwi\u0119ksz popularno\u015b\u0107 swojej firmy dzi\u0119ki narz\u0119dziom Elfsight!","breadcrumb":{"@id":"https:\/\/elfsight.com\/pl\/button-widget\/jquery\/#breadcrumb"},"inLanguage":"pl-PL","potentialAction":[{"@type":"ReadAction","target":["https:\/\/elfsight.com\/pl\/button-widget\/jquery\/"]}]},{"@type":"BreadcrumbList","@id":"https:\/\/elfsight.com\/pl\/button-widget\/jquery\/#breadcrumb","itemListElement":[{"@type":"ListItem","position":1,"name":"Home","item":"https:\/\/elfsight.com\/pl\/"},{"@type":"ListItem","position":2,"name":"Button","item":"https:\/\/elfsight.com\/pl\/button-widget\/"},{"@type":"ListItem","position":3,"name":"Button &#8211; jQuery"}]},{"@type":"WebSite","@id":"https:\/\/elfsight.com\/pl\/#website","url":"https:\/\/elfsight.com\/pl\/","name":"Elfsight PL","description":"Just another Elfsight Sites site","potentialAction":[{"@type":"SearchAction","target":{"@type":"EntryPoint","urlTemplate":"https:\/\/elfsight.com\/pl\/?s={search_term_string}"},"query-input":{"@type":"PropertyValueSpecification","valueRequired":true,"valueName":"search_term_string"}}],"inLanguage":"pl-PL"}]}},"meta_box":{"industry":"","seo_heading":"","heading":"","description":"","cta_heading":"","cta_description":"","application":"3353","h1":"Wtyczka przycisku jQuery","h1_caption":"Dodaj konfigurowalny przycisk wezwania do dzia\u0142ania, aby zach\u0119ca\u0107 do klikni\u0119\u0107 i bez wysi\u0142ku kierowa\u0107 u\u017cytkownik\u00f3w w kierunku konwersji do Twojej witryny jQuery.","application_category":[],"applications_title":"","applications_request_title":"","applications_request_button_text":"","hero_text":"","hero_video":"","hero_video_schema_markup":"","selling_points_title":"","selling_points_caption":"","selling_points":[],"selling_points_cta_text":"","features_title":"","features":"","ed_cta_examples_text":"","ed_cta_examples_hidden":"","ed_cta_demo_text":"","ed_cta_demo_hidden":"","why_caption":"","why_editor_title":"","why_editor_text":"","why_team_title":"","why_team_text":"","why_service_title":"","why_service_text":"","template_catalog_visible":"","template_catalog_title":"","template_catalog_text":"","template_catalog_categories_visible":"","demo_title":"Utw\u00f3rz wtyczk\u0119 Button","demo_caption":"Skonfiguruj sw\u00f3j Button i dodaj go do swojej witryny jQuery za darmo!","default_faq_hidden":"","app_template_category":[],"platform":"56","template_public_id":"","codecanyon_url":"","codecanyon_item_id":"","codecanyon_price":"","pricing_caption":"","pricing_elfsight_apps_hide_column":"","pricing_elfsight_apps_url":"","pricing_codecanyon_price_caption":"","integration_category":[],"integration_request_title":"","integration_request_cta":"","integration_platform":"","integrations":[],"platform_category":[],"video_schema_markup":"","price":"od 0 USD \/ miesi\u0105c","trial":"","benefits":[{"text":"Bezp\u0142atna pomoc w monta\u017cu"},{"text":"Kompetentna obs\u0142uga klienta"},{"text":"14-dniowa gwarancja zwrotu pieni\u0119dzy"}],"button_url":"#demo","button_target_blank":"","button_nofollow":"","attributes":[{"name":"Instaluje"},{"name":"Czu\u0142y"},{"name":"Kompatybilne przegl\u0105darki"}],"tags":[],"tags_disable_links":"","hide_more_platforms":"","video_object":"","demo_hide_cta":"","demo_hide_cloud_options":"","pricing_title":"","pricing":[{"pricing_icon":"platform","pricing_title":"Elfsight Apps","pricing_title_caption":"Rozwi\u0105zanie niezale\u017cne od platformy, kt\u00f3re dzia\u0142a na ka\u017cdej stronie internetowej","pricing_price":"od 0 USD \/ miesi\u0105c","pricing_price_caption":"zacznij od bezp\u0142atnego planu","pricing_benefits":[{"text":"Nielimitowane strony internetowe"},{"text":"Dedykowana obs\u0142uga klienta i dobrze udokumentowana"},{"text":"Bezp\u0142atna pomoc w monta\u017cu"},{"text":"Elastyczny projekt"}],"pricing_button_text":"Dodaj do witryny","pricing_button_url":"#demo"}],"related_apps_title":"","related_apps_hidden":"","author":"","image":[],"title":"","job":"","social_networks":[]},"_links":{"self":[{"href":"https:\/\/elfsight.com\/pl\/wp-json\/wp\/v2\/pages\/4591","targetHints":{"allow":["GET"]}}],"collection":[{"href":"https:\/\/elfsight.com\/pl\/wp-json\/wp\/v2\/pages"}],"about":[{"href":"https:\/\/elfsight.com\/pl\/wp-json\/wp\/v2\/types\/page"}],"author":[{"embeddable":true,"href":"https:\/\/elfsight.com\/pl\/wp-json\/wp\/v2\/users\/9"}],"replies":[{"embeddable":true,"href":"https:\/\/elfsight.com\/pl\/wp-json\/wp\/v2\/comments?post=4591"}],"version-history":[{"count":1,"href":"https:\/\/elfsight.com\/pl\/wp-json\/wp\/v2\/pages\/4591\/revisions"}],"predecessor-version":[{"id":4595,"href":"https:\/\/elfsight.com\/pl\/wp-json\/wp\/v2\/pages\/4591\/revisions\/4595"}],"up":[{"embeddable":true,"href":"https:\/\/elfsight.com\/pl\/wp-json\/wp\/v2\/pages\/3365"}],"wp:attachment":[{"href":"https:\/\/elfsight.com\/pl\/wp-json\/wp\/v2\/media?parent=4591"}],"curies":[{"name":"wp","href":"https:\/\/api.w.org\/{rel}","templated":true}]}}