{"id":4584,"date":"2024-05-03T06:31:38","date_gmt":"2024-05-03T06:31:38","guid":{"rendered":"https:\/\/elfsight.com\/pl\/?page_id=4584"},"modified":"2025-06-26T14:14:58","modified_gmt":"2025-06-26T14:14:58","slug":"magento","status":"publish","type":"page","link":"https:\/\/elfsight.com\/pl\/button-widget\/magento\/","title":{"rendered":"Button &#8211; Magento"},"content":{"rendered":"<div class=\"application-platform-content-item-description application-platform-content-item\" id=\"description\" data-nav-section=\"description\"> <h2>Opis<\/h2> <p>Elfsight Button to rozszerzenie dla Magento umo\u017cliwiaj\u0105ce tworzenie r\u00f3\u017cnych przycisk\u00f3w do r\u00f3\u017cnych cel\u00f3w na Twojej stronie internetowej. Istnieje wiele dzia\u0142a\u0144, kt\u00f3re mo\u017cna podj\u0105\u0107, gdy tylko odwiedzaj\u0105cy witryn\u0119 kliknie przycisk. Mo\u017cna ich na przyk\u0142ad przekierowa\u0107 na inn\u0105 stron\u0119 internetow\u0105, wybra\u0107 jaki\u015b numer, porozmawia\u0107 przez popularny komunikator i wiele wi\u0119cej. Nasz przycisk jest wysoce konfigurowalny &#8211; mo\u017cesz napisa\u0107 dowoln\u0105 wiadomo\u015b\u0107 i tre\u015b\u0107 wok\u00f3\u0142 przycisku oraz zmieni\u0107 jego rozmiar i kolory. <\/p> <p><b>Zastosuj kusz\u0105cy przycisk, aby zwi\u0119kszy\u0107 sprzeda\u017c w swojej witrynie, zdoby\u0107 wi\u0119cej subskrybent\u00f3w na kontach w mediach spo\u0142eczno\u015bciowych i wiele wi\u0119cej! <\/b><\/p> <\/div> <div class=\"application-platform-content-item-features application-platform-content-item\" id=\"features\" data-nav-section=\"features\"> <h2>To tylko kilka cennych funkcji wid\u017cetu: <\/h2> <ul><li>Zmie\u0144 kolory i czcionki<\/li><li>2 rodzaje pozycjonowania przycisk\u00f3w \u2013 osadzone i p\u0142ywaj\u0105ce<\/li><li>Mo\u017cliwo\u015b\u0107 dodania tre\u015bci nad i pod przyciskiem<\/li><li>Etykieta mieszcz\u0105ca dwie linie<\/li><li> Ponad osiem wariant\u00f3w akcji po klikni\u0119ciu<\/li><\/ul><p><a href=\"#demo\">Pe\u0142ne mo\u017cliwo\u015bci widgetu mo\u017cesz wypr\u00f3bowa\u0107 w wersji demonstracyjnej <\/a><\/p> <\/div> <div class=\"application-platform-content-item-installation application-platform-content-item\" id=\"installation\" data-nav-section=\"installation\"> <h2>Jak mog\u0119 doda\u0107 przycisk do mojej witryny Magento? <\/h2> <p>Wystarczy post\u0119powa\u0107 zgodnie z poni\u017cszymi wskaz\u00f3wkami, aby osadzi\u0107 rozszerzenie. <\/p> <ol><li><b>Skorzystaj z naszej bezp\u0142atnej wersji demonstracyjnej i zacznij tworzy\u0107 w\u0142asne rozszerzenie. <\/b><br> Znajd\u017a preferowan\u0105 form\u0119 i funkcje narz\u0119dzia i zastosuj poprawki. <\/li> <li><b>Skopiuj kod osobisty pokazany w polu w aplikacjach Elfsight. <\/b><br> Po zako\u0144czeniu konfiguracji rozszerzenia skopiuj ekskluzywny kod z wy\u015bwietlonego wyskakuj\u0105cego okienka i zapisz go do dalszego wykorzystania. <\/li> <li><b>Rozpocznij korzystanie z rozszerzenia na swojej stronie g\u0142\u00f3wnej Magento. <\/b><br> Umie\u015b\u0107 zapisany wcze\u015bniej kod na swojej stronie g\u0142\u00f3wnej i zastosuj poprawki. <\/li> <li><b>Instalacja zosta\u0142a pomy\u015blnie uko\u0144czona. <\/b><br> Wejd\u017a na swoj\u0105 stron\u0119 i zobacz jak dzia\u0142a narz\u0119dzie. <\/li><\/ol> <p>Je\u015bli napotkasz jakie\u015b problemy, mo\u017cesz zwr\u00f3ci\u0107 si\u0119 do naszego personelu obs\u0142ugi klienta. Nasi konsultanci ch\u0119tnie pomog\u0105 Ci we wszystkich pytaniach zwi\u0105zanych z wtyczk\u0105. <\/p> <div class=\"faq\" data-component=\"FAQ\"><div class=\"faq-item\">\r\n\t\t\t\t\t<div class=\"faq-item-question\">\r\n\t\t\t\t\t\t<h3 class=\"faq-item-question-text\">Jak doda\u0107 Button do mojej witryny Magento bez umiej\u0119tno\u015bci kodowania?<\/h3>\r\n\r\n\t\t\t\t\t\t<div class=\"faq-item-question-icon\"><\/div>\r\n\t\t\t\t\t<\/div>\r\n\r\n\t\t\t\t\t<div class=\"faq-item-answer\">\r\n\t\t\t\t\t\t<div class=\"faq-item-answer-text\"> <p>Elfsight zapewnia rozwi\u0105zanie SaaS, kt\u00f3re pozwala samodzielnie utworzy\u0107 wid\u017cet Button. Zobacz, jak \u0142atwy jest ten proces: Pracuj bezpo\u015brednio w edytorze online, aby utworzy\u0107 wid\u017cet przycisku, kt\u00f3ry chcia\u0142by\u015b zobaczy\u0107 na swojej stronie Magento. Wybierz jeden z gotowych szablon\u00f3w i dostosuj ustawienia przycisku, dodaj tre\u015b\u0107, zmie\u0144 uk\u0142ad i kolory bez umiej\u0119tno\u015bci kodowania. Zapisz przycisk i skopiuj jego kod instalacyjny, kt\u00f3ry mo\u017cesz \u0142atwo wklei\u0107 na swojej stronie Magento bez konieczno\u015bci zakupu wersji p\u0142atnej. Dzi\u0119ki naszemu intuicyjnemu Edytorowi ka\u017cdy u\u017cytkownik Internetu mo\u017ce stworzy\u0107 wid\u017cet Przycisku online i \u0142atwo osadzi\u0107 go na swojej stronie Magento. Aby uzyska\u0107 dost\u0119p do us\u0142ugi, nie trzeba p\u0142aci\u0107 ani wprowadza\u0107 danych uwierzytelniaj\u0105cych karty. Je\u015bli na kt\u00f3rymkolwiek etapie napotkasz jakiekolwiek problemy, skontaktuj si\u0119 z naszym zespo\u0142em pomocy technicznej.<\/p> <\/div>\r\n\t\t\t\t\t<\/div>\r\n\t\t\t\t<\/div> <\/div><\/div>","protected":false},"excerpt":{"rendered":"","protected":false},"author":9,"featured_media":0,"parent":3365,"menu_order":0,"comment_status":"closed","ping_status":"closed","template":"templates\/template-application-platform.php","meta":{"publish_to_discourse":"","publish_post_category":"","wpdc_auto_publish_overridden":"","wpdc_topic_tags":"","wpdc_pin_topic":"","wpdc_pin_until":"","discourse_post_id":"","discourse_permalink":"","wpdc_publishing_response":"","wpdc_publishing_error":"","footnotes":""},"class_list":["post-4584","page","type-page","status-publish","hentry"],"yoast_head":"<!-- This site is optimized with the Yoast SEO plugin v25.3.1 - https:\/\/yoast.com\/wordpress\/plugins\/seo\/ -->\n<title>Wid\u017cet do tworzenia przycisk\u00f3w - Dodaj wid\u017cet przycisku do Bloggera (2025)<\/title>\n<meta name=\"description\" content=\"Skorzystaj z nowego rozszerzenia Button dla Magento. Zdob\u0105d\u017a nowych obserwuj\u0105cych, zwi\u0119ksz sprzeda\u017c i spraw, aby Tw\u00f3j biznes odni\u00f3s\u0142 sukces dzi\u0119ki narz\u0119dziom Elfsight!\" \/>\n<meta name=\"robots\" content=\"index, follow, max-snippet:-1, max-image-preview:large, max-video-preview:-1\" \/>\n<link rel=\"canonical\" href=\"https:\/\/elfsight.com\/pl\/button-widget\/magento\/\" \/>\n<meta property=\"og:locale\" content=\"pl_PL\" \/>\n<meta property=\"og:type\" content=\"article\" \/>\n<meta property=\"og:title\" content=\"Wid\u017cet do tworzenia przycisk\u00f3w - Dodaj wid\u017cet przycisku do Bloggera (2025)\" \/>\n<meta property=\"og:description\" content=\"Skorzystaj z nowego rozszerzenia Button dla Magento. Zdob\u0105d\u017a nowych obserwuj\u0105cych, zwi\u0119ksz sprzeda\u017c i spraw, aby Tw\u00f3j biznes odni\u00f3s\u0142 sukces dzi\u0119ki narz\u0119dziom Elfsight!\" \/>\n<meta property=\"og:url\" content=\"https:\/\/elfsight.com\/pl\/button-widget\/magento\/\" \/>\n<meta property=\"og:site_name\" content=\"Elfsight PL\" \/>\n<meta property=\"article:modified_time\" content=\"2025-06-26T14:14:58+00:00\" \/>\n<meta name=\"twitter:card\" content=\"summary_large_image\" \/>\n<meta name=\"twitter:label1\" content=\"Szacowany czas czytania\" \/>\n\t<meta name=\"twitter:data1\" content=\"3 minuty\" \/>\n<!-- \/ Yoast SEO plugin. -->","yoast_head_json":{"title":"Wid\u017cet do tworzenia przycisk\u00f3w - Dodaj wid\u017cet przycisku do Bloggera (2025)","description":"Skorzystaj z nowego rozszerzenia Button dla Magento. Zdob\u0105d\u017a nowych obserwuj\u0105cych, zwi\u0119ksz sprzeda\u017c i spraw, aby Tw\u00f3j biznes odni\u00f3s\u0142 sukces dzi\u0119ki narz\u0119dziom Elfsight!","robots":{"index":"index","follow":"follow","max-snippet":"max-snippet:-1","max-image-preview":"max-image-preview:large","max-video-preview":"max-video-preview:-1"},"canonical":"https:\/\/elfsight.com\/pl\/button-widget\/magento\/","og_locale":"pl_PL","og_type":"article","og_title":"Wid\u017cet do tworzenia przycisk\u00f3w - Dodaj wid\u017cet przycisku do Bloggera (2025)","og_description":"Skorzystaj z nowego rozszerzenia Button dla Magento. Zdob\u0105d\u017a nowych obserwuj\u0105cych, zwi\u0119ksz sprzeda\u017c i spraw, aby Tw\u00f3j biznes odni\u00f3s\u0142 sukces dzi\u0119ki narz\u0119dziom Elfsight!","og_url":"https:\/\/elfsight.com\/pl\/button-widget\/magento\/","og_site_name":"Elfsight PL","article_modified_time":"2025-06-26T14:14:58+00:00","twitter_card":"summary_large_image","twitter_misc":{"Szacowany czas czytania":"3 minuty"},"schema":{"@context":"https:\/\/schema.org","@graph":[{"@type":"WebPage","@id":"https:\/\/elfsight.com\/pl\/button-widget\/magento\/","url":"https:\/\/elfsight.com\/pl\/button-widget\/magento\/","name":"Wid\u017cet do tworzenia przycisk\u00f3w - Dodaj wid\u017cet przycisku do Bloggera (2025)","isPartOf":{"@id":"https:\/\/elfsight.com\/pl\/#website"},"datePublished":"2024-05-03T06:31:38+00:00","dateModified":"2025-06-26T14:14:58+00:00","description":"Skorzystaj z nowego rozszerzenia Button dla Magento. Zdob\u0105d\u017a nowych obserwuj\u0105cych, zwi\u0119ksz sprzeda\u017c i spraw, aby Tw\u00f3j biznes odni\u00f3s\u0142 sukces dzi\u0119ki narz\u0119dziom Elfsight!","breadcrumb":{"@id":"https:\/\/elfsight.com\/pl\/button-widget\/magento\/#breadcrumb"},"inLanguage":"pl-PL","potentialAction":[{"@type":"ReadAction","target":["https:\/\/elfsight.com\/pl\/button-widget\/magento\/"]}]},{"@type":"BreadcrumbList","@id":"https:\/\/elfsight.com\/pl\/button-widget\/magento\/#breadcrumb","itemListElement":[{"@type":"ListItem","position":1,"name":"Home","item":"https:\/\/elfsight.com\/pl\/"},{"@type":"ListItem","position":2,"name":"Button","item":"https:\/\/elfsight.com\/pl\/button-widget\/"},{"@type":"ListItem","position":3,"name":"Button &#8211; Magento"}]},{"@type":"WebSite","@id":"https:\/\/elfsight.com\/pl\/#website","url":"https:\/\/elfsight.com\/pl\/","name":"Elfsight PL","description":"Just another Elfsight Sites site","potentialAction":[{"@type":"SearchAction","target":{"@type":"EntryPoint","urlTemplate":"https:\/\/elfsight.com\/pl\/?s={search_term_string}"},"query-input":{"@type":"PropertyValueSpecification","valueRequired":true,"valueName":"search_term_string"}}],"inLanguage":"pl-PL"}]}},"meta_box":{"industry":"","seo_heading":"","heading":"","description":"","cta_heading":"","cta_description":"","application":"3353","h1":"Rozszerzenie przycisku Magento","h1_caption":"Dodaj konfigurowalny przycisk wezwania do dzia\u0142ania, aby zach\u0119ci\u0107 do klikni\u0119cia i bez wysi\u0142ku poprowadzi\u0107 u\u017cytkownik\u00f3w do konwersji na Twoj\u0105 witryn\u0119 Magento.","application_category":[],"applications_title":"","applications_request_title":"","applications_request_button_text":"","hero_text":"","hero_video":"","hero_video_schema_markup":"","selling_points_title":"","selling_points_caption":"","selling_points":[],"selling_points_cta_text":"","features_title":"","features":"","ed_cta_examples_text":"","ed_cta_examples_hidden":"","ed_cta_demo_text":"","ed_cta_demo_hidden":"","why_caption":"","why_editor_title":"","why_editor_text":"","why_team_title":"","why_team_text":"","why_service_title":"","why_service_text":"","template_catalog_visible":"0","template_catalog_title":"","template_catalog_text":"","template_catalog_categories_visible":"","demo_title":"Utw\u00f3rz rozszerzenie przycisku","demo_caption":"Skonfiguruj sw\u00f3j Button i dodaj go do swojej witryny Magento za darmo!","default_faq_hidden":"","app_template_category":[],"platform":"92","template_public_id":"","codecanyon_url":"","codecanyon_item_id":"","codecanyon_price":"","pricing_caption":"","pricing_elfsight_apps_hide_column":"","pricing_elfsight_apps_url":"","pricing_codecanyon_price_caption":"","integration_category":[],"integration_request_title":"","integration_request_cta":"","integration_platform":"","integrations":[],"platform_category":[],"video_schema_markup":"","price":"od 0 USD \/ miesi\u0105c","trial":"","benefits":[{"text":"Bezp\u0142atna pomoc w instalacji"},{"text":"Wsparcie premium"},{"text":"14-dniowa gwarancja zwrotu pieni\u0119dzy"}],"button_url":"#demo","button_target_blank":"0","button_nofollow":"0","attributes":[{"name":"Instaluje"},{"name":"Czu\u0142y"},{"name":"Kompatybilne przegl\u0105darki"}],"tags":[],"tags_disable_links":"0","hide_more_platforms":"0","video_object":"","demo_hide_cta":"0","demo_hide_cloud_options":"0","pricing_title":"","pricing":[{"pricing_icon":"platform","pricing_title":"Elfsight Apps","pricing_title_caption":"Oprogramowanie wieloplatformowe","pricing_price":"od 0 USD \/ miesi\u0105c","pricing_price_caption":"zacznij od bezp\u0142atnego planu","pricing_benefits":[{"text":"Nielimitowane domeny"},{"text":"Dedykowana obs\u0142uga klienta i dobrze udokumentowana"},{"text":"Bezp\u0142atna pomoc w monta\u017cu"},{"text":"100% konfigurowalny"}],"pricing_button_text":"Dodaj do witryny","pricing_button_url":"#demo"}],"related_apps_title":"","related_apps_hidden":"0","author":"","image":[],"title":"","job":"","social_networks":[]},"_links":{"self":[{"href":"https:\/\/elfsight.com\/pl\/wp-json\/wp\/v2\/pages\/4584","targetHints":{"allow":["GET"]}}],"collection":[{"href":"https:\/\/elfsight.com\/pl\/wp-json\/wp\/v2\/pages"}],"about":[{"href":"https:\/\/elfsight.com\/pl\/wp-json\/wp\/v2\/types\/page"}],"author":[{"embeddable":true,"href":"https:\/\/elfsight.com\/pl\/wp-json\/wp\/v2\/users\/9"}],"replies":[{"embeddable":true,"href":"https:\/\/elfsight.com\/pl\/wp-json\/wp\/v2\/comments?post=4584"}],"version-history":[{"count":2,"href":"https:\/\/elfsight.com\/pl\/wp-json\/wp\/v2\/pages\/4584\/revisions"}],"predecessor-version":[{"id":10547,"href":"https:\/\/elfsight.com\/pl\/wp-json\/wp\/v2\/pages\/4584\/revisions\/10547"}],"up":[{"embeddable":true,"href":"https:\/\/elfsight.com\/pl\/wp-json\/wp\/v2\/pages\/3365"}],"wp:attachment":[{"href":"https:\/\/elfsight.com\/pl\/wp-json\/wp\/v2\/media?parent=4584"}],"curies":[{"name":"wp","href":"https:\/\/api.w.org\/{rel}","templated":true}]}}