{"id":4581,"date":"2024-05-03T06:31:35","date_gmt":"2024-05-03T06:31:35","guid":{"rendered":"https:\/\/elfsight.com\/pl\/?page_id=4581"},"modified":"2024-11-14T08:46:34","modified_gmt":"2024-11-14T08:46:34","slug":"opencart","status":"publish","type":"page","link":"https:\/\/elfsight.com\/pl\/button-widget\/opencart\/","title":{"rendered":"Button &#8211; OpenCart"},"content":{"rendered":"<div class=\"application-platform-content-item-description application-platform-content-item\" id=\"description\" data-nav-section=\"description\"> <h2>Opis<\/h2> <p>Przycisk to rozszerzenie dla OpenCart, kt\u00f3re daje Ci mo\u017cliwo\u015b\u0107 tworzenia r\u00f3\u017cnych przycisk\u00f3w dla wielu cel\u00f3w na Twojej stronie internetowej . Istnieje wiele dzia\u0142a\u0144, kt\u00f3re mo\u017cna podj\u0105\u0107, gdy tylko odwiedzaj\u0105cy witryn\u0119 kliknie przycisk. Mog\u0105 na przyk\u0142ad zosta\u0107 przekierowani na stron\u0119 internetow\u0105 innej firmy, wybra\u0107 Tw\u00f3j numer telefonu, porozmawia\u0107 za po\u015brednictwem popularnego komunikatora i nie tylko. Przycisk jest niezwykle spersonalizowany &#8211; mo\u017cesz doda\u0107 dowolny tekst i tre\u015b\u0107 nad i pod przyciskiem, a tak\u017ce dostosowa\u0107 jego rozmiar i kolory. <\/p> <p><b>U\u017cyj anga\u017cuj\u0105cego przycisku, aby zwi\u0119kszy\u0107 sprzeda\u017c w swojej witrynie, przyci\u0105gn\u0105\u0107 wi\u0119cej nowych subskrybent\u00f3w na kontach w mediach spo\u0142eczno\u015bciowych i wiele wi\u0119cej! <\/b><\/p> <\/div> <div class=\"application-platform-content-item-features application-platform-content-item\" id=\"features\" data-nav-section=\"features\"> <h2>Najbardziej wymagana oferta funkcji rozszerze\u0144<\/h2> <ul><li>Zmie\u0144 kolory i czcionki<\/li><li> 2 rodzaje pozycjonowania przycisk\u00f3w \u2013 osadzony i p\u0142ywaj\u0105cy<\/li><li>Opcja dodania tre\u015bci wok\u00f3\u0142 przycisku<\/li><li>Mo\u017cesz zajmowa\u0107 dwie linie<\/li><li>Powy\u017cej o\u015bmiu wariant\u00f3w akcji po klikni\u0119ciu <\/li><\/ul><p><a href=\"#demo\">Mo\u017cesz poczu\u0107, czy rozszerzenie oferuje wypr\u00f3bowanie wersji demonstracyjnej<\/a><\/p> <\/div> <div class=\"application-platform-content-item-installation application-platform-content-item\" id=\"installation\" data-nav-section=\"installation\"> <h2>Jak osadzi\u0107 Button na mojej stronie OpenCart? <\/h2> <p>Wystarczy zastosowa\u0107 si\u0119 do poni\u017cszych instrukcji, aby rozpocz\u0105\u0107 prac\u0119 z rozszerzeniem. <\/p> <ol><li><b>Otw\u00f3rz nasz darmowy konfigurator i zacznij kszta\u0142towa\u0107 swoje unikalne rozszerzenie. <\/b><br> Znajd\u017a preferowan\u0105 form\u0119 i cechy funkcjonalne rozszerzenia i zastosuj zmiany. <\/li> <li><b>Zdob\u0105d\u017a unikalny kod pojawiaj\u0105cy si\u0119 w polu aplikacji Elfsight. <\/b><br> Po utworzeniu osobistego narz\u0119dzia skopiuj osobisty kod z wy\u015bwietlonego pola i zachowaj go do wykorzystania w przysz\u0142o\u015bci. <\/li> <li><b>Wpisz ch\u0119\u0107 korzystania z rozszerzenia w witrynie OpenCart. <\/b><br> Wprowad\u017a kod zapisany ostatnio na Twojej stronie internetowej i zapisz zmiany. <\/li> <li><b>Gotowe! Konfiguracja zosta\u0142a w pe\u0142ni uko\u0144czona. <\/b><br> Przejd\u017a do swojej witryny, aby zobaczy\u0107 w akcji dzia\u0142anie widgetu. <\/li><\/ol> <p>Je\u015bli masz pytania lub napotkasz jakiekolwiek trudno\u015bci, nie wahaj si\u0119 zwr\u00f3ci\u0107 do naszego zespo\u0142u obs\u0142ugi klienta. Nasi konsultanci z przyjemno\u015bci\u0105 odpowiedz\u0105 na wszystkie pytania dotycz\u0105ce widgetu. <\/p> <div class=\"faq\" data-component=\"FAQ\"><div class=\"faq-item\">\r\n\t\t\t\t\t<div class=\"faq-item-question\">\r\n\t\t\t\t\t\t<h3 class=\"faq-item-question-text\">Jak mog\u0119 doda\u0107 Button do mojej witryny OpenCart bez umiej\u0119tno\u015bci kodowania?<\/h3>\r\n\r\n\t\t\t\t\t\t<div class=\"faq-item-question-icon\"><\/div>\r\n\t\t\t\t\t<\/div>\r\n\r\n\t\t\t\t\t<div class=\"faq-item-answer\">\r\n\t\t\t\t\t\t<div class=\"faq-item-answer-text\"> <p>Elfsight zapewnia rozwi\u0105zanie SaaS, kt\u00f3re pozwala samodzielnie utworzy\u0107 wid\u017cet Button. Zobacz, jak \u0142atwy jest ten proces : Pracuj bezpo\u015brednio w edytorze online, aby utworzy\u0107 wid\u017cet przycisku, kt\u00f3ry chcia\u0142by\u015b zobaczy\u0107 na swojej stronie OpenCart. Wybierz jeden z gotowych szablon\u00f3w i dostosuj ustawienia przycisku, dodaj tre\u015b\u0107, zmie\u0144 uk\u0142ad i kolory bez umiej\u0119tno\u015bci kodowania. Zapisz przycisk i skopiuj jego kod instalacyjny, kt\u00f3ry mo\u017cesz wklei\u0107 na swojej stronie OpenCart bez konieczno\u015bci kupowania p\u0142atnego planu. Dzi\u0119ki naszemu intuicyjnemu Edytorowi ka\u017cdy u\u017cytkownik Internetu mo\u017ce stworzy\u0107 wid\u017cet Przycisku online i \u0142atwo osadzi\u0107 go na swojej stronie OpenCart. Aby uzyska\u0107 dost\u0119p do us\u0142ugi, nie trzeba p\u0142aci\u0107 ani wprowadza\u0107 danych uwierzytelniaj\u0105cych karty. Je\u015bli na kt\u00f3rymkolwiek etapie napotkasz jakiekolwiek problemy, skontaktuj si\u0119 z naszym zespo\u0142em pomocy technicznej.<\/p> <\/div>\r\n\t\t\t\t\t<\/div>\r\n\t\t\t\t<\/div> <\/div><\/div>","protected":false},"excerpt":{"rendered":"","protected":false},"author":9,"featured_media":0,"parent":3365,"menu_order":0,"comment_status":"closed","ping_status":"closed","template":"templates\/template-application-platform.php","meta":{"publish_to_discourse":"","publish_post_category":"","wpdc_auto_publish_overridden":"","wpdc_topic_tags":"","wpdc_pin_topic":"","wpdc_pin_until":"","discourse_post_id":"","discourse_permalink":"","wpdc_publishing_response":"","wpdc_publishing_error":"","footnotes":""},"class_list":["post-4581","page","type-page","status-publish","hentry"],"yoast_head":"<!-- This site is optimized with the Yoast SEO plugin v25.3.1 - https:\/\/yoast.com\/wordpress\/plugins\/seo\/ -->\n<title>Rozszerzenie konstruktora przycisk\u00f3w - Dodaj rozszerzenie przycisku do OpenCart (2025)<\/title>\n<meta name=\"description\" content=\"Przetestuj rozszerzenie przycisku Elfsight dla OpenCart. Pozyskuj nowych obserwuj\u0105cych, zwi\u0119ksz sprzeda\u017c i zwi\u0119ksz popularno\u015b\u0107 swojej firmy dzi\u0119ki narz\u0119dziom Elfsight!\" \/>\n<meta name=\"robots\" content=\"index, follow, max-snippet:-1, max-image-preview:large, max-video-preview:-1\" \/>\n<link rel=\"canonical\" href=\"https:\/\/elfsight.com\/pl\/button-widget\/opencart\/\" \/>\n<meta property=\"og:locale\" content=\"pl_PL\" \/>\n<meta property=\"og:type\" content=\"article\" \/>\n<meta property=\"og:title\" content=\"Rozszerzenie konstruktora przycisk\u00f3w - Dodaj rozszerzenie przycisku do OpenCart (2025)\" \/>\n<meta property=\"og:description\" content=\"Przetestuj rozszerzenie przycisku Elfsight dla OpenCart. Pozyskuj nowych obserwuj\u0105cych, zwi\u0119ksz sprzeda\u017c i zwi\u0119ksz popularno\u015b\u0107 swojej firmy dzi\u0119ki narz\u0119dziom Elfsight!\" \/>\n<meta property=\"og:url\" content=\"https:\/\/elfsight.com\/pl\/button-widget\/opencart\/\" \/>\n<meta property=\"og:site_name\" content=\"Elfsight PL\" \/>\n<meta property=\"article:modified_time\" content=\"2024-11-14T08:46:34+00:00\" \/>\n<meta name=\"twitter:card\" content=\"summary_large_image\" \/>\n<meta name=\"twitter:label1\" content=\"Szacowany czas czytania\" \/>\n\t<meta name=\"twitter:data1\" content=\"3 minuty\" \/>\n<!-- \/ Yoast SEO plugin. -->","yoast_head_json":{"title":"Rozszerzenie konstruktora przycisk\u00f3w - Dodaj rozszerzenie przycisku do OpenCart (2025)","description":"Przetestuj rozszerzenie przycisku Elfsight dla OpenCart. Pozyskuj nowych obserwuj\u0105cych, zwi\u0119ksz sprzeda\u017c i zwi\u0119ksz popularno\u015b\u0107 swojej firmy dzi\u0119ki narz\u0119dziom Elfsight!","robots":{"index":"index","follow":"follow","max-snippet":"max-snippet:-1","max-image-preview":"max-image-preview:large","max-video-preview":"max-video-preview:-1"},"canonical":"https:\/\/elfsight.com\/pl\/button-widget\/opencart\/","og_locale":"pl_PL","og_type":"article","og_title":"Rozszerzenie konstruktora przycisk\u00f3w - Dodaj rozszerzenie przycisku do OpenCart (2025)","og_description":"Przetestuj rozszerzenie przycisku Elfsight dla OpenCart. Pozyskuj nowych obserwuj\u0105cych, zwi\u0119ksz sprzeda\u017c i zwi\u0119ksz popularno\u015b\u0107 swojej firmy dzi\u0119ki narz\u0119dziom Elfsight!","og_url":"https:\/\/elfsight.com\/pl\/button-widget\/opencart\/","og_site_name":"Elfsight PL","article_modified_time":"2024-11-14T08:46:34+00:00","twitter_card":"summary_large_image","twitter_misc":{"Szacowany czas czytania":"3 minuty"},"schema":{"@context":"https:\/\/schema.org","@graph":[{"@type":"WebPage","@id":"https:\/\/elfsight.com\/pl\/button-widget\/opencart\/","url":"https:\/\/elfsight.com\/pl\/button-widget\/opencart\/","name":"Rozszerzenie konstruktora przycisk\u00f3w - Dodaj rozszerzenie przycisku do OpenCart (2025)","isPartOf":{"@id":"https:\/\/elfsight.com\/pl\/#website"},"datePublished":"2024-05-03T06:31:35+00:00","dateModified":"2024-11-14T08:46:34+00:00","description":"Przetestuj rozszerzenie przycisku Elfsight dla OpenCart. Pozyskuj nowych obserwuj\u0105cych, zwi\u0119ksz sprzeda\u017c i zwi\u0119ksz popularno\u015b\u0107 swojej firmy dzi\u0119ki narz\u0119dziom Elfsight!","breadcrumb":{"@id":"https:\/\/elfsight.com\/pl\/button-widget\/opencart\/#breadcrumb"},"inLanguage":"pl-PL","potentialAction":[{"@type":"ReadAction","target":["https:\/\/elfsight.com\/pl\/button-widget\/opencart\/"]}]},{"@type":"BreadcrumbList","@id":"https:\/\/elfsight.com\/pl\/button-widget\/opencart\/#breadcrumb","itemListElement":[{"@type":"ListItem","position":1,"name":"Home","item":"https:\/\/elfsight.com\/pl\/"},{"@type":"ListItem","position":2,"name":"Button","item":"https:\/\/elfsight.com\/pl\/button-widget\/"},{"@type":"ListItem","position":3,"name":"Button &#8211; OpenCart"}]},{"@type":"WebSite","@id":"https:\/\/elfsight.com\/pl\/#website","url":"https:\/\/elfsight.com\/pl\/","name":"Elfsight PL","description":"Just another Elfsight Sites site","potentialAction":[{"@type":"SearchAction","target":{"@type":"EntryPoint","urlTemplate":"https:\/\/elfsight.com\/pl\/?s={search_term_string}"},"query-input":{"@type":"PropertyValueSpecification","valueRequired":true,"valueName":"search_term_string"}}],"inLanguage":"pl-PL"}]}},"meta_box":{"industry":"","seo_heading":"","heading":"","description":"","cta_heading":"","cta_description":"","application":"3353","h1":"Rozszerzenie przycisku OpenCart","h1_caption":"Dodaj konfigurowalny przycisk wezwania do dzia\u0142ania, aby zach\u0119ci\u0107 do klikni\u0119cia i bez wysi\u0142ku poprowadzi\u0107 u\u017cytkownik\u00f3w do konwersji na Twoj\u0105 witryn\u0119 Opencart.","application_category":[],"applications_title":"","applications_request_title":"","applications_request_button_text":"","hero_text":"","hero_video":"","hero_video_schema_markup":"","selling_points_title":"","selling_points_caption":"","selling_points":[],"selling_points_cta_text":"","features_title":"","features":"","ed_cta_examples_text":"","ed_cta_examples_hidden":"","ed_cta_demo_text":"","ed_cta_demo_hidden":"","why_caption":"","why_editor_title":"","why_editor_text":"","why_team_title":"","why_team_text":"","why_service_title":"","why_service_text":"","template_catalog_visible":"","template_catalog_title":"","template_catalog_text":"","template_catalog_categories_visible":"","demo_title":"Utw\u00f3rz rozszerzenie przycisku","demo_caption":"Skonfiguruj sw\u00f3j Button i dodaj go za darmo do swojej witryny OpenCart!","default_faq_hidden":"","app_template_category":[],"platform":"107","template_public_id":"","codecanyon_url":"","codecanyon_item_id":"","codecanyon_price":"","pricing_caption":"","pricing_elfsight_apps_hide_column":"","pricing_elfsight_apps_url":"","pricing_codecanyon_price_caption":"","integration_category":[],"integration_request_title":"","integration_request_cta":"","integration_platform":"","integrations":[],"platform_category":[],"video_schema_markup":"","price":"od 0 USD \/ miesi\u0105c","trial":"","benefits":[{"text":"Bezp\u0142atna us\u0142uga monta\u017cu"},{"text":"Wsparcie premium"},{"text":"14-dniowa gwarancja zwrotu pieni\u0119dzy"}],"button_url":"#demo","button_target_blank":"","button_nofollow":"","attributes":[{"name":"Instaluje"},{"name":"Czu\u0142y"},{"name":"Kompatybilne przegl\u0105darki"}],"tags":[],"tags_disable_links":"","hide_more_platforms":"","video_object":"","demo_hide_cta":"","demo_hide_cloud_options":"","pricing_title":"","pricing":[{"pricing_icon":"platform","pricing_title":"Elfsight Apps","pricing_title_caption":"Wersja wieloplatformowa","pricing_price":"od 0 USD \/ miesi\u0105c","pricing_price_caption":"zacznij od bezp\u0142atnego planu","pricing_benefits":[{"text":"Nielimitowane domeny"},{"text":"Dedykowane wsparcie i dobrze udokumentowane"},{"text":"Bezp\u0142atna us\u0142uga monta\u017cu"},{"text":"W pe\u0142ni konfigurowalny"}],"pricing_button_text":"Dodaj do witryny","pricing_button_url":"#demo"}],"related_apps_title":"","related_apps_hidden":"","author":"","image":[],"title":"","job":"","social_networks":[]},"_links":{"self":[{"href":"https:\/\/elfsight.com\/pl\/wp-json\/wp\/v2\/pages\/4581","targetHints":{"allow":["GET"]}}],"collection":[{"href":"https:\/\/elfsight.com\/pl\/wp-json\/wp\/v2\/pages"}],"about":[{"href":"https:\/\/elfsight.com\/pl\/wp-json\/wp\/v2\/types\/page"}],"author":[{"embeddable":true,"href":"https:\/\/elfsight.com\/pl\/wp-json\/wp\/v2\/users\/9"}],"replies":[{"embeddable":true,"href":"https:\/\/elfsight.com\/pl\/wp-json\/wp\/v2\/comments?post=4581"}],"version-history":[{"count":1,"href":"https:\/\/elfsight.com\/pl\/wp-json\/wp\/v2\/pages\/4581\/revisions"}],"predecessor-version":[{"id":4585,"href":"https:\/\/elfsight.com\/pl\/wp-json\/wp\/v2\/pages\/4581\/revisions\/4585"}],"up":[{"embeddable":true,"href":"https:\/\/elfsight.com\/pl\/wp-json\/wp\/v2\/pages\/3365"}],"wp:attachment":[{"href":"https:\/\/elfsight.com\/pl\/wp-json\/wp\/v2\/media?parent=4581"}],"curies":[{"name":"wp","href":"https:\/\/api.w.org\/{rel}","templated":true}]}}