{"id":4576,"date":"2024-05-03T06:31:34","date_gmt":"2024-05-03T06:31:34","guid":{"rendered":"https:\/\/elfsight.com\/pl\/?page_id=4576"},"modified":"2026-01-20T13:16:41","modified_gmt":"2026-01-20T13:16:41","slug":"shopify","status":"publish","type":"page","link":"https:\/\/elfsight.com\/pl\/button-widget\/shopify\/","title":{"rendered":"Button &#8211; Shopify"},"content":{"rendered":"<div class=\"application-platform-content-item-description application-platform-content-item\" id=\"description\" data-nav-section=\"description\"> <h2>Osad\u017a przycisk w Shopify za pomoc\u0105 wid\u017cetu Elfsight<\/h2> <p>Przycisk to aplikacja dla Shopify, kt\u00f3ra umo\u017cliwia tworzenie r\u00f3\u017cnych przycisk\u00f3w dla wiele cel\u00f3w w Twojej witrynie. Istnieje mn\u00f3stwo dzia\u0142a\u0144, kt\u00f3re mo\u017cna podj\u0105\u0107 po klikni\u0119ciu przycisku przez osob\u0119 odwiedzaj\u0105c\u0105 witryn\u0119. Mo\u017cna go na przyk\u0142ad przekierowa\u0107 na jak\u0105\u015b stron\u0119 docelow\u0105, wybra\u0107 jaki\u015b numer, porozmawia\u0107 przez znany komunikator i nie tylko. Przycisk mo\u017cna w du\u017cym stopniu dostosowa\u0107 do w\u0142asnych potrzeb \u2014 mo\u017cesz wpisa\u0107 dowolny tekst i tre\u015b\u0107 nad i pod przyciskiem, a tak\u017ce zmieni\u0107 jego rozmiar i kolory. <\/p> <p><b>U\u017cyj kusz\u0105cego przycisku, aby zwi\u0119kszy\u0107 sprzeda\u017c w swojej witrynie, zdoby\u0107 wi\u0119cej nowych obserwuj\u0105cych w mediach spo\u0142eczno\u015bciowych i wiele wi\u0119cej! <\/b><\/p> <\/div> <div class=\"application-platform-content-item-features application-platform-content-item\" id=\"features\" data-nav-section=\"features\"> <h2>Sprawd\u017a list\u0119 najpot\u0119\u017cniejszych funkcji: <\/h2> <ul><li>Modyfikuj kolory i czcionki<\/li><li>2 rodzaje uk\u0142adu przycisk\u00f3w \u2013 osadzony i p\u0142ywaj\u0105cy<\/li><li>Mo\u017cliwo\u015b\u0107 dodania tre\u015bci nad i pod przyciskiem<\/li><li>Mo\u017cesz zajmowa\u0107 dwie linie<\/li><li>Powy\u017cej o\u015bmiu warianty akcji po klikni\u0119ciu<\/li><\/ul><p><a href=\"#demo\">Pe\u0142ne mo\u017cliwo\u015bci wid\u017cetu mo\u017cesz pozna\u0107 w wersji demonstracyjnej na tej stronie<\/a><\/p> <\/div> <div class=\"application-platform-content-item-installation application-platform-content-item\" id=\"installation\" data-nav-section=\"installation\"> <h2>Jak doda\u0107 przycisk do mojej witryny Shopify? <\/h2><div class=\"video-container\">\n<iframe width=\"720\" height=\"405\" src=\"https:\/\/www.youtube.com\/embed\/3xjdd0HxBNo?si=9U-3U6zIM_0F16aO\" frameborder=\"0\" allowfullscreen=\"\"><\/iframe>\n<\/div> <p>Wystarczy post\u0119powa\u0107 zgodnie z poni\u017cszymi wskaz\u00f3wkami, aby zintegrowa\u0107 aplikacj\u0119. <\/p> <ol><li><b>Skorzystaj z naszego bezp\u0142atnego konfiguratora i zacznij tworzy\u0107 swoj\u0105 spersonalizowan\u0105 aplikacj\u0119. <\/b><br> Okre\u015bl po\u017c\u0105dany wygl\u0105d i cechy funkcjonalne aplikacji i zastosuj zmiany. <\/li> <li><b>Odbierz osobisty kod pojawiaj\u0105cy si\u0119 w polu w aplikacjach Elfsight. <\/b><br> Po dostosowaniu narz\u0119dzia skopiuj ekskluzywny kod w wy\u015bwietlonym oknie i zapisz go na p\u00f3\u017aniej. <\/li> <li><b>Rozpocznij stosowanie aplikacji w swojej witrynie Shopify. <\/b><br> Dodaj skopiowany wcze\u015bniej kod na swoj\u0105 stron\u0119 i zapisz zmiany. <\/li> <li><b>Gotowe! Instalacja zako\u0144czy\u0142a si\u0119 pomy\u015blnie. <\/b><br> Przejd\u017a na swoj\u0105 stron\u0119 internetow\u0105, aby zobaczy\u0107 w akcji dzia\u0142anie aplikacji. <\/li><\/ol> <p>Za\u0142\u00f3\u017cmy, \u017ce napotkasz pewne problemy, nie b\u00f3j si\u0119 skontaktowa\u0107 z naszym zespo\u0142em wsparcia. Nasi konsultanci ch\u0119tnie pomog\u0105 Ci we wszystkich problemach, jakie mo\u017cesz mie\u0107 z aplikacj\u0105. <\/p> <div class=\"faq\" data-component=\"FAQ\"><div class=\"faq-item\">\r\n\t\t\t\t\t<div class=\"faq-item-question\">\r\n\t\t\t\t\t\t<h3 class=\"faq-item-question-text\">Jak mog\u0119 doda\u0107 przycisk do mojej witryny Shopify bez umiej\u0119tno\u015bci kodowania?<\/h3>\r\n\r\n\t\t\t\t\t\t<div class=\"faq-item-question-icon\"><\/div>\r\n\t\t\t\t\t<\/div>\r\n\r\n\t\t\t\t\t<div class=\"faq-item-answer\">\r\n\t\t\t\t\t\t<div class=\"faq-item-answer-text\"> <p>Elfsight zapewnia rozwi\u0105zanie SaaS, kt\u00f3re pozwala samodzielnie utworzy\u0107 wid\u017cet przycisku. Zobacz, jak \u0142atwy jest ten proces : Pracuj bezpo\u015brednio w edytorze online, aby utworzy\u0107 wid\u017cet przycisku, kt\u00f3ry chcesz widzie\u0107 w swojej witrynie Shopify. Wybierz jeden z gotowych szablon\u00f3w i dostosuj ustawienia przycisku, dodaj tre\u015b\u0107, zmie\u0144 uk\u0142ad i kolory bez umiej\u0119tno\u015bci kodowania. Zapisz Przycisk i skopiuj jego kod instalacyjny, dzi\u0119ki czemu b\u0119dziesz m\u00f3g\u0142 \u0142atwo doda\u0107 go do swojej witryny Shopify bez konieczno\u015bci kupowania p\u0142atnego planu. Dzi\u0119ki naszemu intuicyjnemu edytorowi ka\u017cdy u\u017cytkownik Internetu mo\u017ce utworzy\u0107 wid\u017cet przycisku online i \u0142atwo osadzi\u0107 go na swojej stronie internetowej Shopify. Aby uzyska\u0107 dost\u0119p do us\u0142ugi, nie trzeba p\u0142aci\u0107 ani wprowadza\u0107 danych uwierzytelniaj\u0105cych karty. Je\u015bli na kt\u00f3rymkolwiek etapie napotkasz jakiekolwiek problemy, skontaktuj si\u0119 z naszym zespo\u0142em pomocy technicznej.<\/p> <\/div>\r\n\t\t\t\t\t<\/div>\r\n\t\t\t\t<\/div> <\/div><\/div><p><\/p>","protected":false},"excerpt":{"rendered":"","protected":false},"author":9,"featured_media":0,"parent":3365,"menu_order":0,"comment_status":"closed","ping_status":"closed","template":"templates\/template-application-platform.php","meta":{"publish_to_discourse":"","publish_post_category":"","wpdc_auto_publish_overridden":"","wpdc_topic_tags":"","wpdc_pin_topic":"","wpdc_pin_until":"","discourse_post_id":"","discourse_permalink":"","wpdc_publishing_response":"","wpdc_publishing_error":"","footnotes":""},"class_list":["post-4576","page","type-page","status-publish","hentry"],"yoast_head":"<!-- This site is optimized with the Yoast SEO plugin v25.3.1 - https:\/\/yoast.com\/wordpress\/plugins\/seo\/ -->\n<title>Wid\u017cet aplikacji przycisku \u2014 Osad\u017a wid\u017cet aplikacji w Shopify ( 2026 )<\/title>\n<meta name=\"description\" content=\"Przetestuj aplikacj\u0119 Elfsight Button dla Shopify. Zdob\u0105d\u017a wi\u0119cej subskrybent\u00f3w, zwi\u0119ksz sprzeda\u017c i spraw, aby Twoja firma sta\u0142a si\u0119 jeszcze bardziej popularna dzi\u0119ki narz\u0119dziom Elfsight!\" \/>\n<meta name=\"robots\" content=\"index, follow, max-snippet:-1, max-image-preview:large, max-video-preview:-1\" \/>\n<link rel=\"canonical\" href=\"https:\/\/elfsight.com\/pl\/button-widget\/shopify\/\" \/>\n<meta property=\"og:locale\" content=\"pl_PL\" \/>\n<meta property=\"og:type\" content=\"article\" \/>\n<meta property=\"og:title\" content=\"Wid\u017cet aplikacji przycisku \u2014 Osad\u017a wid\u017cet aplikacji w Shopify ( 2026 )\" \/>\n<meta property=\"og:description\" content=\"Przetestuj aplikacj\u0119 Elfsight Button dla Shopify. Zdob\u0105d\u017a wi\u0119cej subskrybent\u00f3w, zwi\u0119ksz sprzeda\u017c i spraw, aby Twoja firma sta\u0142a si\u0119 jeszcze bardziej popularna dzi\u0119ki narz\u0119dziom Elfsight!\" \/>\n<meta property=\"og:url\" content=\"https:\/\/elfsight.com\/pl\/button-widget\/shopify\/\" \/>\n<meta property=\"og:site_name\" content=\"Elfsight PL\" \/>\n<meta property=\"article:modified_time\" content=\"2026-01-20T13:16:41+00:00\" \/>\n<meta name=\"twitter:card\" content=\"summary_large_image\" \/>\n<meta name=\"twitter:label1\" content=\"Szacowany czas czytania\" \/>\n\t<meta name=\"twitter:data1\" content=\"3 minuty\" \/>\n<!-- \/ Yoast SEO plugin. -->","yoast_head_json":{"title":"Wid\u017cet aplikacji przycisku \u2014 Osad\u017a wid\u017cet aplikacji w Shopify ( 2026 )","description":"Przetestuj aplikacj\u0119 Elfsight Button dla Shopify. Zdob\u0105d\u017a wi\u0119cej subskrybent\u00f3w, zwi\u0119ksz sprzeda\u017c i spraw, aby Twoja firma sta\u0142a si\u0119 jeszcze bardziej popularna dzi\u0119ki narz\u0119dziom Elfsight!","robots":{"index":"index","follow":"follow","max-snippet":"max-snippet:-1","max-image-preview":"max-image-preview:large","max-video-preview":"max-video-preview:-1"},"canonical":"https:\/\/elfsight.com\/pl\/button-widget\/shopify\/","og_locale":"pl_PL","og_type":"article","og_title":"Wid\u017cet aplikacji przycisku \u2014 Osad\u017a wid\u017cet aplikacji w Shopify ( 2026 )","og_description":"Przetestuj aplikacj\u0119 Elfsight Button dla Shopify. Zdob\u0105d\u017a wi\u0119cej subskrybent\u00f3w, zwi\u0119ksz sprzeda\u017c i spraw, aby Twoja firma sta\u0142a si\u0119 jeszcze bardziej popularna dzi\u0119ki narz\u0119dziom Elfsight!","og_url":"https:\/\/elfsight.com\/pl\/button-widget\/shopify\/","og_site_name":"Elfsight PL","article_modified_time":"2026-01-20T13:16:41+00:00","twitter_card":"summary_large_image","twitter_misc":{"Szacowany czas czytania":"3 minuty"},"schema":{"@context":"https:\/\/schema.org","@graph":[{"@type":"WebPage","@id":"https:\/\/elfsight.com\/pl\/button-widget\/shopify\/","url":"https:\/\/elfsight.com\/pl\/button-widget\/shopify\/","name":"Wid\u017cet aplikacji przycisku \u2014 Osad\u017a wid\u017cet aplikacji w Shopify ( 2026 )","isPartOf":{"@id":"https:\/\/elfsight.com\/pl\/#website"},"datePublished":"2024-05-03T06:31:34+00:00","dateModified":"2026-01-20T13:16:41+00:00","description":"Przetestuj aplikacj\u0119 Elfsight Button dla Shopify. Zdob\u0105d\u017a wi\u0119cej subskrybent\u00f3w, zwi\u0119ksz sprzeda\u017c i spraw, aby Twoja firma sta\u0142a si\u0119 jeszcze bardziej popularna dzi\u0119ki narz\u0119dziom Elfsight!","breadcrumb":{"@id":"https:\/\/elfsight.com\/pl\/button-widget\/shopify\/#breadcrumb"},"inLanguage":"pl-PL","potentialAction":[{"@type":"ReadAction","target":["https:\/\/elfsight.com\/pl\/button-widget\/shopify\/"]}]},{"@type":"BreadcrumbList","@id":"https:\/\/elfsight.com\/pl\/button-widget\/shopify\/#breadcrumb","itemListElement":[{"@type":"ListItem","position":1,"name":"Home","item":"https:\/\/elfsight.com\/pl\/"},{"@type":"ListItem","position":2,"name":"Button","item":"https:\/\/elfsight.com\/pl\/button-widget\/"},{"@type":"ListItem","position":3,"name":"Button &#8211; Shopify"}]},{"@type":"WebSite","@id":"https:\/\/elfsight.com\/pl\/#website","url":"https:\/\/elfsight.com\/pl\/","name":"Elfsight PL","description":"Just another Elfsight Sites site","potentialAction":[{"@type":"SearchAction","target":{"@type":"EntryPoint","urlTemplate":"https:\/\/elfsight.com\/pl\/?s={search_term_string}"},"query-input":{"@type":"PropertyValueSpecification","valueRequired":true,"valueName":"search_term_string"}}],"inLanguage":"pl-PL"}]}},"meta_box":{"industry":"","seo_heading":"","heading":"","description":"","cta_heading":"","cta_description":"","application":"3353","h1":"Aplikacja Shopify Button","h1_caption":"Dodaj konfigurowalny przycisk wezwania do dzia\u0142ania, aby zach\u0119ca\u0107 do klikni\u0119\u0107 i bez wysi\u0142ku kierowa\u0107 u\u017cytkownik\u00f3w do konwersji w witrynie Shopify.","application_category":[],"applications_title":"","applications_request_title":"","applications_request_button_text":"","hero_text":"","hero_video":"","hero_video_schema_markup":"","selling_points_title":"","selling_points_caption":"","selling_points":[],"selling_points_cta_text":"","features_title":"","features":"","ed_cta_examples_text":"","ed_cta_examples_hidden":"","ed_cta_demo_text":"","ed_cta_demo_hidden":"","why_caption":"","why_editor_title":"","why_editor_text":"","why_team_title":"","why_team_text":"","why_service_title":"","why_service_text":"","template_catalog_visible":"0","template_catalog_title":"","template_catalog_text":"","template_catalog_categories_visible":"","demo_title":"Utw\u00f3rz aplikacj\u0119 Button","demo_caption":"Skonfiguruj sw\u00f3j Button i dodaj go za darmo do swojej witryny Shopify!","default_faq_hidden":"","app_template_category":[],"platform":"7580","template_public_id":"","codecanyon_url":"","codecanyon_item_id":"","codecanyon_price":"","pricing_caption":"","pricing_elfsight_apps_hide_column":"","pricing_elfsight_apps_url":"","pricing_codecanyon_price_caption":"","integration_category":[],"integration_request_title":"","integration_request_cta":"","integration_platform":"","integrations":[],"platform_category":[],"video_schema_markup":"","price":"od 0 USD \/ miesi\u0105c","trial":"","benefits":[{"text":"Bezp\u0142atna pomoc w instalacji"},{"text":"Profesjonalna obs\u0142uga klienta"},{"text":"14-dniowa gwarancja zwrotu pieni\u0119dzy"}],"button_url":"#demo","button_target_blank":"0","button_nofollow":"0","attributes":[{"name":"Instaluje"},{"name":"Czu\u0142y"},{"name":"Kompatybilne przegl\u0105darki"}],"tags":[],"tags_disable_links":"0","hide_more_platforms":"0","video_object":"","demo_hide_cta":"0","demo_hide_cloud_options":"0","pricing_title":"","pricing":[{"pricing_icon":"platform","pricing_title":"Elfsight Apps","pricing_title_caption":"Wieloplatformowe rozwi\u0105zanie cyfrowe, kt\u00f3re dzia\u0142a w dowolnej witrynie","pricing_price":"od 0 USD \/ miesi\u0105c","pricing_price_caption":"zacznij od bezp\u0142atnego planu","pricing_benefits":[{"text":"Nielimitowane domeny"},{"text":"Bezp\u0142atne wsparcie"},{"text":"Bezp\u0142atna pomoc w monta\u017cu"},{"text":"100% konfigurowalny"}],"pricing_button_text":"Dodaj do witryny","pricing_button_url":"#demo"}],"related_apps_title":"","related_apps_hidden":"0","author":"","image":[],"title":"","job":"","social_networks":[]},"_links":{"self":[{"href":"https:\/\/elfsight.com\/pl\/wp-json\/wp\/v2\/pages\/4576","targetHints":{"allow":["GET"]}}],"collection":[{"href":"https:\/\/elfsight.com\/pl\/wp-json\/wp\/v2\/pages"}],"about":[{"href":"https:\/\/elfsight.com\/pl\/wp-json\/wp\/v2\/types\/page"}],"author":[{"embeddable":true,"href":"https:\/\/elfsight.com\/pl\/wp-json\/wp\/v2\/users\/9"}],"replies":[{"embeddable":true,"href":"https:\/\/elfsight.com\/pl\/wp-json\/wp\/v2\/comments?post=4576"}],"version-history":[{"count":3,"href":"https:\/\/elfsight.com\/pl\/wp-json\/wp\/v2\/pages\/4576\/revisions"}],"predecessor-version":[{"id":10846,"href":"https:\/\/elfsight.com\/pl\/wp-json\/wp\/v2\/pages\/4576\/revisions\/10846"}],"up":[{"embeddable":true,"href":"https:\/\/elfsight.com\/pl\/wp-json\/wp\/v2\/pages\/3365"}],"wp:attachment":[{"href":"https:\/\/elfsight.com\/pl\/wp-json\/wp\/v2\/media?parent=4576"}],"curies":[{"name":"wp","href":"https:\/\/api.w.org\/{rel}","templated":true}]}}