{"id":4575,"date":"2024-05-03T06:31:33","date_gmt":"2024-05-03T06:31:33","guid":{"rendered":"https:\/\/elfsight.com\/pl\/?page_id=4575"},"modified":"2026-01-19T11:22:57","modified_gmt":"2026-01-19T11:22:57","slug":"squarespace","status":"publish","type":"page","link":"https:\/\/elfsight.com\/pl\/button-widget\/squarespace\/","title":{"rendered":"Button &#8211; Squarespace"},"content":{"rendered":"<div class=\"application-platform-content-item-description application-platform-content-item\" id=\"description\" data-nav-section=\"description\"> <h2>Osad\u017a produkt na platformie za pomoc\u0105 wid\u017cetu Elfsight<\/h2> <p>Przycisk Elfsight to wtyczka do Squarespace daj\u0105ca mo\u017cliwo\u015b\u0107 tworzenia r\u00f3\u017cnych przyciski do wielu cel\u00f3w w Twojej witrynie. Istnieje wiele dzia\u0142a\u0144, kt\u00f3re mo\u017cna podj\u0105\u0107 po klikni\u0119ciu przycisku przez osob\u0119 odwiedzaj\u0105c\u0105 witryn\u0119. Mo\u017cna je na przyk\u0142ad wys\u0142a\u0107 na jak\u0105\u015b stron\u0119 docelow\u0105, wybra\u0107 jaki\u015b numer, porozmawia\u0107 w znanym komunikatorze i nie tylko. Przycisk jest wysoce konfigurowalny \u2014 mo\u017cesz u\u017cy\u0107 dowolnego tekstu i tre\u015bci wok\u00f3\u0142 przycisku oraz dostosowa\u0107 jego rozmiar i styl. <\/p> <p><b>Zastosuj anga\u017cuj\u0105cy przycisk, aby zwi\u0119kszy\u0107 sprzeda\u017c w swojej witrynie, przyci\u0105gn\u0105\u0107 wi\u0119cej obserwuj\u0105cych w mediach spo\u0142eczno\u015bciowych i wiele wi\u0119cej! <\/b><\/p> <\/div> <div class=\"application-platform-content-item-features application-platform-content-item\" id=\"features\" data-nav-section=\"features\"> <h2>To tylko kilka z pot\u0119\u017cnych funkcji wtyczki: <\/h2> <ul><li>Zmie\u0144 kolory i czcionki<\/li><li>Dwa rodzaje uk\u0142adu przycisk\u00f3w \u2013 osadzony i p\u0142ywaj\u0105cy<\/li><li>Mo\u017cliwo\u015b\u0107 dodania tre\u015bci nad i pod przyciskiem<\/li><li>Etykieta mieszcz\u0105ca dwie linie<\/li><li> Ponad 8 wariant\u00f3w akcji po klikni\u0119ciu<\/li><\/ul><p><a href=\"#demo\">Odkryj wszystkie opcje dostosowywania w 100% funkcjonalnej wersji demonstracyjnej<\/a><\/p> <\/div> <div class=\"application-platform-content-item-installation application-platform-content-item\" id=\"installation\" data-nav-section=\"installation\"> <h2>Jak mog\u0119 doda\u0107 przycisk do mojej witryny Squarespace? <\/h2> <div class=\"video-container\">\n<iframe width=\"720\" height=\"405\" src=\"https:\/\/www.youtube.com\/embed\/TrUuecJc1Tg?si=AtYhCRwhSkF3ZUh7\" frameborder=\"0\" allowfullscreen=\"\"><\/iframe>\n<\/div><p>Wystarczy wykona\u0107 poni\u017csze wskaz\u00f3wki, aby zintegrowa\u0107 narz\u0119dzie. <\/p> <ol><li><b>Otw\u00f3rz nasz darmowy edytor i zacznij tworzy\u0107 w\u0142asn\u0105 wtyczk\u0119. <\/b><br> Okre\u015bl niestandardowy projekt i charakterystyk\u0119 wtyczki i zapisz poprawki. <\/li> <li><b>Zdob\u0105d\u017a sw\u00f3j osobisty kod pokazany w specjalnym formularzu w aplikacjach Elfsight. <\/b><br> Zaraz po wygenerowaniu wtyczki skopiuj kod osobisty z wy\u015bwietlonego pola i zapisz go do wykorzystania w przysz\u0142o\u015bci. <\/li> <li><b>Wejd\u017a, korzystaj\u0105c z wtyczki na swojej stronie g\u0142\u00f3wnej Squarespace. <\/b><br> Wstaw zapisany wcze\u015bniej kod na swojej stronie g\u0142\u00f3wnej i zastosuj zmiany. <\/li> <li><b>Instalacja zosta\u0142a ca\u0142kowicie uko\u0144czona. <\/b><br> Przejd\u017a do swojej witryny, aby zobaczy\u0107 w akcji, jak dzia\u0142a narz\u0119dzie. <\/li><\/ol> <p>Je\u015bli napotkasz pewne komplikacje, nie wahaj si\u0119 skontaktowa\u0107 z naszym dzia\u0142em obs\u0142ugi klienta. Nasi pracownicy z przyjemno\u015bci\u0105 rozwi\u0105\u017c\u0105 wszystkie problemy, jakie mo\u017cesz mie\u0107 z produktem. <\/p> <div class=\"faq\" data-component=\"FAQ\"><div class=\"faq-item\">\r\n\t\t\t\t\t<div class=\"faq-item-question\">\r\n\t\t\t\t\t\t<h3 class=\"faq-item-question-text\">Jak mog\u0119 doda\u0107 Button do mojej witryny Squarespace bez umiej\u0119tno\u015bci kodowania?<\/h3>\r\n\r\n\t\t\t\t\t\t<div class=\"faq-item-question-icon\"><\/div>\r\n\t\t\t\t\t<\/div>\r\n\r\n\t\t\t\t\t<div class=\"faq-item-answer\">\r\n\t\t\t\t\t\t<div class=\"faq-item-answer-text\"> <p>Elfsight zapewnia rozwi\u0105zanie SaaS, kt\u00f3re pozwala samodzielnie utworzy\u0107 wid\u017cet Button. Zobacz, jak \u0142atwy jest ten proces : Pracuj bezpo\u015brednio w edytorze online, aby utworzy\u0107 wid\u017cet przycisku, kt\u00f3ry chcesz zobaczy\u0107 na swojej stronie Squarespace. Wybierz jeden z gotowych szablon\u00f3w i dostosuj ustawienia przycisku, dodaj tre\u015b\u0107, zmie\u0144 uk\u0142ad i kolory bez umiej\u0119tno\u015bci kodowania. Zapisz przycisk i skopiuj jego kod instalacyjny, kt\u00f3ry mo\u017cesz bez wysi\u0142ku umie\u015bci\u0107 na swojej stronie Squarespace bez kupowania p\u0142atnego planu. Dzi\u0119ki naszemu intuicyjnemu edytorowi ka\u017cdy u\u017cytkownik Internetu mo\u017ce utworzy\u0107 wid\u017cet przycisku online i \u0142atwo osadzi\u0107 go na swojej stronie internetowej Squarespace. Aby uzyska\u0107 dost\u0119p do us\u0142ugi, nie trzeba p\u0142aci\u0107 ani wprowadza\u0107 danych uwierzytelniaj\u0105cych karty. Je\u015bli na kt\u00f3rymkolwiek etapie napotkasz jakiekolwiek problemy, skontaktuj si\u0119 z naszym zespo\u0142em pomocy technicznej.<\/p> <\/div>\r\n\t\t\t\t\t<\/div>\r\n\t\t\t\t<\/div> <\/div><\/div>","protected":false},"excerpt":{"rendered":"","protected":false},"author":9,"featured_media":0,"parent":3365,"menu_order":0,"comment_status":"closed","ping_status":"closed","template":"templates\/template-application-platform.php","meta":{"publish_to_discourse":"","publish_post_category":"","wpdc_auto_publish_overridden":"","wpdc_topic_tags":"","wpdc_pin_topic":"","wpdc_pin_until":"","discourse_post_id":"","discourse_permalink":"","wpdc_publishing_response":"","wpdc_publishing_error":"","footnotes":""},"class_list":["post-4575","page","type-page","status-publish","hentry"],"yoast_head":"<!-- This site is optimized with the Yoast SEO plugin v25.3.1 - https:\/\/yoast.com\/wordpress\/plugins\/seo\/ -->\n<title>Wtyczka do tworzenia przycisk\u00f3w - Dodaj wtyczk\u0119 Button do Squarespace ( 2025 )<\/title>\n<meta name=\"description\" content=\"Wtyczka przycisku testowego dla Squarespace. Zdob\u0105d\u017a nowych obserwuj\u0105cych, zwi\u0119ksz sprzeda\u017c i spraw, aby Tw\u00f3j biznes odni\u00f3s\u0142 sukces dzi\u0119ki narz\u0119dziom Elfsight!\" \/>\n<meta name=\"robots\" content=\"index, follow, max-snippet:-1, max-image-preview:large, max-video-preview:-1\" \/>\n<link rel=\"canonical\" href=\"https:\/\/elfsight.com\/pl\/button-widget\/squarespace\/\" \/>\n<meta property=\"og:locale\" content=\"pl_PL\" \/>\n<meta property=\"og:type\" content=\"article\" \/>\n<meta property=\"og:title\" content=\"Wtyczka do tworzenia przycisk\u00f3w - Dodaj wtyczk\u0119 Button do Squarespace ( 2025 )\" \/>\n<meta property=\"og:description\" content=\"Wtyczka przycisku testowego dla Squarespace. Zdob\u0105d\u017a nowych obserwuj\u0105cych, zwi\u0119ksz sprzeda\u017c i spraw, aby Tw\u00f3j biznes odni\u00f3s\u0142 sukces dzi\u0119ki narz\u0119dziom Elfsight!\" \/>\n<meta property=\"og:url\" content=\"https:\/\/elfsight.com\/pl\/button-widget\/squarespace\/\" \/>\n<meta property=\"og:site_name\" content=\"Elfsight PL\" \/>\n<meta property=\"article:modified_time\" content=\"2026-01-19T11:22:57+00:00\" \/>\n<meta name=\"twitter:card\" content=\"summary_large_image\" \/>\n<meta name=\"twitter:label1\" content=\"Szacowany czas czytania\" \/>\n\t<meta name=\"twitter:data1\" content=\"3 minuty\" \/>\n<!-- \/ Yoast SEO plugin. -->","yoast_head_json":{"title":"Wtyczka do tworzenia przycisk\u00f3w - Dodaj wtyczk\u0119 Button do Squarespace ( 2025 )","description":"Wtyczka przycisku testowego dla Squarespace. Zdob\u0105d\u017a nowych obserwuj\u0105cych, zwi\u0119ksz sprzeda\u017c i spraw, aby Tw\u00f3j biznes odni\u00f3s\u0142 sukces dzi\u0119ki narz\u0119dziom Elfsight!","robots":{"index":"index","follow":"follow","max-snippet":"max-snippet:-1","max-image-preview":"max-image-preview:large","max-video-preview":"max-video-preview:-1"},"canonical":"https:\/\/elfsight.com\/pl\/button-widget\/squarespace\/","og_locale":"pl_PL","og_type":"article","og_title":"Wtyczka do tworzenia przycisk\u00f3w - Dodaj wtyczk\u0119 Button do Squarespace ( 2025 )","og_description":"Wtyczka przycisku testowego dla Squarespace. Zdob\u0105d\u017a nowych obserwuj\u0105cych, zwi\u0119ksz sprzeda\u017c i spraw, aby Tw\u00f3j biznes odni\u00f3s\u0142 sukces dzi\u0119ki narz\u0119dziom Elfsight!","og_url":"https:\/\/elfsight.com\/pl\/button-widget\/squarespace\/","og_site_name":"Elfsight PL","article_modified_time":"2026-01-19T11:22:57+00:00","twitter_card":"summary_large_image","twitter_misc":{"Szacowany czas czytania":"3 minuty"},"schema":{"@context":"https:\/\/schema.org","@graph":[{"@type":"WebPage","@id":"https:\/\/elfsight.com\/pl\/button-widget\/squarespace\/","url":"https:\/\/elfsight.com\/pl\/button-widget\/squarespace\/","name":"Wtyczka do tworzenia przycisk\u00f3w - Dodaj wtyczk\u0119 Button do Squarespace ( 2025 )","isPartOf":{"@id":"https:\/\/elfsight.com\/pl\/#website"},"datePublished":"2024-05-03T06:31:33+00:00","dateModified":"2026-01-19T11:22:57+00:00","description":"Wtyczka przycisku testowego dla Squarespace. Zdob\u0105d\u017a nowych obserwuj\u0105cych, zwi\u0119ksz sprzeda\u017c i spraw, aby Tw\u00f3j biznes odni\u00f3s\u0142 sukces dzi\u0119ki narz\u0119dziom Elfsight!","breadcrumb":{"@id":"https:\/\/elfsight.com\/pl\/button-widget\/squarespace\/#breadcrumb"},"inLanguage":"pl-PL","potentialAction":[{"@type":"ReadAction","target":["https:\/\/elfsight.com\/pl\/button-widget\/squarespace\/"]}]},{"@type":"BreadcrumbList","@id":"https:\/\/elfsight.com\/pl\/button-widget\/squarespace\/#breadcrumb","itemListElement":[{"@type":"ListItem","position":1,"name":"Home","item":"https:\/\/elfsight.com\/pl\/"},{"@type":"ListItem","position":2,"name":"Button","item":"https:\/\/elfsight.com\/pl\/button-widget\/"},{"@type":"ListItem","position":3,"name":"Button &#8211; Squarespace"}]},{"@type":"WebSite","@id":"https:\/\/elfsight.com\/pl\/#website","url":"https:\/\/elfsight.com\/pl\/","name":"Elfsight PL","description":"Just another Elfsight Sites site","potentialAction":[{"@type":"SearchAction","target":{"@type":"EntryPoint","urlTemplate":"https:\/\/elfsight.com\/pl\/?s={search_term_string}"},"query-input":{"@type":"PropertyValueSpecification","valueRequired":true,"valueName":"search_term_string"}}],"inLanguage":"pl-PL"}]}},"meta_box":{"industry":"","seo_heading":"","heading":"","description":"","cta_heading":"","cta_description":"","application":"3353","h1":"Wtyczka przycisku Squarespace","h1_caption":"Dodaj konfigurowalny przycisk wezwania do dzia\u0142ania, aby zach\u0119ci\u0107 do klikni\u0119\u0107 i bez wysi\u0142ku poprowadzi\u0107 u\u017cytkownik\u00f3w do konwersji w witrynie Squarespace.","application_category":[],"applications_title":"","applications_request_title":"","applications_request_button_text":"","hero_text":"","hero_video":"","hero_video_schema_markup":"","selling_points_title":"","selling_points_caption":"","selling_points":[],"selling_points_cta_text":"","features_title":"","features":"","ed_cta_examples_text":"","ed_cta_examples_hidden":"","ed_cta_demo_text":"","ed_cta_demo_hidden":"","why_caption":"","why_editor_title":"","why_editor_text":"","why_team_title":"","why_team_text":"","why_service_title":"","why_service_text":"","template_catalog_visible":"0","template_catalog_title":"","template_catalog_text":"","template_catalog_categories_visible":"","demo_title":"Utw\u00f3rz wtyczk\u0119 Button","demo_caption":"Skonfiguruj sw\u00f3j przycisk i dodaj go do swojej witryny Squarespace za darmo!","default_faq_hidden":"","app_template_category":[],"platform":"7588","template_public_id":"","codecanyon_url":"","codecanyon_item_id":"","codecanyon_price":"","pricing_caption":"","pricing_elfsight_apps_hide_column":"","pricing_elfsight_apps_url":"","pricing_codecanyon_price_caption":"","integration_category":[],"integration_request_title":"","integration_request_cta":"","integration_platform":"","integrations":[],"platform_category":[],"video_schema_markup":"","price":"od 0 USD \/ miesi\u0105c","trial":"","benefits":[{"text":"Bezp\u0142atna pomoc w instalacji"},{"text":"Profesjonalna obs\u0142uga klienta"},{"text":"14-dniowa gwarancja zwrotu pieni\u0119dzy"}],"button_url":"#demo","button_target_blank":"0","button_nofollow":"0","attributes":[{"name":"Instaluje"},{"name":"Czu\u0142y"},{"name":"Kompatybilne przegl\u0105darki"}],"tags":[],"tags_disable_links":"0","hide_more_platforms":"0","video_object":"","demo_hide_cta":"0","demo_hide_cloud_options":"0","pricing_title":"","pricing":[{"pricing_icon":"platform","pricing_title":"Elfsight Apps","pricing_title_caption":"Wersja wieloplatformowa, kt\u00f3ra dzia\u0142a na ka\u017cdej stronie internetowej","pricing_price":"od 0 USD \/ miesi\u0105c","pricing_price_caption":"zacznij od bezp\u0142atnego planu","pricing_benefits":[{"text":"Nielimitowane domeny"},{"text":"Profesjonalna i terminowa pomoc oraz dobrze udokumentowana"},{"text":"Bezp\u0142atna us\u0142uga monta\u017cu"},{"text":"100% konfigurowalny"}],"pricing_button_text":"Dodaj do witryny","pricing_button_url":"#demo"}],"related_apps_title":"","related_apps_hidden":"0","author":"","image":[],"title":"","job":"","social_networks":[]},"_links":{"self":[{"href":"https:\/\/elfsight.com\/pl\/wp-json\/wp\/v2\/pages\/4575","targetHints":{"allow":["GET"]}}],"collection":[{"href":"https:\/\/elfsight.com\/pl\/wp-json\/wp\/v2\/pages"}],"about":[{"href":"https:\/\/elfsight.com\/pl\/wp-json\/wp\/v2\/types\/page"}],"author":[{"embeddable":true,"href":"https:\/\/elfsight.com\/pl\/wp-json\/wp\/v2\/users\/9"}],"replies":[{"embeddable":true,"href":"https:\/\/elfsight.com\/pl\/wp-json\/wp\/v2\/comments?post=4575"}],"version-history":[{"count":3,"href":"https:\/\/elfsight.com\/pl\/wp-json\/wp\/v2\/pages\/4575\/revisions"}],"predecessor-version":[{"id":10843,"href":"https:\/\/elfsight.com\/pl\/wp-json\/wp\/v2\/pages\/4575\/revisions\/10843"}],"up":[{"embeddable":true,"href":"https:\/\/elfsight.com\/pl\/wp-json\/wp\/v2\/pages\/3365"}],"wp:attachment":[{"href":"https:\/\/elfsight.com\/pl\/wp-json\/wp\/v2\/media?parent=4575"}],"curies":[{"name":"wp","href":"https:\/\/api.w.org\/{rel}","templated":true}]}}