{"id":4574,"date":"2024-05-03T06:31:32","date_gmt":"2024-05-03T06:31:32","guid":{"rendered":"https:\/\/elfsight.com\/pl\/?page_id=4574"},"modified":"2024-11-14T08:46:34","modified_gmt":"2024-11-14T08:46:34","slug":"webflow","status":"publish","type":"page","link":"https:\/\/elfsight.com\/pl\/button-widget\/webflow\/","title":{"rendered":"Button &#8211; Webflow"},"content":{"rendered":"<div class=\"application-platform-content-item-description application-platform-content-item\" id=\"description\" data-nav-section=\"description\"> <h2>Osad\u017a przycisk w Webflow za pomoc\u0105 wid\u017cetu Elfsight<\/h2> <p>Przycisk Elfsight to wid\u017cet dla Webflow, daj\u0105cy mo\u017cliwo\u015b\u0107 tworzenia r\u00f3\u017cnych przyciski do r\u00f3\u017cnych cel\u00f3w w Twojej witrynie. Istnieje mn\u00f3stwo dzia\u0142a\u0144, kt\u00f3re mo\u017cna podj\u0105\u0107, gdy tylko odwiedzaj\u0105cy witryn\u0119 kliknie przycisk. Mo\u017cna je na przyk\u0142ad wys\u0142a\u0107 na stron\u0119 internetow\u0105 innej firmy, wybra\u0107 jaki\u015b numer, komunikowa\u0107 si\u0119 za pomoc\u0105 popularnego komunikatora i nie tylko. Nasz przycisk jest wysoce spersonalizowany &#8211; mo\u017cesz u\u017cy\u0107 dowolnego tekstu, tre\u015bci nad i pod przyciskiem oraz dostosowa\u0107 jego rozmiar i kolory. <\/p> <p><b>Wykorzystaj kusz\u0105cy przycisk, aby zwi\u0119kszy\u0107 sprzeda\u017c w swojej witrynie, zdoby\u0107 wi\u0119cej nowych subskrybent\u00f3w na kontach w mediach spo\u0142eczno\u015bciowych i wiele wi\u0119cej! <\/b><\/p> <\/div> <div class=\"application-platform-content-item-features application-platform-content-item\" id=\"features\" data-nav-section=\"features\"> <h2>Znajd\u017a poni\u017cej podstawowe funkcje wid\u017cetu: <\/h2> <ul><li>Modyfikuj kolory i czcionki<\/li><li>Dwie odmiany uk\u0142adu przycisk\u00f3w \u2013 osadzony i p\u0142ywaj\u0105cy<\/li><li>Mo\u017cliwo\u015b\u0107 dodania tre\u015bci wok\u00f3\u0142 przycisku<\/li><li>Mo\u017cesz zaj\u0105\u0107 2 linie<\/li><li>Powy\u017cej o\u015bmiu wariant\u00f3w scenariuszy po klikni\u0119ciu<\/li><\/ul><p><a href=\"#demo\">Wystarczy wypr\u00f3bowa\u0107 t\u0119 wersj\u0119 demonstracyjn\u0105, aby zobaczy\u0107, ile wart jest wid\u017cet<\/a><\/p> <\/div> <div class=\"application-platform-content-item-installation application-platform-content-item\" id=\"installation\" data-nav-section=\"installation\"> <h2>Jak mog\u0119 osadzi\u0107 przycisk w mojej witrynie Webflow? <\/h2> <p>Wystarczy zastosowa\u0107 si\u0119 do poni\u017cszych instrukcji, aby zintegrowa\u0107 widget. <\/p> <ol><li><b>Skorzystaj z naszego bezp\u0142atnego edytora i zacznij tworzy\u0107 w\u0142asny widget. <\/b><br> Znajd\u017a wybrany projekt i aspekty wid\u017cetu i zapisz poprawki. <\/li> <li><b>Odbierz sw\u00f3j osobisty kod ujawniony w specjalnym formularzu w aplikacjach Elfsight. <\/b><br> Po zako\u0144czeniu dostosowywania Twojego osobistego narz\u0119dzia skopiuj indywidualny kod w wy\u015bwietlonym oknie i zapisz go na przysz\u0142e okazje. <\/li> <li><b>Wpisz opcj\u0119 korzystania z narz\u0119dzia na stronie internetowej Webflow. <\/b><br> Dodaj skopiowany wcze\u015bniej kod do swojej strony g\u0142\u00f3wnej i zastosuj zmiany. <\/li> <li><b>Gotowe! Osadzanie zosta\u0142o pomy\u015blnie wykonane. <\/b><br> Odwied\u017a swoj\u0105 witryn\u0119, aby sprawdzi\u0107 dzia\u0142anie narz\u0119dzia. <\/li><\/ol> <p>Je\u015bli napotkasz jakiekolwiek problemy, nie wahaj si\u0119 i zwr\u00f3\u0107 si\u0119 do naszego zespo\u0142u wsparcia. Nasi konsultanci ch\u0119tnie rozwi\u0105\u017c\u0105 wszystkie problemy, jakie mo\u017cesz mie\u0107 z widgetem. <\/p> <div class=\"faq\" data-component=\"FAQ\"><div class=\"faq-item\">\r\n\t\t\t\t\t<div class=\"faq-item-question\">\r\n\t\t\t\t\t\t<h3 class=\"faq-item-question-text\">Jak mog\u0119 doda\u0107 Button do mojej witryny Webflow bez umiej\u0119tno\u015bci kodowania?<\/h3>\r\n\r\n\t\t\t\t\t\t<div class=\"faq-item-question-icon\"><\/div>\r\n\t\t\t\t\t<\/div>\r\n\r\n\t\t\t\t\t<div class=\"faq-item-answer\">\r\n\t\t\t\t\t\t<div class=\"faq-item-answer-text\"> <p>Elfsight zapewnia rozwi\u0105zanie SaaS, kt\u00f3re pozwala samodzielnie utworzy\u0107 wid\u017cet Button. Zobacz, jak \u0142atwy jest ten proces : Pracuj bezpo\u015brednio w edytorze online, aby utworzy\u0107 wid\u017cet przycisku, kt\u00f3ry chcesz zobaczy\u0107 w swojej witrynie Webflow. Wybierz jeden z gotowych szablon\u00f3w i dostosuj ustawienia przycisku, dodaj tre\u015b\u0107, zmie\u0144 uk\u0142ad i kolory bez umiej\u0119tno\u015bci kodowania. Zapisz przycisk i skopiuj jego kod instalacyjny, kt\u00f3ry mo\u017cesz po prostu doda\u0107 na swojej stronie internetowej Webflow, bez konieczno\u015bci kupowania wersji p\u0142atnej. Dzi\u0119ki naszemu intuicyjnemu Edytorowi ka\u017cdy u\u017cytkownik Internetu mo\u017ce stworzy\u0107 wid\u017cet Przycisku online i \u0142atwo osadzi\u0107 go na swojej stronie internetowej Webflow. Aby uzyska\u0107 dost\u0119p do us\u0142ugi, nie trzeba p\u0142aci\u0107 ani wprowadza\u0107 danych uwierzytelniaj\u0105cych karty. Je\u015bli na kt\u00f3rymkolwiek etapie napotkasz jakiekolwiek problemy, skontaktuj si\u0119 z naszym zespo\u0142em pomocy technicznej.<\/p> <\/div>\r\n\t\t\t\t\t<\/div>\r\n\t\t\t\t<\/div> <\/div><\/div>","protected":false},"excerpt":{"rendered":"","protected":false},"author":9,"featured_media":0,"parent":3365,"menu_order":0,"comment_status":"closed","ping_status":"closed","template":"templates\/template-application-platform.php","meta":{"publish_to_discourse":"","publish_post_category":"","wpdc_auto_publish_overridden":"","wpdc_topic_tags":"","wpdc_pin_topic":"","wpdc_pin_until":"","discourse_post_id":"","discourse_permalink":"","wpdc_publishing_response":"","wpdc_publishing_error":"","footnotes":""},"class_list":["post-4574","page","type-page","status-publish","hentry"],"yoast_head":"<!-- This site is optimized with the Yoast SEO plugin v25.3.1 - https:\/\/yoast.com\/wordpress\/plugins\/seo\/ -->\n<title>Wid\u017cet konstruktora przycisk\u00f3w - Dodaj wid\u017cet przycisku do Webflow (2025)<\/title>\n<meta name=\"description\" content=\"U\u017cyj nowego wid\u017cetu przycisku Elfsight dla Webflow. Zdob\u0105d\u017a nowych obserwuj\u0105cych, zwi\u0119ksz sprzeda\u017c i spraw, aby Twoja firma odnios\u0142a sukces dzi\u0119ki narz\u0119dziom Elfsight!\" \/>\n<meta name=\"robots\" content=\"index, follow, max-snippet:-1, max-image-preview:large, max-video-preview:-1\" \/>\n<link rel=\"canonical\" href=\"https:\/\/elfsight.com\/pl\/button-widget\/webflow\/\" \/>\n<meta property=\"og:locale\" content=\"pl_PL\" \/>\n<meta property=\"og:type\" content=\"article\" \/>\n<meta property=\"og:title\" content=\"Wid\u017cet konstruktora przycisk\u00f3w - Dodaj wid\u017cet przycisku do Webflow (2025)\" \/>\n<meta property=\"og:description\" content=\"U\u017cyj nowego wid\u017cetu przycisku Elfsight dla Webflow. Zdob\u0105d\u017a nowych obserwuj\u0105cych, zwi\u0119ksz sprzeda\u017c i spraw, aby Twoja firma odnios\u0142a sukces dzi\u0119ki narz\u0119dziom Elfsight!\" \/>\n<meta property=\"og:url\" content=\"https:\/\/elfsight.com\/pl\/button-widget\/webflow\/\" \/>\n<meta property=\"og:site_name\" content=\"Elfsight PL\" \/>\n<meta property=\"article:modified_time\" content=\"2024-11-14T08:46:34+00:00\" \/>\n<meta name=\"twitter:card\" content=\"summary_large_image\" \/>\n<meta name=\"twitter:label1\" content=\"Szacowany czas czytania\" \/>\n\t<meta name=\"twitter:data1\" content=\"3 minuty\" \/>\n<!-- \/ Yoast SEO plugin. -->","yoast_head_json":{"title":"Wid\u017cet konstruktora przycisk\u00f3w - Dodaj wid\u017cet przycisku do Webflow (2025)","description":"U\u017cyj nowego wid\u017cetu przycisku Elfsight dla Webflow. Zdob\u0105d\u017a nowych obserwuj\u0105cych, zwi\u0119ksz sprzeda\u017c i spraw, aby Twoja firma odnios\u0142a sukces dzi\u0119ki narz\u0119dziom Elfsight!","robots":{"index":"index","follow":"follow","max-snippet":"max-snippet:-1","max-image-preview":"max-image-preview:large","max-video-preview":"max-video-preview:-1"},"canonical":"https:\/\/elfsight.com\/pl\/button-widget\/webflow\/","og_locale":"pl_PL","og_type":"article","og_title":"Wid\u017cet konstruktora przycisk\u00f3w - Dodaj wid\u017cet przycisku do Webflow (2025)","og_description":"U\u017cyj nowego wid\u017cetu przycisku Elfsight dla Webflow. Zdob\u0105d\u017a nowych obserwuj\u0105cych, zwi\u0119ksz sprzeda\u017c i spraw, aby Twoja firma odnios\u0142a sukces dzi\u0119ki narz\u0119dziom Elfsight!","og_url":"https:\/\/elfsight.com\/pl\/button-widget\/webflow\/","og_site_name":"Elfsight PL","article_modified_time":"2024-11-14T08:46:34+00:00","twitter_card":"summary_large_image","twitter_misc":{"Szacowany czas czytania":"3 minuty"},"schema":{"@context":"https:\/\/schema.org","@graph":[{"@type":"WebPage","@id":"https:\/\/elfsight.com\/pl\/button-widget\/webflow\/","url":"https:\/\/elfsight.com\/pl\/button-widget\/webflow\/","name":"Wid\u017cet konstruktora przycisk\u00f3w - Dodaj wid\u017cet przycisku do Webflow (2025)","isPartOf":{"@id":"https:\/\/elfsight.com\/pl\/#website"},"datePublished":"2024-05-03T06:31:32+00:00","dateModified":"2024-11-14T08:46:34+00:00","description":"U\u017cyj nowego wid\u017cetu przycisku Elfsight dla Webflow. Zdob\u0105d\u017a nowych obserwuj\u0105cych, zwi\u0119ksz sprzeda\u017c i spraw, aby Twoja firma odnios\u0142a sukces dzi\u0119ki narz\u0119dziom Elfsight!","breadcrumb":{"@id":"https:\/\/elfsight.com\/pl\/button-widget\/webflow\/#breadcrumb"},"inLanguage":"pl-PL","potentialAction":[{"@type":"ReadAction","target":["https:\/\/elfsight.com\/pl\/button-widget\/webflow\/"]}]},{"@type":"BreadcrumbList","@id":"https:\/\/elfsight.com\/pl\/button-widget\/webflow\/#breadcrumb","itemListElement":[{"@type":"ListItem","position":1,"name":"Home","item":"https:\/\/elfsight.com\/pl\/"},{"@type":"ListItem","position":2,"name":"Button","item":"https:\/\/elfsight.com\/pl\/button-widget\/"},{"@type":"ListItem","position":3,"name":"Button &#8211; Webflow"}]},{"@type":"WebSite","@id":"https:\/\/elfsight.com\/pl\/#website","url":"https:\/\/elfsight.com\/pl\/","name":"Elfsight PL","description":"Just another Elfsight Sites site","potentialAction":[{"@type":"SearchAction","target":{"@type":"EntryPoint","urlTemplate":"https:\/\/elfsight.com\/pl\/?s={search_term_string}"},"query-input":{"@type":"PropertyValueSpecification","valueRequired":true,"valueName":"search_term_string"}}],"inLanguage":"pl-PL"}]}},"meta_box":{"industry":"","seo_heading":"","heading":"","description":"","cta_heading":"","cta_description":"","application":"3353","h1":"Wid\u017cet przycisku przep\u0142ywu sieci Web","h1_caption":"Dodaj konfigurowalny przycisk wezwania do dzia\u0142ania, aby zach\u0119ca\u0107 do klikni\u0119\u0107 i bez wysi\u0142ku kierowa\u0107 u\u017cytkownik\u00f3w w kierunku konwersji do Twojej witryny Webflow.","application_category":[],"applications_title":"","applications_request_title":"","applications_request_button_text":"","hero_text":"","hero_video":"","hero_video_schema_markup":"","selling_points_title":"","selling_points_caption":"","selling_points":[],"selling_points_cta_text":"","features_title":"","features":"","ed_cta_examples_text":"","ed_cta_examples_hidden":"","ed_cta_demo_text":"","ed_cta_demo_hidden":"","why_caption":"","why_editor_title":"","why_editor_text":"","why_team_title":"","why_team_text":"","why_service_title":"","why_service_text":"","template_catalog_visible":"","template_catalog_title":"","template_catalog_text":"","template_catalog_categories_visible":"","demo_title":"Utw\u00f3rz wid\u017cet przycisku","demo_caption":"Skonfiguruj sw\u00f3j Button i dodaj go za darmo do swojej witryny Webflow!","default_faq_hidden":"","app_template_category":[],"platform":"127","template_public_id":"","codecanyon_url":"","codecanyon_item_id":"","codecanyon_price":"","pricing_caption":"","pricing_elfsight_apps_hide_column":"","pricing_elfsight_apps_url":"","pricing_codecanyon_price_caption":"","integration_category":[],"integration_request_title":"","integration_request_cta":"","integration_platform":"","integrations":[],"platform_category":[],"video_schema_markup":"","price":"od 0 USD \/ miesi\u0105c","trial":"","benefits":[{"text":"Bezp\u0142atna us\u0142uga monta\u017cu"},{"text":"Profesjonalna obs\u0142uga klienta"},{"text":"14-dniowa gwarancja zwrotu pieni\u0119dzy"}],"button_url":"#demo","button_target_blank":"","button_nofollow":"","attributes":[{"name":"Instaluje"},{"name":"Czu\u0142y"},{"name":"Kompatybilne przegl\u0105darki"}],"tags":[],"tags_disable_links":"","hide_more_platforms":"","video_object":"","demo_hide_cta":"","demo_hide_cloud_options":"","pricing_title":"","pricing":[{"pricing_icon":"platform","pricing_title":"Elfsight Apps","pricing_title_caption":"Wersja niezale\u017cna od platformy, kt\u00f3ra pasuje do ka\u017cdej witryny","pricing_price":"od 0 USD \/ miesi\u0105c","pricing_price_caption":"zacznij od bezp\u0142atnego planu","pricing_benefits":[{"text":"Nielimitowane strony internetowe"},{"text":"Szybka i terminowa pomoc oraz dobrze udokumentowana"},{"text":"Bezp\u0142atna pomoc w instalacji"},{"text":"W pe\u0142ni konfigurowalny"}],"pricing_button_text":"Dodaj do witryny","pricing_button_url":"#demo"}],"related_apps_title":"","related_apps_hidden":"","author":"","image":[],"title":"","job":"","social_networks":[]},"_links":{"self":[{"href":"https:\/\/elfsight.com\/pl\/wp-json\/wp\/v2\/pages\/4574","targetHints":{"allow":["GET"]}}],"collection":[{"href":"https:\/\/elfsight.com\/pl\/wp-json\/wp\/v2\/pages"}],"about":[{"href":"https:\/\/elfsight.com\/pl\/wp-json\/wp\/v2\/types\/page"}],"author":[{"embeddable":true,"href":"https:\/\/elfsight.com\/pl\/wp-json\/wp\/v2\/users\/9"}],"replies":[{"embeddable":true,"href":"https:\/\/elfsight.com\/pl\/wp-json\/wp\/v2\/comments?post=4574"}],"version-history":[{"count":1,"href":"https:\/\/elfsight.com\/pl\/wp-json\/wp\/v2\/pages\/4574\/revisions"}],"predecessor-version":[{"id":4578,"href":"https:\/\/elfsight.com\/pl\/wp-json\/wp\/v2\/pages\/4574\/revisions\/4578"}],"up":[{"embeddable":true,"href":"https:\/\/elfsight.com\/pl\/wp-json\/wp\/v2\/pages\/3365"}],"wp:attachment":[{"href":"https:\/\/elfsight.com\/pl\/wp-json\/wp\/v2\/media?parent=4574"}],"curies":[{"name":"wp","href":"https:\/\/api.w.org\/{rel}","templated":true}]}}