{"id":4566,"date":"2024-05-03T06:31:28","date_gmt":"2024-05-03T06:31:28","guid":{"rendered":"https:\/\/elfsight.com\/pl\/?page_id=4566"},"modified":"2026-01-13T13:18:40","modified_gmt":"2026-01-13T13:18:40","slug":"wordpress","status":"publish","type":"page","link":"https:\/\/elfsight.com\/pl\/button-widget\/wordpress\/","title":{"rendered":"Button &#8211; WordPress"},"content":{"rendered":"<div class=\"application-platform-content-item-description application-platform-content-item\" id=\"description\" data-nav-section=\"description\">\n<h2>Osad\u017a przycisk w WordPressie za pomoc\u0105 wid\u017cetu Elfsight<\/h2>\n<p>Przycisk to wtyczka do WordPressa daj\u0105ca mo\u017cliwo\u015b\u0107 tworzenia r\u00f3\u017cnych przyciski do wielu cel\u00f3w na Twojej stronie internetowej. Istnieje wiele dzia\u0142a\u0144, kt\u00f3re mo\u017cna podj\u0105\u0107 zaraz po klikni\u0119ciu przycisku przez u\u017cytkownika. Mo\u017cna go na przyk\u0142ad przekierowa\u0107 na inn\u0105 stron\u0119 internetow\u0105, wybra\u0107 jaki\u015b numer, porozmawia\u0107 w znanym komunikatorze i nie tylko. Nasz przycisk jest niezwykle konfigurowalny &#8211; mo\u017cesz doda\u0107 dowolny tekst i tre\u015b\u0107 nad i pod przyciskiem, a tak\u017ce zmieni\u0107 jego rozmiar i styl.<\/p>\n<p><b>U\u017cyj atrakcyjnego przycisku, aby zwi\u0119kszy\u0107 sprzeda\u017c w swojej witrynie, przyci\u0105gn\u0105\u0107 wi\u0119cej subskrybent\u00f3w w mediach spo\u0142eczno\u015bciowych i wiele wi\u0119cej!<\/b><\/p>\n<\/div>\n\n<div class=\"application-platform-content-item-features application-platform-content-item\" id=\"features\" data-nav-section=\"features\">\n<h2>Oferujemy praktyczne i szybkie funkcje, sprawd\u017a niekt\u00f3re z nich:<\/h2>\n<ul>\n    <li>Zmie\u0144 kolory i czcionki<\/li>\n    <li>Dwa rodzaje uk\u0142adu przycisk\u00f3w \u2013 osadzony i p\u0142ywaj\u0105cy<\/li>\n    <li>Opcja dodania tre\u015bci wok\u00f3\u0142 przycisku<\/li>\n    <li>Mo\u017cesz zaj\u0105\u0107 2 linie<\/li>\n    <li>Wi\u0119cej ni\u017c 8 wariant\u00f3w dzia\u0142a\u0144 po klikni\u0119ciu<\/li>\n<\/ul>\n<p><a href=\"#demo\">Wystarczy wypr\u00f3bowa\u0107 t\u0119 wersj\u0119 demonstracyjn\u0105, aby zobaczy\u0107, jak to dzia\u0142a<\/a><\/p>\n<\/div>\n\n<div class=\"application-platform-content-item-installation application-platform-content-item\" id=\"installation\" data-nav-section=\"installation\">\n<h2>Jak mog\u0119 doda\u0107 przycisk na mojej stronie WordPress?<\/h2>\n<div class=\"video-container\">\n<iframe width=\"720\" height=\"405\" src=\"https:\/\/www.youtube.com\/embed\/mfMrNwhGVEM?si=fs1niSVe2jOTUV2O\" frameborder=\"0\" allowfullscreen=\"\"><\/iframe>\n<\/div>\n<p>Wystarczy wykona\u0107 kilka krok\u00f3w podanych poni\u017cej, aby zintegrowa\u0107 wtyczk\u0119.<\/p>\n<ol>\n    <li><b>Uruchom nasze bezp\u0142atne demo i zacznij tworzy\u0107 w\u0142asn\u0105 wtyczk\u0119. <\/b><br> Znajd\u017a preferowany projekt i opcje narz\u0119dzia i zastosuj zmiany. <\/li>\n    <li><b>Skopiuj indywidualny kod pojawiaj\u0105cy si\u0119 w oknie aplikacji Elfsight. <\/b><br> Po zako\u0144czeniu dostosowywania wid\u017cetu skopiuj kod osobisty z wy\u015bwietlonego pola i zachowaj go do dalszego wykorzystania. <\/li>\n    <li><b>Zacznij u\u017cywa\u0107 wtyczki w swojej witrynie WordPress. <\/b><br> Wprowad\u017a skopiowany wcze\u015bniej kod na swoj\u0105 stron\u0119 i zastosuj zmiany. <\/li>\n    <li><b>Gotowe! Konfiguracja zosta\u0142a pomy\u015blnie przeprowadzona. <\/b><br> Przejd\u017a do swojej strony, aby zobaczy\u0107 dzia\u0142anie wid\u017cetu. <\/li>\n<\/ol>\n<p>Je\u015bli napotkasz pewne komplikacje, nie b\u00f3j si\u0119 zwr\u00f3ci\u0107 si\u0119 o pomoc do naszego zespo\u0142u wsparcia. Nasi konsultanci pragn\u0105 rozwi\u0105za\u0107 wszystkie problemy, jakie mo\u017cesz mie\u0107 z wtyczk\u0105.<\/p>\n<div class=\"faq\" data-component=\"FAQ\">\n    <div class=\"faq-item\">\r\n\t\t\t\t\t<div class=\"faq-item-question\">\r\n\t\t\t\t\t\t<h3 class=\"faq-item-question-text\">Jak doda\u0107 Button do mojej witryny WordPress bez umiej\u0119tno\u015bci kodowania?<\/h3>\r\n\r\n\t\t\t\t\t\t<div class=\"faq-item-question-icon\"><\/div>\r\n\t\t\t\t\t<\/div>\r\n\r\n\t\t\t\t\t<div class=\"faq-item-answer\">\r\n\t\t\t\t\t\t<div class=\"faq-item-answer-text\">\n    <p>Elfsight zapewnia rozwi\u0105zanie SaaS, kt\u00f3re pozwala samodzielnie utworzy\u0107 wid\u017cet Buttona. Zobacz, jak \u0142atwy jest ten proces: Pracuj bezpo\u015brednio w edytorze online, aby utworzy\u0107 wid\u017cet przycisku, kt\u00f3ry chcesz zobaczy\u0107 na swojej stronie WordPress. Wybierz jeden z gotowych szablon\u00f3w i dostosuj ustawienia przycisku, dodaj tre\u015b\u0107, zmie\u0144 uk\u0142ad i kolory bez umiej\u0119tno\u015bci kodowania. Zapisz przycisk i skopiuj jego kod instalacyjny, kt\u00f3ry mo\u017cesz \u0142atwo wklei\u0107 na swojej stronie WordPress bez konieczno\u015bci zakupu wersji p\u0142atnej. Dzi\u0119ki naszemu intuicyjnemu Edytorowi ka\u017cdy u\u017cytkownik Internetu mo\u017ce stworzy\u0107 wid\u017cet Przycisku online i \u0142atwo osadzi\u0107 go na swojej stronie WordPress. Aby uzyska\u0107 dost\u0119p do us\u0142ugi, nie trzeba p\u0142aci\u0107 ani wprowadza\u0107 danych uwierzytelniaj\u0105cych karty. Je\u015bli na kt\u00f3rymkolwiek etapie napotkasz jakiekolwiek problemy, skontaktuj si\u0119 z naszym zespo\u0142em pomocy technicznej.<\/p>\n    <\/div>\r\n\t\t\t\t\t<\/div>\r\n\t\t\t\t<\/div>\n<\/div>\n<\/div>","protected":false},"excerpt":{"rendered":"","protected":false},"author":9,"featured_media":0,"parent":3365,"menu_order":0,"comment_status":"closed","ping_status":"closed","template":"templates\/template-application-platform.php","meta":{"publish_to_discourse":"","publish_post_category":"","wpdc_auto_publish_overridden":"","wpdc_topic_tags":"","wpdc_pin_topic":"","wpdc_pin_until":"","discourse_post_id":"","discourse_permalink":"","wpdc_publishing_response":"","wpdc_publishing_error":"","footnotes":""},"class_list":["post-4566","page","type-page","status-publish","hentry"],"yoast_head":"<!-- This site is optimized with the Yoast SEO plugin v25.3.1 - https:\/\/yoast.com\/wordpress\/plugins\/seo\/ -->\n<title>Wid\u017cet wtyczki przycisku - Dodaj wtyczk\u0119 przycisku do WordPress ( 2025 )<\/title>\n<meta name=\"description\" content=\"Przetestuj wtyczk\u0119 Elfsight Button dla WordPress. Zdob\u0105d\u017a nowych subskrybent\u00f3w, zwi\u0119ksz sprzeda\u017c i spraw, aby Twoja firma odnios\u0142a sukces dzi\u0119ki narz\u0119dziom Elfsight!\" \/>\n<meta name=\"robots\" content=\"index, follow, max-snippet:-1, max-image-preview:large, max-video-preview:-1\" \/>\n<link rel=\"canonical\" href=\"https:\/\/elfsight.com\/pl\/button-widget\/wordpress\/\" \/>\n<meta property=\"og:locale\" content=\"pl_PL\" \/>\n<meta property=\"og:type\" content=\"article\" \/>\n<meta property=\"og:title\" content=\"Wid\u017cet wtyczki przycisku - Dodaj wtyczk\u0119 przycisku do WordPress ( 2025 )\" \/>\n<meta property=\"og:description\" content=\"Przetestuj wtyczk\u0119 Elfsight Button dla WordPress. Zdob\u0105d\u017a nowych subskrybent\u00f3w, zwi\u0119ksz sprzeda\u017c i spraw, aby Twoja firma odnios\u0142a sukces dzi\u0119ki narz\u0119dziom Elfsight!\" \/>\n<meta property=\"og:url\" content=\"https:\/\/elfsight.com\/pl\/button-widget\/wordpress\/\" \/>\n<meta property=\"og:site_name\" content=\"Elfsight PL\" \/>\n<meta property=\"article:modified_time\" content=\"2026-01-13T13:18:40+00:00\" \/>\n<meta name=\"twitter:card\" content=\"summary_large_image\" \/>\n<meta name=\"twitter:label1\" content=\"Szacowany czas czytania\" \/>\n\t<meta name=\"twitter:data1\" content=\"3 minuty\" \/>\n<!-- \/ Yoast SEO plugin. -->","yoast_head_json":{"title":"Wid\u017cet wtyczki przycisku - Dodaj wtyczk\u0119 przycisku do WordPress ( 2025 )","description":"Przetestuj wtyczk\u0119 Elfsight Button dla WordPress. Zdob\u0105d\u017a nowych subskrybent\u00f3w, zwi\u0119ksz sprzeda\u017c i spraw, aby Twoja firma odnios\u0142a sukces dzi\u0119ki narz\u0119dziom Elfsight!","robots":{"index":"index","follow":"follow","max-snippet":"max-snippet:-1","max-image-preview":"max-image-preview:large","max-video-preview":"max-video-preview:-1"},"canonical":"https:\/\/elfsight.com\/pl\/button-widget\/wordpress\/","og_locale":"pl_PL","og_type":"article","og_title":"Wid\u017cet wtyczki przycisku - Dodaj wtyczk\u0119 przycisku do WordPress ( 2025 )","og_description":"Przetestuj wtyczk\u0119 Elfsight Button dla WordPress. Zdob\u0105d\u017a nowych subskrybent\u00f3w, zwi\u0119ksz sprzeda\u017c i spraw, aby Twoja firma odnios\u0142a sukces dzi\u0119ki narz\u0119dziom Elfsight!","og_url":"https:\/\/elfsight.com\/pl\/button-widget\/wordpress\/","og_site_name":"Elfsight PL","article_modified_time":"2026-01-13T13:18:40+00:00","twitter_card":"summary_large_image","twitter_misc":{"Szacowany czas czytania":"3 minuty"},"schema":{"@context":"https:\/\/schema.org","@graph":[{"@type":"WebPage","@id":"https:\/\/elfsight.com\/pl\/button-widget\/wordpress\/","url":"https:\/\/elfsight.com\/pl\/button-widget\/wordpress\/","name":"Wid\u017cet wtyczki przycisku - Dodaj wtyczk\u0119 przycisku do WordPress ( 2025 )","isPartOf":{"@id":"https:\/\/elfsight.com\/pl\/#website"},"datePublished":"2024-05-03T06:31:28+00:00","dateModified":"2026-01-13T13:18:40+00:00","description":"Przetestuj wtyczk\u0119 Elfsight Button dla WordPress. Zdob\u0105d\u017a nowych subskrybent\u00f3w, zwi\u0119ksz sprzeda\u017c i spraw, aby Twoja firma odnios\u0142a sukces dzi\u0119ki narz\u0119dziom Elfsight!","breadcrumb":{"@id":"https:\/\/elfsight.com\/pl\/button-widget\/wordpress\/#breadcrumb"},"inLanguage":"pl-PL","potentialAction":[{"@type":"ReadAction","target":["https:\/\/elfsight.com\/pl\/button-widget\/wordpress\/"]}]},{"@type":"BreadcrumbList","@id":"https:\/\/elfsight.com\/pl\/button-widget\/wordpress\/#breadcrumb","itemListElement":[{"@type":"ListItem","position":1,"name":"Home","item":"https:\/\/elfsight.com\/pl\/"},{"@type":"ListItem","position":2,"name":"Button","item":"https:\/\/elfsight.com\/pl\/button-widget\/"},{"@type":"ListItem","position":3,"name":"Button &#8211; WordPress"}]},{"@type":"WebSite","@id":"https:\/\/elfsight.com\/pl\/#website","url":"https:\/\/elfsight.com\/pl\/","name":"Elfsight PL","description":"Just another Elfsight Sites site","potentialAction":[{"@type":"SearchAction","target":{"@type":"EntryPoint","urlTemplate":"https:\/\/elfsight.com\/pl\/?s={search_term_string}"},"query-input":{"@type":"PropertyValueSpecification","valueRequired":true,"valueName":"search_term_string"}}],"inLanguage":"pl-PL"}]}},"meta_box":{"industry":"","seo_heading":"","heading":"","description":"","cta_heading":"","cta_description":"","application":"3353","h1":"Wtyczka przycisku WordPress","h1_caption":"Prowad\u017a odbiorc\u00f3w bezpo\u015brednio do docelowego dzia\u0142ania","application_category":[],"applications_title":"","applications_request_title":"","applications_request_button_text":"","hero_text":"","hero_video":"","hero_video_schema_markup":"","selling_points_title":"","selling_points_caption":"","selling_points":[],"selling_points_cta_text":"","features_title":"","features":"","ed_cta_examples_text":"","ed_cta_examples_hidden":"","ed_cta_demo_text":"","ed_cta_demo_hidden":"","why_caption":"","why_editor_title":"","why_editor_text":"","why_team_title":"","why_team_text":"","why_service_title":"","why_service_text":"","template_catalog_visible":"0","template_catalog_title":"","template_catalog_text":"","template_catalog_categories_visible":"","demo_title":"\u015amia\u0142o, mo\u017cesz kszta\u0142towa\u0107 spersonalizowany przycisk WordPress","demo_caption":"Dostosuj go i zaimplementuj wtyczk\u0119 na swojej stronie internetowej, korzystaj\u0105c z aktywnego demo.","default_faq_hidden":"","app_template_category":[],"platform":"31","template_public_id":"","codecanyon_url":"","codecanyon_item_id":"","codecanyon_price":"","pricing_caption":"","pricing_elfsight_apps_hide_column":"","pricing_elfsight_apps_url":"","pricing_codecanyon_price_caption":"","integration_category":[],"integration_request_title":"","integration_request_cta":"","integration_platform":"","integrations":[],"platform_category":[],"video_schema_markup":"","price":"od 0 USD \/ miesi\u0105c","trial":"","benefits":[{"text":"Bezp\u0142atna us\u0142uga monta\u017cu"},{"text":"Profesjonalna obs\u0142uga klienta"},{"text":"14-dniowa gwarancja zwrotu pieni\u0119dzy"}],"button_url":"#demo","button_target_blank":"0","button_nofollow":"0","attributes":[{"name":"Instaluje"},{"name":"Czu\u0142y"},{"name":"Kompatybilne przegl\u0105darki"}],"tags":[],"tags_disable_links":"0","hide_more_platforms":"0","video_object":"","demo_hide_cta":"0","demo_hide_cloud_options":"0","pricing_title":"","pricing":[{"pricing_icon":"platform","pricing_title":"Elfsight Apps","pricing_title_caption":"Wieloplatformowe rozwi\u0105zanie cyfrowe","pricing_price":"od 0 USD \/ miesi\u0105c","pricing_price_caption":"zacznij od bezp\u0142atnego planu","pricing_benefits":[{"text":"Nielimitowane domeny"},{"text":"Ca\u0142odobowe wsparcie firmy"},{"text":"Bezp\u0142atna us\u0142uga monta\u017cu"},{"text":"Elastyczny projekt"}],"pricing_button_text":"Dodaj do witryny","pricing_button_url":"#demo"}],"related_apps_title":"","related_apps_hidden":"0","author":"","image":[],"title":"","job":"","social_networks":[]},"_links":{"self":[{"href":"https:\/\/elfsight.com\/pl\/wp-json\/wp\/v2\/pages\/4566","targetHints":{"allow":["GET"]}}],"collection":[{"href":"https:\/\/elfsight.com\/pl\/wp-json\/wp\/v2\/pages"}],"about":[{"href":"https:\/\/elfsight.com\/pl\/wp-json\/wp\/v2\/types\/page"}],"author":[{"embeddable":true,"href":"https:\/\/elfsight.com\/pl\/wp-json\/wp\/v2\/users\/9"}],"replies":[{"embeddable":true,"href":"https:\/\/elfsight.com\/pl\/wp-json\/wp\/v2\/comments?post=4566"}],"version-history":[{"count":3,"href":"https:\/\/elfsight.com\/pl\/wp-json\/wp\/v2\/pages\/4566\/revisions"}],"predecessor-version":[{"id":10832,"href":"https:\/\/elfsight.com\/pl\/wp-json\/wp\/v2\/pages\/4566\/revisions\/10832"}],"up":[{"embeddable":true,"href":"https:\/\/elfsight.com\/pl\/wp-json\/wp\/v2\/pages\/3365"}],"wp:attachment":[{"href":"https:\/\/elfsight.com\/pl\/wp-json\/wp\/v2\/media?parent=4566"}],"curies":[{"name":"wp","href":"https:\/\/api.w.org\/{rel}","templated":true}]}}