{"id":4560,"date":"2024-05-03T06:31:26","date_gmt":"2024-05-03T06:31:26","guid":{"rendered":"https:\/\/elfsight.com\/pl\/?page_id=4560"},"modified":"2025-06-26T14:21:43","modified_gmt":"2025-06-26T14:21:43","slug":"google-sites","status":"publish","type":"page","link":"https:\/\/elfsight.com\/pl\/button-widget\/google-sites\/","title":{"rendered":"Button &#8211; Google Sites"},"content":{"rendered":"<div class=\"application-platform-content-item-description application-platform-content-item\" id=\"description\" data-nav-section=\"description\">\n<h2>Osad\u017a przycisk w Witrynach Google za pomoc\u0105 wid\u017cetu Elfsight<\/h2>\n<p>Przycisk Elfsight to wtyczka do Witryn Google umo\u017cliwiaj\u0105ca tworzenie r\u00f3\u017cnych przyciski do wielu cel\u00f3w na Twojej stronie internetowej. Istnieje wiele dzia\u0142a\u0144, kt\u00f3re mo\u017cna podj\u0105\u0107 po klikni\u0119ciu przycisku przez osob\u0119 odwiedzaj\u0105c\u0105 witryn\u0119. Mo\u017cna je na przyk\u0142ad wys\u0142a\u0107 na stron\u0119 internetow\u0105 strony trzeciej, wybra\u0107 numer telefonu, porozmawia\u0107 za po\u015brednictwem znanego komunikatora i nie tylko. Przycisk jest wysoce spersonalizowany &#8211; mo\u017cesz u\u017cy\u0107 dowolnego tekstu i tre\u015bci wok\u00f3\u0142 przycisku oraz dostosowa\u0107 jego rozmiar i kolory.<\/p>\n<p><b>Wykorzystaj atrakcyjny przycisk, aby zwi\u0119kszy\u0107 sprzeda\u017c w swojej witrynie, przyci\u0105gn\u0105\u0107 wi\u0119cej subskrybent\u00f3w w mediach spo\u0142eczno\u015bciowych i wiele wi\u0119cej!<\/b><\/p>\n<\/div>\n\n<div class=\"application-platform-content-item-features application-platform-content-item\" id=\"features\" data-nav-section=\"features\">\n<h2>Sprawd\u017a list\u0119 najwa\u017cniejszych funkcji:<\/h2>\n<ul>\n    <li>Zmie\u0144 kolory i czcionki<\/li>\n    <li>Dwa rodzaje pozycjonowania przycisk\u00f3w \u2013 osadzony i p\u0142ywaj\u0105cy<\/li>\n    <li>Mo\u017cliwo\u015b\u0107 dodania tre\u015bci nad i pod przyciskiem<\/li>\n    <li>Etykieta, kt\u00f3ra mo\u017ce zaj\u0105\u0107 dwie linie<\/li>\n    <li>Powy\u017cej 8 wariant\u00f3w scenariuszy po klikni\u0119ciu<\/li>\n<\/ul>\n<p><a href=\"#demo\">Co oferuje wtyczka, korzystaj\u0105c z wersji demonstracyjnej<\/a><\/p>\n<\/div>\n\n<div class=\"application-platform-content-item-installation application-platform-content-item\" id=\"installation\" data-nav-section=\"installation\">\n<h2>Jak doda\u0107 przycisk do mojej witryny Witryn Google?<\/h2>\n<p>Wystarczy wykona\u0107 poni\u017csze wskaz\u00f3wki, aby wstawi\u0107 narz\u0119dzie.<\/p>\n<ol>\n    <li><b>Skorzystaj z naszego bezp\u0142atnego konfiguratora i zacznij budowa\u0107 w\u0142asn\u0105 wtyczk\u0119. <\/b><br> Znajd\u017a preferowany interfejs i parametry narz\u0119dzia i zapisz zmiany. <\/li>\n    <li><b>Odbierz sw\u00f3j unikalny kod widoczny w oknie aplikacji Elfsight. <\/b><br> Po zako\u0144czeniu dostosowywania wid\u017cetu skopiuj kod osobisty z wy\u015bwietlonego okna i zapisz go na dalsze potrzeby. <\/li>\n    <li><b>Zacznij u\u017cywa\u0107 wtyczki w swojej witrynie Witryn Google. <\/b><br> Wpisz skopiowany wcze\u015bniej kod na swojej stronie i zastosuj zmiany. <\/li>\n    <li><b>Gotowe! Integracja zako\u0144czy\u0142a si\u0119 pomy\u015blnie. <\/b><br> Wejd\u017a na swoj\u0105 stron\u0119 i zobacz jak dzia\u0142a narz\u0119dzie. <\/li>\n<\/ol>\n<div class=\"tip-yellow tip\"><b>Ze wzgl\u0119du na specyfik\u0119 dzia\u0142ania Witryn Google wid\u017cet mo\u017ce wygl\u0105da\u0107 inaczej ni\u017c wersja demonstracyjna online. Przepraszamy za wszelkie niedogodno\u015bci.<\/b><\/div>\n<p>W przypadku pyta\u0144 lub napotkania trudno\u015bci prosimy zwr\u00f3ci\u0107 si\u0119 do naszego personelu pomocy technicznej. Nasi ludzie ch\u0119tnie pomog\u0105 Ci we wszystkich problemach, jakie mo\u017cesz mie\u0107 z wtyczk\u0105.<\/p>\n<div class=\"faq\" data-component=\"FAQ\">\n    <div class=\"faq-item\">\r\n\t\t\t\t\t<div class=\"faq-item-question\">\r\n\t\t\t\t\t\t<h3 class=\"faq-item-question-text\">Jak mog\u0119 doda\u0107 przycisk do mojej witryny Witryn Google bez umiej\u0119tno\u015bci kodowania?<\/h3>\r\n\r\n\t\t\t\t\t\t<div class=\"faq-item-question-icon\"><\/div>\r\n\t\t\t\t\t<\/div>\r\n\r\n\t\t\t\t\t<div class=\"faq-item-answer\">\r\n\t\t\t\t\t\t<div class=\"faq-item-answer-text\">\n    <p>Elfsight zapewnia rozwi\u0105zanie SaaS, kt\u00f3re pozwala samodzielnie utworzy\u0107 wid\u017cet przycisku. Zobacz, jak \u0142atwy jest ten proces to: Pracuj bezpo\u015brednio w Edytorze online, aby utworzy\u0107 wid\u017cet przycisku, kt\u00f3ry chcesz widzie\u0107 w swojej witrynie Witryn Google. Wybierz jeden z gotowych szablon\u00f3w i dostosuj ustawienia przycisku, dodaj tre\u015b\u0107, zmie\u0144 uk\u0142ad i kolory bez umiej\u0119tno\u015bci kodowania. Zapisz przycisk i skopiuj jego kod instalacyjny, kt\u00f3ry mo\u017cesz \u0142atwo umie\u015bci\u0107 w swojej witrynie Google Sites bez konieczno\u015bci kupowania p\u0142atnej subskrypcji. Dzi\u0119ki naszemu intuicyjnemu edytorowi ka\u017cdy u\u017cytkownik Internetu mo\u017ce utworzy\u0107 wid\u017cet przycisku online i \u0142atwo osadzi\u0107 go na swojej witrynie Google Sites. Aby uzyska\u0107 dost\u0119p do us\u0142ugi, nie trzeba p\u0142aci\u0107 ani wprowadza\u0107 danych uwierzytelniaj\u0105cych karty. Je\u015bli na kt\u00f3rymkolwiek etapie napotkasz jakiekolwiek problemy, skontaktuj si\u0119 z naszym zespo\u0142em pomocy technicznej.<\/p>\n    <\/div>\r\n\t\t\t\t\t<\/div>\r\n\t\t\t\t<\/div>\n<\/div>\n<\/div>","protected":false},"excerpt":{"rendered":"","protected":false},"author":9,"featured_media":0,"parent":3365,"menu_order":0,"comment_status":"closed","ping_status":"closed","template":"templates\/template-application-platform.php","meta":{"publish_to_discourse":"","publish_post_category":"","wpdc_auto_publish_overridden":"","wpdc_topic_tags":"","wpdc_pin_topic":"","wpdc_pin_until":"","discourse_post_id":"","discourse_permalink":"","wpdc_publishing_response":"","wpdc_publishing_error":"","footnotes":""},"class_list":["post-4560","page","type-page","status-publish","hentry"],"yoast_head":"<!-- This site is optimized with the Yoast SEO plugin v25.3.1 - https:\/\/yoast.com\/wordpress\/plugins\/seo\/ -->\n<title>Wid\u017cet wtyczki przycisku \u2014 dodaj wtyczk\u0119 przycisku do Witryn Google (2026)<\/title>\n<meta name=\"description\" content=\"Przetestuj wtyczk\u0119 Elfsight Button do Witryn Google. Zdob\u0105d\u017a nowych subskrybent\u00f3w, zwi\u0119ksz sprzeda\u017c i spraw, aby Twoja firma odnios\u0142a sukces dzi\u0119ki narz\u0119dziom Elfsight!\" \/>\n<meta name=\"robots\" content=\"index, follow, max-snippet:-1, max-image-preview:large, max-video-preview:-1\" \/>\n<link rel=\"canonical\" href=\"https:\/\/elfsight.com\/pl\/button-widget\/google-sites\/\" \/>\n<meta property=\"og:locale\" content=\"pl_PL\" \/>\n<meta property=\"og:type\" content=\"article\" \/>\n<meta property=\"og:title\" content=\"Wid\u017cet wtyczki przycisku \u2014 dodaj wtyczk\u0119 przycisku do Witryn Google (2026)\" \/>\n<meta property=\"og:description\" content=\"Przetestuj wtyczk\u0119 Elfsight Button do Witryn Google. Zdob\u0105d\u017a nowych subskrybent\u00f3w, zwi\u0119ksz sprzeda\u017c i spraw, aby Twoja firma odnios\u0142a sukces dzi\u0119ki narz\u0119dziom Elfsight!\" \/>\n<meta property=\"og:url\" content=\"https:\/\/elfsight.com\/pl\/button-widget\/google-sites\/\" \/>\n<meta property=\"og:site_name\" content=\"Elfsight PL\" \/>\n<meta property=\"article:modified_time\" content=\"2025-06-26T14:21:43+00:00\" \/>\n<meta name=\"twitter:card\" content=\"summary_large_image\" \/>\n<meta name=\"twitter:label1\" content=\"Szacowany czas czytania\" \/>\n\t<meta name=\"twitter:data1\" content=\"3 minuty\" \/>\n<!-- \/ Yoast SEO plugin. -->","yoast_head_json":{"title":"Wid\u017cet wtyczki przycisku \u2014 dodaj wtyczk\u0119 przycisku do Witryn Google (2026)","description":"Przetestuj wtyczk\u0119 Elfsight Button do Witryn Google. Zdob\u0105d\u017a nowych subskrybent\u00f3w, zwi\u0119ksz sprzeda\u017c i spraw, aby Twoja firma odnios\u0142a sukces dzi\u0119ki narz\u0119dziom Elfsight!","robots":{"index":"index","follow":"follow","max-snippet":"max-snippet:-1","max-image-preview":"max-image-preview:large","max-video-preview":"max-video-preview:-1"},"canonical":"https:\/\/elfsight.com\/pl\/button-widget\/google-sites\/","og_locale":"pl_PL","og_type":"article","og_title":"Wid\u017cet wtyczki przycisku \u2014 dodaj wtyczk\u0119 przycisku do Witryn Google (2026)","og_description":"Przetestuj wtyczk\u0119 Elfsight Button do Witryn Google. Zdob\u0105d\u017a nowych subskrybent\u00f3w, zwi\u0119ksz sprzeda\u017c i spraw, aby Twoja firma odnios\u0142a sukces dzi\u0119ki narz\u0119dziom Elfsight!","og_url":"https:\/\/elfsight.com\/pl\/button-widget\/google-sites\/","og_site_name":"Elfsight PL","article_modified_time":"2025-06-26T14:21:43+00:00","twitter_card":"summary_large_image","twitter_misc":{"Szacowany czas czytania":"3 minuty"},"schema":{"@context":"https:\/\/schema.org","@graph":[{"@type":"WebPage","@id":"https:\/\/elfsight.com\/pl\/button-widget\/google-sites\/","url":"https:\/\/elfsight.com\/pl\/button-widget\/google-sites\/","name":"Wid\u017cet wtyczki przycisku \u2014 dodaj wtyczk\u0119 przycisku do Witryn Google (2026)","isPartOf":{"@id":"https:\/\/elfsight.com\/pl\/#website"},"datePublished":"2024-05-03T06:31:26+00:00","dateModified":"2025-06-26T14:21:43+00:00","description":"Przetestuj wtyczk\u0119 Elfsight Button do Witryn Google. Zdob\u0105d\u017a nowych subskrybent\u00f3w, zwi\u0119ksz sprzeda\u017c i spraw, aby Twoja firma odnios\u0142a sukces dzi\u0119ki narz\u0119dziom Elfsight!","breadcrumb":{"@id":"https:\/\/elfsight.com\/pl\/button-widget\/google-sites\/#breadcrumb"},"inLanguage":"pl-PL","potentialAction":[{"@type":"ReadAction","target":["https:\/\/elfsight.com\/pl\/button-widget\/google-sites\/"]}]},{"@type":"BreadcrumbList","@id":"https:\/\/elfsight.com\/pl\/button-widget\/google-sites\/#breadcrumb","itemListElement":[{"@type":"ListItem","position":1,"name":"Home","item":"https:\/\/elfsight.com\/pl\/"},{"@type":"ListItem","position":2,"name":"Button","item":"https:\/\/elfsight.com\/pl\/button-widget\/"},{"@type":"ListItem","position":3,"name":"Button &#8211; Google Sites"}]},{"@type":"WebSite","@id":"https:\/\/elfsight.com\/pl\/#website","url":"https:\/\/elfsight.com\/pl\/","name":"Elfsight PL","description":"Just another Elfsight Sites site","potentialAction":[{"@type":"SearchAction","target":{"@type":"EntryPoint","urlTemplate":"https:\/\/elfsight.com\/pl\/?s={search_term_string}"},"query-input":{"@type":"PropertyValueSpecification","valueRequired":true,"valueName":"search_term_string"}}],"inLanguage":"pl-PL"}]}},"meta_box":{"industry":"","seo_heading":"","heading":"","description":"","cta_heading":"","cta_description":"","application":"3353","h1":"Wtyczka przycisku Witryny Google","h1_caption":"Dodaj konfigurowalny przycisk wezwania do dzia\u0142ania, aby zach\u0119ca\u0107 do klikni\u0119\u0107 i bez wysi\u0142ku kierowa\u0107 u\u017cytkownik\u00f3w do konwersji w Witrynach Google.","application_category":[],"applications_title":"","applications_request_title":"","applications_request_button_text":"","hero_text":"","hero_video":"","hero_video_schema_markup":"","selling_points_title":"","selling_points_caption":"","selling_points":[],"selling_points_cta_text":"","features_title":"","features":"","ed_cta_examples_text":"","ed_cta_examples_hidden":"","ed_cta_demo_text":"","ed_cta_demo_hidden":"","why_caption":"","why_editor_title":"","why_editor_text":"","why_team_title":"","why_team_text":"","why_service_title":"","why_service_text":"","template_catalog_visible":"0","template_catalog_title":"","template_catalog_text":"","template_catalog_categories_visible":"","demo_title":"Mo\u017cesz utworzy\u0107 niestandardowy przycisk Witryny Google","demo_caption":"Spersonalizuj go i zaimplementuj wtyczk\u0119 na swojej stronie za pomoc\u0105 aktywnego demo.","default_faq_hidden":"","app_template_category":[],"platform":"484","template_public_id":"","codecanyon_url":"","codecanyon_item_id":"","codecanyon_price":"","pricing_caption":"","pricing_elfsight_apps_hide_column":"","pricing_elfsight_apps_url":"","pricing_codecanyon_price_caption":"","integration_category":[],"integration_request_title":"","integration_request_cta":"","integration_platform":"","integrations":[],"platform_category":[],"video_schema_markup":"","price":"od 0 USD \/ miesi\u0105c","trial":"","benefits":[{"text":"Bezp\u0142atna us\u0142uga monta\u017cu"},{"text":"Profesjonalna obs\u0142uga klienta"},{"text":"14-dniowa gwarancja zwrotu pieni\u0119dzy"}],"button_url":"#demo","button_target_blank":"0","button_nofollow":"0","attributes":[{"name":"Instaluje"},{"name":"Czu\u0142y"},{"name":"Kompatybilne przegl\u0105darki"}],"tags":[],"tags_disable_links":"0","hide_more_platforms":"0","video_object":"","demo_hide_cta":"0","demo_hide_cloud_options":"0","pricing_title":"","pricing":[{"pricing_icon":"platform","pricing_title":"Elfsight Apps","pricing_title_caption":"Wersja wieloplatformowa","pricing_price":"od 0 USD \/ miesi\u0105c","pricing_price_caption":"zacznij od bezp\u0142atnego planu","pricing_benefits":[{"text":"Nielimitowane domeny"},{"text":"Profesjonalne i terminowe wsparcie"},{"text":"Bezp\u0142atna us\u0142uga monta\u017cu"},{"text":"Elastyczny projekt"}],"pricing_button_text":"Dodaj do witryny","pricing_button_url":"#demo"}],"related_apps_title":"","related_apps_hidden":"0","author":"","image":[],"title":"","job":"","social_networks":[]},"_links":{"self":[{"href":"https:\/\/elfsight.com\/pl\/wp-json\/wp\/v2\/pages\/4560","targetHints":{"allow":["GET"]}}],"collection":[{"href":"https:\/\/elfsight.com\/pl\/wp-json\/wp\/v2\/pages"}],"about":[{"href":"https:\/\/elfsight.com\/pl\/wp-json\/wp\/v2\/types\/page"}],"author":[{"embeddable":true,"href":"https:\/\/elfsight.com\/pl\/wp-json\/wp\/v2\/users\/9"}],"replies":[{"embeddable":true,"href":"https:\/\/elfsight.com\/pl\/wp-json\/wp\/v2\/comments?post=4560"}],"version-history":[{"count":2,"href":"https:\/\/elfsight.com\/pl\/wp-json\/wp\/v2\/pages\/4560\/revisions"}],"predecessor-version":[{"id":10554,"href":"https:\/\/elfsight.com\/pl\/wp-json\/wp\/v2\/pages\/4560\/revisions\/10554"}],"up":[{"embeddable":true,"href":"https:\/\/elfsight.com\/pl\/wp-json\/wp\/v2\/pages\/3365"}],"wp:attachment":[{"href":"https:\/\/elfsight.com\/pl\/wp-json\/wp\/v2\/media?parent=4560"}],"curies":[{"name":"wp","href":"https:\/\/api.w.org\/{rel}","templated":true}]}}