{"id":4552,"date":"2024-05-03T06:31:22","date_gmt":"2024-05-03T06:31:22","guid":{"rendered":"https:\/\/elfsight.com\/pl\/?page_id=4552"},"modified":"2025-06-26T14:22:18","modified_gmt":"2025-06-26T14:22:18","slug":"jimdo","status":"publish","type":"page","link":"https:\/\/elfsight.com\/pl\/button-widget\/jimdo\/","title":{"rendered":"Button &#8211; Jimdo"},"content":{"rendered":"<div class=\"application-platform-content-item-description application-platform-content-item\" id=\"description\" data-nav-section=\"description\"> <h2>Opis<\/h2> <p>Przycisk Elfsight to narz\u0119dzie dla Jimdo umo\u017cliwiaj\u0105ce tworzenie r\u00f3\u017cnych przycisk\u00f3w do r\u00f3\u017cnych cel\u00f3w w Twojej witrynie. Istnieje mn\u00f3stwo dzia\u0142a\u0144, kt\u00f3re mo\u017cna podj\u0105\u0107, gdy tylko odwiedzaj\u0105cy witryn\u0119 kliknie przycisk. Mo\u017cna je na przyk\u0142ad wys\u0142a\u0107 na jaki\u015b adres URL, wybra\u0107 jaki\u015b numer, komunikowa\u0107 si\u0119 w znanym komunikatorze i nie tylko. Nasz przycisk mo\u017cna wyj\u0105tkowo personalizowa\u0107 &#8211; mo\u017cesz napisa\u0107 dowoln\u0105 wiadomo\u015b\u0107 i tre\u015b\u0107 wok\u00f3\u0142 przycisku oraz zmieni\u0107 jego rozmiar i styl. <\/p> <p><b>U\u017cyj anga\u017cuj\u0105cego przycisku, aby zwi\u0119kszy\u0107 sprzeda\u017c w swojej witrynie, zdoby\u0107 wi\u0119cej subskrybent\u00f3w w mediach spo\u0142eczno\u015bciowych i wiele wi\u0119cej! <\/b><\/p> <\/div> <div class=\"application-platform-content-item-features application-platform-content-item\" id=\"features\" data-nav-section=\"features\"> <h2>Wid\u017cet ma cenne i nieskomplikowane funkcje, oto niekt\u00f3re z nich: <\/h2> <ul><li>Dwa rodzaje pozycjonowania przycisk\u00f3w \u2013 osadzone i p\u0142ywaj\u0105ce<\/li><li>Mo\u017cliwo\u015b\u0107 dodania tre\u015bci wok\u00f3\u0142 przycisku<\/li><li>Etykieta mieszcz\u0105ca 2 linie<\/li><li>Ponad 8 wariant\u00f3w akcji po klikni\u0119ciu<\/li><\/ul><p><a href=\"#demo\">Mo\u017cesz zobaczy\u0107, czy wid\u017cet oferuje wypr\u00f3bowanie wersji demonstracyjnej<\/a><\/p> <\/div> <div class=\"application-platform-content-item-installation application-platform-content-item\" id=\"installation\" data-nav-section=\"installation\"> <h2>Jak doda\u0107 Button na mojej stronie internetowej Jimdo? <\/h2> <p>Wystarczy zastosowa\u0107 si\u0119 do poni\u017cszych instrukcji, aby wstawi\u0107 wid\u017cet. <\/p> <ol><li><b>Otw\u00f3rz nasze bezp\u0142atne demo i zacznij tworzy\u0107 spersonalizowany widget. <\/b><br> Znajd\u017a niestandardow\u0105 form\u0119 i cechy funkcjonalne wid\u017cetu i zastosuj zmiany. <\/li> <li><b>Zdob\u0105d\u017a sw\u00f3j indywidualny kod widoczny w pude\u0142ku w aplikacjach Elfsight. <\/b><br> Zaraz po zako\u0144czeniu tworzenia osobistego widgetu skopiuj ekskluzywny kod z wyskakuj\u0105cego okienka i zachowaj go do wykorzystania w przysz\u0142o\u015bci. <\/li> <li><b>Zacznij korzysta\u0107 z wid\u017cetu na swojej stronie g\u0142\u00f3wnej Jimdo. <\/b><br> Zaimplementuj skopiowany ostatnio kod na swojej stronie internetowej i zastosuj poprawki. <\/li> <li><b>Gotowe! Konfiguracja zosta\u0142a ca\u0142kowicie zako\u0144czona. <\/b><br> Przejd\u017a do swojej strony internetowej, aby sprawdzi\u0107 dzia\u0142anie wid\u017cetu. <\/li><\/ol> <p>W przypadku pyta\u0144 lub komplikacji nie wahaj si\u0119 skontaktowa\u0107 z naszym dzia\u0142em obs\u0142ugi klienta. Nasi specjali\u015bci z przyjemno\u015bci\u0105 odpowiedz\u0105 na wszystkie pytania dotycz\u0105ce produktu. <\/p> <div class=\"faq\" data-component=\"FAQ\"><div class=\"faq-item\">\r\n\t\t\t\t\t<div class=\"faq-item-question\">\r\n\t\t\t\t\t\t<h3 class=\"faq-item-question-text\">Jak doda\u0107 Button do mojej witryny Jimdo bez umiej\u0119tno\u015bci kodowania?<\/h3>\r\n\r\n\t\t\t\t\t\t<div class=\"faq-item-question-icon\"><\/div>\r\n\t\t\t\t\t<\/div>\r\n\r\n\t\t\t\t\t<div class=\"faq-item-answer\">\r\n\t\t\t\t\t\t<div class=\"faq-item-answer-text\"> <p>Elfsight zapewnia rozwi\u0105zanie SaaS, kt\u00f3re pozwala samodzielnie utworzy\u0107 wid\u017cet Button. Zobacz, jak \u0142atwy jest ten proces: Pracuj bezpo\u015brednio w edytorze online, aby utworzy\u0107 wid\u017cet przycisku, kt\u00f3ry chcia\u0142by\u015b zobaczy\u0107 na swojej stronie internetowej Jimdo. Wybierz jeden z gotowych szablon\u00f3w i dostosuj ustawienia przycisku, dodaj tre\u015b\u0107, zmie\u0144 uk\u0142ad i kolory bez umiej\u0119tno\u015bci kodowania. Zapisz przycisk i skopiuj jego kod instalacyjny, kt\u00f3ry mo\u017cesz bez problemu umie\u015bci\u0107 na swojej stronie Jimdo bez konieczno\u015bci zakupu p\u0142atnego planu. Dzi\u0119ki naszemu intuicyjnemu Edytorowi ka\u017cdy u\u017cytkownik Internetu mo\u017ce stworzy\u0107 wid\u017cet Przycisku online i \u0142atwo osadzi\u0107 go na swojej stronie internetowej Jimdo. Aby uzyska\u0107 dost\u0119p do us\u0142ugi, nie trzeba p\u0142aci\u0107 ani wprowadza\u0107 danych uwierzytelniaj\u0105cych karty. Je\u015bli na kt\u00f3rymkolwiek etapie napotkasz jakiekolwiek problemy, skontaktuj si\u0119 z naszym zespo\u0142em pomocy technicznej.<\/p> <\/div>\r\n\t\t\t\t\t<\/div>\r\n\t\t\t\t<\/div> <\/div><\/div>","protected":false},"excerpt":{"rendered":"","protected":false},"author":9,"featured_media":0,"parent":3365,"menu_order":0,"comment_status":"closed","ping_status":"closed","template":"templates\/template-application-platform.php","meta":{"publish_to_discourse":"","publish_post_category":"","wpdc_auto_publish_overridden":"","wpdc_topic_tags":"","wpdc_pin_topic":"","wpdc_pin_until":"","discourse_post_id":"","discourse_permalink":"","wpdc_publishing_response":"","wpdc_publishing_error":"","footnotes":""},"class_list":["post-4552","page","type-page","status-publish","hentry"],"yoast_head":"<!-- This site is optimized with the Yoast SEO plugin v25.3.1 - https:\/\/yoast.com\/wordpress\/plugins\/seo\/ -->\n<title>Wid\u017cet konstruktora przycisk\u00f3w - Dodaj wid\u017cet przycisku do Jimdo (2026)<\/title>\n<meta name=\"description\" content=\"Wid\u017cet przycisku testowego dla Jimdo. Zdob\u0105d\u017a nowych obserwuj\u0105cych, zwi\u0119ksz sprzeda\u017c i spraw, aby Tw\u00f3j biznes odni\u00f3s\u0142 sukces dzi\u0119ki narz\u0119dziom Elfsight!\" \/>\n<meta name=\"robots\" content=\"index, follow, max-snippet:-1, max-image-preview:large, max-video-preview:-1\" \/>\n<link rel=\"canonical\" href=\"https:\/\/elfsight.com\/pl\/button-widget\/jimdo\/\" \/>\n<meta property=\"og:locale\" content=\"pl_PL\" \/>\n<meta property=\"og:type\" content=\"article\" \/>\n<meta property=\"og:title\" content=\"Wid\u017cet konstruktora przycisk\u00f3w - Dodaj wid\u017cet przycisku do Jimdo (2026)\" \/>\n<meta property=\"og:description\" content=\"Wid\u017cet przycisku testowego dla Jimdo. Zdob\u0105d\u017a nowych obserwuj\u0105cych, zwi\u0119ksz sprzeda\u017c i spraw, aby Tw\u00f3j biznes odni\u00f3s\u0142 sukces dzi\u0119ki narz\u0119dziom Elfsight!\" \/>\n<meta property=\"og:url\" content=\"https:\/\/elfsight.com\/pl\/button-widget\/jimdo\/\" \/>\n<meta property=\"og:site_name\" content=\"Elfsight PL\" \/>\n<meta property=\"article:modified_time\" content=\"2025-06-26T14:22:18+00:00\" \/>\n<meta name=\"twitter:card\" content=\"summary_large_image\" \/>\n<meta name=\"twitter:label1\" content=\"Szacowany czas czytania\" \/>\n\t<meta name=\"twitter:data1\" content=\"3 minuty\" \/>\n<!-- \/ Yoast SEO plugin. -->","yoast_head_json":{"title":"Wid\u017cet konstruktora przycisk\u00f3w - Dodaj wid\u017cet przycisku do Jimdo (2026)","description":"Wid\u017cet przycisku testowego dla Jimdo. Zdob\u0105d\u017a nowych obserwuj\u0105cych, zwi\u0119ksz sprzeda\u017c i spraw, aby Tw\u00f3j biznes odni\u00f3s\u0142 sukces dzi\u0119ki narz\u0119dziom Elfsight!","robots":{"index":"index","follow":"follow","max-snippet":"max-snippet:-1","max-image-preview":"max-image-preview:large","max-video-preview":"max-video-preview:-1"},"canonical":"https:\/\/elfsight.com\/pl\/button-widget\/jimdo\/","og_locale":"pl_PL","og_type":"article","og_title":"Wid\u017cet konstruktora przycisk\u00f3w - Dodaj wid\u017cet przycisku do Jimdo (2026)","og_description":"Wid\u017cet przycisku testowego dla Jimdo. Zdob\u0105d\u017a nowych obserwuj\u0105cych, zwi\u0119ksz sprzeda\u017c i spraw, aby Tw\u00f3j biznes odni\u00f3s\u0142 sukces dzi\u0119ki narz\u0119dziom Elfsight!","og_url":"https:\/\/elfsight.com\/pl\/button-widget\/jimdo\/","og_site_name":"Elfsight PL","article_modified_time":"2025-06-26T14:22:18+00:00","twitter_card":"summary_large_image","twitter_misc":{"Szacowany czas czytania":"3 minuty"},"schema":{"@context":"https:\/\/schema.org","@graph":[{"@type":"WebPage","@id":"https:\/\/elfsight.com\/pl\/button-widget\/jimdo\/","url":"https:\/\/elfsight.com\/pl\/button-widget\/jimdo\/","name":"Wid\u017cet konstruktora przycisk\u00f3w - Dodaj wid\u017cet przycisku do Jimdo (2026)","isPartOf":{"@id":"https:\/\/elfsight.com\/pl\/#website"},"datePublished":"2024-05-03T06:31:22+00:00","dateModified":"2025-06-26T14:22:18+00:00","description":"Wid\u017cet przycisku testowego dla Jimdo. Zdob\u0105d\u017a nowych obserwuj\u0105cych, zwi\u0119ksz sprzeda\u017c i spraw, aby Tw\u00f3j biznes odni\u00f3s\u0142 sukces dzi\u0119ki narz\u0119dziom Elfsight!","breadcrumb":{"@id":"https:\/\/elfsight.com\/pl\/button-widget\/jimdo\/#breadcrumb"},"inLanguage":"pl-PL","potentialAction":[{"@type":"ReadAction","target":["https:\/\/elfsight.com\/pl\/button-widget\/jimdo\/"]}]},{"@type":"BreadcrumbList","@id":"https:\/\/elfsight.com\/pl\/button-widget\/jimdo\/#breadcrumb","itemListElement":[{"@type":"ListItem","position":1,"name":"Home","item":"https:\/\/elfsight.com\/pl\/"},{"@type":"ListItem","position":2,"name":"Button","item":"https:\/\/elfsight.com\/pl\/button-widget\/"},{"@type":"ListItem","position":3,"name":"Button &#8211; Jimdo"}]},{"@type":"WebSite","@id":"https:\/\/elfsight.com\/pl\/#website","url":"https:\/\/elfsight.com\/pl\/","name":"Elfsight PL","description":"Just another Elfsight Sites site","potentialAction":[{"@type":"SearchAction","target":{"@type":"EntryPoint","urlTemplate":"https:\/\/elfsight.com\/pl\/?s={search_term_string}"},"query-input":{"@type":"PropertyValueSpecification","valueRequired":true,"valueName":"search_term_string"}}],"inLanguage":"pl-PL"}]}},"meta_box":{"industry":"","seo_heading":"","heading":"","description":"","cta_heading":"","cta_description":"","application":"3353","h1":"Wid\u017cet przycisku Jimdo","h1_caption":"Dodaj konfigurowalny przycisk wezwania do dzia\u0142ania, aby zach\u0119ca\u0107 do klikni\u0119\u0107 i bez wysi\u0142ku kierowa\u0107 u\u017cytkownik\u00f3w w kierunku konwersji do Twojej witryny Jimdo.","application_category":[],"applications_title":"","applications_request_title":"","applications_request_button_text":"","hero_text":"","hero_video":"","hero_video_schema_markup":"","selling_points_title":"","selling_points_caption":"","selling_points":[],"selling_points_cta_text":"","features_title":"","features":"","ed_cta_examples_text":"","ed_cta_examples_hidden":"","ed_cta_demo_text":"","ed_cta_demo_hidden":"","why_caption":"","why_editor_title":"","why_editor_text":"","why_team_title":"","why_team_text":"","why_service_title":"","why_service_text":"","template_catalog_visible":"0","template_catalog_title":"","template_catalog_text":"","template_catalog_categories_visible":"","demo_title":"Nie wahaj si\u0119 zaprojektowa\u0107 w\u0142asnego przycisku Squarespace","demo_caption":"Dostosuj je i zintegruj narz\u0119dzie ze swoj\u0105 witryn\u0105, korzystaj\u0105c z wersji demonstracyjnej na \u017cywo.","default_faq_hidden":"","app_template_category":[],"platform":"193","template_public_id":"","codecanyon_url":"","codecanyon_item_id":"","codecanyon_price":"","pricing_caption":"","pricing_elfsight_apps_hide_column":"","pricing_elfsight_apps_url":"","pricing_codecanyon_price_caption":"","integration_category":[],"integration_request_title":"","integration_request_cta":"","integration_platform":"","integrations":[],"platform_category":[],"video_schema_markup":"","price":"od 0 USD \/ miesi\u0105c","trial":"","benefits":[{"text":"Bezp\u0142atna pomoc w instalacji"},{"text":"Profesjonalna obs\u0142uga klienta"},{"text":"14-dniowa gwarancja zwrotu pieni\u0119dzy"}],"button_url":"#demo","button_target_blank":"0","button_nofollow":"0","attributes":[{"name":"Instaluje"},{"name":"Czu\u0142y"},{"name":"Kompatybilne przegl\u0105darki"}],"tags":[],"tags_disable_links":"0","hide_more_platforms":"0","video_object":"","demo_hide_cta":"0","demo_hide_cloud_options":"0","pricing_title":"","pricing":[{"pricing_icon":"platform","pricing_title":"Elfsight Apps","pricing_title_caption":"Wersja wieloplatformowa, kt\u00f3ra dzia\u0142a na ka\u017cdej stronie internetowej","pricing_price":"od 0 USD \/ miesi\u0105c","pricing_price_caption":"zacznij od bezp\u0142atnego planu","pricing_benefits":[{"text":"Nielimitowane domeny"},{"text":"Profesjonalna i terminowa pomoc oraz dobrze udokumentowana"},{"text":"Bezp\u0142atna us\u0142uga monta\u017cu"},{"text":"100% konfigurowalny"}],"pricing_button_text":"Dodaj do witryny","pricing_button_url":"#demo"}],"related_apps_title":"","related_apps_hidden":"0","author":"","image":[],"title":"","job":"","social_networks":[]},"_links":{"self":[{"href":"https:\/\/elfsight.com\/pl\/wp-json\/wp\/v2\/pages\/4552","targetHints":{"allow":["GET"]}}],"collection":[{"href":"https:\/\/elfsight.com\/pl\/wp-json\/wp\/v2\/pages"}],"about":[{"href":"https:\/\/elfsight.com\/pl\/wp-json\/wp\/v2\/types\/page"}],"author":[{"embeddable":true,"href":"https:\/\/elfsight.com\/pl\/wp-json\/wp\/v2\/users\/9"}],"replies":[{"embeddable":true,"href":"https:\/\/elfsight.com\/pl\/wp-json\/wp\/v2\/comments?post=4552"}],"version-history":[{"count":2,"href":"https:\/\/elfsight.com\/pl\/wp-json\/wp\/v2\/pages\/4552\/revisions"}],"predecessor-version":[{"id":10555,"href":"https:\/\/elfsight.com\/pl\/wp-json\/wp\/v2\/pages\/4552\/revisions\/10555"}],"up":[{"embeddable":true,"href":"https:\/\/elfsight.com\/pl\/wp-json\/wp\/v2\/pages\/3365"}],"wp:attachment":[{"href":"https:\/\/elfsight.com\/pl\/wp-json\/wp\/v2\/media?parent=4552"}],"curies":[{"name":"wp","href":"https:\/\/api.w.org\/{rel}","templated":true}]}}