{"id":4551,"date":"2024-05-03T06:31:21","date_gmt":"2024-05-03T06:31:21","guid":{"rendered":"https:\/\/elfsight.com\/pl\/?page_id=4551"},"modified":"2025-06-26T13:57:41","modified_gmt":"2025-06-26T13:57:41","slug":"squarespace","status":"publish","type":"page","link":"https:\/\/elfsight.com\/pl\/business-hours-widget\/squarespace\/","title":{"rendered":"Business Hours &#8211; Squarespace"},"content":{"rendered":"<div class=\"application-platform-content-item-description application-platform-content-item\" id=\"description\" data-nav-section=\"description\"> <h2>Osad\u017a godziny pracy w Squarespace za pomoc\u0105 wtyczki Elfsight<\/h2> <p>Godziny pracy Elfsight dla Squarespace to prosty widget, kt\u00f3ry pomaga zaprojektuj \u0142adn\u0105 wizyt\u00f3wk\u0119 zawieraj\u0105c\u0105 najwa\u017cniejsze dane dotycz\u0105ce Twojej dzia\u0142alno\u015bci. Mo\u017cesz wy\u015bwietla\u0107 informacje o swoim statusie pracy i udost\u0119pnia\u0107 kontakty swoim klientom. Wid\u017cet umo\u017cliwia projektowanie przyjaznych dla u\u017cytkownika projekt\u00f3w, dzi\u0119ki czemu klienci mog\u0105 z \u0142atwo\u015bci\u0105 przegl\u0105da\u0107 wszystkie potrzebne informacje w skr\u00f3cie lub bardziej szczeg\u00f3\u0142owo.<\/p><p>Wspania\u0142y wid\u017cet zawiera kilka szablon\u00f3w, dzi\u0119ki czemu mo\u017cesz swobodnie wybiera\u0107 najlepsza opcja dla Twojej witryny. Ka\u017cdy szablon ma elastyczne ustawienia, kt\u00f3re pozwalaj\u0105 Ci stworzy\u0107 osobiste rozwi\u0105zanie z niezb\u0119dnymi opcjami, takimi jak przyciski zam\u00f3wienia i rejestracji. W\u0142\u0105czenie godzin pracy i kontakt\u00f3w Twojej firmy do Twojej witryny internetowej jest absolutnie \u0142atwe dzi\u0119ki Elfsight dzi\u0119ki przejrzystym samouczkom i wskaz\u00f3wkom. Ka\u017cdy w\u0142a\u015bciciel witryny mo\u017ce bezp\u0142atnie utworzy\u0107 i w\u0142\u0105czy\u0107 godziny pracy bez kodu.<\/p><p><b>Dodaj szczeg\u00f3\u0142y firmy do swojej witryny, aby zwi\u0119kszy\u0107 liczb\u0119 konwersji i lojalno\u015b\u0107 klient\u00f3w. Udost\u0119pniaj wa\u017cne informacje na temat godzin swojej aktywno\u015bci w przejrzysty spos\u00f3b na stronie internetowej. <\/b><\/p><p>Dzi\u0119ki temu wid\u017cetowi wbudowanemu w witryn\u0119 Squarespace mo\u017cesz sprawi\u0107, \u017ce Twoi klienci b\u0119d\u0105 lepiej informowani o okresach pracy i uzyskiwa\u0107 regularne sprzeda\u017ce. Poznaj szereg najbardziej widocznych korzy\u015bci dla swojej witryny, dodaj\u0105c do niej wid\u017cet godzin pracy.<\/p><ul><li><b>Niech Twoi klienci b\u0119d\u0105 zawsze na czas.<\/b> Zwi\u0119kszaj sprzeda\u017c, jednocze\u015bnie bycie zawsze tam w odpowiednich godzinach. Odwiedzaj\u0105cy Twoj\u0105 witryn\u0119 zapami\u0119taj\u0105 godziny Twojej dost\u0119pno\u015bci i b\u0119d\u0105 bardziej przekonani do dokonania udanego zakupu, gdy b\u0119d\u0105 gotowi. <\/li><li><b>Unikaj nieporozumie\u0144 zwi\u0105zanych z godzinami pracy.<\/b> Pokazywanie klientom prawid\u0142owych ram pracy sprawi, \u017ce b\u0119d\u0105 bardziej lojalni wobec Twojej firmy, poniewa\u017c b\u0119d\u0105 mogli zaplanowa\u0107 rezerwacj\u0119 lub wizyt\u0119 w Ty. Zapewni to wi\u0119ksz\u0105 sprzeda\u017c.<\/li><li><b>Wy\u015bwietlaj kontakty w wygodny spos\u00f3b.<\/b> Dodanie kontakt\u00f3w do godzin pracy bez kodu pozwala na lepsz\u0105 komunikacj\u0119 z odbiorcami i przyspieszenie sprzeda\u017cy. Poka\u017c, \u017ce jeste\u015b tutaj, aby odpowiedzie\u0107 na ich zapytania dotycz\u0105ce Twoich produkt\u00f3w i us\u0142ug, co zako\u0144czy si\u0119 wi\u0119kszym zaufaniem i aprobat\u0105. <\/li><\/ul><div class=\"faq\" data-component=\"FAQ\"><div class=\"faq-item\">\r\n\t\t\t\t\t<div class=\"faq-item-question\">\r\n\t\t\t\t\t\t<h3 class=\"faq-item-question-text\">Czy s\u0105 jakie\u015b inne wtyczki do Squarespace, kt\u00f3rych mog\u0119 u\u017cywa\u0107 w mojej witrynie?<\/h3>\r\n\r\n\t\t\t\t\t\t<div class=\"faq-item-question-icon\"><\/div>\r\n\t\t\t\t\t<\/div>\r\n\r\n\t\t\t\t\t<div class=\"faq-item-answer\">\r\n\t\t\t\t\t\t<div class=\"faq-item-answer-text\">Mo\u017cemy udost\u0119pni\u0107 Ci wiele doskonale dzia\u0142aj\u0105cych wtyczek, aby\u015b m\u00f3g\u0142 osi\u0105gn\u0105\u0107 dowolny cel na swojej stronie stron\u0119 internetow\u0105 i zwi\u0119kszy\u0107 sprzeda\u017c. Wypr\u00f3buj na przyk\u0142ad takie aplikacje jak: <a href=\"https:\/\/elfsight.com\/google-reviews-widget\/squarespace\/\" target=\"_blank\" rel=\"noopener\">Recenzje Google<\/a>, <a href=\"https:\/\/elfsight.com\/whatsapp-chat-widget\/squarespace\/\" target=\"_blank\" rel=\"noopener\">Czat WhatsApp<\/a>, <a href=\"https:\/\/elfsight.com \/event-calendar-widget\/squarespace\/\" target=\"_blank\" rel=\"noopener\">Kalendarz wydarze\u0144<\/a>, <a href=\"https:\/\/elfsight.com\/countdown-timer-widget\/squarespace\/\" target=\"_blank\" rel=\"noopener\">Licznik czasu<\/a>, <a href=\"https:\/\/elfsight.com\/qr-code-widget\/squarespace\/\" target=\"_blank\" rel=\"noopener\">Kod QR<\/a>. <\/div>\r\n\t\t\t\t\t<\/div>\r\n\t\t\t\t<\/div><div class=\"faq-item\">\r\n\t\t\t\t\t<div class=\"faq-item-question\">\r\n\t\t\t\t\t\t<h3 class=\"faq-item-question-text\">Jakie korzy\u015bci mog\u0119 uzyska\u0107 z dodania godzin pracy bez kodu do witryny Squarespace?<\/h3>\r\n\r\n\t\t\t\t\t\t<div class=\"faq-item-question-icon\"><\/div>\r\n\t\t\t\t\t<\/div>\r\n\r\n\t\t\t\t\t<div class=\"faq-item-answer\">\r\n\t\t\t\t\t\t<div class=\"faq-item-answer-text\">Masz dost\u0119p do wielu scenariuszy poprawiaj\u0105cych statystyki konwersji i sprzeda\u017c dzi\u0119ki godzinom pracy bez kodu. Dzi\u0119ki szablonom Elfsight dla tej wspania\u0142ej aplikacji mo\u017cesz wybra\u0107 niestandardow\u0105 taktyk\u0119 biznesow\u0105. Mo\u017cesz wy\u015bwietli\u0107 szczeg\u00f3\u0142owe informacje na temat godzin pracy i sposob\u00f3w skontaktowania si\u0119 z Tob\u0105 lub po prostu umie\u015bci\u0107 na stronie internetowej minimalistyczne wyskakuj\u0105ce okienko ze statusem aktywno\u015bci. Za pomoc\u0105 naszej aplikacji mo\u017cesz tworzy\u0107 karty kontaktowe i umieszcza\u0107 je w preferowanych obszarach witryny, aby przyci\u0105gn\u0105\u0107 uwag\u0119 i poinformowa\u0107 klient\u00f3w o statusie Twojej firmy i aktywno\u015bci sprzeda\u017cowej. <\/div>\r\n\t\t\t\t\t<\/div>\r\n\t\t\t\t<\/div><div class=\"faq-item\">\r\n\t\t\t\t\t<div class=\"faq-item-question\">\r\n\t\t\t\t\t\t<h3 class=\"faq-item-question-text\">Jak bezp\u0142atnie osadzi\u0107 godziny pracy bez kodu w Squarespace?<\/h3>\r\n\r\n\t\t\t\t\t\t<div class=\"faq-item-question-icon\"><\/div>\r\n\t\t\t\t\t<\/div>\r\n\r\n\t\t\t\t\t<div class=\"faq-item-answer\">\r\n\t\t\t\t\t\t<div class=\"faq-item-answer-text\">Integracja wtyczki godziny pracy bez kodu ze swoj\u0105 witryn\u0105 Squarespace to \u015bwietny spos\u00f3b na rozpocz\u0119cie komunikacji z klientami i poinformowanie ich o swojej wa\u017cny czas i status. Tutaj mo\u017cesz zobaczy\u0107 tutoriale dotycz\u0105ce dodawania wtyczki Godziny Pracy do swojej witryny. <ol><li>Aby bezp\u0142atnie doda\u0107 wtyczk\u0119 Elfsight Godziny pracy do Squarespace, przejd\u017a do witryny Elfsight i zarejestruj si\u0119.<\/li> <li>Dostosuj wtyczk\u0119, dostosowuj\u0105c jej wygl\u0105d i ustawienia tak, aby pasowa\u0142y do \u200b\u200bprojektu Twojej witryny .<\/li> <li>Po dostosowaniu wtyczki Godziny pracy skopiuj dostarczony kod i wklej go w miejscu, w kt\u00f3rym chcesz, aby wtyczka by\u0142a wy\u015bwietlana.<\/li>Dodaj\u0105c godziny pracy do swojej witryny Squarespace, mo\u017cesz zdecydowanie zwi\u0119kszy swoj\u0105 atrakcyjno\u015b\u0107 wizualn\u0105 i zwi\u0119kszy zaanga\u017cowanie odwiedzaj\u0105cych, a jednocze\u015bnie zwi\u0119kszy przychody. Wypr\u00f3buj zalety wtyczki Elfsight Business Hours na swojej stronie internetowej! <\/ol><\/div>\r\n\t\t\t\t\t<\/div>\r\n\t\t\t\t<\/div><\/div><\/div><div class=\"application-platform-content-item-features application-platform-content-item\" id=\"features\" data-nav-section=\"features\"> <h2>Przejrzyj list\u0119 najwa\u017cniejszych funkcji:<\/h2> <ul><li>Zaprezentuj aktualn\u0105 ofert\u0119 swojej firmy status pracy<\/li><li>Proste dostosowanie harmonogramu <\/li><li>Konfiguracja na specjalne okazje<\/li><li>Aktualny stan firmy<\/li><li>Wstawiany wykres godzin pracy lub status oszcz\u0119dzaj\u0105cy miejsce<\/li><\/ul><p><a href=\"#demo\">Wypr\u00f3buj wszystkie ustawienia w pe\u0142ni funkcjonalnej wersji demonstracyjnej<\/a><\/p> <\/div> <div class=\"application-platform-content-item-installation application-platform-content-item\" id=\"installation\" data-nav-section=\"installation\"> <h2>Jak czy mog\u0119 osadzi\u0107 godziny pracy w mojej witrynie Squarespace?<\/h2><p>Wystarczy post\u0119powa\u0107 zgodnie z poni\u017cszymi instrukcjami, aby osadzi\u0107 wtyczk\u0119.<\/p> <ol><li><b>Uruchom nasz edytor i zacznij tworzy\u0107 dostosowane godziny aktywno\u015bci pod\u0142\u0105cz. <\/b><br> Okre\u015bl niestandardowy wygl\u0105d i cechy funkcjonalne wtyczki i wprowad\u017a \u017c\u0105dane poprawki. <\/li> <li><b>Skopiuj osadzony kod osobisty, kt\u00f3ry pojawia si\u0119 w specjalnym formularzu w aplikacjach Elfsight.<\/b><br> Zaraz po utworzeniu wtyczki skopiuj indywidualny kod w wy\u015bwietlonym oknie i zachowaj go na przysz\u0142e potrzeby. <\/li> <li><b>Rozpocznij korzystanie z dodanej aplikacji na swojej stronie internetowej.<\/b><br> Wpisz otrzymany wcze\u015bniej kod na stronie g\u0142\u00f3wnej Squarespace i zapisz poprawki. <\/li> <li><b>Gotowe! Konfiguracja godzin pracy bez kodu zosta\u0142a zako\u0144czona.<\/b><br> Przejd\u017a do swojej witryny, aby zobaczy\u0107 w praktyce dzia\u0142anie wtyczki przyci\u0105gaj\u0105cej klient\u00f3w i sprzeda\u017c. <\/li><\/ol> <p>Je\u015bli napotkasz jakiekolwiek komplikacje zwi\u0105zane z wid\u017cetem Squarespace, skontaktuj si\u0119 z naszym zespo\u0142em pomocy. Nasi konsultanci z przyjemno\u015bci\u0105 pomog\u0105 Ci we wszystkich trudno\u015bciach, jakie mo\u017cesz mie\u0107 z widgetem. <\/p><\/div>","protected":false},"excerpt":{"rendered":"","protected":false},"author":9,"featured_media":0,"parent":3385,"menu_order":0,"comment_status":"closed","ping_status":"closed","template":"templates\/template-application-platform.php","meta":{"publish_to_discourse":"","publish_post_category":"","wpdc_auto_publish_overridden":"","wpdc_topic_tags":"","wpdc_pin_topic":"","wpdc_pin_until":"","discourse_post_id":"","discourse_permalink":"","wpdc_publishing_response":"","wpdc_publishing_error":"","footnotes":""},"class_list":["post-4551","page","type-page","status-publish","hentry"],"yoast_head":"<!-- This site is optimized with the Yoast SEO plugin v25.3.1 - https:\/\/yoast.com\/wordpress\/plugins\/seo\/ -->\n<title>Dodaj godziny pracy do Squarespace \u2014 osadzaj harmonogram na stronach<\/title>\n<meta name=\"description\" content=\"Osad\u017a konfigurowalny wid\u017cet godzin pracy w Squarespace, aby pokaza\u0107 bie\u017c\u0105cy status. Stw\u00f3rz swoj\u0105 osobist\u0105 aplikacj\u0119 dotycz\u0105c\u0105 godzin pracy w wersji demonstracyjnej.\" \/>\n<meta name=\"robots\" content=\"index, follow, max-snippet:-1, max-image-preview:large, max-video-preview:-1\" \/>\n<link rel=\"canonical\" href=\"https:\/\/elfsight.com\/pl\/business-hours-widget\/squarespace\/\" \/>\n<meta property=\"og:locale\" content=\"pl_PL\" \/>\n<meta property=\"og:type\" content=\"article\" \/>\n<meta property=\"og:title\" content=\"Dodaj godziny pracy do Squarespace \u2014 osadzaj harmonogram na stronach\" \/>\n<meta property=\"og:description\" content=\"Osad\u017a konfigurowalny wid\u017cet godzin pracy w Squarespace, aby pokaza\u0107 bie\u017c\u0105cy status. Stw\u00f3rz swoj\u0105 osobist\u0105 aplikacj\u0119 dotycz\u0105c\u0105 godzin pracy w wersji demonstracyjnej.\" \/>\n<meta property=\"og:url\" content=\"https:\/\/elfsight.com\/pl\/business-hours-widget\/squarespace\/\" \/>\n<meta property=\"og:site_name\" content=\"Elfsight PL\" \/>\n<meta property=\"article:modified_time\" content=\"2025-06-26T13:57:41+00:00\" \/>\n<meta name=\"twitter:card\" content=\"summary_large_image\" \/>\n<meta name=\"twitter:label1\" content=\"Szacowany czas czytania\" \/>\n\t<meta name=\"twitter:data1\" content=\"5 minut\" \/>\n<!-- \/ Yoast SEO plugin. -->","yoast_head_json":{"title":"Dodaj godziny pracy do Squarespace \u2014 osadzaj harmonogram na stronach","description":"Osad\u017a konfigurowalny wid\u017cet godzin pracy w Squarespace, aby pokaza\u0107 bie\u017c\u0105cy status. Stw\u00f3rz swoj\u0105 osobist\u0105 aplikacj\u0119 dotycz\u0105c\u0105 godzin pracy w wersji demonstracyjnej.","robots":{"index":"index","follow":"follow","max-snippet":"max-snippet:-1","max-image-preview":"max-image-preview:large","max-video-preview":"max-video-preview:-1"},"canonical":"https:\/\/elfsight.com\/pl\/business-hours-widget\/squarespace\/","og_locale":"pl_PL","og_type":"article","og_title":"Dodaj godziny pracy do Squarespace \u2014 osadzaj harmonogram na stronach","og_description":"Osad\u017a konfigurowalny wid\u017cet godzin pracy w Squarespace, aby pokaza\u0107 bie\u017c\u0105cy status. Stw\u00f3rz swoj\u0105 osobist\u0105 aplikacj\u0119 dotycz\u0105c\u0105 godzin pracy w wersji demonstracyjnej.","og_url":"https:\/\/elfsight.com\/pl\/business-hours-widget\/squarespace\/","og_site_name":"Elfsight PL","article_modified_time":"2025-06-26T13:57:41+00:00","twitter_card":"summary_large_image","twitter_misc":{"Szacowany czas czytania":"5 minut"},"schema":{"@context":"https:\/\/schema.org","@graph":[{"@type":"WebPage","@id":"https:\/\/elfsight.com\/pl\/business-hours-widget\/squarespace\/","url":"https:\/\/elfsight.com\/pl\/business-hours-widget\/squarespace\/","name":"Dodaj godziny pracy do Squarespace \u2014 osadzaj harmonogram na stronach","isPartOf":{"@id":"https:\/\/elfsight.com\/pl\/#website"},"datePublished":"2024-05-03T06:31:21+00:00","dateModified":"2025-06-26T13:57:41+00:00","description":"Osad\u017a konfigurowalny wid\u017cet godzin pracy w Squarespace, aby pokaza\u0107 bie\u017c\u0105cy status. Stw\u00f3rz swoj\u0105 osobist\u0105 aplikacj\u0119 dotycz\u0105c\u0105 godzin pracy w wersji demonstracyjnej.","breadcrumb":{"@id":"https:\/\/elfsight.com\/pl\/business-hours-widget\/squarespace\/#breadcrumb"},"inLanguage":"pl-PL","potentialAction":[{"@type":"ReadAction","target":["https:\/\/elfsight.com\/pl\/business-hours-widget\/squarespace\/"]}]},{"@type":"BreadcrumbList","@id":"https:\/\/elfsight.com\/pl\/business-hours-widget\/squarespace\/#breadcrumb","itemListElement":[{"@type":"ListItem","position":1,"name":"Home","item":"https:\/\/elfsight.com\/pl\/"},{"@type":"ListItem","position":2,"name":"Business Hours","item":"https:\/\/elfsight.com\/pl\/business-hours-widget\/"},{"@type":"ListItem","position":3,"name":"Business Hours &#8211; Squarespace"}]},{"@type":"WebSite","@id":"https:\/\/elfsight.com\/pl\/#website","url":"https:\/\/elfsight.com\/pl\/","name":"Elfsight PL","description":"Just another Elfsight Sites site","potentialAction":[{"@type":"SearchAction","target":{"@type":"EntryPoint","urlTemplate":"https:\/\/elfsight.com\/pl\/?s={search_term_string}"},"query-input":{"@type":"PropertyValueSpecification","valueRequired":true,"valueName":"search_term_string"}}],"inLanguage":"pl-PL"}]}},"meta_box":{"industry":"","seo_heading":"","heading":"","description":"","cta_heading":"","cta_description":"","application":"3354","h1":"Wtyczka Godziny pracy Squarespace","h1_caption":"Wy\u015bwietlaj godziny pracy w przejrzystym i atrakcyjnym formacie, aby bez wysi\u0142ku informowa\u0107 odwiedzaj\u0105cych o Twojej dost\u0119pno\u015bci w witrynie Squarespace.","application_category":[],"applications_title":"","applications_request_title":"","applications_request_button_text":"","hero_text":"","hero_video":"","hero_video_schema_markup":"","selling_points_title":"","selling_points_caption":"","selling_points":[],"selling_points_cta_text":"","features_title":"","features":"","ed_cta_examples_text":"","ed_cta_examples_hidden":"","ed_cta_demo_text":"","ed_cta_demo_hidden":"","why_caption":"","why_editor_title":"","why_editor_text":"","why_team_title":"","why_team_text":"","why_service_title":"","why_service_text":"","template_catalog_visible":"0","template_catalog_title":"","template_catalog_text":"","template_catalog_categories_visible":"","demo_title":"Mo\u017cesz swobodnie tworzy\u0107 niestandardowe godziny pracy Squarespace","demo_caption":"Dostosuj go i zaimplementuj wid\u017cet na swojej stronie Squarespace, korzystaj\u0105c z wersji demonstracyjnej na \u017cywo.","default_faq_hidden":"","app_template_category":[],"platform":"7588","template_public_id":"","codecanyon_url":"","codecanyon_item_id":"","codecanyon_price":"","pricing_caption":"","pricing_elfsight_apps_hide_column":"","pricing_elfsight_apps_url":"","pricing_codecanyon_price_caption":"","integration_category":[],"integration_request_title":"","integration_request_cta":"","integration_platform":"","integrations":[],"platform_category":[],"video_schema_markup":"","price":"od 0 USD \/ miesi\u0105c","trial":"","benefits":[{"text":"Bezp\u0142atna us\u0142uga monta\u017cu"},{"text":"Wsparcie premium"},{"text":"14-dniowa gwarancja zwrotu pieni\u0119dzy"}],"button_url":"#demo","button_target_blank":"0","button_nofollow":"0","attributes":[{"name":"Instaluje"},{"name":"Czu\u0142y"},{"name":"Kompatybilne przegl\u0105darki"}],"tags":[],"tags_disable_links":"0","hide_more_platforms":"0","video_object":"","demo_hide_cta":"0","demo_hide_cloud_options":"0","pricing_title":"","pricing":[{"pricing_icon":"platform","pricing_title":"Elfsight Apps","pricing_title_caption":"Oprogramowanie wieloplatformowe, kt\u00f3re dzia\u0142a na dowolnej stronie internetowej","pricing_price":"od 0 USD \/ miesi\u0105c","pricing_price_caption":"zacznij od bezp\u0142atnego planu","pricing_benefits":[{"text":"Nielimitowane strony internetowe"},{"text":"Najwy\u017csza obs\u0142uga klienta"},{"text":"Bezp\u0142atna us\u0142uga monta\u017cu"},{"text":"W pe\u0142ni konfigurowalny"}],"pricing_button_text":"Dodaj do witryny","pricing_button_url":"#demo"}],"related_apps_title":"","related_apps_hidden":"0","author":"","image":[],"title":"","job":"","social_networks":[]},"_links":{"self":[{"href":"https:\/\/elfsight.com\/pl\/wp-json\/wp\/v2\/pages\/4551","targetHints":{"allow":["GET"]}}],"collection":[{"href":"https:\/\/elfsight.com\/pl\/wp-json\/wp\/v2\/pages"}],"about":[{"href":"https:\/\/elfsight.com\/pl\/wp-json\/wp\/v2\/types\/page"}],"author":[{"embeddable":true,"href":"https:\/\/elfsight.com\/pl\/wp-json\/wp\/v2\/users\/9"}],"replies":[{"embeddable":true,"href":"https:\/\/elfsight.com\/pl\/wp-json\/wp\/v2\/comments?post=4551"}],"version-history":[{"count":1,"href":"https:\/\/elfsight.com\/pl\/wp-json\/wp\/v2\/pages\/4551\/revisions"}],"predecessor-version":[{"id":4555,"href":"https:\/\/elfsight.com\/pl\/wp-json\/wp\/v2\/pages\/4551\/revisions\/4555"}],"up":[{"embeddable":true,"href":"https:\/\/elfsight.com\/pl\/wp-json\/wp\/v2\/pages\/3385"}],"wp:attachment":[{"href":"https:\/\/elfsight.com\/pl\/wp-json\/wp\/v2\/media?parent=4551"}],"curies":[{"name":"wp","href":"https:\/\/api.w.org\/{rel}","templated":true}]}}