{"id":4550,"date":"2024-05-03T06:31:20","date_gmt":"2024-05-03T06:31:20","guid":{"rendered":"https:\/\/elfsight.com\/pl\/?page_id=4550"},"modified":"2024-12-26T14:34:29","modified_gmt":"2024-12-26T14:34:29","slug":"elementor","status":"publish","type":"page","link":"https:\/\/elfsight.com\/pl\/business-hours-widget\/elementor\/","title":{"rendered":"Business Hours &#8211; Elementor"},"content":{"rendered":"\n<div class=\"application-platform-content-item-description application-platform-content-item\" id=\"description\" data-nav-section=\"description\"> <h2>Osad\u017a godziny pracy w Elementorze za pomoc\u0105 wid\u017cetu Elfsight<\/h2> <p>Godziny pracy Elfsight dla Elementora to prosty widget niewymagaj\u0105cy kodu, umo\u017cliwiaj\u0105cy mo\u017cesz skonstruowa\u0107 przyci\u0105gaj\u0105c\u0105 wzrok wizyt\u00f3wk\u0119 zawieraj\u0105c\u0105 najwa\u017cniejsze szczeg\u00f3\u0142y dotycz\u0105ce Twojej pracy. Mo\u017cesz udost\u0119pnia\u0107 informacje o aktualnym statusie swojej firmy oraz udost\u0119pnia\u0107 kontakty swoim klientom. Wid\u017cet pozwala na projektowanie przyjaznych dla u\u017cytkownika projekt\u00f3w, dzi\u0119ki kt\u00f3rym klienci mog\u0105 \u0142atwo znale\u017a\u0107 wszystkie potrzebne informacje w skr\u00f3cie lub bardziej szczeg\u00f3\u0142owo. <\/p><p>Doskona\u0142y widget oferuje kilka szablon\u00f3w, dzi\u0119ki czemu mo\u017cesz wybra\u0107 najbardziej efektywn\u0105 opcj\u0119 dla swojej witryny. Ka\u017cdy szablon ma elastyczne ustawienia, kt\u00f3re pomog\u0105 Ci stworzy\u0107 osobisty widget z wymaganymi elementami, takimi jak przyciski zam\u00f3wienia i rejestracji, kt\u00f3re zwi\u0119kszaj\u0105 sprzeda\u017c. Dodawanie okres\u00f3w pracy i danych kontaktowych Twojej firmy do Twojej witryny internetowej jest z Elfsight absolutnie \u0142atwe dzi\u0119ki przejrzystym samouczkom i instrukcjom. Ka\u017cdy u\u017cytkownik mo\u017ce opracowa\u0107 i osadzi\u0107 wid\u017cet godzin pracy niewymagaj\u0105cy kodu<\/p> <p><b>Zintegruj szczeg\u00f3\u0142y firmy ze swoj\u0105 witryn\u0105, aby zwi\u0119kszy\u0107 sprzeda\u017c i lojalno\u015b\u0107 klient\u00f3w. Starannie podawaj wa\u017cne informacje na temat okres\u00f3w pracy.<\/b><\/p> <p>Dzi\u0119ki temu rozwi\u0105zaniu wbudowanemu w witryn\u0119 Elementor mo\u017cesz zwi\u0119kszy\u0107 \u015bwiadomo\u015b\u0107 odbiorc\u00f3w na temat swoich proces\u00f3w i zapewni\u0107 lepsz\u0105 sprzeda\u017c. Dowiedz si\u0119 o najwi\u0119kszych pozytywnych skutkach dla Twojej witryny, dodaj\u0105c do niej wid\u017cet bezp\u0142atnych godzin pracy. <\/p><ul><li><b>Niech klienci zawsze dotr\u0105 na czas.<\/b> Zwi\u0119kszaj sprzeda\u017c dzi\u0119ki ci\u0105g\u0142ej obecno\u015bci w okre\u015blonych okresach pracy. Odwiedzaj\u0105cy Twoj\u0105 witryn\u0119 zapami\u0119taj\u0105 godziny dost\u0119pno\u015bci i nabior\u0105 pewno\u015bci, \u017ce dokonaj\u0105 udanego zakupu, gdy b\u0119d\u0105 gotowi. <\/li><li><b>Unikaj zamieszania co do godzin pracy.<\/b> Pokazywanie klientom na stronie przyzwoitych godzin pracy sprawi, \u017ce b\u0119d\u0105 bardziej lojalni wobec Twojej organizacji, poniewa\u017c b\u0119d\u0105 mogli zaplanowa\u0107 rezerwacj\u0119 lub wizyt\u0119 u ciebie. <\/li><li><b>Podawaj dane kontaktowe w wygodny spos\u00f3b.<\/b> Dodanie informacji kontaktowych do wid\u017cetu godzin pracy bez kodu pozwala przyspieszy\u0107 sprzeda\u017c. Poka\u017c, \u017ce jeste\u015b tutaj, aby odpowiedzie\u0107 na ich obawy dotycz\u0105ce produkt\u00f3w i us\u0142ug Twojej firmy, co zako\u0144czy si\u0119 wi\u0119ksz\u0105 lojalno\u015bci\u0105 i szacunkiem. <\/li><\/ul><div class=\"faq\" data-component=\"FAQ\"><div class=\"faq-item\">\r\n\t\t\t\t\t<div class=\"faq-item-question\">\r\n\t\t\t\t\t\t<h3 class=\"faq-item-question-text\">Czy s\u0105 jakie\u015b inne wtyczki do Elementora, kt\u00f3re mog\u0119 osadzi\u0107 na mojej stronie internetowej?<\/h3>\r\n\r\n\t\t\t\t\t\t<div class=\"faq-item-question-icon\"><\/div>\r\n\t\t\t\t\t<\/div>\r\n\r\n\t\t\t\t\t<div class=\"faq-item-answer\">\r\n\t\t\t\t\t\t<div class=\"faq-item-answer-text\">Mo\u017cemy udost\u0119pni\u0107 Ci wiele wtyczek, aby\u015b m\u00f3g\u0142 osi\u0105gn\u0105\u0107 dowolny cel na swojej stronie strona internetowa. Oto kilka przyk\u0142ad\u00f3w: <a href=\"https:\/\/elfsight.com\/pl\/google-reviews-widget\/elementor\/\" target=\"_blank\" rel=\"noopener\">Recenzje Google<\/a>, <a href=\"https:\/\/elfsight.com\/pl\/whatsapp-chat-widget\/elementor\/\" target=\"_blank\" rel=\"noopener\">Czat WhatsApp<\/a>, <a href=\"https:\/\/elfsight.com\/pl\/event-calendar-widget\/elementor\/\" target=\"_blank\" rel=\"noopener\">Kalendarz wydarze\u0144<\/a>, <a href=\"https:\/\/elfsight.com\/pl\/countdown-timer-widget\/elementor\/\" target=\" _blank\" rel=\"noopener\">Licznik czasu<\/a>, <a href=\"https:\/\/elfsight.com\/pl\/qr-code-widget\/elementor\/\" target=\"_blank\" rel=\"noopener\">Kod QR <\/a>. <\/div>\r\n\t\t\t\t\t<\/div>\r\n\t\t\t\t<\/div><div class=\"faq-item\">\r\n\t\t\t\t\t<div class=\"faq-item-question\">\r\n\t\t\t\t\t\t<h3 class=\"faq-item-question-text\">Jak mog\u0119 osi\u0105gn\u0105\u0107 wyniki dzi\u0119ki Godzinom pracy w Elementorze?<\/h3>\r\n\r\n\t\t\t\t\t\t<div class=\"faq-item-question-icon\"><\/div>\r\n\t\t\t\t\t<\/div>\r\n\r\n\t\t\t\t\t<div class=\"faq-item-answer\">\r\n\t\t\t\t\t\t<div class=\"faq-item-answer-text\">Dodaj\u0105c wtyczk\u0119 Godziny pracy, masz dost\u0119p do wielu sposob\u00f3w poprawy wsp\u00f3\u0142czynnik\u00f3w konwersji i wynik\u00f3w sprzeda\u017cy. Dzi\u0119ki szablonom Elfsight dla tej wspania\u0142ej wtyczki do stron internetowych mo\u017cna wybra\u0107 indywidualn\u0105 strategi\u0119 biznesow\u0105. Mo\u017cesz albo przedstawi\u0107 szczeg\u00f3\u0142owe informacje na temat godzin pracy i sposob\u00f3w skontaktowania si\u0119 z Tob\u0105, albo po prostu umie\u015bci\u0107 minimalistyczny pasek stanu operacyjnego. Mo\u017cesz tworzy\u0107 karty kontaktowe za pomoc\u0105 wtyczki godzin pracy i dodawa\u0107 je do wybranych lokalizacji na stronach internetowych, aby przyci\u0105gn\u0105\u0107 uwag\u0119 i poinformowa\u0107 klient\u00f3w o Twojej dzia\u0142alno\u015bci biznesowej, co zainspiruje sprzeda\u017c. <\/div>\r\n\t\t\t\t\t<\/div>\r\n\t\t\t\t<\/div><div class=\"faq-item\">\r\n\t\t\t\t\t<div class=\"faq-item-question\">\r\n\t\t\t\t\t\t<h3 class=\"faq-item-question-text\">Jak bezp\u0142atnie osadzi\u0107 godziny pracy w witrynach Elementor?<\/h3>\r\n\r\n\t\t\t\t\t\t<div class=\"faq-item-question-icon\"><\/div>\r\n\t\t\t\t\t<\/div>\r\n\r\n\t\t\t\t\t<div class=\"faq-item-answer\">\r\n\t\t\t\t\t\t<div class=\"faq-item-answer-text\">W\u0142\u0105czenie godzin pracy do witryny Elementor to doskona\u0142a metoda rozpocz\u0119cia komunikacji z odwiedzaj\u0105cymi i poinformowania ich o wa\u017cnym czasie i statusie, aby dokona\u0107 sprzeda\u017cy lub oferowania us\u0142ug. Poni\u017cej znajduj\u0105 si\u0119 tutoriale dotycz\u0105ce dodania wtyczki \u201eNo Code Hours\u201d do Twojej witryny. <ol><li>Je\u015bli chcesz bezp\u0142atnie w\u0142\u0105czy\u0107 godziny pracy Elfsight do Elementora, przejd\u017a do strony internetowej Elfsight i zarejestruj si\u0119. <\/li><li>Stw\u00f3rz bezp\u0142atn\u0105 wtyczk\u0119 godzin aktywno\u015bci, dostosowuj\u0105c jej wygl\u0105d i ustawienia do projektu witryny Elementor. <\/li><li>Po dostosowaniu godzin pracy skopiuj wygenerowany kod i wklej go na swojej stronie internetowej Elementor, w miejscu, w kt\u00f3rym ma si\u0119 pojawia\u0107 wtyczka. <\/li><\/ol>Dodaj\u0105c godziny pracy do swojej witryny Elementor, z pewno\u015bci\u0105 poprawisz jej atrakcyjno\u015b\u0107 wizualn\u0105 i zainspirujesz do trwa\u0142ego zaanga\u017cowania klient\u00f3w. Poznaj korzy\u015bci p\u0142yn\u0105ce z wtyczki Elfsight Business Hours bezp\u0142atnie! <\/div>\r\n\t\t\t\t\t<\/div>\r\n\t\t\t\t<\/div><\/div><\/div><div class=\"application-platform-content-item-features application-platform-content-item\" id=\"features\" data-nav-section=\"features\"> <h2>Widget oferuje przydatne i nieskomplikowane funkcje, oto niekt\u00f3re z nich:<\/h2> <ul><li>Zaprezentuj swoj\u0105 firm\u0119 &#8217; status w czasie rzeczywistym<\/li><li>Prosta regulacja okresu pracy <\/li><li>Konfiguracja dni specjalnych<\/li><li>Wskazywanie aktywno\u015bci w czasie rzeczywistym<\/li><li>Wbudowana tabela lub status kompaktowy <\/li><\/ul><p><a href=\"#demo\">Po prostu wypr\u00f3buj t\u0119 wersj\u0119 demonstracyjn\u0105, aby zobaczy\u0107, ile wart jest wid\u017cet<\/a><\/p><\/div> <div class=\"application-platform-content-item-installation application-platform-content-item\" id=\"installation\" data-nav-section=\"installation\"> <h2>Jak osadzi\u0107 godziny pracy w mojej witrynie Elementor?<\/h2> <p>Wystarczy zastosowa\u0107 si\u0119 do poni\u017cszych instrukcji, aby zintegrowa\u0107 wtyczk\u0119 z okresami dost\u0119pno\u015bci.<\/p> <ol><li><b> Skorzystaj z naszej wersji demonstracyjnej i zacznij tworzy\u0107 w\u0142asn\u0105 wtyczk\u0119 bez kodu.<\/b><br> Okre\u015bl preferowany uk\u0142ad i specyfikacje wtyczki oraz zapisz modyfikacje. <\/li> <li><b>Odbierz indywidualny kod pojawiaj\u0105cy si\u0119 w oknie aplikacji Elfsight.<\/b><br> Po zako\u0144czeniu tworzenia wid\u017cetu godzin pracy bez kodu skopiuj kod z wy\u015bwietlonego okna i zapisz To. <\/li> <li><b>Zacznij u\u017cywa\u0107 wtyczki na swojej stronie Elementor.<\/b><br> Zintegruj ostatnio skopiowany kod ze swoj\u0105 stron\u0105 g\u0142\u00f3wn\u0105 i zapisz zmiany. <\/li> <li><b>Gotowe! Osadzanie godzin pracy bez kodu zosta\u0142o pomy\u015blnie wykonane.<\/b><br> Odwied\u017a swoj\u0105 witryn\u0119, aby sprawdzi\u0107, jak dzia\u0142a aplikacja dodana do godzin pracy. <\/li><\/ol> <p>W przypadku napotkania jakichkolwiek komplikacji nie wahaj si\u0119 zwr\u00f3ci\u0107 do naszego zespo\u0142u obs\u0142ugi klienta. Nasi konsultanci ch\u0119tnie pomog\u0105 Ci we wszystkich pytaniach zwi\u0105zanych z wtyczk\u0105 do Elementora. <\/p><\/div>\n","protected":false},"excerpt":{"rendered":"","protected":false},"author":9,"featured_media":0,"parent":3385,"menu_order":0,"comment_status":"closed","ping_status":"closed","template":"templates\/template-application-platform.php","meta":{"publish_to_discourse":"","publish_post_category":"","wpdc_auto_publish_overridden":"","wpdc_topic_tags":"","wpdc_pin_topic":"","wpdc_pin_until":"","discourse_post_id":"","discourse_permalink":"","wpdc_publishing_response":"","wpdc_publishing_error":"","footnotes":""},"class_list":["post-4550","page","type-page","status-publish","hentry"],"yoast_head":"<!-- This site is optimized with the Yoast SEO plugin v25.3.1 - https:\/\/yoast.com\/wordpress\/plugins\/seo\/ -->\n<title>Dodaj godziny pracy do Elementora \u2014 umie\u015b\u0107 dane kontaktowe na stronie<\/title>\n<meta name=\"description\" content=\"Zintegruj regulowan\u0105 aplikacj\u0119 Godziny pracy z Elementorem, aby pokaza\u0107 status swojej aktywno\u015bci. Stw\u00f3rz swoje osobiste godziny pracy w wersji demonstracyjnej.\" \/>\n<meta name=\"robots\" content=\"index, follow, max-snippet:-1, max-image-preview:large, max-video-preview:-1\" \/>\n<link rel=\"canonical\" href=\"https:\/\/elfsight.com\/pl\/business-hours-widget\/elementor\/\" \/>\n<meta property=\"og:locale\" content=\"pl_PL\" \/>\n<meta property=\"og:type\" content=\"article\" \/>\n<meta property=\"og:title\" content=\"Dodaj godziny pracy do Elementora \u2014 umie\u015b\u0107 dane kontaktowe na stronie\" \/>\n<meta property=\"og:description\" content=\"Zintegruj regulowan\u0105 aplikacj\u0119 Godziny pracy z Elementorem, aby pokaza\u0107 status swojej aktywno\u015bci. Stw\u00f3rz swoje osobiste godziny pracy w wersji demonstracyjnej.\" \/>\n<meta property=\"og:url\" content=\"https:\/\/elfsight.com\/pl\/business-hours-widget\/elementor\/\" \/>\n<meta property=\"og:site_name\" content=\"Elfsight PL\" \/>\n<meta property=\"article:modified_time\" content=\"2024-12-26T14:34:29+00:00\" \/>\n<meta name=\"twitter:card\" content=\"summary_large_image\" \/>\n<meta name=\"twitter:label1\" content=\"Szacowany czas czytania\" \/>\n\t<meta name=\"twitter:data1\" content=\"5 minut\" \/>\n<!-- \/ Yoast SEO plugin. -->","yoast_head_json":{"title":"Dodaj godziny pracy do Elementora \u2014 umie\u015b\u0107 dane kontaktowe na stronie","description":"Zintegruj regulowan\u0105 aplikacj\u0119 Godziny pracy z Elementorem, aby pokaza\u0107 status swojej aktywno\u015bci. Stw\u00f3rz swoje osobiste godziny pracy w wersji demonstracyjnej.","robots":{"index":"index","follow":"follow","max-snippet":"max-snippet:-1","max-image-preview":"max-image-preview:large","max-video-preview":"max-video-preview:-1"},"canonical":"https:\/\/elfsight.com\/pl\/business-hours-widget\/elementor\/","og_locale":"pl_PL","og_type":"article","og_title":"Dodaj godziny pracy do Elementora \u2014 umie\u015b\u0107 dane kontaktowe na stronie","og_description":"Zintegruj regulowan\u0105 aplikacj\u0119 Godziny pracy z Elementorem, aby pokaza\u0107 status swojej aktywno\u015bci. Stw\u00f3rz swoje osobiste godziny pracy w wersji demonstracyjnej.","og_url":"https:\/\/elfsight.com\/pl\/business-hours-widget\/elementor\/","og_site_name":"Elfsight PL","article_modified_time":"2024-12-26T14:34:29+00:00","twitter_card":"summary_large_image","twitter_misc":{"Szacowany czas czytania":"5 minut"},"schema":{"@context":"https:\/\/schema.org","@graph":[{"@type":"WebPage","@id":"https:\/\/elfsight.com\/pl\/business-hours-widget\/elementor\/","url":"https:\/\/elfsight.com\/pl\/business-hours-widget\/elementor\/","name":"Dodaj godziny pracy do Elementora \u2014 umie\u015b\u0107 dane kontaktowe na stronie","isPartOf":{"@id":"https:\/\/elfsight.com\/pl\/#website"},"datePublished":"2024-05-03T06:31:20+00:00","dateModified":"2024-12-26T14:34:29+00:00","description":"Zintegruj regulowan\u0105 aplikacj\u0119 Godziny pracy z Elementorem, aby pokaza\u0107 status swojej aktywno\u015bci. Stw\u00f3rz swoje osobiste godziny pracy w wersji demonstracyjnej.","breadcrumb":{"@id":"https:\/\/elfsight.com\/pl\/business-hours-widget\/elementor\/#breadcrumb"},"inLanguage":"pl-PL","potentialAction":[{"@type":"ReadAction","target":["https:\/\/elfsight.com\/pl\/business-hours-widget\/elementor\/"]}]},{"@type":"BreadcrumbList","@id":"https:\/\/elfsight.com\/pl\/business-hours-widget\/elementor\/#breadcrumb","itemListElement":[{"@type":"ListItem","position":1,"name":"Home","item":"https:\/\/elfsight.com\/pl\/"},{"@type":"ListItem","position":2,"name":"Business Hours","item":"https:\/\/elfsight.com\/pl\/business-hours-widget\/"},{"@type":"ListItem","position":3,"name":"Business Hours &#8211; Elementor"}]},{"@type":"WebSite","@id":"https:\/\/elfsight.com\/pl\/#website","url":"https:\/\/elfsight.com\/pl\/","name":"Elfsight PL","description":"Just another Elfsight Sites site","potentialAction":[{"@type":"SearchAction","target":{"@type":"EntryPoint","urlTemplate":"https:\/\/elfsight.com\/pl\/?s={search_term_string}"},"query-input":{"@type":"PropertyValueSpecification","valueRequired":true,"valueName":"search_term_string"}}],"inLanguage":"pl-PL"}]}},"meta_box":{"industry":"","seo_heading":"","heading":"","description":"","cta_heading":"","cta_description":"","application":"3354","h1":"Widget Godziny pracy Elementora","h1_caption":"Wy\u015bwietlaj godziny pracy w przejrzystym i atrakcyjnym formacie, aby bez wysi\u0142ku informowa\u0107 odwiedzaj\u0105cych o Twojej dost\u0119pno\u015bci w witrynie Elementor.","application_category":[],"applications_title":"","applications_request_title":"","applications_request_button_text":"","hero_text":"","hero_video":"","hero_video_schema_markup":"","selling_points_title":"","selling_points_caption":"","selling_points":[],"selling_points_cta_text":"","features_title":"","features":"","ed_cta_examples_text":"","ed_cta_examples_hidden":"","ed_cta_demo_text":"","ed_cta_demo_hidden":"","why_caption":"","why_editor_title":"","why_editor_text":"","why_team_title":"","why_team_text":"","why_service_title":"","why_service_text":"","template_catalog_visible":"0","template_catalog_title":"","template_catalog_text":"","template_catalog_categories_visible":"","demo_title":"Nie wahaj si\u0119 i ustalaj w\u0142asne godziny pracy Elementora","demo_caption":"Dostosuj go i wstaw widget na swoj\u0105 stron\u0119 korzystaj\u0105c z wersji demonstracyjnej.","default_faq_hidden":"","app_template_category":[],"platform":"268","template_public_id":"","codecanyon_url":"","codecanyon_item_id":"","codecanyon_price":"","pricing_caption":"","pricing_elfsight_apps_hide_column":"","pricing_elfsight_apps_url":"","pricing_codecanyon_price_caption":"","integration_category":[],"integration_request_title":"","integration_request_cta":"","integration_platform":"","integrations":[],"platform_category":[],"video_schema_markup":"","price":"od 0 USD \/ miesi\u0105c","trial":"","benefits":[{"text":"Bezp\u0142atna pomoc w instalacji"},{"text":"Wsparcie premium"},{"text":"14-dniowa gwarancja zwrotu pieni\u0119dzy"}],"button_url":"#demo","button_target_blank":"0","button_nofollow":"0","attributes":[{"name":"Instaluje"},{"name":"Czu\u0142y"},{"name":"Kompatybilne przegl\u0105darki"}],"tags":[],"tags_disable_links":"0","hide_more_platforms":"","video_object":"","demo_hide_cta":"0","demo_hide_cloud_options":"0","pricing_title":"","pricing":[{"pricing_icon":"platform","pricing_title":"Elfsight Apps","pricing_title_caption":"Oprogramowanie niezale\u017cne od platformy, kt\u00f3re dzia\u0142a na dowolnej witrynie","pricing_price":"od 0 USD \/ miesi\u0105c","pricing_price_caption":"zacznij od bezp\u0142atnego planu","pricing_benefits":[{"text":"Nielimitowane strony internetowe"},{"text":"Wsparcie premium i na czas"},{"text":"Bezp\u0142atna us\u0142uga monta\u017cu"},{"text":"W pe\u0142ni konfigurowalny"}],"pricing_button_text":"Dodaj do witryny","pricing_button_url":"#demo"}],"related_apps_title":"","related_apps_hidden":"0","author":"","image":[],"title":"","job":"","social_networks":[]},"_links":{"self":[{"href":"https:\/\/elfsight.com\/pl\/wp-json\/wp\/v2\/pages\/4550","targetHints":{"allow":["GET"]}}],"collection":[{"href":"https:\/\/elfsight.com\/pl\/wp-json\/wp\/v2\/pages"}],"about":[{"href":"https:\/\/elfsight.com\/pl\/wp-json\/wp\/v2\/types\/page"}],"author":[{"embeddable":true,"href":"https:\/\/elfsight.com\/pl\/wp-json\/wp\/v2\/users\/9"}],"replies":[{"embeddable":true,"href":"https:\/\/elfsight.com\/pl\/wp-json\/wp\/v2\/comments?post=4550"}],"version-history":[{"count":2,"href":"https:\/\/elfsight.com\/pl\/wp-json\/wp\/v2\/pages\/4550\/revisions"}],"predecessor-version":[{"id":9669,"href":"https:\/\/elfsight.com\/pl\/wp-json\/wp\/v2\/pages\/4550\/revisions\/9669"}],"up":[{"embeddable":true,"href":"https:\/\/elfsight.com\/pl\/wp-json\/wp\/v2\/pages\/3385"}],"wp:attachment":[{"href":"https:\/\/elfsight.com\/pl\/wp-json\/wp\/v2\/media?parent=4550"}],"curies":[{"name":"wp","href":"https:\/\/api.w.org\/{rel}","templated":true}]}}