{"id":455,"date":"2020-11-19T15:36:33","date_gmt":"2020-11-19T15:36:33","guid":{"rendered":"https:\/\/elfsight.com\/pl\/?page_id=455"},"modified":"2021-04-21T13:45:27","modified_gmt":"2021-04-21T13:45:27","slug":"thrive-architect-widgets","status":"publish","type":"page","link":"https:\/\/elfsight.com\/pl\/thrive-architect-widgets\/","title":{"rendered":"Thrive Architect widgets"},"content":{"rendered":"\n<h2>Najskuteczniejsze wid\u017cety Elfsight dla wszelkich zada\u0144 twojej witryny Thrive Architect<\/h2>\n\n<p>Przez szereg lat nasz team deweloper\u00f3w Elfsight wynajduje Plug&amp;Play i w pe\u0142ni responsywne elementy interfejsu chmurowe dla Twojej dzia\u0142alno\u015bci. Zapewniamy wsparcie premium oraz szybko\u015b\u0107 wczytywania. Us\u0142ugi aplikacyjne Elfsight pomagaj\u0105 w\u0142a\u015bcicielom stron internetowych, non-profit i wielu innym na \u015bwiecie poradzi\u0107 sobie z g\u0142\u00f3wnymi problemami skuteczniej. \n<\/p>\n\n<p>Aby podnie\u015b\u0107 liczb\u0119 potencjalnych klient\u00f3w, wykaza\u0107 pozytywne odpowiedzi na Pa\u0144stwa produkty, zwi\u0119kszy\u0107 zaufanie do swojej marki, poprzez instalacj\u0119 widgetu do Twojej strony internetowej. Nasze plany subskrypcji s\u0105 w zakresie od bezp\u0142atnych do premium. Spr\u00f3buj zainstalowa\u0107 dowolnie wybrane aplikacji przy u\u017cyciu naszej demonstracji i spotkaj jak bardzo mo\u017ce to by\u0107 po\u017cyteczne w kwestii rozwoju witryny biznesu. <\/p>\n\n<h2>Dlaczego wtyczki Thrive Architect s\u0105 jednymi z najlepszych instrumentami dla Twojej witryny? <\/h2>\n\n<p> Poznaj list\u0119 podstawowych jako\u015bci naszych dodatk\u00f3w, kt\u00f3re pomagaj\u0105 nam by\u0107 lepszymi, ni\u017c nasi konkurenci: <\/p>\n\n\n<ul>\n<li> Darmowa i sprawna pomoc przy wbudowaniu lub personalizacji rozszerze\u0144; <\/li>\n<li> Automatyczne dostosowanie do wszystkich rozdzielczo\u015bci stron internetowych i przyjazne dla urz\u0105dze\u0144 mobilnych; <\/li>\n<li> Nie musisz zatrudnia\u0107 programist\u00f3w; <\/li>\n<li> Szeroki wyb\u00f3r opcji dostosowywania; <\/li>\n<li> Oparte na chmurze aplikacji pomagaj\u0105 zwi\u0119kszy\u0107 pr\u0119dko\u015b\u0107 \u0142adowania witryny; <\/li>\n<li> Wszystkie przysz\u0142e poprawki s\u0105 nieodp\u0142atne i regularnie publikowane; <\/li>\n<li> Uczciwe ceny; <\/li>\n<li> Sta\u0142a pomoc w przypadku problem\u00f3w. <\/li>\n<\/ul>\n\n<p> Poznaj bezp\u0142atne opcje naszych aplikacji i u\u017cywaj jej potencja\u0142 lub zainstaluj dowolne wymagane rozwi\u0105zanie z 20% zni\u017ck\u0105. <\/p>\n\n\n<h2> W jaki spos\u00f3b wstawi\u0107 wtyczki Elfsight na Pa\u0144stwa witrynie Thrive Architect <\/h2>\n\n<p> Aby zintegrowa\u0107 nasze pluginy, zobacz etapy z \u0142atwej instrukcji: <\/p>\n\n\n<ol>\n<li> Wybierz potrzebny widget; <\/li>\n<li> Wprowad\u017a wymagane zmiany; <\/li>\n<li> Zastosuj zmiany; <\/li>\n<li> Skopiuj otrzymany kod; <\/li>\n<li> Zainstaluj go w wymaganym miejscu Pa\u0144stwa strony lub szablonu; <\/li>\n<li> Sko\u0144czone! Zainstalowa\u0142e\u015b plugin. <\/li>\n<\/ol>\n\n<p> W przypadku jakichkolwiek pyta\u0144, nie wahaj si\u0119 zwr\u00f3ci\u0107 si\u0119 do zespo\u0142u wsparcia Elfsight. <\/p>\n","protected":false},"excerpt":{"rendered":"Najskuteczniejsze wid\u017cety Elfsight dla wszelkich zada\u0144 twojej witryny Thrive Architect Przez szereg lat nasz team deweloper\u00f3w Elfsight wynajduje Plug&amp;Play i w pe\u0142ni responsywne elementy interfejsu chmurowe dla Twojej dzia\u0142alno\u015bci. Zapewniamy wsparcie premium oraz szybko\u015b\u0107 wczytywania. Us\u0142ugi aplikacyjne Elfsight pomagaj\u0105 w\u0142a\u015bcicielom stron internetowych, non-profit i wielu innym na \u015bwiecie poradzi\u0107 sobie&#8230;","protected":false},"author":13,"featured_media":0,"parent":0,"menu_order":0,"comment_status":"closed","ping_status":"closed","template":"templates\/template-platform.php","meta":{"publish_to_discourse":"","publish_post_category":"","wpdc_auto_publish_overridden":"","wpdc_topic_tags":"","wpdc_pin_topic":"","wpdc_pin_until":"","discourse_post_id":"","discourse_permalink":"","wpdc_publishing_response":"","wpdc_publishing_error":"","footnotes":""},"class_list":["post-455","page","type-page","status-publish","hentry"],"yoast_head":"<!-- This site is optimized with the Yoast SEO plugin v25.3.1 - https:\/\/yoast.com\/wordpress\/plugins\/seo\/ -->\n<title>Ponad 80 najlepszych Thrive Architect widget\u00f3w dla strony internetowej<\/title>\n<meta name=\"description\" content=\"Lista testowanych darmowych widget\u00f3w dla twojej witryny internetowej Thrive Architect. Pom\u00f3c w dostosowanie a tak\u017ce szeroka gama opcji.\" \/>\n<meta name=\"robots\" content=\"index, follow, max-snippet:-1, max-image-preview:large, max-video-preview:-1\" \/>\n<link rel=\"canonical\" href=\"https:\/\/elfsight.com\/pl\/thrive-architect-widgets\/\" \/>\n<meta property=\"og:locale\" content=\"pl_PL\" \/>\n<meta property=\"og:type\" content=\"article\" \/>\n<meta property=\"og:title\" content=\"Ponad 80 najlepszych Thrive Architect widget\u00f3w dla strony internetowej\" \/>\n<meta property=\"og:description\" content=\"Lista testowanych darmowych widget\u00f3w dla twojej witryny internetowej Thrive Architect. Pom\u00f3c w dostosowanie a tak\u017ce szeroka gama opcji.\" \/>\n<meta property=\"og:url\" content=\"https:\/\/elfsight.com\/pl\/thrive-architect-widgets\/\" \/>\n<meta property=\"og:site_name\" content=\"Elfsight PL\" \/>\n<meta property=\"article:modified_time\" content=\"2021-04-21T13:45:27+00:00\" \/>\n<meta name=\"twitter:card\" content=\"summary_large_image\" \/>\n<meta name=\"twitter:label1\" content=\"Szacowany czas czytania\" \/>\n\t<meta name=\"twitter:data1\" content=\"2 minuty\" \/>\n<!-- \/ Yoast SEO plugin. -->","yoast_head_json":{"title":"Ponad 80 najlepszych Thrive Architect widget\u00f3w dla strony internetowej","description":"Lista testowanych darmowych widget\u00f3w dla twojej witryny internetowej Thrive Architect. Pom\u00f3c w dostosowanie a tak\u017ce szeroka gama opcji.","robots":{"index":"index","follow":"follow","max-snippet":"max-snippet:-1","max-image-preview":"max-image-preview:large","max-video-preview":"max-video-preview:-1"},"canonical":"https:\/\/elfsight.com\/pl\/thrive-architect-widgets\/","og_locale":"pl_PL","og_type":"article","og_title":"Ponad 80 najlepszych Thrive Architect widget\u00f3w dla strony internetowej","og_description":"Lista testowanych darmowych widget\u00f3w dla twojej witryny internetowej Thrive Architect. Pom\u00f3c w dostosowanie a tak\u017ce szeroka gama opcji.","og_url":"https:\/\/elfsight.com\/pl\/thrive-architect-widgets\/","og_site_name":"Elfsight PL","article_modified_time":"2021-04-21T13:45:27+00:00","twitter_card":"summary_large_image","twitter_misc":{"Szacowany czas czytania":"2 minuty"},"schema":{"@context":"https:\/\/schema.org","@graph":[{"@type":"WebPage","@id":"https:\/\/elfsight.com\/pl\/thrive-architect-widgets\/","url":"https:\/\/elfsight.com\/pl\/thrive-architect-widgets\/","name":"Ponad 80 najlepszych Thrive Architect widget\u00f3w dla strony internetowej","isPartOf":{"@id":"https:\/\/elfsight.com\/pl\/#website"},"datePublished":"2020-11-19T15:36:33+00:00","dateModified":"2021-04-21T13:45:27+00:00","description":"Lista testowanych darmowych widget\u00f3w dla twojej witryny internetowej Thrive Architect. Pom\u00f3c w dostosowanie a tak\u017ce szeroka gama opcji.","breadcrumb":{"@id":"https:\/\/elfsight.com\/pl\/thrive-architect-widgets\/#breadcrumb"},"inLanguage":"pl-PL","potentialAction":[{"@type":"ReadAction","target":["https:\/\/elfsight.com\/pl\/thrive-architect-widgets\/"]}]},{"@type":"BreadcrumbList","@id":"https:\/\/elfsight.com\/pl\/thrive-architect-widgets\/#breadcrumb","itemListElement":[{"@type":"ListItem","position":1,"name":"Home","item":"https:\/\/elfsight.com\/pl\/"},{"@type":"ListItem","position":2,"name":"Thrive Architect widgets"}]},{"@type":"WebSite","@id":"https:\/\/elfsight.com\/pl\/#website","url":"https:\/\/elfsight.com\/pl\/","name":"Elfsight PL","description":"Just another Elfsight Sites site","potentialAction":[{"@type":"SearchAction","target":{"@type":"EntryPoint","urlTemplate":"https:\/\/elfsight.com\/pl\/?s={search_term_string}"},"query-input":{"@type":"PropertyValueSpecification","valueRequired":true,"valueName":"search_term_string"}}],"inLanguage":"pl-PL"}]}},"meta_box":{"industry":"","seo_heading":"","heading":"","description":"","cta_heading":"","cta_description":"","application":"","h1":"Najlepsze widgety Thrive Architect","h1_caption":"Darmowy odbi\u00f3r doskona\u0142ych element\u00f3w interfejsu najwy\u017cszej klasy z szerokim wachlarzem mo\u017cliwo\u015bci dla zwi\u0119kszenia zapotrzebowania u\u017cytkownika oraz osi\u0105gni\u0119cia wszystkich podstawowych dzia\u0142a\u0144 marketingowych. Proste zainstalowanie, szeroki zakres opcji personalizacji i kompetentna obs\u0142uga klienta.","application_category":[],"applications_title":"Zobacz najlepszi dopasowania dla twojej strony internetowej w\u015br\u00f3d wszystkich wtyczek darmowych w demonstracje online","applications_request_title":"Nie mo\u017cesz znale\u017a\u0107 odpowiedniego widgeta?","applications_request_button_text":"Zam\u00f3w widget","hero_text":"","hero_video":"","hero_video_schema_markup":"","selling_points_title":"","selling_points_caption":"","selling_points":[],"selling_points_cta_text":"","features_title":"","features":"","ed_cta_examples_text":"","ed_cta_examples_hidden":"","ed_cta_demo_text":"","ed_cta_demo_hidden":"","why_caption":"","why_editor_title":"","why_editor_text":"","why_team_title":"","why_team_text":"","why_service_title":"","why_service_text":"","template_catalog_visible":"","template_catalog_title":"","template_catalog_text":"","template_catalog_categories_visible":"","demo_title":"","demo_caption":"","default_faq_hidden":"","app_template_category":[],"platform":"452","template_public_id":"","codecanyon_url":"","codecanyon_item_id":"","codecanyon_price":"","pricing_caption":"","pricing_elfsight_apps_hide_column":"","pricing_elfsight_apps_url":"","pricing_codecanyon_price_caption":"","integration_category":[],"integration_request_title":"","integration_request_cta":"","integration_platform":"","integrations":[],"platform_category":[],"video_schema_markup":"","price":"","trial":"","benefits":[],"button_url":"","button_target_blank":"","button_nofollow":"","attributes":[],"tags":[],"tags_disable_links":"","hide_more_platforms":"","video_object":"","demo_hide_cta":"","demo_hide_cloud_options":"","pricing_title":"","pricing":[],"related_apps_title":"","related_apps_hidden":"","author":"","image":[],"title":"","job":"","social_networks":[]},"_links":{"self":[{"href":"https:\/\/elfsight.com\/pl\/wp-json\/wp\/v2\/pages\/455","targetHints":{"allow":["GET"]}}],"collection":[{"href":"https:\/\/elfsight.com\/pl\/wp-json\/wp\/v2\/pages"}],"about":[{"href":"https:\/\/elfsight.com\/pl\/wp-json\/wp\/v2\/types\/page"}],"author":[{"embeddable":true,"href":"https:\/\/elfsight.com\/pl\/wp-json\/wp\/v2\/users\/13"}],"replies":[{"embeddable":true,"href":"https:\/\/elfsight.com\/pl\/wp-json\/wp\/v2\/comments?post=455"}],"version-history":[{"count":2,"href":"https:\/\/elfsight.com\/pl\/wp-json\/wp\/v2\/pages\/455\/revisions"}],"predecessor-version":[{"id":457,"href":"https:\/\/elfsight.com\/pl\/wp-json\/wp\/v2\/pages\/455\/revisions\/457"}],"wp:attachment":[{"href":"https:\/\/elfsight.com\/pl\/wp-json\/wp\/v2\/media?parent=455"}],"curies":[{"name":"wp","href":"https:\/\/api.w.org\/{rel}","templated":true}]}}