{"id":4549,"date":"2024-05-03T06:31:19","date_gmt":"2024-05-03T06:31:19","guid":{"rendered":"https:\/\/elfsight.com\/pl\/?page_id=4549"},"modified":"2024-12-26T14:35:24","modified_gmt":"2024-12-26T14:35:24","slug":"godaddy","status":"publish","type":"page","link":"https:\/\/elfsight.com\/pl\/business-hours-widget\/godaddy\/","title":{"rendered":"Business Hours &#8211; GoDaddy"},"content":{"rendered":"\n<div class=\"application-platform-content-item-description application-platform-content-item\" id=\"description\" data-nav-section=\"description\"> <h2>Osad\u017a Godziny pracy w GoDaddy za pomoc\u0105 wtyczki Elfsight<\/h2> <p>Elfsight Godziny pracy dla GoDaddy to prosty widget niewymagaj\u0105cy kodu, umo\u017cliwiaj\u0105cy stworzy\u0107 \u0142adn\u0105 wizyt\u00f3wk\u0119 zawieraj\u0105c\u0105 najwa\u017cniejsze momenty dotycz\u0105ce Twojej dzia\u0142alno\u015bci. Mo\u017cesz udost\u0119pnia\u0107 informacje o statusie swojej firmy i udost\u0119pnia\u0107 kontakty swoim klientom. Wid\u017cet umo\u017cliwia tworzenie wygodnych projekt\u00f3w, dzi\u0119ki kt\u00f3rym klienci mog\u0105 \u0142atwo zapozna\u0107 si\u0119 ze wszystkimi niezb\u0119dnymi informacjami w skr\u00f3cie lub bardziej szczeg\u00f3\u0142owo. <\/p><p>\u015awietny widget zawiera kilka szablon\u00f3w, dzi\u0119ki czemu mo\u017cesz wybra\u0107 opcj\u0119 najbardziej odpowiedni\u0105 dla swojej witryny. Ka\u017cdy szablon zawiera elastyczne ustawienia, kt\u00f3re pomog\u0105 Ci stworzy\u0107 osobisty widget z wymaganymi opcjami, takimi jak przyciski czatu i udost\u0119pniania, kt\u00f3re zwi\u0119kszaj\u0105 sprzeda\u017c. Integracja godzin pracy i kontakt\u00f3w ze stronami Twojej witryny jest bardzo prosta, poniewa\u017c Elfsight oferuje jasne samouczki i wskaz\u00f3wki. Ka\u017cdy w\u0142a\u015bciciel witryny mo\u017ce bezp\u0142atnie opracowa\u0107 i doda\u0107 wid\u017cet Godziny pracy bez kodu<\/p> <p><b>Dodaj szczeg\u00f3\u0142y firmy do swojej witryny, aby zwi\u0119kszy\u0107 wska\u017aniki sprzeda\u017cy i lojalno\u015b\u0107 klient\u00f3w. Dziel si\u0119 znacz\u0105cymi informacjami na temat swoich okres\u00f3w pracy. <\/b><\/p> <p>Dzi\u0119ki temu wid\u017cetowi wbudowanemu w witryn\u0119 GoDaddy mo\u017cesz zwi\u0119kszy\u0107 \u015bwiadomo\u015b\u0107 odbiorc\u00f3w na temat harmonogramu Twojej dzia\u0142alno\u015bci i zwi\u0119kszy\u0107 sprzeda\u017c. Dowiedz si\u0119 o najwa\u017cniejszych zaletach swojej witryny internetowej po osadzeniu w niej wid\u017cetu godzin pracy bez kodu. <\/p><ul><li><b>Niech Twoi klienci b\u0119d\u0105 zawsze punktualni.<\/b> Zwi\u0119kszaj sprzeda\u017c, dzi\u0119ki ci\u0105g\u0142emu kontaktowi we wskazanych okresach pracy. Odwiedzaj\u0105cy Twoj\u0105 witryn\u0119 b\u0119d\u0105 zwraca\u0107 uwag\u0119 na Twoj\u0105 dost\u0119pno\u015b\u0107 i b\u0119d\u0105 bardziej zdecydowani, aby dokona\u0107 udanego zakupu, kiedy zajdzie taka potrzeba. <\/li><li><b>Unikaj zamieszania co do godzin pracy.<\/b> Pokazanie klientom na stronie internetowej prostych godzin pracy sprawi, \u017ce b\u0119d\u0105 bardziej lojalni wobec Twojej firmy, poniewa\u017c b\u0119d\u0105 mogli zaplanowa\u0107 rezerwacj\u0119 lub wizyt\u0119 u ciebie. <\/li><li><b>Udost\u0119pniaj kontakty w przejrzysty spos\u00f3b.<\/b> Dodanie informacji kontaktowych do wid\u017cetu godzin pracy bez kodu pozwala na lepsz\u0105 komunikacj\u0119 z osobami odwiedzaj\u0105cymi Twoj\u0105 witryn\u0119 i przyspieszenie sprzeda\u017cy. Poka\u017c, \u017ce jeste\u015b tutaj, aby odpowiedzie\u0107 na ich pytania dotycz\u0105ce produkt\u00f3w i us\u0142ug Twojej firmy, co zako\u0144czy si\u0119 wi\u0119kszym zaufaniem i presti\u017cem. <\/li><\/ul><div class=\"faq\" data-component=\"FAQ\"><div class=\"faq-item\">\r\n\t\t\t\t\t<div class=\"faq-item-question\">\r\n\t\t\t\t\t\t<h3 class=\"faq-item-question-text\">Czy s\u0105 jakie\u015b inne wtyczki do GoDaddy, kt\u00f3re mog\u0119 umie\u015bci\u0107 na mojej stronie internetowej?<\/h3>\r\n\r\n\t\t\t\t\t\t<div class=\"faq-item-question-icon\"><\/div>\r\n\t\t\t\t\t<\/div>\r\n\r\n\t\t\t\t\t<div class=\"faq-item-answer\">\r\n\t\t\t\t\t\t<div class=\"faq-item-answer-text\">Mo\u017cemy zaoferowa\u0107 Ci wiele wtyczek, kt\u00f3re poradz\u0105 sobie z ka\u017cdym zadaniem na Twoim strona internetowa. Oto kilka przyk\u0142ad\u00f3w: <a href=\"https:\/\/elfsight.com\/pl\/google-reviews-widget\/godaddy\/\" target=\"_blank\" rel=\"noopener\">Recenzje Google<\/a>, <a href=\"https:\/\/elfsight.com\/pl\/whatsapp-chat-widget\/godaddy\/\" target=\"_blank\" rel=\"noopener\">Czat WhatsApp<\/a>, <a href=\"https:\/\/elfsight.com\/pl\/event-calendar-widget\/godaddy\/\" target=\"_blank\" rel=\"noopener\">Kalendarz wydarze\u0144<\/a>, <a href=\"https:\/\/elfsight.com\/pl\/countdown-timer-widget\/godaddy\/\" target=\" _blank\" rel=\"noopener\">Licznik czasu<\/a>, <a href=\"https:\/\/elfsight.com\/pl\/qr-code-widget\/godaddy\/\" target=\"_blank\" rel=\"noopener\">Kod QR <\/a>. <\/div>\r\n\t\t\t\t\t<\/div>\r\n\t\t\t\t<\/div><div class=\"faq-item\">\r\n\t\t\t\t\t<div class=\"faq-item-question\">\r\n\t\t\t\t\t\t<h3 class=\"faq-item-question-text\">Jak mog\u0119 osi\u0105gn\u0105\u0107 wyniki dzi\u0119ki Godzinom pracy w GoDaddy?<\/h3>\r\n\r\n\t\t\t\t\t\t<div class=\"faq-item-question-icon\"><\/div>\r\n\t\t\t\t\t<\/div>\r\n\r\n\t\t\t\t\t<div class=\"faq-item-answer\">\r\n\t\t\t\t\t\t<div class=\"faq-item-answer-text\">Dodaj\u0105c wtyczk\u0119 Godziny pracy masz dost\u0119p do wielu sposob\u00f3w zwi\u0119kszania wska\u017anik\u00f3w sukcesu i sprzeda\u017cy. Dzi\u0119ki szablonom Elfsight dla tej ekscytuj\u0105cej wtyczki do stron internetowych mo\u017cna znale\u017a\u0107 osobiste rozwi\u0105zanie. Mo\u017cesz wy\u015bwietli\u0107 szczeg\u00f3\u0142owe informacje o godzinach dost\u0119pno\u015bci i mo\u017cliwo\u015bciach kontaktu lub po prostu u\u017cy\u0107 minimalistycznego paska bie\u017c\u0105cego stanu. Za pomoc\u0105 wtyczki Godziny pracy mo\u017cesz tworzy\u0107 karty kontaktowe i dodawa\u0107 je do wymaganych lokalizacji na stronach internetowych, aby przyku\u0107 uwag\u0119 i poinformowa\u0107 klient\u00f3w o swojej aktywno\u015bci, co zainspiruje sprzeda\u017c. <\/div>\r\n\t\t\t\t\t<\/div>\r\n\t\t\t\t<\/div><div class=\"faq-item\">\r\n\t\t\t\t\t<div class=\"faq-item-question\">\r\n\t\t\t\t\t\t<h3 class=\"faq-item-question-text\">Jak bezp\u0142atnie osadzi\u0107 godziny pracy bez kodu w witrynach GoDaddy?<\/h3>\r\n\r\n\t\t\t\t\t\t<div class=\"faq-item-question-icon\"><\/div>\r\n\t\t\t\t\t<\/div>\r\n\r\n\t\t\t\t\t<div class=\"faq-item-answer\">\r\n\t\t\t\t\t\t<div class=\"faq-item-answer-text\">Do\u0142\u0105cz wtyczk\u0119 Godziny pracy do swojej witryny GoDaddy, aby informowa\u0107 klient\u00f3w o Twojej dost\u0119pno\u015bci i zapewni\u0107 sprzeda\u017c. Tutaj mo\u017cesz zobaczy\u0107 tutoriale dotycz\u0105ce dodawania bezp\u0142atnej wtyczki godzin pracy do swojej witryny. <ol><li>Aby bezp\u0142atnie w\u0142\u0105czy\u0107 godziny pracy Elfsight do GoDaddy, przejd\u017a do witryny Elfsight i utw\u00f3rz konto. <\/li><li>Utw\u00f3rz godziny pracy, dostosowuj\u0105c ich wygl\u0105d i ustawienia tak, aby pasowa\u0142y do \u200b\u200bmotywu witryny GoDaddy. <\/li><li>Po utworzeniu godzin pracy skopiuj wygenerowany fragment kodu i wklej go w swojej witrynie GoDaddy, w kt\u00f3rej chcesz, aby wtyczka by\u0142a wy\u015bwietlana. <\/li><\/ol>Dodaj\u0105c godziny pracy do swojej witryny GoDaddy, z pewno\u015bci\u0105 podniesiesz jej atrakcyjno\u015b\u0107 wizualn\u0105 i wzbudzisz sta\u0142\u0105 lojalno\u015b\u0107 klient\u00f3w. Poczuj korzy\u015bci z godzin pracy Elfsight bezp\u0142atnie! <\/div>\r\n\t\t\t\t\t<\/div>\r\n\t\t\t\t<\/div><\/div><\/div><div class=\"application-platform-content-item-features application-platform-content-item\" id=\"features\" data-nav-section=\"features\"> <h2>Widget zawiera przydatne i \u0142atwe funkcje, zobacz niekt\u00f3re z nich:<\/h2> <ul><li>Zaprezentuj prawdziw\u0105 firm\u0119 swojej firmy -time status<\/li><li>\u0141atwa regulacja okresu pracy <\/li><li>Konfiguracja na specjalne okazje<\/li><li>Wskazywanie aktywno\u015bci w czasie rzeczywistym<\/li><li>Wstawiany wykres lub status oszcz\u0119dzaj\u0105cy miejsce <\/li><\/ul><p><a href=\"#demo\">Pe\u0142n\u0105 funkcjonalno\u015b\u0107 wid\u017cetu znajdziesz w wersji demonstracyjnej na tej stronie<\/a><\/p><\/div> <div class=\"application-platform-content-item-installation application-platform-content-item\" id=\"installation\" data-nav-section=\"installation\"> <h2>Jak umie\u015bci\u0107 godziny pracy w mojej witrynie GoDaddy?<\/h2> <p>Wystarczy wykona\u0107 poni\u017csze kroki, aby aktywowa\u0107 wtyczk\u0119 z czasem pracy.<\/p> <ol><li><b>Skorzystaj z naszego konfiguratora i zacznij tworzy\u0107 swoj\u0105 unikaln\u0105 wtyczk\u0119.<\/b><br> Okre\u015bl po\u017c\u0105dany interfejs i cechy aplikacji oraz zastosuj poprawki. <\/li> <li><b>Wy\u015bwietl unikalny kod w polu aplikacji Elfsight.<\/b><br> Po skonfigurowaniu osobistej wtyczki godzin pracy bez kodu skopiuj kod osobisty na pojawi si\u0119 okno i zapisz je do p\u00f3\u017aniejszego wykorzystania. <\/li> <li><b>Zacznij korzysta\u0107 z wtyczki na swojej stronie internetowej GoDaddy.<\/b><br> Wklej skopiowany wcze\u015bniej kod na swoj\u0105 stron\u0119 internetow\u0105 i zapisz ulepszenia. <\/li> <li><b>Konfiguracja godzin pracy bez kodu zosta\u0142a pomy\u015blnie uko\u0144czona.<\/b><br> Odwied\u017a swoj\u0105 witryn\u0119 internetow\u0105, aby sprawdzi\u0107 dzia\u0142anie dodanej aplikacji dotycz\u0105cej godzin pracy. <\/li><\/ol> <p>Je\u015bli masz jakie\u015b komplikacje, bez wahania skontaktuj si\u0119 z naszym zespo\u0142em obs\u0142ugi klienta. Nasi konsultanci pragn\u0105 rozwi\u0105za\u0107 wszystkie problemy, jakie mo\u017cesz mie\u0107 z wtyczk\u0105 do GoDaddy. <\/p> <\/div>\n","protected":false},"excerpt":{"rendered":"","protected":false},"author":9,"featured_media":0,"parent":3385,"menu_order":0,"comment_status":"closed","ping_status":"closed","template":"templates\/template-application-platform.php","meta":{"publish_to_discourse":"","publish_post_category":"","wpdc_auto_publish_overridden":"","wpdc_topic_tags":"","wpdc_pin_topic":"","wpdc_pin_until":"","discourse_post_id":"","discourse_permalink":"","wpdc_publishing_response":"","wpdc_publishing_error":"","footnotes":""},"class_list":["post-4549","page","type-page","status-publish","hentry"],"yoast_head":"<!-- This site is optimized with the Yoast SEO plugin v25.3.1 - https:\/\/yoast.com\/wordpress\/plugins\/seo\/ -->\n<title>Dodaj godziny pracy do GoDaddy \u2014 umie\u015b\u0107 godziny pracy na stronie<\/title>\n<meta name=\"description\" content=\"Umie\u015b\u0107 konfigurowalny wid\u017cet godzin pracy w GoDaddy, aby prezentowa\u0107 sw\u00f3j status. Zbuduj swoje osobiste godziny pracy, korzystaj\u0105c z wersji demonstracyjnej.\" \/>\n<meta name=\"robots\" content=\"index, follow, max-snippet:-1, max-image-preview:large, max-video-preview:-1\" \/>\n<link rel=\"canonical\" href=\"https:\/\/elfsight.com\/pl\/business-hours-widget\/godaddy\/\" \/>\n<meta property=\"og:locale\" content=\"pl_PL\" \/>\n<meta property=\"og:type\" content=\"article\" \/>\n<meta property=\"og:title\" content=\"Dodaj godziny pracy do GoDaddy \u2014 umie\u015b\u0107 godziny pracy na stronie\" \/>\n<meta property=\"og:description\" content=\"Umie\u015b\u0107 konfigurowalny wid\u017cet godzin pracy w GoDaddy, aby prezentowa\u0107 sw\u00f3j status. Zbuduj swoje osobiste godziny pracy, korzystaj\u0105c z wersji demonstracyjnej.\" \/>\n<meta property=\"og:url\" content=\"https:\/\/elfsight.com\/pl\/business-hours-widget\/godaddy\/\" \/>\n<meta property=\"og:site_name\" content=\"Elfsight PL\" \/>\n<meta property=\"article:modified_time\" content=\"2024-12-26T14:35:24+00:00\" \/>\n<meta name=\"twitter:card\" content=\"summary_large_image\" \/>\n<meta name=\"twitter:label1\" content=\"Szacowany czas czytania\" \/>\n\t<meta name=\"twitter:data1\" content=\"5 minut\" \/>\n<!-- \/ Yoast SEO plugin. -->","yoast_head_json":{"title":"Dodaj godziny pracy do GoDaddy \u2014 umie\u015b\u0107 godziny pracy na stronie","description":"Umie\u015b\u0107 konfigurowalny wid\u017cet godzin pracy w GoDaddy, aby prezentowa\u0107 sw\u00f3j status. Zbuduj swoje osobiste godziny pracy, korzystaj\u0105c z wersji demonstracyjnej.","robots":{"index":"index","follow":"follow","max-snippet":"max-snippet:-1","max-image-preview":"max-image-preview:large","max-video-preview":"max-video-preview:-1"},"canonical":"https:\/\/elfsight.com\/pl\/business-hours-widget\/godaddy\/","og_locale":"pl_PL","og_type":"article","og_title":"Dodaj godziny pracy do GoDaddy \u2014 umie\u015b\u0107 godziny pracy na stronie","og_description":"Umie\u015b\u0107 konfigurowalny wid\u017cet godzin pracy w GoDaddy, aby prezentowa\u0107 sw\u00f3j status. Zbuduj swoje osobiste godziny pracy, korzystaj\u0105c z wersji demonstracyjnej.","og_url":"https:\/\/elfsight.com\/pl\/business-hours-widget\/godaddy\/","og_site_name":"Elfsight PL","article_modified_time":"2024-12-26T14:35:24+00:00","twitter_card":"summary_large_image","twitter_misc":{"Szacowany czas czytania":"5 minut"},"schema":{"@context":"https:\/\/schema.org","@graph":[{"@type":"WebPage","@id":"https:\/\/elfsight.com\/pl\/business-hours-widget\/godaddy\/","url":"https:\/\/elfsight.com\/pl\/business-hours-widget\/godaddy\/","name":"Dodaj godziny pracy do GoDaddy \u2014 umie\u015b\u0107 godziny pracy na stronie","isPartOf":{"@id":"https:\/\/elfsight.com\/pl\/#website"},"datePublished":"2024-05-03T06:31:19+00:00","dateModified":"2024-12-26T14:35:24+00:00","description":"Umie\u015b\u0107 konfigurowalny wid\u017cet godzin pracy w GoDaddy, aby prezentowa\u0107 sw\u00f3j status. Zbuduj swoje osobiste godziny pracy, korzystaj\u0105c z wersji demonstracyjnej.","breadcrumb":{"@id":"https:\/\/elfsight.com\/pl\/business-hours-widget\/godaddy\/#breadcrumb"},"inLanguage":"pl-PL","potentialAction":[{"@type":"ReadAction","target":["https:\/\/elfsight.com\/pl\/business-hours-widget\/godaddy\/"]}]},{"@type":"BreadcrumbList","@id":"https:\/\/elfsight.com\/pl\/business-hours-widget\/godaddy\/#breadcrumb","itemListElement":[{"@type":"ListItem","position":1,"name":"Home","item":"https:\/\/elfsight.com\/pl\/"},{"@type":"ListItem","position":2,"name":"Business Hours","item":"https:\/\/elfsight.com\/pl\/business-hours-widget\/"},{"@type":"ListItem","position":3,"name":"Business Hours &#8211; GoDaddy"}]},{"@type":"WebSite","@id":"https:\/\/elfsight.com\/pl\/#website","url":"https:\/\/elfsight.com\/pl\/","name":"Elfsight PL","description":"Just another Elfsight Sites site","potentialAction":[{"@type":"SearchAction","target":{"@type":"EntryPoint","urlTemplate":"https:\/\/elfsight.com\/pl\/?s={search_term_string}"},"query-input":{"@type":"PropertyValueSpecification","valueRequired":true,"valueName":"search_term_string"}}],"inLanguage":"pl-PL"}]}},"meta_box":{"industry":"","seo_heading":"","heading":"","description":"","cta_heading":"","cta_description":"","application":"3354","h1":"Wtyczka Godziny pracy GoDaddy","h1_caption":"Wy\u015bwietlaj godziny otwarcia w przejrzystym i atrakcyjnym formacie, aby bez wysi\u0142ku informowa\u0107 odwiedzaj\u0105cych o Twojej dost\u0119pno\u015bci w witrynie GoDaddy.","application_category":[],"applications_title":"","applications_request_title":"","applications_request_button_text":"","hero_text":"","hero_video":"","hero_video_schema_markup":"","selling_points_title":"","selling_points_caption":"","selling_points":[],"selling_points_cta_text":"","features_title":"","features":"","ed_cta_examples_text":"","ed_cta_examples_hidden":"","ed_cta_demo_text":"","ed_cta_demo_hidden":"","why_caption":"","why_editor_title":"","why_editor_text":"","why_team_title":"","why_team_text":"","why_service_title":"","why_service_text":"","template_catalog_visible":"0","template_catalog_title":"","template_catalog_text":"","template_catalog_categories_visible":"","demo_title":"\u015amia\u0142o, utw\u00f3rz w\u0142asne godziny pracy GoDaddy","demo_caption":"Spersonalizuj i zintegruj go ze swoj\u0105 stron\u0105 poprzez aktywne demo.","default_faq_hidden":"","app_template_category":[],"platform":"180","template_public_id":"","codecanyon_url":"","codecanyon_item_id":"","codecanyon_price":"","pricing_caption":"","pricing_elfsight_apps_hide_column":"","pricing_elfsight_apps_url":"","pricing_codecanyon_price_caption":"","integration_category":[],"integration_request_title":"","integration_request_cta":"","integration_platform":"","integrations":[],"platform_category":[],"video_schema_markup":"","price":"od 0 USD \/ miesi\u0105c","trial":"","benefits":[{"text":"Bezp\u0142atna pomoc w monta\u017cu"},{"text":"Profesjonalna obs\u0142uga klienta"},{"text":"14-dniowa gwarancja zwrotu pieni\u0119dzy"}],"button_url":"#demo","button_target_blank":"0","button_nofollow":"0","attributes":[{"name":"Instaluje"},{"name":"Czu\u0142y"},{"name":"Kompatybilne przegl\u0105darki"}],"tags":[],"tags_disable_links":"0","hide_more_platforms":"","video_object":"","demo_hide_cta":"0","demo_hide_cloud_options":"0","pricing_title":"","pricing":[{"pricing_icon":"platform","pricing_title":"Elfsight Apps","pricing_title_caption":"Wersja wieloplatformowa, kt\u00f3ra pasuje do ka\u017cdej witryny","pricing_price":"od 0 USD \/ miesi\u0105c","pricing_price_caption":"zacznij od bezp\u0142atnego planu","pricing_benefits":[{"text":"Nielimitowane strony internetowe"},{"text":"Profesjonalna obs\u0142uga klienta"},{"text":"Bezp\u0142atna pomoc w monta\u017cu"},{"text":"W pe\u0142ni konfigurowalny"}],"pricing_button_text":"Dodaj do witryny","pricing_button_url":"#demo"}],"related_apps_title":"","related_apps_hidden":"0","author":"","image":[],"title":"","job":"","social_networks":[]},"_links":{"self":[{"href":"https:\/\/elfsight.com\/pl\/wp-json\/wp\/v2\/pages\/4549","targetHints":{"allow":["GET"]}}],"collection":[{"href":"https:\/\/elfsight.com\/pl\/wp-json\/wp\/v2\/pages"}],"about":[{"href":"https:\/\/elfsight.com\/pl\/wp-json\/wp\/v2\/types\/page"}],"author":[{"embeddable":true,"href":"https:\/\/elfsight.com\/pl\/wp-json\/wp\/v2\/users\/9"}],"replies":[{"embeddable":true,"href":"https:\/\/elfsight.com\/pl\/wp-json\/wp\/v2\/comments?post=4549"}],"version-history":[{"count":2,"href":"https:\/\/elfsight.com\/pl\/wp-json\/wp\/v2\/pages\/4549\/revisions"}],"predecessor-version":[{"id":9670,"href":"https:\/\/elfsight.com\/pl\/wp-json\/wp\/v2\/pages\/4549\/revisions\/9670"}],"up":[{"embeddable":true,"href":"https:\/\/elfsight.com\/pl\/wp-json\/wp\/v2\/pages\/3385"}],"wp:attachment":[{"href":"https:\/\/elfsight.com\/pl\/wp-json\/wp\/v2\/media?parent=4549"}],"curies":[{"name":"wp","href":"https:\/\/api.w.org\/{rel}","templated":true}]}}