{"id":4544,"date":"2024-05-03T06:31:18","date_gmt":"2024-05-03T06:31:18","guid":{"rendered":"https:\/\/elfsight.com\/pl\/?page_id=4544"},"modified":"2025-07-10T08:33:34","modified_gmt":"2025-07-10T08:33:34","slug":"google-sites","status":"publish","type":"page","link":"https:\/\/elfsight.com\/pl\/business-hours-widget\/google-sites\/","title":{"rendered":"Business Hours &#8211; Google Sites"},"content":{"rendered":"\n<div class=\"application-platform-content-item-description application-platform-content-item\" id=\"description\" data-nav-section=\"description\"> <h2>Osad\u017a godziny pracy w Witrynach Google za pomoc\u0105 wtyczki Elfsight<\/h2> <p>Godziny pracy Elfsight w Witrynach Google to prosty plik, kt\u00f3ry nie wymaga kodu widget pozwalaj\u0105cy stworzy\u0107 atrakcyjn\u0105 wizyt\u00f3wk\u0119 zawieraj\u0105c\u0105 najwa\u017cniejsze dane dotycz\u0105ce Twojej organizacji. Mo\u017cesz wy\u015bwietla\u0107 informacje o swoim aktualnym statusie dzia\u0142ania oraz umo\u017cliwia\u0107 kontakt swoim klientom. Widget pozwala na tworzenie przyjaznych dla u\u017cytkownika projekt\u00f3w, dzi\u0119ki kt\u00f3rym odwiedzaj\u0105cy mog\u0105 \u0142atwo zapozna\u0107 si\u0119 ze wszystkimi potrzebnymi informacjami w skr\u00f3cie lub bardziej szczeg\u00f3\u0142owo. <\/p><p>Wid\u017cet oferuje szereg szablon\u00f3w, dzi\u0119ki czemu mo\u017cesz wybra\u0107 najbardziej efektywn\u0105 opcj\u0119 dla swojej witryny. Ka\u017cdy szablon oferuje ustawienia, kt\u00f3re pomog\u0105 Ci stworzy\u0107 wid\u017cet z wymaganymi opcjami zwi\u0119kszaj\u0105cymi sprzeda\u017c. Osadzanie okres\u00f3w pracy i danych kontaktowych Twojej organizacji na stronach Twojej witryny jest niezwykle proste dzi\u0119ki Elfsight dzi\u0119ki \u0142atwym do zrozumienia samouczkom i przewodnikom. Ka\u017cdy u\u017cytkownik mo\u017ce bezp\u0142atnie utworzy\u0107 i doda\u0107 wid\u017cet Godziny pracy bez kodu<\/p> <p><b>Dodaj szczeg\u00f3\u0142y firmy do swoich stron, aby zwi\u0119kszy\u0107 wska\u017aniki sprzeda\u017cy i zadowolenie klient\u00f3w. Wy\u015bwietlaj w przejrzysty spos\u00f3b wa\u017cne informacje o swojej dzia\u0142alno\u015bci dzi\u0119ki wid\u017cetowi Elfsight.<\/b><\/p> <p>U\u017cyj tego wid\u017cetu wbudowanego w witryn\u0119 Google Sites, informuj\u0105c odbiorc\u00f3w o Twojej firmie i uzyskuj regularne sprzeda\u017ce. Dowiedz si\u0119 o kilku typowych pozytywnych skutkach dla Twojej witryny po osadzeniu w niej wid\u017cetu godzin pracy bez kodu. <\/p><ul><li><b>Pozw\u00f3l swoim klientom by\u0107 zawsze w odpowiednim czasie.<\/b> Zwi\u0119kszaj sprzeda\u017c, b\u0119d\u0105c stale w odpowiednim czasie pracy. Odwiedzaj\u0105cy Twoj\u0105 witryn\u0119 zauwa\u017c\u0105 godziny otwarcia i b\u0119d\u0105 bardziej zdecydowani na dokonanie udanego zakupu, gdy b\u0119d\u0105 gotowi. <\/li><li><b>Unikaj nieporozumie\u0144 dotycz\u0105cych godzin pracy.<\/b> Zapewnienie prostych godzin pracy odwiedzaj\u0105cym witryn\u0119 sprawi, \u017ce b\u0119d\u0105 bardziej lojalni wobec Twojej organizacji, poniewa\u017c b\u0119d\u0105 mogli zaplanowa\u0107 rezerwacj\u0119 lub wizyt\u0119 u ciebie. <\/li><li><b>Podawaj kontakty w przejrzysty spos\u00f3b.<\/b> Dodanie informacji kontaktowych do wid\u017cetu godzin pracy bez kodu umo\u017cliwia komunikacj\u0119 z odbiorcami i przyspiesza sprzeda\u017c. Poka\u017c, \u017ce jeste\u015b gotowy odpowiedzie\u0107 na ich zapytania dotycz\u0105ce Twojej firmy, co zbuduje wi\u0119ksze zaufanie i szacunek. <\/li><\/ul><div class=\"faq\" data-component=\"FAQ\"><div class=\"faq-item\">\r\n\t\t\t\t\t<div class=\"faq-item-question\">\r\n\t\t\t\t\t\t<h3 class=\"faq-item-question-text\">Czy masz jakie\u015b inne wtyczki do Witryn Google, kt\u00f3rych mog\u0119 u\u017cy\u0107 w mojej witrynie w celu zwi\u0119kszenia sprzeda\u017cy?<\/h3>\r\n\r\n\t\t\t\t\t\t<div class=\"faq-item-question-icon\"><\/div>\r\n\t\t\t\t\t<\/div>\r\n\r\n\t\t\t\t\t<div class=\"faq-item-answer\">\r\n\t\t\t\t\t\t<div class=\"faq-item-answer-text\">Mo\u017cemy udost\u0119pni\u0107 Ci wiele wtyczek, dzi\u0119ki kt\u00f3rym mo\u017cesz osi\u0105gn\u0105\u0107 dowolny rodzaj celuj w swoj\u0105 witryn\u0119. Przekonaj si\u0119: <a href=\"https:\/\/elfsight.com\/google-reviews-widget\/google-sites\/\" target=\"_blank\" rel=\"noopener\">Recenzje Google<\/a>, <a href=\"\/\/elfsight.com\/whatsapp-chat-widget\/google-sites\/\" target=\"_blank\" rel=\"noopener\">Czat WhatsApp<\/a>, <a href=\"https:\/\/elfsight.com \/event-calendar-widget\/google-sites\/\" target=\"_blank\" rel=\"noopener\">Kalendarz wydarze\u0144<\/a>, <a href=\"https:\/\/elfsight.com\/countdown-timer-widget\/google -sites\/\" target=\"_blank\" rel=\"noopener\">Licznik czasu<\/a>, <a href=\"https:\/\/elfsight.com\/qr-code-widget\/google-sites\/\" target=\"_blank \" rel=\"noopener\">Kod QR<\/a>. <\/div>\r\n\t\t\t\t\t<\/div>\r\n\t\t\t\t<\/div><div class=\"faq-item\">\r\n\t\t\t\t\t<div class=\"faq-item-question\">\r\n\t\t\t\t\t\t<h3 class=\"faq-item-question-text\">Jak korzysta\u0107 z godzin pracy w Witrynach Google?<\/h3>\r\n\r\n\t\t\t\t\t\t<div class=\"faq-item-question-icon\"><\/div>\r\n\t\t\t\t\t<\/div>\r\n\r\n\t\t\t\t\t<div class=\"faq-item-answer\">\r\n\t\t\t\t\t\t<div class=\"faq-item-answer-text\"> Integruj\u0105c wtyczk\u0119 Godziny pracy, masz dost\u0119p do wielu sposob\u00f3w poprawy wynik\u00f3w sprzeda\u017cy. Dzi\u0119ki szablonom Elfsight dla tej ekscytuj\u0105cej wtyczki do stron internetowych mo\u017cliwe jest tworzenie niestandardowych taktyk biznesowych. Mo\u017cesz albo zademonstrowa\u0107 rozszerzone informacje dotycz\u0105ce godzin pracy i narz\u0119dzi do nawi\u0105zania komunikacji z Tob\u0105, albo po prostu osadzi\u0107 ma\u0142y, aktualny pasek stanu. Za pomoc\u0105 wtyczki Godziny pracy mo\u017cesz tworzy\u0107 karty kontaktowe i dodawa\u0107 je do wymaganych lokalizacji na stronach internetowych, aby przyci\u0105gn\u0105\u0107 uwag\u0119 i poinformowa\u0107 klient\u00f3w o Twojej aktywno\u015bci. <\/div>\r\n\t\t\t\t\t<\/div>\r\n\t\t\t\t<\/div><div class=\"faq-item\">\r\n\t\t\t\t\t<div class=\"faq-item-question\">\r\n\t\t\t\t\t\t<h3 class=\"faq-item-question-text\">Jak bezp\u0142atnie umie\u015bci\u0107 godziny pracy w witrynach Witryn Google?<\/h3>\r\n\r\n\t\t\t\t\t\t<div class=\"faq-item-question-icon\"><\/div>\r\n\t\t\t\t\t<\/div>\r\n\r\n\t\t\t\t\t<div class=\"faq-item-answer\">\r\n\t\t\t\t\t\t<div class=\"faq-item-answer-text\">W\u0142\u0105czenie wtyczki Godziny pracy w witrynie Witryn Google to doskona\u0142a metoda na rozpocz\u0119cie komunikacji z klientami i poinformowanie ich o obowi\u0105zuj\u0105cym czasie i czasie pracy statusu w celu zapewnienia sprzeda\u017cy lub \u015bwiadczenia us\u0142ug. Poni\u017cej znajduj\u0105 si\u0119 kr\u00f3tkie tutoriale dotycz\u0105ce umieszczenia wtyczki darmowych godzin pracy na Twojej stronie. <ol><li>Je\u015bli chcesz bezp\u0142atnie w\u0142\u0105czy\u0107 godziny pracy Elfsight do Witryn Google, przejd\u017a do witryny Elfsight i utw\u00f3rz konto. <\/li><li>Utw\u00f3rz bezp\u0142atne godziny pracy, dostosowuj\u0105c ich wygl\u0105d i ustawienia do stylu witryny Witryn Google. <\/li><li>Po dostosowaniu godzin pracy skopiuj wygenerowany fragment kodu i wklej go w swojej witrynie Google Sites, w kt\u00f3rej chcesz, aby wtyczka by\u0142a wy\u015bwietlana. <\/li><\/ol>Umieszczaj\u0105c godziny pracy w witrynie Witryn Google, zwi\u0119kszysz jej atrakcyjno\u015b\u0107 wizualn\u0105 i zmotywujesz trwa\u0142\u0105 lojalno\u015b\u0107 klient\u00f3w. Poczuj korzy\u015bci z godzin pracy Elfsight bezp\u0142atnie! <\/div>\r\n\t\t\t\t\t<\/div>\r\n\t\t\t\t<\/div><\/div><\/div><div class=\"application-platform-content-item-features application-platform-content-item\" id=\"features\" data-nav-section=\"features\"> <h2>Przejrzyj list\u0119 najbardziej przydatnych funkcji:<\/h2> <ul><li>Poka\u017c dost\u0119pno\u015b\u0107 swojej firmy w czasie rzeczywistym<\/li><li>Przejrzyste dostosowanie rozk\u0142adu jazdy <\/li><li>Konfiguracja dni specjalnych<\/li><li>Aktualny stan aktywno\u015bci<\/li><li>Status integracji z sieci\u0105 lub zwarty<\/li><\/ul><p><a href=\"#demo\">Po prostu wypr\u00f3buj t\u0119 wersj\u0119 demonstracyjn\u0105, aby uzyska\u0107 pe\u0142ny obraz<\/a><\/p> <\/div> <div class=\"application-platform-content-item-installation application-platform-content-item\" id=\"installation\" data-nav-section=\"installation\"> <h2>Jak doda\u0107 godziny pracy do mojej witryny Witryn Google?<\/h2> <p>Wystarczy wykona\u0107 kilka krok\u00f3w opisanych poni\u017cej, aby doda\u0107 wtyczk\u0119 do swoich zmian roboczych.<\/p> <ol><li><b>Skorzystaj z naszego konfiguratora i zacznij budowa\u0107 swoj\u0105 niestandardowa wtyczka bez kodu.<\/b><br> Wybierz wybrany interfejs i specyfikacj\u0119 wtyczki i zapisz zmiany. <\/li> <li><b>Wy\u015bwietl sw\u00f3j osobisty kod w polu aplikacji Elfsight.<\/b><br> Zaraz po zako\u0144czeniu tworzenia osobistego wid\u017cetu godzin pracy bez kodu skopiuj indywidualny kod do wy\u015bwietlone okno i zapisz je na przysz\u0142e potrzeby. <\/li> <li><b>Zainicjuj korzystanie z wtyczki w swojej witrynie Witryn Google.<\/b><br> Wstaw skopiowany wcze\u015bniej kod na swoj\u0105 stron\u0119 i zapisz ulepszenia. <\/li> <li><b>Gotowe! Osadzanie godzin pracy bez kodu zosta\u0142o pomy\u015blnie wykonane.<\/b><br> Odwied\u017a swoj\u0105 witryn\u0119, aby zobaczy\u0107 dzia\u0142anie dodanego wid\u017cetu godzin pracy. <\/li><\/ol> <p>Je\u015bli masz pytania lub napotkasz trudno\u015bci, skontaktuj si\u0119 z naszym zespo\u0142em wsparcia. Nasi specjali\u015bci ch\u0119tnie rozwi\u0105\u017c\u0105 wszystkie problemy, jakie mo\u017cesz mie\u0107 z wtyczk\u0105 do Witryn Google. <\/p><\/div>\n","protected":false},"excerpt":{"rendered":"","protected":false},"author":9,"featured_media":0,"parent":3385,"menu_order":0,"comment_status":"closed","ping_status":"closed","template":"templates\/template-application-platform.php","meta":{"publish_to_discourse":"","publish_post_category":"","wpdc_auto_publish_overridden":"","wpdc_topic_tags":"","wpdc_pin_topic":"","wpdc_pin_until":"","discourse_post_id":"","discourse_permalink":"","wpdc_publishing_response":"","wpdc_publishing_error":"","footnotes":""},"class_list":["post-4544","page","type-page","status-publish","hentry"],"yoast_head":"<!-- This site is optimized with the Yoast SEO plugin v25.3.1 - https:\/\/yoast.com\/wordpress\/plugins\/seo\/ -->\n<title>Dodaj godziny otwarcia do Witryn Google \u2014 umie\u015b\u0107 harmonogram w witrynie internetowej<\/title>\n<meta name=\"description\" content=\"Dodaj dostosowan\u0105 aplikacj\u0119 Godziny otwarcia do Witryn Google, aby prezentowa\u0107 stan swojej aktywno\u015bci. Stw\u00f3rz w\u0142asne godziny pracy dzi\u0119ki wersji demonstracyjnej.\" \/>\n<meta name=\"robots\" content=\"index, follow, max-snippet:-1, max-image-preview:large, max-video-preview:-1\" \/>\n<link rel=\"canonical\" href=\"https:\/\/elfsight.com\/pl\/business-hours-widget\/google-sites\/\" \/>\n<meta property=\"og:locale\" content=\"pl_PL\" \/>\n<meta property=\"og:type\" content=\"article\" \/>\n<meta property=\"og:title\" content=\"Dodaj godziny otwarcia do Witryn Google \u2014 umie\u015b\u0107 harmonogram w witrynie internetowej\" \/>\n<meta property=\"og:description\" content=\"Dodaj dostosowan\u0105 aplikacj\u0119 Godziny otwarcia do Witryn Google, aby prezentowa\u0107 stan swojej aktywno\u015bci. Stw\u00f3rz w\u0142asne godziny pracy dzi\u0119ki wersji demonstracyjnej.\" \/>\n<meta property=\"og:url\" content=\"https:\/\/elfsight.com\/pl\/business-hours-widget\/google-sites\/\" \/>\n<meta property=\"og:site_name\" content=\"Elfsight PL\" \/>\n<meta property=\"article:modified_time\" content=\"2025-07-10T08:33:34+00:00\" \/>\n<meta name=\"twitter:card\" content=\"summary_large_image\" \/>\n<meta name=\"twitter:label1\" content=\"Szacowany czas czytania\" \/>\n\t<meta name=\"twitter:data1\" content=\"5 minut\" \/>\n<!-- \/ Yoast SEO plugin. -->","yoast_head_json":{"title":"Dodaj godziny otwarcia do Witryn Google \u2014 umie\u015b\u0107 harmonogram w witrynie internetowej","description":"Dodaj dostosowan\u0105 aplikacj\u0119 Godziny otwarcia do Witryn Google, aby prezentowa\u0107 stan swojej aktywno\u015bci. Stw\u00f3rz w\u0142asne godziny pracy dzi\u0119ki wersji demonstracyjnej.","robots":{"index":"index","follow":"follow","max-snippet":"max-snippet:-1","max-image-preview":"max-image-preview:large","max-video-preview":"max-video-preview:-1"},"canonical":"https:\/\/elfsight.com\/pl\/business-hours-widget\/google-sites\/","og_locale":"pl_PL","og_type":"article","og_title":"Dodaj godziny otwarcia do Witryn Google \u2014 umie\u015b\u0107 harmonogram w witrynie internetowej","og_description":"Dodaj dostosowan\u0105 aplikacj\u0119 Godziny otwarcia do Witryn Google, aby prezentowa\u0107 stan swojej aktywno\u015bci. Stw\u00f3rz w\u0142asne godziny pracy dzi\u0119ki wersji demonstracyjnej.","og_url":"https:\/\/elfsight.com\/pl\/business-hours-widget\/google-sites\/","og_site_name":"Elfsight PL","article_modified_time":"2025-07-10T08:33:34+00:00","twitter_card":"summary_large_image","twitter_misc":{"Szacowany czas czytania":"5 minut"},"schema":{"@context":"https:\/\/schema.org","@graph":[{"@type":"WebPage","@id":"https:\/\/elfsight.com\/pl\/business-hours-widget\/google-sites\/","url":"https:\/\/elfsight.com\/pl\/business-hours-widget\/google-sites\/","name":"Dodaj godziny otwarcia do Witryn Google \u2014 umie\u015b\u0107 harmonogram w witrynie internetowej","isPartOf":{"@id":"https:\/\/elfsight.com\/pl\/#website"},"datePublished":"2024-05-03T06:31:18+00:00","dateModified":"2025-07-10T08:33:34+00:00","description":"Dodaj dostosowan\u0105 aplikacj\u0119 Godziny otwarcia do Witryn Google, aby prezentowa\u0107 stan swojej aktywno\u015bci. Stw\u00f3rz w\u0142asne godziny pracy dzi\u0119ki wersji demonstracyjnej.","breadcrumb":{"@id":"https:\/\/elfsight.com\/pl\/business-hours-widget\/google-sites\/#breadcrumb"},"inLanguage":"pl-PL","potentialAction":[{"@type":"ReadAction","target":["https:\/\/elfsight.com\/pl\/business-hours-widget\/google-sites\/"]}]},{"@type":"BreadcrumbList","@id":"https:\/\/elfsight.com\/pl\/business-hours-widget\/google-sites\/#breadcrumb","itemListElement":[{"@type":"ListItem","position":1,"name":"Home","item":"https:\/\/elfsight.com\/pl\/"},{"@type":"ListItem","position":2,"name":"Business Hours","item":"https:\/\/elfsight.com\/pl\/business-hours-widget\/"},{"@type":"ListItem","position":3,"name":"Business Hours &#8211; Google Sites"}]},{"@type":"WebSite","@id":"https:\/\/elfsight.com\/pl\/#website","url":"https:\/\/elfsight.com\/pl\/","name":"Elfsight PL","description":"Just another Elfsight Sites site","potentialAction":[{"@type":"SearchAction","target":{"@type":"EntryPoint","urlTemplate":"https:\/\/elfsight.com\/pl\/?s={search_term_string}"},"query-input":{"@type":"PropertyValueSpecification","valueRequired":true,"valueName":"search_term_string"}}],"inLanguage":"pl-PL"}]}},"meta_box":{"industry":"","seo_heading":"","heading":"","description":"","cta_heading":"","cta_description":"","application":"3354","h1":"Wtyczka Godziny pracy Witryn Google","h1_caption":"Wy\u015bwietlaj godziny otwarcia w przejrzystym i atrakcyjnym formacie, aby bez wysi\u0142ku informowa\u0107 odwiedzaj\u0105cych o Twojej dost\u0119pno\u015bci w Witrynach Google.","application_category":[],"applications_title":"","applications_request_title":"","applications_request_button_text":"","hero_text":"","hero_video":"","hero_video_schema_markup":"","selling_points_title":"","selling_points_caption":"","selling_points":[],"selling_points_cta_text":"","features_title":"","features":"","ed_cta_examples_text":"","ed_cta_examples_hidden":"","ed_cta_demo_text":"","ed_cta_demo_hidden":"","why_caption":"","why_editor_title":"","why_editor_text":"","why_team_title":"","why_team_text":"","why_service_title":"","why_service_text":"","template_catalog_visible":"0","template_catalog_title":"","template_catalog_text":"","template_catalog_categories_visible":"","demo_title":"\u015amia\u0142o, utw\u00f3rz spersonalizowane godziny pracy Witryn Google","demo_caption":"Spersonalizuj go i wstaw widget na swoj\u0105 stron\u0119 korzystaj\u0105c z kreatora demo.","default_faq_hidden":"","app_template_category":[],"platform":"484","template_public_id":"","codecanyon_url":"","codecanyon_item_id":"","codecanyon_price":"","pricing_caption":"","pricing_elfsight_apps_hide_column":"","pricing_elfsight_apps_url":"","pricing_codecanyon_price_caption":"","integration_category":[],"integration_request_title":"","integration_request_cta":"","integration_platform":"","integrations":[],"platform_category":[],"video_schema_markup":"","price":"od 0 USD \/ miesi\u0105c","trial":"","benefits":[{"text":"Bezp\u0142atna pomoc w monta\u017cu"},{"text":"Kompetentna obs\u0142uga klienta"},{"text":"14-dniowa gwarancja zwrotu pieni\u0119dzy"}],"button_url":"#demo","button_target_blank":"0","button_nofollow":"0","attributes":[{"name":"Instaluje"},{"name":"Czu\u0142y"},{"name":"Kompatybilne przegl\u0105darki"}],"tags":[],"tags_disable_links":"0","hide_more_platforms":"0","video_object":"","demo_hide_cta":"0","demo_hide_cloud_options":"0","pricing_title":"","pricing":[{"pricing_icon":"platform","pricing_title":"Elfsight Apps","pricing_title_caption":"Wersja wieloplatformowa, kt\u00f3ra pasuje do ka\u017cdej witryny internetowej","pricing_price":"od 0 USD \/ miesi\u0105c","pricing_price_caption":"zacznij od bezp\u0142atnego planu","pricing_benefits":[{"text":"Nielimitowane strony internetowe"},{"text":"Szybka obs\u0142uga klienta"},{"text":"Bezp\u0142atna pomoc w monta\u017cu"},{"text":"Elastyczny projekt"}],"pricing_button_text":"Dodaj do witryny","pricing_button_url":"#demo"}],"related_apps_title":"","related_apps_hidden":"0","author":"","image":[],"title":"","job":"","social_networks":[]},"_links":{"self":[{"href":"https:\/\/elfsight.com\/pl\/wp-json\/wp\/v2\/pages\/4544","targetHints":{"allow":["GET"]}}],"collection":[{"href":"https:\/\/elfsight.com\/pl\/wp-json\/wp\/v2\/pages"}],"about":[{"href":"https:\/\/elfsight.com\/pl\/wp-json\/wp\/v2\/types\/page"}],"author":[{"embeddable":true,"href":"https:\/\/elfsight.com\/pl\/wp-json\/wp\/v2\/users\/9"}],"replies":[{"embeddable":true,"href":"https:\/\/elfsight.com\/pl\/wp-json\/wp\/v2\/comments?post=4544"}],"version-history":[{"count":2,"href":"https:\/\/elfsight.com\/pl\/wp-json\/wp\/v2\/pages\/4544\/revisions"}],"predecessor-version":[{"id":10704,"href":"https:\/\/elfsight.com\/pl\/wp-json\/wp\/v2\/pages\/4544\/revisions\/10704"}],"up":[{"embeddable":true,"href":"https:\/\/elfsight.com\/pl\/wp-json\/wp\/v2\/pages\/3385"}],"wp:attachment":[{"href":"https:\/\/elfsight.com\/pl\/wp-json\/wp\/v2\/media?parent=4544"}],"curies":[{"name":"wp","href":"https:\/\/api.w.org\/{rel}","templated":true}]}}