{"id":4543,"date":"2024-05-03T06:31:17","date_gmt":"2024-05-03T06:31:17","guid":{"rendered":"https:\/\/elfsight.com\/pl\/?page_id=4543"},"modified":"2024-10-24T13:15:49","modified_gmt":"2024-10-24T13:15:49","slug":"html","status":"publish","type":"page","link":"https:\/\/elfsight.com\/pl\/business-hours-widget\/html\/","title":{"rendered":"Business Hours &#8211; HTML"},"content":{"rendered":"<div class=\"application-platform-content-item-description application-platform-content-item\" id=\"description\" data-nav-section=\"description\"> <h2>Osad\u017a godziny pracy w formacie HTML za pomoc\u0105 wid\u017cetu Elfsight<\/h2> <p>Godziny pracy Elfsight w formacie HTML to prosty wid\u017cet niewymagaj\u0105cy kodu, kt\u00f3ry pozwala stworzy\u0107 atrakcyjn\u0105 wizyt\u00f3wk\u0119 zawieraj\u0105c\u0105 najwa\u017cniejsze dane dotycz\u0105ce Twojej dzia\u0142alno\u015bci. Mo\u017cesz zawrze\u0107 w nim informacje o swoim aktualnym statusie dzia\u0142ania oraz udost\u0119pni\u0107 kontakty swoim klientom. Wid\u017cet pozwala na wymy\u015blenie atrakcyjnych projekt\u00f3w, dzi\u0119ki kt\u00f3rym klienci b\u0119d\u0105 mogli \u0142atwo zapozna\u0107 si\u0119 ze wszystkimi potrzebnymi danymi w skr\u00f3cie lub bardziej szczeg\u00f3\u0142owo. <\/p><p>\u015awietny widget zawiera wiele szablon\u00f3w, dzi\u0119ki czemu mo\u017cesz wybra\u0107 najbardziej efektywn\u0105 opcj\u0119 dla swojej witryny. Ka\u017cdy szablon zawiera r\u00f3\u017cne ustawienia, kt\u00f3re pomog\u0105 Ci stworzy\u0107 niestandardowy widget z niezb\u0119dnymi elementami, takimi jak przyciski zam\u00f3wienia i rejestracji, kt\u00f3re zwi\u0119ksz\u0105 sprzeda\u017c. Dodanie godzin pracy i danych kontaktowych Twojej firmy do stron Twojej witryny jest bardzo \u0142atwe dzi\u0119ki Elfsight dzi\u0119ki prostym samouczkom i przewodnikom. Ka\u017cdy u\u017cytkownik mo\u017ce bezp\u0142atnie utworzy\u0107 i doda\u0107 wid\u017cet godzin pracy bez kodu<\/p> <p><b>Dodaj szczeg\u00f3\u0142y firmy do swojej witryny, aby zwi\u0119kszy\u0107 sprzeda\u017c i lojalno\u015b\u0107 klient\u00f3w. Dzi\u0119ki wid\u017cetowi mo\u017cesz w przejrzysty spos\u00f3b udost\u0119pnia\u0107 wa\u017cne informacje na temat swojej aktywno\u015bci zawodowej. <\/b><\/p> <p>Dzi\u0119ki temu widgetowi osadzonemu w Twojej witrynie HTML mo\u017cesz zwi\u0119kszy\u0107 \u015bwiadomo\u015b\u0107 swoich klient\u00f3w na temat proces\u00f3w biznesowych i regularnie dokonywa\u0107 sprzeda\u017cy. Poznaj niekt\u00f3re z najwa\u017cniejszych pozytywnych wynik\u00f3w dla swojej witryny, dodaj\u0105c do niej wid\u017cet godzin pracy bez kodu.<\/p><ul><li><b>Pozw\u00f3l swoim klientom by\u0107 zawsze na czas.<\/b> Zwi\u0119ksz sprzeda\u017c, poniewa\u017c zawsze jeste\u015b obecny we wskazanych godzinach pracy. Odwiedzaj\u0105cy Twoj\u0105 witryn\u0119 zapami\u0119taj\u0105 godziny otwarcia i b\u0119d\u0105 mieli wi\u0119ksz\u0105 pewno\u015b\u0107, \u017ce w razie potrzeby dokonaj\u0105 udanego zakupu. <\/li><li><b>Unikaj nieporozumie\u0144 co do godzin otwarcia.<\/b> Podanie klientom na stronie jasnych godzin pracy sprawi, \u017ce b\u0119d\u0105 bardziej oddani Twojej marce, poniewa\u017c b\u0119d\u0105 mogli zaplanowa\u0107 rezerwacj\u0119 lub wizyt\u0119 u ciebie. <\/li><li><b>Wy\u015bwietlaj dane kontaktowe w widoczny spos\u00f3b.<\/b> Dodanie danych kontaktowych do wid\u017cetu Godziny pracy bez kodu pozwala na lepsz\u0105 komunikacj\u0119 z osobami odwiedzaj\u0105cymi Twoj\u0105 witryn\u0119 i przyspiesza sprzeda\u017c. Poka\u017c, \u017ce jeste\u015b tutaj, aby odpowiedzie\u0107 na ich zapytania dotycz\u0105ce produkt\u00f3w i us\u0142ug Twojej firmy, co prze\u0142o\u017cy si\u0119 na wi\u0119ksze zaufanie i lepsz\u0105 sprzeda\u017c. <\/li><\/ul><div class=\"faq\" data-component=\"FAQ\"><div class=\"faq-item\">\r\n\t\t\t\t\t<div class=\"faq-item-question\">\r\n\t\t\t\t\t\t<h3 class=\"faq-item-question-text\">Czy s\u0105 jakie\u015b inne wtyczki HTML, kt\u00f3re mog\u0119 doda\u0107 do mojej witryny?<\/h3>\r\n\r\n\t\t\t\t\t\t<div class=\"faq-item-question-icon\"><\/div>\r\n\t\t\t\t\t<\/div>\r\n\r\n\t\t\t\t\t<div class=\"faq-item-answer\">\r\n\t\t\t\t\t\t<div class=\"faq-item-answer-text\">Mo\u017cemy udost\u0119pni\u0107 Ci wiele wtyczek, dzi\u0119ki kt\u00f3rym wykonasz dowolne zadanie na swojej stronie strona internetowa. Przekonaj si\u0119 sam: <a href=\"https:\/\/elfsight.com\/google-reviews-widget\/html\/\" target=\"_blank\" rel=\"noopener\">Recenzje Google<\/a>, <a href=\"https:\/\/elfsight.com\/whatsapp-chat-widget\/html\/\" target=\"_blank\" rel=\"noopener\">Czat WhatsApp<\/a>, <a href=\"https:\/\/elfsight.com\/event-calendar -widget\/html\/\" target=\"_blank\" rel=\"noopener\">Kalendarz wydarze\u0144<\/a>, <a href=\"https:\/\/elfsight.com\/countdown-timer-widget\/html\/\" target=\"_blank \" rel=\"noopener\">Licznik czasu<\/a>, <a href=\"https:\/\/elfsight.com\/qr-code-widget\/html\/\" target=\"_blank\" rel=\"noopener\">Kod QR<\/a>.<\/div>\r\n\t\t\t\t\t<\/div>\r\n\t\t\t\t<\/div><div class=\"faq-item\">\r\n\t\t\t\t\t<div class=\"faq-item-question\">\r\n\t\t\t\t\t\t<h3 class=\"faq-item-question-text\">Jak mog\u0119 osi\u0105gn\u0105\u0107 wyniki dzi\u0119ki Godzinom pracy w formacie HTML?<\/h3>\r\n\r\n\t\t\t\t\t\t<div class=\"faq-item-question-icon\"><\/div>\r\n\t\t\t\t\t<\/div>\r\n\r\n\t\t\t\t\t<div class=\"faq-item-answer\">\r\n\t\t\t\t\t\t<div class=\"faq-item-answer-text\">Istnieje wiele sposob\u00f3w na ulepszenie statystyk konwersji i wynik\u00f3w sprzeda\u017cy poprzez dodanie wtyczki Godziny pracy. Dzi\u0119ki szablonom Elfsight dla tej ekscytuj\u0105cej wtyczki do stron internetowych mo\u017cliwe jest zbudowanie osobistej strategii biznesowej. Mo\u017cesz albo przedstawi\u0107 informacje o godzinach pracy i narz\u0119dziach umo\u017cliwiaj\u0105cych kontakt z Tob\u0105, albo po prostu osadzi\u0107 ma\u0142e wyskakuj\u0105ce okienko ze statusem. Dzi\u0119ki naszej wtyczce z godzinami pracy mo\u017cesz zbudowa\u0107 karty kontaktowe i doda\u0107 je do witryny, aby przyku\u0107 uwag\u0119 i poinformowa\u0107 klient\u00f3w o swojej aktywno\u015bci.<\/div>\r\n\t\t\t\t\t<\/div>\r\n\t\t\t\t<\/div><div class=\"faq-item\">\r\n\t\t\t\t\t<div class=\"faq-item-question\">\r\n\t\t\t\t\t\t<h3 class=\"faq-item-question-text\">Jak za darmo osadzi\u0107 godziny pracy na stronach HTML?<\/h3>\r\n\r\n\t\t\t\t\t\t<div class=\"faq-item-question-icon\"><\/div>\r\n\t\t\t\t\t<\/div>\r\n\r\n\t\t\t\t\t<div class=\"faq-item-answer\">\r\n\t\t\t\t\t\t<div class=\"faq-item-answer-text\">Osadzanie Wtyczka Godziny pracy do Twojej witryny HTML to znakomita metoda anga\u017cowania odwiedzaj\u0105cych w komunikacj\u0119 i informowania ich o Twoim aktualnym czasie i statusie, aby zapewni\u0107 sprzeda\u017c lub \u015bwiadczenie us\u0142ug. Oferujemy kilka samouczk\u00f3w na temat dodawania wtyczki godzin pracy bez kodu do Twojej witryny.<ol><li>Aby bezp\u0142atnie zintegrowa\u0107 Godziny pracy Elfsight z kodem HTML, przejd\u017a do witryny Elfsight i zarejestruj si\u0119.<\/li><li> Utw\u00f3rz wtyczk\u0119 Godziny pracy bez kodu, dostosowuj\u0105c jej wygl\u0105d i ustawienia do tematyki swojej witryny.<\/li><li>Po utworzeniu Godzin pracy przenie\u015b kod do kodu HTML swojej witryny, gdzie chcesz, aby wtyczka dzia\u0142a\u0142a.<\/li><li> li&gt;<\/ol>Umieszczaj\u0105c godziny otwarcia w swojej witrynie HTML, podniesiesz jej atrakcyjno\u015b\u0107 wizualn\u0105 i zmotywujesz do trwa\u0142ej lojalno\u015bci odwiedzaj\u0105cych. Poczuj zalety wtyczki Elfsight Business Hours bezp\u0142atnie!<\/div>\r\n\t\t\t\t\t<\/div>\r\n\t\t\t\t<\/div><\/div><\/div><div class=\"application-platform-content-item-features application-platform-content-item\" id=\"features\" data-nav-section=\"features\"> <h2>Oferujemy przydatne i wygodne funkcje widgetu, sprawd\u017a niekt\u00f3re z nich :<\/h2> <ul><li>Poka\u017c aktualny status swojej organizacji<\/li><li>Proste dostosowanie harmonogramu<\/li><li>Konfiguracja na specjalne okazje<\/li><li>Aktualny stan<\/li> <li>Wykres do wstawienia lub stan oszcz\u0119dzaj\u0105cy miejsce<\/li><\/ul><p><a href=\"#demo\">Wypr\u00f3buj wszystkie ustawienia w w pe\u0142ni funkcjonalnej wersji demonstracyjnej<\/a><\/p><\/div> <div class=\"application-platform-content-item-installation application-platform-content-item\" id=\"installation\" data-nav-section=\"installation\"> <h2>Jak mog\u0119 osadzi\u0107 godziny pracy w mojej witrynie HTML?<\/h2> <p>Wystarczy spe\u0142ni\u0107 poni\u017csze wskaz\u00f3wki, aby osadzi\u0107 wtyczk\u0119 na swoich zmianach roboczych.<\/p> <ol> <li><b>Skorzystaj z naszego konfiguratora i zacznij tworzy\u0107 swoj\u0105 unikaln\u0105 wtyczk\u0119.<\/b><br> Znajd\u017a preferowany wygl\u0105d i specyfikacje oraz zapisz zmiany. <\/li> <li><b>Skopiuj kod osobisty wy\u015bwietlany w specjalnym formularzu w aplikacjach Elfsight.<\/b><br> Gdy tylko konfiguracja Twojej osobistej wtyczki zostanie zako\u0144czona, skopiuj kod osobisty na pojawi\u0142o si\u0119 wyskakuj\u0105ce okienko i zachowaj je na kolejne okazje. <\/li> <li><b>Rozpocznij korzystanie z wtyczki na stronie HTML.<\/b><br> Wstaw ostatnio skopiowany kod na swoj\u0105 stron\u0119 g\u0142\u00f3wn\u0105 i zastosuj poprawki. <\/li> <li><b>Konfiguracja godzin pracy bez kodu zosta\u0142a pomy\u015blnie uko\u0144czona.<\/b><br> Przejd\u017a do swojej witryny, aby sprawdzi\u0107 dzia\u0142anie dodanej wtyczki Godziny pracy. <\/li><\/ol> <p>W przypadku napotkania jakichkolwiek przeszk\u00f3d prosimy o kontakt z naszym dzia\u0142em obs\u0142ugi klienta. Nasi specjali\u015bci pomog\u0105 Ci we wszystkich trudno\u015bciach, jakie mo\u017cesz mie\u0107 z aplikacj\u0105 dla HTML. <\/p> <\/div>","protected":false},"excerpt":{"rendered":"","protected":false},"author":9,"featured_media":0,"parent":3385,"menu_order":0,"comment_status":"closed","ping_status":"closed","template":"templates\/template-application-platform.php","meta":{"publish_to_discourse":"","publish_post_category":"","wpdc_auto_publish_overridden":"","wpdc_topic_tags":"","wpdc_pin_topic":"","wpdc_pin_until":"","discourse_post_id":"","discourse_permalink":"","wpdc_publishing_response":"","wpdc_publishing_error":"","footnotes":""},"class_list":["post-4543","page","type-page","status-publish","hentry"],"yoast_head":"<!-- This site is optimized with the Yoast SEO plugin v25.3.1 - https:\/\/yoast.com\/wordpress\/plugins\/seo\/ -->\n<title>Dodaj bezp\u0142atne godziny pracy do kodu HTML \u2014 osadzaj harmonogramy pracy w witrynach<\/title>\n<meta name=\"description\" content=\"Umie\u015b\u0107 dostosowywalny wid\u017cet godzin pracy w formacie HTML, aby zaprezentowa\u0107 status swojej firmy. Utw\u00f3rz swoje osobiste godziny pracy w wersji demonstracyjnej.\" \/>\n<meta name=\"robots\" content=\"index, follow, max-snippet:-1, max-image-preview:large, max-video-preview:-1\" \/>\n<link rel=\"canonical\" href=\"https:\/\/elfsight.com\/pl\/business-hours-widget\/html\/\" \/>\n<meta property=\"og:locale\" content=\"pl_PL\" \/>\n<meta property=\"og:type\" content=\"article\" \/>\n<meta property=\"og:title\" content=\"Dodaj bezp\u0142atne godziny pracy do kodu HTML \u2014 osadzaj harmonogramy pracy w witrynach\" \/>\n<meta property=\"og:description\" content=\"Umie\u015b\u0107 dostosowywalny wid\u017cet godzin pracy w formacie HTML, aby zaprezentowa\u0107 status swojej firmy. Utw\u00f3rz swoje osobiste godziny pracy w wersji demonstracyjnej.\" \/>\n<meta property=\"og:url\" content=\"https:\/\/elfsight.com\/pl\/business-hours-widget\/html\/\" \/>\n<meta property=\"og:site_name\" content=\"Elfsight PL\" \/>\n<meta property=\"article:modified_time\" content=\"2024-10-24T13:15:49+00:00\" \/>\n<meta name=\"twitter:card\" content=\"summary_large_image\" \/>\n<meta name=\"twitter:label1\" content=\"Szacowany czas czytania\" \/>\n\t<meta name=\"twitter:data1\" content=\"5 minut\" \/>\n<!-- \/ Yoast SEO plugin. -->","yoast_head_json":{"title":"Dodaj bezp\u0142atne godziny pracy do kodu HTML \u2014 osadzaj harmonogramy pracy w witrynach","description":"Umie\u015b\u0107 dostosowywalny wid\u017cet godzin pracy w formacie HTML, aby zaprezentowa\u0107 status swojej firmy. Utw\u00f3rz swoje osobiste godziny pracy w wersji demonstracyjnej.","robots":{"index":"index","follow":"follow","max-snippet":"max-snippet:-1","max-image-preview":"max-image-preview:large","max-video-preview":"max-video-preview:-1"},"canonical":"https:\/\/elfsight.com\/pl\/business-hours-widget\/html\/","og_locale":"pl_PL","og_type":"article","og_title":"Dodaj bezp\u0142atne godziny pracy do kodu HTML \u2014 osadzaj harmonogramy pracy w witrynach","og_description":"Umie\u015b\u0107 dostosowywalny wid\u017cet godzin pracy w formacie HTML, aby zaprezentowa\u0107 status swojej firmy. Utw\u00f3rz swoje osobiste godziny pracy w wersji demonstracyjnej.","og_url":"https:\/\/elfsight.com\/pl\/business-hours-widget\/html\/","og_site_name":"Elfsight PL","article_modified_time":"2024-10-24T13:15:49+00:00","twitter_card":"summary_large_image","twitter_misc":{"Szacowany czas czytania":"5 minut"},"schema":{"@context":"https:\/\/schema.org","@graph":[{"@type":"WebPage","@id":"https:\/\/elfsight.com\/pl\/business-hours-widget\/html\/","url":"https:\/\/elfsight.com\/pl\/business-hours-widget\/html\/","name":"Dodaj bezp\u0142atne godziny pracy do kodu HTML \u2014 osadzaj harmonogramy pracy w witrynach","isPartOf":{"@id":"https:\/\/elfsight.com\/pl\/#website"},"datePublished":"2024-05-03T06:31:17+00:00","dateModified":"2024-10-24T13:15:49+00:00","description":"Umie\u015b\u0107 dostosowywalny wid\u017cet godzin pracy w formacie HTML, aby zaprezentowa\u0107 status swojej firmy. Utw\u00f3rz swoje osobiste godziny pracy w wersji demonstracyjnej.","breadcrumb":{"@id":"https:\/\/elfsight.com\/pl\/business-hours-widget\/html\/#breadcrumb"},"inLanguage":"pl-PL","potentialAction":[{"@type":"ReadAction","target":["https:\/\/elfsight.com\/pl\/business-hours-widget\/html\/"]}]},{"@type":"BreadcrumbList","@id":"https:\/\/elfsight.com\/pl\/business-hours-widget\/html\/#breadcrumb","itemListElement":[{"@type":"ListItem","position":1,"name":"Home","item":"https:\/\/elfsight.com\/pl\/"},{"@type":"ListItem","position":2,"name":"Business Hours","item":"https:\/\/elfsight.com\/pl\/business-hours-widget\/"},{"@type":"ListItem","position":3,"name":"Business Hours &#8211; HTML"}]},{"@type":"WebSite","@id":"https:\/\/elfsight.com\/pl\/#website","url":"https:\/\/elfsight.com\/pl\/","name":"Elfsight PL","description":"Just another Elfsight Sites site","potentialAction":[{"@type":"SearchAction","target":{"@type":"EntryPoint","urlTemplate":"https:\/\/elfsight.com\/pl\/?s={search_term_string}"},"query-input":{"@type":"PropertyValueSpecification","valueRequired":true,"valueName":"search_term_string"}}],"inLanguage":"pl-PL"}]}},"meta_box":{"industry":"","seo_heading":"","heading":"","description":"","cta_heading":"","cta_description":"","application":"3354","h1":"Wid\u017cet godzin pracy HTML","h1_caption":"Wy\u015bwietlaj godziny pracy w przejrzystym i atrakcyjnym formacie, aby bez wysi\u0142ku informowa\u0107 odwiedzaj\u0105cych o Twojej dost\u0119pno\u015bci w witrynie HTML.","application_category":[],"applications_title":"","applications_request_title":"","applications_request_button_text":"","hero_text":"","hero_video":"","hero_video_schema_markup":"","selling_points_title":"","selling_points_caption":"","selling_points":[],"selling_points_cta_text":"","features_title":"","features":"","ed_cta_examples_text":"","ed_cta_examples_hidden":"","ed_cta_demo_text":"","ed_cta_demo_hidden":"","why_caption":"","why_editor_title":"","why_editor_text":"","why_team_title":"","why_team_text":"","why_service_title":"","why_service_text":"","template_catalog_visible":"","template_catalog_title":"","template_catalog_text":"","template_catalog_categories_visible":"","demo_title":"Zach\u0119camy do tworzenia niestandardowych godzin pracy w formacie HTML","demo_caption":"Spersonalizuj i dodaj go na swojej stronie za pomoc\u0105 demonstracji na \u017cywo.","default_faq_hidden":"","app_template_category":[],"platform":"50","template_public_id":"","codecanyon_url":"","codecanyon_item_id":"","codecanyon_price":"","pricing_caption":"","pricing_elfsight_apps_hide_column":"","pricing_elfsight_apps_url":"","pricing_codecanyon_price_caption":"","integration_category":[],"integration_request_title":"","integration_request_cta":"","integration_platform":"","integrations":[],"platform_category":[],"video_schema_markup":"","price":"od 0 USD \/ miesi\u0105c","trial":"","benefits":[{"text":"Bezp\u0142atna us\u0142uga monta\u017cu"},{"text":"Wsparcie premium"},{"text":"14-dniowa gwarancja zwrotu pieni\u0119dzy"}],"button_url":"#demo","button_target_blank":"","button_nofollow":"","attributes":[{"name":"Instaluje"},{"name":"Czu\u0142y"},{"name":"Kompatybilne przegl\u0105darki"}],"tags":[],"tags_disable_links":"","hide_more_platforms":"","video_object":"","demo_hide_cta":"","demo_hide_cloud_options":"","pricing_title":"","pricing":[{"pricing_icon":"platform","pricing_title":"Elfsight Apps","pricing_title_caption":"Oprogramowanie wieloplatformowe, kt\u00f3re dzia\u0142a na dowolnej stronie internetowej","pricing_price":"od 0 USD \/ miesi\u0105c","pricing_price_caption":"zacznij od bezp\u0142atnego planu","pricing_benefits":[{"text":"Nielimitowane strony internetowe"},{"text":"Najwy\u017csza obs\u0142uga klienta"},{"text":"Bezp\u0142atna us\u0142uga monta\u017cu"},{"text":"Elastyczny projekt"}],"pricing_button_text":"Dodaj do witryny","pricing_button_url":"#demo"}],"related_apps_title":"","related_apps_hidden":"","author":"","image":[],"title":"","job":"","social_networks":[]},"_links":{"self":[{"href":"https:\/\/elfsight.com\/pl\/wp-json\/wp\/v2\/pages\/4543","targetHints":{"allow":["GET"]}}],"collection":[{"href":"https:\/\/elfsight.com\/pl\/wp-json\/wp\/v2\/pages"}],"about":[{"href":"https:\/\/elfsight.com\/pl\/wp-json\/wp\/v2\/types\/page"}],"author":[{"embeddable":true,"href":"https:\/\/elfsight.com\/pl\/wp-json\/wp\/v2\/users\/9"}],"replies":[{"embeddable":true,"href":"https:\/\/elfsight.com\/pl\/wp-json\/wp\/v2\/comments?post=4543"}],"version-history":[{"count":1,"href":"https:\/\/elfsight.com\/pl\/wp-json\/wp\/v2\/pages\/4543\/revisions"}],"predecessor-version":[{"id":4547,"href":"https:\/\/elfsight.com\/pl\/wp-json\/wp\/v2\/pages\/4543\/revisions\/4547"}],"up":[{"embeddable":true,"href":"https:\/\/elfsight.com\/pl\/wp-json\/wp\/v2\/pages\/3385"}],"wp:attachment":[{"href":"https:\/\/elfsight.com\/pl\/wp-json\/wp\/v2\/media?parent=4543"}],"curies":[{"name":"wp","href":"https:\/\/api.w.org\/{rel}","templated":true}]}}