{"id":4542,"date":"2024-05-03T06:31:16","date_gmt":"2024-05-03T06:31:16","guid":{"rendered":"https:\/\/elfsight.com\/pl\/?page_id=4542"},"modified":"2024-12-26T14:36:17","modified_gmt":"2024-12-26T14:36:17","slug":"iframe","status":"publish","type":"page","link":"https:\/\/elfsight.com\/pl\/business-hours-widget\/iframe\/","title":{"rendered":"Business Hours &#8211; iFrame"},"content":{"rendered":"\n<div class=\"application-platform-content-item-description application-platform-content-item\" id=\"description\" data-nav-section=\"description\"> <h2>Osad\u017a godziny pracy w iFrame za pomoc\u0105 wid\u017cetu Elfsight<\/h2> <p>Elfsight Godziny pracy dla iFrame to prosty wid\u017cet niewymagaj\u0105cy kodu, umo\u017cliwiaj\u0105cy zaprojektujesz \u0142adn\u0105 wizyt\u00f3wk\u0119 zawieraj\u0105c\u0105 najwa\u017cniejsze dane dotycz\u0105ce Twojej organizacji. Mo\u017cesz zawrze\u0107 informacje o statusie swojej firmy oraz udost\u0119pni\u0107 kontakty swoim odbiorcom. Wid\u017cet pozwala na zaprojektowanie przyjaznych dla u\u017cytkownika projekt\u00f3w, dzi\u0119ki kt\u00f3rym klienci b\u0119d\u0105 mogli \u0142atwo znale\u017a\u0107 wszystkie potrzebne informacje w skr\u00f3cie lub bardziej szczeg\u00f3\u0142owo. <\/p><p>Doskona\u0142y widget zawiera szereg szablon\u00f3w, dzi\u0119ki czemu mo\u017cesz wybra\u0107 najbardziej efektywn\u0105 opcj\u0119 dla swojej witryny. Ka\u017cdy szablon zawiera regulowane ustawienia, dzi\u0119ki kt\u00f3rym mo\u017cesz opracowa\u0107 niestandardowy widget z wymaganymi elementami, takimi jak przyciski czatu i udost\u0119pniania, kt\u00f3re zwi\u0119kszaj\u0105 sprzeda\u017c. Dodanie godzin pracy i danych kontaktowych Twojej firmy do Twojej witryny internetowej jest bardzo \u0142atwe dzi\u0119ki Elfsight dzi\u0119ki \u0142atwym do zrozumienia samouczkom i instrukcjom. Ka\u017cdy u\u017cytkownik mo\u017ce bezp\u0142atnie utworzy\u0107 i osadzi\u0107 wid\u017cet Godziny pracy bez kodu<\/p> <p><b>Umie\u015b\u0107 szczeg\u00f3\u0142owe informacje o firmie na swojej stronie internetowej, aby zwi\u0119kszy\u0107 wska\u017aniki sprzeda\u017cy i lojalno\u015b\u0107 klient\u00f3w. Z \u0142atwo\u015bci\u0105 udost\u0119pniaj kluczowe informacje na temat swojej aktywno\u015bci zawodowej za pomoc\u0105 wid\u017cetu Elfsight. <\/b><\/p> <p>Dzi\u0119ki temu wid\u017cetowi dodanemu do Twojej witryny iFrame mo\u017cesz zapewni\u0107 swoim odbiorcom wi\u0119cej informacji na temat Twojej firmy i zwi\u0119kszy\u0107 sprzeda\u017c. Dowiedz si\u0119 o niekt\u00f3rych kluczowych korzy\u015bciach dla Twojej witryny internetowej po umieszczeniu w niej bezp\u0142atnych okres\u00f3w pracy. <\/p><ul><li><b>Niech klienci b\u0119d\u0105 zawsze na czas.<\/b> Zwi\u0119kszaj sprzeda\u017c, pozostaj\u0105c w sta\u0142ym kontakcie we wskazanych godzinach pracy. Odwiedzaj\u0105cy Twoj\u0105 witryn\u0119 zauwa\u017c\u0105 Twoj\u0105 dost\u0119pno\u015b\u0107 i b\u0119d\u0105 mieli wi\u0119ksz\u0105 pewno\u015b\u0107, \u017ce dokonaj\u0105 udanego zakupu, gdy zajdzie taka potrzeba. <\/li><li><b>Unikaj nieporozumie\u0144 co do godzin pracy.<\/b> Pokazywanie klientom na stronie przyzwoitych ram pracy sprawi, \u017ce b\u0119d\u0105 bardziej oddani Twojej firmie, poniewa\u017c b\u0119d\u0105 mogli zaplanowa\u0107 rezerwacj\u0119 lub wizyt\u0119 u ciebie. <\/li><li><b>Wy\u015bwietlaj informacje kontaktowe w wygodny spos\u00f3b.<\/b> Dodanie informacji kontaktowych do wid\u017cetu godzin pracy bez kodu umo\u017cliwia budowanie lepszej komunikacji z klientami i przyspieszanie sprzeda\u017cy. Poka\u017c, \u017ce jeste\u015b gotowy odpowiedzie\u0107 na ich obawy dotycz\u0105ce produkt\u00f3w i us\u0142ug Twojej firmy, co zako\u0144czy si\u0119 wi\u0119kszym zaufaniem i presti\u017cem. <\/li><\/ul><div class=\"faq\" data-component=\"FAQ\"><div class=\"faq-item\">\r\n\t\t\t\t\t<div class=\"faq-item-question\">\r\n\t\t\t\t\t\t<h3 class=\"faq-item-question-text\">Czy masz inne wtyczki do iFrame, kt\u00f3re mog\u0119 doda\u0107 do mojej witryny?<\/h3>\r\n\r\n\t\t\t\t\t\t<div class=\"faq-item-question-icon\"><\/div>\r\n\t\t\t\t\t<\/div>\r\n\r\n\t\t\t\t\t<div class=\"faq-item-answer\">\r\n\t\t\t\t\t\t<div class=\"faq-item-answer-text\">Mo\u017cemy udost\u0119pni\u0107 Ci wiele wtyczek, aby\u015b m\u00f3g\u0142 wykona\u0107 dowolne zadanie w swojej witrynie i zwi\u0119ksz swoj\u0105 sprzeda\u017c. Oto kilka przyk\u0142ad\u00f3w: <a href=\"https:\/\/elfsight.com\/pl\/google-reviews-widget\/iframe\/\" target=\"_blank\" rel=\"noopener\">Recenzje Google<\/a>, <a href=\"https:\/\/elfsight.com\/pl\/whatsapp-chat-widget\/iframe\/\" target=\"_blank\" rel=\"noopener\">Czat WhatsApp<\/a>, <a href=\"https:\/\/elfsight.com\/pl\/event-calendar-widget\/iframe\/\" target=\"_blank\" rel=\"noopener\">Kalendarz wydarze\u0144<\/a>, <a href=\"https:\/\/elfsight.com\/pl\/countdown-timer-widget\/iframe\/\" target=\" _blank\" rel=\"noopener\">Licznik czasu<\/a>, <a href=\"https:\/\/elfsight.com\/pl\/qr-code-widget\/iframe\/\" target=\"_blank\" rel=\"noopener\">Kod QR <\/a>. <\/div>\r\n\t\t\t\t\t<\/div>\r\n\t\t\t\t<\/div><div class=\"faq-item\">\r\n\t\t\t\t\t<div class=\"faq-item-question\">\r\n\t\t\t\t\t\t<h3 class=\"faq-item-question-text\">Jak mog\u0119 skorzysta\u0107 z godzin pracy w iFrame?<\/h3>\r\n\r\n\t\t\t\t\t\t<div class=\"faq-item-question-icon\"><\/div>\r\n\t\t\t\t\t<\/div>\r\n\r\n\t\t\t\t\t<div class=\"faq-item-answer\">\r\n\t\t\t\t\t\t<div class=\"faq-item-answer-text\">Istnieje wiele sposob\u00f3w na popraw\u0119 statystyk konwersji i wska\u017anik\u00f3w sprzeda\u017cy witryny internetowej poprzez dodanie wtyczki Godziny pracy. Dzi\u0119ki szablonom Elfsight dla tej \u015bwietnej wtyczki do stron internetowych mo\u017cna wybra\u0107 taktyk\u0119 promocji osobistej. Mo\u017cesz albo wy\u015bwietli\u0107 rozszerzone informacje dotycz\u0105ce godzin pracy i sposob\u00f3w nawi\u0105zania z Tob\u0105 komunikacji, albo po prostu osadzi\u0107 ma\u0142y, aktualny pasek stanu. Za pomoc\u0105 wtyczki Godziny pracy mo\u017cesz tworzy\u0107 karty kontaktowe i dodawa\u0107 je do wymaganych stron witryny, aby przyci\u0105gn\u0105\u0107 uwag\u0119 i poinformowa\u0107 odwiedzaj\u0105cych o Twojej aktywno\u015bci. <\/div>\r\n\t\t\t\t\t<\/div>\r\n\t\t\t\t<\/div><div class=\"faq-item\">\r\n\t\t\t\t\t<div class=\"faq-item-question\">\r\n\t\t\t\t\t\t<h3 class=\"faq-item-question-text\">Jak bezp\u0142atnie osadzi\u0107 godziny pracy w witrynach iFrame?<\/h3>\r\n\r\n\t\t\t\t\t\t<div class=\"faq-item-question-icon\"><\/div>\r\n\t\t\t\t\t<\/div>\r\n\r\n\t\t\t\t\t<div class=\"faq-item-answer\">\r\n\t\t\t\t\t\t<div class=\"faq-item-answer-text\">W\u0142\u0105czenie wtyczki Godziny pracy w witrynie iFrame to prosty spos\u00f3b na przyci\u0105gni\u0119cie nowych klient\u00f3w i poinformowanie ich o gotowo\u015bci do sprzeda\u017cy lub renderowania us\u0142ugi. Znajd\u017a kilka tutoriali na temat dodawania wtyczki godzin pracy bez kodu do swojej witryny. <ol><li>Je\u015bli chcesz bezp\u0142atnie w\u0142\u0105czy\u0107 godziny pracy Elfsight do iFrame, przejd\u017a do strony internetowej Elfsight i zarejestruj si\u0119. <\/li><li>Utw\u00f3rz bezp\u0142atne godziny pracy, dostosowuj\u0105c ich wygl\u0105d i ustawienia do tematyki witryny iFrame. <\/li><li>Po dostosowaniu godzin pracy skopiuj wygenerowany fragment kodu i wklej go w swojej witrynie iFrame, w kt\u00f3rej chcesz, aby wtyczka dzia\u0142a\u0142a. <\/li><\/ol>Umieszczaj\u0105c godziny pracy w witrynie iFrame, z pewno\u015bci\u0105 poprawisz jej wygl\u0105d i zmotywujesz do trwa\u0142ej lojalno\u015bci odwiedzaj\u0105cych. Poczuj korzy\u015bci z godzin pracy Elfsight bezp\u0142atnie! <\/div>\r\n\t\t\t\t\t<\/div>\r\n\t\t\t\t<\/div><\/div><\/div><div class=\"application-platform-content-item-features application-platform-content-item\" id=\"features\" data-nav-section=\"features\"> <h2>Widget zawiera cenne i nieskomplikowane funkcje, oto niekt\u00f3re z nich:<\/h2> <ul><li>Zaprezentuj swoj\u0105 firm\u0119 aktualny status<\/li><li>\u0141atwa regulacja godzin pracy <\/li><li>Konfiguracja na specjalne okazje<\/li><li>Wskazywanie sytuacji w czasie rzeczywistym<\/li><li>Status zintegrowany ze sto\u0142em lub zajmuj\u0105cy ma\u0142o miejsca<\/li><\/ul><p><a href=\"#demo\">Po prostu wypr\u00f3buj t\u0119 wersj\u0119 demonstracyjn\u0105, aby uzyska\u0107 pe\u0142ny obraz<\/a><\/p><\/div> <div class=\"application-platform-content-item-installation application-platform-content-item\" id=\"installation\" data-nav-section=\"installation\"> <h2>Jak osadzi\u0107 godziny pracy w mojej witrynie iFrame?<\/h2> <p>Wystarczy spe\u0142ni\u0107 poni\u017csze wskaz\u00f3wki, aby osadzi\u0107 wtyczk\u0119 na swoich zmianach roboczych.<\/p> <ol><li><b>Zatrudnij naszego redaktora i zacznij tworzy\u0107 w\u0142asn\u0105 wtyczk\u0119 bez kodu.<\/b><br> Znajd\u017a po\u017c\u0105dany wygl\u0105d i cechy aplikacji i zapisz zmiany. <\/li> <li><b>Uzyskaj indywidualny kod wy\u015bwietlony w oknie aplikacji Elfsight.<\/b><br> Po zako\u0144czeniu konfiguracji osobistej wtyczki godzin pracy bez kodu skopiuj indywidualny kod z pojawi\u0142o si\u0119 wyskakuj\u0105ce okienko i zapisz je na p\u00f3\u017aniej. <\/li> <li><b>Rozpocznij stosowanie wtyczki na swojej stronie internetowej iFrame.<\/b><br> Zintegruj zapisany wcze\u015bniej kod ze swoj\u0105 stron\u0105 g\u0142\u00f3wn\u0105 i zapisz zmiany. <\/li> <li><b>Gotowe! Integracja Twoich godzin pracy bez kodu ze stron\u0105 internetow\u0105 zosta\u0142a w pe\u0142ni zrealizowana.<\/b><br> Odwied\u017a swoj\u0105 witryn\u0119, aby sprawdzi\u0107 dzia\u0142anie dodanej wtyczki godzin pracy. <\/li><\/ol> <p>Je\u015bli masz pytania lub napotkasz problemy, skontaktuj si\u0119 z naszym personelem pomocy technicznej. Nasi konsultanci z przyjemno\u015bci\u0105 odpowiedz\u0105 na wszystkie pytania dotycz\u0105ce wtyczki iFrame. <\/p> <\/div>\n","protected":false},"excerpt":{"rendered":"","protected":false},"author":9,"featured_media":0,"parent":3385,"menu_order":0,"comment_status":"closed","ping_status":"closed","template":"templates\/template-application-platform.php","meta":{"publish_to_discourse":"","publish_post_category":"","wpdc_auto_publish_overridden":"","wpdc_topic_tags":"","wpdc_pin_topic":"","wpdc_pin_until":"","discourse_post_id":"","discourse_permalink":"","wpdc_publishing_response":"","wpdc_publishing_error":"","footnotes":""},"class_list":["post-4542","page","type-page","status-publish","hentry"],"yoast_head":"<!-- This site is optimized with the Yoast SEO plugin v25.3.1 - https:\/\/yoast.com\/wordpress\/plugins\/seo\/ -->\n<title>Dodaj godziny pracy do iFrame \u2014 osadzaj szybkie godziny pracy na stronie<\/title>\n<meta name=\"description\" content=\"Zintegruj niestandardowy wid\u017cet godzin pracy z iFrame, aby udost\u0119pnia\u0107 stan swojej aktywno\u015bci. Utw\u00f3rz w wersji demonstracyjnej sw\u00f3j osobisty wid\u017cet godzin pracy.\" \/>\n<meta name=\"robots\" content=\"index, follow, max-snippet:-1, max-image-preview:large, max-video-preview:-1\" \/>\n<link rel=\"canonical\" href=\"https:\/\/elfsight.com\/pl\/business-hours-widget\/iframe\/\" \/>\n<meta property=\"og:locale\" content=\"pl_PL\" \/>\n<meta property=\"og:type\" content=\"article\" \/>\n<meta property=\"og:title\" content=\"Dodaj godziny pracy do iFrame \u2014 osadzaj szybkie godziny pracy na stronie\" \/>\n<meta property=\"og:description\" content=\"Zintegruj niestandardowy wid\u017cet godzin pracy z iFrame, aby udost\u0119pnia\u0107 stan swojej aktywno\u015bci. Utw\u00f3rz w wersji demonstracyjnej sw\u00f3j osobisty wid\u017cet godzin pracy.\" \/>\n<meta property=\"og:url\" content=\"https:\/\/elfsight.com\/pl\/business-hours-widget\/iframe\/\" \/>\n<meta property=\"og:site_name\" content=\"Elfsight PL\" \/>\n<meta property=\"article:modified_time\" content=\"2024-12-26T14:36:17+00:00\" \/>\n<meta name=\"twitter:card\" content=\"summary_large_image\" \/>\n<meta name=\"twitter:label1\" content=\"Szacowany czas czytania\" \/>\n\t<meta name=\"twitter:data1\" content=\"5 minut\" \/>\n<!-- \/ Yoast SEO plugin. -->","yoast_head_json":{"title":"Dodaj godziny pracy do iFrame \u2014 osadzaj szybkie godziny pracy na stronie","description":"Zintegruj niestandardowy wid\u017cet godzin pracy z iFrame, aby udost\u0119pnia\u0107 stan swojej aktywno\u015bci. Utw\u00f3rz w wersji demonstracyjnej sw\u00f3j osobisty wid\u017cet godzin pracy.","robots":{"index":"index","follow":"follow","max-snippet":"max-snippet:-1","max-image-preview":"max-image-preview:large","max-video-preview":"max-video-preview:-1"},"canonical":"https:\/\/elfsight.com\/pl\/business-hours-widget\/iframe\/","og_locale":"pl_PL","og_type":"article","og_title":"Dodaj godziny pracy do iFrame \u2014 osadzaj szybkie godziny pracy na stronie","og_description":"Zintegruj niestandardowy wid\u017cet godzin pracy z iFrame, aby udost\u0119pnia\u0107 stan swojej aktywno\u015bci. Utw\u00f3rz w wersji demonstracyjnej sw\u00f3j osobisty wid\u017cet godzin pracy.","og_url":"https:\/\/elfsight.com\/pl\/business-hours-widget\/iframe\/","og_site_name":"Elfsight PL","article_modified_time":"2024-12-26T14:36:17+00:00","twitter_card":"summary_large_image","twitter_misc":{"Szacowany czas czytania":"5 minut"},"schema":{"@context":"https:\/\/schema.org","@graph":[{"@type":"WebPage","@id":"https:\/\/elfsight.com\/pl\/business-hours-widget\/iframe\/","url":"https:\/\/elfsight.com\/pl\/business-hours-widget\/iframe\/","name":"Dodaj godziny pracy do iFrame \u2014 osadzaj szybkie godziny pracy na stronie","isPartOf":{"@id":"https:\/\/elfsight.com\/pl\/#website"},"datePublished":"2024-05-03T06:31:16+00:00","dateModified":"2024-12-26T14:36:17+00:00","description":"Zintegruj niestandardowy wid\u017cet godzin pracy z iFrame, aby udost\u0119pnia\u0107 stan swojej aktywno\u015bci. Utw\u00f3rz w wersji demonstracyjnej sw\u00f3j osobisty wid\u017cet godzin pracy.","breadcrumb":{"@id":"https:\/\/elfsight.com\/pl\/business-hours-widget\/iframe\/#breadcrumb"},"inLanguage":"pl-PL","potentialAction":[{"@type":"ReadAction","target":["https:\/\/elfsight.com\/pl\/business-hours-widget\/iframe\/"]}]},{"@type":"BreadcrumbList","@id":"https:\/\/elfsight.com\/pl\/business-hours-widget\/iframe\/#breadcrumb","itemListElement":[{"@type":"ListItem","position":1,"name":"Home","item":"https:\/\/elfsight.com\/pl\/"},{"@type":"ListItem","position":2,"name":"Business Hours","item":"https:\/\/elfsight.com\/pl\/business-hours-widget\/"},{"@type":"ListItem","position":3,"name":"Business Hours &#8211; iFrame"}]},{"@type":"WebSite","@id":"https:\/\/elfsight.com\/pl\/#website","url":"https:\/\/elfsight.com\/pl\/","name":"Elfsight PL","description":"Just another Elfsight Sites site","potentialAction":[{"@type":"SearchAction","target":{"@type":"EntryPoint","urlTemplate":"https:\/\/elfsight.com\/pl\/?s={search_term_string}"},"query-input":{"@type":"PropertyValueSpecification","valueRequired":true,"valueName":"search_term_string"}}],"inLanguage":"pl-PL"}]}},"meta_box":{"industry":"","seo_heading":"","heading":"","description":"","cta_heading":"","cta_description":"","application":"3354","h1":"Wid\u017cet godzin pracy iFrame","h1_caption":"Wy\u015bwietlaj godziny otwarcia w przejrzystym i atrakcyjnym formacie, aby bez wysi\u0142ku informowa\u0107 odwiedzaj\u0105cych o Twojej dost\u0119pno\u015bci w witrynie iFrame.","application_category":[],"applications_title":"","applications_request_title":"","applications_request_button_text":"","hero_text":"","hero_video":"","hero_video_schema_markup":"","selling_points_title":"","selling_points_caption":"","selling_points":[],"selling_points_cta_text":"","features_title":"","features":"","ed_cta_examples_text":"","ed_cta_examples_hidden":"","ed_cta_demo_text":"","ed_cta_demo_hidden":"","why_caption":"","why_editor_title":"","why_editor_text":"","why_team_title":"","why_team_text":"","why_service_title":"","why_service_text":"","template_catalog_visible":"0","template_catalog_title":"","template_catalog_text":"","template_catalog_categories_visible":"","demo_title":"Pospiesz si\u0119, aby ustali\u0107 spersonalizowane godziny pracy iFrame","demo_caption":"Dostosuj je i zintegruj narz\u0119dzie ze swoj\u0105 stron\u0105 g\u0142\u00f3wn\u0105, korzystaj\u0105c z interaktywnego demo.","default_faq_hidden":"","app_template_category":[],"platform":"187","template_public_id":"","codecanyon_url":"","codecanyon_item_id":"","codecanyon_price":"","pricing_caption":"","pricing_elfsight_apps_hide_column":"","pricing_elfsight_apps_url":"","pricing_codecanyon_price_caption":"","integration_category":[],"integration_request_title":"","integration_request_cta":"","integration_platform":"","integrations":[],"platform_category":[],"video_schema_markup":"","price":"od 0 USD \/ miesi\u0105c","trial":"","benefits":[{"text":"Bezp\u0142atna pomoc w monta\u017cu"},{"text":"Wsparcie premium"},{"text":"14-dniowa gwarancja zwrotu pieni\u0119dzy"}],"button_url":"#demo","button_target_blank":"0","button_nofollow":"0","attributes":[{"name":"Instaluje"},{"name":"Czu\u0142y"},{"name":"Kompatybilne przegl\u0105darki"}],"tags":[],"tags_disable_links":"0","hide_more_platforms":"","video_object":"","demo_hide_cta":"0","demo_hide_cloud_options":"0","pricing_title":"","pricing":[{"pricing_icon":"platform","pricing_title":"Elfsight Apps","pricing_title_caption":"Rozwi\u0105zanie wieloplatformowe","pricing_price":"od 0 USD \/ miesi\u0105c","pricing_price_caption":"zacznij od bezp\u0142atnego planu","pricing_benefits":[{"text":"Nielimitowane strony internetowe"},{"text":"Szybkie i terminowe wsparcie"},{"text":"Bezp\u0142atna pomoc w instalacji"},{"text":"W pe\u0142ni konfigurowalny"}],"pricing_button_text":"Dodaj do witryny","pricing_button_url":"#demo"}],"related_apps_title":"","related_apps_hidden":"0","author":"","image":[],"title":"","job":"","social_networks":[]},"_links":{"self":[{"href":"https:\/\/elfsight.com\/pl\/wp-json\/wp\/v2\/pages\/4542","targetHints":{"allow":["GET"]}}],"collection":[{"href":"https:\/\/elfsight.com\/pl\/wp-json\/wp\/v2\/pages"}],"about":[{"href":"https:\/\/elfsight.com\/pl\/wp-json\/wp\/v2\/types\/page"}],"author":[{"embeddable":true,"href":"https:\/\/elfsight.com\/pl\/wp-json\/wp\/v2\/users\/9"}],"replies":[{"embeddable":true,"href":"https:\/\/elfsight.com\/pl\/wp-json\/wp\/v2\/comments?post=4542"}],"version-history":[{"count":2,"href":"https:\/\/elfsight.com\/pl\/wp-json\/wp\/v2\/pages\/4542\/revisions"}],"predecessor-version":[{"id":9671,"href":"https:\/\/elfsight.com\/pl\/wp-json\/wp\/v2\/pages\/4542\/revisions\/9671"}],"up":[{"embeddable":true,"href":"https:\/\/elfsight.com\/pl\/wp-json\/wp\/v2\/pages\/3385"}],"wp:attachment":[{"href":"https:\/\/elfsight.com\/pl\/wp-json\/wp\/v2\/media?parent=4542"}],"curies":[{"name":"wp","href":"https:\/\/api.w.org\/{rel}","templated":true}]}}