{"id":4541,"date":"2024-05-03T06:31:15","date_gmt":"2024-05-03T06:31:15","guid":{"rendered":"https:\/\/elfsight.com\/pl\/?page_id=4541"},"modified":"2025-06-26T13:57:00","modified_gmt":"2025-06-26T13:57:00","slug":"shopify","status":"publish","type":"page","link":"https:\/\/elfsight.com\/pl\/business-hours-widget\/shopify\/","title":{"rendered":"Business Hours &#8211; Shopify"},"content":{"rendered":"<div class=\"application-platform-content-item-description application-platform-content-item\" id=\"description\" data-nav-section=\"description\"> <h2>Osad\u017a godziny pracy w Shopify za pomoc\u0105 aplikacji Elfsight<\/h2> <p>Godziny pracy Elfsight dla Shopify to prosty widget niewymagaj\u0105cy kodu, kt\u00f3ry pozwala stworzy\u0107 atrakcyjn\u0105 wizyt\u00f3wk\u0119 zawieraj\u0105c\u0105 najwa\u017cniejsze dane o Twojej dzia\u0142alno\u015bci. Mo\u017cesz doda\u0107 informacje o swoim aktualnym statusie pracy i udost\u0119pni\u0107 kontakty swoim klientom. Wid\u017cet pozwala na tworzenie przyjaznych dla u\u017cytkownika projekt\u00f3w, dzi\u0119ki kt\u00f3rym odwiedzaj\u0105cy mog\u0105 \u0142atwo zapozna\u0107 si\u0119 ze wszystkimi niezb\u0119dnymi danymi w skr\u00f3cie lub bardziej szczeg\u00f3\u0142owo. <\/p><p>\u015awietny widget jest wyposa\u017cony w szereg szablon\u00f3w, dzi\u0119ki czemu mo\u017cesz wybra\u0107 najlepsz\u0105 opcj\u0119 dla swojej witryny. Ka\u017cdy szablon ma regulowane ustawienia, kt\u00f3re pomog\u0105 Ci stworzy\u0107 osobisty widget z elementami takimi jak przyciski CTA, kt\u00f3re zwi\u0119kszaj\u0105 sprzeda\u017c. W\u0142\u0105czenie godzin pracy i kontakt\u00f3w Twojej firmy do Twoich stron jest bardzo \u0142atwe dzi\u0119ki wid\u017cetowi Elfsight dzi\u0119ki prostym samouczkom i instrukcjom. Ka\u017cdy w\u0142a\u015bciciel witryny mo\u017ce bezp\u0142atnie utworzy\u0107 wid\u017cet Godziny otwarcia i korzysta\u0107 z niego bez kodu.<\/p><p><b>Wykorzystaj dane firmy w swojej witrynie, aby zwi\u0119kszy\u0107 wska\u017aniki sprzeda\u017cy i zadowolenie klient\u00f3w. Bez wysi\u0142ku dodawaj istotne informacje o swoim statusie pracy. <\/b><\/p> <p>Dzi\u0119ki temu wid\u017cetowi wbudowanemu w witryn\u0119 Shopify mo\u017cesz poinformowa\u0107 odbiorc\u00f3w o swojej firmie i uzyska\u0107 regularn\u0105 sprzeda\u017c. Poznaj niekt\u00f3re kluczowe korzy\u015bci dla swojej witryny, dodaj\u0105c do niej wid\u017cet godzin pracy bez kodu. <\/p><ul><li><b>Niech Twoi klienci b\u0119d\u0105 zawsze punktualni.<\/b> Zwi\u0119kszaj sprzeda\u017c dzi\u0119ki pewnemu kontaktowi w okre\u015blonych ramach roboczych. Twoi odwiedzaj\u0105cy zobacz\u0105 Tw\u00f3j wid\u017cet godzin aktywno\u015bci i b\u0119d\u0105 bardziej zdecydowani na dokonanie udanego zakupu, kiedy zajdzie taka potrzeba. <\/li><li><b>Unikaj nieporozumie\u0144 dotycz\u0105cych godzin pracy.<\/b> Pokazanie klientom na stronie przyzwoitych godzin pracy sprawi, \u017ce b\u0119d\u0105 bardziej oddani Twojej firmie, poniewa\u017c b\u0119d\u0105 mogli zaplanowa\u0107 zam\u00f3wienie lub wizyt\u0119 u ciebie. <\/li><li><b>Wy\u015bwietlaj dane kontaktowe w wygodny spos\u00f3b.<\/b> W\u0142\u0105cz dane kontaktowe do wid\u017cetu godzin pracy bez kodu, aby nawi\u0105za\u0107 komunikacj\u0119 z osobami odwiedzaj\u0105cymi witryn\u0119 i przyspieszy\u0107 sprzeda\u017c. Poka\u017c, \u017ce jeste\u015b tutaj, aby odpowiedzie\u0107 na ich zapytania dotycz\u0105ce produkt\u00f3w i us\u0142ug Twojej firmy, co zako\u0144czy si\u0119 wi\u0119ksz\u0105 lojalno\u015bci\u0105 i lepsz\u0105 sprzeda\u017c\u0105. <\/li><\/ul><div class=\"faq\" data-component=\"FAQ\"><div class=\"faq-item\">\r\n\t\t\t\t\t<div class=\"faq-item-question\">\r\n\t\t\t\t\t\t<h3 class=\"faq-item-question-text\">Czy oferujecie jakie\u015b inne wtyczki do Shopify, kt\u00f3rych mog\u0119 u\u017cywa\u0107 w mojej witrynie?<\/h3>\r\n\r\n\t\t\t\t\t\t<div class=\"faq-item-question-icon\"><\/div>\r\n\t\t\t\t\t<\/div>\r\n\r\n\t\t\t\t\t<div class=\"faq-item-answer\">\r\n\t\t\t\t\t\t<div class=\"faq-item-answer-text\">Mo\u017cemy zapewni\u0107 wiele wtyczek, dzi\u0119ki kt\u00f3rym osi\u0105gniecie dowolny cel na Twoja strona internetowa. Przekonaj si\u0119 sam: <a href=\"https:\/\/elfsight.com\/google-reviews-widget\/shopify\/\" target=\"_blank\" rel=\"noopener\">Recenzje Google<\/a>, <a href=\"https:\/\/elfsight.com\/whatsapp-chat-widget\/shopify\/\" target=\"_blank\" rel=\"noopener\">Czat WhatsApp<\/a>, <a href=\"https:\/\/elfsight.com\/event-calendar -widget\/shopify\/\" target=\"_blank\" rel=\"noopener\">Kalendarz wydarze\u0144<\/a>, <a href=\"https:\/\/elfsight.com\/countdown-timer-widget\/shopify\/\" target=\"_blank \" rel=\"noopener\">Licznik czasu<\/a>, <a href=\"https:\/\/elfsight.com\/qr-code-widget\/shopify\/\" target=\"_blank\" rel=\"noopener\">Kod QR<\/a>. <\/div>\r\n\t\t\t\t\t<\/div>\r\n\t\t\t\t<\/div><div class=\"faq-item\">\r\n\t\t\t\t\t<div class=\"faq-item-question\">\r\n\t\t\t\t\t\t<h3 class=\"faq-item-question-text\">Jak mog\u0119 osi\u0105gn\u0105\u0107 wyniki dzi\u0119ki Godzinom pracy w Shopify?<\/h3>\r\n\r\n\t\t\t\t\t\t<div class=\"faq-item-question-icon\"><\/div>\r\n\t\t\t\t\t<\/div>\r\n\r\n\t\t\t\t\t<div class=\"faq-item-answer\">\r\n\t\t\t\t\t\t<div class=\"faq-item-answer-text\">Dodaj\u0105c wtyczk\u0119 Godziny pracy, masz dost\u0119p do wielu sposob\u00f3w zwi\u0119kszania wsp\u00f3\u0142czynnik\u00f3w konwersji i liczb sprzeda\u017cy. Dzi\u0119ki szablonom Elfsight dla tej wspania\u0142ej wtyczki do stron internetowych mo\u017cesz zbudowa\u0107 indywidualn\u0105 taktyk\u0119 biznesow\u0105. Mo\u017cesz albo wy\u015bwietli\u0107 rozszerzone informacje dotycz\u0105ce godzin Twojej aktywno\u015bci i sposob\u00f3w skontaktowania si\u0119 z Tob\u0105, albo po prostu osadzi\u0107 minimalistyczny pasek bie\u017c\u0105cego stanu. Za pomoc\u0105 naszej wtyczki Godziny otwarcia mo\u017cesz tworzy\u0107 karty kontaktowe i dodawa\u0107 je do wybranych obszar\u00f3w witryny, aby przyci\u0105gn\u0105\u0107 uwag\u0119 i poinformowa\u0107 klient\u00f3w o Twojej dzia\u0142alno\u015bci biznesowej. <\/div>\r\n\t\t\t\t\t<\/div>\r\n\t\t\t\t<\/div><div class=\"faq-item\">\r\n\t\t\t\t\t<div class=\"faq-item-question\">\r\n\t\t\t\t\t\t<h3 class=\"faq-item-question-text\">Jak bezp\u0142atnie osadzi\u0107 godziny pracy w Shopify?<\/h3>\r\n\r\n\t\t\t\t\t\t<div class=\"faq-item-question-icon\"><\/div>\r\n\t\t\t\t\t<\/div>\r\n\r\n\t\t\t\t\t<div class=\"faq-item-answer\">\r\n\t\t\t\t\t\t<div class=\"faq-item-answer-text\">Osadzanie wtyczki Godziny pracy w witrynie Shopify to prosty spos\u00f3b na przyci\u0105gni\u0119cie nowych klient\u00f3w i poinformowanie ich o Twojej dost\u0119pno\u015bci do prowadzenia sprzeda\u017cy lub \u015bwiadczenia us\u0142ug . Oferujemy tutoriale dotycz\u0105ce dodawania bezp\u0142atnej wtyczki godzin pracy do Twojej witryny. <ol><li>Je\u015bli chcesz bezp\u0142atnie osadzi\u0107 godziny pracy Elfsight w Shopify, odwied\u017a witryn\u0119 Elfsight i zarejestruj si\u0119.<\/li> <li>Dostosuj wtyczk\u0119 godzin pracy, dostosowuj\u0105c jej wygl\u0105d i ustawienia do swoich Shopify styl witryny.<\/li> <li>Po dostosowaniu godzin pracy skopiuj specjalny kod i wklej go w kodzie HTML swojej witryny Shopify w miejscu, w kt\u00f3rym ma znajdowa\u0107 si\u0119 wtyczka. <\/li><\/ol>Dzi\u0119ki zintegrowaniu godzin pracy ze sklepem Shopify z pewno\u015bci\u0105 poprawisz jego atrakcyjno\u015b\u0107 wizualn\u0105 i zwi\u0119kszysz stabiln\u0105 lojalno\u015b\u0107 odwiedzaj\u0105cych. Skorzystaj z bezp\u0142atnych godzin pracy Elfsight! <\/div>\r\n\t\t\t\t\t<\/div>\r\n\t\t\t\t<\/div><\/div><\/div><div class=\"application-platform-content-item-features application-platform-content-item\" id=\"features\" data-nav-section=\"features\"> <h2>Wid\u017cet oferuje przydatne funkcje, zobacz niekt\u00f3re z nich:<\/h2> <ul><li>Zaprezentuj dzia\u0142anie swojej organizacji w czasie rzeczywistym status<\/li><li>\u0141atwa konfiguracja okresu pracy<\/li><li>Konfiguracja dni \u015bwi\u0105tecznych<\/li><li>Aktualny stan sytuacji<\/li><li>Status z mo\u017cliwo\u015bci\u0105 wstawienia lub kompaktowy<\/li><\/ul><p><a href=\"#demo\">Mo\u017cesz ju\u017c teraz sprawdzi\u0107 pe\u0142ne mo\u017cliwo\u015bci wid\u017cetu w wersji demonstracyjnej<\/a><\/p><\/div> <div class=\"application-platform-content-item-installation application-platform-content-item\" id=\"installation\" data-nav-section=\"installation\"> <h2>Jak doda\u0107 godziny pracy do mojej witryny Shopify?<\/h2> <p>Wystarczy wykona\u0107 kilka krok\u00f3w opisanych poni\u017cej, aby zintegrowa\u0107 wtyczk\u0119 ze swoimi zmianami roboczymi.<\/p> <ol><li><b> Uruchom nasz edytor i zacznij tworzy\u0107 swoj\u0105 unikaln\u0105 wtyczk\u0119 bez kodu.<\/b><br> Wybierz wybrane cechy wygl\u0105du i funkcjonalno\u015bci wtyczki i zapisz modyfikacje. <\/li> <li><b>Zdob\u0105d\u017a indywidualny kod pokazany w oknie aplikacji Elfsight.<\/b><br> Zaraz po utworzeniu osobistego rozwi\u0105zania bez kodu skopiuj osobisty kod w wy\u015bwietlonym oknie wyskakuj\u0105ce okienko i zapisz je na p\u00f3\u017aniej. <\/li> <li><b>Wpisz ch\u0119\u0107 korzystania z aplikacji w witrynie Shopify.<\/b><br> Wklej kod, kt\u00f3ry ostatnio zapisa\u0142e\u015b na swojej stronie g\u0142\u00f3wnej i zastosuj modyfikacje. <\/li> <li><b>Gotowe! Integracja Twoich godzin pracy bez kodu zosta\u0142a pomy\u015blnie zako\u0144czona.<\/b><br> Odwied\u017a swoj\u0105 witryn\u0119, aby sprawdzi\u0107 dzia\u0142anie dodanej wtyczki godzin pracy. <\/li><\/ol> <p>W przypadku pyta\u0144 lub problem\u00f3w prosimy o kontakt z naszym zespo\u0142em obs\u0142ugi klienta. Nasi ludzie ch\u0119tnie odpowiedz\u0105 na wszystkie pytania, jakie mo\u017cesz mie\u0107 dotycz\u0105ce wtyczki do Shopify.<\/p> <\/div>","protected":false},"excerpt":{"rendered":"","protected":false},"author":9,"featured_media":0,"parent":3385,"menu_order":0,"comment_status":"closed","ping_status":"closed","template":"templates\/template-application-platform.php","meta":{"publish_to_discourse":"","publish_post_category":"","wpdc_auto_publish_overridden":"","wpdc_topic_tags":"","wpdc_pin_topic":"","wpdc_pin_until":"","discourse_post_id":"","discourse_permalink":"","wpdc_publishing_response":"","wpdc_publishing_error":"","footnotes":""},"class_list":["post-4541","page","type-page","status-publish","hentry"],"yoast_head":"<!-- This site is optimized with the Yoast SEO plugin v25.3.1 - https:\/\/yoast.com\/wordpress\/plugins\/seo\/ -->\n<title>Dodaj godziny pracy do Shopify \u2014 umie\u015b\u0107 godziny pracy na stronie internetowej<\/title>\n<meta name=\"description\" content=\"Do\u0142\u0105cz konfigurowalny wid\u017cet godzin pracy do Shopify, aby zaprezentowa\u0107 status swojej aktywno\u015bci. Tw\u00f3rz w\u0142asne godziny aktywno\u015bci, korzystaj\u0105c z wersji demonstracyjnej.\" \/>\n<meta name=\"robots\" content=\"index, follow, max-snippet:-1, max-image-preview:large, max-video-preview:-1\" \/>\n<link rel=\"canonical\" href=\"https:\/\/elfsight.com\/pl\/business-hours-widget\/shopify\/\" \/>\n<meta property=\"og:locale\" content=\"pl_PL\" \/>\n<meta property=\"og:type\" content=\"article\" \/>\n<meta property=\"og:title\" content=\"Dodaj godziny pracy do Shopify \u2014 umie\u015b\u0107 godziny pracy na stronie internetowej\" \/>\n<meta property=\"og:description\" content=\"Do\u0142\u0105cz konfigurowalny wid\u017cet godzin pracy do Shopify, aby zaprezentowa\u0107 status swojej aktywno\u015bci. Tw\u00f3rz w\u0142asne godziny aktywno\u015bci, korzystaj\u0105c z wersji demonstracyjnej.\" \/>\n<meta property=\"og:url\" content=\"https:\/\/elfsight.com\/pl\/business-hours-widget\/shopify\/\" \/>\n<meta property=\"og:site_name\" content=\"Elfsight PL\" \/>\n<meta property=\"article:modified_time\" content=\"2025-06-26T13:57:00+00:00\" \/>\n<meta name=\"twitter:card\" content=\"summary_large_image\" \/>\n<meta name=\"twitter:label1\" content=\"Szacowany czas czytania\" \/>\n\t<meta name=\"twitter:data1\" content=\"5 minut\" \/>\n<!-- \/ Yoast SEO plugin. -->","yoast_head_json":{"title":"Dodaj godziny pracy do Shopify \u2014 umie\u015b\u0107 godziny pracy na stronie internetowej","description":"Do\u0142\u0105cz konfigurowalny wid\u017cet godzin pracy do Shopify, aby zaprezentowa\u0107 status swojej aktywno\u015bci. Tw\u00f3rz w\u0142asne godziny aktywno\u015bci, korzystaj\u0105c z wersji demonstracyjnej.","robots":{"index":"index","follow":"follow","max-snippet":"max-snippet:-1","max-image-preview":"max-image-preview:large","max-video-preview":"max-video-preview:-1"},"canonical":"https:\/\/elfsight.com\/pl\/business-hours-widget\/shopify\/","og_locale":"pl_PL","og_type":"article","og_title":"Dodaj godziny pracy do Shopify \u2014 umie\u015b\u0107 godziny pracy na stronie internetowej","og_description":"Do\u0142\u0105cz konfigurowalny wid\u017cet godzin pracy do Shopify, aby zaprezentowa\u0107 status swojej aktywno\u015bci. Tw\u00f3rz w\u0142asne godziny aktywno\u015bci, korzystaj\u0105c z wersji demonstracyjnej.","og_url":"https:\/\/elfsight.com\/pl\/business-hours-widget\/shopify\/","og_site_name":"Elfsight PL","article_modified_time":"2025-06-26T13:57:00+00:00","twitter_card":"summary_large_image","twitter_misc":{"Szacowany czas czytania":"5 minut"},"schema":{"@context":"https:\/\/schema.org","@graph":[{"@type":"WebPage","@id":"https:\/\/elfsight.com\/pl\/business-hours-widget\/shopify\/","url":"https:\/\/elfsight.com\/pl\/business-hours-widget\/shopify\/","name":"Dodaj godziny pracy do Shopify \u2014 umie\u015b\u0107 godziny pracy na stronie internetowej","isPartOf":{"@id":"https:\/\/elfsight.com\/pl\/#website"},"datePublished":"2024-05-03T06:31:15+00:00","dateModified":"2025-06-26T13:57:00+00:00","description":"Do\u0142\u0105cz konfigurowalny wid\u017cet godzin pracy do Shopify, aby zaprezentowa\u0107 status swojej aktywno\u015bci. Tw\u00f3rz w\u0142asne godziny aktywno\u015bci, korzystaj\u0105c z wersji demonstracyjnej.","breadcrumb":{"@id":"https:\/\/elfsight.com\/pl\/business-hours-widget\/shopify\/#breadcrumb"},"inLanguage":"pl-PL","potentialAction":[{"@type":"ReadAction","target":["https:\/\/elfsight.com\/pl\/business-hours-widget\/shopify\/"]}]},{"@type":"BreadcrumbList","@id":"https:\/\/elfsight.com\/pl\/business-hours-widget\/shopify\/#breadcrumb","itemListElement":[{"@type":"ListItem","position":1,"name":"Home","item":"https:\/\/elfsight.com\/pl\/"},{"@type":"ListItem","position":2,"name":"Business Hours","item":"https:\/\/elfsight.com\/pl\/business-hours-widget\/"},{"@type":"ListItem","position":3,"name":"Business Hours &#8211; Shopify"}]},{"@type":"WebSite","@id":"https:\/\/elfsight.com\/pl\/#website","url":"https:\/\/elfsight.com\/pl\/","name":"Elfsight PL","description":"Just another Elfsight Sites site","potentialAction":[{"@type":"SearchAction","target":{"@type":"EntryPoint","urlTemplate":"https:\/\/elfsight.com\/pl\/?s={search_term_string}"},"query-input":{"@type":"PropertyValueSpecification","valueRequired":true,"valueName":"search_term_string"}}],"inLanguage":"pl-PL"}]}},"meta_box":{"industry":"","seo_heading":"","heading":"","description":"","cta_heading":"","cta_description":"","application":"3354","h1":"Godziny pracy Shopify","h1_caption":"Wy\u015bwietlaj godziny pracy w przejrzystym i atrakcyjnym formacie, aby bez wysi\u0142ku informowa\u0107 odwiedzaj\u0105cych o Twojej dost\u0119pno\u015bci w witrynie Shopify.","application_category":[],"applications_title":"","applications_request_title":"","applications_request_button_text":"","hero_text":"","hero_video":"","hero_video_schema_markup":"","selling_points_title":"","selling_points_caption":"","selling_points":[],"selling_points_cta_text":"","features_title":"","features":"","ed_cta_examples_text":"","ed_cta_examples_hidden":"","ed_cta_demo_text":"","ed_cta_demo_hidden":"","why_caption":"","why_editor_title":"","why_editor_text":"","why_team_title":"","why_team_text":"","why_service_title":"","why_service_text":"","template_catalog_visible":"0","template_catalog_title":"","template_catalog_text":"","template_catalog_categories_visible":"","demo_title":"Pospiesz si\u0119, aby zaprojektowa\u0107 niestandardowe godziny pracy Shopify","demo_caption":"Dostosuj go i umie\u015b\u0107 wid\u017cet na swojej stronie internetowej, korzystaj\u0105c z wersji demonstracyjnej.","default_faq_hidden":"","app_template_category":[],"platform":"7580","template_public_id":"","codecanyon_url":"","codecanyon_item_id":"","codecanyon_price":"","pricing_caption":"","pricing_elfsight_apps_hide_column":"","pricing_elfsight_apps_url":"","pricing_codecanyon_price_caption":"","integration_category":[],"integration_request_title":"","integration_request_cta":"","integration_platform":"","integrations":[],"platform_category":[],"video_schema_markup":"","price":"od 0 USD \/ miesi\u0105c","trial":"","benefits":[{"text":"Bezp\u0142atna us\u0142uga monta\u017cu"},{"text":"Wsparcie premium"},{"text":"14-dniowa gwarancja zwrotu pieni\u0119dzy"}],"button_url":"#demo","button_target_blank":"0","button_nofollow":"0","attributes":[{"name":"Instaluje"},{"name":"Czu\u0142y"},{"name":"Kompatybilne przegl\u0105darki"}],"tags":[],"tags_disable_links":"0","hide_more_platforms":"0","video_object":"","demo_hide_cta":"0","demo_hide_cloud_options":"0","pricing_title":"","pricing":[{"pricing_icon":"platform","pricing_title":"Elfsight Apps","pricing_title_caption":"Niezale\u017cne od platformy rozwi\u0105zanie, kt\u00f3re pasuje do ka\u017cdej witryny internetowej","pricing_price":"od 0 USD \/ miesi\u0105c","pricing_price_caption":"zacznij od bezp\u0142atnego planu","pricing_benefits":[{"text":"Nielimitowane strony internetowe"},{"text":"Najwy\u017csza obs\u0142uga klienta"},{"text":"Bezp\u0142atna pomoc w monta\u017cu"},{"text":"100% konfigurowalny"}],"pricing_button_text":"Dodaj do witryny","pricing_button_url":"#demo"}],"related_apps_title":"","related_apps_hidden":"0","author":"","image":[],"title":"","job":"","social_networks":[]},"_links":{"self":[{"href":"https:\/\/elfsight.com\/pl\/wp-json\/wp\/v2\/pages\/4541","targetHints":{"allow":["GET"]}}],"collection":[{"href":"https:\/\/elfsight.com\/pl\/wp-json\/wp\/v2\/pages"}],"about":[{"href":"https:\/\/elfsight.com\/pl\/wp-json\/wp\/v2\/types\/page"}],"author":[{"embeddable":true,"href":"https:\/\/elfsight.com\/pl\/wp-json\/wp\/v2\/users\/9"}],"replies":[{"embeddable":true,"href":"https:\/\/elfsight.com\/pl\/wp-json\/wp\/v2\/comments?post=4541"}],"version-history":[{"count":1,"href":"https:\/\/elfsight.com\/pl\/wp-json\/wp\/v2\/pages\/4541\/revisions"}],"predecessor-version":[{"id":4545,"href":"https:\/\/elfsight.com\/pl\/wp-json\/wp\/v2\/pages\/4541\/revisions\/4545"}],"up":[{"embeddable":true,"href":"https:\/\/elfsight.com\/pl\/wp-json\/wp\/v2\/pages\/3385"}],"wp:attachment":[{"href":"https:\/\/elfsight.com\/pl\/wp-json\/wp\/v2\/media?parent=4541"}],"curies":[{"name":"wp","href":"https:\/\/api.w.org\/{rel}","templated":true}]}}