{"id":4536,"date":"2024-05-03T06:31:14","date_gmt":"2024-05-03T06:31:14","guid":{"rendered":"https:\/\/elfsight.com\/pl\/?page_id=4536"},"modified":"2024-10-24T13:15:24","modified_gmt":"2024-10-24T13:15:24","slug":"webflow","status":"publish","type":"page","link":"https:\/\/elfsight.com\/pl\/business-hours-widget\/webflow\/","title":{"rendered":"Business Hours &#8211; Webflow"},"content":{"rendered":"<div class=\"application-platform-content-item-description application-platform-content-item\" id=\"description\" data-nav-section=\"description\"> <h2>Osad\u017a godziny pracy w Webflow za pomoc\u0105 wid\u017cetu Elfsight<\/h2> <p>Godziny pracy Elfsight dla Webflow to prosty wid\u017cet niewymagaj\u0105cy kodu, kt\u00f3ry pozwala na skonstruowanie \u0142adnej wizyt\u00f3wki zawieraj\u0105cej najwa\u017cniejsze informacje o Twojej pracy. Mo\u017cesz udost\u0119pnia\u0107 informacje o swojej dost\u0119pno\u015bci i udost\u0119pnia\u0107 kontakty swoim odbiorcom. Wid\u017cet pozwala na tworzenie wygodnych projekt\u00f3w, dzi\u0119ki kt\u00f3rym klienci b\u0119d\u0105 mogli szybko znale\u017a\u0107 wszystkie potrzebne dane w skr\u00f3cie lub bardziej szczeg\u00f3\u0142owo. <\/p><p>\u015awietny widget oferuje szerok\u0105 gam\u0119 szablon\u00f3w, dzi\u0119ki czemu mo\u017cesz wybra\u0107 najbardziej efektywn\u0105 opcj\u0119 dla swojej witryny. Ka\u017cdy szablon ma r\u00f3\u017cne ustawienia, dzi\u0119ki kt\u00f3rym mo\u017cesz stworzy\u0107 osobisty widget z niezb\u0119dnymi opcjami, takimi jak rezerwacja i przyciski rezerwacji, kt\u00f3re zwi\u0119kszaj\u0105 sprzeda\u017c. Integracja godzin pracy i danych kontaktowych ze swoimi stronami jest ca\u0142kowicie \u0142atwa dzi\u0119ki Elfsight dzi\u0119ki przejrzystym samouczkom i wskaz\u00f3wkom. Ka\u017cdy redaktor witryny internetowej mo\u017ce bezp\u0142atnie utworzy\u0107 i doda\u0107 wid\u017cet Godziny pracy bez kodu<\/p> <p><b>Umie\u015b\u0107 szczeg\u00f3\u0142y firmy w swojej witrynie, aby zwi\u0119kszy\u0107 sprzeda\u017c i wiarygodno\u015b\u0107 klient\u00f3w. Bez wysi\u0142ku wy\u015bwietlaj kluczowe informacje na temat swojej aktywno\u015bci zawodowej. <\/b><\/p> <p>Dzi\u0119ki temu wid\u017cetowi dodanemu do Twojej witryny Webflow mo\u017cesz zwi\u0119kszy\u0107 \u015bwiadomo\u015b\u0107 swoich klient\u00f3w na temat proces\u00f3w biznesowych i zwi\u0119kszy\u0107 sprzeda\u017c. Poznaj niekt\u00f3re z najwa\u017cniejszych zalet swojej witryny internetowej po dodaniu do niej wid\u017cetu godzin pracy bez kodu. <\/p><ul><li><b>Pozw\u00f3l swoim klientom by\u0107 zawsze na czas. <\/b> Zwi\u0119ksz sprzeda\u017c, b\u0119d\u0105c na pewno we wskazanych godzinach pracy. Odwiedzaj\u0105cy Twoj\u0105 witryn\u0119 zauwa\u017c\u0105 godziny Twojej aktywno\u015bci i b\u0119d\u0105 mieli wi\u0119ksz\u0105 pewno\u015b\u0107, \u017ce w razie potrzeby dokonaj\u0105 udanego zakupu. <\/li><li><b>Unikaj nieporozumie\u0144 na temat godzin pracy. <\/b> Pokazanie czytelnych godzin pracy odwiedzaj\u0105cym witryn\u0119 sprawi, \u017ce b\u0119d\u0105 bardziej oddani Twojej firmie, poniewa\u017c b\u0119d\u0105 mogli zaplanowa\u0107 zam\u00f3wienie lub wizyt\u0119 u Ciebie. <\/li><li><b>Udost\u0119pniaj informacje kontaktowe w widoczny spos\u00f3b. <\/b> Dodanie kontakt\u00f3w do wid\u017cetu godzin pracy bez kodu pozwala budowa\u0107 komunikacj\u0119 z klientami i poprawia\u0107 sprzeda\u017c. Poka\u017c, \u017ce jeste\u015b gotowy odpowiedzie\u0107 na ich pytania dotycz\u0105ce produkt\u00f3w i us\u0142ug Twojej firmy, co prze\u0142o\u017cy si\u0119 na wi\u0119ksz\u0105 lojalno\u015b\u0107. <\/li><\/ul><div class=\"faq\" data-component=\"FAQ\"><div class=\"faq-item\">\r\n\t\t\t\t\t<div class=\"faq-item-question\">\r\n\t\t\t\t\t\t<h3 class=\"faq-item-question-text\">Czy s\u0105 jakie\u015b inne wtyczki do Webflow, kt\u00f3rych mog\u0119 u\u017cywa\u0107 w mojej witrynie?<\/h3>\r\n\r\n\t\t\t\t\t\t<div class=\"faq-item-question-icon\"><\/div>\r\n\t\t\t\t\t<\/div>\r\n\r\n\t\t\t\t\t<div class=\"faq-item-answer\">\r\n\t\t\t\t\t\t<div class=\"faq-item-answer-text\">Mo\u017cemy zaoferowa\u0107 Ci wiele wtyczek, kt\u00f3re pozwol\u0105 Ci osi\u0105gn\u0105\u0107 dowolny cel na Twojej stronie stron\u0119 internetow\u0105 i zwi\u0119kszy\u0107 sprzeda\u017c. Na przyk\u0142ad: <a href=\"https:\/\/elfsight.com\/google-reviews-widget\/webflow\/\" target=\"_blank\" rel=\"noopener\">Recenzje Google<\/a>, <a href=\"https:\/\/elfsight.com\/whatsapp-chat-widget\/webflow\/\" target=\"_blank\" rel=\"noopener\">Czat WhatsApp<\/a>, <a href=\"https:\/\/elfsight.com\/event-calendar- widget\/webflow\/\" target=\"_blank\" rel=\"noopener\">Kalendarz wydarze\u0144<\/a>, <a href=\"https:\/\/elfsight.com\/countdown-timer-widget\/webflow\/\" target=\"_blank\" rel=\"noopener\">Licznik czasu<\/a>, <a href=\"https:\/\/elfsight.com\/qr-code-widget\/webflow\/\" target=\"_blank\" rel=\"noopener\">Kod QR<\/a>. <\/div>\r\n\t\t\t\t\t<\/div>\r\n\t\t\t\t<\/div><div class=\"faq-item\">\r\n\t\t\t\t\t<div class=\"faq-item-question\">\r\n\t\t\t\t\t\t<h3 class=\"faq-item-question-text\">Jak mog\u0119 skorzysta\u0107 z godzin pracy w Webflow?<\/h3>\r\n\r\n\t\t\t\t\t\t<div class=\"faq-item-question-icon\"><\/div>\r\n\t\t\t\t\t<\/div>\r\n\r\n\t\t\t\t\t<div class=\"faq-item-answer\">\r\n\t\t\t\t\t\t<div class=\"faq-item-answer-text\">Masz wiele sposob\u00f3w na popraw\u0119 statystyk sukcesu dzi\u0119ki wtyczce Godziny pracy. Dzi\u0119ki szablonom Elfsight dla tej niezwyk\u0142ej wtyczki mo\u017cesz znale\u017a\u0107 osobiste rozwi\u0105zanie biznesowe. Mo\u017cesz wy\u015bwietli\u0107 szczeg\u00f3\u0142owe informacje dotycz\u0105ce godzin otwarcia i sposob\u00f3w kontaktu lub osadzi\u0107 ma\u0142y pasek stanu. Za pomoc\u0105 wtyczki Godziny pracy mo\u017cesz tworzy\u0107 karty kontaktowe i dodawa\u0107 je do preferowanych obszar\u00f3w witryny, aby przyku\u0107 uwag\u0119 i poinformowa\u0107 odwiedzaj\u0105cych o Twojej dzia\u0142alno\u015bci biznesowej, aby zwi\u0119kszy\u0107 sprzeda\u017c. <\/div>\r\n\t\t\t\t\t<\/div>\r\n\t\t\t\t<\/div><div class=\"faq-item\">\r\n\t\t\t\t\t<div class=\"faq-item-question\">\r\n\t\t\t\t\t\t<h3 class=\"faq-item-question-text\">Jak umie\u015bci\u0107 wtyczk\u0119 Godziny pracy za darmo w witrynach Webflow?<\/h3>\r\n\r\n\t\t\t\t\t\t<div class=\"faq-item-question-icon\"><\/div>\r\n\t\t\t\t\t<\/div>\r\n\r\n\t\t\t\t\t<div class=\"faq-item-answer\">\r\n\t\t\t\t\t\t<div class=\"faq-item-answer-text\">Osadzanie wtyczki Godziny pracy w Twojej witrynie to doskona\u0142y spos\u00f3b na nawi\u0105zanie kontaktu z odwiedzaj\u0105cymi i poinformowanie ich o czasie i statusie, w kt\u00f3rym mo\u017cesz dokona\u0107 sprzeda\u017cy lub \u015bwiadczenia us\u0142ug. Tutaj mo\u017cesz zobaczy\u0107 kr\u00f3tkie tutoriale dotycz\u0105ce dodawania wtyczki godzin pracy do swojej witryny. <ol><li>Aby bezp\u0142atnie w\u0142\u0105czy\u0107 wtyczk\u0119 Elfsight Business Hours do Webflow, przejd\u017a do witryny Elfsight i utw\u00f3rz konto. <\/li><li>Dostosuj godziny pracy bez kodu, dostosowuj\u0105c ich wygl\u0105d i ustawienia tak, aby pasowa\u0142y do \u200b\u200bmotywu witryny Webflow. <\/li><li>Po utworzeniu godzin pracy bez kodu skopiuj konkretny fragment kodu i wklej go do kodu HTML swojej witryny Webflow, w miejscu, w kt\u00f3rym ma by\u0107 wy\u015bwietlana wtyczka. <\/li><\/ol>Umieszczaj\u0105c godziny pracy w swojej witrynie Webflow, z pewno\u015bci\u0105 podniesiesz jej atrakcyjno\u015b\u0107 wizualn\u0105 i zainspirujesz do ci\u0105g\u0142ego zaanga\u017cowania odwiedzaj\u0105cych. Skorzystaj z bezp\u0142atnych godzin pracy Elfsight! <\/div>\r\n\t\t\t\t\t<\/div>\r\n\t\t\t\t<\/div><\/div><\/div><div class=\"application-platform-content-item-features application-platform-content-item\" id=\"features\" data-nav-section=\"features\"> <h2>Oferujemy przydatne i \u0142atwe funkcje, sprawd\u017a niekt\u00f3re z nich:<\/h2> <ul><li>Poka\u017c aktualny status swojej organizacji <\/li><li>Proste dostosowanie rozk\u0142adu jazdy<\/li><li>Konfiguracja na specjalne okazje<\/li><li>Aktualny stan<\/li><li>Wykres z mo\u017cliwo\u015bci\u0105 wstawienia lub status oszcz\u0119dzaj\u0105cy miejsce<\/li><\/ul><p><a href=\"#demo\">Wypr\u00f3buj wszystkie ustawienia w pe\u0142ni funkcjonalnej wersji demonstracyjnej<\/a><\/p><\/div> <div class=\"application-platform-content-item-installation application-platform-content-item\" id=\"installation\" data-nav-section=\"installation\"> <h2>Jak osadzi\u0107 Business Godzin sp\u0119dzonych w mojej witrynie Webflow?<\/h2> <p>Wystarczy wykona\u0107 poni\u017csze wskaz\u00f3wki, aby wstawi\u0107 wtyczk\u0119 z okresami pracy.<\/p> <ol><li><b>Uruchom nasz edytor i zacznij tworzy\u0107 spersonalizowane wtyczka.<\/b><br> Znajd\u017a odpowiedni\u0105 form\u0119 i cechy aplikacji i zapisz zmiany. <\/li> <li><b>Zdob\u0105d\u017a osadzony kod osobisty ujawniony w specjalnym formularzu w aplikacjach Elfsight.<\/b><br> Po zako\u0144czeniu dostosowywania aplikacji skopiuj osadzony kod ekskluzywny z wy\u015bwietlonego okna i zapisz go do wykorzystania w przysz\u0142o\u015bci. <\/li> <li><b>Rozpocznij korzystanie z wtyczki w witrynie Webflow.<\/b><br> Wklej skopiowany wcze\u015bniej kod na swoj\u0105 stron\u0119 i zastosuj zmiany. <\/li> <li><b>Gotowe! Konfiguracja godzin pracy bez kodu zosta\u0142a pomy\u015blnie uko\u0144czona.<\/b><br> Przejd\u017a do swojej witryny, aby sprawdzi\u0107, jak dzia\u0142a aplikacja dodana do godzin pracy. <\/li><\/ol> <p>Je\u015bli wyst\u0105pi\u0105 jakie\u015b komplikacje, zwr\u00f3\u0107 si\u0119 o pomoc do naszego zespo\u0142u obs\u0142ugi klienta. Nasi konsultanci ch\u0119tnie pomog\u0105 Ci we wszystkich trudno\u015bciach, jakie mo\u017cesz mie\u0107 z wtyczk\u0105 do Webflow. <\/p><\/div>","protected":false},"excerpt":{"rendered":"","protected":false},"author":9,"featured_media":0,"parent":3385,"menu_order":0,"comment_status":"closed","ping_status":"closed","template":"templates\/template-application-platform.php","meta":{"publish_to_discourse":"","publish_post_category":"","wpdc_auto_publish_overridden":"","wpdc_topic_tags":"","wpdc_pin_topic":"","wpdc_pin_until":"","discourse_post_id":"","discourse_permalink":"","wpdc_publishing_response":"","wpdc_publishing_error":"","footnotes":""},"class_list":["post-4536","page","type-page","status-publish","hentry"],"yoast_head":"<!-- This site is optimized with the Yoast SEO plugin v25.3.1 - https:\/\/yoast.com\/wordpress\/plugins\/seo\/ -->\n<title>Dodaj godziny pracy do Webflow \u2014 umie\u015b\u0107 godziny pracy na stronie internetowej<\/title>\n<meta name=\"description\" content=\"Umie\u015b\u0107 konfigurowalny wid\u017cet godzin pracy w Webflow, aby zaprezentowa\u0107 status swojej firmy. Stw\u00f3rz swoje osobiste rozwi\u0105zanie w wersji demonstracyjnej.\" \/>\n<meta name=\"robots\" content=\"index, follow, max-snippet:-1, max-image-preview:large, max-video-preview:-1\" \/>\n<link rel=\"canonical\" href=\"https:\/\/elfsight.com\/pl\/business-hours-widget\/webflow\/\" \/>\n<meta property=\"og:locale\" content=\"pl_PL\" \/>\n<meta property=\"og:type\" content=\"article\" \/>\n<meta property=\"og:title\" content=\"Dodaj godziny pracy do Webflow \u2014 umie\u015b\u0107 godziny pracy na stronie internetowej\" \/>\n<meta property=\"og:description\" content=\"Umie\u015b\u0107 konfigurowalny wid\u017cet godzin pracy w Webflow, aby zaprezentowa\u0107 status swojej firmy. Stw\u00f3rz swoje osobiste rozwi\u0105zanie w wersji demonstracyjnej.\" \/>\n<meta property=\"og:url\" content=\"https:\/\/elfsight.com\/pl\/business-hours-widget\/webflow\/\" \/>\n<meta property=\"og:site_name\" content=\"Elfsight PL\" \/>\n<meta property=\"article:modified_time\" content=\"2024-10-24T13:15:24+00:00\" \/>\n<meta name=\"twitter:card\" content=\"summary_large_image\" \/>\n<meta name=\"twitter:label1\" content=\"Szacowany czas czytania\" \/>\n\t<meta name=\"twitter:data1\" content=\"5 minut\" \/>\n<!-- \/ Yoast SEO plugin. -->","yoast_head_json":{"title":"Dodaj godziny pracy do Webflow \u2014 umie\u015b\u0107 godziny pracy na stronie internetowej","description":"Umie\u015b\u0107 konfigurowalny wid\u017cet godzin pracy w Webflow, aby zaprezentowa\u0107 status swojej firmy. Stw\u00f3rz swoje osobiste rozwi\u0105zanie w wersji demonstracyjnej.","robots":{"index":"index","follow":"follow","max-snippet":"max-snippet:-1","max-image-preview":"max-image-preview:large","max-video-preview":"max-video-preview:-1"},"canonical":"https:\/\/elfsight.com\/pl\/business-hours-widget\/webflow\/","og_locale":"pl_PL","og_type":"article","og_title":"Dodaj godziny pracy do Webflow \u2014 umie\u015b\u0107 godziny pracy na stronie internetowej","og_description":"Umie\u015b\u0107 konfigurowalny wid\u017cet godzin pracy w Webflow, aby zaprezentowa\u0107 status swojej firmy. Stw\u00f3rz swoje osobiste rozwi\u0105zanie w wersji demonstracyjnej.","og_url":"https:\/\/elfsight.com\/pl\/business-hours-widget\/webflow\/","og_site_name":"Elfsight PL","article_modified_time":"2024-10-24T13:15:24+00:00","twitter_card":"summary_large_image","twitter_misc":{"Szacowany czas czytania":"5 minut"},"schema":{"@context":"https:\/\/schema.org","@graph":[{"@type":"WebPage","@id":"https:\/\/elfsight.com\/pl\/business-hours-widget\/webflow\/","url":"https:\/\/elfsight.com\/pl\/business-hours-widget\/webflow\/","name":"Dodaj godziny pracy do Webflow \u2014 umie\u015b\u0107 godziny pracy na stronie internetowej","isPartOf":{"@id":"https:\/\/elfsight.com\/pl\/#website"},"datePublished":"2024-05-03T06:31:14+00:00","dateModified":"2024-10-24T13:15:24+00:00","description":"Umie\u015b\u0107 konfigurowalny wid\u017cet godzin pracy w Webflow, aby zaprezentowa\u0107 status swojej firmy. Stw\u00f3rz swoje osobiste rozwi\u0105zanie w wersji demonstracyjnej.","breadcrumb":{"@id":"https:\/\/elfsight.com\/pl\/business-hours-widget\/webflow\/#breadcrumb"},"inLanguage":"pl-PL","potentialAction":[{"@type":"ReadAction","target":["https:\/\/elfsight.com\/pl\/business-hours-widget\/webflow\/"]}]},{"@type":"BreadcrumbList","@id":"https:\/\/elfsight.com\/pl\/business-hours-widget\/webflow\/#breadcrumb","itemListElement":[{"@type":"ListItem","position":1,"name":"Home","item":"https:\/\/elfsight.com\/pl\/"},{"@type":"ListItem","position":2,"name":"Business Hours","item":"https:\/\/elfsight.com\/pl\/business-hours-widget\/"},{"@type":"ListItem","position":3,"name":"Business Hours &#8211; Webflow"}]},{"@type":"WebSite","@id":"https:\/\/elfsight.com\/pl\/#website","url":"https:\/\/elfsight.com\/pl\/","name":"Elfsight PL","description":"Just another Elfsight Sites site","potentialAction":[{"@type":"SearchAction","target":{"@type":"EntryPoint","urlTemplate":"https:\/\/elfsight.com\/pl\/?s={search_term_string}"},"query-input":{"@type":"PropertyValueSpecification","valueRequired":true,"valueName":"search_term_string"}}],"inLanguage":"pl-PL"}]}},"meta_box":{"industry":"","seo_heading":"","heading":"","description":"","cta_heading":"","cta_description":"","application":"3354","h1":"Wid\u017cet godzin pracy Webflow","h1_caption":"Wy\u015bwietlaj godziny otwarcia w przejrzystym i atrakcyjnym formacie, aby bez wysi\u0142ku informowa\u0107 odwiedzaj\u0105cych o Twojej dost\u0119pno\u015bci w witrynie Webflow.","application_category":[],"applications_title":"","applications_request_title":"","applications_request_button_text":"","hero_text":"","hero_video":"","hero_video_schema_markup":"","selling_points_title":"","selling_points_caption":"","selling_points":[],"selling_points_cta_text":"","features_title":"","features":"","ed_cta_examples_text":"","ed_cta_examples_hidden":"","ed_cta_demo_text":"","ed_cta_demo_hidden":"","why_caption":"","why_editor_title":"","why_editor_text":"","why_team_title":"","why_team_text":"","why_service_title":"","why_service_text":"","template_catalog_visible":"","template_catalog_title":"","template_catalog_text":"","template_catalog_categories_visible":"","demo_title":"Zach\u0119camy do projekcji osobistych godzin pracy Webflow","demo_caption":"Dostosuj i dodaj go na swojej stronie za pomoc\u0105 demonstracji na \u017cywo.","default_faq_hidden":"","app_template_category":[],"platform":"127","template_public_id":"","codecanyon_url":"","codecanyon_item_id":"","codecanyon_price":"","pricing_caption":"","pricing_elfsight_apps_hide_column":"","pricing_elfsight_apps_url":"","pricing_codecanyon_price_caption":"","integration_category":[],"integration_request_title":"","integration_request_cta":"","integration_platform":"","integrations":[],"platform_category":[],"video_schema_markup":"","price":"od 0 USD \/ miesi\u0105c","trial":"","benefits":[{"text":"Bezp\u0142atna pomoc w monta\u017cu"},{"text":"Wsparcie premium"},{"text":"14-dniowa gwarancja zwrotu pieni\u0119dzy"}],"button_url":"#demo","button_target_blank":"","button_nofollow":"","attributes":[{"name":"Instaluje"},{"name":"Czu\u0142y"},{"name":"Kompatybilne przegl\u0105darki"}],"tags":[],"tags_disable_links":"","hide_more_platforms":"","video_object":"","demo_hide_cta":"","demo_hide_cloud_options":"","pricing_title":"","pricing":[{"pricing_icon":"platform","pricing_title":"Elfsight Apps","pricing_title_caption":"Oprogramowanie wieloplatformowe, kt\u00f3re dzia\u0142a na dowolnej stronie internetowej","pricing_price":"od 0 USD \/ miesi\u0105c","pricing_price_caption":"zacznij od bezp\u0142atnego planu","pricing_benefits":[{"text":"Nielimitowane strony internetowe"},{"text":"Ca\u0142odobowa obs\u0142uga klienta"},{"text":"Bezp\u0142atna us\u0142uga monta\u017cu"},{"text":"100% konfigurowalny"}],"pricing_button_text":"Dodaj do witryny","pricing_button_url":"#demo"}],"related_apps_title":"","related_apps_hidden":"","author":"","image":[],"title":"","job":"","social_networks":[]},"_links":{"self":[{"href":"https:\/\/elfsight.com\/pl\/wp-json\/wp\/v2\/pages\/4536","targetHints":{"allow":["GET"]}}],"collection":[{"href":"https:\/\/elfsight.com\/pl\/wp-json\/wp\/v2\/pages"}],"about":[{"href":"https:\/\/elfsight.com\/pl\/wp-json\/wp\/v2\/types\/page"}],"author":[{"embeddable":true,"href":"https:\/\/elfsight.com\/pl\/wp-json\/wp\/v2\/users\/9"}],"replies":[{"embeddable":true,"href":"https:\/\/elfsight.com\/pl\/wp-json\/wp\/v2\/comments?post=4536"}],"version-history":[{"count":1,"href":"https:\/\/elfsight.com\/pl\/wp-json\/wp\/v2\/pages\/4536\/revisions"}],"predecessor-version":[{"id":4540,"href":"https:\/\/elfsight.com\/pl\/wp-json\/wp\/v2\/pages\/4536\/revisions\/4540"}],"up":[{"embeddable":true,"href":"https:\/\/elfsight.com\/pl\/wp-json\/wp\/v2\/pages\/3385"}],"wp:attachment":[{"href":"https:\/\/elfsight.com\/pl\/wp-json\/wp\/v2\/media?parent=4536"}],"curies":[{"name":"wp","href":"https:\/\/api.w.org\/{rel}","templated":true}]}}