{"id":4535,"date":"2024-05-03T06:31:13","date_gmt":"2024-05-03T06:31:13","guid":{"rendered":"https:\/\/elfsight.com\/pl\/?page_id=4535"},"modified":"2025-06-26T13:58:58","modified_gmt":"2025-06-26T13:58:58","slug":"wix","status":"publish","type":"page","link":"https:\/\/elfsight.com\/pl\/business-hours-widget\/wix\/","title":{"rendered":"Business Hours &#8211; Wix"},"content":{"rendered":"<div class=\"application-platform-content-item-description application-platform-content-item\" id=\"description\" data-nav-section=\"description\">\n<h2>Osad\u017a godziny pracy w Wix za pomoc\u0105 aplikacji Elfsight<\/h2>\n<p>Elfsight godziny pracy dla Wix to prosty widget niewymagaj\u0105cy kodu, umo\u017cliwiaj\u0105cy mo\u017cesz zbudowa\u0107 \u0142adn\u0105 wizyt\u00f3wk\u0119 zawieraj\u0105c\u0105 najwa\u017cniejsze momenty zwi\u0105zane z Twoj\u0105 dzia\u0142alno\u015bci\u0105. Mo\u017cesz udost\u0119pnia\u0107 informacje o swoim statusie operacyjnym i udost\u0119pnia\u0107 kontakty swoim klientom. Wid\u017cet umo\u017cliwia tworzenie przyjaznych dla u\u017cytkownika projekt\u00f3w, dzi\u0119ki kt\u00f3rym odwiedzaj\u0105cy mog\u0105 szybko zapozna\u0107 si\u0119 ze wszystkimi potrzebnymi danymi w skr\u00f3cie lub bardziej szczeg\u00f3\u0142owo.<\/p>\n<p>Wspania\u0142y widget zawiera wiele szablon\u00f3w, dzi\u0119ki kt\u00f3rym mo\u017cesz wybra\u0107 najlepsz\u0105 opcj\u0119 dla swojej witryny. Ka\u017cdy szablon zawiera ustawienia umo\u017cliwiaj\u0105ce utworzenie niestandardowego widgetu z niezb\u0119dnymi elementami zwi\u0119kszaj\u0105cymi sprzeda\u017c. Zintegrowanie godzin pracy i szczeg\u00f3\u0142\u00f3w Twojej firmy ze stron\u0105 internetow\u0105 jest \u0142atwe dzi\u0119ki Elfsight oferuj\u0105cemu \u0142atwe do zrozumienia samouczki i przewodniki. Ka\u017cdy redaktor witryny mo\u017ce bezp\u0142atnie utworzy\u0107 i doda\u0107 wid\u017cet<\/p>\n<p><b>Dodaj szczeg\u00f3\u0142y firmy do swojej witryny, aby zwi\u0119kszy\u0107 sprzeda\u017c i lojalno\u015b\u0107 klient\u00f3w. Podziel si\u0119 w jasny spos\u00f3b wa\u017cnymi informacjami na temat swojej aktywno\u015bci zawodowej.<\/b><\/p>\n<p>Dzi\u0119ki temu widgetowi wbudowanemu w Twoj\u0105 witryn\u0119 Wix mo\u017cesz informowa\u0107 klient\u00f3w o swojej firmie i uzyskiwa\u0107 regularne sprzeda\u017ce. Poznaj szereg najwa\u017cniejszych korzy\u015bci dla swojej witryny, dodaj\u0105c do niej wid\u017cet bezp\u0142atnych godzin pracy.<\/p>\n<ul>\n    <li><b>Pom\u00f3\u017c klientom by\u0107 zawsze na czas.<\/b> Zwi\u0119ksz sprzeda\u017c, b\u0119d\u0105c sta\u0142y kontakt we wskazanych godzinach pracy. Odwiedzaj\u0105cy Twoj\u0105 witryn\u0119 zauwa\u017c\u0105 godziny Twojej aktywno\u015bci i nabior\u0105 pewno\u015bci, \u017ce dokonaj\u0105 zakupu, kiedy zajdzie taka potrzeba.<\/li>\n    <li><b>Unikaj nieporozumie\u0144 dotycz\u0105cych godzin pracy.<\/b> Pokazywanie klientom prostych godzin pracy sprawi, \u017ce b\u0119d\u0105 bardziej lojalni wobec Twojej firmy, poniewa\u017c b\u0119d\u0105 mogli zaplanowa\u0107 zam\u00f3wienie na stronie internetowej lub wizyt\u0119 u ciebie.<\/li>\n    <li><b>Podaj dane kontaktowe w widoczny spos\u00f3b.<\/b> Dodanie danych kontaktowych do wid\u017cetu Godziny pracy bez kodu umo\u017cliwia lepsz\u0105 komunikacj\u0119 z klientami i przyspieszenie sprzeda\u017cy. Poka\u017c, \u017ce pracujesz i jeste\u015b gotowy odpowiedzie\u0107 na ich zapytania dotycz\u0105ce Twoich produkt\u00f3w i us\u0142ug, co zako\u0144czy si\u0119 wi\u0119ksz\u0105 lojalno\u015bci\u0105 i aprobat\u0105.<\/li>\n<\/ul>\n<div class=\"faq\" data-component=\"FAQ\">\n    <div class=\"faq-item\">\r\n\t\t\t\t\t<div class=\"faq-item-question\">\r\n\t\t\t\t\t\t<h3 class=\"faq-item-question-text\">Czy s\u0105 jakie\u015b inne wtyczki do Wix, kt\u00f3re mog\u0119 umie\u015bci\u0107 na mojej stronie internetowej?<\/h3>\r\n\r\n\t\t\t\t\t\t<div class=\"faq-item-question-icon\"><\/div>\r\n\t\t\t\t\t<\/div>\r\n\r\n\t\t\t\t\t<div class=\"faq-item-answer\">\r\n\t\t\t\t\t\t<div class=\"faq-item-answer-text\">Mo\u017cemy udost\u0119pni\u0107 Ci wiele wtyczek, aby\u015b m\u00f3g\u0142 wykona\u0107 dowolne zadanie na swojej stronie strona internetowa: <a href=\"https:\/\/elfsight.com\/google-reviews-widget\/wix\/\" target=\"_blank\" rel=\"noopener\">Recenzje Google<\/a>, <a href=\"https:\/\/elfsight.com\/whatsapp-chat-widget\/wix\/\" target=\"_blank\" rel=\"noopener\">Czat WhatsApp<\/a>, <a href=\"https:\/\/elfsight.com\/event-calendar-widget\/wix\/\" target=\"_blank\" rel=\"noopener\">Kalendarz wydarze\u0144<\/a>, <a href=\"https:\/\/elfsight.com\/countdown-timer-widget\/wix\/\" target=\"_blank\" rel=\"noopener\">Licznik czasu<\/a>, <a href=\"https:\/\/elfsight.com\/qr-code-widget\/wix\/\" target=\"_blank\" rel=\"noopener\">Kod QR<\/a>.<\/div>\r\n\t\t\t\t\t<\/div>\r\n\t\t\t\t<\/div>\n    <div class=\"faq-item\">\r\n\t\t\t\t\t<div class=\"faq-item-question\">\r\n\t\t\t\t\t\t<h3 class=\"faq-item-question-text\">Jak mog\u0119 skorzysta\u0107 z godzin pracy na stronach Wix?<\/h3>\r\n\r\n\t\t\t\t\t\t<div class=\"faq-item-question-icon\"><\/div>\r\n\t\t\t\t\t<\/div>\r\n\r\n\t\t\t\t\t<div class=\"faq-item-answer\">\r\n\t\t\t\t\t\t<div class=\"faq-item-answer-text\">Istnieje wiele scenariuszy poprawy wsp\u00f3\u0142czynnik\u00f3w konwersji i wynik\u00f3w sprzeda\u017cy poprzez dodanie wtyczki Godziny pracy. Dzi\u0119ki szablonom Elfsight dla tej wspania\u0142ej wtyczki do stron internetowych mo\u017cesz znale\u017a\u0107 osobist\u0105 taktyk\u0119 biznesow\u0105. Mo\u017cesz wy\u015bwietli\u0107 rozszerzone informacje o godzinach pracy i narz\u0119dziach do nawi\u0105zania komunikacji z Tob\u0105 lub po prostu w\u0142\u0105czy\u0107 minimalistyczne wyskakuj\u0105ce okienko ze statusem dzia\u0142ania. Za pomoc\u0105 naszej wtyczki mo\u017cesz tworzy\u0107 karty kontaktowe i umieszcza\u0107 je w wymaganych lokalizacjach witryn, aby przyci\u0105gn\u0105\u0107 uwag\u0119 i poinformowa\u0107 wszystkich o swojej firmie status, kt\u00f3ry zainspiruje sprzeda\u017c.<\/div>\r\n\t\t\t\t\t<\/div>\r\n\t\t\t\t<\/div>\n    <div class=\"faq-item\">\r\n\t\t\t\t\t<div class=\"faq-item-question\">\r\n\t\t\t\t\t\t<h3 class=\"faq-item-question-text\">Jak bezp\u0142atnie osadzi\u0107 Godziny pracy w Wix?<\/h3>\r\n\r\n\t\t\t\t\t\t<div class=\"faq-item-question-icon\"><\/div>\r\n\t\t\t\t\t<\/div>\r\n\r\n\t\t\t\t\t<div class=\"faq-item-answer\">\r\n\t\t\t\t\t\t<div class=\"faq-item-answer-text\">Osadzanie bezp\u0142atnej wtyczki Godziny pracy w Twojej witrynie Wix to doskona\u0142a metoda na zaanga\u017cowanie odwiedzaj\u0105cych w komunikacj\u0119 i poinformowanie ich o Twojej witrynie gotowo\u015b\u0107 do sprzeda\u017cy lub \u015bwiadczenia us\u0142ug. Oferujemy kilka samouczk\u00f3w na temat dodawania wtyczki Godziny pracy do Twojej witryny.<ol><li>Aby bezp\u0142atnie doda\u0107 aplikacj\u0119 Elfsight Godziny pracy do Wix, przejd\u017a do witryny Elfsight i zarejestruj si\u0119.<\/li><li>Utw\u00f3rz bezp\u0142atn\u0105 wtyczk\u0119 bez kodu, dostosowuj\u0105c jej wygl\u0105d i ustawienia tak, aby pasowa\u0142y do \u200b\u200bstylu Twojej witryny Wix.<\/li><li>Po bezp\u0142atnym dostosowaniu godzin pracy bez kodu, skopiuj wygenerowany kod i wklej go do kodu HTML swojej witryny Wix gdzie chcesz, aby wtyczka by\u0142a wy\u015bwietlana.<\/li><\/ol>Dodaj\u0105c godziny pracy do swojej witryny Wix, z pewno\u015bci\u0105 poprawisz jej wygl\u0105d i zmotywujesz do sta\u0142ego zaanga\u017cowania klient\u00f3w. Odkryj zalety wtyczki Elfsight Business Hours bezp\u0142atnie!<\/div>\r\n\t\t\t\t\t<\/div>\r\n\t\t\t\t<\/div>\n<\/div>\n<\/div>\n\n<div class=\"application-platform-content-item-features application-platform-content-item\" id=\"features\" data-nav-section=\"features\">\n<h2>Przejrzyj list\u0119 najwa\u017cniejszych funkcji:<\/h2>\n<ul>\n    <li>Poka\u017c aktualny stan pracy swojej firmy<\/li>\n    <li>Proste dostosowanie harmonogramu<\/li>\n    <li>Konfiguracja na specjalne okazje<\/li>\n    <li>Aktualny stan firmy<\/li>\n    <li>Wstawiany wykres godzin pracy lub status oszcz\u0119dzaj\u0105cy miejsce<\/li>\n<\/ul>\n<p><a href=\"#demo\">Wypr\u00f3buj wszystkie ustawienia w w pe\u0142ni funkcjonalnej wersji demonstracyjnej<\/a><\/p>\n<\/div>\n\n<div class=\"application-platform-content-item-installation application-platform-content-item\" id=\"installation\" data-nav-section=\"installation\">\n<h2>Jak mog\u0119 osadzi\u0107 godziny pracy w mojej witrynie Squarespace?<\/h2>\n<p>Wystarczy wykona\u0107 poni\u017csze instrukcje, aby osadzi\u0107 wtyczk\u0119.<\/p>\n<ol>\n    <li><b>Uruchom nasz edytor i zacznij tworzy\u0107 w\u0142asn\u0105 wtyczk\u0119 dotycz\u0105c\u0105 godzin aktywno\u015bci. <\/b><br> Okre\u015bl niestandardowy wygl\u0105d i cechy funkcjonalne wtyczki i wprowad\u017a \u017c\u0105dane poprawki. <\/li>\n    <li><b>Skopiuj osadzony kod osobisty, kt\u00f3ry pojawia si\u0119 w specjalnym formularzu w aplikacjach Elfsight.<\/b><br> Zaraz po utworzeniu wtyczki skopiuj indywidualny kod w wy\u015bwietlonym oknie i zachowaj go na przysz\u0142e potrzeby. <\/li>\n    <li><b>Rozpocznij korzystanie z dodanej aplikacji na swojej stronie internetowej.<\/b><br> Wpisz otrzymany wcze\u015bniej kod na stronie g\u0142\u00f3wnej Squarespace i zapisz poprawki. <\/li>\n    <li><b>Gotowe! Konfiguracja godzin pracy bez kodu zosta\u0142a zako\u0144czona.<\/b><br> Przejd\u017a do swojej witryny, aby zobaczy\u0107 w praktyce dzia\u0142anie wtyczki przyci\u0105gaj\u0105cej klient\u00f3w i sprzeda\u017c. <\/li>\n<\/ol>\n<p>Je\u015bli napotkasz jakiekolwiek komplikacje zwi\u0105zane z wid\u017cetem Squarespace, skontaktuj si\u0119 z naszym zespo\u0142em pomocy. Nasi konsultanci z przyjemno\u015bci\u0105 pomog\u0105 Ci we wszystkich trudno\u015bciach, jakie mo\u017cesz mie\u0107 z widgetem.<\/p>\n<\/div>","protected":false},"excerpt":{"rendered":"","protected":false},"author":9,"featured_media":0,"parent":3385,"menu_order":0,"comment_status":"closed","ping_status":"closed","template":"templates\/template-application-platform.php","meta":{"publish_to_discourse":"","publish_post_category":"","wpdc_auto_publish_overridden":"","wpdc_topic_tags":"","wpdc_pin_topic":"","wpdc_pin_until":"","discourse_post_id":"","discourse_permalink":"","wpdc_publishing_response":"","wpdc_publishing_error":"","footnotes":""},"class_list":["post-4535","page","type-page","status-publish","hentry"],"yoast_head":"<!-- This site is optimized with the Yoast SEO plugin v25.3.1 - https:\/\/yoast.com\/wordpress\/plugins\/seo\/ -->\n<title>Osad\u017a godziny pracy w Wix - Dodaj niestandardowy harmonogram do strony internetowej<\/title>\n<meta name=\"description\" content=\"Umie\u015b\u0107 regulowany wid\u017cet Godzin pracy na Wix, aby pokaza\u0107 status swojej firmy. Stw\u00f3rz sw\u00f3j osobisty widget godzin pracy w wersji demonstracyjnej.\" \/>\n<meta name=\"robots\" content=\"index, follow, max-snippet:-1, max-image-preview:large, max-video-preview:-1\" \/>\n<link rel=\"canonical\" href=\"https:\/\/elfsight.com\/pl\/business-hours-widget\/wix\/\" \/>\n<meta property=\"og:locale\" content=\"pl_PL\" \/>\n<meta property=\"og:type\" content=\"article\" \/>\n<meta property=\"og:title\" content=\"Osad\u017a godziny pracy w Wix - Dodaj niestandardowy harmonogram do strony internetowej\" \/>\n<meta property=\"og:description\" content=\"Umie\u015b\u0107 regulowany wid\u017cet Godzin pracy na Wix, aby pokaza\u0107 status swojej firmy. Stw\u00f3rz sw\u00f3j osobisty widget godzin pracy w wersji demonstracyjnej.\" \/>\n<meta property=\"og:url\" content=\"https:\/\/elfsight.com\/pl\/business-hours-widget\/wix\/\" \/>\n<meta property=\"og:site_name\" content=\"Elfsight PL\" \/>\n<meta property=\"article:modified_time\" content=\"2025-06-26T13:58:58+00:00\" \/>\n<meta name=\"twitter:card\" content=\"summary_large_image\" \/>\n<meta name=\"twitter:label1\" content=\"Szacowany czas czytania\" \/>\n\t<meta name=\"twitter:data1\" content=\"5 minut\" \/>\n<!-- \/ Yoast SEO plugin. -->","yoast_head_json":{"title":"Osad\u017a godziny pracy w Wix - Dodaj niestandardowy harmonogram do strony internetowej","description":"Umie\u015b\u0107 regulowany wid\u017cet Godzin pracy na Wix, aby pokaza\u0107 status swojej firmy. Stw\u00f3rz sw\u00f3j osobisty widget godzin pracy w wersji demonstracyjnej.","robots":{"index":"index","follow":"follow","max-snippet":"max-snippet:-1","max-image-preview":"max-image-preview:large","max-video-preview":"max-video-preview:-1"},"canonical":"https:\/\/elfsight.com\/pl\/business-hours-widget\/wix\/","og_locale":"pl_PL","og_type":"article","og_title":"Osad\u017a godziny pracy w Wix - Dodaj niestandardowy harmonogram do strony internetowej","og_description":"Umie\u015b\u0107 regulowany wid\u017cet Godzin pracy na Wix, aby pokaza\u0107 status swojej firmy. Stw\u00f3rz sw\u00f3j osobisty widget godzin pracy w wersji demonstracyjnej.","og_url":"https:\/\/elfsight.com\/pl\/business-hours-widget\/wix\/","og_site_name":"Elfsight PL","article_modified_time":"2025-06-26T13:58:58+00:00","twitter_card":"summary_large_image","twitter_misc":{"Szacowany czas czytania":"5 minut"},"schema":{"@context":"https:\/\/schema.org","@graph":[{"@type":"WebPage","@id":"https:\/\/elfsight.com\/pl\/business-hours-widget\/wix\/","url":"https:\/\/elfsight.com\/pl\/business-hours-widget\/wix\/","name":"Osad\u017a godziny pracy w Wix - Dodaj niestandardowy harmonogram do strony internetowej","isPartOf":{"@id":"https:\/\/elfsight.com\/pl\/#website"},"datePublished":"2024-05-03T06:31:13+00:00","dateModified":"2025-06-26T13:58:58+00:00","description":"Umie\u015b\u0107 regulowany wid\u017cet Godzin pracy na Wix, aby pokaza\u0107 status swojej firmy. Stw\u00f3rz sw\u00f3j osobisty widget godzin pracy w wersji demonstracyjnej.","breadcrumb":{"@id":"https:\/\/elfsight.com\/pl\/business-hours-widget\/wix\/#breadcrumb"},"inLanguage":"pl-PL","potentialAction":[{"@type":"ReadAction","target":["https:\/\/elfsight.com\/pl\/business-hours-widget\/wix\/"]}]},{"@type":"BreadcrumbList","@id":"https:\/\/elfsight.com\/pl\/business-hours-widget\/wix\/#breadcrumb","itemListElement":[{"@type":"ListItem","position":1,"name":"Home","item":"https:\/\/elfsight.com\/pl\/"},{"@type":"ListItem","position":2,"name":"Business Hours","item":"https:\/\/elfsight.com\/pl\/business-hours-widget\/"},{"@type":"ListItem","position":3,"name":"Business Hours &#8211; Wix"}]},{"@type":"WebSite","@id":"https:\/\/elfsight.com\/pl\/#website","url":"https:\/\/elfsight.com\/pl\/","name":"Elfsight PL","description":"Just another Elfsight Sites site","potentialAction":[{"@type":"SearchAction","target":{"@type":"EntryPoint","urlTemplate":"https:\/\/elfsight.com\/pl\/?s={search_term_string}"},"query-input":{"@type":"PropertyValueSpecification","valueRequired":true,"valueName":"search_term_string"}}],"inLanguage":"pl-PL"}]}},"meta_box":{"industry":"","seo_heading":"","heading":"","description":"","cta_heading":"","cta_description":"","application":"3354","h1":"Aplikacja Godziny pracy Wix","h1_caption":"Wy\u015bwietlaj godziny otwarcia w przejrzystym i atrakcyjnym formacie, aby bez wysi\u0142ku poinformowa\u0107 odwiedzaj\u0105cych o Twojej dost\u0119pno\u015bci na Twojej stronie Wix.","application_category":[],"applications_title":"","applications_request_title":"","applications_request_button_text":"","hero_text":"","hero_video":"","hero_video_schema_markup":"","selling_points_title":"","selling_points_caption":"","selling_points":[],"selling_points_cta_text":"","features_title":"","features":"","ed_cta_examples_text":"","ed_cta_examples_hidden":"","ed_cta_demo_text":"","ed_cta_demo_hidden":"","why_caption":"","why_editor_title":"","why_editor_text":"","why_team_title":"","why_team_text":"","why_service_title":"","why_service_text":"","template_catalog_visible":"0","template_catalog_title":"","template_catalog_text":"","template_catalog_categories_visible":"","demo_title":"Ciesz si\u0119 tworzeniem niestandardowych godzin pracy Wix","demo_caption":"Spersonalizuj i zintegruj widget na swojej stronie internetowej poprzez demonstracj\u0119 na \u017cywo.","default_faq_hidden":"","app_template_category":[],"platform":"30","template_public_id":"","codecanyon_url":"","codecanyon_item_id":"","codecanyon_price":"","pricing_caption":"","pricing_elfsight_apps_hide_column":"","pricing_elfsight_apps_url":"","pricing_codecanyon_price_caption":"","integration_category":[],"integration_request_title":"","integration_request_cta":"","integration_platform":"","integrations":[],"platform_category":[],"video_schema_markup":"","price":"od 0 USD \/ miesi\u0105c","trial":"","benefits":[{"text":"Bezp\u0142atna us\u0142uga monta\u017cu"},{"text":"Wsparcie premium"},{"text":"14-dniowa gwarancja zwrotu pieni\u0119dzy"}],"button_url":"#demo","button_target_blank":"0","button_nofollow":"0","attributes":[{"name":"Instaluje"},{"name":"Czu\u0142y"},{"name":"Kompatybilne przegl\u0105darki"}],"tags":[],"tags_disable_links":"0","hide_more_platforms":"0","video_object":"","demo_hide_cta":"0","demo_hide_cloud_options":"0","pricing_title":"","pricing":[{"pricing_icon":"platform","pricing_title":"Elfsight Apps","pricing_title_caption":"Oprogramowanie wieloplatformowe, kt\u00f3re dzia\u0142a na dowolnej stronie internetowej","pricing_price":"od 0 USD \/ miesi\u0105c","pricing_price_caption":"zacznij od bezp\u0142atnego planu","pricing_benefits":[{"text":"Nielimitowane strony internetowe"},{"text":"Ca\u0142odobowa obs\u0142uga klienta"},{"text":"Bezp\u0142atna us\u0142uga monta\u017cu"},{"text":"Elastyczny projekt"}],"pricing_button_text":"Dodaj do witryny","pricing_button_url":"#demo"}],"related_apps_title":"","related_apps_hidden":"0","author":"","image":[],"title":"","job":"","social_networks":[]},"_links":{"self":[{"href":"https:\/\/elfsight.com\/pl\/wp-json\/wp\/v2\/pages\/4535","targetHints":{"allow":["GET"]}}],"collection":[{"href":"https:\/\/elfsight.com\/pl\/wp-json\/wp\/v2\/pages"}],"about":[{"href":"https:\/\/elfsight.com\/pl\/wp-json\/wp\/v2\/types\/page"}],"author":[{"embeddable":true,"href":"https:\/\/elfsight.com\/pl\/wp-json\/wp\/v2\/users\/9"}],"replies":[{"embeddable":true,"href":"https:\/\/elfsight.com\/pl\/wp-json\/wp\/v2\/comments?post=4535"}],"version-history":[{"count":2,"href":"https:\/\/elfsight.com\/pl\/wp-json\/wp\/v2\/pages\/4535\/revisions"}],"predecessor-version":[{"id":10545,"href":"https:\/\/elfsight.com\/pl\/wp-json\/wp\/v2\/pages\/4535\/revisions\/10545"}],"up":[{"embeddable":true,"href":"https:\/\/elfsight.com\/pl\/wp-json\/wp\/v2\/pages\/3385"}],"wp:attachment":[{"href":"https:\/\/elfsight.com\/pl\/wp-json\/wp\/v2\/media?parent=4535"}],"curies":[{"name":"wp","href":"https:\/\/api.w.org\/{rel}","templated":true}]}}