{"id":4533,"date":"2024-05-03T06:31:11","date_gmt":"2024-05-03T06:31:11","guid":{"rendered":"https:\/\/elfsight.com\/pl\/?page_id=4533"},"modified":"2024-10-24T13:15:41","modified_gmt":"2024-10-24T13:15:41","slug":"joomla","status":"publish","type":"page","link":"https:\/\/elfsight.com\/pl\/business-hours-widget\/joomla\/","title":{"rendered":"Business Hours &#8211; Joomla"},"content":{"rendered":"<div class=\"application-platform-content-item-description application-platform-content-item\" id=\"description\" data-nav-section=\"description\"> <h2>Osad\u017a godziny pracy w Joomla za pomoc\u0105 rozszerzenia Elfsight<\/h2> <p>Elfsight godziny pracy dla Joomla to prosty widget, kt\u00f3ry nie wymaga kodu i umo\u017cliwia zaprojektujesz \u0142adn\u0105 wizyt\u00f3wk\u0119, na kt\u00f3rej b\u0119d\u0105 zapisane najwa\u017cniejsze momenty zwi\u0105zane z Twoj\u0105 dzia\u0142alno\u015bci\u0105. Mo\u017cesz zawrze\u0107 w nim informacj\u0119 o statusie swojej pracy i umo\u017cliwi\u0107 kontakt swoim klientom. Wid\u017cet pozwala na tworzenie wygodnych projekt\u00f3w, dzi\u0119ki kt\u00f3rym klienci b\u0119d\u0105 mogli szybko zapozna\u0107 si\u0119 ze wszystkimi niezb\u0119dnymi danymi w skr\u00f3cie lub bardziej szczeg\u00f3\u0142owo. <\/p><p>Doskona\u0142y widget oferuje kilka szablon\u00f3w, dzi\u0119ki kt\u00f3rym mo\u017cesz wybra\u0107 najlepsz\u0105 opcj\u0119 dla swojej witryny. Ka\u017cdy szablon ma r\u00f3\u017cne ustawienia, kt\u00f3re pomog\u0105 Ci stworzy\u0107 osobisty widget z wymaganymi opcjami, takimi jak przyciski CTA, kt\u00f3re zwi\u0119kszaj\u0105 sprzeda\u017c. Osadzanie godzin pracy i danych kontaktowych na stronach Twojej witryny jest ca\u0142kowicie proste dzi\u0119ki Elfsight dzi\u0119ki przejrzystym samouczkom i instrukcjom. Ka\u017cdy u\u017cytkownik mo\u017ce bezp\u0142atnie opracowa\u0107 i doda\u0107 wid\u017cet Godziny pracy bez kodu<\/p> <p><b>Dodaj szczeg\u00f3\u0142y firmy do swoich stron, aby zwi\u0119kszy\u0107 sprzeda\u017c i zadowolenie klient\u00f3w. Dziel si\u0119 istotnymi informacjami na temat swojego statusu pracy za pomoc\u0105 wid\u017cetu.<\/b><\/p> <p>Dzi\u0119ki temu wid\u017cetowi wbudowanemu w Twoj\u0105 witryn\u0119 Joomla mo\u017cesz sprawi\u0107, \u017ce Twoi klienci b\u0119d\u0105 lepiej poinformowani o Twojej firmie i uzyska\u0107 wi\u0119ksz\u0105 sprzeda\u017c. Zwr\u00f3\u0107 uwag\u0119 na niekt\u00f3re z najwa\u017cniejszych korzy\u015bci dla Twojej witryny internetowej po umieszczeniu w niej bezp\u0142atnych godzin pracy. <\/p><ul><li><b>Pom\u00f3\u017c klientom by\u0107 zawsze na czas.<\/b> Zwi\u0119ksz sprzeda\u017c dzi\u0119ki ci\u0105g\u0142ej obecno\u015bci w odpowiednich godzinach pracy. Odwiedzaj\u0105cy Twoj\u0105 witryn\u0119 zapami\u0119taj\u0105 godziny Twojej aktywno\u015bci i b\u0119d\u0105 bardziej przekonani do dokonania udanego zakupu, gdy b\u0119d\u0105 gotowi. <\/li><li><b>Unikaj nieporozumie\u0144 zwi\u0105zanych z godzinami pracy.<\/b> Pokazanie klientom na stronie internetowej prostych okres\u00f3w pracy sprawi, \u017ce b\u0119d\u0105 bardziej lojalni wobec Twojej firmy. <\/li><li><b>Udost\u0119pniaj kontakty w przejrzysty spos\u00f3b.<\/b> Dodanie danych kontaktowych do wid\u017cetu godzin otwarcia bez kodowania pozwala na nawi\u0105zanie komunikacji i popraw\u0119 sprzeda\u017cy. Poka\u017c, \u017ce jeste\u015b tutaj, aby odpowiedzie\u0107 na ich obawy dotycz\u0105ce produkt\u00f3w i us\u0142ug Twojej firmy, co zako\u0144czy si\u0119 wi\u0119ksz\u0105 lojalno\u015bci\u0105 i aprobat\u0105. <\/li><\/ul><div class=\"faq\" data-component=\"FAQ\"><div class=\"faq-item\">\r\n\t\t\t\t\t<div class=\"faq-item-question\">\r\n\t\t\t\t\t\t<h3 class=\"faq-item-question-text\">Czy s\u0105 jakie\u015b inne wtyczki do Joomla, kt\u00f3re mog\u0119 osadzi\u0107 na mojej stronie internetowej, aby zwi\u0119kszy\u0107 sprzeda\u017c?<\/h3>\r\n\r\n\t\t\t\t\t\t<div class=\"faq-item-question-icon\"><\/div>\r\n\t\t\t\t\t<\/div>\r\n\r\n\t\t\t\t\t<div class=\"faq-item-answer\">\r\n\t\t\t\t\t\t<div class=\"faq-item-answer-text\">Mo\u017cemy zaoferowa\u0107 Ci wiele wtyczek, kt\u00f3re umo\u017cliwi\u0105 realizacj\u0119 dowolnego rodzaju cel na Twojej stronie internetowej. Na przyk\u0142ad: <a href=\"https:\/\/elfsight.com\/google-reviews-widget\/joomla\/\" target=\"_blank\" rel=\"noopener\">Recenzje Google<\/a>, <a href=\"https:\/\/elfsight.com\/whatsapp-chat-widget\/joomla\/\" target=\"_blank\" rel=\"noopener\">Czat WhatsApp<\/a>, <a href=\"https:\/\/elfsight.com\/event-calendar- widget\/joomla\/\" target=\"_blank\" rel=\"noopener\">Kalendarz wydarze\u0144<\/a>, <a href=\"https:\/\/elfsight.com\/countdown-timer-widget\/joomla\/\" target=\"_blank\" rel=\"noopener\">Licznik czasu<\/a>, <a href=\"https:\/\/elfsight.com\/qr-code-widget\/joomla\/\" target=\"_blank\" rel=\"noopener\">Kod QR<\/a>. <\/div>\r\n\t\t\t\t\t<\/div>\r\n\t\t\t\t<\/div><div class=\"faq-item\">\r\n\t\t\t\t\t<div class=\"faq-item-question\">\r\n\t\t\t\t\t\t<h3 class=\"faq-item-question-text\">Jak mog\u0119 wykorzysta\u0107 godziny pracy w witrynie Joomla?<\/h3>\r\n\r\n\t\t\t\t\t\t<div class=\"faq-item-question-icon\"><\/div>\r\n\t\t\t\t\t<\/div>\r\n\r\n\t\t\t\t\t<div class=\"faq-item-answer\">\r\n\t\t\t\t\t\t<div class=\"faq-item-answer-text\">Dodaj\u0105c wtyczk\u0119 Godziny pracy, masz dost\u0119p do wielu sposob\u00f3w poprawy statystyk sukcesu i sprzeda\u017cy. Dzi\u0119ki szablonom Elfsight dla tej ekscytuj\u0105cej wtyczki do stron internetowych mo\u017cesz znale\u017a\u0107 niestandardowe rozwi\u0105zanie biznesowe. Mo\u017cesz albo wy\u015bwietli\u0107 rozszerzone informacje dotycz\u0105ce godzin Twojej aktywno\u015bci i narz\u0119dzi do nawi\u0105zania komunikacji z Tob\u0105, albo po prostu osadzi\u0107 ma\u0142y pasek stanu operacyjnego. Za pomoc\u0105 wtyczki Godziny pracy mo\u017cesz tworzy\u0107 karty kontaktowe i dodawa\u0107 je do wymaganych stron internetowych, aby przyci\u0105gn\u0105\u0107 uwag\u0119. <\/div>\r\n\t\t\t\t\t<\/div>\r\n\t\t\t\t<\/div><div class=\"faq-item\">\r\n\t\t\t\t\t<div class=\"faq-item-question\">\r\n\t\t\t\t\t\t<h3 class=\"faq-item-question-text\">Jak bezp\u0142atnie osadzi\u0107 godziny pracy w witrynach Joomla?<\/h3>\r\n\r\n\t\t\t\t\t\t<div class=\"faq-item-question-icon\"><\/div>\r\n\t\t\t\t\t<\/div>\r\n\r\n\t\t\t\t\t<div class=\"faq-item-answer\">\r\n\t\t\t\t\t\t<div class=\"faq-item-answer-text\">W\u0142\u0105czenie wtyczki Godziny pracy w witrynie Joomla to \u015bwietny spos\u00f3b na przyci\u0105gni\u0119cie nowych klient\u00f3w i poinformowanie ich o obowi\u0105zuj\u0105cym czasie i statusie, aby mie\u0107 pewno\u015b\u0107 sprzeda\u017cy lub \u015bwiadczenia us\u0142ug. Znajd\u017a kilka tutoriali na temat dodawania wtyczki godzin pracy bez kodu do swojej witryny. <ol><li>Je\u015bli chcesz w\u0142\u0105czy\u0107 wtyczk\u0119 Elfsight Godziny pracy do Joomla, przejd\u017a do witryny Elfsight i za\u0142\u00f3\u017c konto. <\/li><li>Dostosuj godziny pracy bez kodu, dostosowuj\u0105c ich wygl\u0105d i ustawienia do projektu witryny Joomla. <\/li><li>Po dostosowaniu godzin pracy skopiuj wygenerowany kod i wklej go do kodu HTML swojej witryny Joomla, w miejscu, w kt\u00f3rym ma si\u0119 pojawia\u0107 wtyczka. <\/li><\/ol>Dzi\u0119ki zintegrowaniu godzin pracy bez kodu ze swoj\u0105 witryn\u0105 Joomla z pewno\u015bci\u0105 poprawisz jej wygl\u0105d wizualny i zapewnisz trwa\u0142\u0105 lojalno\u015b\u0107 odwiedzaj\u0105cych. Odkryj zalety godzin pracy Elfsight bezp\u0142atnie! <\/div>\r\n\t\t\t\t\t<\/div>\r\n\t\t\t\t<\/div><\/div><\/div><div class=\"application-platform-content-item-features application-platform-content-item\" id=\"features\" data-nav-section=\"features\"> <h2>Oferujemy cenne i \u0142atwe funkcje, sprawd\u017a niekt\u00f3re z nich:<\/h2> <ul><li>Zaprezentuj prawdziwe- status czasu<\/li><li>Przyjazna dla u\u017cytkownika konfiguracja harmonogramu<\/li><li>Konfiguracja wydarze\u0144 uroczystych<\/li><li>Aktualny stan sytuacji<\/li><li>Status z mo\u017cliwo\u015bci\u0105 integracji lub zwarty<\/li> <\/ul><p><a href=\"#demo\">Wystarczy sprawdzi\u0107 t\u0119 wersj\u0119 demonstracyjn\u0105, aby zobaczy\u0107, jak dzia\u0142a<\/a><\/p><\/div> <div class=\"application-platform-content-item-installation application-platform-content-item\" id=\"installation\" data-nav-section=\"installation\"> <h2>Jak mo\u017cna Umie\u015bci\u0142em godziny pracy na mojej stronie Joomla?<\/h2> <p>Wystarczy post\u0119powa\u0107 zgodnie z poni\u017cszymi instrukcjami, aby wstawi\u0107 rozszerzenie z okresami pracy.<\/p> <ol><li><b>Uruchom nasz konfigurator i zacznij budowa\u0107 sw\u00f3j wtyczka zbudowana na zam\u00f3wienie. <\/b><br> Wybierz preferowany uk\u0142ad i specyfikacje wtyczki i zastosuj poprawki. <\/li> <li><b>Zdob\u0105d\u017a sw\u00f3j indywidualny kod pojawiaj\u0105cy si\u0119 w specjalnym formularzu w aplikacjach Elfsight. <\/b><br> Zaraz po zako\u0144czeniu konfiguracji Twojej osobistej wtyczki skopiuj indywidualny kod z wy\u015bwietlonego pola i zachowaj go do p\u00f3\u017aniejszego wykorzystania na swojej stronie internetowej. <\/li> <li><b>Zainicjuj instalacj\u0119 wtyczki na swojej stronie Joomla. <\/b><br> Dodaj kod zapisany wcze\u015bniej na swojej stronie g\u0142\u00f3wnej i zastosuj modyfikacje. <\/li> <li><b>Instalacja godzin pracy bez kodu zosta\u0142a pomy\u015blnie zako\u0144czona. <\/b><br> Odwied\u017a swoj\u0105 stron\u0119 internetow\u0105, aby zobaczy\u0107 w praktyce dzia\u0142anie wyd\u0142u\u017cenia godzin pracy. <\/li><\/ol> <p>Je\u015bli napotkasz pewne trudno\u015bci, bez wahania zwr\u00f3\u0107 si\u0119 do naszego zespo\u0142u wsparcia. Nasi specjali\u015bci pragn\u0105 rozwi\u0105za\u0107 wszystkie problemy, jakie mo\u017cesz mie\u0107 z produktem dla Joomla. <\/p><\/div>","protected":false},"excerpt":{"rendered":"","protected":false},"author":9,"featured_media":0,"parent":3385,"menu_order":0,"comment_status":"closed","ping_status":"closed","template":"templates\/template-application-platform.php","meta":{"publish_to_discourse":"","publish_post_category":"","wpdc_auto_publish_overridden":"","wpdc_topic_tags":"","wpdc_pin_topic":"","wpdc_pin_until":"","discourse_post_id":"","discourse_permalink":"","wpdc_publishing_response":"","wpdc_publishing_error":"","footnotes":""},"class_list":["post-4533","page","type-page","status-publish","hentry"],"yoast_head":"<!-- This site is optimized with the Yoast SEO plugin v25.3.1 - https:\/\/yoast.com\/wordpress\/plugins\/seo\/ -->\n<title>Dodaj godziny pracy do Joomla - Korzystaj z bezp\u0142atnego harmonogramu na stronie internetowej<\/title>\n<meta name=\"description\" content=\"Dodaj konfigurowalny wid\u017cet godzin pracy do Joomla, aby zaprezentowa\u0107 status swojej firmy. Stw\u00f3rz swoje osobiste godziny pracy, korzystaj\u0105c z wersji demonstracyjnej.\" \/>\n<meta name=\"robots\" content=\"index, follow, max-snippet:-1, max-image-preview:large, max-video-preview:-1\" \/>\n<link rel=\"canonical\" href=\"https:\/\/elfsight.com\/pl\/business-hours-widget\/joomla\/\" \/>\n<meta property=\"og:locale\" content=\"pl_PL\" \/>\n<meta property=\"og:type\" content=\"article\" \/>\n<meta property=\"og:title\" content=\"Dodaj godziny pracy do Joomla - Korzystaj z bezp\u0142atnego harmonogramu na stronie internetowej\" \/>\n<meta property=\"og:description\" content=\"Dodaj konfigurowalny wid\u017cet godzin pracy do Joomla, aby zaprezentowa\u0107 status swojej firmy. Stw\u00f3rz swoje osobiste godziny pracy, korzystaj\u0105c z wersji demonstracyjnej.\" \/>\n<meta property=\"og:url\" content=\"https:\/\/elfsight.com\/pl\/business-hours-widget\/joomla\/\" \/>\n<meta property=\"og:site_name\" content=\"Elfsight PL\" \/>\n<meta property=\"article:modified_time\" content=\"2024-10-24T13:15:41+00:00\" \/>\n<meta name=\"twitter:card\" content=\"summary_large_image\" \/>\n<meta name=\"twitter:label1\" content=\"Szacowany czas czytania\" \/>\n\t<meta name=\"twitter:data1\" content=\"5 minut\" \/>\n<!-- \/ Yoast SEO plugin. -->","yoast_head_json":{"title":"Dodaj godziny pracy do Joomla - Korzystaj z bezp\u0142atnego harmonogramu na stronie internetowej","description":"Dodaj konfigurowalny wid\u017cet godzin pracy do Joomla, aby zaprezentowa\u0107 status swojej firmy. Stw\u00f3rz swoje osobiste godziny pracy, korzystaj\u0105c z wersji demonstracyjnej.","robots":{"index":"index","follow":"follow","max-snippet":"max-snippet:-1","max-image-preview":"max-image-preview:large","max-video-preview":"max-video-preview:-1"},"canonical":"https:\/\/elfsight.com\/pl\/business-hours-widget\/joomla\/","og_locale":"pl_PL","og_type":"article","og_title":"Dodaj godziny pracy do Joomla - Korzystaj z bezp\u0142atnego harmonogramu na stronie internetowej","og_description":"Dodaj konfigurowalny wid\u017cet godzin pracy do Joomla, aby zaprezentowa\u0107 status swojej firmy. Stw\u00f3rz swoje osobiste godziny pracy, korzystaj\u0105c z wersji demonstracyjnej.","og_url":"https:\/\/elfsight.com\/pl\/business-hours-widget\/joomla\/","og_site_name":"Elfsight PL","article_modified_time":"2024-10-24T13:15:41+00:00","twitter_card":"summary_large_image","twitter_misc":{"Szacowany czas czytania":"5 minut"},"schema":{"@context":"https:\/\/schema.org","@graph":[{"@type":"WebPage","@id":"https:\/\/elfsight.com\/pl\/business-hours-widget\/joomla\/","url":"https:\/\/elfsight.com\/pl\/business-hours-widget\/joomla\/","name":"Dodaj godziny pracy do Joomla - Korzystaj z bezp\u0142atnego harmonogramu na stronie internetowej","isPartOf":{"@id":"https:\/\/elfsight.com\/pl\/#website"},"datePublished":"2024-05-03T06:31:11+00:00","dateModified":"2024-10-24T13:15:41+00:00","description":"Dodaj konfigurowalny wid\u017cet godzin pracy do Joomla, aby zaprezentowa\u0107 status swojej firmy. Stw\u00f3rz swoje osobiste godziny pracy, korzystaj\u0105c z wersji demonstracyjnej.","breadcrumb":{"@id":"https:\/\/elfsight.com\/pl\/business-hours-widget\/joomla\/#breadcrumb"},"inLanguage":"pl-PL","potentialAction":[{"@type":"ReadAction","target":["https:\/\/elfsight.com\/pl\/business-hours-widget\/joomla\/"]}]},{"@type":"BreadcrumbList","@id":"https:\/\/elfsight.com\/pl\/business-hours-widget\/joomla\/#breadcrumb","itemListElement":[{"@type":"ListItem","position":1,"name":"Home","item":"https:\/\/elfsight.com\/pl\/"},{"@type":"ListItem","position":2,"name":"Business Hours","item":"https:\/\/elfsight.com\/pl\/business-hours-widget\/"},{"@type":"ListItem","position":3,"name":"Business Hours &#8211; Joomla"}]},{"@type":"WebSite","@id":"https:\/\/elfsight.com\/pl\/#website","url":"https:\/\/elfsight.com\/pl\/","name":"Elfsight PL","description":"Just another Elfsight Sites site","potentialAction":[{"@type":"SearchAction","target":{"@type":"EntryPoint","urlTemplate":"https:\/\/elfsight.com\/pl\/?s={search_term_string}"},"query-input":{"@type":"PropertyValueSpecification","valueRequired":true,"valueName":"search_term_string"}}],"inLanguage":"pl-PL"}]}},"meta_box":{"industry":"","seo_heading":"","heading":"","description":"","cta_heading":"","cta_description":"","application":"3354","h1":"Rozszerzenie godzin pracy Joomla","h1_caption":"Wy\u015bwietlaj godziny otwarcia w przejrzystym i atrakcyjnym formacie, aby bez wysi\u0142ku poinformowa\u0107 odwiedzaj\u0105cych o Twojej dost\u0119pno\u015bci na Twojej stronie Joomla.","application_category":[],"applications_title":"","applications_request_title":"","applications_request_button_text":"","hero_text":"","hero_video":"","hero_video_schema_markup":"","selling_points_title":"","selling_points_caption":"","selling_points":[],"selling_points_cta_text":"","features_title":"","features":"","ed_cta_examples_text":"","ed_cta_examples_hidden":"","ed_cta_demo_text":"","ed_cta_demo_hidden":"","why_caption":"","why_editor_title":"","why_editor_text":"","why_team_title":"","why_team_text":"","why_service_title":"","why_service_text":"","template_catalog_visible":"","template_catalog_title":"","template_catalog_text":"","template_catalog_categories_visible":"","demo_title":"Mo\u017cesz swobodnie kszta\u0142towa\u0107 dostosowane do indywidualnych potrzeb godziny pracy Joomla","demo_caption":"Dostosuj widget i wstaw go na swoj\u0105 stron\u0119 internetow\u0105, korzystaj\u0105c z wersji demonstracyjnej na \u017cywo.","default_faq_hidden":"","app_template_category":[],"platform":"53","template_public_id":"","codecanyon_url":"","codecanyon_item_id":"","codecanyon_price":"","pricing_caption":"","pricing_elfsight_apps_hide_column":"","pricing_elfsight_apps_url":"","pricing_codecanyon_price_caption":"","integration_category":[],"integration_request_title":"","integration_request_cta":"","integration_platform":"","integrations":[],"platform_category":[],"video_schema_markup":"","price":"od 0 USD \/ miesi\u0105c","trial":"","benefits":[{"text":"Bezp\u0142atna pomoc w instalacji"},{"text":"Wsparcie premium"},{"text":"14-dniowa gwarancja zwrotu pieni\u0119dzy"}],"button_url":"#demo","button_target_blank":"","button_nofollow":"","attributes":[{"name":"Instaluje"},{"name":"Czu\u0142y"},{"name":"Kompatybilne przegl\u0105darki"}],"tags":[],"tags_disable_links":"","hide_more_platforms":"","video_object":"","demo_hide_cta":"","demo_hide_cloud_options":"","pricing_title":"","pricing":[{"pricing_icon":"platform","pricing_title":"Elfsight Apps","pricing_title_caption":"Niezale\u017cne od platformy rozwi\u0105zanie cyfrowe, kt\u00f3re pasuje do ka\u017cdej witryny internetowej","pricing_price":"od 0 USD \/ miesi\u0105c","pricing_price_caption":"zacznij od bezp\u0142atnego planu","pricing_benefits":[{"text":"Nielimitowane domeny"},{"text":"Szybkie wsparcie"},{"text":"Bezp\u0142atna pomoc w instalacji"},{"text":"Elastyczny projekt"}],"pricing_button_text":"Dodaj do witryny","pricing_button_url":"#demo"}],"related_apps_title":"","related_apps_hidden":"","author":"","image":[],"title":"","job":"","social_networks":[]},"_links":{"self":[{"href":"https:\/\/elfsight.com\/pl\/wp-json\/wp\/v2\/pages\/4533","targetHints":{"allow":["GET"]}}],"collection":[{"href":"https:\/\/elfsight.com\/pl\/wp-json\/wp\/v2\/pages"}],"about":[{"href":"https:\/\/elfsight.com\/pl\/wp-json\/wp\/v2\/types\/page"}],"author":[{"embeddable":true,"href":"https:\/\/elfsight.com\/pl\/wp-json\/wp\/v2\/users\/9"}],"replies":[{"embeddable":true,"href":"https:\/\/elfsight.com\/pl\/wp-json\/wp\/v2\/comments?post=4533"}],"version-history":[{"count":1,"href":"https:\/\/elfsight.com\/pl\/wp-json\/wp\/v2\/pages\/4533\/revisions"}],"predecessor-version":[{"id":4537,"href":"https:\/\/elfsight.com\/pl\/wp-json\/wp\/v2\/pages\/4533\/revisions\/4537"}],"up":[{"embeddable":true,"href":"https:\/\/elfsight.com\/pl\/wp-json\/wp\/v2\/pages\/3385"}],"wp:attachment":[{"href":"https:\/\/elfsight.com\/pl\/wp-json\/wp\/v2\/media?parent=4533"}],"curies":[{"name":"wp","href":"https:\/\/api.w.org\/{rel}","templated":true}]}}