{"id":4528,"date":"2024-05-03T06:31:10","date_gmt":"2024-05-03T06:31:10","guid":{"rendered":"https:\/\/elfsight.com\/pl\/?page_id=4528"},"modified":"2024-10-24T13:15:24","modified_gmt":"2024-10-24T13:15:24","slug":"weebly","status":"publish","type":"page","link":"https:\/\/elfsight.com\/pl\/business-hours-widget\/weebly\/","title":{"rendered":"Business Hours &#8211; Weebly"},"content":{"rendered":"<div class=\"application-platform-content-item-description application-platform-content-item\" id=\"description\" data-nav-section=\"description\"> <h2>Osad\u017a godziny pracy w Weebly za pomoc\u0105 aplikacji Elfsight<\/h2> <p>Elfsight godziny pracy dla Weebly to prosty widget niewymagaj\u0105cy kodu, umo\u017cliwiaj\u0105cy mo\u017cesz stworzy\u0107 \u0142adn\u0105 wizyt\u00f3wk\u0119 zawieraj\u0105c\u0105 najwa\u017cniejsze szczeg\u00f3\u0142y dotycz\u0105ce Twojej dzia\u0142alno\u015bci. Dzi\u0119ki temu wid\u017cetowi mo\u017cesz dodawa\u0107 informacje o swoim aktualnym statusie pracy i udost\u0119pnia\u0107 kontakty swoim odbiorcom. Wid\u017cet pozwala na budowanie wygodnych projekt\u00f3w, dzi\u0119ki kt\u00f3rym klienci b\u0119d\u0105 mogli szybko znale\u017a\u0107 wszystkie potrzebne dane w skr\u00f3cie lub bardziej szczeg\u00f3\u0142owo. <\/p><p>Doskona\u0142y widget jest wyposa\u017cony w kilka szablon\u00f3w, dzi\u0119ki czemu mo\u017cesz wybra\u0107 najbardziej efektywn\u0105 opcj\u0119 dla swojej witryny. Ka\u017cdy szablon ma r\u00f3\u017cne ustawienia, kt\u00f3re pomog\u0105 Ci zbudowa\u0107 osobisty widget z wymaganymi opcjami, takimi jak przyciski czatu i udost\u0119pniania, kt\u00f3re zwi\u0119kszaj\u0105 sprzeda\u017c. Dodawanie godzin pracy i danych kontaktowych Twojej firmy do Twoich stron jest niezwykle proste dzi\u0119ki Elfsight dzi\u0119ki \u0142atwym do zrozumienia samouczkom i przewodnikom. Ka\u017cdy redaktor witryny internetowej mo\u017ce bezp\u0142atnie utworzy\u0107 i osadzi\u0107 wid\u017cet Godziny pracy bez kodu<\/p> <p><b>Dodaj szczeg\u00f3\u0142y firmy do swojej witryny, aby zwi\u0119kszy\u0107 sprzeda\u017c i zadowolenie klient\u00f3w. Z \u0142atwo\u015bci\u0105 udost\u0119pniaj wa\u017cne informacje na temat swojego statusu zawodowego. <\/b><\/p> <p>Dzi\u0119ki temu widgetowi osadzonemu w Twojej witrynie Weebly mo\u017cesz informowa\u0107 klient\u00f3w o swojej firmie i uzyskiwa\u0107 regularne sprzeda\u017ce. Zwr\u00f3\u0107 uwag\u0119 na niekt\u00f3re z najwa\u017cniejszych pozytywnych wynik\u00f3w dla Twojej witryny po dodaniu do niej wid\u017cetu bezp\u0142atnych godzin pracy. <\/p><ul><li><b>Pom\u00f3\u017c swoim klientom dotrze\u0107 zawsze na czas. <\/b> Zwi\u0119kszaj sprzeda\u017c, pozostaj\u0105c w sta\u0142ym kontakcie w okre\u015blonych godzinach pracy. Odwiedzaj\u0105cy Twoj\u0105 witryn\u0119 zapami\u0119taj\u0105 godziny Twojej dost\u0119pno\u015bci i b\u0119d\u0105 bardziej zdecydowani na dokonanie zakupu, kiedy zajdzie taka potrzeba. <\/li><li><b>Unikaj nieporozumie\u0144 co do godzin pracy. <\/b> Zapewnienie odwiedzaj\u0105cym witryny prawid\u0142owego czasu pracy sprawi, \u017ce b\u0119d\u0105 oni bardziej oddani Twojej marce. <\/li><li><b>Udost\u0119pniaj informacje kontaktowe w widoczny spos\u00f3b. <\/b> Dodanie danych kontaktowych do wid\u017cetu godzin pracy bez kodu pozwala na lepsz\u0105 komunikacj\u0119 z osobami odwiedzaj\u0105cymi Twoj\u0105 witryn\u0119 i przyspieszenie sprzeda\u017cy. Poka\u017c, \u017ce jeste\u015b tutaj, aby odpowiedzie\u0107 na ich obawy dotycz\u0105ce produkt\u00f3w i us\u0142ug Twojej firmy, co prze\u0142o\u017cy si\u0119 na wi\u0119ksz\u0105 lojalno\u015b\u0107 i presti\u017c. <\/li><\/ul><div class=\"faq\" data-component=\"FAQ\"><div class=\"faq-item\">\r\n\t\t\t\t\t<div class=\"faq-item-question\">\r\n\t\t\t\t\t\t<h3 class=\"faq-item-question-text\">Czy s\u0105 jakie\u015b inne wtyczki do Weebly, kt\u00f3rych mog\u0119 u\u017cy\u0107 w mojej witrynie, aby zwi\u0119kszy\u0107 sprzeda\u017c?<\/h3>\r\n\r\n\t\t\t\t\t\t<div class=\"faq-item-question-icon\"><\/div>\r\n\t\t\t\t\t<\/div>\r\n\r\n\t\t\t\t\t<div class=\"faq-item-answer\">\r\n\t\t\t\t\t\t<div class=\"faq-item-answer-text\">Mo\u017cemy udost\u0119pni\u0107 Ci wiele wtyczek, dzi\u0119ki kt\u00f3rym mo\u017cesz osi\u0105gn\u0105\u0107 dowolny cel Twoja strona. Przekonaj si\u0119: <a href=\"https:\/\/elfsight.com\/google-reviews-widget\/weebly\/\" target=\"_blank\" rel=\"noopener\">Recenzje Google<\/a>, <a href=\"https:\/\/elfsight.com\/whatsapp-chat-widget\/weebly\/\" target=\"_blank\" rel=\"noopener\">Czat WhatsApp<\/a>, <a href=\"https:\/\/elfsight.com\/event-calendar -widget\/weebly\/\" target=\"_blank\" rel=\"noopener\">Kalendarz wydarze\u0144<\/a>, <a href=\"https:\/\/elfsight.com\/countdown-timer-widget\/weebly\/\" target=\"_blank \" rel=\"noopener\">Licznik czasu<\/a>, <a href=\"https:\/\/elfsight.com\/qr-code-widget\/weebly\/\" target=\"_blank\" rel=\"noopener\">Kod QR<\/a>. <\/div>\r\n\t\t\t\t\t<\/div>\r\n\t\t\t\t<\/div><div class=\"faq-item\">\r\n\t\t\t\t\t<div class=\"faq-item-question\">\r\n\t\t\t\t\t\t<h3 class=\"faq-item-question-text\">Jak mog\u0119 skorzysta\u0107 z Godzin pracy w Weebly?<\/h3>\r\n\r\n\t\t\t\t\t\t<div class=\"faq-item-question-icon\"><\/div>\r\n\t\t\t\t\t<\/div>\r\n\r\n\t\t\t\t\t<div class=\"faq-item-answer\">\r\n\t\t\t\t\t\t<div class=\"faq-item-answer-text\">Masz wiele scenariuszy poprawy statystyk konwersji poprzez dodanie wtyczki Godziny pracy. Dzi\u0119ki szablonom Elfsight dla tej niezwyk\u0142ej wtyczki do witryn mo\u017cesz wybra\u0107 indywidualn\u0105 taktyk\u0119 biznesow\u0105. Mo\u017cesz albo wy\u015bwietli\u0107 rozszerzone informacje o okresach pracy i narz\u0119dziach do nawi\u0105zania komunikacji z Tob\u0105, albo po prostu osadzi\u0107 minimalistyczne wyskakuj\u0105ce okienko bie\u017c\u0105cego statusu. Za pomoc\u0105 naszej wtyczki Godziny pracy mo\u017cesz tworzy\u0107 karty kontaktowe i dodawa\u0107 je do preferowanych obszar\u00f3w witryny, aby inspirowa\u0107 sprzeda\u017c. <\/div>\r\n\t\t\t\t\t<\/div>\r\n\t\t\t\t<\/div><div class=\"faq-item\">\r\n\t\t\t\t\t<div class=\"faq-item-question\">\r\n\t\t\t\t\t\t<h3 class=\"faq-item-question-text\">Jak bezp\u0142atnie osadzi\u0107 godziny pracy w witrynach Weebly?<\/h3>\r\n\r\n\t\t\t\t\t\t<div class=\"faq-item-question-icon\"><\/div>\r\n\t\t\t\t\t<\/div>\r\n\r\n\t\t\t\t\t<div class=\"faq-item-answer\">\r\n\t\t\t\t\t\t<div class=\"faq-item-answer-text\">Osadzanie wtyczki Godziny pracy w witrynie Weebly to znakomity spos\u00f3b na rozpocz\u0119cie komunikacji z klientami i poinformowanie ich o obowi\u0105zuj\u0105cym terminie i statusie zapewni\u0107 sprzeda\u017c lub oferowa\u0107 us\u0142ugi. Znajd\u017a tutoriale dotycz\u0105ce umieszczania wtyczki darmowych godzin pracy na swojej stronie internetowej. <ol><li>Aby osadzi\u0107 godziny pracy Elfsight w Weebly, przejd\u017a do witryny Elfsight i utw\u00f3rz konto. <\/li><li>Dostosuj godziny pracy bez kodu, dostosowuj\u0105c ich wygl\u0105d i ustawienia do stylu swojej witryny Weebly. <\/li><li>Po utworzeniu godzin pracy skopiuj wygenerowany fragment kodu i wklej go do kodu HTML swojej witryny Weebly w miejscu, w kt\u00f3rym ma si\u0119 znajdowa\u0107 wtyczka. <\/li><\/ol>Dzi\u0119ki zintegrowaniu godzin pracy ze swoj\u0105 witryn\u0105 Weebly z pewno\u015bci\u0105 zwi\u0119kszysz jej atrakcyjno\u015b\u0107 wizualn\u0105 i zapewnisz trwa\u0142\u0105 lojalno\u015b\u0107 odwiedzaj\u0105cych. Odkryj zalety wtyczki Elfsight Business Hours bezp\u0142atnie! <\/div>\r\n\t\t\t\t\t<\/div>\r\n\t\t\t\t<\/div><\/div><\/div> <div class=\"application-platform-content-item-features application-platform-content-item\" id=\"features\" data-nav-section=\"features\"> <h2>Wid\u017cet oferuje przydatne i nieskomplikowane funkcje, zobacz niekt\u00f3re z nich:<\/h2> <ul><li>Zaprezentuj aktualne mo\u017cliwo\u015bci swojej firmy dost\u0119pno\u015b\u0107<\/li><li>Prosta regulacja okresu pracy<\/li><li>Konfiguracja dni \u015bwi\u0105tecznych<\/li><li>Wskazanie aktualnej sytuacji<\/li><li>Wstawiany wykres lub status kompaktowy<\/li><\/ul><p><a href=\"#demo\">Wystarczy sprawdzi\u0107 t\u0119 wersj\u0119 demonstracyjn\u0105, aby zrozumie\u0107 funkcjonalno\u015b\u0107 aplikacji<\/a><\/p> <\/div> <div class=\"application-platform-content-item-installation application-platform-content-item\" id=\"installation\" data-nav-section=\"installation\"> <h2>Jak doda\u0107 godziny pracy do mojej witryny Weebly?<\/h2> <p>Wystarczy wykona\u0107 kilka krok\u00f3w opisanych poni\u017cej, aby zintegrowa\u0107 wtyczk\u0119 z czasem pracy.<\/p> <ol><li><b>Otw\u00f3rz nasz\u0105 wersj\u0119 demonstracyjn\u0105 i rozpocznij kszta\u0142towanie niestandardowej wtyczki bez kodu. <\/b><br> Okre\u015bl wybrany wygl\u0105d i cechy wtyczki oraz zastosuj poprawki. <\/li> <li><b>Zdob\u0105d\u017a sw\u00f3j indywidualny kod widoczny w oknie aplikacji Elfsight. <\/b><br> Po wygenerowaniu rozwi\u0105zania dotycz\u0105cego godzin aktywno\u015bci bez kodu skopiuj indywidualny kod z wy\u015bwietlonego wyskakuj\u0105cego okienka i zapisz go na przysz\u0142o\u015b\u0107. <\/li> <li><b>Zacznij korzysta\u0107 z aplikacji na swojej stronie g\u0142\u00f3wnej Weebly. <\/b><br> Wklej ostatnio zapisany kod na swoj\u0105 stron\u0119 g\u0142\u00f3wn\u0105 i zapisz ulepszenia. <\/li> <li><b>Konfiguracja godzin pracy bez kodu zosta\u0142a ca\u0142kowicie zako\u0144czona. <\/b><br> Odwied\u017a swoj\u0105 witryn\u0119, aby zobaczy\u0107 w akcji, jak dzia\u0142a wtyczka godzin pracy. <\/li><\/ol> <p>Je\u015bli masz pytania lub napotkasz jakiekolwiek problemy, skontaktuj si\u0119 z naszym zespo\u0142em pomocy technicznej. Nasi ludzie z przyjemno\u015bci\u0105 pomog\u0105 Ci we wszystkich problemach, jakie mo\u017cesz mie\u0107 z wtyczk\u0105 do Weebly. <\/p><\/div>","protected":false},"excerpt":{"rendered":"","protected":false},"author":9,"featured_media":0,"parent":3385,"menu_order":0,"comment_status":"closed","ping_status":"closed","template":"templates\/template-application-platform.php","meta":{"publish_to_discourse":"","publish_post_category":"","wpdc_auto_publish_overridden":"","wpdc_topic_tags":"","wpdc_pin_topic":"","wpdc_pin_until":"","discourse_post_id":"","discourse_permalink":"","wpdc_publishing_response":"","wpdc_publishing_error":"","footnotes":""},"class_list":["post-4528","page","type-page","status-publish","hentry"],"yoast_head":"<!-- This site is optimized with the Yoast SEO plugin v25.3.1 - https:\/\/yoast.com\/wordpress\/plugins\/seo\/ -->\n<title>Dodaj godziny pracy do Weebly \u2014 umie\u015b\u0107 na stronie harmonogram bez kodu<\/title>\n<meta name=\"description\" content=\"Dodaj regulowany wid\u017cet godzin pracy do Weebly, aby wy\u015bwietla\u0107 stan swojej aktywno\u015bci. Stw\u00f3rz w\u0142asne godziny pracy w wersji demonstracyjnej.\" \/>\n<meta name=\"robots\" content=\"index, follow, max-snippet:-1, max-image-preview:large, max-video-preview:-1\" \/>\n<link rel=\"canonical\" href=\"https:\/\/elfsight.com\/pl\/business-hours-widget\/weebly\/\" \/>\n<meta property=\"og:locale\" content=\"pl_PL\" \/>\n<meta property=\"og:type\" content=\"article\" \/>\n<meta property=\"og:title\" content=\"Dodaj godziny pracy do Weebly \u2014 umie\u015b\u0107 na stronie harmonogram bez kodu\" \/>\n<meta property=\"og:description\" content=\"Dodaj regulowany wid\u017cet godzin pracy do Weebly, aby wy\u015bwietla\u0107 stan swojej aktywno\u015bci. Stw\u00f3rz w\u0142asne godziny pracy w wersji demonstracyjnej.\" \/>\n<meta property=\"og:url\" content=\"https:\/\/elfsight.com\/pl\/business-hours-widget\/weebly\/\" \/>\n<meta property=\"og:site_name\" content=\"Elfsight PL\" \/>\n<meta property=\"article:modified_time\" content=\"2024-10-24T13:15:24+00:00\" \/>\n<meta name=\"twitter:card\" content=\"summary_large_image\" \/>\n<meta name=\"twitter:label1\" content=\"Szacowany czas czytania\" \/>\n\t<meta name=\"twitter:data1\" content=\"5 minut\" \/>\n<!-- \/ Yoast SEO plugin. -->","yoast_head_json":{"title":"Dodaj godziny pracy do Weebly \u2014 umie\u015b\u0107 na stronie harmonogram bez kodu","description":"Dodaj regulowany wid\u017cet godzin pracy do Weebly, aby wy\u015bwietla\u0107 stan swojej aktywno\u015bci. Stw\u00f3rz w\u0142asne godziny pracy w wersji demonstracyjnej.","robots":{"index":"index","follow":"follow","max-snippet":"max-snippet:-1","max-image-preview":"max-image-preview:large","max-video-preview":"max-video-preview:-1"},"canonical":"https:\/\/elfsight.com\/pl\/business-hours-widget\/weebly\/","og_locale":"pl_PL","og_type":"article","og_title":"Dodaj godziny pracy do Weebly \u2014 umie\u015b\u0107 na stronie harmonogram bez kodu","og_description":"Dodaj regulowany wid\u017cet godzin pracy do Weebly, aby wy\u015bwietla\u0107 stan swojej aktywno\u015bci. Stw\u00f3rz w\u0142asne godziny pracy w wersji demonstracyjnej.","og_url":"https:\/\/elfsight.com\/pl\/business-hours-widget\/weebly\/","og_site_name":"Elfsight PL","article_modified_time":"2024-10-24T13:15:24+00:00","twitter_card":"summary_large_image","twitter_misc":{"Szacowany czas czytania":"5 minut"},"schema":{"@context":"https:\/\/schema.org","@graph":[{"@type":"WebPage","@id":"https:\/\/elfsight.com\/pl\/business-hours-widget\/weebly\/","url":"https:\/\/elfsight.com\/pl\/business-hours-widget\/weebly\/","name":"Dodaj godziny pracy do Weebly \u2014 umie\u015b\u0107 na stronie harmonogram bez kodu","isPartOf":{"@id":"https:\/\/elfsight.com\/pl\/#website"},"datePublished":"2024-05-03T06:31:10+00:00","dateModified":"2024-10-24T13:15:24+00:00","description":"Dodaj regulowany wid\u017cet godzin pracy do Weebly, aby wy\u015bwietla\u0107 stan swojej aktywno\u015bci. Stw\u00f3rz w\u0142asne godziny pracy w wersji demonstracyjnej.","breadcrumb":{"@id":"https:\/\/elfsight.com\/pl\/business-hours-widget\/weebly\/#breadcrumb"},"inLanguage":"pl-PL","potentialAction":[{"@type":"ReadAction","target":["https:\/\/elfsight.com\/pl\/business-hours-widget\/weebly\/"]}]},{"@type":"BreadcrumbList","@id":"https:\/\/elfsight.com\/pl\/business-hours-widget\/weebly\/#breadcrumb","itemListElement":[{"@type":"ListItem","position":1,"name":"Home","item":"https:\/\/elfsight.com\/pl\/"},{"@type":"ListItem","position":2,"name":"Business Hours","item":"https:\/\/elfsight.com\/pl\/business-hours-widget\/"},{"@type":"ListItem","position":3,"name":"Business Hours &#8211; Weebly"}]},{"@type":"WebSite","@id":"https:\/\/elfsight.com\/pl\/#website","url":"https:\/\/elfsight.com\/pl\/","name":"Elfsight PL","description":"Just another Elfsight Sites site","potentialAction":[{"@type":"SearchAction","target":{"@type":"EntryPoint","urlTemplate":"https:\/\/elfsight.com\/pl\/?s={search_term_string}"},"query-input":{"@type":"PropertyValueSpecification","valueRequired":true,"valueName":"search_term_string"}}],"inLanguage":"pl-PL"}]}},"meta_box":{"industry":"","seo_heading":"","heading":"","description":"","cta_heading":"","cta_description":"","application":"3354","h1":"Aplikacja Weebly z godzinami pracy","h1_caption":"Wy\u015bwietlaj godziny otwarcia w przejrzystym i atrakcyjnym formacie, aby bez wysi\u0142ku informowa\u0107 odwiedzaj\u0105cych o Twojej dost\u0119pno\u015bci w witrynie Weebly.","application_category":[],"applications_title":"","applications_request_title":"","applications_request_button_text":"","hero_text":"","hero_video":"","hero_video_schema_markup":"","selling_points_title":"","selling_points_caption":"","selling_points":[],"selling_points_cta_text":"","features_title":"","features":"","ed_cta_examples_text":"","ed_cta_examples_hidden":"","ed_cta_demo_text":"","ed_cta_demo_hidden":"","why_caption":"","why_editor_title":"","why_editor_text":"","why_team_title":"","why_team_text":"","why_service_title":"","why_service_text":"","template_catalog_visible":"","template_catalog_title":"","template_catalog_text":"","template_catalog_categories_visible":"","demo_title":"Pospiesz si\u0119, aby utworzy\u0107 dostosowane do indywidualnych potrzeb godziny pracy Weebly","demo_caption":"Dostosuj go i wstaw widget na swoj\u0105 stron\u0119 internetow\u0105 z wersji demonstracyjnej.","default_faq_hidden":"","app_template_category":[],"platform":"132","template_public_id":"","codecanyon_url":"","codecanyon_item_id":"","codecanyon_price":"","pricing_caption":"","pricing_elfsight_apps_hide_column":"","pricing_elfsight_apps_url":"","pricing_codecanyon_price_caption":"","integration_category":[],"integration_request_title":"","integration_request_cta":"","integration_platform":"","integrations":[],"platform_category":[],"video_schema_markup":"","price":"od 0 USD \/ miesi\u0105c","trial":"","benefits":[{"text":"Bezp\u0142atna pomoc w monta\u017cu"},{"text":"Profesjonalna obs\u0142uga klienta"},{"text":"14-dniowa gwarancja zwrotu pieni\u0119dzy"}],"button_url":"#demo","button_target_blank":"","button_nofollow":"","attributes":[{"name":"Instaluje"},{"name":"Czu\u0142y"},{"name":"Kompatybilne przegl\u0105darki"}],"tags":[],"tags_disable_links":"","hide_more_platforms":"","video_object":"","demo_hide_cta":"","demo_hide_cloud_options":"","pricing_title":"","pricing":[{"pricing_icon":"platform","pricing_title":"Elfsight Apps","pricing_title_caption":"Rozwi\u0105zanie wieloplatformowe, kt\u00f3re pasuje do ka\u017cdej witryny internetowej","pricing_price":"od 0 USD \/ miesi\u0105c","pricing_price_caption":"zacznij od bezp\u0142atnego planu","pricing_benefits":[{"text":"Nielimitowane strony internetowe"},{"text":"Dedykowane i terminowe wsparcie"},{"text":"Bezp\u0142atna pomoc w instalacji"},{"text":"100% konfigurowalny"}],"pricing_button_text":"Dodaj do witryny","pricing_button_url":"#demo"}],"related_apps_title":"","related_apps_hidden":"","author":"","image":[],"title":"","job":"","social_networks":[]},"_links":{"self":[{"href":"https:\/\/elfsight.com\/pl\/wp-json\/wp\/v2\/pages\/4528","targetHints":{"allow":["GET"]}}],"collection":[{"href":"https:\/\/elfsight.com\/pl\/wp-json\/wp\/v2\/pages"}],"about":[{"href":"https:\/\/elfsight.com\/pl\/wp-json\/wp\/v2\/types\/page"}],"author":[{"embeddable":true,"href":"https:\/\/elfsight.com\/pl\/wp-json\/wp\/v2\/users\/9"}],"replies":[{"embeddable":true,"href":"https:\/\/elfsight.com\/pl\/wp-json\/wp\/v2\/comments?post=4528"}],"version-history":[{"count":1,"href":"https:\/\/elfsight.com\/pl\/wp-json\/wp\/v2\/pages\/4528\/revisions"}],"predecessor-version":[{"id":4532,"href":"https:\/\/elfsight.com\/pl\/wp-json\/wp\/v2\/pages\/4528\/revisions\/4532"}],"up":[{"embeddable":true,"href":"https:\/\/elfsight.com\/pl\/wp-json\/wp\/v2\/pages\/3385"}],"wp:attachment":[{"href":"https:\/\/elfsight.com\/pl\/wp-json\/wp\/v2\/media?parent=4528"}],"curies":[{"name":"wp","href":"https:\/\/api.w.org\/{rel}","templated":true}]}}