{"id":4527,"date":"2024-05-03T06:31:09","date_gmt":"2024-05-03T06:31:09","guid":{"rendered":"https:\/\/elfsight.com\/pl\/?page_id=4527"},"modified":"2024-10-24T13:15:57","modified_gmt":"2024-10-24T13:15:57","slug":"facebook","status":"publish","type":"page","link":"https:\/\/elfsight.com\/pl\/business-hours-widget\/facebook\/","title":{"rendered":"Business Hours &#8211; Facebook Page"},"content":{"rendered":"<div class=\"application-platform-content-item-description application-platform-content-item\" id=\"description\" data-nav-section=\"description\"> <h2>Umie\u015b\u0107 godziny pracy na stronie na Facebooku za pomoc\u0105 wid\u017cetu Elfsight<\/h2> <p>Godziny pracy Elfsight na stronie na Facebooku to prosty spos\u00f3b, kt\u00f3ry nie wymaga kodu widget, kt\u00f3ry pozwala stworzy\u0107 atrakcyjn\u0105 wizyt\u00f3wk\u0119 zawieraj\u0105c\u0105 najwa\u017cniejsze dane dotycz\u0105ce Twojej organizacji. Mo\u017cesz doda\u0107 informacj\u0119 o swoim aktualnym statusie dost\u0119pno\u015bci oraz udost\u0119pni\u0107 kontakty swoim klientom. Wid\u017cet pozwala na tworzenie wygodnych projekt\u00f3w, dzi\u0119ki kt\u00f3rym odwiedzaj\u0105cy b\u0119d\u0105 mogli z \u0142atwo\u015bci\u0105 zapozna\u0107 si\u0119 ze wszystkimi potrzebnymi informacjami w skr\u00f3cie lub bardziej szczeg\u00f3\u0142owo. <\/p><p>Niezwyk\u0142y widget oferuje wiele szablon\u00f3w, dzi\u0119ki czemu mo\u017cesz wybra\u0107 najbardziej odpowiedni\u0105 opcj\u0119 dla swojej witryny. Ka\u017cdy szablon zawiera elastyczne ustawienia, kt\u00f3re pomog\u0105 Ci stworzy\u0107 niestandardowy widget z niezb\u0119dnymi opcjami, takimi jak przyciski CTA, kt\u00f3re zwi\u0119kszaj\u0105 sprzeda\u017c. Osadzanie godzin pracy na swojej stronie internetowej jest ca\u0142kowicie \u0142atwe dzi\u0119ki Elfsight dzi\u0119ki \u0142atwym do zrozumienia samouczkom i przewodnikom. Ka\u017cdy u\u017cytkownik mo\u017ce bezp\u0142atnie utworzy\u0107 i doda\u0107 wid\u017cet Godziny pracy bez kodu<\/p> <p><b>Wykorzystaj dane firmy w swojej witrynie, aby zwi\u0119kszy\u0107 sprzeda\u017c i wiarygodno\u015b\u0107 klient\u00f3w. Bez wysi\u0142ku udost\u0119pniaj kluczowe informacje na temat swojej aktywno\u015bci zawodowej. <\/b><\/p> <p>Dzi\u0119ki temu wid\u017cetowi wbudowanemu w witryn\u0119 Twojej strony na Facebooku mo\u017cesz informowa\u0107 swoich klient\u00f3w i uzyskiwa\u0107 regularne sprzeda\u017ce. Dowiedz si\u0119 o najlepszych wynikach dla Twojej witryny internetowej, gdy osadzisz w niej wid\u017cet dotycz\u0105cy godzin pracy bez kodu. <\/p><ul><li><b>Pozw\u00f3l swoim klientom by\u0107 zawsze na czas. <\/b> Zwi\u0119ksz sprzeda\u017c, dzi\u0119ki byciu na pewno w odpowiednich godzinach pracy. Odwiedzaj\u0105cy Twoj\u0105 witryn\u0119 zobacz\u0105 godziny Twojej dost\u0119pno\u015bci i nabior\u0105 pewno\u015bci, \u017ce w razie potrzeby dokonaj\u0105 udanego zakupu. <\/li><li><b>Unikaj nieporozumie\u0144 na temat godzin zaj\u0119\u0107. <\/b> Pokazanie klientom na stronie prostych okres\u00f3w pracy sprawi, \u017ce b\u0119d\u0105 bardziej oddani Twojej organizacji, poniewa\u017c b\u0119d\u0105 mogli zaplanowa\u0107 zam\u00f3wienie lub wizyt\u0119 u Ciebie. <\/li><li><b>Wy\u015bwietlaj dane kontaktowe w wygodny spos\u00f3b. <\/b> Dodanie informacji kontaktowych do wid\u017cetu godzin pracy bez kodu umo\u017cliwia komunikacj\u0119 i popraw\u0119 sprzeda\u017cy. Poka\u017c, \u017ce jeste\u015b tutaj, aby odpowiada\u0107 na ich zapytania dotycz\u0105ce produkt\u00f3w i us\u0142ug Twojej firmy, co zako\u0144czy si\u0119 wi\u0119ksz\u0105 lojalno\u015bci\u0105 i aprobat\u0105. <\/li><\/ul><div class=\"faq\" data-component=\"FAQ\"><div class=\"faq-item\">\r\n\t\t\t\t\t<div class=\"faq-item-question\">\r\n\t\t\t\t\t\t<h3 class=\"faq-item-question-text\">Czy s\u0105 jakie\u015b inne wtyczki do strony na Facebooku, kt\u00f3re mog\u0119 osadzi\u0107 w mojej witrynie, aby zwi\u0119kszy\u0107 sprzeda\u017c?<\/h3>\r\n\r\n\t\t\t\t\t\t<div class=\"faq-item-question-icon\"><\/div>\r\n\t\t\t\t\t<\/div>\r\n\r\n\t\t\t\t\t<div class=\"faq-item-answer\">\r\n\t\t\t\t\t\t<div class=\"faq-item-answer-text\">Mo\u017cemy zaoferowa\u0107 Ci wiele wtyczek, aby osi\u0105gn\u0105\u0107 dowolny cel na Twojej stronie. Przekonaj si\u0119: <a href=\"https:\/\/elfsight.com\/google-reviews-widget\/facebook\/\" target=\"_blank\" rel=\"noopener\">Recenzje Google<\/a>, <a href=\"https:\/\/elfsight.com\/whatsapp-chat-widget\/facebook\/\" target=\"_blank\" rel=\"noopener\">Czat WhatsApp<\/a>, <a href=\"https:\/\/elfsight.com\/event-calendar -widget\/facebook\/\" target=\"_blank\" rel=\"noopener\">Kalendarz wydarze\u0144<\/a>, <a href=\"https:\/\/elfsight.com\/countdown-timer-widget\/facebook\/\" target=\"_blank \" rel=\"noopener\">Licznik czasu<\/a>, <a href=\"https:\/\/elfsight.com\/qr-code-widget\/facebook\/\" target=\"_blank\" rel=\"noopener\">Kod QR<\/a>. <\/div>\r\n\t\t\t\t\t<\/div>\r\n\t\t\t\t<\/div><div class=\"faq-item\">\r\n\t\t\t\t\t<div class=\"faq-item-question\">\r\n\t\t\t\t\t\t<h3 class=\"faq-item-question-text\">Jak korzysta\u0107 z godzin pracy na stronie na Facebooku?<\/h3>\r\n\r\n\t\t\t\t\t\t<div class=\"faq-item-question-icon\"><\/div>\r\n\t\t\t\t\t<\/div>\r\n\r\n\t\t\t\t\t<div class=\"faq-item-answer\">\r\n\t\t\t\t\t\t<div class=\"faq-item-answer-text\">Istnieje wiele sposob\u00f3w na zwi\u0119kszenie wsp\u00f3\u0142czynnik\u00f3w konwersji i wynik\u00f3w sprzeda\u017cy poprzez dodanie wtyczki Godziny pracy. Dzi\u0119ki szablonom Elfsight dla tej wspania\u0142ej wtyczki do stron internetowych mo\u017cna znale\u017a\u0107 osobist\u0105 taktyk\u0119. Mo\u017cesz wy\u015bwietli\u0107 szczeg\u00f3\u0142owe informacje o swoich okresach pracy i sposobach rozmowy lub po prostu u\u017cy\u0107 minimalistycznego paska statusu biznesowego. Za pomoc\u0105 naszej wtyczki Godziny otwarcia mo\u017cesz tworzy\u0107 karty kontaktowe i umieszcza\u0107 je na wybranych stronach witryny, aby przyci\u0105gn\u0105\u0107 uwag\u0119 i poinformowa\u0107 odwiedzaj\u0105cych o Twojej aktywno\u015bci. <\/div>\r\n\t\t\t\t\t<\/div>\r\n\t\t\t\t<\/div><div class=\"faq-item\">\r\n\t\t\t\t\t<div class=\"faq-item-question\">\r\n\t\t\t\t\t\t<h3 class=\"faq-item-question-text\">Jak bezp\u0142atnie osadzi\u0107 godziny pracy w witrynach internetowych stron na Facebooku?<\/h3>\r\n\r\n\t\t\t\t\t\t<div class=\"faq-item-question-icon\"><\/div>\r\n\t\t\t\t\t<\/div>\r\n\r\n\t\t\t\t\t<div class=\"faq-item-answer\">\r\n\t\t\t\t\t\t<div class=\"faq-item-answer-text\">Osadzanie wtyczki Godziny pracy w witrynie internetowej strony na Facebooku to doskona\u0142a metoda na rozpocz\u0119cie komunikacji z klientami i poinformowanie ich o swojej dost\u0119pno\u015bci, aby mie\u0107 pewno\u015b\u0107 sprzeda\u017cy lub \u015bwiadczenia us\u0142ug. Oto tutoriale dotycz\u0105ce dodawania wtyczki godzin pracy do Twojej witryny. <ol><li>Aby bezp\u0142atnie osadzi\u0107 wtyczk\u0119 Elfsight Business Hours na stronie na Facebooku, przejd\u017a do witryny Elfsight i zarejestruj si\u0119. <\/li><li>Stw\u00f3rz bezp\u0142atn\u0105 wtyczk\u0119 Godziny pracy, dostosowuj\u0105c jej wygl\u0105d i ustawienia do stylu witryny swojej strony na Facebooku. <\/li><li>Po dostosowaniu godzin pracy bez kodu skopiuj wygenerowany kod i wklej go na swojej stronie na Facebooku, gdzie chcesz, aby wtyczka by\u0142a wy\u015bwietlana. <\/li><\/ol>Dzi\u0119ki zintegrowaniu godzin pracy ze stron\u0105 internetow\u0105 swojej strony na Facebooku zdecydowanie poprawisz jej wygl\u0105d wizualny i zapewnisz stabilne zaanga\u017cowanie klient\u00f3w. Poczuj korzy\u015bci z godzin pracy Elfsight bezp\u0142atnie! <\/div>\r\n\t\t\t\t\t<\/div>\r\n\t\t\t\t<\/div><\/div><\/div> <div class=\"application-platform-content-item-features application-platform-content-item\" id=\"features\" data-nav-section=\"features\"> <h2>Poznaj list\u0119 najbardziej przydatnych funkcji wid\u017cetu:<\/h2> <ul><li>Wy\u015bwietl zalety swojej firmy dost\u0119pno\u015b\u0107 w czasie rzeczywistym<\/li><li>Prosta regulacja ramek roboczych<\/li><li>Konfiguracja zdarze\u0144 specjalnych<\/li><li>Stan sytuacji w czasie rzeczywistym<\/li><li>Tabela z mo\u017cliwo\u015bci\u0105 wstawienia lub oszcz\u0119dno\u015b\u0107 miejsca status<\/li><\/ul><p><a href=\"#demo\">Mo\u017cesz zobaczy\u0107, kt\u00f3ry widget warto wypr\u00f3bowa\u0107 w wersji demonstracyjnej<\/a><\/p><\/div> <div class=\"application-platform-content-item- instalacja application-platform-content-item\" id=\" instalacja\" data-nav-section=\" instalacja\"> <h2>Jak mog\u0119 doda\u0107 godziny pracy do mojej strony na Facebooku?<\/h2> <p>Wystarczy post\u0119powa\u0107 zgodnie z poni\u017cszymi instrukcjami, aby zintegrowa\u0107 wtyczk\u0119 z czasem pracy.<\/p> <ol><li><b>Uruchom nasze demo i zacznij tworzy\u0107 spersonalizowan\u0105 wtyczk\u0119 bez kodu. <\/b><br> Okre\u015bl po\u017c\u0105dany interfejs i parametry wtyczki i zapisz poprawki. <\/li> <li><b>Odbierz indywidualny kod wy\u015bwietlony w oknie aplikacji Elfsight. <\/b><br> Po zako\u0144czeniu generowania osobistej aplikacji dotycz\u0105cej godzin aktywno\u015bci bez kodu skopiuj ekskluzywny kod z wy\u015bwietlonego pola i zachowaj go na przysz\u0142e okazje. <\/li> <li><b>Rozpocznij korzystanie z aplikacji na stronie na Facebooku. <\/b><br> Zintegruj ostatnio zapisany kod ze swoj\u0105 stron\u0105 internetow\u0105 i zapisz zmiany. <\/li> <li><b>Instalacja godzin pracy bez kodu zosta\u0142a pomy\u015blnie uko\u0144czona. <\/b><br> Odwied\u017a swoj\u0105 witryn\u0119, aby sprawdzi\u0107, jak dzia\u0142a aplikacja godzin pracy. <\/li><\/ol> <p>Je\u015bli masz jakiekolwiek trudno\u015bci, nie wahaj si\u0119 skontaktowa\u0107 z naszym zespo\u0142em obs\u0142ugi klienta. Nasi konsultanci ch\u0119tnie odpowiedz\u0105 na wszystkie pytania dotycz\u0105ce wtyczki do strony na Facebooku. <\/p> <\/div>","protected":false},"excerpt":{"rendered":"","protected":false},"author":9,"featured_media":0,"parent":3385,"menu_order":0,"comment_status":"closed","ping_status":"closed","template":"templates\/template-application-platform.php","meta":{"publish_to_discourse":"","publish_post_category":"","wpdc_auto_publish_overridden":"","wpdc_topic_tags":"","wpdc_pin_topic":"","wpdc_pin_until":"","discourse_post_id":"","discourse_permalink":"","wpdc_publishing_response":"","wpdc_publishing_error":"","footnotes":""},"class_list":["post-4527","page","type-page","status-publish","hentry"],"yoast_head":"<!-- This site is optimized with the Yoast SEO plugin v25.3.1 - https:\/\/yoast.com\/wordpress\/plugins\/seo\/ -->\n<title>Dodaj godziny pracy do strony na Facebooku - Umie\u015b\u0107 wid\u017cet bez kodu<\/title>\n<meta name=\"description\" content=\"Dodaj regulowan\u0105 aplikacj\u0119 Godziny otwarcia do strony na Facebooku, aby zaprezentowa\u0107 status swojej firmy. Stw\u00f3rz swoje osobiste godziny pracy w wersji demonstracyjnej.\" \/>\n<meta name=\"robots\" content=\"index, follow, max-snippet:-1, max-image-preview:large, max-video-preview:-1\" \/>\n<link rel=\"canonical\" href=\"https:\/\/elfsight.com\/pl\/business-hours-widget\/facebook\/\" \/>\n<meta property=\"og:locale\" content=\"pl_PL\" \/>\n<meta property=\"og:type\" content=\"article\" \/>\n<meta property=\"og:title\" content=\"Dodaj godziny pracy do strony na Facebooku - Umie\u015b\u0107 wid\u017cet bez kodu\" \/>\n<meta property=\"og:description\" content=\"Dodaj regulowan\u0105 aplikacj\u0119 Godziny otwarcia do strony na Facebooku, aby zaprezentowa\u0107 status swojej firmy. Stw\u00f3rz swoje osobiste godziny pracy w wersji demonstracyjnej.\" \/>\n<meta property=\"og:url\" content=\"https:\/\/elfsight.com\/pl\/business-hours-widget\/facebook\/\" \/>\n<meta property=\"og:site_name\" content=\"Elfsight PL\" \/>\n<meta property=\"article:modified_time\" content=\"2024-10-24T13:15:57+00:00\" \/>\n<meta name=\"twitter:card\" content=\"summary_large_image\" \/>\n<meta name=\"twitter:label1\" content=\"Szacowany czas czytania\" \/>\n\t<meta name=\"twitter:data1\" content=\"5 minut\" \/>\n<!-- \/ Yoast SEO plugin. -->","yoast_head_json":{"title":"Dodaj godziny pracy do strony na Facebooku - Umie\u015b\u0107 wid\u017cet bez kodu","description":"Dodaj regulowan\u0105 aplikacj\u0119 Godziny otwarcia do strony na Facebooku, aby zaprezentowa\u0107 status swojej firmy. Stw\u00f3rz swoje osobiste godziny pracy w wersji demonstracyjnej.","robots":{"index":"index","follow":"follow","max-snippet":"max-snippet:-1","max-image-preview":"max-image-preview:large","max-video-preview":"max-video-preview:-1"},"canonical":"https:\/\/elfsight.com\/pl\/business-hours-widget\/facebook\/","og_locale":"pl_PL","og_type":"article","og_title":"Dodaj godziny pracy do strony na Facebooku - Umie\u015b\u0107 wid\u017cet bez kodu","og_description":"Dodaj regulowan\u0105 aplikacj\u0119 Godziny otwarcia do strony na Facebooku, aby zaprezentowa\u0107 status swojej firmy. Stw\u00f3rz swoje osobiste godziny pracy w wersji demonstracyjnej.","og_url":"https:\/\/elfsight.com\/pl\/business-hours-widget\/facebook\/","og_site_name":"Elfsight PL","article_modified_time":"2024-10-24T13:15:57+00:00","twitter_card":"summary_large_image","twitter_misc":{"Szacowany czas czytania":"5 minut"},"schema":{"@context":"https:\/\/schema.org","@graph":[{"@type":"WebPage","@id":"https:\/\/elfsight.com\/pl\/business-hours-widget\/facebook\/","url":"https:\/\/elfsight.com\/pl\/business-hours-widget\/facebook\/","name":"Dodaj godziny pracy do strony na Facebooku - Umie\u015b\u0107 wid\u017cet bez kodu","isPartOf":{"@id":"https:\/\/elfsight.com\/pl\/#website"},"datePublished":"2024-05-03T06:31:09+00:00","dateModified":"2024-10-24T13:15:57+00:00","description":"Dodaj regulowan\u0105 aplikacj\u0119 Godziny otwarcia do strony na Facebooku, aby zaprezentowa\u0107 status swojej firmy. Stw\u00f3rz swoje osobiste godziny pracy w wersji demonstracyjnej.","breadcrumb":{"@id":"https:\/\/elfsight.com\/pl\/business-hours-widget\/facebook\/#breadcrumb"},"inLanguage":"pl-PL","potentialAction":[{"@type":"ReadAction","target":["https:\/\/elfsight.com\/pl\/business-hours-widget\/facebook\/"]}]},{"@type":"BreadcrumbList","@id":"https:\/\/elfsight.com\/pl\/business-hours-widget\/facebook\/#breadcrumb","itemListElement":[{"@type":"ListItem","position":1,"name":"Home","item":"https:\/\/elfsight.com\/pl\/"},{"@type":"ListItem","position":2,"name":"Business Hours","item":"https:\/\/elfsight.com\/pl\/business-hours-widget\/"},{"@type":"ListItem","position":3,"name":"Business Hours &#8211; Facebook Page"}]},{"@type":"WebSite","@id":"https:\/\/elfsight.com\/pl\/#website","url":"https:\/\/elfsight.com\/pl\/","name":"Elfsight PL","description":"Just another Elfsight Sites site","potentialAction":[{"@type":"SearchAction","target":{"@type":"EntryPoint","urlTemplate":"https:\/\/elfsight.com\/pl\/?s={search_term_string}"},"query-input":{"@type":"PropertyValueSpecification","valueRequired":true,"valueName":"search_term_string"}}],"inLanguage":"pl-PL"}]}},"meta_box":{"industry":"","seo_heading":"","heading":"","description":"","cta_heading":"","cta_description":"","application":"3354","h1":"Wid\u017cet godzin pracy strony na Facebooku","h1_caption":"Wy\u015bwietlaj godziny otwarcia w przejrzystym i atrakcyjnym formacie, aby bez wysi\u0142ku informowa\u0107 odwiedzaj\u0105cych o Twojej dost\u0119pno\u015bci w witrynie strony na Facebooku.","application_category":[],"applications_title":"","applications_request_title":"","applications_request_button_text":"","hero_text":"","hero_video":"","hero_video_schema_markup":"","selling_points_title":"","selling_points_caption":"","selling_points":[],"selling_points_cta_text":"","features_title":"","features":"","ed_cta_examples_text":"","ed_cta_examples_hidden":"","ed_cta_demo_text":"","ed_cta_demo_hidden":"","why_caption":"","why_editor_title":"","why_editor_text":"","why_team_title":"","why_team_text":"","why_service_title":"","why_service_text":"","template_catalog_visible":"","template_catalog_title":"","template_catalog_text":"","template_catalog_categories_visible":"","demo_title":"Pospiesz si\u0119, aby ustali\u0107 dostosowane do indywidualnych potrzeb godziny pracy strony na Facebooku","demo_caption":"Dostosuj je i dodaj narz\u0119dzie do swojej witryny internetowej z aktywnej wersji demonstracyjnej.","default_faq_hidden":"","app_template_category":[],"platform":"319","template_public_id":"","codecanyon_url":"","codecanyon_item_id":"","codecanyon_price":"","pricing_caption":"","pricing_elfsight_apps_hide_column":"","pricing_elfsight_apps_url":"","pricing_codecanyon_price_caption":"","integration_category":[],"integration_request_title":"","integration_request_cta":"","integration_platform":"","integrations":[],"platform_category":[],"video_schema_markup":"","price":"od 0 USD \/ miesi\u0105c","trial":"","benefits":[{"text":"Bezp\u0142atna pomoc w instalacji"},{"text":"Wsparcie premium"},{"text":"14-dniowa gwarancja zwrotu pieni\u0119dzy"}],"button_url":"#demo","button_target_blank":"","button_nofollow":"","attributes":[{"name":"Instaluje"},{"name":"Czu\u0142y"},{"name":"Kompatybilne przegl\u0105darki"}],"tags":[],"tags_disable_links":"","hide_more_platforms":"","video_object":"","demo_hide_cta":"","demo_hide_cloud_options":"","pricing_title":"","pricing":[{"pricing_icon":"platform","pricing_title":"Elfsight Apps","pricing_title_caption":"Wersja wieloplatformowa, kt\u00f3ra dzia\u0142a na ka\u017cdej stronie internetowej","pricing_price":"od 0 USD \/ miesi\u0105c","pricing_price_caption":"zacznij od bezp\u0142atnego planu","pricing_benefits":[{"text":"Nielimitowane strony internetowe"},{"text":"Wsparcie firmy premium"},{"text":"Bezp\u0142atna pomoc przy instalacji"},{"text":"Elastyczny projekt"}],"pricing_button_text":"Dodaj do witryny","pricing_button_url":"#demo"}],"related_apps_title":"","related_apps_hidden":"","author":"","image":[],"title":"","job":"","social_networks":[]},"_links":{"self":[{"href":"https:\/\/elfsight.com\/pl\/wp-json\/wp\/v2\/pages\/4527","targetHints":{"allow":["GET"]}}],"collection":[{"href":"https:\/\/elfsight.com\/pl\/wp-json\/wp\/v2\/pages"}],"about":[{"href":"https:\/\/elfsight.com\/pl\/wp-json\/wp\/v2\/types\/page"}],"author":[{"embeddable":true,"href":"https:\/\/elfsight.com\/pl\/wp-json\/wp\/v2\/users\/9"}],"replies":[{"embeddable":true,"href":"https:\/\/elfsight.com\/pl\/wp-json\/wp\/v2\/comments?post=4527"}],"version-history":[{"count":1,"href":"https:\/\/elfsight.com\/pl\/wp-json\/wp\/v2\/pages\/4527\/revisions"}],"predecessor-version":[{"id":4531,"href":"https:\/\/elfsight.com\/pl\/wp-json\/wp\/v2\/pages\/4527\/revisions\/4531"}],"up":[{"embeddable":true,"href":"https:\/\/elfsight.com\/pl\/wp-json\/wp\/v2\/pages\/3385"}],"wp:attachment":[{"href":"https:\/\/elfsight.com\/pl\/wp-json\/wp\/v2\/media?parent=4527"}],"curies":[{"name":"wp","href":"https:\/\/api.w.org\/{rel}","templated":true}]}}