{"id":4526,"date":"2024-05-03T06:31:08","date_gmt":"2024-05-03T06:31:08","guid":{"rendered":"https:\/\/elfsight.com\/pl\/?page_id=4526"},"modified":"2024-12-26T14:33:32","modified_gmt":"2024-12-26T14:33:32","slug":"bigcommerce","status":"publish","type":"page","link":"https:\/\/elfsight.com\/pl\/business-hours-widget\/bigcommerce\/","title":{"rendered":"Business Hours &#8211; BigCommerce"},"content":{"rendered":"\n<div class=\"application-platform-content-item-description application-platform-content-item\" id=\"description\" data-nav-section=\"description\"> <h2>Osad\u017a godziny pracy w BigCommerce za pomoc\u0105 aplikacji Elfsight<\/h2> <p>Elfsight Godziny pracy dla BigCommerce to prosty widget niewymagaj\u0105cy kodu, umo\u017cliwiaj\u0105cy mo\u017cesz zbudowa\u0107 przyci\u0105gaj\u0105c\u0105 wzrok wizyt\u00f3wk\u0119. Mo\u017cesz doda\u0107 informacje o statusie swojej firmy i umo\u017cliwi\u0107 kontakt swoim klientom. Widget pozwala na wymy\u015blenie wygodnych projekt\u00f3w, dzi\u0119ki kt\u00f3rym klienci b\u0119d\u0105 mogli szybko znale\u017a\u0107 wszystkie potrzebne dane. <\/p><p>Niezwyk\u0142y widget zawiera kilka szablon\u00f3w, dzi\u0119ki kt\u00f3rym mo\u017cesz wybra\u0107 najlepsz\u0105 opcj\u0119 dla swojej witryny. Ka\u017cdy szablon ma r\u00f3\u017cne ustawienia, kt\u00f3re pomog\u0105 Ci utworzy\u0107 niestandardowy widget z wymaganymi opcjami, takimi jak rezerwacja i przyciski rezerwacji, kt\u00f3re zwi\u0119kszaj\u0105 sprzeda\u017c. Dodanie godzin pracy i danych kontaktowych Twojej firmy do Twojej witryny internetowej jest z Elfsight absolutnie proste dzi\u0119ki prostym samouczkom i instrukcjom. Ka\u017cdy u\u017cytkownik mo\u017ce bezp\u0142atnie utworzy\u0107 i doda\u0107 wid\u017cet godzin pracy bez kodu<\/p> <p><b>Zintegruj szczeg\u00f3\u0142y firmy ze swoj\u0105 witryn\u0105, aby zwi\u0119kszy\u0107 sprzeda\u017c i satysfakcj\u0119 klient\u00f3w. Z \u0142atwo\u015bci\u0105 podawaj wa\u017cne informacje na temat okres\u00f3w pracy. <\/b><\/p> <p>Dzi\u0119ki temu wid\u017cetowi dodanemu do Twojej witryny BigCommerce mo\u017cesz sprawi\u0107, \u017ce Twoi klienci b\u0119d\u0105 lepiej poinformowani o Twojej firmie i zwi\u0119kszy\u0107 sprzeda\u017c. Osadzaj\u0105c w niej wid\u017cet bezp\u0142atnych godzin pracy, zwr\u00f3\u0107 uwag\u0119 na wiele pozytywnych skutk\u00f3w dla Twojej witryny. <\/p><ul><li><b>Pom\u00f3\u017c swoim klientom by\u0107 zawsze we w\u0142a\u015bciwym czasie. <\/b> Zwi\u0119kszaj sprzeda\u017c, dzi\u0119ki byciu na miejscu we wskazanych godzinach pracy. Odwiedzaj\u0105cy Twoj\u0105 witryn\u0119 zobacz\u0105 godziny Twojej dost\u0119pno\u015bci i b\u0119d\u0105 bardziej przekonani, \u017ce w razie potrzeby dokonaj\u0105 udanego zakupu. <\/li><li><b>Unikaj nieporozumie\u0144 zwi\u0105zanych z okresami pracy. <\/b> Podanie klientom na stronie prawid\u0142owych okres\u00f3w pracy sprawi, \u017ce b\u0119d\u0105 oni bardziej lojalni wobec Twojej firmy, poniewa\u017c b\u0119d\u0105 mogli zaplanowa\u0107 rezerwacj\u0119 lub wizyt\u0119 u Ciebie. <\/li><li><b>Udost\u0119pniaj informacje kontaktowe w widoczny spos\u00f3b. <\/b> Dodanie danych kontaktowych do wid\u017cetu godzin pracy bez kodu pozwala na lepsz\u0105 komunikacj\u0119 z klientami i przyspieszenie sprzeda\u017cy. Poka\u017c, \u017ce jeste\u015b gotowy odpowiedzie\u0107 na ich obawy dotycz\u0105ce produkt\u00f3w i us\u0142ug Twojej firmy, co zako\u0144czy si\u0119 wi\u0119kszym zaufaniem i szacunkiem. <\/li><\/ul><div class=\"faq\" data-component=\"FAQ\"><div class=\"faq-item\">\r\n\t\t\t\t\t<div class=\"faq-item-question\">\r\n\t\t\t\t\t\t<h3 class=\"faq-item-question-text\">Czy s\u0105 jakie\u015b inne wtyczki do BigCommerce, kt\u00f3rych mog\u0119 u\u017cy\u0107 w mojej witrynie, aby zwi\u0119kszy\u0107 sprzeda\u017c?<\/h3>\r\n\r\n\t\t\t\t\t\t<div class=\"faq-item-question-icon\"><\/div>\r\n\t\t\t\t\t<\/div>\r\n\r\n\t\t\t\t\t<div class=\"faq-item-answer\">\r\n\t\t\t\t\t\t<div class=\"faq-item-answer-text\">Mo\u017cemy zaoferowa\u0107 Ci wiele wtyczek, kt\u00f3re umo\u017cliwi\u0105 realizacj\u0119 dowolnego rodzaju zadanie w Twojej witrynie. Oto kilka przyk\u0142ad\u00f3w: <a href=\"https:\/\/elfsight.com\/pl\/google-reviews-widget\/bigcommerce\/\" target=\"_blank\" rel=\"noopener\">Recenzje Google<\/a>, <a href=\"https:\/\/elfsight.com\/pl\/whatsapp-chat-widget\/bigcommerce\/\" target=\"_blank\" rel=\"noopener\">Czat WhatsApp<\/a>, <a href=\"https:\/\/elfsight.com\/pl\/event-calendar-widget\/bigcommerce\/\" target=\"_blank\" rel=\"noopener\">Kalendarz wydarze\u0144<\/a>, <a href=\"https:\/\/elfsight.com\/pl\/countdown-timer-widget\/bigcommerce\/\" target=\" _blank\" rel=\"noopener\">Licznik czasu<\/a>, <a href=\"https:\/\/elfsight.com\/pl\/qr-code-widget\/bigcommerce\/\" target=\"_blank\" rel=\"noopener\">Kod QR <\/a>. <\/div>\r\n\t\t\t\t\t<\/div>\r\n\t\t\t\t<\/div><div class=\"faq-item\">\r\n\t\t\t\t\t<div class=\"faq-item-question\">\r\n\t\t\t\t\t\t<h3 class=\"faq-item-question-text\">Jak mog\u0119 osi\u0105gn\u0105\u0107 wyniki dzi\u0119ki Godzinom pracy w witrynie BigCommerce?<\/h3>\r\n\r\n\t\t\t\t\t\t<div class=\"faq-item-question-icon\"><\/div>\r\n\t\t\t\t\t<\/div>\r\n\r\n\t\t\t\t\t<div class=\"faq-item-answer\">\r\n\t\t\t\t\t\t<div class=\"faq-item-answer-text\">Dodaj\u0105c wtyczk\u0119 Godziny pracy, masz dost\u0119p do wielu sposob\u00f3w poprawy wska\u017anik\u00f3w sukcesu i wska\u017anik\u00f3w sprzeda\u017cy. Dzi\u0119ki szablonom Elfsight dla tej ekscytuj\u0105cej wtyczki do stron internetowych mo\u017cna znale\u017a\u0107 osobiste rozwi\u0105zanie biznesowe. Mo\u017cesz albo przedstawi\u0107 szczeg\u00f3\u0142owe informacje na temat godzin pracy i sposob\u00f3w rozmowy, albo po prostu skorzysta\u0107 z niewielkiego wyskakuj\u0105cego okienka z aktualnym statusem. Mo\u017cesz tworzy\u0107 karty kontaktowe za pomoc\u0105 wtyczki godzin pracy i dodawa\u0107 je do wybranych obszar\u00f3w witryny, aby przyku\u0107 uwag\u0119 i poinformowa\u0107 odbiorc\u00f3w o swojej aktywno\u015bci, co zainspiruje sprzeda\u017c. <\/div>\r\n\t\t\t\t\t<\/div>\r\n\t\t\t\t<\/div><div class=\"faq-item\">\r\n\t\t\t\t\t<div class=\"faq-item-question\">\r\n\t\t\t\t\t\t<h3 class=\"faq-item-question-text\">Jak bezp\u0142atnie w\u0142\u0105czy\u0107 godziny pracy do witryn BigCommerce?<\/h3>\r\n\r\n\t\t\t\t\t\t<div class=\"faq-item-question-icon\"><\/div>\r\n\t\t\t\t\t<\/div>\r\n\r\n\t\t\t\t\t<div class=\"faq-item-answer\">\r\n\t\t\t\t\t\t<div class=\"faq-item-answer-text\">Osadzanie wtyczki Godziny pracy w witrynie BigCommerce to \u0142atwy spos\u00f3b na przyci\u0105gni\u0119cie nowych klient\u00f3w i poinformowanie ich o obowi\u0105zuj\u0105cym czasie i statusie, aby mie\u0107 pewno\u015b\u0107 sprzeda\u017cy lub \u015bwiadczenia us\u0142ug. Tutaj mo\u017cesz zobaczy\u0107 tutoriale na temat integracji wtyczki darmowych godzin pracy ze swoj\u0105 stron\u0105 internetow\u0105. <ol><li>Aby osadzi\u0107 godziny pracy Elfsight w BigCommerce, przejd\u017a do witryny Elfsight i zarejestruj si\u0119. <\/li><li>Dostosuj bezp\u0142atne godziny pracy, dostosowuj\u0105c ich wygl\u0105d i ustawienia do projektu swojej witryny BigCommerce. <\/li><li>Po utworzeniu godzin pracy skopiuj specjalny fragment kodu i wklej go do kodu HTML swojej witryny BigCommerce, w miejscu, w kt\u00f3rym chcesz, aby wtyczka dzia\u0142a\u0142a. <\/li><\/ol>Umieszczaj\u0105c godziny pracy bez kodu w swojej witrynie BigCommerce, poprawisz jej wygl\u0105d i zwi\u0119kszysz zaanga\u017cowanie klient\u00f3w. Odkryj zalety godzin pracy Elfsight bezp\u0142atnie! <\/div>\r\n\t\t\t\t\t<\/div>\r\n\t\t\t\t<\/div><\/div><\/div> <div class=\"application-platform-content-item-features application-platform-content-item\" id=\"features\" data-nav-section=\"features\"> <h2>Wid\u017cet ma praktyczne i nieskomplikowane funkcje, zobacz niekt\u00f3re z nich:<\/h2> <ul><li>Zaprezentuj aktualne mo\u017cliwo\u015bci swojej organizacji status<\/li><li>Przyjazna dla u\u017cytkownika regulacja ramek roboczych<\/li><li>Konfiguracja wydarze\u0144 \u015bwi\u0105tecznych<\/li><li>Wskazywanie aktywno\u015bci biznesowej w czasie rzeczywistym<\/li><li>Zintegrowany wykres lub oszcz\u0119dno\u015b\u0107 miejsca status<\/li><\/ul><p><a href=\"#demo\">Po prostu wypr\u00f3buj t\u0119 wersj\u0119 demonstracyjn\u0105, aby zobaczy\u0107, ile wart jest wid\u017cet<\/a><\/p> <\/div> <div class=\"application-platform-content-item- instalacja application-platform-content-item\" id=\" instalacja\" data-nav-section=\" instalacja\"> <h2>Jak umie\u015bci\u0107 godziny pracy w mojej witrynie BigCommerce?<\/h2> <p>Wystarczy post\u0119powa\u0107 zgodnie z poni\u017cszymi wskaz\u00f3wkami, aby rozpocz\u0105\u0107 korzystanie z wtyczki ze stanem swojej operacji.<\/p> <ol><li><b>Zatrudnij naszego edytora i zacznij budowa\u0107 w\u0142asn\u0105 wtyczk\u0119 bez kodu. <\/b><br> Okre\u015bl po\u017c\u0105dan\u0105 form\u0119 i funkcjonalno\u015b\u0107 wtyczki i zapisz zmiany. <\/li> <li><b>Zdob\u0105d\u017a sw\u00f3j indywidualny kod do osadzenia ujawniony w specjalnym formularzu w aplikacjach Elfsight. <\/b><br> Zaraz po zako\u0144czeniu konfiguracji wtyczki godzin aktywno\u015bci bez kodu skopiuj ekskluzywny kod z wy\u015bwietlonego pola i zapisz go do dalszego wykorzystania. <\/li> <li><b>Rozpocznij korzystanie z aplikacji na stronie BigCommerce. <\/b><br> Zintegruj ostatnio skopiowany kod ze swoj\u0105 witryn\u0105 i zapisz zmiany. <\/li> <li><b>Gotowe! Osadzanie godzin pracy bez kodu zosta\u0142o pomy\u015blnie zako\u0144czone. <\/b><br> Przejd\u017a do swojej witryny i sprawd\u017a dzia\u0142anie wtyczki godzin pracy. <\/li><\/ol> <p>Je\u015bli masz pytania lub napotkasz jakiekolwiek komplikacje, bez wahania skontaktuj si\u0119 z naszym zespo\u0142em wsparcia. Nasi konsultanci ch\u0119tnie pomog\u0105 Ci we wszystkich problemach, jakie mo\u017cesz mie\u0107 z wtyczk\u0105 do BigCommerce. <\/p> <\/div>\n","protected":false},"excerpt":{"rendered":"","protected":false},"author":9,"featured_media":0,"parent":3385,"menu_order":0,"comment_status":"closed","ping_status":"closed","template":"templates\/template-application-platform.php","meta":{"publish_to_discourse":"","publish_post_category":"","wpdc_auto_publish_overridden":"","wpdc_topic_tags":"","wpdc_pin_topic":"","wpdc_pin_until":"","discourse_post_id":"","discourse_permalink":"","wpdc_publishing_response":"","wpdc_publishing_error":"","footnotes":""},"class_list":["post-4526","page","type-page","status-publish","hentry"],"yoast_head":"<!-- This site is optimized with the Yoast SEO plugin v25.3.1 - https:\/\/yoast.com\/wordpress\/plugins\/seo\/ -->\n<title>Dodaj godziny pracy do BigCommerce - Osad\u017a bezp\u0142atne godziny pracy<\/title>\n<meta name=\"description\" content=\"Dodaj konfigurowalny wid\u017cet godzin pracy do BigCommerce, aby pokaza\u0107 status swojej firmy. Stw\u00f3rz w\u0142asne godziny pracy w wersji demonstracyjnej.\" \/>\n<meta name=\"robots\" content=\"index, follow, max-snippet:-1, max-image-preview:large, max-video-preview:-1\" \/>\n<link rel=\"canonical\" href=\"https:\/\/elfsight.com\/pl\/business-hours-widget\/bigcommerce\/\" \/>\n<meta property=\"og:locale\" content=\"pl_PL\" \/>\n<meta property=\"og:type\" content=\"article\" \/>\n<meta property=\"og:title\" content=\"Dodaj godziny pracy do BigCommerce - Osad\u017a bezp\u0142atne godziny pracy\" \/>\n<meta property=\"og:description\" content=\"Dodaj konfigurowalny wid\u017cet godzin pracy do BigCommerce, aby pokaza\u0107 status swojej firmy. Stw\u00f3rz w\u0142asne godziny pracy w wersji demonstracyjnej.\" \/>\n<meta property=\"og:url\" content=\"https:\/\/elfsight.com\/pl\/business-hours-widget\/bigcommerce\/\" \/>\n<meta property=\"og:site_name\" content=\"Elfsight PL\" \/>\n<meta property=\"article:modified_time\" content=\"2024-12-26T14:33:32+00:00\" \/>\n<meta name=\"twitter:card\" content=\"summary_large_image\" \/>\n<meta name=\"twitter:label1\" content=\"Szacowany czas czytania\" \/>\n\t<meta name=\"twitter:data1\" content=\"5 minut\" \/>\n<!-- \/ Yoast SEO plugin. -->","yoast_head_json":{"title":"Dodaj godziny pracy do BigCommerce - Osad\u017a bezp\u0142atne godziny pracy","description":"Dodaj konfigurowalny wid\u017cet godzin pracy do BigCommerce, aby pokaza\u0107 status swojej firmy. Stw\u00f3rz w\u0142asne godziny pracy w wersji demonstracyjnej.","robots":{"index":"index","follow":"follow","max-snippet":"max-snippet:-1","max-image-preview":"max-image-preview:large","max-video-preview":"max-video-preview:-1"},"canonical":"https:\/\/elfsight.com\/pl\/business-hours-widget\/bigcommerce\/","og_locale":"pl_PL","og_type":"article","og_title":"Dodaj godziny pracy do BigCommerce - Osad\u017a bezp\u0142atne godziny pracy","og_description":"Dodaj konfigurowalny wid\u017cet godzin pracy do BigCommerce, aby pokaza\u0107 status swojej firmy. Stw\u00f3rz w\u0142asne godziny pracy w wersji demonstracyjnej.","og_url":"https:\/\/elfsight.com\/pl\/business-hours-widget\/bigcommerce\/","og_site_name":"Elfsight PL","article_modified_time":"2024-12-26T14:33:32+00:00","twitter_card":"summary_large_image","twitter_misc":{"Szacowany czas czytania":"5 minut"},"schema":{"@context":"https:\/\/schema.org","@graph":[{"@type":"WebPage","@id":"https:\/\/elfsight.com\/pl\/business-hours-widget\/bigcommerce\/","url":"https:\/\/elfsight.com\/pl\/business-hours-widget\/bigcommerce\/","name":"Dodaj godziny pracy do BigCommerce - Osad\u017a bezp\u0142atne godziny pracy","isPartOf":{"@id":"https:\/\/elfsight.com\/pl\/#website"},"datePublished":"2024-05-03T06:31:08+00:00","dateModified":"2024-12-26T14:33:32+00:00","description":"Dodaj konfigurowalny wid\u017cet godzin pracy do BigCommerce, aby pokaza\u0107 status swojej firmy. Stw\u00f3rz w\u0142asne godziny pracy w wersji demonstracyjnej.","breadcrumb":{"@id":"https:\/\/elfsight.com\/pl\/business-hours-widget\/bigcommerce\/#breadcrumb"},"inLanguage":"pl-PL","potentialAction":[{"@type":"ReadAction","target":["https:\/\/elfsight.com\/pl\/business-hours-widget\/bigcommerce\/"]}]},{"@type":"BreadcrumbList","@id":"https:\/\/elfsight.com\/pl\/business-hours-widget\/bigcommerce\/#breadcrumb","itemListElement":[{"@type":"ListItem","position":1,"name":"Home","item":"https:\/\/elfsight.com\/pl\/"},{"@type":"ListItem","position":2,"name":"Business Hours","item":"https:\/\/elfsight.com\/pl\/business-hours-widget\/"},{"@type":"ListItem","position":3,"name":"Business Hours &#8211; BigCommerce"}]},{"@type":"WebSite","@id":"https:\/\/elfsight.com\/pl\/#website","url":"https:\/\/elfsight.com\/pl\/","name":"Elfsight PL","description":"Just another Elfsight Sites site","potentialAction":[{"@type":"SearchAction","target":{"@type":"EntryPoint","urlTemplate":"https:\/\/elfsight.com\/pl\/?s={search_term_string}"},"query-input":{"@type":"PropertyValueSpecification","valueRequired":true,"valueName":"search_term_string"}}],"inLanguage":"pl-PL"}]}},"meta_box":{"industry":"","seo_heading":"","heading":"","description":"","cta_heading":"","cta_description":"","application":"3354","h1":"Aplikacja BigCommerce z godzinami pracy","h1_caption":"Wy\u015bwietlaj godziny pracy w przejrzystym i atrakcyjnym formacie, aby bez wysi\u0142ku informowa\u0107 odwiedzaj\u0105cych o Twojej dost\u0119pno\u015bci na Twojej stronie BigCommerce.","application_category":[],"applications_title":"","applications_request_title":"","applications_request_button_text":"","hero_text":"","hero_video":"","hero_video_schema_markup":"","selling_points_title":"","selling_points_caption":"","selling_points":[],"selling_points_cta_text":"","features_title":"","features":"","ed_cta_examples_text":"","ed_cta_examples_hidden":"","ed_cta_demo_text":"","ed_cta_demo_hidden":"","why_caption":"","why_editor_title":"","why_editor_text":"","why_team_title":"","why_team_text":"","why_service_title":"","why_service_text":"","template_catalog_visible":"0","template_catalog_title":"","template_catalog_text":"","template_catalog_categories_visible":"","demo_title":"Pospiesz si\u0119, aby ustali\u0107 niestandardowe godziny pracy BigCommerce","demo_caption":"Dostosuj go i dodaj na swoj\u0105 stron\u0119 korzystaj\u0105c z aktywnego demo.","default_faq_hidden":"","app_template_category":[],"platform":"41","template_public_id":"","codecanyon_url":"","codecanyon_item_id":"","codecanyon_price":"","pricing_caption":"","pricing_elfsight_apps_hide_column":"","pricing_elfsight_apps_url":"","pricing_codecanyon_price_caption":"","integration_category":[],"integration_request_title":"","integration_request_cta":"","integration_platform":"","integrations":[],"platform_category":[],"video_schema_markup":"","price":"od 0 USD \/ miesi\u0105c","trial":"","benefits":[{"text":"Bezp\u0142atna us\u0142uga monta\u017cu"},{"text":"Wsparcie premium"},{"text":"14-dniowa gwarancja zwrotu pieni\u0119dzy"}],"button_url":"#demo","button_target_blank":"0","button_nofollow":"0","attributes":[{"name":"Instaluje"},{"name":"Czu\u0142y"},{"name":"Kompatybilne przegl\u0105darki"}],"tags":[],"tags_disable_links":"0","hide_more_platforms":"","video_object":"","demo_hide_cta":"0","demo_hide_cloud_options":"0","pricing_title":"","pricing":[{"pricing_icon":"platform","pricing_title":"Elfsight Apps","pricing_title_caption":"Oprogramowanie wieloplatformowe, kt\u00f3re dzia\u0142a na dowolnej stronie internetowej","pricing_price":"od 0 USD \/ miesi\u0105c","pricing_price_caption":"zacznij od bezp\u0142atnego planu","pricing_benefits":[{"text":"Nielimitowane strony internetowe"},{"text":"Profesjonalne wsparcie"},{"text":"Bezp\u0142atna pomoc w instalacji"},{"text":"Elastyczny projekt"}],"pricing_button_text":"Dodaj do witryny","pricing_button_url":"#demo"}],"related_apps_title":"","related_apps_hidden":"0","author":"","image":[],"title":"","job":"","social_networks":[]},"_links":{"self":[{"href":"https:\/\/elfsight.com\/pl\/wp-json\/wp\/v2\/pages\/4526","targetHints":{"allow":["GET"]}}],"collection":[{"href":"https:\/\/elfsight.com\/pl\/wp-json\/wp\/v2\/pages"}],"about":[{"href":"https:\/\/elfsight.com\/pl\/wp-json\/wp\/v2\/types\/page"}],"author":[{"embeddable":true,"href":"https:\/\/elfsight.com\/pl\/wp-json\/wp\/v2\/users\/9"}],"replies":[{"embeddable":true,"href":"https:\/\/elfsight.com\/pl\/wp-json\/wp\/v2\/comments?post=4526"}],"version-history":[{"count":2,"href":"https:\/\/elfsight.com\/pl\/wp-json\/wp\/v2\/pages\/4526\/revisions"}],"predecessor-version":[{"id":9667,"href":"https:\/\/elfsight.com\/pl\/wp-json\/wp\/v2\/pages\/4526\/revisions\/9667"}],"up":[{"embeddable":true,"href":"https:\/\/elfsight.com\/pl\/wp-json\/wp\/v2\/pages\/3385"}],"wp:attachment":[{"href":"https:\/\/elfsight.com\/pl\/wp-json\/wp\/v2\/media?parent=4526"}],"curies":[{"name":"wp","href":"https:\/\/api.w.org\/{rel}","templated":true}]}}