{"id":4525,"date":"2024-05-03T06:31:07","date_gmt":"2024-05-03T06:31:07","guid":{"rendered":"https:\/\/elfsight.com\/pl\/?page_id=4525"},"modified":"2024-10-24T13:16:05","modified_gmt":"2024-10-24T13:16:05","slug":"blogger","status":"publish","type":"page","link":"https:\/\/elfsight.com\/pl\/business-hours-widget\/blogger\/","title":{"rendered":"Business Hours &#8211; Blogger"},"content":{"rendered":"<div class=\"application-platform-content-item-description application-platform-content-item\" id=\"description\" data-nav-section=\"description\"> <h2>Umie\u015b\u0107 godziny pracy w Bloggerze za pomoc\u0105 wid\u017cetu Elfsight<\/h2> <p>Godziny pracy Elfsight dla Bloggera to prosty wid\u017cet niewymagaj\u0105cy kodu, kt\u00f3ry pozwala na zaprojektowanie przyci\u0105gaj\u0105cej wzrok wizyt\u00f3wki zawieraj\u0105cej najwa\u017cniejsze informacje dotycz\u0105ce Twojej pracy. Mo\u017cesz wy\u015bwietla\u0107 informacje o swoim aktualnym statusie pracy i udost\u0119pnia\u0107 kontakty swoim odbiorcom. Wid\u017cet pozwala na tworzenie przyjaznych dla u\u017cytkownika projekt\u00f3w, dzi\u0119ki kt\u00f3rym klienci mog\u0105 \u0142atwo znale\u017a\u0107 wszystkie potrzebne dane w skr\u00f3cie lub bardziej szczeg\u00f3\u0142owo. <\/p><p>\u015awietny widget oferuje kilka szablon\u00f3w, dzi\u0119ki kt\u00f3rym mo\u017cesz wybra\u0107 najlepsz\u0105 opcj\u0119 dla swojej witryny. Ka\u017cdy szablon zawiera ustawienia, kt\u00f3re pomog\u0105 Ci stworzy\u0107 wid\u017cet z niezb\u0119dnymi elementami zwi\u0119kszaj\u0105cymi sprzeda\u017c. Integracja godzin pracy i danych kontaktowych Twojej firmy z Twoj\u0105 witryn\u0105 internetow\u0105 jest bardzo \u0142atwa dzi\u0119ki Elfsight dzi\u0119ki prostym samouczkom i wskaz\u00f3wkom. Ka\u017cdy w\u0142a\u015bciciel witryny mo\u017ce bezp\u0142atnie utworzy\u0107 i doda\u0107 wid\u017cet godzin pracy bez kodu<\/p> <p><b>Umie\u015b\u0107 szczeg\u00f3\u0142y firmy w swojej witrynie, aby zwi\u0119kszy\u0107 wska\u017aniki sprzeda\u017cy i wiarygodno\u015b\u0107 klient\u00f3w. Z \u0142atwo\u015bci\u0105 wy\u015bwietlaj wa\u017cne informacje na temat okres\u00f3w pracy. <\/b><\/p> <p>Dzi\u0119ki temu wid\u017cetowi w witrynie Bloggera mo\u017cesz zwi\u0119kszy\u0107 \u015bwiadomo\u015b\u0107 klient\u00f3w na temat Twojej firmy i zwi\u0119kszy\u0107 sprzeda\u017c. Sp\u00f3jrz na kilka kluczowych korzy\u015bci dla Twojej witryny, dodaj\u0105c do niej darmowy wid\u017cet ramek roboczych. <\/p><ul><li><b>Niech klienci b\u0119d\u0105 zawsze terminowi. <\/b> Zwi\u0119ksz sprzeda\u017c, dzi\u0119ki pewnemu kontaktowi we wskazanych godzinach pracy. Odwiedzaj\u0105cy Twoj\u0105 witryn\u0119 b\u0119d\u0105 zwraca\u0107 uwag\u0119 na Twoje godziny pracy i b\u0119d\u0105 mie\u0107 wi\u0119ksz\u0105 pewno\u015b\u0107, \u017ce w razie potrzeby dokonaj\u0105 udanego zakupu. <\/li><li><b>Unikaj nieporozumie\u0144 dotycz\u0105cych godzin pracy. <\/b> Pokazanie klientom na stronie przejrzystych okres\u00f3w pracy sprawi, \u017ce b\u0119d\u0105 bardziej oddani Twojej marce, gdy\u017c b\u0119d\u0105 mogli zaplanowa\u0107 zam\u00f3wienie lub wizyt\u0119 u Ciebie. <\/li><li><b>Udost\u0119pnij kontakty w widoczny spos\u00f3b. <\/b> Dodanie danych kontaktowych do wid\u017cetu godzin pracy bez kod\u00f3w umo\u017cliwia nawi\u0105zanie komunikacji i popraw\u0119 sprzeda\u017cy. Poka\u017c, \u017ce jeste\u015b tutaj, aby odpowiedzie\u0107 na ich pytania dotycz\u0105ce produkt\u00f3w i us\u0142ug Twojej firmy, co zwi\u0119kszy zaufanie i szacunek. <\/li><\/ul><div class=\"faq\" data-component=\"FAQ\"><div class=\"faq-item\">\r\n\t\t\t\t\t<div class=\"faq-item-question\">\r\n\t\t\t\t\t\t<h3 class=\"faq-item-question-text\">Czy masz jakie\u015b inne wtyczki do Bloggera, kt\u00f3re mog\u0119 umie\u015bci\u0107 w mojej witrynie, aby zwi\u0119kszy\u0107 sprzeda\u017c?<\/h3>\r\n\r\n\t\t\t\t\t\t<div class=\"faq-item-question-icon\"><\/div>\r\n\t\t\t\t\t<\/div>\r\n\r\n\t\t\t\t\t<div class=\"faq-item-answer\">\r\n\t\t\t\t\t\t<div class=\"faq-item-answer-text\">Mo\u017cemy udost\u0119pni\u0107 Ci wiele wtyczek, kt\u00f3re spe\u0142ni\u0105 ka\u017cde zadanie na Twojej stronie. Oto kilka przyk\u0142ad\u00f3w: <a href=\"https:\/\/elfsight.com\/google-reviews-widget\/blogger\/\" target=\"_blank\" rel=\"noopener\">Recenzje Google<\/a>, <a href=\"https:\/\/elfsight.com\/whatsapp-chat-widget\/blogger\/\" target=\"_blank\" rel=\"noopener\">Czat WhatsApp<\/a>, <a href=\"https:\/\/elfsight.com\/ event-calendar-widget\/blogger\/\" target=\"_blank\" rel=\"noopener\">Kalendarz wydarze\u0144<\/a>, <a href=\"https:\/\/elfsight.com\/countdown-timer-widget\/blogger\/\" target=\"_blank\" rel=\"noopener\">Licznik czasu<\/a>, <a href=\"https:\/\/elfsight.com\/qr-code-widget\/blogger\/\" target=\"_blank\" rel=\"noopener\"> Kod QR<\/a>. <\/div>\r\n\t\t\t\t\t<\/div>\r\n\t\t\t\t<\/div><div class=\"faq-item\">\r\n\t\t\t\t\t<div class=\"faq-item-question\">\r\n\t\t\t\t\t\t<h3 class=\"faq-item-question-text\">Jak mog\u0119 osi\u0105gn\u0105\u0107 wyniki dzi\u0119ki Godzinom pracy w witrynie Bloggera?<\/h3>\r\n\r\n\t\t\t\t\t\t<div class=\"faq-item-question-icon\"><\/div>\r\n\t\t\t\t\t<\/div>\r\n\r\n\t\t\t\t\t<div class=\"faq-item-answer\">\r\n\t\t\t\t\t\t<div class=\"faq-item-answer-text\">Masz wiele sposob\u00f3w na zwi\u0119kszenie wsp\u00f3\u0142czynnik\u00f3w konwersji i wynik\u00f3w sprzeda\u017cy poprzez dodanie wtyczki Godziny pracy. Dzi\u0119ki szablonom Elfsight dla tej niezwyk\u0142ej wtyczki do witryn mo\u017cesz zbudowa\u0107 indywidualn\u0105 strategi\u0119 biznesow\u0105. Mo\u017cesz wy\u015bwietli\u0107 rozszerzone informacje o godzinach pracy i narz\u0119dziach do rozmowy lub po prostu osadzi\u0107 minimalistyczny pasek stanu pracy. Za pomoc\u0105 wtyczki Godziny pracy mo\u017cesz tworzy\u0107 karty kontaktowe i dodawa\u0107 je do preferowanych obszar\u00f3w witryny, aby przyku\u0107 uwag\u0119 i poinformowa\u0107 odbiorc\u00f3w o swojej aktywno\u015bci. <\/div>\r\n\t\t\t\t\t<\/div>\r\n\t\t\t\t<\/div><div class=\"faq-item\">\r\n\t\t\t\t\t<div class=\"faq-item-question\">\r\n\t\t\t\t\t\t<h3 class=\"faq-item-question-text\">Jak bezp\u0142atnie osadzi\u0107 wtyczk\u0119 Godziny pracy w witrynach Bloggera?<\/h3>\r\n\r\n\t\t\t\t\t\t<div class=\"faq-item-question-icon\"><\/div>\r\n\t\t\t\t\t<\/div>\r\n\r\n\t\t\t\t\t<div class=\"faq-item-answer\">\r\n\t\t\t\t\t\t<div class=\"faq-item-answer-text\"> Osadzenie wtyczki Godziny pracy w witrynie Bloggera to \u0142atwy spos\u00f3b na rozpocz\u0119cie komunikacji z klientami i poinformowanie ich o gotowo\u015bci do zapewnienia sprzeda\u017cy lub \u015bwiadczy\u0107 us\u0142ugi. Oferujemy kilka tutoriali na temat dodawania wtyczki godzin pracy bez kodu do Twojej witryny. <ol><li>Aby umie\u015bci\u0107 godziny pracy Elfsight w Bloggerze, przejd\u017a do witryny Elfsight i zarejestruj si\u0119. <\/li><li>Utw\u00f3rz bezp\u0142atne godziny pracy bez kodu, dostosowuj\u0105c ich wygl\u0105d i ustawienia do projektu witryny Bloggera. <\/li><li>Po utworzeniu godzin pracy skopiuj specjalny fragment kodu i wklej go w kodzie HTML swojej witryny Bloggera, w miejscu, w kt\u00f3rym ma si\u0119 pojawia\u0107 wtyczka. <\/li><\/ol>Umieszczaj\u0105c godziny pracy w witrynie Bloggera, zwi\u0119kszysz jej atrakcyjno\u015b\u0107 wizualn\u0105 i zwi\u0119kszysz sta\u0142e zaanga\u017cowanie klient\u00f3w. Odkryj zalety godzin pracy Elfsight bezp\u0142atnie! <\/div>\r\n\t\t\t\t\t<\/div>\r\n\t\t\t\t<\/div><\/div><\/div> <div class=\"application-platform-content-item-features application-platform-content-item\" id=\"features\" data-nav-section=\"features\"> <h2>Sprawd\u017a list\u0119 najpot\u0119\u017cniejszych funkcji:<\/h2> <ul><li>Poka\u017c dost\u0119pno\u015b\u0107 swojej firmy w czasie rzeczywistym<\/li><li>\u0141atwa regulacja ramek obs\u0142ugi<\/li><li>Konfiguracja dni specjalnych<\/li><li>Wskazanie bie\u017c\u0105cej aktywno\u015bci biznesowej<\/li><li>Wykres z mo\u017cliwo\u015bci\u0105 wstawienia lub status oszcz\u0119dzaj\u0105cy miejsce<\/li><\/ul><p><a href=\"#demo\">Pe\u0142n\u0105 funkcjonalno\u015b\u0107 wid\u017cetu mo\u017cesz sprawdzi\u0107 ju\u017c teraz w wersji demonstracyjnej<\/a><\/p><\/div> <div class=\"application-platform-content-item-installation application-platform-content-item\" id=\"installation\" data-nav-section=\"installation\"> <h2>Jak w\u0142\u0105czy\u0107 godziny pracy do mojej witryny Bloggera?<\/h2> <p>Wystarczy post\u0119powa\u0107 zgodnie z poni\u017cszymi instrukcjami dotycz\u0105cymi wtyczki ze swoimi zmianami roboczymi. <\/p> <ol><li><b>Skorzystaj z naszej wersji demonstracyjnej i zacznij tworzy\u0107 w\u0142asn\u0105 wtyczk\u0119 nie wymagaj\u0105c\u0105 kodu. <\/b><br> Okre\u015bl preferowany wygl\u0105d i funkcje wtyczki oraz zapisz poprawki. <\/li> <li><b>Zdob\u0105d\u017a sw\u00f3j osobisty kod do umieszczenia na stronie, kt\u00f3ry pojawi si\u0119 w polu aplikacji Elfsight. <\/b><br> Zaraz po skonfigurowaniu rozwi\u0105zania dotycz\u0105cego godzin aktywno\u015bci bez kodu skopiuj ekskluzywny kod z wy\u015bwietlonego okna i zapisz go na przysz\u0142o\u015b\u0107. <\/li> <li><b>Rozpocznij osadzanie wtyczki na stronie internetowej Bloggera. <\/b><br> Umie\u015b\u0107 ostatnio skopiowany kod w swojej witrynie i zastosuj zmiany. <\/li> <li><b>Ustawianie godzin pracy zosta\u0142o ca\u0142kowicie zako\u0144czone. <\/b><br> Przejd\u017a do swojej witryny i zobacz w akcji, jak dzia\u0142a dodana wtyczka godzin pracy. <\/li><\/ol> <p>W przypadku pyta\u0144 lub problem\u00f3w prosimy o kontakt z naszym dzia\u0142em obs\u0142ugi klienta. Nasi konsultanci ch\u0119tnie rozwi\u0105\u017c\u0105 wszystkie problemy, jakie mo\u017cesz mie\u0107 z produktem dla Bloggera. <\/p> <\/div>","protected":false},"excerpt":{"rendered":"","protected":false},"author":9,"featured_media":0,"parent":3385,"menu_order":0,"comment_status":"closed","ping_status":"closed","template":"templates\/template-application-platform.php","meta":{"publish_to_discourse":"","publish_post_category":"","wpdc_auto_publish_overridden":"","wpdc_topic_tags":"","wpdc_pin_topic":"","wpdc_pin_until":"","discourse_post_id":"","discourse_permalink":"","wpdc_publishing_response":"","wpdc_publishing_error":"","footnotes":""},"class_list":["post-4525","page","type-page","status-publish","hentry"],"yoast_head":"<!-- This site is optimized with the Yoast SEO plugin v25.3.1 - https:\/\/yoast.com\/wordpress\/plugins\/seo\/ -->\n<title>Dodaj godziny pracy do Bloggera \u2014 umie\u015b\u0107 godziny pracy na stronie internetowej<\/title>\n<meta name=\"description\" content=\"Umie\u015b\u0107 konfigurowalny wid\u017cet godzin pracy w Bloggerze, aby udost\u0119pni\u0107 sw\u00f3j stan pracy. Tw\u00f3rz w\u0142asne godziny pracy, korzystaj\u0105c z wersji demonstracyjnej.\" \/>\n<meta name=\"robots\" content=\"index, follow, max-snippet:-1, max-image-preview:large, max-video-preview:-1\" \/>\n<link rel=\"canonical\" href=\"https:\/\/elfsight.com\/pl\/business-hours-widget\/blogger\/\" \/>\n<meta property=\"og:locale\" content=\"pl_PL\" \/>\n<meta property=\"og:type\" content=\"article\" \/>\n<meta property=\"og:title\" content=\"Dodaj godziny pracy do Bloggera \u2014 umie\u015b\u0107 godziny pracy na stronie internetowej\" \/>\n<meta property=\"og:description\" content=\"Umie\u015b\u0107 konfigurowalny wid\u017cet godzin pracy w Bloggerze, aby udost\u0119pni\u0107 sw\u00f3j stan pracy. Tw\u00f3rz w\u0142asne godziny pracy, korzystaj\u0105c z wersji demonstracyjnej.\" \/>\n<meta property=\"og:url\" content=\"https:\/\/elfsight.com\/pl\/business-hours-widget\/blogger\/\" \/>\n<meta property=\"og:site_name\" content=\"Elfsight PL\" \/>\n<meta property=\"article:modified_time\" content=\"2024-10-24T13:16:05+00:00\" \/>\n<meta name=\"twitter:card\" content=\"summary_large_image\" \/>\n<meta name=\"twitter:label1\" content=\"Szacowany czas czytania\" \/>\n\t<meta name=\"twitter:data1\" content=\"5 minut\" \/>\n<!-- \/ Yoast SEO plugin. -->","yoast_head_json":{"title":"Dodaj godziny pracy do Bloggera \u2014 umie\u015b\u0107 godziny pracy na stronie internetowej","description":"Umie\u015b\u0107 konfigurowalny wid\u017cet godzin pracy w Bloggerze, aby udost\u0119pni\u0107 sw\u00f3j stan pracy. Tw\u00f3rz w\u0142asne godziny pracy, korzystaj\u0105c z wersji demonstracyjnej.","robots":{"index":"index","follow":"follow","max-snippet":"max-snippet:-1","max-image-preview":"max-image-preview:large","max-video-preview":"max-video-preview:-1"},"canonical":"https:\/\/elfsight.com\/pl\/business-hours-widget\/blogger\/","og_locale":"pl_PL","og_type":"article","og_title":"Dodaj godziny pracy do Bloggera \u2014 umie\u015b\u0107 godziny pracy na stronie internetowej","og_description":"Umie\u015b\u0107 konfigurowalny wid\u017cet godzin pracy w Bloggerze, aby udost\u0119pni\u0107 sw\u00f3j stan pracy. Tw\u00f3rz w\u0142asne godziny pracy, korzystaj\u0105c z wersji demonstracyjnej.","og_url":"https:\/\/elfsight.com\/pl\/business-hours-widget\/blogger\/","og_site_name":"Elfsight PL","article_modified_time":"2024-10-24T13:16:05+00:00","twitter_card":"summary_large_image","twitter_misc":{"Szacowany czas czytania":"5 minut"},"schema":{"@context":"https:\/\/schema.org","@graph":[{"@type":"WebPage","@id":"https:\/\/elfsight.com\/pl\/business-hours-widget\/blogger\/","url":"https:\/\/elfsight.com\/pl\/business-hours-widget\/blogger\/","name":"Dodaj godziny pracy do Bloggera \u2014 umie\u015b\u0107 godziny pracy na stronie internetowej","isPartOf":{"@id":"https:\/\/elfsight.com\/pl\/#website"},"datePublished":"2024-05-03T06:31:07+00:00","dateModified":"2024-10-24T13:16:05+00:00","description":"Umie\u015b\u0107 konfigurowalny wid\u017cet godzin pracy w Bloggerze, aby udost\u0119pni\u0107 sw\u00f3j stan pracy. Tw\u00f3rz w\u0142asne godziny pracy, korzystaj\u0105c z wersji demonstracyjnej.","breadcrumb":{"@id":"https:\/\/elfsight.com\/pl\/business-hours-widget\/blogger\/#breadcrumb"},"inLanguage":"pl-PL","potentialAction":[{"@type":"ReadAction","target":["https:\/\/elfsight.com\/pl\/business-hours-widget\/blogger\/"]}]},{"@type":"BreadcrumbList","@id":"https:\/\/elfsight.com\/pl\/business-hours-widget\/blogger\/#breadcrumb","itemListElement":[{"@type":"ListItem","position":1,"name":"Home","item":"https:\/\/elfsight.com\/pl\/"},{"@type":"ListItem","position":2,"name":"Business Hours","item":"https:\/\/elfsight.com\/pl\/business-hours-widget\/"},{"@type":"ListItem","position":3,"name":"Business Hours &#8211; Blogger"}]},{"@type":"WebSite","@id":"https:\/\/elfsight.com\/pl\/#website","url":"https:\/\/elfsight.com\/pl\/","name":"Elfsight PL","description":"Just another Elfsight Sites site","potentialAction":[{"@type":"SearchAction","target":{"@type":"EntryPoint","urlTemplate":"https:\/\/elfsight.com\/pl\/?s={search_term_string}"},"query-input":{"@type":"PropertyValueSpecification","valueRequired":true,"valueName":"search_term_string"}}],"inLanguage":"pl-PL"}]}},"meta_box":{"industry":"","seo_heading":"","heading":"","description":"","cta_heading":"","cta_description":"","application":"3354","h1":"Wid\u017cet godzin pracy BigCommerce","h1_caption":"Wy\u015bwietlaj godziny otwarcia w przejrzystym i atrakcyjnym formacie, aby bez wysi\u0142ku poinformowa\u0107 odwiedzaj\u0105cych o Twojej dost\u0119pno\u015bci w witrynie Bloggera.","application_category":[],"applications_title":"","applications_request_title":"","applications_request_button_text":"","hero_text":"","hero_video":"","hero_video_schema_markup":"","selling_points_title":"","selling_points_caption":"","selling_points":[],"selling_points_cta_text":"","features_title":"","features":"","ed_cta_examples_text":"","ed_cta_examples_hidden":"","ed_cta_demo_text":"","ed_cta_demo_hidden":"","why_caption":"","why_editor_title":"","why_editor_text":"","why_team_title":"","why_team_text":"","why_service_title":"","why_service_text":"","template_catalog_visible":"","template_catalog_title":"","template_catalog_text":"","template_catalog_categories_visible":"","demo_title":"Mo\u017cesz swobodnie kszta\u0142towa\u0107 niestandardowe godziny pracy Bloggera","demo_caption":"Spersonalizuj je i dodaj narz\u0119dzie do swojej witryny poprzez aktywne demo.","default_faq_hidden":"","app_template_category":[],"platform":"44","template_public_id":"","codecanyon_url":"","codecanyon_item_id":"","codecanyon_price":"","pricing_caption":"","pricing_elfsight_apps_hide_column":"","pricing_elfsight_apps_url":"","pricing_codecanyon_price_caption":"","integration_category":[],"integration_request_title":"","integration_request_cta":"","integration_platform":"","integrations":[],"platform_category":[],"video_schema_markup":"","price":"od 0 USD \/ miesi\u0105c","trial":"","benefits":[{"text":"Bezp\u0142atna us\u0142uga monta\u017cu"},{"text":"Wyj\u0105tkowe wsparcie"},{"text":"14-dniowa gwarancja zwrotu pieni\u0119dzy"}],"button_url":"#demo","button_target_blank":"","button_nofollow":"","attributes":[{"name":"Instaluje"},{"name":"Czu\u0142y"},{"name":"Kompatybilne przegl\u0105darki"}],"tags":[],"tags_disable_links":"","hide_more_platforms":"","video_object":"","demo_hide_cta":"","demo_hide_cloud_options":"","pricing_title":"","pricing":[{"pricing_icon":"platform","pricing_title":"Elfsight Apps","pricing_title_caption":"Niezale\u017cne od platformy rozwi\u0105zanie cyfrowe, kt\u00f3re dzia\u0142a na ka\u017cdej stronie internetowej","pricing_price":"od 0 USD \/ miesi\u0105c","pricing_price_caption":"zacznij od bezp\u0142atnego planu","pricing_benefits":[{"text":"Nielimitowane domeny"},{"text":"Bezp\u0142atne wsparcie"},{"text":"Bezp\u0142atna pomoc w monta\u017cu"},{"text":"100% konfigurowalny"}],"pricing_button_text":"Dodaj do witryny","pricing_button_url":"#demo"}],"related_apps_title":"","related_apps_hidden":"","author":"","image":[],"title":"","job":"","social_networks":[]},"_links":{"self":[{"href":"https:\/\/elfsight.com\/pl\/wp-json\/wp\/v2\/pages\/4525","targetHints":{"allow":["GET"]}}],"collection":[{"href":"https:\/\/elfsight.com\/pl\/wp-json\/wp\/v2\/pages"}],"about":[{"href":"https:\/\/elfsight.com\/pl\/wp-json\/wp\/v2\/types\/page"}],"author":[{"embeddable":true,"href":"https:\/\/elfsight.com\/pl\/wp-json\/wp\/v2\/users\/9"}],"replies":[{"embeddable":true,"href":"https:\/\/elfsight.com\/pl\/wp-json\/wp\/v2\/comments?post=4525"}],"version-history":[{"count":1,"href":"https:\/\/elfsight.com\/pl\/wp-json\/wp\/v2\/pages\/4525\/revisions"}],"predecessor-version":[{"id":4529,"href":"https:\/\/elfsight.com\/pl\/wp-json\/wp\/v2\/pages\/4525\/revisions\/4529"}],"up":[{"embeddable":true,"href":"https:\/\/elfsight.com\/pl\/wp-json\/wp\/v2\/pages\/3385"}],"wp:attachment":[{"href":"https:\/\/elfsight.com\/pl\/wp-json\/wp\/v2\/media?parent=4525"}],"curies":[{"name":"wp","href":"https:\/\/api.w.org\/{rel}","templated":true}]}}