{"id":4520,"date":"2024-05-03T06:31:06","date_gmt":"2024-05-03T06:31:06","guid":{"rendered":"https:\/\/elfsight.com\/pl\/?page_id=4520"},"modified":"2025-01-23T18:28:16","modified_gmt":"2025-01-23T18:28:16","slug":"woocommerce","status":"publish","type":"page","link":"https:\/\/elfsight.com\/pl\/business-hours-widget\/woocommerce\/","title":{"rendered":"Business Hours &#8211; WooCommerce"},"content":{"rendered":"<div class=\"application-platform-content-item-description application-platform-content-item\" id=\"description\" data-nav-section=\"description\"> <h2>Osad\u017a godziny pracy w WooCommerce za pomoc\u0105 wid\u017cetu Elfsight<\/h2> <p>Elfsight godziny pracy dla WooCommerce to prosty widget niewymagaj\u0105cy kodu, umo\u017cliwiaj\u0105cy zbudujesz przyci\u0105gaj\u0105c\u0105 wzrok wizyt\u00f3wk\u0119 zawieraj\u0105c\u0105 najwa\u017cniejsze informacje dotycz\u0105ce Twojej pracy. W wid\u017cecie mo\u017cesz zawrze\u0107 informacje o aktualnym statusie swojej firmy oraz umo\u017cliwi\u0107 kontakt dla odbiorc\u00f3w. Wid\u017cet pozwala na tworzenie przyjaznych dla u\u017cytkownika projekt\u00f3w, dzi\u0119ki kt\u00f3rym odwiedzaj\u0105cy b\u0119d\u0105 mogli szybko zapozna\u0107 si\u0119 ze wszystkimi niezb\u0119dnymi danymi w skr\u00f3cie lub bardziej szczeg\u00f3\u0142owo. <\/p><p>Niezwyk\u0142y widget zawiera szereg szablon\u00f3w, dzi\u0119ki kt\u00f3rym mo\u017cesz wybra\u0107 najlepsz\u0105 opcj\u0119 dla swojej witryny. Ka\u017cdy szablon zawiera regulowane ustawienia, dzi\u0119ki kt\u00f3rym mo\u017cesz stworzy\u0107 spersonalizowane rozwi\u0105zanie z niezb\u0119dnymi opcjami, takimi jak przyciski sk\u0142adania zam\u00f3wienia i rejestracji, kt\u00f3re zwi\u0119kszaj\u0105 sprzeda\u017c. Integracja godzin pracy i danych kontaktowych Twojej organizacji ze stronami Twojej witryny jest absolutnie prosta, poniewa\u017c Elfsight oferuje \u0142atwe do zrozumienia samouczki i instrukcje. Ka\u017cdy u\u017cytkownik mo\u017ce bezp\u0142atnie opracowa\u0107 i doda\u0107 wid\u017cet Godziny pracy bez kodu<\/p> <p><b>Dodaj szczeg\u00f3\u0142y firmy do swojej witryny, aby zwi\u0119kszy\u0107 sprzeda\u017c i wiarygodno\u015b\u0107 klient\u00f3w. Jasno podawaj wa\u017cne informacje na temat okres\u00f3w pracy. <\/b><\/p> <p>Dzi\u0119ki temu wid\u017cetowi dodanemu do Twojej witryny WooCommerce mo\u017cesz zwi\u0119kszy\u0107 \u015bwiadomo\u015b\u0107 odbiorc\u00f3w na temat Twojej dzia\u0142alno\u015bci biznesowej i zwi\u0119kszy\u0107 sprzeda\u017c. Zwr\u00f3\u0107 uwag\u0119 na wiele pozytywnych efekt\u00f3w dla Twojej witryny internetowej po osadzeniu w niej wid\u017cetu dzia\u0142aj\u0105cej ramki bez kodu. <\/p><ul><li><b>Pom\u00f3\u017c klientom dotrze\u0107 zawsze na czas. <\/b> Zwi\u0119ksz sprzeda\u017c, b\u0119d\u0105c na pewno we wskazanych godzinach pracy. Odwiedzaj\u0105cy Twoj\u0105 witryn\u0119 zauwa\u017c\u0105 Twoje godziny dost\u0119pno\u015bci i b\u0119d\u0105 bardziej przekonani do dokonania udanego zakupu, kiedy zajdzie taka potrzeba. <\/li><li><b>Unikaj nieporozumie\u0144 dotycz\u0105cych godzin pracy. <\/b> Wy\u015bwietlanie wyra\u017anych okres\u00f3w pracy odwiedzaj\u0105cym witryn\u0119 sprawi, \u017ce b\u0119d\u0105 oni bardziej lojalni wobec Twojej marki. <\/li><li><b>Wy\u015bwietlaj dane kontaktowe w przejrzysty spos\u00f3b. <\/b> Dodanie danych kontaktowych do wid\u017cetu godzin pracy bez kod\u00f3w pozwala na lepsz\u0105 komunikacj\u0119 z klientami i popraw\u0119 sprzeda\u017cy. Poka\u017c, \u017ce jeste\u015b gotowy odpowiedzie\u0107 na ich obawy dotycz\u0105ce Twoich produkt\u00f3w i us\u0142ug, co zako\u0144czy si\u0119 wi\u0119kszym zaufaniem i szacunkiem. <\/li><\/ul><div class=\"faq\" data-component=\"FAQ\"><div class=\"faq-item\">\r\n\t\t\t\t\t<div class=\"faq-item-question\">\r\n\t\t\t\t\t\t<h3 class=\"faq-item-question-text\">Czy s\u0105 jakie\u015b inne wtyczki do WooCommerce, kt\u00f3rych mog\u0119 u\u017cywa\u0107 w mojej witrynie?<\/h3>\r\n\r\n\t\t\t\t\t\t<div class=\"faq-item-question-icon\"><\/div>\r\n\t\t\t\t\t<\/div>\r\n\r\n\t\t\t\t\t<div class=\"faq-item-answer\">\r\n\t\t\t\t\t\t<div class=\"faq-item-answer-text\">Mo\u017cemy udost\u0119pni\u0107 Ci wiele wtyczek, dzi\u0119ki kt\u00f3rym mo\u017cesz osi\u0105gn\u0105\u0107 dowolny cel na swojej stronie strona. Sprawd\u017a te wtyczki: <a href=\"https:\/\/elfsight.com\/google-reviews-widget\/woocommerce\/\" target=\"_blank\" rel=\"noopener\">Recenzje Google<\/a>, <a href=\"\/\/elfsight.com\/whatsapp-chat-widget\/woocommerce\/\" target=\"_blank\" rel=\"noopener\">Czat WhatsApp<\/a>, <a href=\"https:\/\/elfsight.com\/event -calendar-widget\/woocommerce\/\" target=\"_blank\" rel=\"noopener\">Kalendarz wydarze\u0144<\/a>, <a href=\"https:\/\/elfsight.com\/countdown-timer-widget\/woocommerce\/\" target=\"_blank\" rel=\"noopener\">Licznik czasu<\/a>, <a href=\"https:\/\/elfsight.com\/qr-code-widget\/woocommerce\/\" target=\"_blank\" rel=\"noopener\">QR Kod<\/a>. <\/div>\r\n\t\t\t\t\t<\/div>\r\n\t\t\t\t<\/div><div class=\"faq-item\">\r\n\t\t\t\t\t<div class=\"faq-item-question\">\r\n\t\t\t\t\t\t<h3 class=\"faq-item-question-text\">Jak mog\u0119 skorzysta\u0107 z godzin pracy w witrynie WooCommerce?<\/h3>\r\n\r\n\t\t\t\t\t\t<div class=\"faq-item-question-icon\"><\/div>\r\n\t\t\t\t\t<\/div>\r\n\r\n\t\t\t\t\t<div class=\"faq-item-answer\">\r\n\t\t\t\t\t\t<div class=\"faq-item-answer-text\">Masz dost\u0119p do wielu scenariuszy, aby poprawi\u0107 statystyki sukcesu i wyniki sprzeda\u017cy, dodaj\u0105c wtyczk\u0119 Godziny pracy. Dzi\u0119ki szablonom Elfsight dla tej wspania\u0142ej wtyczki do stron internetowych mo\u017cliwe jest odkrycie indywidualnych taktyk biznesowych. Mo\u017cesz albo zademonstrowa\u0107 rozszerzone informacje na temat godzin pracy, albo po prostu osadzi\u0107 kompaktowe wyskakuj\u0105ce okienko stanu bie\u017c\u0105cego. Za pomoc\u0105 wtyczki Godziny otwarcia mo\u017cesz tworzy\u0107 karty kontaktowe i dodawa\u0107 je do preferowanych lokalizacji na stronach internetowych, aby przyku\u0107 uwag\u0119 i poinformowa\u0107 klient\u00f3w o Twojej aktywno\u015bci. <\/div>\r\n\t\t\t\t\t<\/div>\r\n\t\t\t\t<\/div><div class=\"faq-item\">\r\n\t\t\t\t\t<div class=\"faq-item-question\">\r\n\t\t\t\t\t\t<h3 class=\"faq-item-question-text\">Jak bezp\u0142atnie osadzi\u0107 godziny pracy bez kodu w witrynach WooCommerce?<\/h3>\r\n\r\n\t\t\t\t\t\t<div class=\"faq-item-question-icon\"><\/div>\r\n\t\t\t\t\t<\/div>\r\n\r\n\t\t\t\t\t<div class=\"faq-item-answer\">\r\n\t\t\t\t\t\t<div class=\"faq-item-answer-text\">Osadzanie wtyczki Godziny pracy w witrynie WooCommerce to doskona\u0142y spos\u00f3b na rozpocz\u0119cie komunikacji z klientami i poinformowanie ich o swojej dost\u0119pno\u015bci zapewnienia sprzeda\u017cy lub \u015bwiadczenia us\u0142ug. Oto kr\u00f3tkie tutoriale dotycz\u0105ce dodawania wtyczki godzin pracy do Twojej witryny. <ol><li>Je\u015bli chcesz bezp\u0142atnie osadzi\u0107 godziny pracy Elfsight w WooCommerce, przejd\u017a do witryny Elfsight i zarejestruj si\u0119. <\/li><li>Stw\u00f3rz bezp\u0142atn\u0105 wtyczk\u0119 dotycz\u0105c\u0105 godzin pracy bez kodu, dostosowuj\u0105c jej wygl\u0105d i ustawienia do stylu Twojej witryny WooCommerce. <\/li><li>Po utworzeniu godzin pracy skopiuj kod i wklej go na swojej stronie WooCommerce, gdzie chcesz, aby wtyczka dzia\u0142a\u0142a. <\/li><\/ol>Dzi\u0119ki umieszczeniu godzin pracy w witrynie WooCommerce z pewno\u015bci\u0105 zwi\u0119kszysz zaanga\u017cowanie odwiedzaj\u0105cych. Odkryj zalety godzin pracy Elfsight bezp\u0142atnie! <\/div>\r\n\t\t\t\t\t<\/div>\r\n\t\t\t\t<\/div><\/div><\/div> <div class=\"application-platform-content-item-features application-platform-content-item\" id=\"features\" data-nav-section=\"features\"> <h2>Oferta podstawowych funkcji widgetu<\/h2> <ul><li>Wy\u015bwietlaj status swojej firmy w czasie rzeczywistym<\/li><li>Przyjazne dla u\u017cytkownika dostosowanie ramek roboczych<\/li><li>Konfiguracja zdarze\u0144 specjalnych<\/li><li>Stan sytuacji w czasie rzeczywistym<\/li><li>Zintegrowany wykres lub status kompaktowy<\/li><\/ul> <p><a href=\"#demo\">Przetestuj wszystkie opcje dostosowywania w pe\u0142nej wersji demonstracyjnej<\/a><\/p><\/div> <div class=\"application-platform-content-item-installation application-platform-content-item\" id=\"installation\" data-nav-section=\"installation\"> <h2>Jak mog\u0119 osadzi\u0107 Business Godziny otwarcia mojej witryny WooCommerce?<\/h2> <p>Wystarczy wykona\u0107 poni\u017csze wskaz\u00f3wki w aplikacji, podaj\u0105c czas aktywno\u015bci. <\/p> <ol><li><b>Zarz\u0105dzaj naszym edytorem i zacznij tworzy\u0107 swoj\u0105 unikaln\u0105 wtyczk\u0119. <\/b><br> Wybierz wybrany wygl\u0105d i funkcje wtyczki i zapisz zmiany. <\/li> <li><b>Skopiuj sw\u00f3j osobisty kod pojawiaj\u0105cy si\u0119 w specjalnym formularzu w aplikacjach Elfsight. <\/b><br> Po zako\u0144czeniu tworzenia rozwi\u0105zania dotycz\u0105cego godzin aktywno\u015bci bez kodu skopiuj osobisty kod z wy\u015bwietlonego pola i zapisz go na p\u00f3\u017aniej. <\/li> <li><b>Rozpocznij korzystanie z wtyczki w witrynie WooCommerce. <\/b><br> Umie\u015b\u0107 zapisany wcze\u015bniej kod w swojej witrynie i zastosuj modyfikacje. <\/li> <li><b>Gotowe! Konfiguracja godzin pracy zosta\u0142a w pe\u0142ni uko\u0144czona. <\/b><br> Wejd\u017a na swoj\u0105 stron\u0119 i sprawd\u017a dzia\u0142anie dodanej aplikacji Godziny otwarcia. <\/li><\/ol> <p>Je\u015bli napotkasz jakiekolwiek problemy, mo\u017cesz zwr\u00f3ci\u0107 si\u0119 o pomoc do naszego personelu pomocy technicznej. Nasi konsultanci z przyjemno\u015bci\u0105 rozwi\u0105\u017c\u0105 wszystkie problemy, jakie mo\u017cesz mie\u0107 z wtyczk\u0105 do WooCommerce. <\/p><\/div>","protected":false},"excerpt":{"rendered":"","protected":false},"author":9,"featured_media":0,"parent":3385,"menu_order":0,"comment_status":"closed","ping_status":"closed","template":"templates\/template-application-platform.php","meta":{"publish_to_discourse":"","publish_post_category":"","wpdc_auto_publish_overridden":"","wpdc_topic_tags":"","wpdc_pin_topic":"","wpdc_pin_until":"","discourse_post_id":"","discourse_permalink":"","wpdc_publishing_response":"","wpdc_publishing_error":"","footnotes":""},"class_list":["post-4520","page","type-page","status-publish","hentry"],"yoast_head":"<!-- This site is optimized with the Yoast SEO plugin v25.3.1 - https:\/\/yoast.com\/wordpress\/plugins\/seo\/ -->\n<title>Dodaj godziny pracy do WooCommerce - Umie\u015b\u0107 darmowy widget na stronie<\/title>\n<meta name=\"description\" content=\"Umie\u015b\u0107 regulowany wid\u017cet godzin pracy w WooCommerce, aby pokaza\u0107 status swojej firmy. Stw\u00f3rz sw\u00f3j osobisty widget godzin pracy w wersji demonstracyjnej.\" \/>\n<meta name=\"robots\" content=\"index, follow, max-snippet:-1, max-image-preview:large, max-video-preview:-1\" \/>\n<link rel=\"canonical\" href=\"https:\/\/elfsight.com\/pl\/business-hours-widget\/woocommerce\/\" \/>\n<meta property=\"og:locale\" content=\"pl_PL\" \/>\n<meta property=\"og:type\" content=\"article\" \/>\n<meta property=\"og:title\" content=\"Dodaj godziny pracy do WooCommerce - Umie\u015b\u0107 darmowy widget na stronie\" \/>\n<meta property=\"og:description\" content=\"Umie\u015b\u0107 regulowany wid\u017cet godzin pracy w WooCommerce, aby pokaza\u0107 status swojej firmy. Stw\u00f3rz sw\u00f3j osobisty widget godzin pracy w wersji demonstracyjnej.\" \/>\n<meta property=\"og:url\" content=\"https:\/\/elfsight.com\/pl\/business-hours-widget\/woocommerce\/\" \/>\n<meta property=\"og:site_name\" content=\"Elfsight PL\" \/>\n<meta property=\"article:modified_time\" content=\"2025-01-23T18:28:16+00:00\" \/>\n<meta name=\"twitter:card\" content=\"summary_large_image\" \/>\n<meta name=\"twitter:label1\" content=\"Szacowany czas czytania\" \/>\n\t<meta name=\"twitter:data1\" content=\"5 minut\" \/>\n<!-- \/ Yoast SEO plugin. -->","yoast_head_json":{"title":"Dodaj godziny pracy do WooCommerce - Umie\u015b\u0107 darmowy widget na stronie","description":"Umie\u015b\u0107 regulowany wid\u017cet godzin pracy w WooCommerce, aby pokaza\u0107 status swojej firmy. Stw\u00f3rz sw\u00f3j osobisty widget godzin pracy w wersji demonstracyjnej.","robots":{"index":"index","follow":"follow","max-snippet":"max-snippet:-1","max-image-preview":"max-image-preview:large","max-video-preview":"max-video-preview:-1"},"canonical":"https:\/\/elfsight.com\/pl\/business-hours-widget\/woocommerce\/","og_locale":"pl_PL","og_type":"article","og_title":"Dodaj godziny pracy do WooCommerce - Umie\u015b\u0107 darmowy widget na stronie","og_description":"Umie\u015b\u0107 regulowany wid\u017cet godzin pracy w WooCommerce, aby pokaza\u0107 status swojej firmy. Stw\u00f3rz sw\u00f3j osobisty widget godzin pracy w wersji demonstracyjnej.","og_url":"https:\/\/elfsight.com\/pl\/business-hours-widget\/woocommerce\/","og_site_name":"Elfsight PL","article_modified_time":"2025-01-23T18:28:16+00:00","twitter_card":"summary_large_image","twitter_misc":{"Szacowany czas czytania":"5 minut"},"schema":{"@context":"https:\/\/schema.org","@graph":[{"@type":"WebPage","@id":"https:\/\/elfsight.com\/pl\/business-hours-widget\/woocommerce\/","url":"https:\/\/elfsight.com\/pl\/business-hours-widget\/woocommerce\/","name":"Dodaj godziny pracy do WooCommerce - Umie\u015b\u0107 darmowy widget na stronie","isPartOf":{"@id":"https:\/\/elfsight.com\/pl\/#website"},"datePublished":"2024-05-03T06:31:06+00:00","dateModified":"2025-01-23T18:28:16+00:00","description":"Umie\u015b\u0107 regulowany wid\u017cet godzin pracy w WooCommerce, aby pokaza\u0107 status swojej firmy. Stw\u00f3rz sw\u00f3j osobisty widget godzin pracy w wersji demonstracyjnej.","breadcrumb":{"@id":"https:\/\/elfsight.com\/pl\/business-hours-widget\/woocommerce\/#breadcrumb"},"inLanguage":"pl-PL","potentialAction":[{"@type":"ReadAction","target":["https:\/\/elfsight.com\/pl\/business-hours-widget\/woocommerce\/"]}]},{"@type":"BreadcrumbList","@id":"https:\/\/elfsight.com\/pl\/business-hours-widget\/woocommerce\/#breadcrumb","itemListElement":[{"@type":"ListItem","position":1,"name":"Home","item":"https:\/\/elfsight.com\/pl\/"},{"@type":"ListItem","position":2,"name":"Business Hours","item":"https:\/\/elfsight.com\/pl\/business-hours-widget\/"},{"@type":"ListItem","position":3,"name":"Business Hours &#8211; WooCommerce"}]},{"@type":"WebSite","@id":"https:\/\/elfsight.com\/pl\/#website","url":"https:\/\/elfsight.com\/pl\/","name":"Elfsight PL","description":"Just another Elfsight Sites site","potentialAction":[{"@type":"SearchAction","target":{"@type":"EntryPoint","urlTemplate":"https:\/\/elfsight.com\/pl\/?s={search_term_string}"},"query-input":{"@type":"PropertyValueSpecification","valueRequired":true,"valueName":"search_term_string"}}],"inLanguage":"pl-PL"}]}},"meta_box":{"industry":"","seo_heading":"","heading":"","description":"","cta_heading":"","cta_description":"","application":"3354","h1":"Wtyczka Godziny pracy WooCommerce","h1_caption":"Wy\u015bwietlaj godziny pracy w przejrzystym i atrakcyjnym formacie, aby bez wysi\u0142ku informowa\u0107 odwiedzaj\u0105cych o Twojej dost\u0119pno\u015bci w witrynie WooCommerce.","application_category":[],"applications_title":"","applications_request_title":"","applications_request_button_text":"","hero_text":"","hero_video":"","hero_video_schema_markup":"","selling_points_title":"","selling_points_caption":"","selling_points":[],"selling_points_cta_text":"","features_title":"","features":"","ed_cta_examples_text":"","ed_cta_examples_hidden":"","ed_cta_demo_text":"","ed_cta_demo_hidden":"","why_caption":"","why_editor_title":"","why_editor_text":"","why_team_title":"","why_team_text":"","why_service_title":"","why_service_text":"","template_catalog_visible":"0","template_catalog_title":"","template_catalog_text":"","template_catalog_categories_visible":"","demo_title":"Nie wahaj si\u0119 i ustalaj niestandardowe godziny pracy WooCommerce","demo_caption":"Spersonalizuj i zaimplementuj na swojej stronie korzystaj\u0105c z wersji demonstracyjnej.","default_faq_hidden":"","app_template_category":[],"platform":"335","template_public_id":"","codecanyon_url":"","codecanyon_item_id":"","codecanyon_price":"","pricing_caption":"","pricing_elfsight_apps_hide_column":"","pricing_elfsight_apps_url":"","pricing_codecanyon_price_caption":"","integration_category":[],"integration_request_title":"","integration_request_cta":"","integration_platform":"","integrations":[],"platform_category":[],"video_schema_markup":"","price":"od 0 USD \/ miesi\u0105c","trial":"","benefits":[{"text":"Bezp\u0142atna us\u0142uga monta\u017cu"},{"text":"Wyj\u0105tkowe wsparcie"},{"text":"14-dniowa gwarancja zwrotu pieni\u0119dzy"}],"button_url":"#demo","button_target_blank":"0","button_nofollow":"0","attributes":[{"name":"Instaluje"},{"name":"Czu\u0142y"},{"name":"Kompatybilne przegl\u0105darki"}],"tags":[],"tags_disable_links":"0","hide_more_platforms":"","video_object":"","demo_hide_cta":"0","demo_hide_cloud_options":"0","pricing_title":"","pricing":[{"pricing_icon":"platform","pricing_title":"Elfsight Apps","pricing_title_caption":"Wieloplatformowe rozwi\u0105zanie cyfrowe, kt\u00f3re pasuje do ka\u017cdej witryny internetowej","pricing_price":"od 0 USD \/ miesi\u0105c","pricing_price_caption":"zacznij od bezp\u0142atnego planu","pricing_benefits":[{"text":"Nielimitowane strony internetowe"},{"text":"Ca\u0142odobowe i terminowe wsparcie"},{"text":"Bezp\u0142atna pomoc w monta\u017cu"},{"text":"W pe\u0142ni konfigurowalny"}],"pricing_button_text":"Dodaj do witryny","pricing_button_url":"#demo"}],"related_apps_title":"","related_apps_hidden":"0","author":"","image":[],"title":"","job":"","social_networks":[]},"_links":{"self":[{"href":"https:\/\/elfsight.com\/pl\/wp-json\/wp\/v2\/pages\/4520","targetHints":{"allow":["GET"]}}],"collection":[{"href":"https:\/\/elfsight.com\/pl\/wp-json\/wp\/v2\/pages"}],"about":[{"href":"https:\/\/elfsight.com\/pl\/wp-json\/wp\/v2\/types\/page"}],"author":[{"embeddable":true,"href":"https:\/\/elfsight.com\/pl\/wp-json\/wp\/v2\/users\/9"}],"replies":[{"embeddable":true,"href":"https:\/\/elfsight.com\/pl\/wp-json\/wp\/v2\/comments?post=4520"}],"version-history":[{"count":2,"href":"https:\/\/elfsight.com\/pl\/wp-json\/wp\/v2\/pages\/4520\/revisions"}],"predecessor-version":[{"id":9777,"href":"https:\/\/elfsight.com\/pl\/wp-json\/wp\/v2\/pages\/4520\/revisions\/9777"}],"up":[{"embeddable":true,"href":"https:\/\/elfsight.com\/pl\/wp-json\/wp\/v2\/pages\/3385"}],"wp:attachment":[{"href":"https:\/\/elfsight.com\/pl\/wp-json\/wp\/v2\/media?parent=4520"}],"curies":[{"name":"wp","href":"https:\/\/api.w.org\/{rel}","templated":true}]}}