{"id":4519,"date":"2024-05-03T06:31:05","date_gmt":"2024-05-03T06:31:05","guid":{"rendered":"https:\/\/elfsight.com\/pl\/?page_id=4519"},"modified":"2025-01-24T13:19:35","modified_gmt":"2025-01-24T13:19:35","slug":"magento","status":"publish","type":"page","link":"https:\/\/elfsight.com\/pl\/business-hours-widget\/magento\/","title":{"rendered":"Business Hours &#8211; Magento"},"content":{"rendered":"<div class=\"application-platform-content-item-description application-platform-content-item\" id=\"description\" data-nav-section=\"description\"> <h2>Osad\u017a godziny pracy w Magento za pomoc\u0105 rozszerzenia Elfsight<\/h2> <p>Elfsight godziny pracy dla Magento to prosty widget niewymagaj\u0105cy kodu, kt\u00f3ry pomo\u017ce Ci skonstruowa\u0107 przyci\u0105gaj\u0105c\u0105 wzrok wizyt\u00f3wk\u0119 zawieraj\u0105c\u0105 najwa\u017cniejsze informacje o Twojej organizacji. Mo\u017cesz zawrze\u0107 informacj\u0119 o swojej aktualnej dost\u0119pno\u015bci oraz udost\u0119pni\u0107 kontakty swoim klientom. Wid\u017cet pozwala na tworzenie atrakcyjnych projekt\u00f3w, dzi\u0119ki kt\u00f3rym klienci b\u0119d\u0105 mogli \u0142atwo zapozna\u0107 si\u0119 ze wszystkimi potrzebnymi informacjami w skr\u00f3cie lub bardziej szczeg\u00f3\u0142owo. <\/p><p>Niezwyk\u0142y widget wyposa\u017cony jest w zestaw szablon\u00f3w, dzi\u0119ki kt\u00f3rym mo\u017cesz wybra\u0107 najbardziej odpowiedni\u0105 opcj\u0119 dla swojej witryny. Ka\u017cdy szablon przedstawia r\u00f3\u017cne ustawienia, kt\u00f3re pomog\u0105 Ci stworzy\u0107 niestandardowy widget z niezb\u0119dnymi opcjami, takimi jak rezerwacja i przyciski rezerwacji, kt\u00f3re zwi\u0119kszaj\u0105 sprzeda\u017c. Umieszczenie godzin pracy i kontakt\u00f3w Twojej firmy na Twojej stronie internetowej jest niezwykle proste, poniewa\u017c Elfsight oferuje \u0142atwe do zrozumienia samouczki i przewodniki. Ka\u017cdy u\u017cytkownik mo\u017ce bezp\u0142atnie utworzy\u0107 i doda\u0107 wid\u017cet Godziny pracy bez kodu<\/p> <p><b>Dodaj szczeg\u00f3\u0142y firmy do swojej witryny, aby zwi\u0119kszy\u0107 wska\u017aniki sprzeda\u017cy i lojalno\u015b\u0107 klient\u00f3w. Z \u0142atwo\u015bci\u0105 podawaj kluczowe informacje na temat swojej aktywno\u015bci zawodowej. <\/b><\/p> <p>Dzi\u0119ki temu widgetowi osadzonemu w Twojej witrynie Magento mo\u017cesz sprawi\u0107, \u017ce Twoi klienci b\u0119d\u0105 lepiej poinformowani o Twojej firmie i zwi\u0119kszy\u0107 sprzeda\u017c. Poznaj szereg najwa\u017cniejszych zalet swojej witryny internetowej po dodaniu do niej wid\u017cetu dzia\u0142aj\u0105cych ramek bez kodu. <\/p><ul><li><b>Pom\u00f3\u017c klientom by\u0107 zawsze na czas. <\/b> Zwi\u0119ksz sprzeda\u017c dzi\u0119ki ci\u0105g\u0142emu kontaktowi w odpowiednich godzinach pracy. Odwiedzaj\u0105cy Twoj\u0105 witryn\u0119 zobacz\u0105 godziny otwarcia i nabior\u0105 pewno\u015bci, \u017ce w razie potrzeby dokonaj\u0105 udanego zakupu. <\/li><li><b>Unikaj nieporozumie\u0144 na temat godzin pracy. <\/b> Pokazywanie klientom na stronie prostych okres\u00f3w pracy sprawi, \u017ce b\u0119d\u0105 bardziej lojalni wobec Twojej organizacji, poniewa\u017c b\u0119d\u0105 mogli zaplanowa\u0107 rezerwacj\u0119 lub wizyt\u0119 u Ciebie. <\/li><li><b>Wy\u015bwietlaj dane kontaktowe w wygodny spos\u00f3b. <\/b> Dodanie danych kontaktowych do wid\u017cetu godzin pracy bez kodu umo\u017cliwia szybsze przyspieszenie sprzeda\u017cy. Poka\u017c, \u017ce jeste\u015b gotowy odpowiedzie\u0107 na ich zapytania dotycz\u0105ce produkt\u00f3w i us\u0142ug Twojej firmy, co zako\u0144czy si\u0119 wi\u0119kszym zaufaniem i presti\u017cem. <\/li><\/ul><div class=\"faq\" data-component=\"FAQ\"><div class=\"faq-item\">\r\n\t\t\t\t\t<div class=\"faq-item-question\">\r\n\t\t\t\t\t\t<h3 class=\"faq-item-question-text\">Czy s\u0105 jakie\u015b inne wtyczki do Magento, kt\u00f3rych mog\u0119 u\u017cy\u0107 w mojej witrynie, aby zwi\u0119kszy\u0107 sprzeda\u017c?<\/h3>\r\n\r\n\t\t\t\t\t\t<div class=\"faq-item-question-icon\"><\/div>\r\n\t\t\t\t\t<\/div>\r\n\r\n\t\t\t\t\t<div class=\"faq-item-answer\">\r\n\t\t\t\t\t\t<div class=\"faq-item-answer-text\">Mo\u017cemy udost\u0119pni\u0107 Ci wiele wtyczek, dzi\u0119ki kt\u00f3rym mo\u017cesz osi\u0105gn\u0105\u0107 dowolny cel Twoja strona. Sprawd\u017a te wtyczki: <a href=\"https:\/\/elfsight.com\/google-reviews-widget\/magento\/\" target=\"_blank\" rel=\"noopener\">Recenzje Google<\/a>, <a href=\"\/\/elfsight.com\/whatsapp-chat-widget\/magento\/\" target=\"_blank\" rel=\"noopener\">Czat WhatsApp<\/a>, <a href=\"https:\/\/elfsight.com\/event -calendar-widget\/magento\/\" target=\"_blank\" rel=\"noopener\">Kalendarz wydarze\u0144<\/a>, <a href=\"https:\/\/elfsight.com\/countdown-timer-widget\/magento\/\" target=\"_blank\" rel=\"noopener\">Licznik czasu<\/a>, <a href=\"https:\/\/elfsight.com\/qr-code-widget\/magento\/\" target=\"_blank\" rel=\"noopener\">QR Kod<\/a>. <\/div>\r\n\t\t\t\t\t<\/div>\r\n\t\t\t\t<\/div><div class=\"faq-item\">\r\n\t\t\t\t\t<div class=\"faq-item-question\">\r\n\t\t\t\t\t\t<h3 class=\"faq-item-question-text\">Jak mog\u0119 osi\u0105gn\u0105\u0107 wyniki dzi\u0119ki Godzinom pracy w Magento?<\/h3>\r\n\r\n\t\t\t\t\t\t<div class=\"faq-item-question-icon\"><\/div>\r\n\t\t\t\t\t<\/div>\r\n\r\n\t\t\t\t\t<div class=\"faq-item-answer\">\r\n\t\t\t\t\t\t<div class=\"faq-item-answer-text\">Istnieje wiele scenariuszy zwi\u0119kszania wsp\u00f3\u0142czynnik\u00f3w konwersji i wynik\u00f3w sprzeda\u017cy poprzez dodanie wtyczki Godziny pracy. Dzi\u0119ki szablonom Elfsight dla tej niezwyk\u0142ej wtyczki do stron internetowych mo\u017cesz wybra\u0107 niestandardow\u0105 taktyk\u0119 biznesow\u0105. Mo\u017cesz albo wy\u015bwietli\u0107 rozszerzone informacje o godzinach pracy i sposobach rozmowy, albo po prostu osadzi\u0107 kompaktowe wyskakuj\u0105ce okienko stanu pracy. Mo\u017cesz tworzy\u0107 karty kontaktowe za pomoc\u0105 wtyczki godzin pracy i dodawa\u0107 je do preferowanych obszar\u00f3w witryny, aby przyku\u0107 uwag\u0119 i poinformowa\u0107 klient\u00f3w o swoim statusie, co zwi\u0119kszy sprzeda\u017c. <\/div>\r\n\t\t\t\t\t<\/div>\r\n\t\t\t\t<\/div><div class=\"faq-item\">\r\n\t\t\t\t\t<div class=\"faq-item-question\">\r\n\t\t\t\t\t\t<h3 class=\"faq-item-question-text\">Jak bezp\u0142atnie osadzi\u0107 godziny pracy w witrynach Magento?<\/h3>\r\n\r\n\t\t\t\t\t\t<div class=\"faq-item-question-icon\"><\/div>\r\n\t\t\t\t\t<\/div>\r\n\r\n\t\t\t\t\t<div class=\"faq-item-answer\">\r\n\t\t\t\t\t\t<div class=\"faq-item-answer-text\">Osadzanie wtyczki Godziny pracy w witrynie Magento ma na celu zaanga\u017cowanie klient\u00f3w w komunikacj\u0119 i zapewnienie sprzeda\u017cy. Tutaj mo\u017cesz zobaczy\u0107 kr\u00f3tkie tutoriale dotycz\u0105ce dodawania wtyczki godzin pracy do swojej witryny. <ol><li>Aby bezp\u0142atnie w\u0142\u0105czy\u0107 wtyczk\u0119 Elfsight Business Hours do Magento, przejd\u017a do witryny Elfsight i utw\u00f3rz konto. <\/li><li>Stw\u00f3rz bezp\u0142atn\u0105 wtyczk\u0119 Godziny pracy, dostosowuj\u0105c jej wygl\u0105d i ustawienia do stylu Twojej witryny Magento. <\/li><li>Po dostosowaniu godzin pracy skopiuj specjalny fragment kodu i wklej go na swojej stronie Magento, gdzie chcesz, aby wtyczka si\u0119 pojawia\u0142a. <\/li><\/ol>Umieszczaj\u0105c godziny pracy bez kodu w swojej witrynie Magento, z pewno\u015bci\u0105 zwi\u0119kszysz jej atrakcyjno\u015b\u0107 wizualn\u0105 i zwi\u0119kszysz trwa\u0142e zaanga\u017cowanie klient\u00f3w. Skorzystaj z bezp\u0142atnych godzin pracy Elfsight! <\/div>\r\n\t\t\t\t\t<\/div>\r\n\t\t\t\t<\/div><\/div><\/div> <div class=\"application-platform-content-item-features application-platform-content-item\" id=\"features\" data-nav-section=\"features\"> <h2>To tylko kilka cennych funkcji wid\u017cetu:<\/h2> <ul><li>Wy\u015bwietlaj swoj\u0105 aktualn\u0105 dost\u0119pno\u015b\u0107<\/li><li>\u0141atwa regulacja ram roboczych<\/li><li>Konfiguracja na specjalne okazje<\/li><li>Stan sytuacji w czasie rzeczywistym<\/li><li>St\u00f3\u0142 zintegrowany lub status kompaktowy<\/li><\/ul> <p><a href=\"#demo\">Sprawd\u017a wszystkie opcje dostosowywania we w pe\u0142ni funkcjonalnej wersji demonstracyjnej<\/a><\/p><\/div> <div class=\"application-platform-content-item-installation application-platform-content-item\" id=\"installation\" data-nav-section=\"installation\"> <h2>Jak mog\u0119 w\u0142\u0105czy\u0107 firm\u0119 Godzin sp\u0119dzonych na mojej stronie Magento?<\/h2> <p>Wystarczy spe\u0142ni\u0107 poni\u017csze wytyczne dotycz\u0105ce wtyczki z czasem dzia\u0142ania. <\/p> <ol><li><b>Uruchom nasz edytor i zacznij tworzy\u0107 w\u0142asn\u0105 wtyczk\u0119. <\/b><br> Znajd\u017a preferowany wygl\u0105d i funkcjonalno\u015b\u0107 wtyczki i zastosuj poprawki. <\/li> <li><b>Odbierz sw\u00f3j indywidualny kod do umieszczenia na stronie, kt\u00f3ry pojawi si\u0119 w oknie aplikacji Elfsight. <\/b><br> Po zako\u0144czeniu ustalania osobistego rozwi\u0105zania dotycz\u0105cego godzin aktywno\u015bci bez kodu skopiuj osobisty kod z wy\u015bwietlonego pola i zachowaj go na p\u00f3\u017aniej. <\/li> <li><b>Rozpocznij korzystanie z rozszerzenia w swojej witrynie Magento. <\/b><br> Wstaw skopiowany ostatnio kod na swoj\u0105 stron\u0119 i zastosuj modyfikacje. <\/li> <li><b>Gotowe! Integracja Twojego kodu bez kodu z godzinami pracy witryny zosta\u0142a w pe\u0142ni zrealizowana. <\/b><br> Odwied\u017a swoj\u0105 witryn\u0119, aby sprawdzi\u0107 skuteczno\u015b\u0107 wyd\u0142u\u017cenia godzin pracy. <\/li><\/ol> <p>Je\u015bli masz pytania lub wyst\u0119puj\u0105 pewne komplikacje, mo\u017cesz zg\u0142osi\u0107 si\u0119 do naszego zespo\u0142u obs\u0142ugi klienta. Nasi ludzie ch\u0119tnie rozwi\u0105\u017c\u0105 wszystkie problemy, jakie mo\u017cesz mie\u0107 z rozszerzeniem dla Magento. <\/p><\/div>","protected":false},"excerpt":{"rendered":"","protected":false},"author":9,"featured_media":0,"parent":3385,"menu_order":0,"comment_status":"closed","ping_status":"closed","template":"templates\/template-application-platform.php","meta":{"publish_to_discourse":"","publish_post_category":"","wpdc_auto_publish_overridden":"","wpdc_topic_tags":"","wpdc_pin_topic":"","wpdc_pin_until":"","discourse_post_id":"","discourse_permalink":"","wpdc_publishing_response":"","wpdc_publishing_error":"","footnotes":""},"class_list":["post-4519","page","type-page","status-publish","hentry"],"yoast_head":"<!-- This site is optimized with the Yoast SEO plugin v25.3.1 - https:\/\/yoast.com\/wordpress\/plugins\/seo\/ -->\n<title>Dodaj godziny pracy do Magento - Umie\u015b\u0107 bezp\u0142atne rozszerzenie dla witryn<\/title>\n<meta name=\"description\" content=\"Dodaj konfigurowalny wid\u017cet godzin pracy do Magento, aby zaprezentowa\u0107 status swojej firmy. Zbuduj sw\u00f3j osobisty widget godzin pracy w wersji demonstracyjnej.\" \/>\n<meta name=\"robots\" content=\"index, follow, max-snippet:-1, max-image-preview:large, max-video-preview:-1\" \/>\n<link rel=\"canonical\" href=\"https:\/\/elfsight.com\/pl\/business-hours-widget\/magento\/\" \/>\n<meta property=\"og:locale\" content=\"pl_PL\" \/>\n<meta property=\"og:type\" content=\"article\" \/>\n<meta property=\"og:title\" content=\"Dodaj godziny pracy do Magento - Umie\u015b\u0107 bezp\u0142atne rozszerzenie dla witryn\" \/>\n<meta property=\"og:description\" content=\"Dodaj konfigurowalny wid\u017cet godzin pracy do Magento, aby zaprezentowa\u0107 status swojej firmy. Zbuduj sw\u00f3j osobisty widget godzin pracy w wersji demonstracyjnej.\" \/>\n<meta property=\"og:url\" content=\"https:\/\/elfsight.com\/pl\/business-hours-widget\/magento\/\" \/>\n<meta property=\"og:site_name\" content=\"Elfsight PL\" \/>\n<meta property=\"article:modified_time\" content=\"2025-01-24T13:19:35+00:00\" \/>\n<meta name=\"twitter:card\" content=\"summary_large_image\" \/>\n<meta name=\"twitter:label1\" content=\"Szacowany czas czytania\" \/>\n\t<meta name=\"twitter:data1\" content=\"5 minut\" \/>\n<!-- \/ Yoast SEO plugin. -->","yoast_head_json":{"title":"Dodaj godziny pracy do Magento - Umie\u015b\u0107 bezp\u0142atne rozszerzenie dla witryn","description":"Dodaj konfigurowalny wid\u017cet godzin pracy do Magento, aby zaprezentowa\u0107 status swojej firmy. Zbuduj sw\u00f3j osobisty widget godzin pracy w wersji demonstracyjnej.","robots":{"index":"index","follow":"follow","max-snippet":"max-snippet:-1","max-image-preview":"max-image-preview:large","max-video-preview":"max-video-preview:-1"},"canonical":"https:\/\/elfsight.com\/pl\/business-hours-widget\/magento\/","og_locale":"pl_PL","og_type":"article","og_title":"Dodaj godziny pracy do Magento - Umie\u015b\u0107 bezp\u0142atne rozszerzenie dla witryn","og_description":"Dodaj konfigurowalny wid\u017cet godzin pracy do Magento, aby zaprezentowa\u0107 status swojej firmy. Zbuduj sw\u00f3j osobisty widget godzin pracy w wersji demonstracyjnej.","og_url":"https:\/\/elfsight.com\/pl\/business-hours-widget\/magento\/","og_site_name":"Elfsight PL","article_modified_time":"2025-01-24T13:19:35+00:00","twitter_card":"summary_large_image","twitter_misc":{"Szacowany czas czytania":"5 minut"},"schema":{"@context":"https:\/\/schema.org","@graph":[{"@type":"WebPage","@id":"https:\/\/elfsight.com\/pl\/business-hours-widget\/magento\/","url":"https:\/\/elfsight.com\/pl\/business-hours-widget\/magento\/","name":"Dodaj godziny pracy do Magento - Umie\u015b\u0107 bezp\u0142atne rozszerzenie dla witryn","isPartOf":{"@id":"https:\/\/elfsight.com\/pl\/#website"},"datePublished":"2024-05-03T06:31:05+00:00","dateModified":"2025-01-24T13:19:35+00:00","description":"Dodaj konfigurowalny wid\u017cet godzin pracy do Magento, aby zaprezentowa\u0107 status swojej firmy. Zbuduj sw\u00f3j osobisty widget godzin pracy w wersji demonstracyjnej.","breadcrumb":{"@id":"https:\/\/elfsight.com\/pl\/business-hours-widget\/magento\/#breadcrumb"},"inLanguage":"pl-PL","potentialAction":[{"@type":"ReadAction","target":["https:\/\/elfsight.com\/pl\/business-hours-widget\/magento\/"]}]},{"@type":"BreadcrumbList","@id":"https:\/\/elfsight.com\/pl\/business-hours-widget\/magento\/#breadcrumb","itemListElement":[{"@type":"ListItem","position":1,"name":"Home","item":"https:\/\/elfsight.com\/pl\/"},{"@type":"ListItem","position":2,"name":"Business Hours","item":"https:\/\/elfsight.com\/pl\/business-hours-widget\/"},{"@type":"ListItem","position":3,"name":"Business Hours &#8211; Magento"}]},{"@type":"WebSite","@id":"https:\/\/elfsight.com\/pl\/#website","url":"https:\/\/elfsight.com\/pl\/","name":"Elfsight PL","description":"Just another Elfsight Sites site","potentialAction":[{"@type":"SearchAction","target":{"@type":"EntryPoint","urlTemplate":"https:\/\/elfsight.com\/pl\/?s={search_term_string}"},"query-input":{"@type":"PropertyValueSpecification","valueRequired":true,"valueName":"search_term_string"}}],"inLanguage":"pl-PL"}]}},"meta_box":{"industry":"","seo_heading":"","heading":"","description":"","cta_heading":"","cta_description":"","application":"3354","h1":"Rozszerzenie godzin pracy Magento","h1_caption":"Wy\u015bwietlaj godziny otwarcia w przejrzystym i atrakcyjnym formacie, aby bez wysi\u0142ku informowa\u0107 odwiedzaj\u0105cych o Twojej dost\u0119pno\u015bci na Twojej stronie Magento.","application_category":[],"applications_title":"","applications_request_title":"","applications_request_button_text":"","hero_text":"","hero_video":"","hero_video_schema_markup":"","selling_points_title":"","selling_points_caption":"","selling_points":[],"selling_points_cta_text":"","features_title":"","features":"","ed_cta_examples_text":"","ed_cta_examples_hidden":"","ed_cta_demo_text":"","ed_cta_demo_hidden":"","why_caption":"","why_editor_title":"","why_editor_text":"","why_team_title":"","why_team_text":"","why_service_title":"","why_service_text":"","template_catalog_visible":"0","template_catalog_title":"","template_catalog_text":"","template_catalog_categories_visible":"","demo_title":"Pospiesz si\u0119, aby zaprojektowa\u0107 spersonalizowane godziny pracy Magento","demo_caption":"Dostosuj je i wstaw narz\u0119dzie na swoj\u0105 stron\u0119 internetow\u0105 za pomoc\u0105 wersji demonstracyjnej.","default_faq_hidden":"","app_template_category":[],"platform":"92","template_public_id":"","codecanyon_url":"","codecanyon_item_id":"","codecanyon_price":"","pricing_caption":"","pricing_elfsight_apps_hide_column":"","pricing_elfsight_apps_url":"","pricing_codecanyon_price_caption":"","integration_category":[],"integration_request_title":"","integration_request_cta":"","integration_platform":"","integrations":[],"platform_category":[],"video_schema_markup":"","price":"od 0 USD \/ miesi\u0105c","trial":"","benefits":[{"text":"Bezp\u0142atna us\u0142uga monta\u017cu"},{"text":"Do\u015bwiadczona obs\u0142uga klienta"},{"text":"14-dniowa gwarancja zwrotu pieni\u0119dzy"}],"button_url":"#demo","button_target_blank":"0","button_nofollow":"0","attributes":[{"name":"Instaluje"},{"name":"Czu\u0142y"},{"name":"Kompatybilne przegl\u0105darki"}],"tags":[],"tags_disable_links":"0","hide_more_platforms":"","video_object":"","demo_hide_cta":"0","demo_hide_cloud_options":"0","pricing_title":"","pricing":[{"pricing_icon":"platform","pricing_title":"Elfsight Apps","pricing_title_caption":"Oprogramowanie wieloplatformowe, kt\u00f3re pasuje do ka\u017cdej witryny internetowej","pricing_price":"od 0 USD \/ miesi\u0105c","pricing_price_caption":"zacznij od bezp\u0142atnego planu","pricing_benefits":[{"text":"Nielimitowane strony internetowe"},{"text":"Profesjonalne wsparcie"},{"text":"Bezp\u0142atne wsparcie instalacyjne"},{"text":"100% konfigurowalny"}],"pricing_button_text":"Dodaj do witryny","pricing_button_url":"#demo"}],"related_apps_title":"","related_apps_hidden":"0","author":"","image":[],"title":"","job":"","social_networks":[]},"_links":{"self":[{"href":"https:\/\/elfsight.com\/pl\/wp-json\/wp\/v2\/pages\/4519","targetHints":{"allow":["GET"]}}],"collection":[{"href":"https:\/\/elfsight.com\/pl\/wp-json\/wp\/v2\/pages"}],"about":[{"href":"https:\/\/elfsight.com\/pl\/wp-json\/wp\/v2\/types\/page"}],"author":[{"embeddable":true,"href":"https:\/\/elfsight.com\/pl\/wp-json\/wp\/v2\/users\/9"}],"replies":[{"embeddable":true,"href":"https:\/\/elfsight.com\/pl\/wp-json\/wp\/v2\/comments?post=4519"}],"version-history":[{"count":2,"href":"https:\/\/elfsight.com\/pl\/wp-json\/wp\/v2\/pages\/4519\/revisions"}],"predecessor-version":[{"id":9788,"href":"https:\/\/elfsight.com\/pl\/wp-json\/wp\/v2\/pages\/4519\/revisions\/9788"}],"up":[{"embeddable":true,"href":"https:\/\/elfsight.com\/pl\/wp-json\/wp\/v2\/pages\/3385"}],"wp:attachment":[{"href":"https:\/\/elfsight.com\/pl\/wp-json\/wp\/v2\/media?parent=4519"}],"curies":[{"name":"wp","href":"https:\/\/api.w.org\/{rel}","templated":true}]}}