{"id":4517,"date":"2024-05-03T06:31:03","date_gmt":"2024-05-03T06:31:03","guid":{"rendered":"https:\/\/elfsight.com\/pl\/?page_id=4517"},"modified":"2024-10-24T13:15:57","modified_gmt":"2024-10-24T13:15:57","slug":"drupal","status":"publish","type":"page","link":"https:\/\/elfsight.com\/pl\/business-hours-widget\/drupal\/","title":{"rendered":"Business Hours &#8211; Drupal"},"content":{"rendered":"<div class=\"application-platform-content-item-description application-platform-content-item\" id=\"description\" data-nav-section=\"description\"> <h2>Osad\u017a Godziny pracy w Drupalu za pomoc\u0105 modu\u0142u Elfsight<\/h2> <p>Elfsight Godziny pracy dla Drupala to prosty widget niewymagaj\u0105cy kodu, pozwalaj\u0105cy zaprojektowa\u0107 \u0142adn\u0105 wizyt\u00f3wk\u0119 zawieraj\u0105c\u0105 najwa\u017cniejsze momenty dotycz\u0105ce Twojej pracy. Mo\u017cesz udost\u0119pnia\u0107 informacje o swoim aktualnym stanie dost\u0119pno\u015bci oraz udost\u0119pnia\u0107 kontakty swoim klientom. Widget pozwala wymy\u015bli\u0107 atrakcyjne projekty, dzi\u0119ki kt\u00f3rym odwiedzaj\u0105cy z \u0142atwo\u015bci\u0105 znajd\u0105 wszystkie potrzebne informacje w skr\u00f3cie lub bardziej szczeg\u00f3\u0142owo. <\/p><p>Wspania\u0142y widget oferuje wiele szablon\u00f3w, dzi\u0119ki czemu mo\u017cesz wybra\u0107 opcj\u0119 najbardziej odpowiedni\u0105 dla swojej witryny. Ka\u017cdy szablon zawiera regulowane ustawienia, kt\u00f3re pomog\u0105 Ci stworzy\u0107 osobisty widget z wymaganymi opcjami, takimi jak przyciski sk\u0142adania zam\u00f3wie\u0144 i rejestracji, kt\u00f3re zwi\u0119kszaj\u0105 sprzeda\u017c. Dodanie godzin pracy i danych kontaktowych Twojej firmy do Twojej witryny internetowej jest \u0142atwe dzi\u0119ki Elfsight dzi\u0119ki przejrzystym samouczkom. Ka\u017cdy u\u017cytkownik mo\u017ce bezp\u0142atnie utworzy\u0107 i osadzi\u0107 wid\u017cet godzin pracy bez kodu<\/p> <p><b>Wykorzystaj dane firmy w swojej witrynie, aby zwi\u0119kszy\u0107 sprzeda\u017c i zadowolenie klient\u00f3w. Z \u0142atwo\u015bci\u0105 udost\u0119pniaj wa\u017cne informacje na temat swojego statusu zawodowego. <\/b><\/p> <p>Dzi\u0119ki temu wid\u017cetowi wbudowanemu w Twoj\u0105 witryn\u0119 Drupal mo\u017cesz sprawi\u0107, \u017ce Twoi klienci b\u0119d\u0105 lepiej poinformowani o harmonogramie Twojej dzia\u0142alno\u015bci i uzyska\u0107 wi\u0119ksz\u0105 sprzeda\u017c. Dowiedz si\u0119 o kluczowych korzy\u015bciach dla Twojej witryny internetowej, dodaj\u0105c do niej wid\u017cet dzia\u0142aj\u0105cy bez kodu. <\/p><ul><li><b>Pozw\u00f3l swoim klientom by\u0107 zawsze na czas. <\/b> Zwi\u0119kszaj sprzeda\u017c, b\u0119d\u0105c w sta\u0142ym kontakcie w okre\u015blonych godzinach pracy. Odwiedzaj\u0105cy Twoj\u0105 witryn\u0119 zobacz\u0105 godziny otwarcia i b\u0119d\u0105 bardziej zdecydowani na dokonanie udanego zakupu, kiedy zajdzie taka potrzeba. <\/li><li><b>Unikaj nieporozumie\u0144 zwi\u0105zanych z godzinami pracy. <\/b> Pokazywanie klientom na stronie przyzwoitych czas\u00f3w pracy sprawi, \u017ce b\u0119d\u0105 bardziej lojalni wobec Twojej organizacji, poniewa\u017c b\u0119d\u0105 mogli zaplanowa\u0107 rezerwacj\u0119 lub wizyt\u0119 u Ciebie. <\/li><li><b>Wy\u015bwietlaj informacje kontaktowe w widoczny spos\u00f3b. <\/b> Dodanie informacji kontaktowych do wid\u017cetu godzin pracy bez kodu umo\u017cliwia popraw\u0119 sprzeda\u017cy. Poka\u017c, \u017ce jeste\u015b tutaj, aby odpowiada\u0107 na ich zapytania dotycz\u0105ce produkt\u00f3w i us\u0142ug Twojej firmy, co zako\u0144czy si\u0119 wi\u0119kszym zaufaniem i aprobat\u0105. <\/li><\/ul><div class=\"faq\" data-component=\"FAQ\"><div class=\"faq-item\">\r\n\t\t\t\t\t<div class=\"faq-item-question\">\r\n\t\t\t\t\t\t<h3 class=\"faq-item-question-text\">Czy s\u0105 jakie\u015b inne wtyczki do Drupala, kt\u00f3re mog\u0119 doda\u0107 do mojej witryny, aby zwi\u0119kszy\u0107 sprzeda\u017c?<\/h3>\r\n\r\n\t\t\t\t\t\t<div class=\"faq-item-question-icon\"><\/div>\r\n\t\t\t\t\t<\/div>\r\n\r\n\t\t\t\t\t<div class=\"faq-item-answer\">\r\n\t\t\t\t\t\t<div class=\"faq-item-answer-text\">Mo\u017cemy udost\u0119pni\u0107 Ci wiele wtyczek, aby\u015b m\u00f3g\u0142 osi\u0105gn\u0105\u0107 dowolny rodzaj cel na Twojej stronie. Na przyk\u0142ad: <a href=\"https:\/\/elfsight.com\/google-reviews-widget\/drupal\/\" target=\"_blank\" rel=\"noopener\">Recenzje Google<\/a>, <a href=\"https:\/\/elfsight.com\/whatsapp-chat-widget\/drupal\/\" target=\"_blank\" rel=\"noopener\">Czat WhatsApp<\/a>, <a href=\"https:\/\/elfsight.com\/event-calendar- widget\/drupal\/\" target=\"_blank\" rel=\"noopener\">Kalendarz wydarze\u0144<\/a>, <a href=\"https:\/\/elfsight.com\/countdown-timer-widget\/drupal\/\" target=\"_blank\" rel=\"noopener\">Licznik czasu<\/a>, <a href=\"https:\/\/elfsight.com\/qr-code-widget\/drupal\/\" target=\"_blank\" rel=\"noopener\">Kod QR<\/a>. <\/div>\r\n\t\t\t\t\t<\/div>\r\n\t\t\t\t<\/div><div class=\"faq-item\">\r\n\t\t\t\t\t<div class=\"faq-item-question\">\r\n\t\t\t\t\t\t<h3 class=\"faq-item-question-text\">Jak mog\u0119 osi\u0105gn\u0105\u0107 wyniki dzi\u0119ki Godzinom pracy na stronie Drupal?<\/h3>\r\n\r\n\t\t\t\t\t\t<div class=\"faq-item-question-icon\"><\/div>\r\n\t\t\t\t\t<\/div>\r\n\r\n\t\t\t\t\t<div class=\"faq-item-answer\">\r\n\t\t\t\t\t\t<div class=\"faq-item-answer-text\">Istnieje wiele sposob\u00f3w na zwi\u0119kszenie wska\u017anik\u00f3w sukcesu i wynik\u00f3w sprzeda\u017cy poprzez dodanie wtyczki Godziny pracy. Dzi\u0119ki szablonom Elfsight dla tej niezwyk\u0142ej wtyczki do stron internetowych mo\u017cna wybra\u0107 indywidualne rozwi\u0105zanie biznesowe. Mo\u017cesz wy\u015bwietli\u0107 rozszerzone informacje o godzinach pracy lub po prostu osadzi\u0107 ma\u0142e wyskakuj\u0105ce okienko stanu aktywno\u015bci. Za pomoc\u0105 wtyczki Godziny Pracy mo\u017cesz tworzy\u0107 karty kontaktowe i dodawa\u0107 je do serwisu informuj\u0105cego klient\u00f3w o Twojej aktywno\u015bci. <\/div>\r\n\t\t\t\t\t<\/div>\r\n\t\t\t\t<\/div><div class=\"faq-item\">\r\n\t\t\t\t\t<div class=\"faq-item-question\">\r\n\t\t\t\t\t\t<h3 class=\"faq-item-question-text\">Jak bezp\u0142atnie osadzi\u0107 wtyczk\u0119 Godziny pracy w witrynach Drupala?<\/h3>\r\n\r\n\t\t\t\t\t\t<div class=\"faq-item-question-icon\"><\/div>\r\n\t\t\t\t\t<\/div>\r\n\r\n\t\t\t\t\t<div class=\"faq-item-answer\">\r\n\t\t\t\t\t\t<div class=\"faq-item-answer-text\">Osadzanie wtyczki Godziny pracy w witrynie Drupal to prosty spos\u00f3b na przyci\u0105gni\u0119cie nowych klient\u00f3w i poinformowanie ich o Twojej dost\u0119pno\u015bci w celu zapewnienia sprzeda\u017cy lub oferowa\u0107 us\u0142ugi. Oto kr\u00f3tkie tutoriale dotycz\u0105ce dodawania bezp\u0142atnej wtyczki godzin pracy do Twojej witryny. <ol><li>Je\u015bli chcesz w\u0142\u0105czy\u0107 godziny pracy Elfsight bez kodu do Drupala, przejd\u017a do strony internetowej Elfsight i zarejestruj si\u0119. <\/li><li>Dostosuj wtyczk\u0119 Godziny pracy, dostosowuj\u0105c jej wygl\u0105d i ustawienia do projektu Twojej witryny Drupal. <\/li><li>Po dostosowaniu godzin pracy skopiuj specjalny kod i wklej go na swojej stronie Drupal, gdzie chcesz umie\u015bci\u0107 wtyczk\u0119. <\/li><\/ol>Umieszczaj\u0105c godziny pracy na swojej stronie Drupal, z pewno\u015bci\u0105 poprawisz jej wygl\u0105d i zainspirujesz do stabilnego zaanga\u017cowania klient\u00f3w. Skorzystaj z bezp\u0142atnych godzin pracy Elfsight! <\/div>\r\n\t\t\t\t\t<\/div>\r\n\t\t\t\t<\/div><\/div><\/div> <div class=\"application-platform-content-item-features application-platform-content-item\" id=\"features\" data-nav-section=\"features\"> <h2>Najwa\u017cniejsza oferta funkcji widget\u00f3w<\/h2> <ul><li>Poka\u017c aktualny status swojej firmy<\/li><li>Przejrzysta regulacja okresu pracy<\/li><li>Konfiguracja dni \u015bwi\u0105tecznych<\/li><li>Wska\u017anik aktywno\u015bci w czasie rzeczywistym<\/li><li>Wstawiana siatka lub status oszcz\u0119dzaj\u0105cy miejsce<\/li><\/ul><p><a href=\"#demo\">Sprawd\u017a wszystkie opcje dostosowywania w pe\u0142nej wersji demonstracyjnej<\/a><\/p><\/div> <div class=\"application-platform-content-item-installation application-platform-content-item\" id=\"installation\" data-nav-section=\"installation\"> <h2>Jak uwzgl\u0119dni\u0107 godziny pracy do mojej witryny Drupal?<\/h2> <p>Po prostu post\u0119puj zgodnie z poni\u017cszymi wskaz\u00f3wkami dotycz\u0105cymi wtyczki ze zmianami operacyjnymi. <\/p> <ol><li><b>Zastosuj naszego edytora i zacznij tworzy\u0107 niestandardow\u0105 wtyczk\u0119. <\/b><br> Znajd\u017a wybrany interfejs i aspekty wtyczki i zastosuj poprawki. <\/li> <li><b>Odbierz sw\u00f3j unikalny kod do umieszczenia na stronie, kt\u00f3ry pojawi si\u0119 w specjalnym formularzu w aplikacjach Elfsight. <\/b><br> Zaraz po utworzeniu osobistego rozwi\u0105zania dotycz\u0105cego godzin aktywno\u015bci bez kodu skopiuj osobisty kod z wy\u015bwietlonego wyskakuj\u0105cego okienka i zapisz go do wykorzystania w przysz\u0142o\u015bci na stronie internetowej. <\/li> <li><b>Zacznij u\u017cywa\u0107 wtyczki na swojej stronie Drupal. <\/b><br> Umie\u015b\u0107 skopiowany wcze\u015bniej kod na swojej stronie i zastosuj zmiany. <\/li> <li><b>Konfiguracja godzin pracy bez kodu zosta\u0142a w pe\u0142ni wykonana. <\/b><br> Odwied\u017a swoj\u0105 witryn\u0119 internetow\u0105, aby sprawdzi\u0107 skuteczno\u015b\u0107 dodanych godzin pracy. <\/li><\/ol> <p>W przypadku jakichkolwiek trudno\u015bci prosimy o kontakt z naszym dzia\u0142em obs\u0142ugi klienta. Nasi specjali\u015bci ch\u0119tnie odpowiedz\u0105 na wszystkie pytania, jakie mo\u017cesz mie\u0107 w zwi\u0105zku z aplikacj\u0105 dla Drupala. <\/p><\/div>","protected":false},"excerpt":{"rendered":"","protected":false},"author":9,"featured_media":0,"parent":3385,"menu_order":0,"comment_status":"closed","ping_status":"closed","template":"templates\/template-application-platform.php","meta":{"publish_to_discourse":"","publish_post_category":"","wpdc_auto_publish_overridden":"","wpdc_topic_tags":"","wpdc_pin_topic":"","wpdc_pin_until":"","discourse_post_id":"","discourse_permalink":"","wpdc_publishing_response":"","wpdc_publishing_error":"","footnotes":""},"class_list":["post-4517","page","type-page","status-publish","hentry"],"yoast_head":"<!-- This site is optimized with the Yoast SEO plugin v25.3.1 - https:\/\/yoast.com\/wordpress\/plugins\/seo\/ -->\n<title>Dodaj godziny pracy do Drupala - Osad\u017a godziny pracy na stronach internetowych<\/title>\n<meta name=\"description\" content=\"Umie\u015b\u0107 konfigurowalny wid\u017cet godzin pracy na Drupalu, aby zaprezentowa\u0107 status swojej firmy. Stw\u00f3rz w\u0142asny widget godzin pracy za pomoc\u0105 wersji demonstracyjnej.\" \/>\n<meta name=\"robots\" content=\"index, follow, max-snippet:-1, max-image-preview:large, max-video-preview:-1\" \/>\n<link rel=\"canonical\" href=\"https:\/\/elfsight.com\/pl\/business-hours-widget\/drupal\/\" \/>\n<meta property=\"og:locale\" content=\"pl_PL\" \/>\n<meta property=\"og:type\" content=\"article\" \/>\n<meta property=\"og:title\" content=\"Dodaj godziny pracy do Drupala - Osad\u017a godziny pracy na stronach internetowych\" \/>\n<meta property=\"og:description\" content=\"Umie\u015b\u0107 konfigurowalny wid\u017cet godzin pracy na Drupalu, aby zaprezentowa\u0107 status swojej firmy. Stw\u00f3rz w\u0142asny widget godzin pracy za pomoc\u0105 wersji demonstracyjnej.\" \/>\n<meta property=\"og:url\" content=\"https:\/\/elfsight.com\/pl\/business-hours-widget\/drupal\/\" \/>\n<meta property=\"og:site_name\" content=\"Elfsight PL\" \/>\n<meta property=\"article:modified_time\" content=\"2024-10-24T13:15:57+00:00\" \/>\n<meta name=\"twitter:card\" content=\"summary_large_image\" \/>\n<meta name=\"twitter:label1\" content=\"Szacowany czas czytania\" \/>\n\t<meta name=\"twitter:data1\" content=\"5 minut\" \/>\n<!-- \/ Yoast SEO plugin. -->","yoast_head_json":{"title":"Dodaj godziny pracy do Drupala - Osad\u017a godziny pracy na stronach internetowych","description":"Umie\u015b\u0107 konfigurowalny wid\u017cet godzin pracy na Drupalu, aby zaprezentowa\u0107 status swojej firmy. Stw\u00f3rz w\u0142asny widget godzin pracy za pomoc\u0105 wersji demonstracyjnej.","robots":{"index":"index","follow":"follow","max-snippet":"max-snippet:-1","max-image-preview":"max-image-preview:large","max-video-preview":"max-video-preview:-1"},"canonical":"https:\/\/elfsight.com\/pl\/business-hours-widget\/drupal\/","og_locale":"pl_PL","og_type":"article","og_title":"Dodaj godziny pracy do Drupala - Osad\u017a godziny pracy na stronach internetowych","og_description":"Umie\u015b\u0107 konfigurowalny wid\u017cet godzin pracy na Drupalu, aby zaprezentowa\u0107 status swojej firmy. Stw\u00f3rz w\u0142asny widget godzin pracy za pomoc\u0105 wersji demonstracyjnej.","og_url":"https:\/\/elfsight.com\/pl\/business-hours-widget\/drupal\/","og_site_name":"Elfsight PL","article_modified_time":"2024-10-24T13:15:57+00:00","twitter_card":"summary_large_image","twitter_misc":{"Szacowany czas czytania":"5 minut"},"schema":{"@context":"https:\/\/schema.org","@graph":[{"@type":"WebPage","@id":"https:\/\/elfsight.com\/pl\/business-hours-widget\/drupal\/","url":"https:\/\/elfsight.com\/pl\/business-hours-widget\/drupal\/","name":"Dodaj godziny pracy do Drupala - Osad\u017a godziny pracy na stronach internetowych","isPartOf":{"@id":"https:\/\/elfsight.com\/pl\/#website"},"datePublished":"2024-05-03T06:31:03+00:00","dateModified":"2024-10-24T13:15:57+00:00","description":"Umie\u015b\u0107 konfigurowalny wid\u017cet godzin pracy na Drupalu, aby zaprezentowa\u0107 status swojej firmy. Stw\u00f3rz w\u0142asny widget godzin pracy za pomoc\u0105 wersji demonstracyjnej.","breadcrumb":{"@id":"https:\/\/elfsight.com\/pl\/business-hours-widget\/drupal\/#breadcrumb"},"inLanguage":"pl-PL","potentialAction":[{"@type":"ReadAction","target":["https:\/\/elfsight.com\/pl\/business-hours-widget\/drupal\/"]}]},{"@type":"BreadcrumbList","@id":"https:\/\/elfsight.com\/pl\/business-hours-widget\/drupal\/#breadcrumb","itemListElement":[{"@type":"ListItem","position":1,"name":"Home","item":"https:\/\/elfsight.com\/pl\/"},{"@type":"ListItem","position":2,"name":"Business Hours","item":"https:\/\/elfsight.com\/pl\/business-hours-widget\/"},{"@type":"ListItem","position":3,"name":"Business Hours &#8211; Drupal"}]},{"@type":"WebSite","@id":"https:\/\/elfsight.com\/pl\/#website","url":"https:\/\/elfsight.com\/pl\/","name":"Elfsight PL","description":"Just another Elfsight Sites site","potentialAction":[{"@type":"SearchAction","target":{"@type":"EntryPoint","urlTemplate":"https:\/\/elfsight.com\/pl\/?s={search_term_string}"},"query-input":{"@type":"PropertyValueSpecification","valueRequired":true,"valueName":"search_term_string"}}],"inLanguage":"pl-PL"}]}},"meta_box":{"industry":"","seo_heading":"","heading":"","description":"","cta_heading":"","cta_description":"","application":"3354","h1":"Modu\u0142 Godziny Pracy Drupala","h1_caption":"Wy\u015bwietlaj godziny otwarcia w przejrzystym i atrakcyjnym formacie, aby bez wysi\u0142ku poinformowa\u0107 odwiedzaj\u0105cych o Twojej dost\u0119pno\u015bci na Twojej stronie Drupal.","application_category":[],"applications_title":"","applications_request_title":"","applications_request_button_text":"","hero_text":"","hero_video":"","hero_video_schema_markup":"","selling_points_title":"","selling_points_caption":"","selling_points":[],"selling_points_cta_text":"","features_title":"","features":"","ed_cta_examples_text":"","ed_cta_examples_hidden":"","ed_cta_demo_text":"","ed_cta_demo_hidden":"","why_caption":"","why_editor_title":"","why_editor_text":"","why_team_title":"","why_team_text":"","why_service_title":"","why_service_text":"","template_catalog_visible":"","template_catalog_title":"","template_catalog_text":"","template_catalog_categories_visible":"","demo_title":"Mo\u017cesz swobodnie tworzy\u0107 spersonalizowane godziny pracy Drupala","demo_caption":"Dostosuj go i zintegruj ze swoj\u0105 witryn\u0105, korzystaj\u0105c z wersji demonstracyjnej.","default_faq_hidden":"","app_template_category":[],"platform":"47","template_public_id":"","codecanyon_url":"","codecanyon_item_id":"","codecanyon_price":"","pricing_caption":"","pricing_elfsight_apps_hide_column":"","pricing_elfsight_apps_url":"","pricing_codecanyon_price_caption":"","integration_category":[],"integration_request_title":"","integration_request_cta":"","integration_platform":"","integrations":[],"platform_category":[],"video_schema_markup":"","price":"od 0 USD \/ miesi\u0105c","trial":"","benefits":[{"text":"Bezp\u0142atna us\u0142uga monta\u017cu"},{"text":"Profesjonalna obs\u0142uga klienta"},{"text":"14-dniowa gwarancja zwrotu pieni\u0119dzy"}],"button_url":"#demo","button_target_blank":"","button_nofollow":"","attributes":[{"name":"Instaluje"},{"name":"Czu\u0142y"},{"name":"Kompatybilne przegl\u0105darki"}],"tags":[],"tags_disable_links":"","hide_more_platforms":"","video_object":"","demo_hide_cta":"","demo_hide_cloud_options":"","pricing_title":"","pricing":[{"pricing_icon":"platform","pricing_title":"Elfsight Apps","pricing_title_caption":"Niezale\u017cne od platformy rozwi\u0105zanie, kt\u00f3re pasuje do ka\u017cdej witryny internetowej","pricing_price":"od 0 USD \/ miesi\u0105c","pricing_price_caption":"zacznij od bezp\u0142atnego planu","pricing_benefits":[{"text":"Nielimitowane strony internetowe"},{"text":"Szybka obs\u0142uga klienta"},{"text":"Bezp\u0142atna us\u0142uga monta\u017cu"},{"text":"W pe\u0142ni konfigurowalny"}],"pricing_button_text":"Dodaj do witryny","pricing_button_url":"#demo"}],"related_apps_title":"","related_apps_hidden":"","author":"","image":[],"title":"","job":"","social_networks":[]},"_links":{"self":[{"href":"https:\/\/elfsight.com\/pl\/wp-json\/wp\/v2\/pages\/4517","targetHints":{"allow":["GET"]}}],"collection":[{"href":"https:\/\/elfsight.com\/pl\/wp-json\/wp\/v2\/pages"}],"about":[{"href":"https:\/\/elfsight.com\/pl\/wp-json\/wp\/v2\/types\/page"}],"author":[{"embeddable":true,"href":"https:\/\/elfsight.com\/pl\/wp-json\/wp\/v2\/users\/9"}],"replies":[{"embeddable":true,"href":"https:\/\/elfsight.com\/pl\/wp-json\/wp\/v2\/comments?post=4517"}],"version-history":[{"count":1,"href":"https:\/\/elfsight.com\/pl\/wp-json\/wp\/v2\/pages\/4517\/revisions"}],"predecessor-version":[{"id":4521,"href":"https:\/\/elfsight.com\/pl\/wp-json\/wp\/v2\/pages\/4517\/revisions\/4521"}],"up":[{"embeddable":true,"href":"https:\/\/elfsight.com\/pl\/wp-json\/wp\/v2\/pages\/3385"}],"wp:attachment":[{"href":"https:\/\/elfsight.com\/pl\/wp-json\/wp\/v2\/media?parent=4517"}],"curies":[{"name":"wp","href":"https:\/\/api.w.org\/{rel}","templated":true}]}}