{"id":4511,"date":"2024-05-03T06:31:01","date_gmt":"2024-05-03T06:31:01","guid":{"rendered":"https:\/\/elfsight.com\/pl\/?page_id=4511"},"modified":"2024-10-24T13:15:32","modified_gmt":"2024-10-24T13:15:32","slug":"opencart","status":"publish","type":"page","link":"https:\/\/elfsight.com\/pl\/business-hours-widget\/opencart\/","title":{"rendered":"Business Hours &#8211; OpenCart"},"content":{"rendered":"<div class=\"application-platform-content-item-description application-platform-content-item\" id=\"description\" data-nav-section=\"description\"><h2>Osad\u017a godziny pracy w OpenCart za pomoc\u0105 rozszerzenia Elfsight<\/h2> <p>Elfsight godziny pracy dla OpenCart to prosty widget niewymagaj\u0105cy kodu, umo\u017cliwiaj\u0105cy mo\u017cesz zbudowa\u0107 \u0142adn\u0105 wizyt\u00f3wk\u0119 zawieraj\u0105c\u0105 najwa\u017cniejsze szczeg\u00f3\u0142y dotycz\u0105ce Twojej dzia\u0142alno\u015bci. Mo\u017cesz doda\u0107 informacje o swoim aktualnym statusie operacyjnym oraz udost\u0119pni\u0107 kontakty swoim odbiorcom. Wid\u017cet pozwala na zaprojektowanie atrakcyjnych projekt\u00f3w, dzi\u0119ki czemu klienci mog\u0105 szybko zapozna\u0107 si\u0119 ze wszystkimi niezb\u0119dnymi informacjami w skr\u00f3cie lub bardziej szczeg\u00f3\u0142owo. <\/p><p>Wid\u017cet zawiera zestaw szablon\u00f3w, dzi\u0119ki kt\u00f3rym mo\u017cesz wybra\u0107 najlepsz\u0105 opcj\u0119 dla swojej witryny. Ka\u017cdy szablon zawiera ustawienia umo\u017cliwiaj\u0105ce utworzenie wid\u017cetu z niezb\u0119dnymi opcjami, takimi jak przyciski CTA zwi\u0119kszaj\u0105ce sprzeda\u017c. W\u0142\u0105czenie godzin pracy i kontakt\u00f3w Twojej firmy do stron Twojej witryny jest bardzo proste, poniewa\u017c Elfsight oferuje tutoriale na wid\u017cecie. Ka\u017cdy w\u0142a\u015bciciel witryny mo\u017ce bezp\u0142atnie utworzy\u0107 i osadzi\u0107 wid\u017cet godzin pracy bez kodu<\/p> <p><b>Dodaj szczeg\u00f3\u0142y firmy do swojej witryny, aby zwi\u0119kszy\u0107 sprzeda\u017c i wiarygodno\u015b\u0107 klient\u00f3w. Wy\u015bwietlaj istotne informacje na temat swojej aktywno\u015bci zawodowej. <\/b><\/p> <p>Dzi\u0119ki temu widgetowi wbudowanemu w Twoj\u0105 witryn\u0119 OpenCart mo\u017cesz sprawi\u0107, \u017ce Twoi klienci b\u0119d\u0105 lepiej informowani o Twojej dzia\u0142alno\u015bci biznesowej i uzyskiwa\u0107 regularne sprzeda\u017ce. Przyjrzyj si\u0119 najwa\u017cniejszym korzy\u015bciom dla Twojej witryny internetowej po osadzeniu w niej wid\u017cetu dzia\u0142aj\u0105cych ramek bez kodu. <\/p><ul><li><b>Pom\u00f3\u017c klientom by\u0107 zawsze punktualnymi. <\/b> Zwi\u0119kszaj sprzeda\u017c, b\u0119d\u0105c w sta\u0142ym kontakcie w okre\u015blonych ramach roboczych. Odwiedzaj\u0105cy Twoj\u0105 witryn\u0119 zobacz\u0105 godziny otwarcia i nabior\u0105 pewno\u015bci, \u017ce dokonaj\u0105 udanego zakupu, gdy b\u0119d\u0105 gotowi. <\/li><li><b>Unikaj nieporozumie\u0144 co do godzin pracy. <\/b> Pokazanie klientom na stronie prostych okres\u00f3w pracy sprawi, \u017ce b\u0119d\u0105 bardziej oddani Twojej organizacji, poniewa\u017c b\u0119d\u0105 mogli zaplanowa\u0107 zam\u00f3wienie lub wizyt\u0119 u Ciebie. <\/li><li><b>Wy\u015bwietlaj dane kontaktowe w przejrzysty spos\u00f3b. <\/b> Dodanie informacji kontaktowych do wid\u017cetu godzin pracy bez kodu umo\u017cliwia lepsz\u0105 komunikacj\u0119 z klientami i popraw\u0119 sprzeda\u017cy. Poka\u017c, \u017ce jeste\u015b gotowy odpowiedzie\u0107 na ich pytania dotycz\u0105ce produkt\u00f3w i us\u0142ug Twojej firmy, co zako\u0144czy si\u0119 wi\u0119kszym zaufaniem i aprobat\u0105. <\/li><\/ul><div class=\"faq\" data-component=\"FAQ\"><div class=\"faq-item\">\r\n\t\t\t\t\t<div class=\"faq-item-question\">\r\n\t\t\t\t\t\t<h3 class=\"faq-item-question-text\">Czy s\u0105 jakie\u015b inne wtyczki do OpenCart, kt\u00f3re mog\u0119 umie\u015bci\u0107 w mojej witrynie?<\/h3>\r\n\r\n\t\t\t\t\t\t<div class=\"faq-item-question-icon\"><\/div>\r\n\t\t\t\t\t<\/div>\r\n\r\n\t\t\t\t\t<div class=\"faq-item-answer\">\r\n\t\t\t\t\t\t<div class=\"faq-item-answer-text\">Mo\u017cemy udost\u0119pni\u0107 Ci wiele wtyczek, dzi\u0119ki kt\u00f3rym mo\u017cesz osi\u0105gn\u0105\u0107 dowolny cel w swojej witrynie. Na przyk\u0142ad: <a href=\"https:\/\/elfsight.com\/google-reviews-widget\/opencart\/\" target=\"_blank\" rel=\"noopener\">Recenzje Google<\/a>, <a href=\"https:\/\/elfsight.com\/whatsapp-chat-widget\/opencart\/\" target=\"_blank\" rel=\"noopener\">Czat WhatsApp<\/a>, <a href=\"https:\/\/elfsight.com\/event-calendar- widget\/opencart\/\" target=\"_blank\" rel=\"noopener\">Kalendarz wydarze\u0144<\/a>, <a href=\"https:\/\/elfsight.com\/countdown-timer-widget\/opencart\/\" target=\"_blank\" rel=\"noopener\">Timer odliczaj\u0105cy<\/a>, <a href=\"https:\/\/elfsight.com\/qr-code-widget\/opencart\/\" target=\"_blank\" rel=\"noopener\">Kod QR<\/a>. <\/div>\r\n\t\t\t\t\t<\/div>\r\n\t\t\t\t<\/div><div class=\"faq-item\">\r\n\t\t\t\t\t<div class=\"faq-item-question\">\r\n\t\t\t\t\t\t<h3 class=\"faq-item-question-text\">Jak mog\u0119 osi\u0105gn\u0105\u0107 wyniki dzi\u0119ki Godzinom pracy w witrynie OpenCart?<\/h3>\r\n\r\n\t\t\t\t\t\t<div class=\"faq-item-question-icon\"><\/div>\r\n\t\t\t\t\t<\/div>\r\n\r\n\t\t\t\t\t<div class=\"faq-item-answer\">\r\n\t\t\t\t\t\t<div class=\"faq-item-answer-text\">Masz dost\u0119p do wielu scenariuszy poprawiaj\u0105cych wska\u017aniki sukcesu i wyniki sprzeda\u017cy, dodaj\u0105c wtyczk\u0119 Godziny pracy. Dzi\u0119ki szablonom Elfsight dla tej wspania\u0142ej wtyczki do stron internetowych mo\u017cna wybra\u0107 indywidualn\u0105 taktyk\u0119 biznesow\u0105. Mo\u017cesz albo zaprezentowa\u0107 rozszerzone informacje o godzinach pracy i sposobach kontaktu, albo po prostu osadzi\u0107 kompaktowe wyskakuj\u0105ce okienko stanu pracy. Za pomoc\u0105 naszej wtyczki Godziny pracy mo\u017cesz tworzy\u0107 karty kontaktowe i dodawa\u0107 je do wymaganych stron witryny, aby przyku\u0107 uwag\u0119 i poinformowa\u0107 klient\u00f3w o swojej aktywno\u015bci, co zainspiruje sprzeda\u017c. <\/div>\r\n\t\t\t\t\t<\/div>\r\n\t\t\t\t<\/div><div class=\"faq-item\">\r\n\t\t\t\t\t<div class=\"faq-item-question\">\r\n\t\t\t\t\t\t<h3 class=\"faq-item-question-text\">Jak bezp\u0142atnie w\u0142\u0105czy\u0107 godziny pracy bez kodu do witryn OpenCart?<\/h3>\r\n\r\n\t\t\t\t\t\t<div class=\"faq-item-question-icon\"><\/div>\r\n\t\t\t\t\t<\/div>\r\n\r\n\t\t\t\t\t<div class=\"faq-item-answer\">\r\n\t\t\t\t\t\t<div class=\"faq-item-answer-text\">Osadzanie wtyczki Godziny pracy w witrynie OpenCart to doskona\u0142y spos\u00f3b na rozpocz\u0119cie komunikacji z klientami i poinformowanie ich o obowi\u0105zuj\u0105cym czasie i status umo\u017cliwiaj\u0105cy sprzeda\u017c lub \u015bwiadczenie us\u0142ug. Oto kr\u00f3tkie tutoriale dotycz\u0105ce dodawania bezp\u0142atnej wtyczki godzin pracy do Twojej witryny. <ol><li>Aby bezp\u0142atnie w\u0142\u0105czy\u0107 wtyczk\u0119 Elfsight Business Hours do OpenCart, przejd\u017a do strony internetowej Elfsight i zarejestruj si\u0119. <\/li><li>Utw\u00f3rz bezp\u0142atn\u0105 wtyczk\u0119 Godziny pracy, dostosowuj\u0105c jej wygl\u0105d i ustawienia do projektu swojej witryny. <\/li><li>Po dostosowaniu godzin pracy skopiuj dostarczony fragment kodu i wklej go w swojej witrynie internetowej, w kt\u00f3rej ma si\u0119 pojawia\u0107 wtyczka. <\/li><\/ol>Dzi\u0119ki umieszczeniu godzin pracy w witrynie OpenCart, zapewnisz sobie sta\u0142\u0105 lojalno\u015b\u0107 odwiedzaj\u0105cych. Odkryj zalety wtyczki Elfsight Business Hours bezp\u0142atnie! <\/div>\r\n\t\t\t\t\t<\/div>\r\n\t\t\t\t<\/div><\/div><\/div> <div class=\"application-platform-content-item-features application-platform-content-item\" id=\"features\" data-nav-section=\"features\"> <h2>Przeanalizuj list\u0119 najwa\u017cniejszych funkcji:<\/h2> <ul><li>Zademonstruj dost\u0119pno\u015b\u0107 swojej organizacji w czasie rzeczywistym<\/li><li>Prosta konfiguracja harmonogramu<\/li><li>Konfiguracja uroczystych wydarze\u0144<\/li><li>Wskazywanie stanu w czasie rzeczywistym<\/li><li>Wykres do osadzania lub stan kompaktowy<\/li><\/ul><p><a href=\"#demo\">W wersji demonstracyjnej mo\u017cesz zobaczy\u0107, kt\u00f3ry widget warto wypr\u00f3bowa\u0107<\/a><\/p><\/div> <div class=\"application-platform-content-item-installation application-platform-content-item\" id=\"installation\" data-nav-section=\"installation\"> <h2>Jak to zrobi\u0107 Dodaj\u0119 godziny pracy do mojej witryny OpenCart?<\/h2> <p>Wystarczy wykona\u0107 kilka krok\u00f3w opisanych poni\u017cej, aby zintegrowa\u0107 wtyczk\u0119 ze swoimi zmianami operacyjnymi. <\/p> <ol><li><b>Skorzystaj z naszego konfiguratora i zacznij tworzy\u0107 swoj\u0105 spersonalizowan\u0105 wtyczk\u0119. <\/b><br> Okre\u015bl preferowany uk\u0142ad i specyfikacje wtyczki i zastosuj poprawki. <\/li> <li><b>Zdob\u0105d\u017a indywidualny kod udost\u0119pniony w specjalnym formularzu w aplikacjach Elfsight. <\/b><br> Zaraz po zako\u0144czeniu generowania aplikacji dotycz\u0105cej godzin aktywno\u015bci bez kodu skopiuj indywidualny kod z wy\u015bwietlonego pola i zachowaj go na przysz\u0142o\u015b\u0107. <\/li> <li><b>Zacznij u\u017cywa\u0107 wtyczki na swoich stronach OpenCart. <\/b><br> Umie\u015b\u0107 skopiowany wcze\u015bniej kod na swojej witrynie i zapisz poprawki. <\/li> <li><b>Gotowe! W\u0142\u0105czenie Twoich godzin pracy bez kodu zosta\u0142o ca\u0142kowicie zako\u0144czone. <\/b><br> Przejd\u017a do swojej witryny, aby zobaczy\u0107 w akcji dzia\u0142anie dodanej aplikacji godzin pracy. <\/li><\/ol> <p>Je\u015bli masz pytania lub napotkasz jakiekolwiek przeszkody, bez wahania skontaktuj si\u0119 z naszym personelem pomocniczym. Nasi ludzie z przyjemno\u015bci\u0105 pomog\u0105 Ci we wszystkich problemach, jakie mo\u017cesz mie\u0107 z produktem dla OpenCart. <\/p><\/div>","protected":false},"excerpt":{"rendered":"","protected":false},"author":9,"featured_media":0,"parent":3385,"menu_order":0,"comment_status":"closed","ping_status":"closed","template":"templates\/template-application-platform.php","meta":{"publish_to_discourse":"","publish_post_category":"","wpdc_auto_publish_overridden":"","wpdc_topic_tags":"","wpdc_pin_topic":"","wpdc_pin_until":"","discourse_post_id":"","discourse_permalink":"","wpdc_publishing_response":"","wpdc_publishing_error":"","footnotes":""},"class_list":["post-4511","page","type-page","status-publish","hentry"],"yoast_head":"<!-- This site is optimized with the Yoast SEO plugin v25.3.1 - https:\/\/yoast.com\/wordpress\/plugins\/seo\/ -->\n<title>Dodaj godziny pracy do OpenCart - Umie\u015b\u0107 bezp\u0142atny harmonogram bez kodu<\/title>\n<meta name=\"description\" content=\"Zintegruj konfigurowalny wid\u017cet godzin pracy z OpenCart, aby udost\u0119pnia\u0107 status swojej aktywno\u015bci. Stw\u00f3rz w\u0142asne godziny pracy w wersji demonstracyjnej.\" \/>\n<meta name=\"robots\" content=\"index, follow, max-snippet:-1, max-image-preview:large, max-video-preview:-1\" \/>\n<link rel=\"canonical\" href=\"https:\/\/elfsight.com\/pl\/business-hours-widget\/opencart\/\" \/>\n<meta property=\"og:locale\" content=\"pl_PL\" \/>\n<meta property=\"og:type\" content=\"article\" \/>\n<meta property=\"og:title\" content=\"Dodaj godziny pracy do OpenCart - Umie\u015b\u0107 bezp\u0142atny harmonogram bez kodu\" \/>\n<meta property=\"og:description\" content=\"Zintegruj konfigurowalny wid\u017cet godzin pracy z OpenCart, aby udost\u0119pnia\u0107 status swojej aktywno\u015bci. Stw\u00f3rz w\u0142asne godziny pracy w wersji demonstracyjnej.\" \/>\n<meta property=\"og:url\" content=\"https:\/\/elfsight.com\/pl\/business-hours-widget\/opencart\/\" \/>\n<meta property=\"og:site_name\" content=\"Elfsight PL\" \/>\n<meta property=\"article:modified_time\" content=\"2024-10-24T13:15:32+00:00\" \/>\n<meta name=\"twitter:card\" content=\"summary_large_image\" \/>\n<meta name=\"twitter:label1\" content=\"Szacowany czas czytania\" \/>\n\t<meta name=\"twitter:data1\" content=\"5 minut\" \/>\n<!-- \/ Yoast SEO plugin. -->","yoast_head_json":{"title":"Dodaj godziny pracy do OpenCart - Umie\u015b\u0107 bezp\u0142atny harmonogram bez kodu","description":"Zintegruj konfigurowalny wid\u017cet godzin pracy z OpenCart, aby udost\u0119pnia\u0107 status swojej aktywno\u015bci. Stw\u00f3rz w\u0142asne godziny pracy w wersji demonstracyjnej.","robots":{"index":"index","follow":"follow","max-snippet":"max-snippet:-1","max-image-preview":"max-image-preview:large","max-video-preview":"max-video-preview:-1"},"canonical":"https:\/\/elfsight.com\/pl\/business-hours-widget\/opencart\/","og_locale":"pl_PL","og_type":"article","og_title":"Dodaj godziny pracy do OpenCart - Umie\u015b\u0107 bezp\u0142atny harmonogram bez kodu","og_description":"Zintegruj konfigurowalny wid\u017cet godzin pracy z OpenCart, aby udost\u0119pnia\u0107 status swojej aktywno\u015bci. Stw\u00f3rz w\u0142asne godziny pracy w wersji demonstracyjnej.","og_url":"https:\/\/elfsight.com\/pl\/business-hours-widget\/opencart\/","og_site_name":"Elfsight PL","article_modified_time":"2024-10-24T13:15:32+00:00","twitter_card":"summary_large_image","twitter_misc":{"Szacowany czas czytania":"5 minut"},"schema":{"@context":"https:\/\/schema.org","@graph":[{"@type":"WebPage","@id":"https:\/\/elfsight.com\/pl\/business-hours-widget\/opencart\/","url":"https:\/\/elfsight.com\/pl\/business-hours-widget\/opencart\/","name":"Dodaj godziny pracy do OpenCart - Umie\u015b\u0107 bezp\u0142atny harmonogram bez kodu","isPartOf":{"@id":"https:\/\/elfsight.com\/pl\/#website"},"datePublished":"2024-05-03T06:31:01+00:00","dateModified":"2024-10-24T13:15:32+00:00","description":"Zintegruj konfigurowalny wid\u017cet godzin pracy z OpenCart, aby udost\u0119pnia\u0107 status swojej aktywno\u015bci. Stw\u00f3rz w\u0142asne godziny pracy w wersji demonstracyjnej.","breadcrumb":{"@id":"https:\/\/elfsight.com\/pl\/business-hours-widget\/opencart\/#breadcrumb"},"inLanguage":"pl-PL","potentialAction":[{"@type":"ReadAction","target":["https:\/\/elfsight.com\/pl\/business-hours-widget\/opencart\/"]}]},{"@type":"BreadcrumbList","@id":"https:\/\/elfsight.com\/pl\/business-hours-widget\/opencart\/#breadcrumb","itemListElement":[{"@type":"ListItem","position":1,"name":"Home","item":"https:\/\/elfsight.com\/pl\/"},{"@type":"ListItem","position":2,"name":"Business Hours","item":"https:\/\/elfsight.com\/pl\/business-hours-widget\/"},{"@type":"ListItem","position":3,"name":"Business Hours &#8211; OpenCart"}]},{"@type":"WebSite","@id":"https:\/\/elfsight.com\/pl\/#website","url":"https:\/\/elfsight.com\/pl\/","name":"Elfsight PL","description":"Just another Elfsight Sites site","potentialAction":[{"@type":"SearchAction","target":{"@type":"EntryPoint","urlTemplate":"https:\/\/elfsight.com\/pl\/?s={search_term_string}"},"query-input":{"@type":"PropertyValueSpecification","valueRequired":true,"valueName":"search_term_string"}}],"inLanguage":"pl-PL"}]}},"meta_box":{"industry":"","seo_heading":"","heading":"","description":"","cta_heading":"","cta_description":"","application":"3354","h1":"Wyd\u0142u\u017cenie godzin pracy OpenCart","h1_caption":"Wy\u015bwietlaj godziny otwarcia w przejrzystym i atrakcyjnym formacie, aby bez wysi\u0142ku informowa\u0107 odwiedzaj\u0105cych o Twojej dost\u0119pno\u015bci na Twojej stronie Opencart.","application_category":[],"applications_title":"","applications_request_title":"","applications_request_button_text":"","hero_text":"","hero_video":"","hero_video_schema_markup":"","selling_points_title":"","selling_points_caption":"","selling_points":[],"selling_points_cta_text":"","features_title":"","features":"","ed_cta_examples_text":"","ed_cta_examples_hidden":"","ed_cta_demo_text":"","ed_cta_demo_hidden":"","why_caption":"","why_editor_title":"","why_editor_text":"","why_team_title":"","why_team_text":"","why_service_title":"","why_service_text":"","template_catalog_visible":"","template_catalog_title":"","template_catalog_text":"","template_catalog_categories_visible":"","demo_title":"Pospiesz si\u0119, aby utworzy\u0107 dostosowane do indywidualnych potrzeb godziny pracy OpenCart","demo_caption":"Spersonalizuj i zaimplementuj go na swojej stronie internetowej, korzystaj\u0105c z wersji demonstracyjnej.","default_faq_hidden":"","app_template_category":[],"platform":"107","template_public_id":"","codecanyon_url":"","codecanyon_item_id":"","codecanyon_price":"","pricing_caption":"","pricing_elfsight_apps_hide_column":"","pricing_elfsight_apps_url":"","pricing_codecanyon_price_caption":"","integration_category":[],"integration_request_title":"","integration_request_cta":"","integration_platform":"","integrations":[],"platform_category":[],"video_schema_markup":"","price":"od 0 USD \/ miesi\u0105c","trial":"","benefits":[{"text":"Bezp\u0142atna pomoc w monta\u017cu"},{"text":"Profesjonalna obs\u0142uga klienta"},{"text":"14-dniowa gwarancja zwrotu pieni\u0119dzy"}],"button_url":"#demo","button_target_blank":"","button_nofollow":"","attributes":[{"name":"Instaluje"},{"name":"Czu\u0142y"},{"name":"Kompatybilne przegl\u0105darki"}],"tags":[],"tags_disable_links":"","hide_more_platforms":"","video_object":"","demo_hide_cta":"","demo_hide_cloud_options":"","pricing_title":"","pricing":[{"pricing_icon":"platform","pricing_title":"Elfsight Apps","pricing_title_caption":"Oprogramowanie wieloplatformowe, kt\u00f3re pasuje do ka\u017cdej witryny internetowej","pricing_price":"od 0 USD \/ miesi\u0105c","pricing_price_caption":"zacznij od bezp\u0142atnego planu","pricing_benefits":[{"text":"Nielimitowane strony internetowe"},{"text":"Bezp\u0142atne wsparcie firmy"},{"text":"Bezp\u0142atne wsparcie instalacyjne"},{"text":"100% konfigurowalny"}],"pricing_button_text":"Dodaj do witryny","pricing_button_url":"#demo"}],"related_apps_title":"","related_apps_hidden":"","author":"","image":[],"title":"","job":"","social_networks":[]},"_links":{"self":[{"href":"https:\/\/elfsight.com\/pl\/wp-json\/wp\/v2\/pages\/4511","targetHints":{"allow":["GET"]}}],"collection":[{"href":"https:\/\/elfsight.com\/pl\/wp-json\/wp\/v2\/pages"}],"about":[{"href":"https:\/\/elfsight.com\/pl\/wp-json\/wp\/v2\/types\/page"}],"author":[{"embeddable":true,"href":"https:\/\/elfsight.com\/pl\/wp-json\/wp\/v2\/users\/9"}],"replies":[{"embeddable":true,"href":"https:\/\/elfsight.com\/pl\/wp-json\/wp\/v2\/comments?post=4511"}],"version-history":[{"count":1,"href":"https:\/\/elfsight.com\/pl\/wp-json\/wp\/v2\/pages\/4511\/revisions"}],"predecessor-version":[{"id":4515,"href":"https:\/\/elfsight.com\/pl\/wp-json\/wp\/v2\/pages\/4511\/revisions\/4515"}],"up":[{"embeddable":true,"href":"https:\/\/elfsight.com\/pl\/wp-json\/wp\/v2\/pages\/3385"}],"wp:attachment":[{"href":"https:\/\/elfsight.com\/pl\/wp-json\/wp\/v2\/media?parent=4511"}],"curies":[{"name":"wp","href":"https:\/\/api.w.org\/{rel}","templated":true}]}}