{"id":4510,"date":"2024-05-03T06:31:00","date_gmt":"2024-05-03T06:31:00","guid":{"rendered":"https:\/\/elfsight.com\/pl\/?page_id=4510"},"modified":"2024-10-24T13:15:41","modified_gmt":"2024-10-24T13:15:41","slug":"jquery","status":"publish","type":"page","link":"https:\/\/elfsight.com\/pl\/business-hours-widget\/jquery\/","title":{"rendered":"Business Hours &#8211; jQuery"},"content":{"rendered":"<div class=\"application-platform-content-item-description application-platform-content-item\" id=\"description\" data-nav-section=\"description\"><h2>Osad\u017a godziny pracy w jQuery za pomoc\u0105 wtyczki Elfsight<\/h2> <p>Elfsight godziny pracy dla jQuery to prosty widget niewymagaj\u0105cy kodu, kt\u00f3ry pomo\u017ce Ci stworzy\u0107 \u0142adn\u0105 wizyt\u00f3wk\u0119 zawieraj\u0105c\u0105 najwa\u017cniejsze dane o Twojej pracy. Mo\u017cesz udost\u0119pnia\u0107 informacje o swojej dost\u0119pno\u015bci i udost\u0119pnia\u0107 kontakty swoim klientom. Wid\u017cet pozwala na zaprojektowanie wygodnych projekt\u00f3w, dzi\u0119ki kt\u00f3rym odwiedzaj\u0105cy b\u0119d\u0105 mogli szybko zapozna\u0107 si\u0119 ze wszystkimi potrzebnymi informacjami w skr\u00f3cie lub bardziej szczeg\u00f3\u0142owo. <\/p><p>Niezwyk\u0142y widget zawiera kilka szablon\u00f3w, dzi\u0119ki kt\u00f3rym mo\u017cesz wybra\u0107 opcj\u0119 najodpowiedniejsz\u0105 dla Twojej witryny. Ka\u017cdy szablon zawiera elastyczne ustawienia, kt\u00f3re pomog\u0105 Ci stworzy\u0107 osobisty widget z niezb\u0119dnymi opcjami zwi\u0119kszaj\u0105cymi sprzeda\u017c. Osadzanie godzin pracy na stronach Twojej witryny jest ca\u0142kowicie \u0142atwe dzi\u0119ki Elfsight oferuj\u0105cemu przejrzyste tutoriale dotycz\u0105ce wid\u017cetu. Ka\u017cdy redaktor witryny internetowej mo\u017ce bezp\u0142atnie opracowa\u0107 i doda\u0107 wid\u017cet Godziny pracy bez kodu<\/p> <p><b>Dodaj szczeg\u00f3\u0142y firmy do swojej witryny, aby zwi\u0119kszy\u0107 sprzeda\u017c i lojalno\u015b\u0107 klient\u00f3w. Jasno podawaj kluczowe informacje na temat swojego statusu zawodowego. <\/b><\/p> <p>Dzi\u0119ki temu widgetowi osadzonemu w Twojej witrynie jQuery mo\u017cesz informowa\u0107 klient\u00f3w o harmonogramie Twojej dzia\u0142alno\u015bci, zapewniaj\u0105c wi\u0119ksz\u0105 sprzeda\u017c. Umieszczaj\u0105c na niej darmowy wid\u017cet dzia\u0142aj\u0105cych ramek, zwr\u00f3\u0107 uwag\u0119 na niekt\u00f3re z najbardziej typowych zalet Twojej witryny. <\/p><ul><li><b>Pom\u00f3\u017c klientom by\u0107 zawsze punktualnymi. <\/b> Zwi\u0119ksz sprzeda\u017c dzi\u0119ki sta\u0142emu kontaktowi w odpowiednich ramach roboczych. Odwiedzaj\u0105cy Twoj\u0105 witryn\u0119 b\u0119d\u0105 zwraca\u0107 uwag\u0119 na godziny Twojej aktywno\u015bci i w razie potrzeby b\u0119d\u0105 bardziej zdecydowani na dokonanie udanego zakupu. <\/li><li><b>Unikaj nieporozumie\u0144 zwi\u0105zanych z godzinami pracy. <\/b> Podanie klientom na stronie prawid\u0142owych godzin pracy sprawi, \u017ce b\u0119d\u0105 bardziej oddani Twojej firmie, gdy\u017c b\u0119d\u0105 mogli zaplanowa\u0107 rezerwacj\u0119 lub wizyt\u0119 u Ciebie. <\/li><li><b>Podawaj kontakty w przejrzysty spos\u00f3b. <\/b> Dodanie danych kontaktowych do wid\u017cetu godzin pracy bez kod\u00f3w umo\u017cliwia nawi\u0105zanie komunikacji i przyspieszenie sprzeda\u017cy. Poka\u017c, \u017ce jeste\u015b tutaj, aby odpowiedzie\u0107 na ich pytania dotycz\u0105ce produkt\u00f3w i us\u0142ug Twojej firmy, co prze\u0142o\u017cy si\u0119 na wi\u0119ksz\u0105 lojalno\u015b\u0107 i szacunek. <\/li><\/ul><div class=\"faq\" data-component=\"FAQ\"><div class=\"faq-item\">\r\n\t\t\t\t\t<div class=\"faq-item-question\">\r\n\t\t\t\t\t\t<h3 class=\"faq-item-question-text\">Czy oferujecie jakie\u015b inne wtyczki do jQuery, kt\u00f3re mog\u0119 osadzi\u0107 na mojej stronie internetowej?<\/h3>\r\n\r\n\t\t\t\t\t\t<div class=\"faq-item-question-icon\"><\/div>\r\n\t\t\t\t\t<\/div>\r\n\r\n\t\t\t\t\t<div class=\"faq-item-answer\">\r\n\t\t\t\t\t\t<div class=\"faq-item-answer-text\">Mo\u017cemy zaoferowa\u0107 wiele wtyczek, aby osi\u0105gn\u0105\u0107 dowolny cel na Twoja strona. Przekonaj si\u0119: <a href=\"https:\/\/elfsight.com\/google-reviews-widget\/jquery\/\" target=\"_blank\" rel=\"noopener\">Recenzje Google<\/a>, <a href=\"https:\/\/elfsight.com\/whatsapp-chat-widget\/jquery\/\" target=\"_blank\" rel=\"noopener\">Czat WhatsApp<\/a>, <a href=\"https:\/\/elfsight.com\/event-calendar -widget\/jquery\/\" target=\"_blank\" rel=\"noopener\">Kalendarz wydarze\u0144<\/a>, <a href=\"https:\/\/elfsight.com\/countdown-timer-widget\/jquery\/\" target=\"_blank \" rel=\"noopener\">Licznik czasu<\/a>, <a href=\"https:\/\/elfsight.com\/qr-code-widget\/jquery\/\" target=\"_blank\" rel=\"noopener\">Kod QR<\/a>. <\/div>\r\n\t\t\t\t\t<\/div>\r\n\t\t\t\t<\/div><div class=\"faq-item\">\r\n\t\t\t\t\t<div class=\"faq-item-question\">\r\n\t\t\t\t\t\t<h3 class=\"faq-item-question-text\">Jak mog\u0119 wykorzysta\u0107 godziny pracy w jQuery?<\/h3>\r\n\r\n\t\t\t\t\t\t<div class=\"faq-item-question-icon\"><\/div>\r\n\t\t\t\t\t<\/div>\r\n\r\n\t\t\t\t\t<div class=\"faq-item-answer\">\r\n\t\t\t\t\t\t<div class=\"faq-item-answer-text\">Istnieje wiele scenariuszy pozwalaj\u0105cych zwi\u0119kszy\u0107 wska\u017aniki sukcesu i wyniki sprzeda\u017cy po dodaniu wtyczki Godziny pracy. Dzi\u0119ki szablonom Elfsight dla tej wspania\u0142ej wtyczki do witryn mo\u017cna wybra\u0107 osobist\u0105 strategi\u0119 biznesow\u0105. Mo\u017cesz albo zaprezentowa\u0107 szczeg\u00f3\u0142owe informacje na temat godzin pracy i narz\u0119dzi do nawi\u0105zania z Tob\u0105 komunikacji, albo po prostu osadzi\u0107 minimalistyczny pasek bie\u017c\u0105cego stanu. Za pomoc\u0105 wtyczki Godziny pracy mo\u017cesz tworzy\u0107 karty kontaktowe i dodawa\u0107 je do preferowanych obszar\u00f3w witryny, aby przyci\u0105gn\u0105\u0107 uwag\u0119 i poinformowa\u0107 wszystkich o swoim statusie, co zainspiruje sprzeda\u017c. <\/div>\r\n\t\t\t\t\t<\/div>\r\n\t\t\t\t<\/div><div class=\"faq-item\">\r\n\t\t\t\t\t<div class=\"faq-item-question\">\r\n\t\t\t\t\t\t<h3 class=\"faq-item-question-text\">Jak bezp\u0142atnie osadzi\u0107 godziny pracy w witrynach jQuery?<\/h3>\r\n\r\n\t\t\t\t\t\t<div class=\"faq-item-question-icon\"><\/div>\r\n\t\t\t\t\t<\/div>\r\n\r\n\t\t\t\t\t<div class=\"faq-item-answer\">\r\n\t\t\t\t\t\t<div class=\"faq-item-answer-text\">W\u0142\u0105czenie wtyczki Godziny pracy w witrynie jQuery to \u015bwietna metoda na zaanga\u017cowanie klient\u00f3w w komunikacj\u0119 i poinformowanie ich o gotowo\u015bci do zapewnienia sprzeda\u017cy lub \u015bwiadczy\u0107 us\u0142ugi. Znajd\u017a samouczki dotycz\u0105ce dodawania bezp\u0142atnej wtyczki dotycz\u0105cej godzin pracy bez kodu do swojej witryny. <ol><li>Aby bezp\u0142atnie w\u0142\u0105czy\u0107 wtyczk\u0119 Elfsight Business Hours do jQuery, przejd\u017a do witryny Elfsight i utw\u00f3rz konto. <\/li><li>Utw\u00f3rz bezp\u0142atn\u0105 wtyczk\u0119 Godziny pracy bez kodu, dostosowuj\u0105c jej wygl\u0105d i ustawienia tak, aby pasowa\u0142y do \u200b\u200bstylu Twojej witryny. <\/li><li>Po dostosowaniu godzin pracy skopiuj konkretny fragment kodu i wklej go do kodu HTML swojej witryny, w kt\u00f3rym ma si\u0119 pojawia\u0107 wtyczka. <\/li><\/ol>Umieszczaj\u0105c godziny pracy w witrynie jQuery, poprawisz jej wygl\u0105d i zmotywujesz klient\u00f3w do dalszego zaanga\u017cowania. Odkryj zalety wtyczki Elfsight Business Hours bezp\u0142atnie! <\/div>\r\n\t\t\t\t\t<\/div>\r\n\t\t\t\t<\/div><\/div><\/div> <div class=\"application-platform-content-item-features application-platform-content-item\" id=\"features\" data-nav-section=\"features\"> <h2>To tylko kilka z wielu funkcji wid\u017cetu:<\/h2> <ul><li>Wy\u015bwietlaj dost\u0119pno\u015b\u0107 Twojej firmy w czasie rzeczywistym <\/li><li>Przejrzyste dostosowanie harmonogramu<\/li><li>Konfiguracja na specjalne okazje<\/li><li>Stan aktywno\u015bci w czasie rzeczywistym<\/li><li>Wykres z mo\u017cliwo\u015bci\u0105 wstawienia lub status oszcz\u0119dzaj\u0105cy miejsce<\/li> <\/ul><p><a href=\"#demo\">Sprawd\u017a wszystkie ustawienia w pe\u0142nej wersji demonstracyjnej<\/a><\/p> <\/div> <div class=\"application-platform-content-item-installation application-platform-content-item\" id=\"installation\" data-nav-section=\"installation\"> <h2>Jak to zrobi\u0107 Dodaj\u0119 godziny pracy do mojej witryny jQuery?<\/h2> <p>Wystarczy wykona\u0107 kilka krok\u00f3w przedstawionych poni\u017cej, aby uzyska\u0107 dost\u0119p do wtyczki ze statusem pracy. <\/p> <ol><li><b>Skorzystaj z naszej wersji demonstracyjnej i zacznij tworzy\u0107 w\u0142asn\u0105 wtyczk\u0119 bez kodu. <\/b><br> Znajd\u017a odpowiedni\u0105 form\u0119 i parametry wtyczki i zastosuj zmiany. <\/li> <li><b>Odbierz sw\u00f3j indywidualny kod, kt\u00f3ry pojawi si\u0119 w oknie aplikacji Elfsight. <\/b><br> Po utworzeniu osobistej wtyczki godzin aktywno\u015bci bez kodu skopiuj indywidualny kod w wy\u015bwietlonym polu i zapisz go do p\u00f3\u017aniejszego wykorzystania. <\/li> <li><b>Zacznij korzysta\u0107 z aplikacji na stronie jQuery. <\/b><br> Wstaw zapisany wcze\u015bniej kod na swojej stronie g\u0142\u00f3wnej i zastosuj poprawki. <\/li> <li><b>Gotowe! Konfiguracja Twoich godzin pracy bez kodu zosta\u0142a pomy\u015blnie zako\u0144czona. <\/b><br> Wejd\u017a na swoj\u0105 stron\u0119 i sprawd\u017a dzia\u0142anie wtyczki godzin pracy. <\/li><\/ol> <p>Je\u015bli napotkasz jakiekolwiek trudno\u015bci, nie wahaj si\u0119 napisa\u0107 do naszego zespo\u0142u wsparcia. Nasi konsultanci z przyjemno\u015bci\u0105 odpowiedz\u0105 na wszystkie pytania dotycz\u0105ce wtyczki do jQuery. <\/p> <\/div>","protected":false},"excerpt":{"rendered":"","protected":false},"author":9,"featured_media":0,"parent":3385,"menu_order":0,"comment_status":"closed","ping_status":"closed","template":"templates\/template-application-platform.php","meta":{"publish_to_discourse":"","publish_post_category":"","wpdc_auto_publish_overridden":"","wpdc_topic_tags":"","wpdc_pin_topic":"","wpdc_pin_until":"","discourse_post_id":"","discourse_permalink":"","wpdc_publishing_response":"","wpdc_publishing_error":"","footnotes":""},"class_list":["post-4510","page","type-page","status-publish","hentry"],"yoast_head":"<!-- This site is optimized with the Yoast SEO plugin v25.3.1 - https:\/\/yoast.com\/wordpress\/plugins\/seo\/ -->\n<title>Dodaj godziny pracy do jQuery \u2014 \u0142atwo osadzaj bezp\u0142atne godziny pracy<\/title>\n<meta name=\"description\" content=\"Zintegruj konfigurowalny widget godzin pracy z jQuery, aby prezentowa\u0107 sw\u00f3j status aktywno\u015bci. Tw\u00f3rz w\u0142asne godziny pracy, korzystaj\u0105c z wersji demonstracyjnej.\" \/>\n<meta name=\"robots\" content=\"index, follow, max-snippet:-1, max-image-preview:large, max-video-preview:-1\" \/>\n<link rel=\"canonical\" href=\"https:\/\/elfsight.com\/pl\/business-hours-widget\/jquery\/\" \/>\n<meta property=\"og:locale\" content=\"pl_PL\" \/>\n<meta property=\"og:type\" content=\"article\" \/>\n<meta property=\"og:title\" content=\"Dodaj godziny pracy do jQuery \u2014 \u0142atwo osadzaj bezp\u0142atne godziny pracy\" \/>\n<meta property=\"og:description\" content=\"Zintegruj konfigurowalny widget godzin pracy z jQuery, aby prezentowa\u0107 sw\u00f3j status aktywno\u015bci. Tw\u00f3rz w\u0142asne godziny pracy, korzystaj\u0105c z wersji demonstracyjnej.\" \/>\n<meta property=\"og:url\" content=\"https:\/\/elfsight.com\/pl\/business-hours-widget\/jquery\/\" \/>\n<meta property=\"og:site_name\" content=\"Elfsight PL\" \/>\n<meta property=\"article:modified_time\" content=\"2024-10-24T13:15:41+00:00\" \/>\n<meta name=\"twitter:card\" content=\"summary_large_image\" \/>\n<meta name=\"twitter:label1\" content=\"Szacowany czas czytania\" \/>\n\t<meta name=\"twitter:data1\" content=\"5 minut\" \/>\n<!-- \/ Yoast SEO plugin. -->","yoast_head_json":{"title":"Dodaj godziny pracy do jQuery \u2014 \u0142atwo osadzaj bezp\u0142atne godziny pracy","description":"Zintegruj konfigurowalny widget godzin pracy z jQuery, aby prezentowa\u0107 sw\u00f3j status aktywno\u015bci. Tw\u00f3rz w\u0142asne godziny pracy, korzystaj\u0105c z wersji demonstracyjnej.","robots":{"index":"index","follow":"follow","max-snippet":"max-snippet:-1","max-image-preview":"max-image-preview:large","max-video-preview":"max-video-preview:-1"},"canonical":"https:\/\/elfsight.com\/pl\/business-hours-widget\/jquery\/","og_locale":"pl_PL","og_type":"article","og_title":"Dodaj godziny pracy do jQuery \u2014 \u0142atwo osadzaj bezp\u0142atne godziny pracy","og_description":"Zintegruj konfigurowalny widget godzin pracy z jQuery, aby prezentowa\u0107 sw\u00f3j status aktywno\u015bci. Tw\u00f3rz w\u0142asne godziny pracy, korzystaj\u0105c z wersji demonstracyjnej.","og_url":"https:\/\/elfsight.com\/pl\/business-hours-widget\/jquery\/","og_site_name":"Elfsight PL","article_modified_time":"2024-10-24T13:15:41+00:00","twitter_card":"summary_large_image","twitter_misc":{"Szacowany czas czytania":"5 minut"},"schema":{"@context":"https:\/\/schema.org","@graph":[{"@type":"WebPage","@id":"https:\/\/elfsight.com\/pl\/business-hours-widget\/jquery\/","url":"https:\/\/elfsight.com\/pl\/business-hours-widget\/jquery\/","name":"Dodaj godziny pracy do jQuery \u2014 \u0142atwo osadzaj bezp\u0142atne godziny pracy","isPartOf":{"@id":"https:\/\/elfsight.com\/pl\/#website"},"datePublished":"2024-05-03T06:31:00+00:00","dateModified":"2024-10-24T13:15:41+00:00","description":"Zintegruj konfigurowalny widget godzin pracy z jQuery, aby prezentowa\u0107 sw\u00f3j status aktywno\u015bci. Tw\u00f3rz w\u0142asne godziny pracy, korzystaj\u0105c z wersji demonstracyjnej.","breadcrumb":{"@id":"https:\/\/elfsight.com\/pl\/business-hours-widget\/jquery\/#breadcrumb"},"inLanguage":"pl-PL","potentialAction":[{"@type":"ReadAction","target":["https:\/\/elfsight.com\/pl\/business-hours-widget\/jquery\/"]}]},{"@type":"BreadcrumbList","@id":"https:\/\/elfsight.com\/pl\/business-hours-widget\/jquery\/#breadcrumb","itemListElement":[{"@type":"ListItem","position":1,"name":"Home","item":"https:\/\/elfsight.com\/pl\/"},{"@type":"ListItem","position":2,"name":"Business Hours","item":"https:\/\/elfsight.com\/pl\/business-hours-widget\/"},{"@type":"ListItem","position":3,"name":"Business Hours &#8211; jQuery"}]},{"@type":"WebSite","@id":"https:\/\/elfsight.com\/pl\/#website","url":"https:\/\/elfsight.com\/pl\/","name":"Elfsight PL","description":"Just another Elfsight Sites site","potentialAction":[{"@type":"SearchAction","target":{"@type":"EntryPoint","urlTemplate":"https:\/\/elfsight.com\/pl\/?s={search_term_string}"},"query-input":{"@type":"PropertyValueSpecification","valueRequired":true,"valueName":"search_term_string"}}],"inLanguage":"pl-PL"}]}},"meta_box":{"industry":"","seo_heading":"","heading":"","description":"","cta_heading":"","cta_description":"","application":"3354","h1":"Wtyczka jQuery Godziny pracy","h1_caption":"Wy\u015bwietlaj godziny otwarcia w przejrzystym i atrakcyjnym formacie, aby bez wysi\u0142ku informowa\u0107 odwiedzaj\u0105cych o Twojej dost\u0119pno\u015bci w witrynie jQuery.","application_category":[],"applications_title":"","applications_request_title":"","applications_request_button_text":"","hero_text":"","hero_video":"","hero_video_schema_markup":"","selling_points_title":"","selling_points_caption":"","selling_points":[],"selling_points_cta_text":"","features_title":"","features":"","ed_cta_examples_text":"","ed_cta_examples_hidden":"","ed_cta_demo_text":"","ed_cta_demo_hidden":"","why_caption":"","why_editor_title":"","why_editor_text":"","why_team_title":"","why_team_text":"","why_service_title":"","why_service_text":"","template_catalog_visible":"","template_catalog_title":"","template_catalog_text":"","template_catalog_categories_visible":"","demo_title":"Pospiesz si\u0119, aby utworzy\u0107 niestandardowe godziny pracy jQuery","demo_caption":"Dostosuj go i dodaj do swojej witryny poprzez aktywne demo.","default_faq_hidden":"","app_template_category":[],"platform":"56","template_public_id":"","codecanyon_url":"","codecanyon_item_id":"","codecanyon_price":"","pricing_caption":"","pricing_elfsight_apps_hide_column":"","pricing_elfsight_apps_url":"","pricing_codecanyon_price_caption":"","integration_category":[],"integration_request_title":"","integration_request_cta":"","integration_platform":"","integrations":[],"platform_category":[],"video_schema_markup":"","price":"od 0 USD \/ miesi\u0105c","trial":"","benefits":[{"text":"Bezp\u0142atna us\u0142uga monta\u017cu"},{"text":"Wsparcie premium"},{"text":"14-dniowa gwarancja zwrotu pieni\u0119dzy"}],"button_url":"#demo","button_target_blank":"","button_nofollow":"","attributes":[{"name":"Instaluje"},{"name":"Czu\u0142y"},{"name":"Kompatybilne przegl\u0105darki"}],"tags":[],"tags_disable_links":"","hide_more_platforms":"","video_object":"","demo_hide_cta":"","demo_hide_cloud_options":"","pricing_title":"","pricing":[{"pricing_icon":"platform","pricing_title":"Elfsight Apps","pricing_title_caption":"Oprogramowanie wieloplatformowe, kt\u00f3re dzia\u0142a na dowolnej stronie internetowej","pricing_price":"od 0 USD \/ miesi\u0105c","pricing_price_caption":"zacznij od bezp\u0142atnego planu","pricing_benefits":[{"text":"Nielimitowane domeny"},{"text":"Profesjonalne wsparcie"},{"text":"Bezp\u0142atna us\u0142uga monta\u017cu"},{"text":"Elastyczny projekt"}],"pricing_button_text":"Dodaj do witryny","pricing_button_url":"#demo"}],"related_apps_title":"","related_apps_hidden":"","author":"","image":[],"title":"","job":"","social_networks":[]},"_links":{"self":[{"href":"https:\/\/elfsight.com\/pl\/wp-json\/wp\/v2\/pages\/4510","targetHints":{"allow":["GET"]}}],"collection":[{"href":"https:\/\/elfsight.com\/pl\/wp-json\/wp\/v2\/pages"}],"about":[{"href":"https:\/\/elfsight.com\/pl\/wp-json\/wp\/v2\/types\/page"}],"author":[{"embeddable":true,"href":"https:\/\/elfsight.com\/pl\/wp-json\/wp\/v2\/users\/9"}],"replies":[{"embeddable":true,"href":"https:\/\/elfsight.com\/pl\/wp-json\/wp\/v2\/comments?post=4510"}],"version-history":[{"count":1,"href":"https:\/\/elfsight.com\/pl\/wp-json\/wp\/v2\/pages\/4510\/revisions"}],"predecessor-version":[{"id":4514,"href":"https:\/\/elfsight.com\/pl\/wp-json\/wp\/v2\/pages\/4510\/revisions\/4514"}],"up":[{"embeddable":true,"href":"https:\/\/elfsight.com\/pl\/wp-json\/wp\/v2\/pages\/3385"}],"wp:attachment":[{"href":"https:\/\/elfsight.com\/pl\/wp-json\/wp\/v2\/media?parent=4510"}],"curies":[{"name":"wp","href":"https:\/\/api.w.org\/{rel}","templated":true}]}}