{"id":4509,"date":"2024-05-03T06:30:59","date_gmt":"2024-05-03T06:30:59","guid":{"rendered":"https:\/\/elfsight.com\/pl\/?page_id=4509"},"modified":"2024-10-24T13:15:24","modified_gmt":"2024-10-24T13:15:24","slug":"webnode","status":"publish","type":"page","link":"https:\/\/elfsight.com\/pl\/business-hours-widget\/webnode\/","title":{"rendered":"Business Hours &#8211; Webnode"},"content":{"rendered":"<div class=\"application-platform-content-item-description application-platform-content-item\" id=\"description\" data-nav-section=\"description\"><h2>Osad\u017a godziny pracy w Webnode za pomoc\u0105 wid\u017cetu Elfsight<\/h2> <p>Godziny pracy Elfsight dla Webnode to prosty wid\u017cet niewymagaj\u0105cy kodu, kt\u00f3ry pozwala zbudowa\u0107 przyci\u0105gaj\u0105c\u0105 wzrok wizyt\u00f3wk\u0119 zawieraj\u0105c\u0105 najwa\u017cniejsze dane o Twojej pracy. Mo\u017cesz wy\u015bwietla\u0107 informacje o swoim aktualnym statusie pracy oraz udost\u0119pnia\u0107 kontakty swoim klientom. Wid\u017cet umo\u017cliwia tworzenie wygodnych projekt\u00f3w, dzi\u0119ki kt\u00f3rym klienci mog\u0105 szybko znale\u017a\u0107 wszystkie potrzebne dane. <\/p><p>Doskona\u0142y widget zawiera kilka szablon\u00f3w, dzi\u0119ki czemu mo\u017cesz wybra\u0107 najbardziej efektywn\u0105 opcj\u0119 dla swojej witryny. Ka\u017cdy szablon ma regulowane ustawienia, dzi\u0119ki kt\u00f3rym mo\u017cesz zbudowa\u0107 niestandardowe rozwi\u0105zanie z wymaganymi opcjami, takimi jak przyciski sk\u0142adania zam\u00f3wienia i rejestracji, kt\u00f3re zwi\u0119kszaj\u0105 sprzeda\u017c. Osadzanie godzin pracy i danych kontaktowych na stronach Twojej witryny jest bardzo proste dzi\u0119ki Elfsight dzi\u0119ki \u0142atwym do zrozumienia samouczkom i instrukcjom. Ka\u017cdy u\u017cytkownik mo\u017ce bezp\u0142atnie utworzy\u0107 i osadzi\u0107 wid\u017cet Godziny otwarcia niewymagaj\u0105cy kodu<\/p> <p><b>Umie\u015b\u0107 szczeg\u00f3\u0142owe informacje o firmie w swojej witrynie internetowej, aby zwi\u0119kszy\u0107 sprzeda\u017c i zadowolenie klient\u00f3w. Jasno podawaj wa\u017cne informacje na temat swojej dzia\u0142alno\u015bci zawodowej. <\/b><\/p> <p>Dzi\u0119ki temu wid\u017cetowi wbudowanemu w witryn\u0119 Webnode mo\u017cesz zwi\u0119kszy\u0107 \u015bwiadomo\u015b\u0107 klient\u00f3w na temat Twojej firmy i zapewni\u0107 sobie lepsz\u0105 sprzeda\u017c. Poznaj niekt\u00f3re z najbardziej typowych wynik\u00f3w dla swojej witryny internetowej po dodaniu do niej wid\u017cetu dzia\u0142aj\u0105cej ramki bez kodu. <\/p><ul><li><b>Pom\u00f3\u017c swoim klientom dotrze\u0107 zawsze na czas. <\/b> Zwi\u0119kszaj sprzeda\u017c dzi\u0119ki ci\u0105g\u0142emu kontaktowi w ustalonych ramach roboczych. Odwiedzaj\u0105cy Twoj\u0105 witryn\u0119 zobacz\u0105 godziny Twojej aktywno\u015bci i b\u0119d\u0105 bardziej przekonani do dokonania udanego zakupu, gdy b\u0119d\u0105 gotowi. <\/li><li><b>Unikaj nieporozumie\u0144 na temat godzin pracy. <\/b> Pokazywanie klientom na stronie godnych czas\u00f3w pracy sprawi, \u017ce b\u0119d\u0105 bardziej oddani Twojej marce. <\/li><li><b>Podaj dane kontaktowe w wygodny spos\u00f3b. <\/b> Dodanie kontakt\u00f3w do wid\u017cetu godzin pracy bez kodu pozwala na lepsz\u0105 komunikacj\u0119 z klientami i przyspieszenie sprzeda\u017cy. Poka\u017c, \u017ce jeste\u015b tutaj, aby odpowiada\u0107 na ich zapytania dotycz\u0105ce produkt\u00f3w i us\u0142ug Twojej firmy, co skutkuje wi\u0119kszym zaufaniem i presti\u017cem. <\/li><\/ul><div class=\"faq\" data-component=\"FAQ\"><div class=\"faq-item\">\r\n\t\t\t\t\t<div class=\"faq-item-question\">\r\n\t\t\t\t\t\t<h3 class=\"faq-item-question-text\">Czy oferujecie jakie\u015b inne wtyczki do Webnode, kt\u00f3re mog\u0119 doda\u0107 do mojej witryny?<\/h3>\r\n\r\n\t\t\t\t\t\t<div class=\"faq-item-question-icon\"><\/div>\r\n\t\t\t\t\t<\/div>\r\n\r\n\t\t\t\t\t<div class=\"faq-item-answer\">\r\n\t\t\t\t\t\t<div class=\"faq-item-answer-text\">Mo\u017cemy dostarczy\u0107 wiele wtyczek, dzi\u0119ki kt\u00f3rym osi\u0105gniecie dowolny cel na Twoja strona. Na przyk\u0142ad: <a href=\"https:\/\/elfsight.com\/google-reviews-widget\/webnode\/\" target=\"_blank\" rel=\"noopener\">Recenzje Google<\/a>, <a href=\"https:\/\/elfsight.com\/whatsapp-chat-widget\/webnode\/\" target=\"_blank\" rel=\"noopener\">Czat WhatsApp<\/a>, <a href=\"https:\/\/elfsight.com\/event-calendar- widget\/webnode\/\" target=\"_blank\" rel=\"noopener\">Kalendarz wydarze\u0144<\/a>, <a href=\"https:\/\/elfsight.com\/countdown-timer-widget\/webnode\/\" target=\"_blank\" rel=\"noopener\">Licznik czasu<\/a>, <a href=\"https:\/\/elfsight.com\/qr-code-widget\/webnode\/\" target=\"_blank\" rel=\"noopener\">Kod QR<\/a>. <\/div>\r\n\t\t\t\t\t<\/div>\r\n\t\t\t\t<\/div><div class=\"faq-item\">\r\n\t\t\t\t\t<div class=\"faq-item-question\">\r\n\t\t\t\t\t\t<h3 class=\"faq-item-question-text\">Jak mog\u0119 wykorzysta\u0107 godziny pracy w Webnode?<\/h3>\r\n\r\n\t\t\t\t\t\t<div class=\"faq-item-question-icon\"><\/div>\r\n\t\t\t\t\t<\/div>\r\n\r\n\t\t\t\t\t<div class=\"faq-item-answer\">\r\n\t\t\t\t\t\t<div class=\"faq-item-answer-text\">Istnieje wiele sposob\u00f3w na popraw\u0119 wsp\u00f3\u0142czynnik\u00f3w konwersji i wynik\u00f3w sprzeda\u017cy poprzez dodanie wtyczki Godziny pracy. Dzi\u0119ki szablonom Elfsight dla tej wspania\u0142ej wtyczki do witryn mo\u017cesz tworzy\u0107 niestandardowe taktyki biznesowe. Mo\u017cesz albo zademonstrowa\u0107 rozszerzone informacje dotycz\u0105ce godzin pracy, albo po prostu osadzi\u0107 kompaktowe wyskakuj\u0105ce okienko stanu aktywno\u015bci. Za pomoc\u0105 naszej wtyczki Godziny pracy mo\u017cesz tworzy\u0107 karty kontaktowe i dodawa\u0107 je do wybranych lokalizacji na stronach internetowych, aby przyci\u0105gn\u0105\u0107 uwag\u0119 i poinformowa\u0107 klient\u00f3w o swojej aktywno\u015bci, co zainspiruje sprzeda\u017c. <\/div>\r\n\t\t\t\t\t<\/div>\r\n\t\t\t\t<\/div><div class=\"faq-item\">\r\n\t\t\t\t\t<div class=\"faq-item-question\">\r\n\t\t\t\t\t\t<h3 class=\"faq-item-question-text\">Jak bezp\u0142atnie doda\u0107 wtyczk\u0119 Godziny pracy bez kodu do witryn Webnode?<\/h3>\r\n\r\n\t\t\t\t\t\t<div class=\"faq-item-question-icon\"><\/div>\r\n\t\t\t\t\t<\/div>\r\n\r\n\t\t\t\t\t<div class=\"faq-item-answer\">\r\n\t\t\t\t\t\t<div class=\"faq-item-answer-text\">W\u0142\u0105czenie wtyczki Godziny pracy do witryny Webnode to prosta metoda rozpocz\u0119cia komunikacji z klientami i poinformowania ich o swojej gotowo\u015bci w celu sprzeda\u017cy lub \u015bwiadczenia us\u0142ug. Tutaj mo\u017cesz zobaczy\u0107 kilka tutoriali na temat dodawania wtyczki godzin pracy do swojej witryny. <ol><li>Je\u015bli chcesz bezp\u0142atnie zintegrowa\u0107 wtyczk\u0119 Elfsight Business Hours z Webnode, przejd\u017a do witryny Elfsight i utw\u00f3rz konto. <\/li><li>Dostosuj bezp\u0142atne godziny pracy bez kodu, dostosowuj\u0105c ich wygl\u0105d i ustawienia do projektu swojej witryny. <\/li><li>Po utworzeniu godzin pracy bez kodu skopiuj specjalny fragment kodu i wklej go do kodu HTML swojej witryny w miejscu, w kt\u00f3rym ma znajdowa\u0107 si\u0119 wtyczka. <\/li><\/ol>Umieszczaj\u0105c godziny pracy na swojej witrynie Webnode, podniesiesz jej atrakcyjno\u015b\u0107 wizualn\u0105 i zmotywujesz stabiln\u0105 lojalno\u015b\u0107 klient\u00f3w. Skorzystaj z bezp\u0142atnych godzin pracy Elfsight!<\/div>\r\n\t\t\t\t\t<\/div>\r\n\t\t\t\t<\/div><\/div><\/div> <div class=\"application-platform-content-item-features application-platform-content-item\" id=\"features\" data-nav-section=\"features\"> <h2>Oferta kluczowych funkcji widgetu<\/h2> <ul><li>Wy\u015bwietlaj dost\u0119pno\u015b\u0107 swojej organizacji w czasie rzeczywistym<\/li><li>Przyjazna dla u\u017cytkownika konfiguracja planu zaj\u0119\u0107<\/li><li>Konfiguracja wydarze\u0144 specjalnych<\/li><li>Wskazanie bie\u017c\u0105cej aktywno\u015bci<\/li><li>Wstawiana siatka lub status kompaktowy<\/li><\/ul><p><a href=\"#demo\">Wypr\u00f3buj t\u0119 wersj\u0119 demonstracyjn\u0105, aby zobaczy\u0107, ile wart jest wid\u017cet<\/a><\/p> <\/div> <div class=\"application-platform-content-item-installation application-platform-content-item\" id=\"installation\" data-nav-section=\"installation\"> <h2>Jak mog\u0119 w\u0142\u0105czy\u0107 godziny pracy do mojej witryny Webnode?<\/h2> <p>Wystarczy wykona\u0107 kilka krok\u00f3w przedstawionych poni\u017cej, aby rozpocz\u0105\u0107 korzystanie z wtyczki podczas swoich zmian roboczych. <\/p> <ol><li><b>Otw\u00f3rz nasz edytor i zacznij tworzy\u0107 w\u0142asn\u0105 wtyczk\u0119 bez kodu. <\/b><br> Wybierz po\u017c\u0105dany interfejs i cechy funkcjonalne wtyczki i zapisz poprawki. <\/li> <li><b>Wy\u015bwietl sw\u00f3j unikalny kod w specjalnym formularzu w aplikacjach Elfsight. <\/b><br> Po zako\u0144czeniu konfiguracji osobistej aplikacji dotycz\u0105cej godzin aktywno\u015bci bez kodu skopiuj ekskluzywny kod z wy\u015bwietlonego okna i zachowaj go do wykorzystania w przysz\u0142o\u015bci. <\/li> <li><b>Rozpocznij korzystanie z wtyczki w swojej witrynie Webnode. <\/b><br> Wklej wcze\u015bniej zapisany kod do swojej witryny i zapisz zmiany. <\/li> <li><b>Gotowe! Integracja Twoich godzin pracy bez kodu zosta\u0142a pomy\u015blnie zako\u0144czona. <\/b><br> Odwied\u017a swoj\u0105 witryn\u0119, aby sprawdzi\u0107, jak dzia\u0142a dodana aplikacja godzin pracy. <\/li><\/ol> <p>Je\u015bli napotkasz jakiekolwiek trudno\u015bci, nie wahaj si\u0119 skontaktowa\u0107 z naszym dzia\u0142em obs\u0142ugi klienta. Nasi specjali\u015bci ch\u0119tnie pomog\u0105 Ci we wszystkich problemach, jakie mo\u017cesz mie\u0107 z produktem dla Webnode. <\/p> <\/div>","protected":false},"excerpt":{"rendered":"","protected":false},"author":9,"featured_media":0,"parent":3385,"menu_order":0,"comment_status":"closed","ping_status":"closed","template":"templates\/template-application-platform.php","meta":{"publish_to_discourse":"","publish_post_category":"","wpdc_auto_publish_overridden":"","wpdc_topic_tags":"","wpdc_pin_topic":"","wpdc_pin_until":"","discourse_post_id":"","discourse_permalink":"","wpdc_publishing_response":"","wpdc_publishing_error":"","footnotes":""},"class_list":["post-4509","page","type-page","status-publish","hentry"],"yoast_head":"<!-- This site is optimized with the Yoast SEO plugin v25.3.1 - https:\/\/yoast.com\/wordpress\/plugins\/seo\/ -->\n<title>Dodaj godziny pracy do Webnode \u2014 osadzaj darmowe ramki robocze<\/title>\n<meta name=\"description\" content=\"Zintegruj regulowan\u0105 aplikacj\u0119 Godziny pracy z Webnode, aby wy\u015bwietla\u0107 status swojej firmy. Stw\u00f3rz w\u0142asne godziny pracy dzi\u0119ki wersji demonstracyjnej.\" \/>\n<meta name=\"robots\" content=\"index, follow, max-snippet:-1, max-image-preview:large, max-video-preview:-1\" \/>\n<link rel=\"canonical\" href=\"https:\/\/elfsight.com\/pl\/business-hours-widget\/webnode\/\" \/>\n<meta property=\"og:locale\" content=\"pl_PL\" \/>\n<meta property=\"og:type\" content=\"article\" \/>\n<meta property=\"og:title\" content=\"Dodaj godziny pracy do Webnode \u2014 osadzaj darmowe ramki robocze\" \/>\n<meta property=\"og:description\" content=\"Zintegruj regulowan\u0105 aplikacj\u0119 Godziny pracy z Webnode, aby wy\u015bwietla\u0107 status swojej firmy. Stw\u00f3rz w\u0142asne godziny pracy dzi\u0119ki wersji demonstracyjnej.\" \/>\n<meta property=\"og:url\" content=\"https:\/\/elfsight.com\/pl\/business-hours-widget\/webnode\/\" \/>\n<meta property=\"og:site_name\" content=\"Elfsight PL\" \/>\n<meta property=\"article:modified_time\" content=\"2024-10-24T13:15:24+00:00\" \/>\n<meta name=\"twitter:card\" content=\"summary_large_image\" \/>\n<meta name=\"twitter:label1\" content=\"Szacowany czas czytania\" \/>\n\t<meta name=\"twitter:data1\" content=\"5 minut\" \/>\n<!-- \/ Yoast SEO plugin. -->","yoast_head_json":{"title":"Dodaj godziny pracy do Webnode \u2014 osadzaj darmowe ramki robocze","description":"Zintegruj regulowan\u0105 aplikacj\u0119 Godziny pracy z Webnode, aby wy\u015bwietla\u0107 status swojej firmy. Stw\u00f3rz w\u0142asne godziny pracy dzi\u0119ki wersji demonstracyjnej.","robots":{"index":"index","follow":"follow","max-snippet":"max-snippet:-1","max-image-preview":"max-image-preview:large","max-video-preview":"max-video-preview:-1"},"canonical":"https:\/\/elfsight.com\/pl\/business-hours-widget\/webnode\/","og_locale":"pl_PL","og_type":"article","og_title":"Dodaj godziny pracy do Webnode \u2014 osadzaj darmowe ramki robocze","og_description":"Zintegruj regulowan\u0105 aplikacj\u0119 Godziny pracy z Webnode, aby wy\u015bwietla\u0107 status swojej firmy. Stw\u00f3rz w\u0142asne godziny pracy dzi\u0119ki wersji demonstracyjnej.","og_url":"https:\/\/elfsight.com\/pl\/business-hours-widget\/webnode\/","og_site_name":"Elfsight PL","article_modified_time":"2024-10-24T13:15:24+00:00","twitter_card":"summary_large_image","twitter_misc":{"Szacowany czas czytania":"5 minut"},"schema":{"@context":"https:\/\/schema.org","@graph":[{"@type":"WebPage","@id":"https:\/\/elfsight.com\/pl\/business-hours-widget\/webnode\/","url":"https:\/\/elfsight.com\/pl\/business-hours-widget\/webnode\/","name":"Dodaj godziny pracy do Webnode \u2014 osadzaj darmowe ramki robocze","isPartOf":{"@id":"https:\/\/elfsight.com\/pl\/#website"},"datePublished":"2024-05-03T06:30:59+00:00","dateModified":"2024-10-24T13:15:24+00:00","description":"Zintegruj regulowan\u0105 aplikacj\u0119 Godziny pracy z Webnode, aby wy\u015bwietla\u0107 status swojej firmy. Stw\u00f3rz w\u0142asne godziny pracy dzi\u0119ki wersji demonstracyjnej.","breadcrumb":{"@id":"https:\/\/elfsight.com\/pl\/business-hours-widget\/webnode\/#breadcrumb"},"inLanguage":"pl-PL","potentialAction":[{"@type":"ReadAction","target":["https:\/\/elfsight.com\/pl\/business-hours-widget\/webnode\/"]}]},{"@type":"BreadcrumbList","@id":"https:\/\/elfsight.com\/pl\/business-hours-widget\/webnode\/#breadcrumb","itemListElement":[{"@type":"ListItem","position":1,"name":"Home","item":"https:\/\/elfsight.com\/pl\/"},{"@type":"ListItem","position":2,"name":"Business Hours","item":"https:\/\/elfsight.com\/pl\/business-hours-widget\/"},{"@type":"ListItem","position":3,"name":"Business Hours &#8211; Webnode"}]},{"@type":"WebSite","@id":"https:\/\/elfsight.com\/pl\/#website","url":"https:\/\/elfsight.com\/pl\/","name":"Elfsight PL","description":"Just another Elfsight Sites site","potentialAction":[{"@type":"SearchAction","target":{"@type":"EntryPoint","urlTemplate":"https:\/\/elfsight.com\/pl\/?s={search_term_string}"},"query-input":{"@type":"PropertyValueSpecification","valueRequired":true,"valueName":"search_term_string"}}],"inLanguage":"pl-PL"}]}},"meta_box":{"industry":"","seo_heading":"","heading":"","description":"","cta_heading":"","cta_description":"","application":"3354","h1":"Wid\u017cet godzin pracy Webnode","h1_caption":"Wy\u015bwietlaj godziny otwarcia w przejrzystym i atrakcyjnym formacie, aby bez wysi\u0142ku informowa\u0107 odwiedzaj\u0105cych o Twojej dost\u0119pno\u015bci w witrynie Webnode.","application_category":[],"applications_title":"","applications_request_title":"","applications_request_button_text":"","hero_text":"","hero_video":"","hero_video_schema_markup":"","selling_points_title":"","selling_points_caption":"","selling_points":[],"selling_points_cta_text":"","features_title":"","features":"","ed_cta_examples_text":"","ed_cta_examples_hidden":"","ed_cta_demo_text":"","ed_cta_demo_hidden":"","why_caption":"","why_editor_title":"","why_editor_text":"","why_team_title":"","why_team_text":"","why_service_title":"","why_service_text":"","template_catalog_visible":"","template_catalog_title":"","template_catalog_text":"","template_catalog_categories_visible":"","demo_title":"Pospiesz si\u0119, aby ustali\u0107 niestandardowe godziny pracy Webnode","demo_caption":"Dostosuj go i zaimplementuj widget na swoj\u0105 stron\u0119 internetow\u0105 za pomoc\u0105 wersji demonstracyjnej.","default_faq_hidden":"","app_template_category":[],"platform":"138","template_public_id":"","codecanyon_url":"","codecanyon_item_id":"","codecanyon_price":"","pricing_caption":"","pricing_elfsight_apps_hide_column":"","pricing_elfsight_apps_url":"","pricing_codecanyon_price_caption":"","integration_category":[],"integration_request_title":"","integration_request_cta":"","integration_platform":"","integrations":[],"platform_category":[],"video_schema_markup":"","price":"od 0 USD \/ miesi\u0105c","trial":"","benefits":[{"text":"Bezp\u0142atna pomoc w monta\u017cu"},{"text":"Profesjonalna obs\u0142uga klienta"},{"text":"14-dniowa gwarancja zwrotu pieni\u0119dzy"}],"button_url":"#demo","button_target_blank":"","button_nofollow":"","attributes":[{"name":"Instaluje"},{"name":"Czu\u0142y"},{"name":"Kompatybilne przegl\u0105darki"}],"tags":[],"tags_disable_links":"","hide_more_platforms":"","video_object":"","demo_hide_cta":"","demo_hide_cloud_options":"","pricing_title":"","pricing":[{"pricing_icon":"platform","pricing_title":"Elfsight Apps","pricing_title_caption":"Niezale\u017cne od platformy rozwi\u0105zanie, kt\u00f3re pasuje do ka\u017cdej witryny internetowej","pricing_price":"od 0 USD \/ miesi\u0105c","pricing_price_caption":"zacznij od bezp\u0142atnego planu","pricing_benefits":[{"text":"Nielimitowane domeny"},{"text":"Profesjonalna obs\u0142uga klienta"},{"text":"Bezp\u0142atne wsparcie instalacyjne"},{"text":"100% konfigurowalny"}],"pricing_button_text":"Dodaj do witryny","pricing_button_url":"#demo"}],"related_apps_title":"","related_apps_hidden":"","author":"","image":[],"title":"","job":"","social_networks":[]},"_links":{"self":[{"href":"https:\/\/elfsight.com\/pl\/wp-json\/wp\/v2\/pages\/4509","targetHints":{"allow":["GET"]}}],"collection":[{"href":"https:\/\/elfsight.com\/pl\/wp-json\/wp\/v2\/pages"}],"about":[{"href":"https:\/\/elfsight.com\/pl\/wp-json\/wp\/v2\/types\/page"}],"author":[{"embeddable":true,"href":"https:\/\/elfsight.com\/pl\/wp-json\/wp\/v2\/users\/9"}],"replies":[{"embeddable":true,"href":"https:\/\/elfsight.com\/pl\/wp-json\/wp\/v2\/comments?post=4509"}],"version-history":[{"count":1,"href":"https:\/\/elfsight.com\/pl\/wp-json\/wp\/v2\/pages\/4509\/revisions"}],"predecessor-version":[{"id":4513,"href":"https:\/\/elfsight.com\/pl\/wp-json\/wp\/v2\/pages\/4509\/revisions\/4513"}],"up":[{"embeddable":true,"href":"https:\/\/elfsight.com\/pl\/wp-json\/wp\/v2\/pages\/3385"}],"wp:attachment":[{"href":"https:\/\/elfsight.com\/pl\/wp-json\/wp\/v2\/media?parent=4509"}],"curies":[{"name":"wp","href":"https:\/\/api.w.org\/{rel}","templated":true}]}}