{"id":4504,"date":"2024-05-03T06:30:58","date_gmt":"2024-05-03T06:30:58","guid":{"rendered":"https:\/\/elfsight.com\/pl\/?page_id=4504"},"modified":"2024-10-24T13:15:49","modified_gmt":"2024-10-24T13:15:49","slug":"jimdo","status":"publish","type":"page","link":"https:\/\/elfsight.com\/pl\/business-hours-widget\/jimdo\/","title":{"rendered":"Business Hours &#8211; Jimdo"},"content":{"rendered":"<div class=\"application-platform-content-item-description application-platform-content-item\" id=\"description\" data-nav-section=\"description\"><h2>Osad\u017a godziny pracy w Jimdo za pomoc\u0105 wid\u017cetu Elfsight<\/h2> <p>Elfsight godziny pracy dla Jimdo to prosty widget niewymagaj\u0105cy kodu, umo\u017cliwiaj\u0105cy zbudujesz atrakcyjn\u0105 wizyt\u00f3wk\u0119 zawieraj\u0105c\u0105 najwa\u017cniejsze informacje o Twojej pracy. Mo\u017cesz dodawa\u0107 informacje o statusie swojej pracy i udost\u0119pnia\u0107 kontakty swoim klientom. Wid\u017cet pozwala na budowanie wygodnych projekt\u00f3w, dzi\u0119ki kt\u00f3rym klienci mog\u0105 szybko zapozna\u0107 si\u0119 ze wszystkimi niezb\u0119dnymi informacjami w skr\u00f3cie lub bardziej szczeg\u00f3\u0142owo. <\/p><p>Wspania\u0142y widget oferuje wiele szablon\u00f3w, dzi\u0119ki czemu mo\u017cesz wybra\u0107 najlepsz\u0105 opcj\u0119 dla swojej witryny. Ka\u017cdy szablon zawiera elastyczne ustawienia, kt\u00f3re pozwalaj\u0105 opracowa\u0107 niestandardowe rozwi\u0105zanie z wymaganymi elementami, takimi jak przyciski sk\u0142adania zam\u00f3wienia i rejestracji, kt\u00f3re zwi\u0119kszaj\u0105 sprzeda\u017c. Dodanie godzin pracy i danych kontaktowych Twojej firmy do Twojej witryny internetowej jest ca\u0142kowicie \u0142atwe dzi\u0119ki Elfsight dzi\u0119ki przejrzystym samouczkom i instrukcjom. Ka\u017cdy u\u017cytkownik mo\u017ce bezp\u0142atnie opracowa\u0107 i doda\u0107 wid\u017cet Godziny pracy bez kodu<\/p> <p><b>Dodaj szczeg\u00f3\u0142y firmy do swojej witryny, aby zwi\u0119kszy\u0107 wska\u017aniki sprzeda\u017cy i lojalno\u015b\u0107 klient\u00f3w. Podaj jasne informacje na temat swojej dzia\u0142alno\u015bci zawodowej. <\/b><\/p> <p>Dzi\u0119ki temu widgetowi wbudowanemu w Twoj\u0105 witryn\u0119 Jimdo mo\u017cesz zwi\u0119kszy\u0107 \u015bwiadomo\u015b\u0107 swoich klient\u00f3w na temat proces\u00f3w biznesowych i zwi\u0119kszy\u0107 sprzeda\u017c. Zwr\u00f3\u0107 uwag\u0119 na niekt\u00f3re z najbardziej oczywistych pozytywnych wynik\u00f3w dla Twojej witryny po osadzeniu w niej wid\u017cetu dzia\u0142aj\u0105cych ramek bez kodu. <\/p><ul><li><b>Pozw\u00f3l swoim klientom by\u0107 zawsze na czas. <\/b> Zwi\u0119kszaj sprzeda\u017c, b\u0119d\u0105c w sta\u0142ym kontakcie w odpowiednich ramach roboczych. Odwiedzaj\u0105cy Twoj\u0105 witryn\u0119 b\u0119d\u0105 zwraca\u0107 uwag\u0119 na godziny dost\u0119pno\u015bci i b\u0119d\u0105 bardziej zdecydowani na dokonanie udanego zakupu, gdy b\u0119d\u0105 gotowi. <\/li><li><b>Unikaj nieporozumie\u0144 dotycz\u0105cych godzin pracy. <\/b> Pokazanie klientom na stronie prostych okres\u00f3w pracy sprawi, \u017ce b\u0119d\u0105 bardziej oddani Twojej marce, poniewa\u017c b\u0119d\u0105 mogli zaplanowa\u0107 rezerwacj\u0119 lub wizyt\u0119 u Ciebie. <\/li><li><b>Wy\u015bwietlaj kontakty w wygodny spos\u00f3b. <\/b> Dodanie informacji kontaktowych do wid\u017cetu godzin pracy bez kodu umo\u017cliwia lepsz\u0105 komunikacj\u0119 z odbiorcami i przyspieszenie sprzeda\u017cy. Poka\u017c, \u017ce jeste\u015b tutaj, aby odpowiada\u0107 na ich zapytania dotycz\u0105ce produkt\u00f3w Twojej firmy. <\/li><\/ul><div class=\"faq\" data-component=\"FAQ\"><div class=\"faq-item\">\r\n\t\t\t\t\t<div class=\"faq-item-question\">\r\n\t\t\t\t\t\t<h3 class=\"faq-item-question-text\">Czy s\u0105 jakie\u015b inne wtyczki do Jimdo, kt\u00f3re mog\u0119 w\u0142\u0105czy\u0107 do mojej witryny?<\/h3>\r\n\r\n\t\t\t\t\t\t<div class=\"faq-item-question-icon\"><\/div>\r\n\t\t\t\t\t<\/div>\r\n\r\n\t\t\t\t\t<div class=\"faq-item-answer\">\r\n\t\t\t\t\t\t<div class=\"faq-item-answer-text\">Mo\u017cemy zaoferowa\u0107 Ci wiele wtyczek, kt\u00f3re pozwol\u0105 Ci osi\u0105gn\u0105\u0107 dowolny cel w Twojej witrynie. Przekonaj si\u0119: <a href=\"https:\/\/elfsight.com\/google-reviews-widget\/jimdo\/\" target=\"_blank\" rel=\"noopener\">Recenzje Google<\/a>, <a href=\"https:\/\/elfsight.com\/whatsapp-chat-widget\/jimdo\/\" target=\"_blank\" rel=\"noopener\">Czat WhatsApp<\/a>, <a href=\"https:\/\/elfsight.com\/event-calendar -widget\/jimdo\/\" target=\"_blank\" rel=\"noopener\">Kalendarz wydarze\u0144<\/a>, <a href=\"https:\/\/elfsight.com\/countdown-timer-widget\/jimdo\/\" target=\"_blank \" rel=\"noopener\">Licznik czasu<\/a>, <a href=\"https:\/\/elfsight.com\/qr-code-widget\/jimdo\/\" target=\"_blank\" rel=\"noopener\">Kod QR<\/a>. <\/div>\r\n\t\t\t\t\t<\/div>\r\n\t\t\t\t<\/div><div class=\"faq-item\">\r\n\t\t\t\t\t<div class=\"faq-item-question\">\r\n\t\t\t\t\t\t<h3 class=\"faq-item-question-text\">Jak mog\u0119 skorzysta\u0107 z godzin pracy w Jimdo?<\/h3>\r\n\r\n\t\t\t\t\t\t<div class=\"faq-item-question-icon\"><\/div>\r\n\t\t\t\t\t<\/div>\r\n\r\n\t\t\t\t\t<div class=\"faq-item-answer\">\r\n\t\t\t\t\t\t<div class=\"faq-item-answer-text\">Masz wiele scenariuszy poprawy statystyk konwersji i wynik\u00f3w sprzeda\u017cy poprzez dodanie wtyczki Godziny pracy. Dzi\u0119ki szablonom Elfsight dla tej ekscytuj\u0105cej wtyczki dla witryn mo\u017cna znale\u017a\u0107 niestandardowe taktyki biznesowe. Mo\u017cesz wy\u015bwietli\u0107 rozszerzone informacje o godzinach pracy, po prostu osadzaj\u0105c minimalistyczny pasek bie\u017c\u0105cego stanu. Za pomoc\u0105 naszej wtyczki Godziny pracy mo\u017cesz tworzy\u0107 karty kontaktowe i dodawa\u0107 je do wymaganych obszar\u00f3w witryny, aby przyku\u0107 uwag\u0119 i poinformowa\u0107 wszystkich o swojej aktywno\u015bci, co zwi\u0119kszy sprzeda\u017c. <\/div>\r\n\t\t\t\t\t<\/div>\r\n\t\t\t\t<\/div><div class=\"faq-item\">\r\n\t\t\t\t\t<div class=\"faq-item-question\">\r\n\t\t\t\t\t\t<h3 class=\"faq-item-question-text\">Jak bezp\u0142atnie osadzi\u0107 wtyczk\u0119 godzin pracy bez kodu w witrynach internetowych Jimdo?<\/h3>\r\n\r\n\t\t\t\t\t\t<div class=\"faq-item-question-icon\"><\/div>\r\n\t\t\t\t\t<\/div>\r\n\r\n\t\t\t\t\t<div class=\"faq-item-answer\">\r\n\t\t\t\t\t\t<div class=\"faq-item-answer-text\">Osadzanie godzin pracy na swojej stronie internetowej Jimdo to \u015bwietny spos\u00f3b, aby pokaza\u0107 wszystkim swoj\u0105 gotowo\u015b\u0107 do sprzeda\u017cy. Znajd\u017a kr\u00f3tkie samouczki na temat dodawania bezp\u0142atnej wtyczki dotycz\u0105cej godzin pracy bez kodu do swojej witryny. <ol><li>Je\u015bli chcesz w\u0142\u0105czy\u0107 wtyczk\u0119 Elfsight Business Hours do Jimdo, przejd\u017a do witryny Elfsight i zarejestruj si\u0119. <\/li><li>Utw\u00f3rz wtyczk\u0119 Godziny pracy, dostosowuj\u0105c jej wygl\u0105d i ustawienia do projektu swojej witryny. <\/li><li>Po bezp\u0142atnym utworzeniu godzin pracy bez kodu, skopiuj kod i wklej go na swojej stronie internetowej, w kt\u00f3rej chcesz, aby wtyczka by\u0142a wy\u015bwietlana. <\/li><\/ol>Umieszczaj\u0105c godziny pracy na swojej stronie internetowej Jimdo, z pewno\u015bci\u0105 poprawisz jej wygl\u0105d. Skorzystaj z bezp\u0142atnych godzin pracy Elfsight! <\/div>\r\n\t\t\t\t\t<\/div>\r\n\t\t\t\t<\/div><\/div><\/div> <div class=\"application-platform-content-item-features application-platform-content-item\" id=\"features\" data-nav-section=\"features\"> <h2>To tylko kilka z wielu funkcji wid\u017cetu:<\/h2> <ul><li>Poka\u017c aktualny stan swojej firmy<\/li><li>Przyjazna dla u\u017cytkownika regulacja okresu dzia\u0142ania<\/li><li>Konfiguracja zdarze\u0144 specjalnych<\/li><li>Stan aktywno\u015bci w czasie rzeczywistym<\/li><li>Zintegrowany wykres lub status kompaktowy<\/li> <\/ul><p><a href=\"#demo\">Wystarczy sprawdzi\u0107 t\u0119 wersj\u0119 demonstracyjn\u0105, aby uzyska\u0107 pe\u0142ny obraz<\/a><\/p><\/div> <div class=\"application-platform-content-item-installation application-platform-content-item\" id=\"installation\" data-nav-section=\"installation\"> <h2>Jak zainstalowa\u0107 Godziny pracy na mojej stronie Jimdo?<\/h2> <p>Wystarczy post\u0119powa\u0107 zgodnie z poni\u017cszymi instrukcjami, aby zintegrowa\u0107 wtyczk\u0119 ze statusem swojej aktywno\u015bci. <\/p> <ol><li><b>Uruchom nasz edytor i rozpocznij tworzenie niestandardowej wtyczki bez kodu. <\/b><br> Znajd\u017a wybran\u0105 form\u0119 i funkcje wtyczki i zastosuj modyfikacje. <\/li> <li><b>Zdob\u0105d\u017a indywidualny kod wy\u015bwietlany w oknie aplikacji Elfsight. <\/b><br> Po zako\u0144czeniu tworzenia osobistej aplikacji dotycz\u0105cej godzin aktywno\u015bci bez kodowania skopiuj ekskluzywny kod z wy\u015bwietlonego wyskakuj\u0105cego okienka i zachowaj go na p\u00f3\u017aniej. <\/li> <li><b>Zacznij u\u017cywa\u0107 wtyczki na stronie Jimdo. <\/b><br> Zintegruj ostatnio skopiowany kod ze swoj\u0105 stron\u0105 g\u0142\u00f3wn\u0105 i zastosuj ulepszenia. <\/li> <li><b>Gotowe! Integracja Twoich godzin pracy bez kodu zosta\u0142a w pe\u0142ni zrealizowana. <\/b><br> Przejd\u017a do swojej witryny, aby sprawdzi\u0107, jak dzia\u0142a aplikacja godzin pracy. <\/li><\/ol> <p>Je\u015bli napotkasz jakiekolwiek trudno\u015bci, napisz do naszego zespo\u0142u wsparcia. Nasi pracownicy ch\u0119tnie odpowiedz\u0105 na wszystkie pytania dotycz\u0105ce produktu Jimdo. <\/p> <\/div>","protected":false},"excerpt":{"rendered":"","protected":false},"author":9,"featured_media":0,"parent":3385,"menu_order":0,"comment_status":"closed","ping_status":"closed","template":"templates\/template-application-platform.php","meta":{"publish_to_discourse":"","publish_post_category":"","wpdc_auto_publish_overridden":"","wpdc_topic_tags":"","wpdc_pin_topic":"","wpdc_pin_until":"","discourse_post_id":"","discourse_permalink":"","wpdc_publishing_response":"","wpdc_publishing_error":"","footnotes":""},"class_list":["post-4504","page","type-page","status-publish","hentry"],"yoast_head":"<!-- This site is optimized with the Yoast SEO plugin v25.3.1 - https:\/\/yoast.com\/wordpress\/plugins\/seo\/ -->\n<title>Dodaj godziny pracy do Jimdo \u2014 osadzaj szybkie godziny aktywno\u015bci za darmo<\/title>\n<meta name=\"description\" content=\"Umie\u015b\u0107 regulowany wid\u017cet godzin pracy na Jimdo, aby udost\u0119pnia\u0107 sw\u00f3j status pracy. Stw\u00f3rz swoje osobiste godziny pracy za pomoc\u0105 wersji demonstracyjnej.\" \/>\n<meta name=\"robots\" content=\"index, follow, max-snippet:-1, max-image-preview:large, max-video-preview:-1\" \/>\n<link rel=\"canonical\" href=\"https:\/\/elfsight.com\/pl\/business-hours-widget\/jimdo\/\" \/>\n<meta property=\"og:locale\" content=\"pl_PL\" \/>\n<meta property=\"og:type\" content=\"article\" \/>\n<meta property=\"og:title\" content=\"Dodaj godziny pracy do Jimdo \u2014 osadzaj szybkie godziny aktywno\u015bci za darmo\" \/>\n<meta property=\"og:description\" content=\"Umie\u015b\u0107 regulowany wid\u017cet godzin pracy na Jimdo, aby udost\u0119pnia\u0107 sw\u00f3j status pracy. Stw\u00f3rz swoje osobiste godziny pracy za pomoc\u0105 wersji demonstracyjnej.\" \/>\n<meta property=\"og:url\" content=\"https:\/\/elfsight.com\/pl\/business-hours-widget\/jimdo\/\" \/>\n<meta property=\"og:site_name\" content=\"Elfsight PL\" \/>\n<meta property=\"article:modified_time\" content=\"2024-10-24T13:15:49+00:00\" \/>\n<meta name=\"twitter:card\" content=\"summary_large_image\" \/>\n<meta name=\"twitter:label1\" content=\"Szacowany czas czytania\" \/>\n\t<meta name=\"twitter:data1\" content=\"4 minuty\" \/>\n<!-- \/ Yoast SEO plugin. -->","yoast_head_json":{"title":"Dodaj godziny pracy do Jimdo \u2014 osadzaj szybkie godziny aktywno\u015bci za darmo","description":"Umie\u015b\u0107 regulowany wid\u017cet godzin pracy na Jimdo, aby udost\u0119pnia\u0107 sw\u00f3j status pracy. Stw\u00f3rz swoje osobiste godziny pracy za pomoc\u0105 wersji demonstracyjnej.","robots":{"index":"index","follow":"follow","max-snippet":"max-snippet:-1","max-image-preview":"max-image-preview:large","max-video-preview":"max-video-preview:-1"},"canonical":"https:\/\/elfsight.com\/pl\/business-hours-widget\/jimdo\/","og_locale":"pl_PL","og_type":"article","og_title":"Dodaj godziny pracy do Jimdo \u2014 osadzaj szybkie godziny aktywno\u015bci za darmo","og_description":"Umie\u015b\u0107 regulowany wid\u017cet godzin pracy na Jimdo, aby udost\u0119pnia\u0107 sw\u00f3j status pracy. Stw\u00f3rz swoje osobiste godziny pracy za pomoc\u0105 wersji demonstracyjnej.","og_url":"https:\/\/elfsight.com\/pl\/business-hours-widget\/jimdo\/","og_site_name":"Elfsight PL","article_modified_time":"2024-10-24T13:15:49+00:00","twitter_card":"summary_large_image","twitter_misc":{"Szacowany czas czytania":"4 minuty"},"schema":{"@context":"https:\/\/schema.org","@graph":[{"@type":"WebPage","@id":"https:\/\/elfsight.com\/pl\/business-hours-widget\/jimdo\/","url":"https:\/\/elfsight.com\/pl\/business-hours-widget\/jimdo\/","name":"Dodaj godziny pracy do Jimdo \u2014 osadzaj szybkie godziny aktywno\u015bci za darmo","isPartOf":{"@id":"https:\/\/elfsight.com\/pl\/#website"},"datePublished":"2024-05-03T06:30:58+00:00","dateModified":"2024-10-24T13:15:49+00:00","description":"Umie\u015b\u0107 regulowany wid\u017cet godzin pracy na Jimdo, aby udost\u0119pnia\u0107 sw\u00f3j status pracy. Stw\u00f3rz swoje osobiste godziny pracy za pomoc\u0105 wersji demonstracyjnej.","breadcrumb":{"@id":"https:\/\/elfsight.com\/pl\/business-hours-widget\/jimdo\/#breadcrumb"},"inLanguage":"pl-PL","potentialAction":[{"@type":"ReadAction","target":["https:\/\/elfsight.com\/pl\/business-hours-widget\/jimdo\/"]}]},{"@type":"BreadcrumbList","@id":"https:\/\/elfsight.com\/pl\/business-hours-widget\/jimdo\/#breadcrumb","itemListElement":[{"@type":"ListItem","position":1,"name":"Home","item":"https:\/\/elfsight.com\/pl\/"},{"@type":"ListItem","position":2,"name":"Business Hours","item":"https:\/\/elfsight.com\/pl\/business-hours-widget\/"},{"@type":"ListItem","position":3,"name":"Business Hours &#8211; Jimdo"}]},{"@type":"WebSite","@id":"https:\/\/elfsight.com\/pl\/#website","url":"https:\/\/elfsight.com\/pl\/","name":"Elfsight PL","description":"Just another Elfsight Sites site","potentialAction":[{"@type":"SearchAction","target":{"@type":"EntryPoint","urlTemplate":"https:\/\/elfsight.com\/pl\/?s={search_term_string}"},"query-input":{"@type":"PropertyValueSpecification","valueRequired":true,"valueName":"search_term_string"}}],"inLanguage":"pl-PL"}]}},"meta_box":{"industry":"","seo_heading":"","heading":"","description":"","cta_heading":"","cta_description":"","application":"3354","h1":"Wid\u017cet godzin pracy Jimdo","h1_caption":"Wy\u015bwietlaj godziny otwarcia w przejrzystym i atrakcyjnym formacie, aby bez wysi\u0142ku poinformowa\u0107 odwiedzaj\u0105cych o Twojej dost\u0119pno\u015bci na Twojej stronie internetowej Jimdo.","application_category":[],"applications_title":"","applications_request_title":"","applications_request_button_text":"","hero_text":"","hero_video":"","hero_video_schema_markup":"","selling_points_title":"","selling_points_caption":"","selling_points":[],"selling_points_cta_text":"","features_title":"","features":"","ed_cta_examples_text":"","ed_cta_examples_hidden":"","ed_cta_demo_text":"","ed_cta_demo_hidden":"","why_caption":"","why_editor_title":"","why_editor_text":"","why_team_title":"","why_team_text":"","why_service_title":"","why_service_text":"","template_catalog_visible":"","template_catalog_title":"","template_catalog_text":"","template_catalog_categories_visible":"","demo_title":"Pospiesz si\u0119, aby skomponowa\u0107 dostosowane do indywidualnych potrzeb godziny pracy Jimdo","demo_caption":"Dostosuj go i wstaw widget na swoj\u0105 stron\u0119, korzystaj\u0105c z wersji demonstracyjnej na \u017cywo.","default_faq_hidden":"","app_template_category":[],"platform":"193","template_public_id":"","codecanyon_url":"","codecanyon_item_id":"","codecanyon_price":"","pricing_caption":"","pricing_elfsight_apps_hide_column":"","pricing_elfsight_apps_url":"","pricing_codecanyon_price_caption":"","integration_category":[],"integration_request_title":"","integration_request_cta":"","integration_platform":"","integrations":[],"platform_category":[],"video_schema_markup":"","price":"od 0 USD \/ miesi\u0105c","trial":"","benefits":[{"text":"Bezp\u0142atna us\u0142uga monta\u017cu"},{"text":"Do\u015bwiadczona obs\u0142uga klienta"},{"text":"14-dniowa gwarancja zwrotu pieni\u0119dzy"}],"button_url":"#demo","button_target_blank":"","button_nofollow":"","attributes":[{"name":"Instaluje"},{"name":"Czu\u0142y"},{"name":"Kompatybilne przegl\u0105darki"}],"tags":[],"tags_disable_links":"","hide_more_platforms":"","video_object":"","demo_hide_cta":"","demo_hide_cloud_options":"","pricing_title":"","pricing":[{"pricing_icon":"platform","pricing_title":"Elfsight Apps","pricing_title_caption":"Wersja niezale\u017cna od platformy, kt\u00f3ra pasuje do ka\u017cdej witryny internetowej","pricing_price":"od 0 USD \/ miesi\u0105c","pricing_price_caption":"zacznij od bezp\u0142atnego planu","pricing_benefits":[{"text":"Nielimitowane strony internetowe"},{"text":"Bezp\u0142atne i terminowe wsparcie"},{"text":"Bezp\u0142atna pomoc w instalacji"},{"text":"W pe\u0142ni konfigurowalny"}],"pricing_button_text":"Dodaj do witryny","pricing_button_url":"#demo"}],"related_apps_title":"","related_apps_hidden":"","author":"","image":[],"title":"","job":"","social_networks":[]},"_links":{"self":[{"href":"https:\/\/elfsight.com\/pl\/wp-json\/wp\/v2\/pages\/4504","targetHints":{"allow":["GET"]}}],"collection":[{"href":"https:\/\/elfsight.com\/pl\/wp-json\/wp\/v2\/pages"}],"about":[{"href":"https:\/\/elfsight.com\/pl\/wp-json\/wp\/v2\/types\/page"}],"author":[{"embeddable":true,"href":"https:\/\/elfsight.com\/pl\/wp-json\/wp\/v2\/users\/9"}],"replies":[{"embeddable":true,"href":"https:\/\/elfsight.com\/pl\/wp-json\/wp\/v2\/comments?post=4504"}],"version-history":[{"count":1,"href":"https:\/\/elfsight.com\/pl\/wp-json\/wp\/v2\/pages\/4504\/revisions"}],"predecessor-version":[{"id":4508,"href":"https:\/\/elfsight.com\/pl\/wp-json\/wp\/v2\/pages\/4504\/revisions\/4508"}],"up":[{"embeddable":true,"href":"https:\/\/elfsight.com\/pl\/wp-json\/wp\/v2\/pages\/3385"}],"wp:attachment":[{"href":"https:\/\/elfsight.com\/pl\/wp-json\/wp\/v2\/media?parent=4504"}],"curies":[{"name":"wp","href":"https:\/\/api.w.org\/{rel}","templated":true}]}}