{"id":4503,"date":"2024-05-03T06:30:57","date_gmt":"2024-05-03T06:30:57","guid":{"rendered":"https:\/\/elfsight.com\/pl\/?page_id=4503"},"modified":"2024-10-24T13:15:32","modified_gmt":"2024-10-24T13:15:32","slug":"prestashop","status":"publish","type":"page","link":"https:\/\/elfsight.com\/pl\/business-hours-widget\/prestashop\/","title":{"rendered":"Business Hours &#8211; PrestaShop"},"content":{"rendered":"<div class=\"application-platform-content-item-description application-platform-content-item\" id=\"description\" data-nav-section=\"description\"><h2>Osad\u017a godziny pracy w PrestaShop za pomoc\u0105 dodatku Elfsight<\/h2> <p>Elfsight godziny pracy dla PrestaShop to prosty wid\u017cet niewymagaj\u0105cy kodu, kt\u00f3ry pozwala skonstruowa\u0107 atrakcyjn\u0105 wizyt\u00f3wk\u0119 zawieraj\u0105c\u0105 kluczowe momenty dotycz\u0105ce Twojej organizacji. Mo\u017cesz udost\u0119pnia\u0107 informacje o aktualnym statusie swojej firmy oraz udost\u0119pnia\u0107 kontakty swoim odbiorcom. Wid\u017cet pozwala na tworzenie atrakcyjnych projekt\u00f3w, dzi\u0119ki kt\u00f3rym odwiedzaj\u0105cy b\u0119d\u0105 mogli \u0142atwo zapozna\u0107 si\u0119 ze wszystkimi potrzebnymi danymi w skr\u00f3cie lub bardziej szczeg\u00f3\u0142owo. <\/p><p>Doskona\u0142y widget posiada szablony, dzi\u0119ki kt\u00f3rym mo\u017cesz wybra\u0107 najbardziej efektywn\u0105 opcj\u0119 dla swojej witryny. Ka\u017cdy szablon zawiera regulowane ustawienia, kt\u00f3re pomog\u0105 Ci stworzy\u0107 niestandardowe rozwi\u0105zanie z niezb\u0119dnymi elementami zwi\u0119kszaj\u0105cymi sprzeda\u017c. Integracja godzin pracy i danych kontaktowych ze stronami Twojej witryny jest ca\u0142kowicie prosta dzi\u0119ki Elfsight dzi\u0119ki przejrzystym samouczkom i przewodnikom. Ka\u017cdy redaktor witryny internetowej mo\u017ce bezp\u0142atnie utworzy\u0107 i osadzi\u0107 wid\u017cet godzin pracy bez kodu<\/p> <p><b>Umie\u015b\u0107 szczeg\u00f3\u0142y firmy w swojej witrynie, aby zwi\u0119kszy\u0107 wska\u017aniki sprzeda\u017cy i lojalno\u015b\u0107 klient\u00f3w. Wy\u015bwietlaj istotne informacje na temat okres\u00f3w pracy w schludny spos\u00f3b. <\/b><\/p> <p>Dzi\u0119ki temu wid\u017cetowi wbudowanemu w Twoj\u0105 witryn\u0119 PrestaShop mo\u017cesz zwi\u0119kszy\u0107 \u015bwiadomo\u015b\u0107 odbiorc\u00f3w na temat Twojej dzia\u0142alno\u015bci biznesowej i regularnie dokonywa\u0107 sprzeda\u017cy. Zobacz szereg najbardziej oczywistych korzy\u015bci dla swojej witryny internetowej po osadzeniu wid\u017cetu dzia\u0142aj\u0105cych ramek bez kodu. <\/p><ul><li><b>Pozw\u00f3l swoim klientom by\u0107 zawsze na czas. <\/b> Zwi\u0119kszaj sprzeda\u017c, b\u0119d\u0105c jednocze\u015bnie w kontakcie w okre\u015blonych ramach roboczych. Odwiedzaj\u0105cy Twoj\u0105 witryn\u0119 zobacz\u0105 godziny Twojej aktywno\u015bci i b\u0119d\u0105 bardziej zdecydowani na dokonanie udanego zakupu, gdy b\u0119d\u0105 gotowi. <\/li><li><b>Unikaj nieporozumie\u0144 na temat godzin pracy. <\/b> Pokazywanie klientom na stronie przyzwoitych czas\u00f3w pracy sprawi, \u017ce b\u0119d\u0105 bardziej lojalni wobec Twojej organizacji, poniewa\u017c b\u0119d\u0105 mogli zaplanowa\u0107 rezerwacj\u0119 lub wizyt\u0119 u Ciebie. <\/li><li><b>Udost\u0119pniaj kontakty w przejrzysty spos\u00f3b. <\/b> Dodanie danych kontaktowych do wid\u017cetu godzin pracy bez kodu umo\u017cliwia lepsz\u0105 komunikacj\u0119 z odbiorcami i przyspieszenie sprzeda\u017cy. Poka\u017c, \u017ce jeste\u015b tutaj, aby odpowiedzie\u0107 na ich pytania dotycz\u0105ce produkt\u00f3w i us\u0142ug Twojej firmy. <\/li><\/ul><div class=\"faq\" data-component=\"FAQ\"><div class=\"faq-item\">\r\n\t\t\t\t\t<div class=\"faq-item-question\">\r\n\t\t\t\t\t\t<h3 class=\"faq-item-question-text\">Czy s\u0105 jakie\u015b inne wtyczki do PrestaShop, kt\u00f3re mog\u0119 doda\u0107 do mojej witryny?<\/h3>\r\n\r\n\t\t\t\t\t\t<div class=\"faq-item-question-icon\"><\/div>\r\n\t\t\t\t\t<\/div>\r\n\r\n\t\t\t\t\t<div class=\"faq-item-answer\">\r\n\t\t\t\t\t\t<div class=\"faq-item-answer-text\">Mo\u017cemy zaoferowa\u0107 Ci wiele wtyczek, kt\u00f3re pozwol\u0105 Ci dopasowa\u0107 si\u0119 do dowolnego celu na Twojej witrynie strona. Przekonaj si\u0119 sam: <a href=\"https:\/\/elfsight.com\/google-reviews-widget\/prestashop\/\" target=\"_blank\" rel=\"noopener\">Recenzje Google<\/a>, <a href=\"https:\/\/elfsight.com\/whatsapp-chat-widget\/prestashop\/\" target=\"_blank\" rel=\"noopener\">Czat WhatsApp<\/a>, <a href=\"https:\/\/elfsight.com\/event-calendar -widget\/prestashop\/\" target=\"_blank\" rel=\"noopener\">Kalendarz wydarze\u0144<\/a>, <a href=\"https:\/\/elfsight.com\/countdown-timer-widget\/prestashop\/\" target=\"_blank \" rel=\"noopener\">Licznik czasu<\/a>, <a href=\"https:\/\/elfsight.com\/qr-code-widget\/prestashop\/\" target=\"_blank\" rel=\"noopener\">Kod QR<\/a>. <\/div>\r\n\t\t\t\t\t<\/div>\r\n\t\t\t\t<\/div><div class=\"faq-item\">\r\n\t\t\t\t\t<div class=\"faq-item-question\">\r\n\t\t\t\t\t\t<h3 class=\"faq-item-question-text\">Jak mog\u0119 skorzysta\u0107 z godzin pracy w PrestaShop?<\/h3>\r\n\r\n\t\t\t\t\t\t<div class=\"faq-item-question-icon\"><\/div>\r\n\t\t\t\t\t<\/div>\r\n\r\n\t\t\t\t\t<div class=\"faq-item-answer\">\r\n\t\t\t\t\t\t<div class=\"faq-item-answer-text\">Istnieje wiele scenariuszy poprawy statystyk sukcesu i wynik\u00f3w sprzeda\u017cy poprzez dodanie wtyczki Godziny pracy. Dzi\u0119ki szablonom Elfsight dla tej ekscytuj\u0105cej wtyczki dla witryn mo\u017cesz odkry\u0107 niestandardowe rozwi\u0105zanie biznesowe. Mo\u017cesz albo wy\u015bwietli\u0107 rozszerzone informacje o godzinach pracy, albo po prostu osadzi\u0107 kompaktowe wyskakuj\u0105ce okienko aktualnego stanu. Za pomoc\u0105 wtyczki Godziny pracy mo\u017cesz tworzy\u0107 karty kontaktowe i dodawa\u0107 je do wymaganych obszar\u00f3w witryny, aby przyku\u0107 uwag\u0119 i poinformowa\u0107 odbiorc\u00f3w o swojej aktywno\u015bci, co zainspiruje sprzeda\u017c. <\/div>\r\n\t\t\t\t\t<\/div>\r\n\t\t\t\t<\/div><div class=\"faq-item\">\r\n\t\t\t\t\t<div class=\"faq-item-question\">\r\n\t\t\t\t\t\t<h3 class=\"faq-item-question-text\">Jak osadzi\u0107 godziny pracy bez kodu w witrynach PrestaShop?<\/h3>\r\n\r\n\t\t\t\t\t\t<div class=\"faq-item-question-icon\"><\/div>\r\n\t\t\t\t\t<\/div>\r\n\r\n\t\t\t\t\t<div class=\"faq-item-answer\">\r\n\t\t\t\t\t\t<div class=\"faq-item-answer-text\">W\u0142\u0105czenie wtyczki godzin pracy do witryny PrestaShop to \u015bwietna metoda nawi\u0105zania kontaktu z klientami i poinformowania ich o Twoim wa\u017cnym czasie i statusie w celu sprzeda\u017cy lub oferowania us\u0142ug. Oferujemy kilka tutoriali na temat dodawania bezp\u0142atnej wtyczki godzin pracy do Twojej witryny. <ol><li>Aby w\u0142\u0105czy\u0107 wtyczk\u0119 Elfsight Business Hours za darmo do PrestaShop, wejd\u017a na stron\u0119 Elfsight i za\u0142\u00f3\u017c konto. <\/li><li>Stw\u00f3rz bezp\u0142atn\u0105 wtyczk\u0119 Godziny pracy, dostosowuj\u0105c jej wygl\u0105d i ustawienia do projektu swojej witryny. <\/li><li>Po dostosowaniu godzin pracy skopiuj konkretny fragment kodu i wklej go w swojej witrynie internetowej, w kt\u00f3rej chcesz, aby wtyczka dzia\u0142a\u0142a. <\/li><\/ol>Umieszczaj\u0105c godziny pracy na swojej stronie PrestaShop, z pewno\u015bci\u0105 zwi\u0119kszysz jej atrakcyjno\u015b\u0107 wizualn\u0105 i zapewnisz stabiln\u0105 lojalno\u015b\u0107 odwiedzaj\u0105cych. Wypr\u00f3buj bezp\u0142atnie wtyczk\u0119 Elfsight Business Hours!<\/div>\r\n\t\t\t\t\t<\/div>\r\n\t\t\t\t<\/div><\/div><\/div> <div class=\"application-platform-content-item-features application-platform-content-item\" id=\"features\" data-nav-section=\"features\"> <h2>Oto lista najwa\u017cniejszych funkcji:<\/h2> <ul><li>Wy\u015bwietlaj dost\u0119pno\u015b\u0107 swojej firmy w czasie rzeczywistym<\/li><li>\u0141atwa konfiguracja rozk\u0142adu jazdy<\/li><li>Konfiguracja dni \u015bwi\u0105tecznych<\/li><li>Wskazanie aktualnego stanu<\/li><li> Zintegrowana siatka lub stan oszcz\u0119dzaj\u0105cy miejsce<\/li><\/ul><p><a href=\"#demo\">Przetestuj wszystkie opcje dostosowywania w pe\u0142ni funkcjonalnej wersji demonstracyjnej<\/a><\/p><\/div> [ application_platform_content_item id=&#8221;installation&#8221;] <h2>Jak w\u0142\u0105czy\u0107 godziny pracy do mojej witryny PrestaShop?<\/h2> <p>Wystarczy post\u0119powa\u0107 zgodnie z poni\u017cszymi wskaz\u00f3wkami, aby uzyska\u0107 dost\u0119p do aplikacji ze swoim statusem pracy. <\/p> <ol><li><b>Otw\u00f3rz nasz\u0105 wersj\u0119 demonstracyjn\u0105 i rozpocznij tworzenie niestandardowej wtyczki bez kodu. <\/b><br> Wybierz preferowany wygl\u0105d i funkcjonalno\u015b\u0107 wtyczki oraz zastosuj modyfikacje. <\/li> <li><b>Zdob\u0105d\u017a sw\u00f3j indywidualny kod widoczny w oknie aplikacji Elfsight. <\/b><br> Po zako\u0144czeniu konfiguracji aplikacji godzin aktywno\u015bci bez kodu skopiuj ekskluzywny kod z wy\u015bwietlonego wyskakuj\u0105cego okienka i zachowaj go na p\u00f3\u017aniej. <\/li> <li><b>Rozpocznij korzystanie z aplikacji na stronie g\u0142\u00f3wnej PrestaShop. <\/b><br> Dodaj wcze\u015bniej zapisany kod do swojej strony internetowej i zapisz zmiany. <\/li> <li><b>Konfiguracja godzin pracy bez kodu zosta\u0142a pomy\u015blnie przeprowadzona. <\/b><br> Przejd\u017a do swojej witryny, aby sprawdzi\u0107 dzia\u0142anie dodanej wtyczki godzin pracy. <\/li><\/ol> <p>Je\u015bli napotkasz jakiekolwiek trudno\u015bci, mo\u017cesz zwr\u00f3ci\u0107 si\u0119 do naszego personelu obs\u0142ugi klienta. Nasi specjali\u015bci pragn\u0105 rozwi\u0105za\u0107 wszystkie problemy, jakie mo\u017cesz mie\u0107 z aplikacj\u0105 dla PrestaShop. <\/p>[\/application_platform_content_item]","protected":false},"excerpt":{"rendered":"[ application_platform_content_item id=&#8221;installation&#8221;] Jak w\u0142\u0105czy\u0107 godziny pracy do mojej witryny PrestaShop? Wystarczy post\u0119powa\u0107 zgodnie z poni\u017cszymi wskaz\u00f3wkami, aby uzyska\u0107 dost\u0119p do aplikacji ze swoim statusem pracy. Otw\u00f3rz nasz\u0105 wersj\u0119 demonstracyjn\u0105 i rozpocznij tworzenie niestandardowej wtyczki bez kodu. Wybierz preferowany wygl\u0105d i funkcjonalno\u015b\u0107 wtyczki oraz zastosuj modyfikacje. Zdob\u0105d\u017a sw\u00f3j indywidualny kod&#8230;","protected":false},"author":9,"featured_media":0,"parent":3385,"menu_order":0,"comment_status":"closed","ping_status":"closed","template":"templates\/template-application-platform.php","meta":{"publish_to_discourse":"","publish_post_category":"","wpdc_auto_publish_overridden":"","wpdc_topic_tags":"","wpdc_pin_topic":"","wpdc_pin_until":"","discourse_post_id":"","discourse_permalink":"","wpdc_publishing_response":"","wpdc_publishing_error":"","footnotes":""},"class_list":["post-4503","page","type-page","status-publish","hentry"],"yoast_head":"<!-- This site is optimized with the Yoast SEO plugin v25.3.1 - https:\/\/yoast.com\/wordpress\/plugins\/seo\/ -->\n<title>Dodaj godziny pracy do PrestaShop - Osad\u017a kontakty i harmonogram<\/title>\n<meta name=\"description\" content=\"Dodaj konfigurowalny wid\u017cet godzin pracy do PrestaShop, aby udost\u0119pnia\u0107 sw\u00f3j status pracy. Stw\u00f3rz sw\u00f3j osobisty widget godzin pracy w wersji demonstracyjnej.\" \/>\n<meta name=\"robots\" content=\"index, follow, max-snippet:-1, max-image-preview:large, max-video-preview:-1\" \/>\n<link rel=\"canonical\" href=\"https:\/\/elfsight.com\/pl\/business-hours-widget\/prestashop\/\" \/>\n<meta property=\"og:locale\" content=\"pl_PL\" \/>\n<meta property=\"og:type\" content=\"article\" \/>\n<meta property=\"og:title\" content=\"Dodaj godziny pracy do PrestaShop - Osad\u017a kontakty i harmonogram\" \/>\n<meta property=\"og:description\" content=\"Dodaj konfigurowalny wid\u017cet godzin pracy do PrestaShop, aby udost\u0119pnia\u0107 sw\u00f3j status pracy. Stw\u00f3rz sw\u00f3j osobisty widget godzin pracy w wersji demonstracyjnej.\" \/>\n<meta property=\"og:url\" content=\"https:\/\/elfsight.com\/pl\/business-hours-widget\/prestashop\/\" \/>\n<meta property=\"og:site_name\" content=\"Elfsight PL\" \/>\n<meta property=\"article:modified_time\" content=\"2024-10-24T13:15:32+00:00\" \/>\n<meta name=\"twitter:card\" content=\"summary_large_image\" \/>\n<meta name=\"twitter:label1\" content=\"Szacowany czas czytania\" \/>\n\t<meta name=\"twitter:data1\" content=\"5 minut\" \/>\n<!-- \/ Yoast SEO plugin. -->","yoast_head_json":{"title":"Dodaj godziny pracy do PrestaShop - Osad\u017a kontakty i harmonogram","description":"Dodaj konfigurowalny wid\u017cet godzin pracy do PrestaShop, aby udost\u0119pnia\u0107 sw\u00f3j status pracy. Stw\u00f3rz sw\u00f3j osobisty widget godzin pracy w wersji demonstracyjnej.","robots":{"index":"index","follow":"follow","max-snippet":"max-snippet:-1","max-image-preview":"max-image-preview:large","max-video-preview":"max-video-preview:-1"},"canonical":"https:\/\/elfsight.com\/pl\/business-hours-widget\/prestashop\/","og_locale":"pl_PL","og_type":"article","og_title":"Dodaj godziny pracy do PrestaShop - Osad\u017a kontakty i harmonogram","og_description":"Dodaj konfigurowalny wid\u017cet godzin pracy do PrestaShop, aby udost\u0119pnia\u0107 sw\u00f3j status pracy. Stw\u00f3rz sw\u00f3j osobisty widget godzin pracy w wersji demonstracyjnej.","og_url":"https:\/\/elfsight.com\/pl\/business-hours-widget\/prestashop\/","og_site_name":"Elfsight PL","article_modified_time":"2024-10-24T13:15:32+00:00","twitter_card":"summary_large_image","twitter_misc":{"Szacowany czas czytania":"5 minut"},"schema":{"@context":"https:\/\/schema.org","@graph":[{"@type":"WebPage","@id":"https:\/\/elfsight.com\/pl\/business-hours-widget\/prestashop\/","url":"https:\/\/elfsight.com\/pl\/business-hours-widget\/prestashop\/","name":"Dodaj godziny pracy do PrestaShop - Osad\u017a kontakty i harmonogram","isPartOf":{"@id":"https:\/\/elfsight.com\/pl\/#website"},"datePublished":"2024-05-03T06:30:57+00:00","dateModified":"2024-10-24T13:15:32+00:00","description":"Dodaj konfigurowalny wid\u017cet godzin pracy do PrestaShop, aby udost\u0119pnia\u0107 sw\u00f3j status pracy. Stw\u00f3rz sw\u00f3j osobisty widget godzin pracy w wersji demonstracyjnej.","breadcrumb":{"@id":"https:\/\/elfsight.com\/pl\/business-hours-widget\/prestashop\/#breadcrumb"},"inLanguage":"pl-PL","potentialAction":[{"@type":"ReadAction","target":["https:\/\/elfsight.com\/pl\/business-hours-widget\/prestashop\/"]}]},{"@type":"BreadcrumbList","@id":"https:\/\/elfsight.com\/pl\/business-hours-widget\/prestashop\/#breadcrumb","itemListElement":[{"@type":"ListItem","position":1,"name":"Home","item":"https:\/\/elfsight.com\/pl\/"},{"@type":"ListItem","position":2,"name":"Business Hours","item":"https:\/\/elfsight.com\/pl\/business-hours-widget\/"},{"@type":"ListItem","position":3,"name":"Business Hours &#8211; PrestaShop"}]},{"@type":"WebSite","@id":"https:\/\/elfsight.com\/pl\/#website","url":"https:\/\/elfsight.com\/pl\/","name":"Elfsight PL","description":"Just another Elfsight Sites site","potentialAction":[{"@type":"SearchAction","target":{"@type":"EntryPoint","urlTemplate":"https:\/\/elfsight.com\/pl\/?s={search_term_string}"},"query-input":{"@type":"PropertyValueSpecification","valueRequired":true,"valueName":"search_term_string"}}],"inLanguage":"pl-PL"}]}},"meta_box":{"industry":"","seo_heading":"","heading":"","description":"","cta_heading":"","cta_description":"","application":"3354","h1":"Dodatek Godziny pracy PrestaShop","h1_caption":"Wy\u015bwietlaj godziny otwarcia w przejrzystym i atrakcyjnym formacie, aby bez wysi\u0142ku informowa\u0107 odwiedzaj\u0105cych o Twojej dost\u0119pno\u015bci na Twojej stronie Prestashop.","application_category":[],"applications_title":"","applications_request_title":"","applications_request_button_text":"","hero_text":"","hero_video":"","hero_video_schema_markup":"","selling_points_title":"","selling_points_caption":"","selling_points":[],"selling_points_cta_text":"","features_title":"","features":"","ed_cta_examples_text":"","ed_cta_examples_hidden":"","ed_cta_demo_text":"","ed_cta_demo_hidden":"","why_caption":"","why_editor_title":"","why_editor_text":"","why_team_title":"","why_team_text":"","why_service_title":"","why_service_text":"","template_catalog_visible":"","template_catalog_title":"","template_catalog_text":"","template_catalog_categories_visible":"","demo_title":"\u015amia\u0142o, mo\u017cesz ustali\u0107 niestandardowe godziny pracy PrestaShop","demo_caption":"Dostosuj je i wstaw narz\u0119dzie na swoj\u0105 stron\u0119 internetow\u0105 za pomoc\u0105 wersji demonstracyjnej na \u017cywo.","default_faq_hidden":"","app_template_category":[],"platform":"586","template_public_id":"","codecanyon_url":"","codecanyon_item_id":"","codecanyon_price":"","pricing_caption":"","pricing_elfsight_apps_hide_column":"","pricing_elfsight_apps_url":"","pricing_codecanyon_price_caption":"","integration_category":[],"integration_request_title":"","integration_request_cta":"","integration_platform":"","integrations":[],"platform_category":[],"video_schema_markup":"","price":"od 0 USD \/ miesi\u0105c","trial":"","benefits":[{"text":"Bezp\u0142atna pomoc w monta\u017cu"},{"text":"Do\u015bwiadczona obs\u0142uga klienta"},{"text":"14-dniowa gwarancja zwrotu pieni\u0119dzy"}],"button_url":"#demo","button_target_blank":"","button_nofollow":"","attributes":[{"name":"Instaluje"},{"name":"Czu\u0142y"},{"name":"Kompatybilne przegl\u0105darki"}],"tags":[],"tags_disable_links":"","hide_more_platforms":"","video_object":"","demo_hide_cta":"","demo_hide_cloud_options":"","pricing_title":"","pricing":[{"pricing_icon":"platform","pricing_title":"Elfsight Apps","pricing_title_caption":"Wersja wieloplatformowa, kt\u00f3ra dzia\u0142a na ka\u017cdej stronie internetowej","pricing_price":"od 0 USD \/ miesi\u0105c","pricing_price_caption":"zacznij od bezp\u0142atnego planu","pricing_benefits":[{"text":"Nielimitowane strony internetowe"},{"text":"Najwy\u017csza obs\u0142uga klienta"},{"text":"Bezp\u0142atne wsparcie instalacyjne"},{"text":"100% konfigurowalny"}],"pricing_button_text":"Dodaj do witryny","pricing_button_url":"#demo"}],"related_apps_title":"","related_apps_hidden":"","author":"","image":[],"title":"","job":"","social_networks":[]},"_links":{"self":[{"href":"https:\/\/elfsight.com\/pl\/wp-json\/wp\/v2\/pages\/4503","targetHints":{"allow":["GET"]}}],"collection":[{"href":"https:\/\/elfsight.com\/pl\/wp-json\/wp\/v2\/pages"}],"about":[{"href":"https:\/\/elfsight.com\/pl\/wp-json\/wp\/v2\/types\/page"}],"author":[{"embeddable":true,"href":"https:\/\/elfsight.com\/pl\/wp-json\/wp\/v2\/users\/9"}],"replies":[{"embeddable":true,"href":"https:\/\/elfsight.com\/pl\/wp-json\/wp\/v2\/comments?post=4503"}],"version-history":[{"count":1,"href":"https:\/\/elfsight.com\/pl\/wp-json\/wp\/v2\/pages\/4503\/revisions"}],"predecessor-version":[{"id":4507,"href":"https:\/\/elfsight.com\/pl\/wp-json\/wp\/v2\/pages\/4503\/revisions\/4507"}],"up":[{"embeddable":true,"href":"https:\/\/elfsight.com\/pl\/wp-json\/wp\/v2\/pages\/3385"}],"wp:attachment":[{"href":"https:\/\/elfsight.com\/pl\/wp-json\/wp\/v2\/media?parent=4503"}],"curies":[{"name":"wp","href":"https:\/\/api.w.org\/{rel}","templated":true}]}}