{"id":4501,"date":"2024-05-03T06:30:55","date_gmt":"2024-05-03T06:30:55","guid":{"rendered":"https:\/\/elfsight.com\/pl\/?page_id=4501"},"modified":"2024-11-14T12:35:50","modified_gmt":"2024-11-14T12:35:50","slug":"wix","status":"publish","type":"page","link":"https:\/\/elfsight.com\/pl\/booking-reviews-widget\/wix\/","title":{"rendered":"Booking Reviews &#8211; Wix"},"content":{"rendered":"<div class=\"application-platform-content-item-description application-platform-content-item\" id=\"description\" data-nav-section=\"description\"> <h2>Opis<\/h2> <p>Je\u015bli chcesz wyrazi\u0107 swoje uznanie w\u015br\u00f3d klient\u00f3w i przekona\u0107 odwiedzaj\u0105cych witryn\u0119, \u017ce Twoje oferty s\u0105 warte zakupu, Elfsight Widget Recenzje rezerwacji wykona zadanie. Dzi\u0119ki temu wid\u017cetowi mo\u017cesz zintegrowa\u0107 opinie u\u017cytkownik\u00f3w z Bookingu na swojej stronie ze szczeg\u00f3\u0142ami o ich autorach, przefiltrowa\u0107 je tak, aby ukaza\u0142y si\u0119 tylko pozytywne, doda\u0107 oceny i przycisk przekierowuj\u0105cy, kt\u00f3ry przekieruje u\u017cytkownik\u00f3w na Twoje konto Booking, gdzie b\u0119d\u0105 mogli zostawi\u0107 swoje recenzja. <\/p> <div class=\"faq\" data-component=\"FAQ\"><div class=\"faq-item\">\r\n\t\t\t\t\t<div class=\"faq-item-question\">\r\n\t\t\t\t\t\t<h3 class=\"faq-item-question-text\">Gdzie na mojej stronie mog\u0119 osadzi\u0107 t\u0119 wtyczk\u0119<\/h3>\r\n\r\n\t\t\t\t\t\t<div class=\"faq-item-question-icon\"><\/div>\r\n\t\t\t\t\t<\/div>\r\n\r\n\t\t\t\t\t<div class=\"faq-item-answer\">\r\n\t\t\t\t\t\t<div class=\"faq-item-answer-text\"> <p>Ten widget mo\u017cna wy\u015bwietli\u0107 na dowolnej stronie, na kt\u00f3rej chcesz pokaza\u0107 swoj\u0105 wysok\u0105 ocen\u0119 i popularno\u015b\u0107 w\u015br\u00f3d klient\u00f3w. Je\u015bli potrzebujesz go na wszystkich stronach witryny, mo\u017cesz \u0142atwo doda\u0107 go do szablonu witryny. <\/p> <\/div>\r\n\t\t\t\t\t<\/div>\r\n\t\t\t\t<\/div><div class=\"faq-item\">\r\n\t\t\t\t\t<div class=\"faq-item-question\">\r\n\t\t\t\t\t\t<h3 class=\"faq-item-question-text\">Jakie korzy\u015bci b\u0119d\u0119 czerpa\u0142 z wid\u017cetu?<\/h3>\r\n\r\n\t\t\t\t\t\t<div class=\"faq-item-question-icon\"><\/div>\r\n\t\t\t\t\t<\/div>\r\n\r\n\t\t\t\t\t<div class=\"faq-item-answer\">\r\n\t\t\t\t\t\t<div class=\"faq-item-answer-text\"> <p>Opinie prawdziwych ludzi s\u0105 maksymalnie wiarygodne dla u\u017cytkownik\u00f3w Twojej witryny i oznaczaj\u0105 dla nich, \u017ce mo\u017cna zaufa\u0107 Twojej firmie. Wysoka ocena i doskona\u0142e referencje mog\u0105 pom\u00f3c zwi\u0119kszy\u0107 liczb\u0119 zakup\u00f3w w Twojej witrynie. Ponadto przycisk przekierowania mo\u017ce przyczyni\u0107 si\u0119 do zwi\u0119kszenia liczby opinii u\u017cytkownik\u00f3w na temat Twoich us\u0142ug w Booking. <\/p> <\/div>\r\n\t\t\t\t\t<\/div>\r\n\t\t\t\t<\/div> <div class=\"faq-item\">\r\n\t\t\t\t\t<div class=\"faq-item-question\">\r\n\t\t\t\t\t\t<h3 class=\"faq-item-question-text\">Jak mog\u0119 zainstalowa\u0107 Recenzje rezerwacji na mojej stronie Wix?<\/h3>\r\n\r\n\t\t\t\t\t\t<div class=\"faq-item-question-icon\"><\/div>\r\n\t\t\t\t\t<\/div>\r\n\r\n\t\t\t\t\t<div class=\"faq-item-answer\">\r\n\t\t\t\t\t\t<div class=\"faq-item-answer-text\"> <p>Potrzebujesz tylko jednej minuty, aby rozpocz\u0105\u0107 korzystanie z wid\u017cetu. Osadzanie jest niezwykle szybkie, bezp\u0142atne i nie wymaga kodowania. <\/p> <ol><li>Mo\u017cesz umie\u015bci\u0107 widget na swojej stronie bezpo\u015brednio za po\u015brednictwem naszej us\u0142ugi. Aby to zrobi\u0107, post\u0119puj zgodnie z instrukcjami na tej stronie. <\/li> <li>Wid\u017cet mo\u017cna skonfigurowa\u0107 za po\u015brednictwem naszego serwisu lub za po\u015brednictwem rynku. Tutaj mo\u017cesz zobaczy\u0107 wi\u0119cej na temat obu opcji i zdecydowa\u0107, kt\u00f3ra jest bardziej odpowiednia. <\/li> <\/ol> <\/div>\r\n\t\t\t\t\t<\/div>\r\n\t\t\t\t<\/div> <\/div> <\/div> <div class=\"application-platform-content-item-features application-platform-content-item\" id=\"features\" data-nav-section=\"features\"> <h2>Funkcje<\/h2> <p>Aby lepiej postrzega\u0107 Recenzje rezerwacji, wy\u015bwietl list\u0119 jego g\u0142\u00f3wnych cech. Sprawiaj\u0105, \u017ce nasz widget jest maksymalnie korzystny dla Twojego sklepu: <\/p> <ul> <li>3 gotowe do u\u017cycia filtry: wed\u0142ug typu, wykluczania i ilo\u015bci wy\u015bwietlanych recenzji; <\/li> <li> W pe\u0142ni elastyczny nag\u0142\u00f3wek wid\u017cetu; <\/li> <li>Dwie mo\u017cliwo\u015bci odrzucenia pro\u015bby o sprawdzenie: zaprezentuj niestandardow\u0105 wiadomo\u015b\u0107 lub ukryj przycisk. <\/li> <\/ul><p><a href=\"#demo\">Sprawd\u017a wszystkie funkcje w wersji demonstracyjnej<\/a><\/p> <\/div> <div class=\"application-platform-content-item-installation application-platform-content-item\" id=\"installation\" data-nav-section=\"installation\"> <h2>Dowiedz si\u0119, jak aby zintegrowa\u0107 Recenzje Rezerwacji z Twoj\u0105 witryn\u0105 Wix<\/h2> <div class=\"video-container\"><iframe width=\"720\" height=\"405\" src=\"https:\/\/www.youtube.com\/embed\/wD7ug5Fj8eI\" frameborder=\"0\" allowfullscreen=\"\"><\/iframe><\/div><p>Poni\u017csze czynno\u015bci to jedyne, co musisz wy\u015bwietli\u0107. <\/p> <ol><li><b>Stw\u00f3rz swoj\u0105 osobist\u0105 wtyczk\u0119 Recenzji Rezerwacji<\/b><br> Za pomoc\u0105 naszego bezp\u0142atnego demo stw\u00f3rz wtyczk\u0119 o wybranym sk\u0142adzie i cechach funkcjonalnych. <\/li><li><b>Odbierz osobisty kod do osadzenia wtyczki<\/b><br> Po utworzeniu wid\u017cetu otrzymasz indywidualny kod z wyskakuj\u0105cego powiadomienia w aplikacji Elfsight. Skopiuj kod do dalszego wykorzystania. <\/li> <li><b>Osad\u017a wtyczk\u0119 na swojej stronie Wix<\/b><br> Wybierz miejsce, w kt\u00f3rym chcesz osadzi\u0107 wtyczk\u0119 i wstaw tam skopiowany kod. Opublikuj wyniki. <\/li> <li><b>Gotowe! <\/b><br> Wejd\u017a na swoj\u0105 stron\u0119 internetow\u0105, aby sprawdzi\u0107 wtyczk\u0119. <\/li> <\/ol><p>Nadal nie jeste\u015b pewien? Lub do\u015bwiadczasz problem\u00f3w? Po prostu napisz wniosek do naszego dzia\u0142u obs\u0142ugi klienta, a rozwi\u0105\u017cemy ka\u017cdy problem. <\/p> <\/div>","protected":false},"excerpt":{"rendered":"","protected":false},"author":9,"featured_media":0,"parent":1361,"menu_order":0,"comment_status":"closed","ping_status":"closed","template":"templates\/template-application-platform.php","meta":{"publish_to_discourse":"","publish_post_category":"","wpdc_auto_publish_overridden":"","wpdc_topic_tags":"","wpdc_pin_topic":"","wpdc_pin_until":"","discourse_post_id":"","discourse_permalink":"","wpdc_publishing_response":"","wpdc_publishing_error":"","footnotes":""},"class_list":["post-4501","page","type-page","status-publish","hentry"],"yoast_head":"<!-- This site is optimized with the Yoast SEO plugin v25.3.1 - https:\/\/yoast.com\/wordpress\/plugins\/seo\/ -->\n<title>Umie\u015b\u0107 recenzje rezerwacji na stronie Wix (szybko i \u0142atwo)<\/title>\n<meta name=\"description\" content=\"Dzi\u0119ki Elfsight mo\u017cesz szybko tworzy\u0107 recenzje rezerwacji i publikowa\u0107 je na swojej stronie Wix. Mamy bezp\u0142atn\u0105 obs\u0142ug\u0119 klienta i inne bonusy.\" \/>\n<meta name=\"robots\" content=\"index, follow, max-snippet:-1, max-image-preview:large, max-video-preview:-1\" \/>\n<link rel=\"canonical\" href=\"https:\/\/elfsight.com\/pl\/booking-reviews-widget\/wix\/\" \/>\n<meta property=\"og:locale\" content=\"pl_PL\" \/>\n<meta property=\"og:type\" content=\"article\" \/>\n<meta property=\"og:title\" content=\"Umie\u015b\u0107 recenzje rezerwacji na stronie Wix (szybko i \u0142atwo)\" \/>\n<meta property=\"og:description\" content=\"Dzi\u0119ki Elfsight mo\u017cesz szybko tworzy\u0107 recenzje rezerwacji i publikowa\u0107 je na swojej stronie Wix. Mamy bezp\u0142atn\u0105 obs\u0142ug\u0119 klienta i inne bonusy.\" \/>\n<meta property=\"og:url\" content=\"https:\/\/elfsight.com\/pl\/booking-reviews-widget\/wix\/\" \/>\n<meta property=\"og:site_name\" content=\"Elfsight PL\" \/>\n<meta property=\"article:modified_time\" content=\"2024-11-14T12:35:50+00:00\" \/>\n<meta name=\"twitter:card\" content=\"summary_large_image\" \/>\n<meta name=\"twitter:label1\" content=\"Szacowany czas czytania\" \/>\n\t<meta name=\"twitter:data1\" content=\"3 minuty\" \/>\n<!-- \/ Yoast SEO plugin. -->","yoast_head_json":{"title":"Umie\u015b\u0107 recenzje rezerwacji na stronie Wix (szybko i \u0142atwo)","description":"Dzi\u0119ki Elfsight mo\u017cesz szybko tworzy\u0107 recenzje rezerwacji i publikowa\u0107 je na swojej stronie Wix. Mamy bezp\u0142atn\u0105 obs\u0142ug\u0119 klienta i inne bonusy.","robots":{"index":"index","follow":"follow","max-snippet":"max-snippet:-1","max-image-preview":"max-image-preview:large","max-video-preview":"max-video-preview:-1"},"canonical":"https:\/\/elfsight.com\/pl\/booking-reviews-widget\/wix\/","og_locale":"pl_PL","og_type":"article","og_title":"Umie\u015b\u0107 recenzje rezerwacji na stronie Wix (szybko i \u0142atwo)","og_description":"Dzi\u0119ki Elfsight mo\u017cesz szybko tworzy\u0107 recenzje rezerwacji i publikowa\u0107 je na swojej stronie Wix. Mamy bezp\u0142atn\u0105 obs\u0142ug\u0119 klienta i inne bonusy.","og_url":"https:\/\/elfsight.com\/pl\/booking-reviews-widget\/wix\/","og_site_name":"Elfsight PL","article_modified_time":"2024-11-14T12:35:50+00:00","twitter_card":"summary_large_image","twitter_misc":{"Szacowany czas czytania":"3 minuty"},"schema":{"@context":"https:\/\/schema.org","@graph":[{"@type":"WebPage","@id":"https:\/\/elfsight.com\/pl\/booking-reviews-widget\/wix\/","url":"https:\/\/elfsight.com\/pl\/booking-reviews-widget\/wix\/","name":"Umie\u015b\u0107 recenzje rezerwacji na stronie Wix (szybko i \u0142atwo)","isPartOf":{"@id":"https:\/\/elfsight.com\/pl\/#website"},"datePublished":"2024-05-03T06:30:55+00:00","dateModified":"2024-11-14T12:35:50+00:00","description":"Dzi\u0119ki Elfsight mo\u017cesz szybko tworzy\u0107 recenzje rezerwacji i publikowa\u0107 je na swojej stronie Wix. Mamy bezp\u0142atn\u0105 obs\u0142ug\u0119 klienta i inne bonusy.","breadcrumb":{"@id":"https:\/\/elfsight.com\/pl\/booking-reviews-widget\/wix\/#breadcrumb"},"inLanguage":"pl-PL","potentialAction":[{"@type":"ReadAction","target":["https:\/\/elfsight.com\/pl\/booking-reviews-widget\/wix\/"]}]},{"@type":"BreadcrumbList","@id":"https:\/\/elfsight.com\/pl\/booking-reviews-widget\/wix\/#breadcrumb","itemListElement":[{"@type":"ListItem","position":1,"name":"Home","item":"https:\/\/elfsight.com\/pl\/"},{"@type":"ListItem","position":2,"name":"Booking Reviews","item":"https:\/\/elfsight.com\/pl\/booking-reviews-widget\/"},{"@type":"ListItem","position":3,"name":"Booking Reviews &#8211; Wix"}]},{"@type":"WebSite","@id":"https:\/\/elfsight.com\/pl\/#website","url":"https:\/\/elfsight.com\/pl\/","name":"Elfsight PL","description":"Just another Elfsight Sites site","potentialAction":[{"@type":"SearchAction","target":{"@type":"EntryPoint","urlTemplate":"https:\/\/elfsight.com\/pl\/?s={search_term_string}"},"query-input":{"@type":"PropertyValueSpecification","valueRequired":true,"valueName":"search_term_string"}}],"inLanguage":"pl-PL"}]}},"meta_box":{"industry":"","seo_heading":"","heading":"","description":"","cta_heading":"","cta_description":"","application":"1360","h1":"Recenzje rezerwacji Wix","h1_caption":"Wy\u015bwietlaj recenzje z booking.com, aby przyci\u0105gn\u0105\u0107 wi\u0119cej go\u015bci, bez wysi\u0142ku pokazuj\u0105c pozytywne do\u015bwiadczenia poprzednich go\u015bci na swojej stronie Wix.","application_category":[],"applications_title":"","applications_request_title":"","applications_request_button_text":"","hero_text":"","hero_video":"","hero_video_schema_markup":"","selling_points_title":"","selling_points_caption":"","selling_points":[],"selling_points_cta_text":"","features_title":"","features":"","ed_cta_examples_text":"","ed_cta_examples_hidden":"","ed_cta_demo_text":"","ed_cta_demo_hidden":"","why_caption":"","why_editor_title":"","why_editor_text":"","why_team_title":"","why_team_text":"","why_service_title":"","why_service_text":"","template_catalog_visible":"","template_catalog_title":"","template_catalog_text":"","template_catalog_categories_visible":"","demo_title":"Utw\u00f3rz aplikacj\u0119 Recenzje rezerwacji","demo_caption":"Skonfiguruj swoje Recenzje Rezerwacji i dodaj je za darmo do swojej witryny Wix!","default_faq_hidden":"","app_template_category":[],"platform":"30","template_public_id":"","codecanyon_url":"","codecanyon_item_id":"","codecanyon_price":"","pricing_caption":"","pricing_elfsight_apps_hide_column":"","pricing_elfsight_apps_url":"","pricing_codecanyon_price_caption":"","integration_category":[],"integration_request_title":"","integration_request_cta":"","integration_platform":"","integrations":[],"platform_category":[],"video_schema_markup":"","price":"od 0 USD \/ miesi\u0105c","trial":"","benefits":[{"text":"Bezp\u0142atna pomoc w monta\u017cu"},{"text":"Kompetentna obs\u0142uga klienta"},{"text":"14-dniowa gwarancja zwrotu pieni\u0119dzy"}],"button_url":"#demo","button_target_blank":"","button_nofollow":"","attributes":[{"name":"Instaluje"},{"name":"Czu\u0142y"},{"name":"Kompatybilne przegl\u0105darki"}],"tags":[],"tags_disable_links":"","hide_more_platforms":"","video_object":"","demo_hide_cta":"","demo_hide_cloud_options":"","pricing_title":"","pricing":[{"pricing_icon":"platform","pricing_title":"Elfsight Apps","pricing_title_caption":"Oprogramowanie wieloplatformowe","pricing_price":"od 0 USD \/ miesi\u0105c","pricing_price_caption":"zacznij od bezp\u0142atnego planu","pricing_benefits":[{"text":"Nielimitowane domeny"},{"text":"Szybkie wsparcie"},{"text":"Bezp\u0142atne wsparcie przy instalacji"},{"text":"Specjalna oferta na wiele aplikacji"}],"pricing_button_text":"Dodaj do witryny","pricing_button_url":"#demo"}],"related_apps_title":"","related_apps_hidden":"","author":"","image":[],"title":"","job":"","social_networks":[]},"_links":{"self":[{"href":"https:\/\/elfsight.com\/pl\/wp-json\/wp\/v2\/pages\/4501","targetHints":{"allow":["GET"]}}],"collection":[{"href":"https:\/\/elfsight.com\/pl\/wp-json\/wp\/v2\/pages"}],"about":[{"href":"https:\/\/elfsight.com\/pl\/wp-json\/wp\/v2\/types\/page"}],"author":[{"embeddable":true,"href":"https:\/\/elfsight.com\/pl\/wp-json\/wp\/v2\/users\/9"}],"replies":[{"embeddable":true,"href":"https:\/\/elfsight.com\/pl\/wp-json\/wp\/v2\/comments?post=4501"}],"version-history":[{"count":2,"href":"https:\/\/elfsight.com\/pl\/wp-json\/wp\/v2\/pages\/4501\/revisions"}],"predecessor-version":[{"id":7695,"href":"https:\/\/elfsight.com\/pl\/wp-json\/wp\/v2\/pages\/4501\/revisions\/7695"}],"up":[{"embeddable":true,"href":"https:\/\/elfsight.com\/pl\/wp-json\/wp\/v2\/pages\/1361"}],"wp:attachment":[{"href":"https:\/\/elfsight.com\/pl\/wp-json\/wp\/v2\/media?parent=4501"}],"curies":[{"name":"wp","href":"https:\/\/api.w.org\/{rel}","templated":true}]}}