{"id":4495,"date":"2024-05-03T06:30:53","date_gmt":"2024-05-03T06:30:53","guid":{"rendered":"https:\/\/elfsight.com\/pl\/?page_id=4495"},"modified":"2024-11-14T09:49:44","modified_gmt":"2024-11-14T09:49:44","slug":"webnode","status":"publish","type":"page","link":"https:\/\/elfsight.com\/pl\/booking-reviews-widget\/webnode\/","title":{"rendered":"Booking Reviews &#8211; Webnode"},"content":{"rendered":"<div class=\"application-platform-content-item-description application-platform-content-item\" id=\"description\" data-nav-section=\"description\"> <h2>Opis<\/h2> <p>Je\u015bli chcesz pokaza\u0107 swoj\u0105 wysok\u0105 ocen\u0119 i przekona\u0107 odwiedzaj\u0105cych witryn\u0119, \u017ce Twoje oferty s\u0105 warte zakupu, Elfsight Booking Widget Recenzje jest w\u0142a\u015bnie dla Ciebie. Za pomoc\u0105 tego narz\u0119dzia z \u0142atwo\u015bci\u0105 umie\u015bcisz na swojej stronie recenzje klient\u00f3w z Bookingu z informacj\u0105 o ich autorach, przefiltrujesz je tak, aby wysz\u0142y tylko te najlepsze, dodasz oceny i aktywny przycisk, kt\u00f3ry pokieruje u\u017cytkownik\u00f3w do Twojego konta Booking, gdzie b\u0119d\u0105 mogli udost\u0119pnia\u0107 ich recenzj\u0119. <\/p> <div class=\"faq\" data-component=\"FAQ\"><div class=\"faq-item\">\r\n\t\t\t\t\t<div class=\"faq-item-question\">\r\n\t\t\t\t\t\t<h3 class=\"faq-item-question-text\">Gdzie w mojej witrynie mog\u0119 go zainstalowa\u0107<\/h3>\r\n\r\n\t\t\t\t\t\t<div class=\"faq-item-question-icon\"><\/div>\r\n\t\t\t\t\t<\/div>\r\n\r\n\t\t\t\t\t<div class=\"faq-item-answer\">\r\n\t\t\t\t\t\t<div class=\"faq-item-answer-text\"> <p>Mo\u017cesz wy\u015bwietli\u0107 wid\u017cet recenzji na dowolnej stronie witryny lub wklei\u0107 go do szablonu witryny, a wy\u015bwietli si\u0119 na wszystkich stronach. Recenzje mog\u0105 by\u0107 skuteczne na stronach produkt\u00f3w lub na stronie O nas, czyli tam, gdzie chcesz zaimponowa\u0107 u\u017cytkownikom swoj\u0105 wysok\u0105 ocen\u0105. <\/p> <\/div>\r\n\t\t\t\t\t<\/div>\r\n\t\t\t\t<\/div><div class=\"faq-item\">\r\n\t\t\t\t\t<div class=\"faq-item-question\">\r\n\t\t\t\t\t\t<h3 class=\"faq-item-question-text\">Jakie korzy\u015bci mo\u017ce mi to da\u0107?<\/h3>\r\n\r\n\t\t\t\t\t\t<div class=\"faq-item-question-icon\"><\/div>\r\n\t\t\t\t\t<\/div>\r\n\r\n\t\t\t\t\t<div class=\"faq-item-answer\">\r\n\t\t\t\t\t\t<div class=\"faq-item-answer-text\"> <p>Recenzje pisane przez prawdziwych ludzi wygl\u0105daj\u0105 dla klient\u00f3w Twojej witryny maksymalnie wiarygodnie i pokazuj\u0105 im, \u017ce Twojej firmie mo\u017cna zaufa\u0107. Wysoka ocena i dobre referencje mog\u0105 pom\u00f3c w zwi\u0119kszeniu poziomu zakup\u00f3w w Twojej witrynie. Ponadto przycisk przekierowania mo\u017ce przyczyni\u0107 si\u0119 do zwi\u0119kszenia liczby opinii u\u017cytkownik\u00f3w na temat Twojej firmy w Booking. <\/p> <\/div>\r\n\t\t\t\t\t<\/div>\r\n\t\t\t\t<\/div> <div class=\"faq-item\">\r\n\t\t\t\t\t<div class=\"faq-item-question\">\r\n\t\t\t\t\t\t<h3 class=\"faq-item-question-text\">Jak mog\u0119 doda\u0107 recenzje rezerwacji do mojej witryny Webnode?<\/h3>\r\n\r\n\t\t\t\t\t\t<div class=\"faq-item-question-icon\"><\/div>\r\n\t\t\t\t\t<\/div>\r\n\r\n\t\t\t\t\t<div class=\"faq-item-answer\">\r\n\t\t\t\t\t\t<div class=\"faq-item-answer-text\"> <p>Rozpocz\u0119cie korzystania z wid\u017cetu zajmie tylko minut\u0119. Jest niezwykle szybki, darmowy i nie wymaga kodowania. <\/p> <ol><li>Mo\u017cesz zintegrowa\u0107 widget ze swoj\u0105 witryn\u0105 bezpo\u015brednio za po\u015brednictwem naszej us\u0142ugi. Po prostu zastosuj si\u0119 do poni\u017cszych instrukcji na tej stronie. <\/li> <li>Recenzje rezerwacji Elfsight mo\u017cna dodawa\u0107 w naszym serwisie lub na rynku. Mo\u017cesz przeczyta\u0107 wi\u0119cej szczeg\u00f3\u0142\u00f3w na temat tych wariant\u00f3w i wybra\u0107 sw\u00f3j. <\/li> <\/ol> <\/div>\r\n\t\t\t\t\t<\/div>\r\n\t\t\t\t<\/div> <\/div> <\/div> <div class=\"application-platform-content-item-features application-platform-content-item\" id=\"features\" data-nav-section=\"features\"> <h2>Funkcje<\/h2> <p>Aby ukszta\u0142towa\u0107 pe\u0142n\u0105 koncepcj\u0119 Recenzji rezerwacji, odkryj list\u0119 jego najwybitniejszych cech. Sprawiaj\u0105, \u017ce wid\u017cet jest maksymalnie efektywny dla Twojej witryny: <\/p> <ul> <li>Dost\u0119pne s\u0105 cztery uk\u0142ady: Lista, Siatka, Mur i Suwak; <\/li> <li> W pe\u0142ni elastyczny nag\u0142\u00f3wek wid\u017cetu; <\/li> <li>6 regulowanych element\u00f3w wid\u017cetu: imi\u0119 i zdj\u0119cie autora, tekst rekomendacji, data udost\u0119pnienia, ikona rezerwacji i liczba gwiazdek; <\/li> <\/ul><p><a href=\"#demo\">Aby zobaczy\u0107 wi\u0119cej funkcji, zobacz nasz\u0105 wersj\u0119 demonstracyjn\u0105<\/a><\/p> <\/div> <div class=\"application-platform-content-item-installation application-platform-content-item\" id=\"installation\" data-nav-section=\"installation\"> <h2>Dowiedz si\u0119, jak osadzi\u0107 Recenzje rezerwacji w witrynie Webnode<\/h2> <p>Te kilka krok\u00f3w to jedyne, co musisz zrobi\u0107, aby skonfigurowa\u0107 wid\u017cet na swojej stronie internetowej. Zajmie to tylko minut\u0119 Twojego czasu, a nie lini\u0119 kodowania. <\/p> <ol><li><b>Stw\u00f3rz unikaln\u0105 wtyczk\u0119 do recenzji rezerwacji<\/b><br> Za pomoc\u0105 naszego bezp\u0142atnego edytora wygeneruj wtyczk\u0119 o niestandardowym wygl\u0105dzie i cechach funkcjonalnych. <\/li><li><b>Zdob\u0105d\u017a osobisty kod, aby zainstalowa\u0107 wtyczk\u0119<\/b><br> Po skonfigurowaniu wid\u017cetu otrzymasz sw\u00f3j osobisty kod z powiadomienia pojawiaj\u0105cego si\u0119 w aplikacjach Elfsight. Skopiuj kod do wykorzystania w przysz\u0142o\u015bci. <\/li> <li><b> Wtyczka na Twojej witrynie Webnode<\/b><br> Wybierz obszar, w kt\u00f3rym chcesz umie\u015bci\u0107 wtyczk\u0119 i wstaw tam skopiowany kod. Opublikuj zmiany. <\/li> <li><b>Instalacja zosta\u0142a uko\u0144czona<\/b><br> Przejd\u017a do swojej strony internetowej, aby wy\u015bwietli\u0107 swoje referencje. <\/li> <\/ol><p>Nadal nie jeste\u015b pewien? Albo natkn\u0105\u0142e\u015b si\u0119 na co\u015b? Tylko jedna pro\u015bba do naszego zespo\u0142u wsparcia rozwi\u0105\u017ce ka\u017cdy problem. <\/p> <\/div>","protected":false},"excerpt":{"rendered":"","protected":false},"author":9,"featured_media":0,"parent":1361,"menu_order":0,"comment_status":"closed","ping_status":"closed","template":"templates\/template-application-platform.php","meta":{"publish_to_discourse":"","publish_post_category":"","wpdc_auto_publish_overridden":"","wpdc_topic_tags":"","wpdc_pin_topic":"","wpdc_pin_until":"","discourse_post_id":"","discourse_permalink":"","wpdc_publishing_response":"","wpdc_publishing_error":"","footnotes":""},"class_list":["post-4495","page","type-page","status-publish","hentry"],"yoast_head":"<!-- This site is optimized with the Yoast SEO plugin v25.3.1 - https:\/\/yoast.com\/wordpress\/plugins\/seo\/ -->\n<title>Osad\u017a recenzje rezerwacji na stronie Webnode (bezp\u0142atnie i szybko)<\/title>\n<meta name=\"description\" content=\"Dzi\u0119ki Elfsight zaprojektuj swoje recenzje rezerwacji i szybko opublikuj je na swojej stronie Webnode. Oferujemy bezp\u0142atn\u0105 obs\u0142ug\u0119 klienta i inne bonusy.\" \/>\n<meta name=\"robots\" content=\"index, follow, max-snippet:-1, max-image-preview:large, max-video-preview:-1\" \/>\n<link rel=\"canonical\" href=\"https:\/\/elfsight.com\/pl\/booking-reviews-widget\/webnode\/\" \/>\n<meta property=\"og:locale\" content=\"pl_PL\" \/>\n<meta property=\"og:type\" content=\"article\" \/>\n<meta property=\"og:title\" content=\"Osad\u017a recenzje rezerwacji na stronie Webnode (bezp\u0142atnie i szybko)\" \/>\n<meta property=\"og:description\" content=\"Dzi\u0119ki Elfsight zaprojektuj swoje recenzje rezerwacji i szybko opublikuj je na swojej stronie Webnode. Oferujemy bezp\u0142atn\u0105 obs\u0142ug\u0119 klienta i inne bonusy.\" \/>\n<meta property=\"og:url\" content=\"https:\/\/elfsight.com\/pl\/booking-reviews-widget\/webnode\/\" \/>\n<meta property=\"og:site_name\" content=\"Elfsight PL\" \/>\n<meta property=\"article:modified_time\" content=\"2024-11-14T09:49:44+00:00\" \/>\n<meta name=\"twitter:card\" content=\"summary_large_image\" \/>\n<meta name=\"twitter:label1\" content=\"Szacowany czas czytania\" \/>\n\t<meta name=\"twitter:data1\" content=\"3 minuty\" \/>\n<!-- \/ Yoast SEO plugin. -->","yoast_head_json":{"title":"Osad\u017a recenzje rezerwacji na stronie Webnode (bezp\u0142atnie i szybko)","description":"Dzi\u0119ki Elfsight zaprojektuj swoje recenzje rezerwacji i szybko opublikuj je na swojej stronie Webnode. Oferujemy bezp\u0142atn\u0105 obs\u0142ug\u0119 klienta i inne bonusy.","robots":{"index":"index","follow":"follow","max-snippet":"max-snippet:-1","max-image-preview":"max-image-preview:large","max-video-preview":"max-video-preview:-1"},"canonical":"https:\/\/elfsight.com\/pl\/booking-reviews-widget\/webnode\/","og_locale":"pl_PL","og_type":"article","og_title":"Osad\u017a recenzje rezerwacji na stronie Webnode (bezp\u0142atnie i szybko)","og_description":"Dzi\u0119ki Elfsight zaprojektuj swoje recenzje rezerwacji i szybko opublikuj je na swojej stronie Webnode. Oferujemy bezp\u0142atn\u0105 obs\u0142ug\u0119 klienta i inne bonusy.","og_url":"https:\/\/elfsight.com\/pl\/booking-reviews-widget\/webnode\/","og_site_name":"Elfsight PL","article_modified_time":"2024-11-14T09:49:44+00:00","twitter_card":"summary_large_image","twitter_misc":{"Szacowany czas czytania":"3 minuty"},"schema":{"@context":"https:\/\/schema.org","@graph":[{"@type":"WebPage","@id":"https:\/\/elfsight.com\/pl\/booking-reviews-widget\/webnode\/","url":"https:\/\/elfsight.com\/pl\/booking-reviews-widget\/webnode\/","name":"Osad\u017a recenzje rezerwacji na stronie Webnode (bezp\u0142atnie i szybko)","isPartOf":{"@id":"https:\/\/elfsight.com\/pl\/#website"},"datePublished":"2024-05-03T06:30:53+00:00","dateModified":"2024-11-14T09:49:44+00:00","description":"Dzi\u0119ki Elfsight zaprojektuj swoje recenzje rezerwacji i szybko opublikuj je na swojej stronie Webnode. Oferujemy bezp\u0142atn\u0105 obs\u0142ug\u0119 klienta i inne bonusy.","breadcrumb":{"@id":"https:\/\/elfsight.com\/pl\/booking-reviews-widget\/webnode\/#breadcrumb"},"inLanguage":"pl-PL","potentialAction":[{"@type":"ReadAction","target":["https:\/\/elfsight.com\/pl\/booking-reviews-widget\/webnode\/"]}]},{"@type":"BreadcrumbList","@id":"https:\/\/elfsight.com\/pl\/booking-reviews-widget\/webnode\/#breadcrumb","itemListElement":[{"@type":"ListItem","position":1,"name":"Home","item":"https:\/\/elfsight.com\/pl\/"},{"@type":"ListItem","position":2,"name":"Booking Reviews","item":"https:\/\/elfsight.com\/pl\/booking-reviews-widget\/"},{"@type":"ListItem","position":3,"name":"Booking Reviews &#8211; Webnode"}]},{"@type":"WebSite","@id":"https:\/\/elfsight.com\/pl\/#website","url":"https:\/\/elfsight.com\/pl\/","name":"Elfsight PL","description":"Just another Elfsight Sites site","potentialAction":[{"@type":"SearchAction","target":{"@type":"EntryPoint","urlTemplate":"https:\/\/elfsight.com\/pl\/?s={search_term_string}"},"query-input":{"@type":"PropertyValueSpecification","valueRequired":true,"valueName":"search_term_string"}}],"inLanguage":"pl-PL"}]}},"meta_box":{"industry":"","seo_heading":"","heading":"","description":"","cta_heading":"","cta_description":"","application":"1360","h1":"Recenzje Webnode Booking.com","h1_caption":"Wy\u015bwietlaj recenzje z booking.com, aby przyci\u0105gn\u0105\u0107 wi\u0119cej go\u015bci, bez wysi\u0142ku pokazuj\u0105c pozytywne do\u015bwiadczenia poprzednich go\u015bci na swojej stronie internetowej Webnode.","application_category":[],"applications_title":"","applications_request_title":"","applications_request_button_text":"","hero_text":"","hero_video":"","hero_video_schema_markup":"","selling_points_title":"","selling_points_caption":"","selling_points":[],"selling_points_cta_text":"","features_title":"","features":"","ed_cta_examples_text":"","ed_cta_examples_hidden":"","ed_cta_demo_text":"","ed_cta_demo_hidden":"","why_caption":"","why_editor_title":"","why_editor_text":"","why_team_title":"","why_team_text":"","why_service_title":"","why_service_text":"","template_catalog_visible":"","template_catalog_title":"","template_catalog_text":"","template_catalog_categories_visible":"","demo_title":"Utw\u00f3rz wid\u017cet Recenzje rezerwacji","demo_caption":"Skonfiguruj swoje Recenzje Rezerwacji i dodaj je za darmo do swojej witryny Webnode!","default_faq_hidden":"","app_template_category":[],"platform":"138","template_public_id":"","codecanyon_url":"","codecanyon_item_id":"","codecanyon_price":"","pricing_caption":"","pricing_elfsight_apps_hide_column":"","pricing_elfsight_apps_url":"","pricing_codecanyon_price_caption":"","integration_category":[],"integration_request_title":"","integration_request_cta":"","integration_platform":"","integrations":[],"platform_category":[],"video_schema_markup":"","price":"od 0 USD \/ miesi\u0105c","trial":"","benefits":[{"text":"Bezp\u0142atna pomoc w monta\u017cu"},{"text":"Wsparcie premium"},{"text":"14-dniowa gwarancja zwrotu pieni\u0119dzy"}],"button_url":"#demo","button_target_blank":"","button_nofollow":"","attributes":[{"name":"Instaluje"},{"name":"Czu\u0142y"},{"name":"Kompatybilne przegl\u0105darki"}],"tags":[],"tags_disable_links":"","hide_more_platforms":"","video_object":"","demo_hide_cta":"","demo_hide_cloud_options":"","pricing_title":"","pricing":[{"pricing_icon":"platform","pricing_title":"Elfsight Apps","pricing_title_caption":"Oprogramowanie wieloplatformowe, kt\u00f3re dzia\u0142a na dowolnej witrynie","pricing_price":"od 0 USD \/ miesi\u0105c","pricing_price_caption":"zacznij od bezp\u0142atnego planu","pricing_benefits":[{"text":"Nielimitowane strony internetowe"},{"text":"Dedykowane i terminowe wsparcie"},{"text":"Bezp\u0142atna us\u0142uga monta\u017cu"},{"text":"Specjalna oferta na wiele aplikacji"}],"pricing_button_text":"Dodaj do witryny","pricing_button_url":"#demo"}],"related_apps_title":"","related_apps_hidden":"","author":"","image":[],"title":"","job":"","social_networks":[]},"_links":{"self":[{"href":"https:\/\/elfsight.com\/pl\/wp-json\/wp\/v2\/pages\/4495","targetHints":{"allow":["GET"]}}],"collection":[{"href":"https:\/\/elfsight.com\/pl\/wp-json\/wp\/v2\/pages"}],"about":[{"href":"https:\/\/elfsight.com\/pl\/wp-json\/wp\/v2\/types\/page"}],"author":[{"embeddable":true,"href":"https:\/\/elfsight.com\/pl\/wp-json\/wp\/v2\/users\/9"}],"replies":[{"embeddable":true,"href":"https:\/\/elfsight.com\/pl\/wp-json\/wp\/v2\/comments?post=4495"}],"version-history":[{"count":1,"href":"https:\/\/elfsight.com\/pl\/wp-json\/wp\/v2\/pages\/4495\/revisions"}],"predecessor-version":[{"id":4499,"href":"https:\/\/elfsight.com\/pl\/wp-json\/wp\/v2\/pages\/4495\/revisions\/4499"}],"up":[{"embeddable":true,"href":"https:\/\/elfsight.com\/pl\/wp-json\/wp\/v2\/pages\/1361"}],"wp:attachment":[{"href":"https:\/\/elfsight.com\/pl\/wp-json\/wp\/v2\/media?parent=4495"}],"curies":[{"name":"wp","href":"https:\/\/api.w.org\/{rel}","templated":true}]}}