{"id":4494,"date":"2024-05-03T06:30:52","date_gmt":"2024-05-03T06:30:52","guid":{"rendered":"https:\/\/elfsight.com\/pl\/?page_id=4494"},"modified":"2024-11-14T09:49:44","modified_gmt":"2024-11-14T09:49:44","slug":"webflow","status":"publish","type":"page","link":"https:\/\/elfsight.com\/pl\/booking-reviews-widget\/webflow\/","title":{"rendered":"Booking Reviews &#8211; Webflow"},"content":{"rendered":"<div class=\"application-platform-content-item-description application-platform-content-item\" id=\"description\" data-nav-section=\"description\"> <h2>Osadzaj recenzje rezerwacji w Webflow za pomoc\u0105 wid\u017cetu Elfsight<\/h2> <p>Recenzje rezerwacji Elfsight to przydatny widget, kt\u00f3ry umo\u017cliwia umieszczanie opinie o Twoich ofertach z Booking na stronie. Za pomoc\u0105 tego wid\u017cetu mo\u017cesz zastosowa\u0107 filtry, aby ukry\u0107 niechciane recenzje, pokaza\u0107 swoje oceny w postaci gwiazdek i liczb z Booking, wy\u015bwietli\u0107 informacje o autorach i wprowadzi\u0107 przycisk, kt\u00f3ry sk\u0142oni odwiedzaj\u0105cych do pozostawienia nowej recenzji w Booking. Recenzje rezerwacji Elfsight pomog\u0105 Ci pokaza\u0107 doskona\u0142y dow\u00f3d spo\u0142eczno\u015bciowy na stronie internetowej i zwi\u0119kszy\u0107 sprzeda\u017c. <\/p> <div class=\"faq\" data-component=\"FAQ\"><div class=\"faq-item\">\r\n\t\t\t\t\t<div class=\"faq-item-question\">\r\n\t\t\t\t\t\t<h3 class=\"faq-item-question-text\">Gdzie mog\u0119 go doda\u0107<\/h3>\r\n\r\n\t\t\t\t\t\t<div class=\"faq-item-question-icon\"><\/div>\r\n\t\t\t\t\t<\/div>\r\n\r\n\t\t\t\t\t<div class=\"faq-item-answer\">\r\n\t\t\t\t\t\t<div class=\"faq-item-answer-text\"> <p>Mo\u017cesz wklei\u0107 widget na dowoln\u0105 stron\u0119 serwisu lub umie\u015bci\u0107 go w szablonie, aby wy\u015bwietla\u0142 si\u0119 na wszystkich stronach. Recenzje mog\u0105 dobrze sprawdzi\u0107 si\u0119 na stronach produkt\u00f3w lub na stronie O nas, czyli tam, gdzie chcesz udowodni\u0107 swoj\u0105 wysok\u0105 ocen\u0119. <\/p> <\/div>\r\n\t\t\t\t\t<\/div>\r\n\t\t\t\t<\/div><div class=\"faq-item\">\r\n\t\t\t\t\t<div class=\"faq-item-question\">\r\n\t\t\t\t\t\t<h3 class=\"faq-item-question-text\">Jakie korzy\u015bci mi to da?<\/h3>\r\n\r\n\t\t\t\t\t\t<div class=\"faq-item-question-icon\"><\/div>\r\n\t\t\t\t\t<\/div>\r\n\r\n\t\t\t\t\t<div class=\"faq-item-answer\">\r\n\t\t\t\t\t\t<div class=\"faq-item-answer-text\"> <p>Opinie zamieszczane przez prawdziwych ludzi s\u0105 dla odwiedzaj\u0105cych Twoj\u0105 witryn\u0119 nieskazitelnie wiarygodne i utwierdzaj\u0105 ich w przekonaniu, \u017ce Twoja firma jest wiarygodnym partnerem. Wysoka ocena i pozytywne referencje mog\u0105 pom\u00f3c zwi\u0119kszy\u0107 poziom zakup\u00f3w w Twojej witrynie. Ponadto przycisk przekierowania mo\u017ce przyczyni\u0107 si\u0119 do zwi\u0119kszenia liczby opinii klient\u00f3w na temat Twoich us\u0142ug w Booking. <\/p> <\/div>\r\n\t\t\t\t\t<\/div>\r\n\t\t\t\t<\/div> <div class=\"faq-item\">\r\n\t\t\t\t\t<div class=\"faq-item-question\">\r\n\t\t\t\t\t\t<h3 class=\"faq-item-question-text\">Jak osadzi\u0107 recenzje rezerwacji w witrynie Webflow?<\/h3>\r\n\r\n\t\t\t\t\t\t<div class=\"faq-item-question-icon\"><\/div>\r\n\t\t\t\t\t<\/div>\r\n\r\n\t\t\t\t\t<div class=\"faq-item-answer\">\r\n\t\t\t\t\t\t<div class=\"faq-item-answer-text\"> <p>Potrzebujesz tylko jednej minuty, aby widget m\u00f3g\u0142 dzia\u0142a\u0107. Jest superszybki, darmowy i nie wymaga kodowania. <\/p> <ol><li>Mo\u017cesz osadzi\u0107 Recenzje rezerwacji na swojej stronie bezpo\u015brednio za po\u015brednictwem naszej us\u0142ugi. Aby to zrobi\u0107, musisz post\u0119powa\u0107 zgodnie z kr\u00f3tkim opisem poni\u017cej na tej stronie. <\/li> <li>Wid\u017cet mo\u017cna wprowadzi\u0107 za po\u015brednictwem naszego serwisu lub na rynku. Mo\u017cesz zobaczy\u0107 zalety i wady obu opcji i wybra\u0107 swoj\u0105. <\/li> <\/ol> <\/div>\r\n\t\t\t\t\t<\/div>\r\n\t\t\t\t<\/div> <\/div> <\/div> <div class=\"application-platform-content-item-features application-platform-content-item\" id=\"features\" data-nav-section=\"features\"> <h2>G\u0142\u00f3wne funkcje wid\u017cetu Recenzje rezerwacji<\/h2> <p>Aby osi\u0105gn\u0105\u0107 pe\u0142ne zrozumienie z Booking Reviews, sprawd\u017a list\u0119 jego g\u0142\u00f3wnych funkcji. Sprawiaj\u0105, \u017ce widget jest dla Ciebie niezwykle przydatny: <\/p> <ul> <li>3 dost\u0119pne filtry: wed\u0142ug typu, wykluczenia wed\u0142ug i liczby wy\u015bwietlanych recenzji; <\/li> <li>Przycisk \u017c\u0105dania recenzji kieruje odwiedzaj\u0105cych do strony Rezerwacja; <\/li> <li>Sze\u015b\u0107 regulowanych element\u00f3w interfejsu: imi\u0119 i zdj\u0119cie autora, rekomendacja, data udost\u0119pnienia, ikona rezerwacji i liczba gwiazdek; <\/li> <\/ul><p><a href=\"#demo\">Aby pozna\u0107 wi\u0119cej funkcji, zobacz demonstracj\u0119 na \u017cywo<\/a><\/p> <\/div> <div class=\"application-platform-content-item-installation application-platform-content-item\" id=\"installation\" data-nav-section=\"installation\"> <h2>Dowiedz si\u0119, jak umie\u015bci\u0107 recenzje rezerwacji w witrynie Webflow<\/h2><div class=\"video-container\"><iframe width=\"720\" height=\"405\" src=\"https:\/\/www.youtube.com\/embed\/-iJS0JLU4Eg\" frameborder=\"0\" allowfullscreen=\"\"><\/iframe><\/div><p>Poni\u017csze czynno\u015bci to jedyne, co musisz zrobi\u0107, aby osadzi\u0107 wid\u017cet na swojej stronie. <\/p> <ol><li><b>Zaprojektuj swoj\u0105 unikaln\u0105 wtyczk\u0119 Booking Reviews<\/b><br> Za pomoc\u0105 naszego darmowego edytora utw\u00f3rz wtyczk\u0119 o wybranym wygl\u0105dzie i funkcjach. <\/li><li><b>Odbierz osobisty kod do opublikowania wtyczki<\/b><br> Po dostosowaniu wid\u017cetu kod instalacyjny otrzymasz z wyskakuj\u0105cego powiadomienia w aplikacji Elfsight. Skopiuj to. <\/li> <li><b>Osad\u017a wtyczk\u0119 na swojej stronie internetowej Webflow<\/b><br> Wybierz obszar, w kt\u00f3rym chcesz wy\u015bwietli\u0107 wtyczk\u0119 i wklej tam skopiowany kod. Zastosuj wyniki. <\/li> <li><b>Konfiguracja powiod\u0142a si\u0119! <\/b><br> Odwied\u017a swoj\u0105 stron\u0119 internetow\u0105, aby zobaczy\u0107 swoj\u0105 wtyczk\u0119. <\/li> <\/ol><p>Nadal masz w\u0105tpliwo\u015bci? Masz pytania? Po prostu wy\u015blij pro\u015bb\u0119 do naszego zespo\u0142u wsparcia. Rozwi\u0105\u017cemy ka\u017cd\u0105 spraw\u0119. <\/p> <\/div>","protected":false},"excerpt":{"rendered":"","protected":false},"author":9,"featured_media":0,"parent":1361,"menu_order":0,"comment_status":"closed","ping_status":"closed","template":"templates\/template-application-platform.php","meta":{"publish_to_discourse":"","publish_post_category":"","wpdc_auto_publish_overridden":"","wpdc_topic_tags":"","wpdc_pin_topic":"","wpdc_pin_until":"","discourse_post_id":"","discourse_permalink":"","wpdc_publishing_response":"","wpdc_publishing_error":"","footnotes":""},"class_list":["post-4494","page","type-page","status-publish","hentry"],"yoast_head":"<!-- This site is optimized with the Yoast SEO plugin v25.3.1 - https:\/\/yoast.com\/wordpress\/plugins\/seo\/ -->\n<title>Umie\u015b\u0107 recenzje rezerwacji na stronie internetowej Webflow (w 2 minuty)<\/title>\n<meta name=\"description\" content=\"Kszta\u0142towanie wid\u017cetu Recenzje rezerwacji i wy\u015bwietlanie go na stronie internetowej Webflow jest ca\u0142kowicie proste. Obs\u0142uga klienta Elfsight jest bezp\u0142atna.\" \/>\n<meta name=\"robots\" content=\"index, follow, max-snippet:-1, max-image-preview:large, max-video-preview:-1\" \/>\n<link rel=\"canonical\" href=\"https:\/\/elfsight.com\/pl\/booking-reviews-widget\/webflow\/\" \/>\n<meta property=\"og:locale\" content=\"pl_PL\" \/>\n<meta property=\"og:type\" content=\"article\" \/>\n<meta property=\"og:title\" content=\"Umie\u015b\u0107 recenzje rezerwacji na stronie internetowej Webflow (w 2 minuty)\" \/>\n<meta property=\"og:description\" content=\"Kszta\u0142towanie wid\u017cetu Recenzje rezerwacji i wy\u015bwietlanie go na stronie internetowej Webflow jest ca\u0142kowicie proste. Obs\u0142uga klienta Elfsight jest bezp\u0142atna.\" \/>\n<meta property=\"og:url\" content=\"https:\/\/elfsight.com\/pl\/booking-reviews-widget\/webflow\/\" \/>\n<meta property=\"og:site_name\" content=\"Elfsight PL\" \/>\n<meta property=\"article:modified_time\" content=\"2024-11-14T09:49:44+00:00\" \/>\n<meta name=\"twitter:card\" content=\"summary_large_image\" \/>\n<meta name=\"twitter:label1\" content=\"Szacowany czas czytania\" \/>\n\t<meta name=\"twitter:data1\" content=\"3 minuty\" \/>\n<!-- \/ Yoast SEO plugin. -->","yoast_head_json":{"title":"Umie\u015b\u0107 recenzje rezerwacji na stronie internetowej Webflow (w 2 minuty)","description":"Kszta\u0142towanie wid\u017cetu Recenzje rezerwacji i wy\u015bwietlanie go na stronie internetowej Webflow jest ca\u0142kowicie proste. Obs\u0142uga klienta Elfsight jest bezp\u0142atna.","robots":{"index":"index","follow":"follow","max-snippet":"max-snippet:-1","max-image-preview":"max-image-preview:large","max-video-preview":"max-video-preview:-1"},"canonical":"https:\/\/elfsight.com\/pl\/booking-reviews-widget\/webflow\/","og_locale":"pl_PL","og_type":"article","og_title":"Umie\u015b\u0107 recenzje rezerwacji na stronie internetowej Webflow (w 2 minuty)","og_description":"Kszta\u0142towanie wid\u017cetu Recenzje rezerwacji i wy\u015bwietlanie go na stronie internetowej Webflow jest ca\u0142kowicie proste. Obs\u0142uga klienta Elfsight jest bezp\u0142atna.","og_url":"https:\/\/elfsight.com\/pl\/booking-reviews-widget\/webflow\/","og_site_name":"Elfsight PL","article_modified_time":"2024-11-14T09:49:44+00:00","twitter_card":"summary_large_image","twitter_misc":{"Szacowany czas czytania":"3 minuty"},"schema":{"@context":"https:\/\/schema.org","@graph":[{"@type":"WebPage","@id":"https:\/\/elfsight.com\/pl\/booking-reviews-widget\/webflow\/","url":"https:\/\/elfsight.com\/pl\/booking-reviews-widget\/webflow\/","name":"Umie\u015b\u0107 recenzje rezerwacji na stronie internetowej Webflow (w 2 minuty)","isPartOf":{"@id":"https:\/\/elfsight.com\/pl\/#website"},"datePublished":"2024-05-03T06:30:52+00:00","dateModified":"2024-11-14T09:49:44+00:00","description":"Kszta\u0142towanie wid\u017cetu Recenzje rezerwacji i wy\u015bwietlanie go na stronie internetowej Webflow jest ca\u0142kowicie proste. Obs\u0142uga klienta Elfsight jest bezp\u0142atna.","breadcrumb":{"@id":"https:\/\/elfsight.com\/pl\/booking-reviews-widget\/webflow\/#breadcrumb"},"inLanguage":"pl-PL","potentialAction":[{"@type":"ReadAction","target":["https:\/\/elfsight.com\/pl\/booking-reviews-widget\/webflow\/"]}]},{"@type":"BreadcrumbList","@id":"https:\/\/elfsight.com\/pl\/booking-reviews-widget\/webflow\/#breadcrumb","itemListElement":[{"@type":"ListItem","position":1,"name":"Home","item":"https:\/\/elfsight.com\/pl\/"},{"@type":"ListItem","position":2,"name":"Booking Reviews","item":"https:\/\/elfsight.com\/pl\/booking-reviews-widget\/"},{"@type":"ListItem","position":3,"name":"Booking Reviews &#8211; Webflow"}]},{"@type":"WebSite","@id":"https:\/\/elfsight.com\/pl\/#website","url":"https:\/\/elfsight.com\/pl\/","name":"Elfsight PL","description":"Just another Elfsight Sites site","potentialAction":[{"@type":"SearchAction","target":{"@type":"EntryPoint","urlTemplate":"https:\/\/elfsight.com\/pl\/?s={search_term_string}"},"query-input":{"@type":"PropertyValueSpecification","valueRequired":true,"valueName":"search_term_string"}}],"inLanguage":"pl-PL"}]}},"meta_box":{"industry":"","seo_heading":"","heading":"","description":"","cta_heading":"","cta_description":"","application":"1360","h1":"Recenzje Webflow Booking.com","h1_caption":"Wy\u015bwietlaj recenzje z booking.com, aby przyci\u0105gn\u0105\u0107 wi\u0119cej go\u015bci, bez wysi\u0142ku pokazuj\u0105c pozytywne do\u015bwiadczenia poprzednich go\u015bci na swojej stronie internetowej Webflow.","application_category":[],"applications_title":"","applications_request_title":"","applications_request_button_text":"","hero_text":"","hero_video":"","hero_video_schema_markup":"","selling_points_title":"","selling_points_caption":"","selling_points":[],"selling_points_cta_text":"","features_title":"","features":"","ed_cta_examples_text":"","ed_cta_examples_hidden":"","ed_cta_demo_text":"","ed_cta_demo_hidden":"","why_caption":"","why_editor_title":"","why_editor_text":"","why_team_title":"","why_team_text":"","why_service_title":"","why_service_text":"","template_catalog_visible":"","template_catalog_title":"","template_catalog_text":"","template_catalog_categories_visible":"","demo_title":"Utw\u00f3rz wid\u017cet Recenzje rezerwacji","demo_caption":"Skonfiguruj swoje Recenzje Rezerwacji i dodaj je za darmo do swojej witryny Webflow!","default_faq_hidden":"","app_template_category":[],"platform":"127","template_public_id":"","codecanyon_url":"","codecanyon_item_id":"","codecanyon_price":"","pricing_caption":"","pricing_elfsight_apps_hide_column":"","pricing_elfsight_apps_url":"","pricing_codecanyon_price_caption":"","integration_category":[],"integration_request_title":"","integration_request_cta":"","integration_platform":"","integrations":[],"platform_category":[],"video_schema_markup":"","price":"od 0 USD \/ miesi\u0105c","trial":"","benefits":[{"text":"Bezp\u0142atna pomoc w instalacji"},{"text":"Do\u015bwiadczona obs\u0142uga klienta"},{"text":"14-dniowa gwarancja zwrotu pieni\u0119dzy"}],"button_url":"#demo","button_target_blank":"","button_nofollow":"","attributes":[{"name":"Instaluje"},{"name":"Czu\u0142y"},{"name":"Kompatybilne przegl\u0105darki"}],"tags":[],"tags_disable_links":"","hide_more_platforms":"","video_object":"","demo_hide_cta":"","demo_hide_cloud_options":"","pricing_title":"","pricing":[{"pricing_icon":"platform","pricing_title":"Elfsight Apps","pricing_title_caption":"Rozwi\u0105zanie wieloplatformowe","pricing_price":"od 0 USD \/ miesi\u0105c","pricing_price_caption":"zacznij od bezp\u0142atnego planu","pricing_benefits":[{"text":"Nielimitowane strony internetowe"},{"text":"Dedykowane i terminowe wsparcie"},{"text":"Bezp\u0142atna pomoc w monta\u017cu"},{"text":"100% konfigurowalny"}],"pricing_button_text":"Dodaj do witryny","pricing_button_url":"#demo"}],"related_apps_title":"","related_apps_hidden":"","author":"","image":[],"title":"","job":"","social_networks":[]},"_links":{"self":[{"href":"https:\/\/elfsight.com\/pl\/wp-json\/wp\/v2\/pages\/4494","targetHints":{"allow":["GET"]}}],"collection":[{"href":"https:\/\/elfsight.com\/pl\/wp-json\/wp\/v2\/pages"}],"about":[{"href":"https:\/\/elfsight.com\/pl\/wp-json\/wp\/v2\/types\/page"}],"author":[{"embeddable":true,"href":"https:\/\/elfsight.com\/pl\/wp-json\/wp\/v2\/users\/9"}],"replies":[{"embeddable":true,"href":"https:\/\/elfsight.com\/pl\/wp-json\/wp\/v2\/comments?post=4494"}],"version-history":[{"count":2,"href":"https:\/\/elfsight.com\/pl\/wp-json\/wp\/v2\/pages\/4494\/revisions"}],"predecessor-version":[{"id":7693,"href":"https:\/\/elfsight.com\/pl\/wp-json\/wp\/v2\/pages\/4494\/revisions\/7693"}],"up":[{"embeddable":true,"href":"https:\/\/elfsight.com\/pl\/wp-json\/wp\/v2\/pages\/1361"}],"wp:attachment":[{"href":"https:\/\/elfsight.com\/pl\/wp-json\/wp\/v2\/media?parent=4494"}],"curies":[{"name":"wp","href":"https:\/\/api.w.org\/{rel}","templated":true}]}}