{"id":4493,"date":"2024-05-03T06:30:51","date_gmt":"2024-05-03T06:30:51","guid":{"rendered":"https:\/\/elfsight.com\/pl\/?page_id=4493"},"modified":"2025-06-24T12:59:50","modified_gmt":"2025-06-24T12:59:50","slug":"squarespace","status":"publish","type":"page","link":"https:\/\/elfsight.com\/pl\/booking-reviews-widget\/squarespace\/","title":{"rendered":"Booking Reviews &#8211; Squarespace"},"content":{"rendered":"<div class=\"application-platform-content-item-description application-platform-content-item\" id=\"description\" data-nav-section=\"description\"> <h2>Osadzaj recenzje rezerwacji w Squarespace za pomoc\u0105 wid\u017cetu Elfsight<\/h2> <p>Je\u015bli chcesz wyrazi\u0107 swoje uznanie w\u015br\u00f3d u\u017cytkownik\u00f3w i przekona\u0107 odwiedzaj\u0105cych witryn\u0119 \u017ce Twoje miejsce jest warte odwiedzenia, widget Elfsight Booking Reviews jest w\u0142a\u015bnie dla Ciebie. Dzi\u0119ki naszemu narz\u0119dziu mo\u017cesz prezentowa\u0107 recenzje klient\u00f3w z Booking na swojej stronie internetowej wraz z informacjami o ich autorach, u\u017cywa\u0107 filtr\u00f3w, aby pokazywa\u0107 tylko pozytywne, dodawa\u0107 oceny i przycisk pro\u015bby o recenzj\u0119, kt\u00f3ry przekieruje ludzi na Twoj\u0105 stron\u0119 Rezerwacji, gdzie b\u0119d\u0105 mogli udost\u0119pnia\u0107 ich recenzj\u0119. <\/p> <div class=\"faq\" data-component=\"FAQ\"><div class=\"faq-item\">\r\n\t\t\t\t\t<div class=\"faq-item-question\">\r\n\t\t\t\t\t\t<h3 class=\"faq-item-question-text\">Gdzie na mojej stronie mog\u0119 to zintegrowa\u0107<\/h3>\r\n\r\n\t\t\t\t\t\t<div class=\"faq-item-question-icon\"><\/div>\r\n\t\t\t\t\t<\/div>\r\n\r\n\t\t\t\t\t<div class=\"faq-item-answer\">\r\n\t\t\t\t\t\t<div class=\"faq-item-answer-text\"> <p>Wid\u017cet mo\u017cna doda\u0107 na dowolnej stronie internetowej, gdzie chcesz wykaza\u0107 si\u0119 wysok\u0105 ocen\u0105 i popularno\u015bci\u0105 w\u015br\u00f3d klient\u00f3w. Je\u015bli potrzebujesz go na wszystkich stronach swojej witryny, mo\u017cesz po prostu wstawi\u0107 go do szablonu witryny. <\/p> <\/div>\r\n\t\t\t\t\t<\/div>\r\n\t\t\t\t<\/div><div class=\"faq-item\">\r\n\t\t\t\t\t<div class=\"faq-item-question\">\r\n\t\t\t\t\t\t<h3 class=\"faq-item-question-text\">Jakie s\u0105 dla mnie korzy\u015bci z posiadania Recenzji Rezerwacji?<\/h3>\r\n\r\n\t\t\t\t\t\t<div class=\"faq-item-question-icon\"><\/div>\r\n\t\t\t\t\t<\/div>\r\n\r\n\t\t\t\t\t<div class=\"faq-item-answer\">\r\n\t\t\t\t\t\t<div class=\"faq-item-answer-text\"> <p>Recenzje wystawiane przez prawdziwych ludzi s\u0105 bezb\u0142\u0119dnie wiarygodne dla klient\u00f3w Twojej witryny i pokazuj\u0105 im, \u017ce Twoja firma jest godna zaufania. Wysoka ocena i dobre recenzje mog\u0105 pom\u00f3c zwi\u0119kszy\u0107 sprzeda\u017c w Twojej witrynie. Aktywny przycisk mo\u017ce tak\u017ce przyczyni\u0107 si\u0119 do pojawienia si\u0119 wi\u0119kszej liczby opinii klient\u00f3w na temat Twoich us\u0142ug w Booking. <\/p> <\/div>\r\n\t\t\t\t\t<\/div>\r\n\t\t\t\t<\/div> <div class=\"faq-item\">\r\n\t\t\t\t\t<div class=\"faq-item-question\">\r\n\t\t\t\t\t\t<h3 class=\"faq-item-question-text\">Czego potrzebuj\u0119, aby osadzi\u0107 recenzje rezerwacji w mojej witrynie Squarespace?<\/h3>\r\n\r\n\t\t\t\t\t\t<div class=\"faq-item-question-icon\"><\/div>\r\n\t\t\t\t\t<\/div>\r\n\r\n\t\t\t\t\t<div class=\"faq-item-answer\">\r\n\t\t\t\t\t\t<div class=\"faq-item-answer-text\"> <p>Konfiguracja zajmie chwil\u0119. Instalacja jest bardzo szybka, bezp\u0142atna i bez kodowania. <\/p> <ol><li>Mo\u017cesz umie\u015bci\u0107 widget na swojej stronie internetowej za po\u015brednictwem naszego serwisu. Wystarczy skorzysta\u0107 z poni\u017cszego przewodnika na tej stronie. <\/li> <li>Recenzje rezerwacji Elfsight mo\u017cna zintegrowa\u0107 za po\u015brednictwem naszej us\u0142ugi lub za po\u015brednictwem rynku. Mo\u017cesz por\u00f3wna\u0107 oba warianty i zdecydowa\u0107, kt\u00f3ry jest Tw\u00f3j. <\/li> <\/ol> <\/div>\r\n\t\t\t\t\t<\/div>\r\n\t\t\t\t<\/div> <\/div> <\/div> <div class=\"application-platform-content-item-features application-platform-content-item\" id=\"features\" data-nav-section=\"features\"> <h2>G\u0142\u00f3wne funkcje wid\u017cetu Recenzje rezerwacji<\/h2> <p>Aby kszta\u0142towa\u0107 lepsze zrozumienie wid\u017cetu przejrzyj list\u0119 jego g\u0142\u00f3wnych cech. Dzi\u0119ki nim ten widget jest dla Ciebie wydajny: <\/p> <ul> <li>Trzy dost\u0119pne filtry: wed\u0142ug typu, wykluczenia wed\u0142ug i liczby wy\u015bwietlanych recenzji; <\/li> <li> Prze\u0142\u0105czany nag\u0142\u00f3wek wid\u017cetu; <\/li> <li>Dwie mo\u017cliwo\u015bci scenariuszy po odrzuceniu pro\u015bby o sprawdzenie: zaprezentuj sw\u00f3j komunikat lub ukryj przycisk. <\/li> <\/ul><p><a href=\"#demo\">Zobacz pe\u0142n\u0105 list\u0119 funkcji w naszej wersji demonstracyjnej na \u017cywo<\/a><\/p> <\/div> <div class=\"application-platform-content-item-installation application-platform-content-item\" id=\"installation\" data-nav-section=\"installation\"> <h2>Dowiedz si\u0119, jak doda\u0107 recenzje rezerwacji do swojej witryny Squarespace<\/h2><div class=\"video-container\"><iframe width=\"720\" height=\"405\" src=\"https:\/\/www.youtube.com\/embed\/wdZ8_IaZTqk\" frameborder=\"0\" allowfullscreen=\"\"><\/iframe> <\/div><p> Wystarczy kilka prostych czynno\u015bci, aby film dzia\u0142a\u0142 bez kodowania. <\/p> <ol><li><b>Stw\u00f3rz w\u0142asn\u0105 wtyczk\u0119 Recenzji rezerwacji<\/b><br> W naszym darmowym edytorze pobierz wtyczk\u0119 o niestandardowym wygl\u0105dzie i funkcjach. <\/li><li><b>Uzyskaj osobisty kod do osadzenia wtyczki<\/b><br> Po skonfigurowaniu wid\u017cetu otrzymasz kod instalacyjny z powiadomienia, kt\u00f3re pojawi si\u0119 w aplikacji Elfsight. Skopiuj to. <\/li> <li><b>Osad\u017a wtyczk\u0119 na swojej stronie Squarespace<\/b><br> Przejd\u017a do obszaru, w kt\u00f3rym chcesz wy\u015bwietli\u0107 wtyczk\u0119 i wstaw tam zapisany kod. Zastosuj wyniki. <\/li> <li><b>Gotowe! <\/b><br> Wejd\u017a na swoj\u0105 stron\u0119 internetow\u0105, aby zobaczy\u0107 swoje referencje. <\/li> <\/ol><p>Nadal masz co\u015b, co budzi Twoje w\u0105tpliwo\u015bci? Albo do\u015bwiadczasz problem\u00f3w? Wystarczy jedno zg\u0142oszenie do naszego dzia\u0142u obs\u0142ugi klienta, aby rozwi\u0105za\u0107 ka\u017cdy problem. <\/p> <\/div>","protected":false},"excerpt":{"rendered":"","protected":false},"author":9,"featured_media":0,"parent":1361,"menu_order":0,"comment_status":"closed","ping_status":"closed","template":"templates\/template-application-platform.php","meta":{"publish_to_discourse":"","publish_post_category":"","wpdc_auto_publish_overridden":"","wpdc_topic_tags":"","wpdc_pin_topic":"","wpdc_pin_until":"","discourse_post_id":"","discourse_permalink":"","wpdc_publishing_response":"","wpdc_publishing_error":"","footnotes":""},"class_list":["post-4493","page","type-page","status-publish","hentry"],"yoast_head":"<!-- This site is optimized with the Yoast SEO plugin v25.3.1 - https:\/\/yoast.com\/wordpress\/plugins\/seo\/ -->\n<title>Umie\u015b\u0107 recenzje rezerwacji na stronie Squarespace (szybko i \u0142atwo)<\/title>\n<meta name=\"description\" content=\"Dzi\u0119ki Elfsight mo\u017cesz z \u0142atwo\u015bci\u0105 kszta\u0142towa\u0107 swoje recenzje rezerwacji i dodawa\u0107 je na swojej stronie Squarespace. Mamy bezp\u0142atn\u0105 obs\u0142ug\u0119 klienta i wi\u0119cej bonus\u00f3w.\" \/>\n<meta name=\"robots\" content=\"index, follow, max-snippet:-1, max-image-preview:large, max-video-preview:-1\" \/>\n<link rel=\"canonical\" href=\"https:\/\/elfsight.com\/pl\/booking-reviews-widget\/squarespace\/\" \/>\n<meta property=\"og:locale\" content=\"pl_PL\" \/>\n<meta property=\"og:type\" content=\"article\" \/>\n<meta property=\"og:title\" content=\"Umie\u015b\u0107 recenzje rezerwacji na stronie Squarespace (szybko i \u0142atwo)\" \/>\n<meta property=\"og:description\" content=\"Dzi\u0119ki Elfsight mo\u017cesz z \u0142atwo\u015bci\u0105 kszta\u0142towa\u0107 swoje recenzje rezerwacji i dodawa\u0107 je na swojej stronie Squarespace. Mamy bezp\u0142atn\u0105 obs\u0142ug\u0119 klienta i wi\u0119cej bonus\u00f3w.\" \/>\n<meta property=\"og:url\" content=\"https:\/\/elfsight.com\/pl\/booking-reviews-widget\/squarespace\/\" \/>\n<meta property=\"og:site_name\" content=\"Elfsight PL\" \/>\n<meta property=\"article:modified_time\" content=\"2025-06-24T12:59:50+00:00\" \/>\n<meta name=\"twitter:card\" content=\"summary_large_image\" \/>\n<meta name=\"twitter:label1\" content=\"Szacowany czas czytania\" \/>\n\t<meta name=\"twitter:data1\" content=\"3 minuty\" \/>\n<!-- \/ Yoast SEO plugin. -->","yoast_head_json":{"title":"Umie\u015b\u0107 recenzje rezerwacji na stronie Squarespace (szybko i \u0142atwo)","description":"Dzi\u0119ki Elfsight mo\u017cesz z \u0142atwo\u015bci\u0105 kszta\u0142towa\u0107 swoje recenzje rezerwacji i dodawa\u0107 je na swojej stronie Squarespace. Mamy bezp\u0142atn\u0105 obs\u0142ug\u0119 klienta i wi\u0119cej bonus\u00f3w.","robots":{"index":"index","follow":"follow","max-snippet":"max-snippet:-1","max-image-preview":"max-image-preview:large","max-video-preview":"max-video-preview:-1"},"canonical":"https:\/\/elfsight.com\/pl\/booking-reviews-widget\/squarespace\/","og_locale":"pl_PL","og_type":"article","og_title":"Umie\u015b\u0107 recenzje rezerwacji na stronie Squarespace (szybko i \u0142atwo)","og_description":"Dzi\u0119ki Elfsight mo\u017cesz z \u0142atwo\u015bci\u0105 kszta\u0142towa\u0107 swoje recenzje rezerwacji i dodawa\u0107 je na swojej stronie Squarespace. Mamy bezp\u0142atn\u0105 obs\u0142ug\u0119 klienta i wi\u0119cej bonus\u00f3w.","og_url":"https:\/\/elfsight.com\/pl\/booking-reviews-widget\/squarespace\/","og_site_name":"Elfsight PL","article_modified_time":"2025-06-24T12:59:50+00:00","twitter_card":"summary_large_image","twitter_misc":{"Szacowany czas czytania":"3 minuty"},"schema":{"@context":"https:\/\/schema.org","@graph":[{"@type":"WebPage","@id":"https:\/\/elfsight.com\/pl\/booking-reviews-widget\/squarespace\/","url":"https:\/\/elfsight.com\/pl\/booking-reviews-widget\/squarespace\/","name":"Umie\u015b\u0107 recenzje rezerwacji na stronie Squarespace (szybko i \u0142atwo)","isPartOf":{"@id":"https:\/\/elfsight.com\/pl\/#website"},"datePublished":"2024-05-03T06:30:51+00:00","dateModified":"2025-06-24T12:59:50+00:00","description":"Dzi\u0119ki Elfsight mo\u017cesz z \u0142atwo\u015bci\u0105 kszta\u0142towa\u0107 swoje recenzje rezerwacji i dodawa\u0107 je na swojej stronie Squarespace. Mamy bezp\u0142atn\u0105 obs\u0142ug\u0119 klienta i wi\u0119cej bonus\u00f3w.","breadcrumb":{"@id":"https:\/\/elfsight.com\/pl\/booking-reviews-widget\/squarespace\/#breadcrumb"},"inLanguage":"pl-PL","potentialAction":[{"@type":"ReadAction","target":["https:\/\/elfsight.com\/pl\/booking-reviews-widget\/squarespace\/"]}]},{"@type":"BreadcrumbList","@id":"https:\/\/elfsight.com\/pl\/booking-reviews-widget\/squarespace\/#breadcrumb","itemListElement":[{"@type":"ListItem","position":1,"name":"Home","item":"https:\/\/elfsight.com\/pl\/"},{"@type":"ListItem","position":2,"name":"Booking Reviews","item":"https:\/\/elfsight.com\/pl\/booking-reviews-widget\/"},{"@type":"ListItem","position":3,"name":"Booking Reviews &#8211; Squarespace"}]},{"@type":"WebSite","@id":"https:\/\/elfsight.com\/pl\/#website","url":"https:\/\/elfsight.com\/pl\/","name":"Elfsight PL","description":"Just another Elfsight Sites site","potentialAction":[{"@type":"SearchAction","target":{"@type":"EntryPoint","urlTemplate":"https:\/\/elfsight.com\/pl\/?s={search_term_string}"},"query-input":{"@type":"PropertyValueSpecification","valueRequired":true,"valueName":"search_term_string"}}],"inLanguage":"pl-PL"}]}},"meta_box":{"industry":"","seo_heading":"","heading":"","description":"","cta_heading":"","cta_description":"","application":"1360","h1":"Recenzje Squarespace Booking.com","h1_caption":"Wy\u015bwietlaj recenzje z booking.com, aby przyci\u0105gn\u0105\u0107 wi\u0119cej go\u015bci, bez wysi\u0142ku pokazuj\u0105c pozytywne do\u015bwiadczenia poprzednich go\u015bci na swojej stronie Squarespace.","application_category":[],"applications_title":"","applications_request_title":"","applications_request_button_text":"","hero_text":"","hero_video":"","hero_video_schema_markup":"","selling_points_title":"","selling_points_caption":"","selling_points":[],"selling_points_cta_text":"","features_title":"","features":"","ed_cta_examples_text":"","ed_cta_examples_hidden":"","ed_cta_demo_text":"","ed_cta_demo_hidden":"","why_caption":"","why_editor_title":"","why_editor_text":"","why_team_title":"","why_team_text":"","why_service_title":"","why_service_text":"","template_catalog_visible":"0","template_catalog_title":"","template_catalog_text":"","template_catalog_categories_visible":"","demo_title":"Utw\u00f3rz wtyczk\u0119 Recenzje rezerwacji","demo_caption":"Skonfiguruj swoje recenzje rezerwacji i dodaj je do swojej witryny Squarespace za darmo!","default_faq_hidden":"","app_template_category":[],"platform":"7588","template_public_id":"","codecanyon_url":"","codecanyon_item_id":"","codecanyon_price":"","pricing_caption":"","pricing_elfsight_apps_hide_column":"","pricing_elfsight_apps_url":"","pricing_codecanyon_price_caption":"","integration_category":[],"integration_request_title":"","integration_request_cta":"","integration_platform":"","integrations":[],"platform_category":[],"video_schema_markup":"","price":"od 0 USD \/ miesi\u0105c","trial":"","benefits":[{"text":"Bezp\u0142atna us\u0142uga monta\u017cu"},{"text":"Kompetentna obs\u0142uga klienta"},{"text":"14-dniowa gwarancja zwrotu pieni\u0119dzy"}],"button_url":"#demo","button_target_blank":"0","button_nofollow":"0","attributes":[{"name":"Instaluje"},{"name":"Czu\u0142y"},{"name":"Kompatybilne przegl\u0105darki"}],"tags":[],"tags_disable_links":"0","hide_more_platforms":"0","video_object":"","demo_hide_cta":"0","demo_hide_cloud_options":"0","pricing_title":"","pricing":[{"pricing_icon":"platform","pricing_title":"Elfsight Apps","pricing_title_caption":"Rozwi\u0105zanie wieloplatformowe","pricing_price":"od 0 USD \/ miesi\u0105c","pricing_price_caption":"zacznij od bezp\u0142atnego planu","pricing_benefits":[{"text":"Nielimitowane strony internetowe"},{"text":"Wsparcie premium i na czas"},{"text":"Bezp\u0142atna pomoc przy instalacji"},{"text":"Elastyczny projekt"}],"pricing_button_text":"Dodaj do witryny","pricing_button_url":"#demo"}],"related_apps_title":"","related_apps_hidden":"0","author":"","image":[],"title":"","job":"","social_networks":[]},"_links":{"self":[{"href":"https:\/\/elfsight.com\/pl\/wp-json\/wp\/v2\/pages\/4493","targetHints":{"allow":["GET"]}}],"collection":[{"href":"https:\/\/elfsight.com\/pl\/wp-json\/wp\/v2\/pages"}],"about":[{"href":"https:\/\/elfsight.com\/pl\/wp-json\/wp\/v2\/types\/page"}],"author":[{"embeddable":true,"href":"https:\/\/elfsight.com\/pl\/wp-json\/wp\/v2\/users\/9"}],"replies":[{"embeddable":true,"href":"https:\/\/elfsight.com\/pl\/wp-json\/wp\/v2\/comments?post=4493"}],"version-history":[{"count":2,"href":"https:\/\/elfsight.com\/pl\/wp-json\/wp\/v2\/pages\/4493\/revisions"}],"predecessor-version":[{"id":7692,"href":"https:\/\/elfsight.com\/pl\/wp-json\/wp\/v2\/pages\/4493\/revisions\/7692"}],"up":[{"embeddable":true,"href":"https:\/\/elfsight.com\/pl\/wp-json\/wp\/v2\/pages\/1361"}],"wp:attachment":[{"href":"https:\/\/elfsight.com\/pl\/wp-json\/wp\/v2\/media?parent=4493"}],"curies":[{"name":"wp","href":"https:\/\/api.w.org\/{rel}","templated":true}]}}