{"id":4488,"date":"2024-05-03T06:30:50","date_gmt":"2024-05-03T06:30:50","guid":{"rendered":"https:\/\/elfsight.com\/pl\/?page_id=4488"},"modified":"2025-06-24T12:59:17","modified_gmt":"2025-06-24T12:59:17","slug":"shopify","status":"publish","type":"page","link":"https:\/\/elfsight.com\/pl\/booking-reviews-widget\/shopify\/","title":{"rendered":"Booking Reviews &#8211; Shopify"},"content":{"rendered":"<div class=\"application-platform-content-item-description application-platform-content-item\" id=\"description\" data-nav-section=\"description\"> <h2>Osadzaj recenzje rezerwacji w Shopify za pomoc\u0105 wid\u017cetu Elfsight<\/h2> <p>Je\u015bli szukasz sposobu na potwierdzenie swojej wysokiej oceny i przekonaj odwiedzaj\u0105cych witryn\u0119, \u017ce Tw\u00f3j hotel lub apartament ma dobry stosunek jako\u015bci do ceny, Elfsight Booking Reviews b\u0119dzie w\u0142a\u015bciwym wyborem. Dzi\u0119ki naszemu wid\u017cetowi mo\u017cesz swobodnie prezentowa\u0107 recenzje klient\u00f3w z Booking.com na swojej stronie internetowej ze szczeg\u00f3\u0142ami dotycz\u0105cymi ich autor\u00f3w, filtrowa\u0107 je, aby pokaza\u0107 tylko najlepsze, dodawa\u0107 oceny i aktywny przycisk, kt\u00f3ry poprowadzi ludzi na Twoj\u0105 stron\u0119 Rezerwacji, gdzie mog\u0105 dodaj \u015bwie\u017c\u0105 recenzj\u0119. <\/p> <div class=\"faq\" data-component=\"FAQ\"><div class=\"faq-item\">\r\n\t\t\t\t\t<div class=\"faq-item-question\">\r\n\t\t\t\t\t\t<h3 class=\"faq-item-question-text\">Gdzie mog\u0119 zintegrowa\u0107 t\u0119 wtyczk\u0119<\/h3>\r\n\r\n\t\t\t\t\t\t<div class=\"faq-item-question-icon\"><\/div>\r\n\t\t\t\t\t<\/div>\r\n\r\n\t\t\t\t\t<div class=\"faq-item-answer\">\r\n\t\t\t\t\t\t<div class=\"faq-item-answer-text\"> <p>Mo\u017cesz doda\u0107 widget do dowolnej strony serwisu lub wklei\u0107 go do szablonu witryny, w tym przypadku zostanie on opublikowany na wszystkich stronach. Recenzje mog\u0105 dobrze sprawdzi\u0107 si\u0119 na stronach produkt\u00f3w lub na stronie O nas, czyli tam, gdzie musisz udowodni\u0107 swoj\u0105 wysok\u0105 ocen\u0119. <\/p> <\/div>\r\n\t\t\t\t\t<\/div>\r\n\t\t\t\t<\/div><div class=\"faq-item\">\r\n\t\t\t\t\t<div class=\"faq-item-question\">\r\n\t\t\t\t\t\t<h3 class=\"faq-item-question-text\">Jak mog\u0119 z tego skorzysta\u0107?<\/h3>\r\n\r\n\t\t\t\t\t\t<div class=\"faq-item-question-icon\"><\/div>\r\n\t\t\t\t\t<\/div>\r\n\r\n\t\t\t\t\t<div class=\"faq-item-answer\">\r\n\t\t\t\t\t\t<div class=\"faq-item-answer-text\"> <p>Opinie prawdziwych ludzi s\u0105 dla odwiedzaj\u0105cych Twoj\u0105 witryn\u0119 ca\u0142kowicie godne zaufania i udowadniaj\u0105, \u017ce Twoja firma jest wiarygodnym partnerem. Wysoka ocena i doskona\u0142e recenzje mog\u0105 pom\u00f3c zwi\u0119kszy\u0107 sprzeda\u017c w Twojej witrynie. Dodatkowo przycisk przekierowania mo\u017ce przyczyni\u0107 si\u0119 do zwi\u0119kszenia ilo\u015bci opinii klient\u00f3w na temat Twojej firmy w Booking. <\/p> <\/div>\r\n\t\t\t\t\t<\/div>\r\n\t\t\t\t<\/div> <div class=\"faq-item\">\r\n\t\t\t\t\t<div class=\"faq-item-question\">\r\n\t\t\t\t\t\t<h3 class=\"faq-item-question-text\">Jak mog\u0119 doda\u0107 recenzje rezerwacji na mojej stronie Shopify?<\/h3>\r\n\r\n\t\t\t\t\t\t<div class=\"faq-item-question-icon\"><\/div>\r\n\t\t\t\t\t<\/div>\r\n\r\n\t\t\t\t\t<div class=\"faq-item-answer\">\r\n\t\t\t\t\t\t<div class=\"faq-item-answer-text\"> <p>Aby uruchomi\u0107 wid\u017cet, potrzeba tylko jednej minuty. Osadzanie jest naprawd\u0119 szybkie, bezp\u0142atne i nie wymaga kodowania. <\/p> <ol><li>Mo\u017cesz skonfigurowa\u0107 widget na swojej stronie w naszym serwisie. W tym celu b\u0119dziesz musia\u0142 zastosowa\u0107 si\u0119 do instrukcji podanych na tej stronie. <\/li> <li>Recenzje rezerwacji Elfsight mo\u017cna dodawa\u0107 bezpo\u015brednio w naszym serwisie lub za po\u015brednictwem rynku. Mo\u017cesz por\u00f3wna\u0107 zalety obu wariant\u00f3w i wybra\u0107 sw\u00f3j. <\/li> <\/ol> <\/div>\r\n\t\t\t\t\t<\/div>\r\n\t\t\t\t<\/div> <\/div> <\/div> <div class=\"application-platform-content-item-features application-platform-content-item\" id=\"features\" data-nav-section=\"features\"> <h2>G\u0142\u00f3wne funkcje wid\u017cetu Recenzje rezerwacji<\/h2> <p>Aby lepiej zrozumie\u0107 recenzji rezerwacji, oto lista jego g\u0142\u00f3wnych cech. Dzi\u0119ki nim nasz widget jest niezwykle skuteczny dla Twojej firmy: <\/p> <ul> <li>Cztery predefiniowane uk\u0142ady: Lista, Siatka, Mur i Suwak; <\/li> <li> Prze\u0142\u0105czany nag\u0142\u00f3wek wid\u017cetu; <\/li> <li>Dwie mo\u017cliwo\u015bci scenariuszy po odrzuceniu pro\u015bby o sprawdzenie: wy\u015bwietl wiadomo\u015b\u0107 tekstow\u0105 lub ukryj przycisk. <\/li> <\/ul><p><a href=\"#demo\">Nasza demonstracja na \u017cywo poka\u017ce Ci pe\u0142n\u0105 list\u0119 funkcji<\/a><\/p> <\/div> <div class=\"application-platform-content-item-installation  application-platform-content-item\" id=\"installation \" data-nav-section=\"installation \"> <h2>Oto jak wstawi\u0107 recenzje rezerwacji do swojego sklepu Shopify<\/h2> <div class=\"video-container\"><iframe width=\"720\" height=\"405\" src=\"https:\/\/www.youtube.com\/embed\/tNiLv6RMLlc\" frameborder=\"0\" allowfullscreen=\"\"><\/iframe><\/div><p>Wystarcz\u0105 poni\u017csze kroki, aby wid\u017cet dzia\u0142a\u0142 i dzia\u0142a\u0142.<\/p> <ol><li><b>Skorzystaj z naszego darmowego konfiguratora i zacznij tworzy\u0107 swoj\u0105 unikaln\u0105 aplikacj\u0119. <\/b><br> Okre\u015bl odpowiedni interfejs i aspekty aplikacji oraz zapisz wszystkie modyfikacje. <\/li> <li><b>Zdob\u0105d\u017a kod osobisty pokazany w polu w aplikacjach Elfsight. <\/b><br> Po zako\u0144czeniu dostosowywania aplikacji skopiuj ekskluzywny kod z wy\u015bwietlonego wyskakuj\u0105cego okienka i zachowaj go do wykorzystania w przysz\u0142o\u015bci. <\/li> <li><b>Rozpocznij korzystanie z aplikacji w swojej witrynie Shopify. <\/b><br> Wprowad\u017a kod, kt\u00f3ry ostatnio zapisa\u0142e\u015b na swojej stronie internetowej i zapisz zmiany. <\/li> <li><b>Instalacja zosta\u0142a pomy\u015blnie zako\u0144czona. <\/b><br> Otw\u00f3rz swoj\u0105 stron\u0119 internetow\u0105, aby sprawdzi\u0107 dzia\u0142anie aplikacji. <\/li><\/ol><p>Nadal masz w\u0105tpliwo\u015bci? Lub masz pytania? Po prostu wy\u015blij swoj\u0105 pro\u015bb\u0119 do naszego dzia\u0142u obs\u0142ugi klienta, kt\u00f3ry rozwi\u0105\u017ce ka\u017cdy problem. <\/p> <\/div>","protected":false},"excerpt":{"rendered":"","protected":false},"author":9,"featured_media":0,"parent":1361,"menu_order":0,"comment_status":"closed","ping_status":"closed","template":"templates\/template-application-platform.php","meta":{"publish_to_discourse":"","publish_post_category":"","wpdc_auto_publish_overridden":"","wpdc_topic_tags":"","wpdc_pin_topic":"","wpdc_pin_until":"","discourse_post_id":"","discourse_permalink":"","wpdc_publishing_response":"","wpdc_publishing_error":"","footnotes":""},"class_list":["post-4488","page","type-page","status-publish","hentry"],"yoast_head":"<!-- This site is optimized with the Yoast SEO plugin v25.3.1 - https:\/\/yoast.com\/wordpress\/plugins\/seo\/ -->\n<title>Osad\u017a recenzje rezerwacji na stronie Shopify (2026)<\/title>\n<meta name=\"description\" content=\"Utworzenie aplikacji Recenzje rezerwacji i umieszczenie jej w sklepie Shopify jest ca\u0142kowicie proste. Obs\u0142uga klienta Elfsight jest bezp\u0142atna.\" \/>\n<meta name=\"robots\" content=\"index, follow, max-snippet:-1, max-image-preview:large, max-video-preview:-1\" \/>\n<link rel=\"canonical\" href=\"https:\/\/elfsight.com\/pl\/booking-reviews-widget\/shopify\/\" \/>\n<meta property=\"og:locale\" content=\"pl_PL\" \/>\n<meta property=\"og:type\" content=\"article\" \/>\n<meta property=\"og:title\" content=\"Osad\u017a recenzje rezerwacji na stronie Shopify (2026)\" \/>\n<meta property=\"og:description\" content=\"Utworzenie aplikacji Recenzje rezerwacji i umieszczenie jej w sklepie Shopify jest ca\u0142kowicie proste. Obs\u0142uga klienta Elfsight jest bezp\u0142atna.\" \/>\n<meta property=\"og:url\" content=\"https:\/\/elfsight.com\/pl\/booking-reviews-widget\/shopify\/\" \/>\n<meta property=\"og:site_name\" content=\"Elfsight PL\" \/>\n<meta property=\"article:modified_time\" content=\"2025-06-24T12:59:17+00:00\" \/>\n<meta name=\"twitter:card\" content=\"summary_large_image\" \/>\n<meta name=\"twitter:label1\" content=\"Szacowany czas czytania\" \/>\n\t<meta name=\"twitter:data1\" content=\"3 minuty\" \/>\n<!-- \/ Yoast SEO plugin. -->","yoast_head_json":{"title":"Osad\u017a recenzje rezerwacji na stronie Shopify (2026)","description":"Utworzenie aplikacji Recenzje rezerwacji i umieszczenie jej w sklepie Shopify jest ca\u0142kowicie proste. Obs\u0142uga klienta Elfsight jest bezp\u0142atna.","robots":{"index":"index","follow":"follow","max-snippet":"max-snippet:-1","max-image-preview":"max-image-preview:large","max-video-preview":"max-video-preview:-1"},"canonical":"https:\/\/elfsight.com\/pl\/booking-reviews-widget\/shopify\/","og_locale":"pl_PL","og_type":"article","og_title":"Osad\u017a recenzje rezerwacji na stronie Shopify (2026)","og_description":"Utworzenie aplikacji Recenzje rezerwacji i umieszczenie jej w sklepie Shopify jest ca\u0142kowicie proste. Obs\u0142uga klienta Elfsight jest bezp\u0142atna.","og_url":"https:\/\/elfsight.com\/pl\/booking-reviews-widget\/shopify\/","og_site_name":"Elfsight PL","article_modified_time":"2025-06-24T12:59:17+00:00","twitter_card":"summary_large_image","twitter_misc":{"Szacowany czas czytania":"3 minuty"},"schema":{"@context":"https:\/\/schema.org","@graph":[{"@type":"WebPage","@id":"https:\/\/elfsight.com\/pl\/booking-reviews-widget\/shopify\/","url":"https:\/\/elfsight.com\/pl\/booking-reviews-widget\/shopify\/","name":"Osad\u017a recenzje rezerwacji na stronie Shopify (2026)","isPartOf":{"@id":"https:\/\/elfsight.com\/pl\/#website"},"datePublished":"2024-05-03T06:30:50+00:00","dateModified":"2025-06-24T12:59:17+00:00","description":"Utworzenie aplikacji Recenzje rezerwacji i umieszczenie jej w sklepie Shopify jest ca\u0142kowicie proste. Obs\u0142uga klienta Elfsight jest bezp\u0142atna.","breadcrumb":{"@id":"https:\/\/elfsight.com\/pl\/booking-reviews-widget\/shopify\/#breadcrumb"},"inLanguage":"pl-PL","potentialAction":[{"@type":"ReadAction","target":["https:\/\/elfsight.com\/pl\/booking-reviews-widget\/shopify\/"]}]},{"@type":"BreadcrumbList","@id":"https:\/\/elfsight.com\/pl\/booking-reviews-widget\/shopify\/#breadcrumb","itemListElement":[{"@type":"ListItem","position":1,"name":"Home","item":"https:\/\/elfsight.com\/pl\/"},{"@type":"ListItem","position":2,"name":"Booking Reviews","item":"https:\/\/elfsight.com\/pl\/booking-reviews-widget\/"},{"@type":"ListItem","position":3,"name":"Booking Reviews &#8211; Shopify"}]},{"@type":"WebSite","@id":"https:\/\/elfsight.com\/pl\/#website","url":"https:\/\/elfsight.com\/pl\/","name":"Elfsight PL","description":"Just another Elfsight Sites site","potentialAction":[{"@type":"SearchAction","target":{"@type":"EntryPoint","urlTemplate":"https:\/\/elfsight.com\/pl\/?s={search_term_string}"},"query-input":{"@type":"PropertyValueSpecification","valueRequired":true,"valueName":"search_term_string"}}],"inLanguage":"pl-PL"}]}},"meta_box":{"industry":"","seo_heading":"","heading":"","description":"","cta_heading":"","cta_description":"","application":"1360","h1":"Recenzje Shopify Booking.com","h1_caption":"Wy\u015bwietlaj recenzje z booking.com, aby przyci\u0105gn\u0105\u0107 wi\u0119cej go\u015bci, bez wysi\u0142ku pokazuj\u0105c pozytywne do\u015bwiadczenia poprzednich go\u015bci w swojej witrynie Shopify.","application_category":[],"applications_title":"","applications_request_title":"","applications_request_button_text":"","hero_text":"","hero_video":"","hero_video_schema_markup":"","selling_points_title":"","selling_points_caption":"","selling_points":[],"selling_points_cta_text":"","features_title":"","features":"","ed_cta_examples_text":"","ed_cta_examples_hidden":"","ed_cta_demo_text":"","ed_cta_demo_hidden":"","why_caption":"","why_editor_title":"","why_editor_text":"","why_team_title":"","why_team_text":"","why_service_title":"","why_service_text":"","template_catalog_visible":"0","template_catalog_title":"","template_catalog_text":"","template_catalog_categories_visible":"","demo_title":"Utw\u00f3rz aplikacj\u0119 Recenzje rezerwacji","demo_caption":"Skonfiguruj swoje Recenzje rezerwacji i dodaj je za darmo do swojej witryny Shopify!","default_faq_hidden":"","app_template_category":[],"platform":"7580","template_public_id":"","codecanyon_url":"","codecanyon_item_id":"","codecanyon_price":"","pricing_caption":"","pricing_elfsight_apps_hide_column":"","pricing_elfsight_apps_url":"","pricing_codecanyon_price_caption":"","integration_category":[],"integration_request_title":"","integration_request_cta":"","integration_platform":"","integrations":[],"platform_category":[],"video_schema_markup":"","price":"od 0 USD \/ miesi\u0105c","trial":"","benefits":[{"text":"Bezp\u0142atna us\u0142uga monta\u017cu"},{"text":"Wsparcie premium"},{"text":"14-dniowa gwarancja zwrotu pieni\u0119dzy"}],"button_url":"#demo","button_target_blank":"0","button_nofollow":"0","attributes":[{"name":"Instaluje"},{"name":"Czu\u0142y"},{"name":"Kompatybilne przegl\u0105darki"}],"tags":[],"tags_disable_links":"0","hide_more_platforms":"0","video_object":"","demo_hide_cta":"0","demo_hide_cloud_options":"0","pricing_title":"","pricing":[{"pricing_icon":"cloud","pricing_title":"Elfsight Apps","pricing_title_caption":"Wersja wieloplatformowa, kt\u00f3ra dzia\u0142a na ka\u017cdej stronie internetowej","pricing_price":"od 0 USD \/ miesi\u0105c","pricing_price_caption":"zacznij od bezp\u0142atnego planu","pricing_benefits":[{"text":"Nielimitowane strony internetowe"},{"text":"Wsparcie premium"},{"text":"Bezp\u0142atna us\u0142uga monta\u017cu"},{"text":"Oferta specjalna na wiele aplikacji"}],"pricing_button_text":"Dodaj do witryny","pricing_button_url":"#demo"}],"related_apps_title":"","related_apps_hidden":"0","author":"","image":[],"title":"","job":"","social_networks":[]},"_links":{"self":[{"href":"https:\/\/elfsight.com\/pl\/wp-json\/wp\/v2\/pages\/4488","targetHints":{"allow":["GET"]}}],"collection":[{"href":"https:\/\/elfsight.com\/pl\/wp-json\/wp\/v2\/pages"}],"about":[{"href":"https:\/\/elfsight.com\/pl\/wp-json\/wp\/v2\/types\/page"}],"author":[{"embeddable":true,"href":"https:\/\/elfsight.com\/pl\/wp-json\/wp\/v2\/users\/9"}],"replies":[{"embeddable":true,"href":"https:\/\/elfsight.com\/pl\/wp-json\/wp\/v2\/comments?post=4488"}],"version-history":[{"count":2,"href":"https:\/\/elfsight.com\/pl\/wp-json\/wp\/v2\/pages\/4488\/revisions"}],"predecessor-version":[{"id":7691,"href":"https:\/\/elfsight.com\/pl\/wp-json\/wp\/v2\/pages\/4488\/revisions\/7691"}],"up":[{"embeddable":true,"href":"https:\/\/elfsight.com\/pl\/wp-json\/wp\/v2\/pages\/1361"}],"wp:attachment":[{"href":"https:\/\/elfsight.com\/pl\/wp-json\/wp\/v2\/media?parent=4488"}],"curies":[{"name":"wp","href":"https:\/\/api.w.org\/{rel}","templated":true}]}}