{"id":4485,"date":"2024-05-03T06:30:47","date_gmt":"2024-05-03T06:30:47","guid":{"rendered":"https:\/\/elfsight.com\/pl\/?page_id=4485"},"modified":"2024-11-14T09:45:23","modified_gmt":"2024-11-14T09:45:23","slug":"html","status":"publish","type":"page","link":"https:\/\/elfsight.com\/pl\/booking-reviews-widget\/html\/","title":{"rendered":"Booking Reviews &#8211; HTML"},"content":{"rendered":"<div class=\"application-platform-content-item-description application-platform-content-item\" id=\"description\" data-nav-section=\"description\"> <h2>Opis<\/h2> <p>Je\u015bli chcesz pochwali\u0107 si\u0119 uznaniem w\u015br\u00f3d klient\u00f3w i przekona\u0107 odwiedzaj\u0105cych witryn\u0119, \u017ce Twoje produkty lub us\u0142ugi s\u0105 warte zakupu , Elfsight Booking Reviews b\u0119dzie w\u0142a\u015bciwym wyborem. Za pomoc\u0105 tego widgetu b\u0119dziesz m\u00f3g\u0142 zaprezentowa\u0107 na swojej stronie recenzje klient\u00f3w z Bookingu wraz z informacj\u0105 o ich autorach, u\u017cy\u0107 filtr\u00f3w, aby pokaza\u0107 tylko dobre, doda\u0107 oceny oraz aktywny przycisk, kt\u00f3ry przeniesie ludzi na Twoje konto Booking, gdzie mog\u0105 doda\u0107 now\u0105 recenzj\u0119. <\/p> <div class=\"faq\" data-component=\"FAQ\"><div class=\"faq-item\">\r\n\t\t\t\t\t<div class=\"faq-item-question\">\r\n\t\t\t\t\t\t<h3 class=\"faq-item-question-text\">Gdzie mog\u0119 wstawi\u0107 Recenzje Rezerwacji<\/h3>\r\n\r\n\t\t\t\t\t\t<div class=\"faq-item-question-icon\"><\/div>\r\n\t\t\t\t\t<\/div>\r\n\r\n\t\t\t\t\t<div class=\"faq-item-answer\">\r\n\t\t\t\t\t\t<div class=\"faq-item-answer-text\"> <p>Nasz widget mo\u017cna umie\u015bci\u0107 na dowolnej stronie, na kt\u00f3rej chcesz zaprezentowa\u0107 swoj\u0105 wysok\u0105 ocen\u0119 i popularno\u015b\u0107 w\u015br\u00f3d klient\u00f3w. Je\u015bli potrzebujesz go na wszystkich stronach witryny, mo\u017cesz po prostu wklei\u0107 go do szablonu witryny. <\/p> <\/div>\r\n\t\t\t\t\t<\/div>\r\n\t\t\t\t<\/div><div class=\"faq-item\">\r\n\t\t\t\t\t<div class=\"faq-item-question\">\r\n\t\t\t\t\t\t<h3 class=\"faq-item-question-text\">Jakie korzy\u015bci odnios\u0119 z tej wtyczki?<\/h3>\r\n\r\n\t\t\t\t\t\t<div class=\"faq-item-question-icon\"><\/div>\r\n\t\t\t\t\t<\/div>\r\n\r\n\t\t\t\t\t<div class=\"faq-item-answer\">\r\n\t\t\t\t\t\t<div class=\"faq-item-answer-text\"> <p>Opinie udost\u0119pniane przez prawdziwe osoby wydaj\u0105 si\u0119 ca\u0142kowicie godne zaufania dla klient\u00f3w Twojej witryny i pokazuj\u0105 im, \u017ce Twoja firma jest niezawodna. Wysoka ocena i pozytywne recenzje mog\u0105 pom\u00f3c zwi\u0119kszy\u0107 poziom sprzeda\u017cy w Twojej witrynie. Aktywny przycisk mo\u017ce tak\u017ce przyczyni\u0107 si\u0119 do zwi\u0119kszenia liczby opinii u\u017cytkownik\u00f3w na temat Twoich us\u0142ug w Booking. <\/p> <\/div>\r\n\t\t\t\t\t<\/div>\r\n\t\t\t\t<\/div> <div class=\"faq-item\">\r\n\t\t\t\t\t<div class=\"faq-item-question\">\r\n\t\t\t\t\t\t<h3 class=\"faq-item-question-text\">Jak mog\u0119 osadzi\u0107 recenzje rezerwacji w mojej witrynie HTML?<\/h3>\r\n\r\n\t\t\t\t\t\t<div class=\"faq-item-question-icon\"><\/div>\r\n\t\t\t\t\t<\/div>\r\n\r\n\t\t\t\t\t<div class=\"faq-item-answer\">\r\n\t\t\t\t\t\t<div class=\"faq-item-answer-text\"> <p>Rozpocz\u0119cie korzystania z wid\u017cetu zajmie Ci tylko dwie minuty. Dodawanie jest naprawd\u0119 szybkie, bezp\u0142atne i nie wymaga kodowania. <\/p> <ol><li>Mo\u017cesz wklei\u0107 widget na swoj\u0105 stron\u0119 bezpo\u015brednio w naszym serwisie. Po prostu zastosuj si\u0119 do instrukcji podanych na tej stronie. <\/li> <li>Widget mo\u017cna skonfigurowa\u0107 w naszym serwisie lub za po\u015brednictwem rynku. Mo\u017cesz pozna\u0107 zalety tych wariant\u00f3w i zdecydowa\u0107, kt\u00f3ry jest Tw\u00f3j. <\/li> <\/ol> <\/div>\r\n\t\t\t\t\t<\/div>\r\n\t\t\t\t<\/div> <\/div> <\/div> <div class=\"application-platform-content-item-features application-platform-content-item\" id=\"features\" data-nav-section=\"features\"> <h2>Funkcje<\/h2> <p>Aby lepiej pozna\u0107 wid\u017cet, zobacz list\u0119 jego podstawowych cech. Dzi\u0119ki nim ten widget jest niezwykle wydajny: <\/p> <ul> <li>4 warianty uk\u0142ad\u00f3w: Lista, Siatka, Mur i Suwak; <\/li> <li>Mo\u017cliwo\u015b\u0107 kontrolowania wy\u015bwietlania nag\u0142\u00f3wka wid\u017cetu; <\/li> <li>Dwa warianty scenariuszy po odrzuceniu pro\u015bby o sprawdzenie: poka\u017c niestandardow\u0105 wiadomo\u015b\u0107 lub ukryj przycisk. <\/li> <\/ul><p><a href=\"#demo\">Odkryj pe\u0142n\u0105 list\u0119 funkcji w naszej wersji demonstracyjnej<\/a><\/p> <\/div> <div class=\"application-platform-content-item-installation application-platform-content-item\" id=\"installation\" data-nav-section=\"installation\"> <h2>Dowiedz si\u0119, jak zintegrowa\u0107 Recenzje rezerwacji ze swoj\u0105 witryn\u0105 HTML<\/h2><div class=\"video-container\"><iframe width=\"720\" height=\"405\" src=\"https:\/\/www.youtube.com\/embed\/9iCqdFLsxqA\" frameborder=\"0\" allowfullscreen=\"\"><\/iframe><\/div><p>Poni\u017csze kroki to jedyne, co musisz zrobi\u0107. <\/p> <ol><li><b>Zaprojektuj swoj\u0105 osobist\u0105 wtyczk\u0119 Recenzji Rezerwacji<\/b><br> W naszym bezp\u0142atnym konfiguratorze skonfiguruj wtyczk\u0119 z wybranym uk\u0142adem i innymi funkcjami. <\/li><li><b>Skopiuj kod osobisty, aby zintegrowa\u0107 wtyczk\u0119<\/b><br> Po ustawieniu wid\u017cetu otrzymasz unikalny kod z wy\u015bwietlonego okna aplikacji Elfsight. Skopiuj go do dalszego wykorzystania. <\/li> <li><b>Opublikuj wtyczk\u0119 na swojej stronie HTML<\/b><br> Wybierz obszar, w kt\u00f3rym chcesz zintegrowa\u0107 wtyczk\u0119 i wstaw tam zapisany kod. Zastosuj zmiany. <\/li> <li><b>Instalacja zosta\u0142a zako\u0144czona<\/b><br> Przejd\u017a do strony z wid\u017cetem, aby go wy\u015bwietli\u0107.<\/li> <\/ol><p>Nadal masz w\u0105tpliwo\u015bci lub pytania? Po prostu wy\u015blij pro\u015bb\u0119 do naszego zespo\u0142u wsparcia. Rozwi\u0105\u017cemy ka\u017cdy problem. <\/p> <\/div>","protected":false},"excerpt":{"rendered":"","protected":false},"author":9,"featured_media":0,"parent":1361,"menu_order":0,"comment_status":"closed","ping_status":"closed","template":"templates\/template-application-platform.php","meta":{"publish_to_discourse":"","publish_post_category":"","wpdc_auto_publish_overridden":"","wpdc_topic_tags":"","wpdc_pin_topic":"","wpdc_pin_until":"","discourse_post_id":"","discourse_permalink":"","wpdc_publishing_response":"","wpdc_publishing_error":"","footnotes":""},"class_list":["post-4485","page","type-page","status-publish","hentry"],"yoast_head":"<!-- This site is optimized with the Yoast SEO plugin v25.3.1 - https:\/\/yoast.com\/wordpress\/plugins\/seo\/ -->\n<title>Umie\u015b\u0107 recenzje rezerwacji na stronie HTML (szybko i \u0142atwo)<\/title>\n<meta name=\"description\" content=\"Dzi\u0119ki Elfsight mo\u017cesz szybko stworzy\u0107 wid\u017cet Recenzji rezerwacji i doda\u0107 go do swojej witryny HTML. Oferujemy bezp\u0142atn\u0105 obs\u0142ug\u0119 klienta i wi\u0119cej bonus\u00f3w.\" \/>\n<meta name=\"robots\" content=\"index, follow, max-snippet:-1, max-image-preview:large, max-video-preview:-1\" \/>\n<link rel=\"canonical\" href=\"https:\/\/elfsight.com\/pl\/booking-reviews-widget\/html\/\" \/>\n<meta property=\"og:locale\" content=\"pl_PL\" \/>\n<meta property=\"og:type\" content=\"article\" \/>\n<meta property=\"og:title\" content=\"Umie\u015b\u0107 recenzje rezerwacji na stronie HTML (szybko i \u0142atwo)\" \/>\n<meta property=\"og:description\" content=\"Dzi\u0119ki Elfsight mo\u017cesz szybko stworzy\u0107 wid\u017cet Recenzji rezerwacji i doda\u0107 go do swojej witryny HTML. Oferujemy bezp\u0142atn\u0105 obs\u0142ug\u0119 klienta i wi\u0119cej bonus\u00f3w.\" \/>\n<meta property=\"og:url\" content=\"https:\/\/elfsight.com\/pl\/booking-reviews-widget\/html\/\" \/>\n<meta property=\"og:site_name\" content=\"Elfsight PL\" \/>\n<meta property=\"article:modified_time\" content=\"2024-11-14T09:45:23+00:00\" \/>\n<meta name=\"twitter:card\" content=\"summary_large_image\" \/>\n<meta name=\"twitter:label1\" content=\"Szacowany czas czytania\" \/>\n\t<meta name=\"twitter:data1\" content=\"3 minuty\" \/>\n<!-- \/ Yoast SEO plugin. -->","yoast_head_json":{"title":"Umie\u015b\u0107 recenzje rezerwacji na stronie HTML (szybko i \u0142atwo)","description":"Dzi\u0119ki Elfsight mo\u017cesz szybko stworzy\u0107 wid\u017cet Recenzji rezerwacji i doda\u0107 go do swojej witryny HTML. Oferujemy bezp\u0142atn\u0105 obs\u0142ug\u0119 klienta i wi\u0119cej bonus\u00f3w.","robots":{"index":"index","follow":"follow","max-snippet":"max-snippet:-1","max-image-preview":"max-image-preview:large","max-video-preview":"max-video-preview:-1"},"canonical":"https:\/\/elfsight.com\/pl\/booking-reviews-widget\/html\/","og_locale":"pl_PL","og_type":"article","og_title":"Umie\u015b\u0107 recenzje rezerwacji na stronie HTML (szybko i \u0142atwo)","og_description":"Dzi\u0119ki Elfsight mo\u017cesz szybko stworzy\u0107 wid\u017cet Recenzji rezerwacji i doda\u0107 go do swojej witryny HTML. Oferujemy bezp\u0142atn\u0105 obs\u0142ug\u0119 klienta i wi\u0119cej bonus\u00f3w.","og_url":"https:\/\/elfsight.com\/pl\/booking-reviews-widget\/html\/","og_site_name":"Elfsight PL","article_modified_time":"2024-11-14T09:45:23+00:00","twitter_card":"summary_large_image","twitter_misc":{"Szacowany czas czytania":"3 minuty"},"schema":{"@context":"https:\/\/schema.org","@graph":[{"@type":"WebPage","@id":"https:\/\/elfsight.com\/pl\/booking-reviews-widget\/html\/","url":"https:\/\/elfsight.com\/pl\/booking-reviews-widget\/html\/","name":"Umie\u015b\u0107 recenzje rezerwacji na stronie HTML (szybko i \u0142atwo)","isPartOf":{"@id":"https:\/\/elfsight.com\/pl\/#website"},"datePublished":"2024-05-03T06:30:47+00:00","dateModified":"2024-11-14T09:45:23+00:00","description":"Dzi\u0119ki Elfsight mo\u017cesz szybko stworzy\u0107 wid\u017cet Recenzji rezerwacji i doda\u0107 go do swojej witryny HTML. Oferujemy bezp\u0142atn\u0105 obs\u0142ug\u0119 klienta i wi\u0119cej bonus\u00f3w.","breadcrumb":{"@id":"https:\/\/elfsight.com\/pl\/booking-reviews-widget\/html\/#breadcrumb"},"inLanguage":"pl-PL","potentialAction":[{"@type":"ReadAction","target":["https:\/\/elfsight.com\/pl\/booking-reviews-widget\/html\/"]}]},{"@type":"BreadcrumbList","@id":"https:\/\/elfsight.com\/pl\/booking-reviews-widget\/html\/#breadcrumb","itemListElement":[{"@type":"ListItem","position":1,"name":"Home","item":"https:\/\/elfsight.com\/pl\/"},{"@type":"ListItem","position":2,"name":"Booking Reviews","item":"https:\/\/elfsight.com\/pl\/booking-reviews-widget\/"},{"@type":"ListItem","position":3,"name":"Booking Reviews &#8211; HTML"}]},{"@type":"WebSite","@id":"https:\/\/elfsight.com\/pl\/#website","url":"https:\/\/elfsight.com\/pl\/","name":"Elfsight PL","description":"Just another Elfsight Sites site","potentialAction":[{"@type":"SearchAction","target":{"@type":"EntryPoint","urlTemplate":"https:\/\/elfsight.com\/pl\/?s={search_term_string}"},"query-input":{"@type":"PropertyValueSpecification","valueRequired":true,"valueName":"search_term_string"}}],"inLanguage":"pl-PL"}]}},"meta_box":{"industry":"","seo_heading":"","heading":"","description":"","cta_heading":"","cta_description":"","application":"1360","h1":"HTML Recenzje Booking.com","h1_caption":"Wy\u015bwietlaj recenzje z booking.com, aby przyci\u0105gn\u0105\u0107 wi\u0119cej go\u015bci, bez wysi\u0142ku pokazuj\u0105c pozytywne do\u015bwiadczenia poprzednich go\u015bci w swojej witrynie HTML.","application_category":[],"applications_title":"","applications_request_title":"","applications_request_button_text":"","hero_text":"","hero_video":"","hero_video_schema_markup":"","selling_points_title":"","selling_points_caption":"","selling_points":[],"selling_points_cta_text":"","features_title":"","features":"","ed_cta_examples_text":"","ed_cta_examples_hidden":"","ed_cta_demo_text":"","ed_cta_demo_hidden":"","why_caption":"","why_editor_title":"","why_editor_text":"","why_team_title":"","why_team_text":"","why_service_title":"","why_service_text":"","template_catalog_visible":"","template_catalog_title":"","template_catalog_text":"","template_catalog_categories_visible":"","demo_title":"Utw\u00f3rz wid\u017cet Recenzje rezerwacji","demo_caption":"Skonfiguruj swoje Recenzje Rezerwacji i dodaj je do swojej witryny HTML za darmo!","default_faq_hidden":"","app_template_category":[],"platform":"50","template_public_id":"","codecanyon_url":"","codecanyon_item_id":"","codecanyon_price":"","pricing_caption":"","pricing_elfsight_apps_hide_column":"","pricing_elfsight_apps_url":"","pricing_codecanyon_price_caption":"","integration_category":[],"integration_request_title":"","integration_request_cta":"","integration_platform":"","integrations":[],"platform_category":[],"video_schema_markup":"","price":"od 0 USD \/ miesi\u0105c","trial":"","benefits":[{"text":"Bezp\u0142atna pomoc w monta\u017cu"},{"text":"Profesjonalna obs\u0142uga klienta"},{"text":"14-dniowa gwarancja zwrotu pieni\u0119dzy"}],"button_url":"#demo","button_target_blank":"","button_nofollow":"","attributes":[{"name":"Instaluje"},{"name":"Czu\u0142y"},{"name":"Kompatybilne przegl\u0105darki"}],"tags":[],"tags_disable_links":"","hide_more_platforms":"","video_object":"","demo_hide_cta":"","demo_hide_cloud_options":"","pricing_title":"","pricing":[{"pricing_icon":"platform","pricing_title":"Elfsight Apps","pricing_title_caption":"Wersja niezale\u017cna od platformy, kt\u00f3ra pasuje do ka\u017cdej witryny","pricing_price":"od 0 USD \/ miesi\u0105c","pricing_price_caption":"zacznij od bezp\u0142atnego planu","pricing_benefits":[{"text":"Nielimitowane domeny"},{"text":"Szybkie wsparcie"},{"text":"Bezp\u0142atna us\u0142uga monta\u017cu"},{"text":"\u015awietna oferta na wiele aplikacji"}],"pricing_button_text":"Dodaj do witryny","pricing_button_url":"#demo"}],"related_apps_title":"","related_apps_hidden":"","author":"","image":[],"title":"","job":"","social_networks":[]},"_links":{"self":[{"href":"https:\/\/elfsight.com\/pl\/wp-json\/wp\/v2\/pages\/4485","targetHints":{"allow":["GET"]}}],"collection":[{"href":"https:\/\/elfsight.com\/pl\/wp-json\/wp\/v2\/pages"}],"about":[{"href":"https:\/\/elfsight.com\/pl\/wp-json\/wp\/v2\/types\/page"}],"author":[{"embeddable":true,"href":"https:\/\/elfsight.com\/pl\/wp-json\/wp\/v2\/users\/9"}],"replies":[{"embeddable":true,"href":"https:\/\/elfsight.com\/pl\/wp-json\/wp\/v2\/comments?post=4485"}],"version-history":[{"count":2,"href":"https:\/\/elfsight.com\/pl\/wp-json\/wp\/v2\/pages\/4485\/revisions"}],"predecessor-version":[{"id":7690,"href":"https:\/\/elfsight.com\/pl\/wp-json\/wp\/v2\/pages\/4485\/revisions\/7690"}],"up":[{"embeddable":true,"href":"https:\/\/elfsight.com\/pl\/wp-json\/wp\/v2\/pages\/1361"}],"wp:attachment":[{"href":"https:\/\/elfsight.com\/pl\/wp-json\/wp\/v2\/media?parent=4485"}],"curies":[{"name":"wp","href":"https:\/\/api.w.org\/{rel}","templated":true}]}}