{"id":448,"date":"2020-11-19T15:23:05","date_gmt":"2020-11-19T15:23:05","guid":{"rendered":"https:\/\/elfsight.com\/pl\/?page_id=448"},"modified":"2021-04-21T13:45:11","modified_gmt":"2021-04-21T13:45:11","slug":"cornerstone-plugins","status":"publish","type":"page","link":"https:\/\/elfsight.com\/pl\/cornerstone-plugins\/","title":{"rendered":"Cornerstone plugins"},"content":{"rendered":"\n<h2>Najbardziej optymalne widgety Elfsight dla udoskonalenia twojej strony www Cornerstone<\/h2>\n\n<p>Przez 9 lat nasz zesp\u00f3\u0142 ekspert\u00f3w Elfsight tworzy korzystne i uniwersalne pluginy chmurowe dla Twojej witryny. Gwarantujemy wsparcie premium oraz szybkie \u0142adowanie. Rozszerzenia Elfsight s\u0142u\u017c\u0105 w\u0142a\u015bcicielom stron internetowych, niekomercyjnych oraz innym z ca\u0142ego \u015bwiata sprosta\u0107 kluczowymi zadaniami efektywniej. \n<\/p>\n\n<p>Aby podnie\u015b\u0107 sprzeda\u017c, przedstawi\u0107 pozytywny feedback na Twoje us\u0142ugi, zwi\u0119kszy\u0107 zaufanie do swojej marki, przez dodanie wid\u017cetu do Pa\u0144stwa serwisu www. Nasze plany abonamentowe s\u0105 w zakresie od bezp\u0142atnych do premium. Szybko w\u0142\u0105czy\u0107 dowolnie wybrane pluginy u\u017cywaj\u0105c naszej demonstracji i przekonaj si\u0119 jak bardzo to b\u0119dzie istotne w kwestii rozwoju witryny Twojego biznesu. <\/p>\n\n<h2>Dlaczego nasze widgety Cornerstone s\u0105 najlepszymi narz\u0119dziami dla Ciebie? <\/h2>\n\n<p> Oto list\u0119 istotnych charakterystyk naszych wid\u017cet\u00f3w, kt\u00f3re pomagaj\u0105 nam by\u0107 lepszymi, ni\u017c nasi konkurenci: <\/p>\n\n\n<ul>\n<li> Bezp\u0142atna i sprawna obs\u0142uga przy dodaniu lub dostosowywanie rozszerze\u0144; <\/li>\n<li> W pe\u0142ni responsywne do wszystkich rozdzielczo\u015bci witryn internetowych i przyjazne dla urz\u0105dze\u0144 mobilnych; <\/li>\n<li> Nie musicie mie\u0107 \u015brodk\u00f3w programowania lub umiej\u0119tno\u015bci; <\/li>\n<li> Bogata gama mo\u017cliwo\u015bci personalizacji; <\/li>\n<li> Przechowywanie danych chmurze pomagaj\u0105 zwi\u0119kszy\u0107 szybko\u015b\u0107 wczytywania serwisu; <\/li>\n<li> Wszystkie przysz\u0142e poprawki s\u0105 bezp\u0142atne i systematyczne; <\/li>\n<li> Uczciwe ceny; <\/li>\n<li> Profesjonalna pomoc z problemami klient\u00f3w. <\/li>\n<\/ul>\n\n<p> Sprawd\u017a bezp\u0142atne opcje naszych plugin\u00f3w i wykorzystaj jej potencja\u0142 lub zainstaluj dowolne wymagane aplikacje z 20% zni\u017ck\u0105. <\/p>\n\n\n<h2> Jak w\u0142\u0105czy\u0107 Twoje wid\u017cety Elfsight na Twojej stronie Web Cornerstone <\/h2>\n\n<p> Mo\u017cesz osadzi\u0107 dodatki, wykonuj\u0105c poni\u017csze etapy z prostej instrukcji: <\/p>\n\n\n<ol>\n<li> Wybierz wymagany wid\u017cet; <\/li>\n<li> Zmodyfikuj wa\u017cne zmiany; <\/li>\n<li> Nie zapomnij zapisa\u0107 zmiany; <\/li>\n<li> Otrzymaj wygenerowany kod; <\/li>\n<li> Zainstaluj go w wymaganym miejscu Twojej strony lub szablonu; <\/li>\n<li> Sko\u0144czone! Z powodzeniem doda\u0142e\u015b wid\u017cet. <\/li>\n<\/ol>\n\n<p> Je\u015bli b\u0119dziesz potrzebowa\u0142 pomocy, nie wahaj si\u0119 poinformowa\u0107 o tym zespo\u0142 wspieraj\u0105cy Elfsight. <\/p>\n","protected":false},"excerpt":{"rendered":"Najbardziej optymalne widgety Elfsight dla udoskonalenia twojej strony www Cornerstone Przez 9 lat nasz zesp\u00f3\u0142 ekspert\u00f3w Elfsight tworzy korzystne i uniwersalne pluginy chmurowe dla Twojej witryny. Gwarantujemy wsparcie premium oraz szybkie \u0142adowanie. Rozszerzenia Elfsight s\u0142u\u017c\u0105 w\u0142a\u015bcicielom stron internetowych, niekomercyjnych oraz innym z ca\u0142ego \u015bwiata sprosta\u0107 kluczowymi zadaniami efektywniej. Aby podnie\u015b\u0107&#8230;","protected":false},"author":13,"featured_media":0,"parent":0,"menu_order":0,"comment_status":"closed","ping_status":"closed","template":"templates\/template-platform.php","meta":{"publish_to_discourse":"","publish_post_category":"","wpdc_auto_publish_overridden":"","wpdc_topic_tags":"","wpdc_pin_topic":"","wpdc_pin_until":"","discourse_post_id":"","discourse_permalink":"","wpdc_publishing_response":"","wpdc_publishing_error":"","footnotes":""},"class_list":["post-448","page","type-page","status-publish","hentry"],"yoast_head":"<!-- This site is optimized with the Yoast SEO plugin v25.3.1 - https:\/\/yoast.com\/wordpress\/plugins\/seo\/ -->\n<title>Ponad 80 darmowych Cornerstone plugin\u00f3w dla strony internetowej<\/title>\n<meta name=\"description\" content=\"Kolekcja wypr\u00f3bowanych plugin\u00f3w dla twojej witryny internetowej Cornerstone. Pom\u00f3c w dostosowywanie i szeroka funkcjonalno\u015b\u0107.\" \/>\n<meta name=\"robots\" content=\"index, follow, max-snippet:-1, max-image-preview:large, max-video-preview:-1\" \/>\n<link rel=\"canonical\" href=\"https:\/\/elfsight.com\/pl\/cornerstone-plugins\/\" \/>\n<meta property=\"og:locale\" content=\"pl_PL\" \/>\n<meta property=\"og:type\" content=\"article\" \/>\n<meta property=\"og:title\" content=\"Ponad 80 darmowych Cornerstone plugin\u00f3w dla strony internetowej\" \/>\n<meta property=\"og:description\" content=\"Kolekcja wypr\u00f3bowanych plugin\u00f3w dla twojej witryny internetowej Cornerstone. Pom\u00f3c w dostosowywanie i szeroka funkcjonalno\u015b\u0107.\" \/>\n<meta property=\"og:url\" content=\"https:\/\/elfsight.com\/pl\/cornerstone-plugins\/\" \/>\n<meta property=\"og:site_name\" content=\"Elfsight PL\" \/>\n<meta property=\"article:modified_time\" content=\"2021-04-21T13:45:11+00:00\" \/>\n<meta name=\"twitter:card\" content=\"summary_large_image\" \/>\n<meta name=\"twitter:label1\" content=\"Szacowany czas czytania\" \/>\n\t<meta name=\"twitter:data1\" content=\"2 minuty\" \/>\n<!-- \/ Yoast SEO plugin. -->","yoast_head_json":{"title":"Ponad 80 darmowych Cornerstone plugin\u00f3w dla strony internetowej","description":"Kolekcja wypr\u00f3bowanych plugin\u00f3w dla twojej witryny internetowej Cornerstone. Pom\u00f3c w dostosowywanie i szeroka funkcjonalno\u015b\u0107.","robots":{"index":"index","follow":"follow","max-snippet":"max-snippet:-1","max-image-preview":"max-image-preview:large","max-video-preview":"max-video-preview:-1"},"canonical":"https:\/\/elfsight.com\/pl\/cornerstone-plugins\/","og_locale":"pl_PL","og_type":"article","og_title":"Ponad 80 darmowych Cornerstone plugin\u00f3w dla strony internetowej","og_description":"Kolekcja wypr\u00f3bowanych plugin\u00f3w dla twojej witryny internetowej Cornerstone. Pom\u00f3c w dostosowywanie i szeroka funkcjonalno\u015b\u0107.","og_url":"https:\/\/elfsight.com\/pl\/cornerstone-plugins\/","og_site_name":"Elfsight PL","article_modified_time":"2021-04-21T13:45:11+00:00","twitter_card":"summary_large_image","twitter_misc":{"Szacowany czas czytania":"2 minuty"},"schema":{"@context":"https:\/\/schema.org","@graph":[{"@type":"WebPage","@id":"https:\/\/elfsight.com\/pl\/cornerstone-plugins\/","url":"https:\/\/elfsight.com\/pl\/cornerstone-plugins\/","name":"Ponad 80 darmowych Cornerstone plugin\u00f3w dla strony internetowej","isPartOf":{"@id":"https:\/\/elfsight.com\/pl\/#website"},"datePublished":"2020-11-19T15:23:05+00:00","dateModified":"2021-04-21T13:45:11+00:00","description":"Kolekcja wypr\u00f3bowanych plugin\u00f3w dla twojej witryny internetowej Cornerstone. Pom\u00f3c w dostosowywanie i szeroka funkcjonalno\u015b\u0107.","breadcrumb":{"@id":"https:\/\/elfsight.com\/pl\/cornerstone-plugins\/#breadcrumb"},"inLanguage":"pl-PL","potentialAction":[{"@type":"ReadAction","target":["https:\/\/elfsight.com\/pl\/cornerstone-plugins\/"]}]},{"@type":"BreadcrumbList","@id":"https:\/\/elfsight.com\/pl\/cornerstone-plugins\/#breadcrumb","itemListElement":[{"@type":"ListItem","position":1,"name":"Home","item":"https:\/\/elfsight.com\/pl\/"},{"@type":"ListItem","position":2,"name":"Cornerstone plugins"}]},{"@type":"WebSite","@id":"https:\/\/elfsight.com\/pl\/#website","url":"https:\/\/elfsight.com\/pl\/","name":"Elfsight PL","description":"Just another Elfsight Sites site","potentialAction":[{"@type":"SearchAction","target":{"@type":"EntryPoint","urlTemplate":"https:\/\/elfsight.com\/pl\/?s={search_term_string}"},"query-input":{"@type":"PropertyValueSpecification","valueRequired":true,"valueName":"search_term_string"}}],"inLanguage":"pl-PL"}]}},"meta_box":{"industry":"","seo_heading":"","heading":"","description":"","cta_heading":"","cta_description":"","application":"","h1":"Najlepsze pluginy Cornerstone","h1_caption":"Darmowy katalog gotowych do u\u017cycia plugin\u00f3w pierwszej klasy z szerok\u0105 gam\u0105 funkcjonalno\u015bci dla zwi\u0119kszenia aktywno\u015bci u\u017cytkownika oraz wype\u0142nienia wszystkich podstawowych zada\u0144 marketingowych. Prosta implementacja, bogata oferta opcji personalizacji oraz szybka obs\u0142uga klienta.","application_category":[],"applications_title":"Poznaj najodpowiedniejsze pluginy dla twojej witryny internetowej w\u015br\u00f3d wszystkich wtyczek darmowych w edytorze internetowym","applications_request_title":"Nie mo\u017cesz znale\u017a\u0107 odpowiedniego plugina?","applications_request_button_text":"Zam\u00f3w plugin","hero_text":"","hero_video":"","hero_video_schema_markup":"","selling_points_title":"","selling_points_caption":"","selling_points":[],"selling_points_cta_text":"","features_title":"","features":"","ed_cta_examples_text":"","ed_cta_examples_hidden":"","ed_cta_demo_text":"","ed_cta_demo_hidden":"","why_caption":"","why_editor_title":"","why_editor_text":"","why_team_title":"","why_team_text":"","why_service_title":"","why_service_text":"","template_catalog_visible":"","template_catalog_title":"","template_catalog_text":"","template_catalog_categories_visible":"","demo_title":"","demo_caption":"","default_faq_hidden":"","app_template_category":[],"platform":"445","template_public_id":"","codecanyon_url":"","codecanyon_item_id":"","codecanyon_price":"","pricing_caption":"","pricing_elfsight_apps_hide_column":"","pricing_elfsight_apps_url":"","pricing_codecanyon_price_caption":"","integration_category":[],"integration_request_title":"","integration_request_cta":"","integration_platform":"","integrations":[],"platform_category":[],"video_schema_markup":"","price":"","trial":"","benefits":[],"button_url":"","button_target_blank":"","button_nofollow":"","attributes":[],"tags":[],"tags_disable_links":"","hide_more_platforms":"","video_object":"","demo_hide_cta":"","demo_hide_cloud_options":"","pricing_title":"","pricing":[],"related_apps_title":"","related_apps_hidden":"","author":"","image":[],"title":"","job":"","social_networks":[]},"_links":{"self":[{"href":"https:\/\/elfsight.com\/pl\/wp-json\/wp\/v2\/pages\/448","targetHints":{"allow":["GET"]}}],"collection":[{"href":"https:\/\/elfsight.com\/pl\/wp-json\/wp\/v2\/pages"}],"about":[{"href":"https:\/\/elfsight.com\/pl\/wp-json\/wp\/v2\/types\/page"}],"author":[{"embeddable":true,"href":"https:\/\/elfsight.com\/pl\/wp-json\/wp\/v2\/users\/13"}],"replies":[{"embeddable":true,"href":"https:\/\/elfsight.com\/pl\/wp-json\/wp\/v2\/comments?post=448"}],"version-history":[{"count":3,"href":"https:\/\/elfsight.com\/pl\/wp-json\/wp\/v2\/pages\/448\/revisions"}],"predecessor-version":[{"id":451,"href":"https:\/\/elfsight.com\/pl\/wp-json\/wp\/v2\/pages\/448\/revisions\/451"}],"wp:attachment":[{"href":"https:\/\/elfsight.com\/pl\/wp-json\/wp\/v2\/media?parent=448"}],"curies":[{"name":"wp","href":"https:\/\/api.w.org\/{rel}","templated":true}]}}